{"id":43990,"date":"2017-01-18T18:35:12","date_gmt":"2017-01-18T16:35:12","guid":{"rendered":"https:\/\/travecademy.be\/videos-3\/"},"modified":"2024-02-13T10:24:02","modified_gmt":"2024-02-13T08:24:02","slug":"videos-3","status":"publish","type":"page","link":"https:\/\/travecademy.be\/fr\/videos-3\/","title":{"rendered":"Vid\u00e9os"},"content":{"rendered":"<p><strong>D\u00e9couvrez l\u2019histoire ancienne et les tr\u00e9sors culturels qui pars\u00e8ment la p\u00e9ninsule arabique. Vous avez le choix entre plus de 600 ch\u00e2teaux, forts, villes abandonn\u00e9es et vestiges fascinants. Le paysage du sultanat vous surprendra \u00e0 chaque fois : des montagnes aux sommets d\u00e9chiquet\u00e9s aux oasis fertiles avec des palmiers et des lacs.<\/strong><\/p>\n<p>Regardez les vid\u00e9os suivantes d\u2019Oman pour vous faire une bonne id\u00e9e de ce magnifique sultanat.\u00a0<\/p>\n<p><strong>Oman, l\u2019essentiel de votre voyage<\/strong><\/p>\n<div class=\"media_embed\" height=\"315px\" width=\"560px\"><iframe allow=\"accelerometer; autoplay; clipboard-write; encrypted-media; gyroscope; picture-in-picture\" allowfullscreen=\"\" frameborder=\"0\" height=\"315px\" src=\"https:\/\/www.youtube.com\/embed\/l7W25sRSqVk\" title=\"Lecteur vid\u00e9o YouTube\" width=\"560px\"><\/iframe><\/div>\n<p><strong>Oman \u00e0 travers vos yeux<\/strong><\/p>\n<div class=\"media_embed\" height=\"315px\" width=\"560px\"><iframe allow=\"accelerometer; autoplay; clipboard-write; encrypted-media; gyroscope; picture-in-picture\" allowfullscreen=\"\" frameborder=\"0\" height=\"315px\" src=\"https:\/\/www.youtube.com\/embed\/ItWErGj2UDU\" title=\"Lecteur vid\u00e9o YouTube\" width=\"560px\"><\/iframe><\/div>\n<p><strong>Experience Oman |\u00a0 #StaySafe, Stay Healthy and Never Stop Dreaming (Restez en s\u00e9curit\u00e9, restez en bonne sant\u00e9 et n\u2019arr\u00eatez jamais de r\u00eaver)<\/strong><\/p>\n<div class=\"media_embed\" height=\"315px\" width=\"560px\"><iframe allow=\"accelerometer; autoplay; clipboard-write; encrypted-media; gyroscope; picture-in-picture\" allowfullscreen=\"\" frameborder=\"0\" height=\"315px\" src=\"https:\/\/www.youtube.com\/embed\/-Pik3ijLRVc\" title=\"Lecteur vid\u00e9o YouTube\" width=\"560px\"><\/iframe><\/div>\n","protected":false},"excerpt":{"rendered":"<p>D\u00e9couvrez l\u2019histoire ancienne et les tr\u00e9sors culturels qui pars\u00e8ment la p\u00e9ninsule arabique. Vous avez le choix entre plus de 600 ch\u00e2teaux, forts, villes abandonn\u00e9es et\u2026<\/p>\n","protected":false},"author":1,"featured_media":34740,"parent":0,"menu_order":0,"comment_status":"closed","ping_status":"closed","template":"","meta":{"_acf_changed":false,"_price":"","_stock":"","_tribe_ticket_header":"","_tribe_default_ticket_provider":"","_tribe_ticket_capacity":"0","_ticket_start_date":"","_ticket_end_date":"","_tribe_ticket_show_description":"","_tribe_ticket_show_not_going":false,"_tribe_ticket_use_global_stock":"","_tribe_ticket_global_stock_level":"","_global_stock_mode":"","_global_stock_cap":"","_tribe_rsvp_for_event":"","_tribe_ticket_going_count":"","_tribe_ticket_not_going_count":"","_tribe_tickets_list":"[]","_tribe_ticket_has_attendee_info_fields":false,"footnotes":"","_tec_slr_enabled":"","_tec_slr_layout":""},"tags":[],"ecademys":[499],"class_list":["post-43990","page","type-page","status-publish","has-post-thumbnail","hentry","ecademys-oman-fr"],"acf":[],"yoast_head":"<!-- This site is optimized with the Yoast SEO Premium plugin v27.4 (Yoast SEO v27.5) - https:\/\/yoast.com\/product\/yoast-seo-premium-wordpress\/ -->\n<title>Vid\u00e9os - TravEcademy<\/title>\n<meta name=\"robots\" content=\"index, follow, max-snippet:-1, max-image-preview:large, max-video-preview:-1\" \/>\n<link rel=\"canonical\" href=\"https:\/\/travecademy.be\/fr\/videos-3\/\" class=\"yoast-seo-meta-tag\" \/>\n<meta property=\"og:locale\" content=\"fr_FR\" class=\"yoast-seo-meta-tag\" \/>\n<meta property=\"og:type\" content=\"article\" class=\"yoast-seo-meta-tag\" \/>\n<meta property=\"og:title\" content=\"Vid\u00e9os\" class=\"yoast-seo-meta-tag\" \/>\n<meta property=\"og:description\" content=\"D\u00e9couvrez l\u2019histoire ancienne et les tr\u00e9sors culturels qui pars\u00e8ment la p\u00e9ninsule arabique. Vous avez le choix entre plus de 600 ch\u00e2teaux, forts, villes abandonn\u00e9es et\u2026\" class=\"yoast-seo-meta-tag\" \/>\n<meta property=\"og:url\" content=\"https:\/\/travecademy.be\/fr\/videos-3\/\" class=\"yoast-seo-meta-tag\" \/>\n<meta property=\"og:site_name\" content=\"TravEcademy\" class=\"yoast-seo-meta-tag\" \/>\n<meta property=\"article:modified_time\" content=\"2024-02-13T08:24:02+00:00\" class=\"yoast-seo-meta-tag\" \/>\n<meta property=\"og:image\" content=\"https:\/\/travecademy.be\/wp-content\/uploads\/2022\/06\/Majmar-in-Muttrah-Souq_-Muscat-\u00a9-Ministry-of-Heritage-_-Tourism-Sultanate-of-Oman.jpg\" class=\"yoast-seo-meta-tag\" \/>\n\t<meta property=\"og:image:width\" content=\"622\" class=\"yoast-seo-meta-tag\" \/>\n\t<meta property=\"og:image:height\" content=\"415\" class=\"yoast-seo-meta-tag\" \/>\n\t<meta property=\"og:image:type\" content=\"image\/jpeg\" class=\"yoast-seo-meta-tag\" \/>\n<meta name=\"twitter:card\" content=\"summary_large_image\" class=\"yoast-seo-meta-tag\" \/>\n<meta name=\"twitter:label1\" content=\"Dur\u00e9e de lecture estim\u00e9e\" class=\"yoast-seo-meta-tag\" \/>\n\t<meta name=\"twitter:data1\" content=\"1 minute\" class=\"yoast-seo-meta-tag\" \/>\n<script type=\"application\/ld+json\" class=\"yoast-schema-graph\">{\"@context\":\"https:\\\/\\\/schema.org\",\"@graph\":[{\"@type\":\"WebPage\",\"@id\":\"https:\\\/\\\/travecademy.be\\\/fr\\\/videos-3\\\/\",\"url\":\"https:\\\/\\\/travecademy.be\\\/fr\\\/videos-3\\\/\",\"name\":\"Vid\u00e9os - TravEcademy\",\"isPartOf\":{\"@id\":\"https:\\\/\\\/travecademy.be\\\/fr\\\/#website\"},\"primaryImageOfPage\":{\"@id\":\"https:\\\/\\\/travecademy.be\\\/fr\\\/videos-3\\\/#primaryimage\"},\"image\":{\"@id\":\"https:\\\/\\\/travecademy.be\\\/fr\\\/videos-3\\\/#primaryimage\"},\"thumbnailUrl\":\"https:\\\/\\\/travecademy.be\\\/wp-content\\\/uploads\\\/2022\\\/06\\\/Majmar-in-Muttrah-Souq_-Muscat-\u00a9-Ministry-of-Heritage-_-Tourism-Sultanate-of-Oman.jpg\",\"datePublished\":\"2017-01-18T16:35:12+00:00\",\"dateModified\":\"2024-02-13T08:24:02+00:00\",\"breadcrumb\":{\"@id\":\"https:\\\/\\\/travecademy.be\\\/fr\\\/videos-3\\\/#breadcrumb\"},\"inLanguage\":\"fr-FR\",\"potentialAction\":[{\"@type\":\"ReadAction\",\"target\":[\"https:\\\/\\\/travecademy.be\\\/fr\\\/videos-3\\\/\"]}]},{\"@type\":\"ImageObject\",\"inLanguage\":\"fr-FR\",\"@id\":\"https:\\\/\\\/travecademy.be\\\/fr\\\/videos-3\\\/#primaryimage\",\"url\":\"https:\\\/\\\/travecademy.be\\\/wp-content\\\/uploads\\\/2022\\\/06\\\/Majmar-in-Muttrah-Souq_-Muscat-\u00a9-Ministry-of-Heritage-_-Tourism-Sultanate-of-Oman.jpg\",\"contentUrl\":\"https:\\\/\\\/travecademy.be\\\/wp-content\\\/uploads\\\/2022\\\/06\\\/Majmar-in-Muttrah-Souq_-Muscat-\u00a9-Ministry-of-Heritage-_-Tourism-Sultanate-of-Oman.jpg\",\"width\":622,\"height\":415},{\"@type\":\"BreadcrumbList\",\"@id\":\"https:\\\/\\\/travecademy.be\\\/fr\\\/videos-3\\\/#breadcrumb\",\"itemListElement\":[{\"@type\":\"ListItem\",\"position\":1,\"name\":\"Home\",\"item\":\"https:\\\/\\\/travecademy.be\\\/fr\\\/\"},{\"@type\":\"ListItem\",\"position\":2,\"name\":\"Vid\u00e9os\"}]},{\"@type\":\"WebSite\",\"@id\":\"https:\\\/\\\/travecademy.be\\\/fr\\\/#website\",\"url\":\"https:\\\/\\\/travecademy.be\\\/fr\\\/\",\"name\":\"TravEcademy\",\"description\":\"Het meest succesvolle en gratis e-learning platform voor reisprofessionals\",\"publisher\":{\"@id\":\"https:\\\/\\\/travecademy.be\\\/fr\\\/#organization\"},\"potentialAction\":[{\"@type\":\"SearchAction\",\"target\":{\"@type\":\"EntryPoint\",\"urlTemplate\":\"https:\\\/\\\/travecademy.be\\\/fr\\\/?s={search_term_string}\"},\"query-input\":{\"@type\":\"PropertyValueSpecification\",\"valueRequired\":true,\"valueName\":\"search_term_string\"}}],\"inLanguage\":\"fr-FR\"},{\"@type\":\"Organization\",\"@id\":\"https:\\\/\\\/travecademy.be\\\/fr\\\/#organization\",\"name\":\"TravEcademy\",\"url\":\"https:\\\/\\\/travecademy.be\\\/fr\\\/\",\"logo\":{\"@type\":\"ImageObject\",\"inLanguage\":\"fr-FR\",\"@id\":\"https:\\\/\\\/travecademy.be\\\/fr\\\/#\\\/schema\\\/logo\\\/image\\\/\",\"url\":\"https:\\\/\\\/travecademy.be\\\/wp-content\\\/uploads\\\/2024\\\/04\\\/Travecademy.png\",\"contentUrl\":\"https:\\\/\\\/travecademy.be\\\/wp-content\\\/uploads\\\/2024\\\/04\\\/Travecademy.png\",\"width\":1263,\"height\":313,\"caption\":\"TravEcademy\"},\"image\":{\"@id\":\"https:\\\/\\\/travecademy.be\\\/fr\\\/#\\\/schema\\\/logo\\\/image\\\/\"}}]}<\/script>\n<!-- \/ Yoast SEO Premium plugin. -->","yoast_head_json":{"title":"Vid\u00e9os - TravEcademy","robots":{"index":"index","follow":"follow","max-snippet":"max-snippet:-1","max-image-preview":"max-image-preview:large","max-video-preview":"max-video-preview:-1"},"canonical":"https:\/\/travecademy.be\/fr\/videos-3\/","og_locale":"fr_FR","og_type":"article","og_title":"Vid\u00e9os","og_description":"D\u00e9couvrez l\u2019histoire ancienne et les tr\u00e9sors culturels qui pars\u00e8ment la p\u00e9ninsule arabique. Vous avez le choix entre plus de 600 ch\u00e2teaux, forts, villes abandonn\u00e9es et\u2026","og_url":"https:\/\/travecademy.be\/fr\/videos-3\/","og_site_name":"TravEcademy","article_modified_time":"2024-02-13T08:24:02+00:00","og_image":[{"width":622,"height":415,"url":"https:\/\/travecademy.be\/wp-content\/uploads\/2022\/06\/Majmar-in-Muttrah-Souq_-Muscat-\u00a9-Ministry-of-Heritage-_-Tourism-Sultanate-of-Oman.jpg","type":"image\/jpeg"}],"twitter_card":"summary_large_image","twitter_misc":{"Dur\u00e9e de lecture estim\u00e9e":"1 minute"},"schema":{"@context":"https:\/\/schema.org","@graph":[{"@type":"WebPage","@id":"https:\/\/travecademy.be\/fr\/videos-3\/","url":"https:\/\/travecademy.be\/fr\/videos-3\/","name":"Vid\u00e9os - TravEcademy","isPartOf":{"@id":"https:\/\/travecademy.be\/fr\/#website"},"primaryImageOfPage":{"@id":"https:\/\/travecademy.be\/fr\/videos-3\/#primaryimage"},"image":{"@id":"https:\/\/travecademy.be\/fr\/videos-3\/#primaryimage"},"thumbnailUrl":"https:\/\/travecademy.be\/wp-content\/uploads\/2022\/06\/Majmar-in-Muttrah-Souq_-Muscat-\u00a9-Ministry-of-Heritage-_-Tourism-Sultanate-of-Oman.jpg","datePublished":"2017-01-18T16:35:12+00:00","dateModified":"2024-02-13T08:24:02+00:00","breadcrumb":{"@id":"https:\/\/travecademy.be\/fr\/videos-3\/#breadcrumb"},"inLanguage":"fr-FR","potentialAction":[{"@type":"ReadAction","target":["https:\/\/travecademy.be\/fr\/videos-3\/"]}]},{"@type":"ImageObject","inLanguage":"fr-FR","@id":"https:\/\/travecademy.be\/fr\/videos-3\/#primaryimage","url":"https:\/\/travecademy.be\/wp-content\/uploads\/2022\/06\/Majmar-in-Muttrah-Souq_-Muscat-\u00a9-Ministry-of-Heritage-_-Tourism-Sultanate-of-Oman.jpg","contentUrl":"https:\/\/travecademy.be\/wp-content\/uploads\/2022\/06\/Majmar-in-Muttrah-Souq_-Muscat-\u00a9-Ministry-of-Heritage-_-Tourism-Sultanate-of-Oman.jpg","width":622,"height":415},{"@type":"BreadcrumbList","@id":"https:\/\/travecademy.be\/fr\/videos-3\/#breadcrumb","itemListElement":[{"@type":"ListItem","position":1,"name":"Home","item":"https:\/\/travecademy.be\/fr\/"},{"@type":"ListItem","position":2,"name":"Vid\u00e9os"}]},{"@type":"WebSite","@id":"https:\/\/travecademy.be\/fr\/#website","url":"https:\/\/travecademy.be\/fr\/","name":"TravEcademy","description":"Het meest succesvolle en gratis e-learning platform voor reisprofessionals","publisher":{"@id":"https:\/\/travecademy.be\/fr\/#organization"},"potentialAction":[{"@type":"SearchAction","target":{"@type":"EntryPoint","urlTemplate":"https:\/\/travecademy.be\/fr\/?s={search_term_string}"},"query-input":{"@type":"PropertyValueSpecification","valueRequired":true,"valueName":"search_term_string"}}],"inLanguage":"fr-FR"},{"@type":"Organization","@id":"https:\/\/travecademy.be\/fr\/#organization","name":"TravEcademy","url":"https:\/\/travecademy.be\/fr\/","logo":{"@type":"ImageObject","inLanguage":"fr-FR","@id":"https:\/\/travecademy.be\/fr\/#\/schema\/logo\/image\/","url":"https:\/\/travecademy.be\/wp-content\/uploads\/2024\/04\/Travecademy.png","contentUrl":"https:\/\/travecademy.be\/wp-content\/uploads\/2024\/04\/Travecademy.png","width":1263,"height":313,"caption":"TravEcademy"},"image":{"@id":"https:\/\/travecademy.be\/fr\/#\/schema\/logo\/image\/"}}]}},"publishpress_future_action":{"enabled":false,"date":"2026-05-06 15:11:52","action":"change-status","newStatus":"draft","terms":[],"taxonomy":"ecademys","extraData":[]},"publishpress_future_workflow_manual_trigger":{"enabledWorkflows":[]},"ticketed":false,"_links":{"self":[{"href":"https:\/\/travecademy.be\/fr\/wp-json\/wp\/v2\/pages\/43990","targetHints":{"allow":["GET"]}}],"collection":[{"href":"https:\/\/travecademy.be\/fr\/wp-json\/wp\/v2\/pages"}],"about":[{"href":"https:\/\/travecademy.be\/fr\/wp-json\/wp\/v2\/types\/page"}],"author":[{"embeddable":true,"href":"https:\/\/travecademy.be\/fr\/wp-json\/wp\/v2\/users\/1"}],"replies":[{"embeddable":true,"href":"https:\/\/travecademy.be\/fr\/wp-json\/wp\/v2\/comments?post=43990"}],"version-history":[{"count":1,"href":"https:\/\/travecademy.be\/fr\/wp-json\/wp\/v2\/pages\/43990\/revisions"}],"predecessor-version":[{"id":43993,"href":"https:\/\/travecademy.be\/fr\/wp-json\/wp\/v2\/pages\/43990\/revisions\/43993"}],"wp:featuredmedia":[{"embeddable":true,"href":"https:\/\/travecademy.be\/fr\/wp-json\/wp\/v2\/media\/34740"}],"wp:attachment":[{"href":"https:\/\/travecademy.be\/fr\/wp-json\/wp\/v2\/media?parent=43990"}],"wp:term":[{"taxonomy":"post_tag","embeddable":true,"href":"https:\/\/travecademy.be\/fr\/wp-json\/wp\/v2\/tags?post=43990"},{"taxonomy":"ecademys","embeddable":true,"href":"https:\/\/travecademy.be\/fr\/wp-json\/wp\/v2\/ecademys?post=43990"}],"curies":[{"name":"wp","href":"https:\/\/api.w.org\/{rel}","templated":true}]}}