{"id":43994,"date":"2017-01-19T15:19:55","date_gmt":"2017-01-19T13:19:55","guid":{"rendered":"https:\/\/travecademy.be\/nouvelle-structure-tarifaire-de-klm\/"},"modified":"2024-02-13T10:24:03","modified_gmt":"2024-02-13T08:24:03","slug":"nouvelle-structure-tarifaire-de-klm","status":"publish","type":"page","link":"https:\/\/travecademy.be\/fr\/nouvelle-structure-tarifaire-de-klm\/","title":{"rendered":"Nouvelle structure tarifaire de KLM"},"content":{"rendered":"<p><strong>En mai 2016, KLM a introduit une nouvelle structure tarifaire pour les voyages en classe \u00e9conomique en Europe. La nouvelle structure offre un plus large \u00e9ventail de tarifs et vous permet d\u2019adapter encore mieux le voyage de votre client \u00e0 ses besoins personnels. Certains ajustements sont en train d\u2019\u00eatre apport\u00e9s \u00e0 cette structure tarifaire.<\/strong><\/p>\n<p><strong>Voici les principaux changements<\/strong><\/p>\n<p>BASIC, PLUS et FLEX s\u2019appelleront LIGHT, STANDARD et FLEX \u00e0 partir du 7 d\u00e9cembre 2016.<br \/>\nFLEX sera \u00e9tendu avec des services suppl\u00e9mentaires. Le suppl\u00e9ment pour cette option sera de 139 euros (contre 99 euros auparavant).<br \/>\nD\u00e9sormais, tous les billets FLEX, quelle que soit la classe de r\u00e9servation, donnent droit \u00e0 SkyPriority et peuvent \u00eatre modifi\u00e9s ou annul\u00e9s gratuitement avant le d\u00e9part.<\/p>\n<p><strong>Il n\u2019y a pas de changement<\/strong><\/p>\n<p>Les options de billets LIGHT, STANDARD et FLEX sont disponibles dans toutes les classes de r\u00e9servation. Vous pouvez lire ici les services et les conditions qui sont inclus dans les diff\u00e9rentes options de billets et que votre client peut choisir.<br \/>\nEn outre, votre client a toujours la possibilit\u00e9, avec vous, de composer lui-m\u00eame son billet en achetant des services suppl\u00e9mentaires. Par exemple, LIGHT + un bagage enregistr\u00e9 suppl\u00e9mentaire ou STANDARD + Economy Comfort.\u00a0<br \/>\nCette op\u00e9ration peut \u00eatre effectu\u00e9e imm\u00e9diatement apr\u00e8s la r\u00e9servation ou ult\u00e9rieurement.<br \/>\nLes boissons et les repas ou collations \u00e0 bord de nos vols restent inclus.<\/p>\n<p><strong>Bon \u00e0 savoir<\/strong><\/p>\n<p>LIGHT, STANDARD et FLEX s\u2019appliquent \u00e9galement aux vols europ\u00e9ens d\u2019Air France. D\u00e9sormais, il n\u2019y a qu\u2019une seule structure tarifaire pour KLM et Air France.<br \/>\nLa base tarifaire de certains tarifs sera ajust\u00e9e et les tarifs STANDARD seront \u201cpubli\u00e9s\u201d.<br \/>\nLe mode de citation reste inchang\u00e9<br \/>\nVotre SIR sera mis \u00e0 jour le 7 d\u00e9cembre 2016<br \/>\nLes billets \u00e9mis avant le 7 d\u00e9cembre 2016 b\u00e9n\u00e9ficient toujours des tarifs et conditions en vigueur.<\/p>\n<hr>\n<p>LIGHT, STANDARD et FLEX en un coup d\u2019\u0153il<\/p>\n<p>LIGHT<br \/>\nBagages \u00e0 main uniquement, mais des bagages de soute peuvent \u00eatre achet\u00e9s en suppl\u00e9ment.<br \/>\nModification autoris\u00e9e moyennant le paiement de 70 euros<br \/>\nSTANDARD (LUMI\u00c8RE + \u20ac 50)<br \/>\nUn bagage enregistr\u00e9 de 23 kg<br \/>\nModification autoris\u00e9e moyennant le paiement de 70 euros<br \/>\nFLEX (LIGHT + \u20ac 139)<br \/>\nUn bagage enregistr\u00e9 de 23 kg<br \/>\nModification et\/ou annulation sans frais<br \/>\nGo-show<br \/>\n<a href=\"http:\/\/click.klm-mail.com\/?qs=e1922159fc8b1ac5e40317fd69abc29dc9fb2e632344457943a06c8db3dfc6bb5bf0a62b3d467eb8e515b186a2d073c3\">Priorit\u00e9 au ciel<\/a><\/p>\n","protected":false},"excerpt":{"rendered":"<p>En mai 2016, KLM a introduit une nouvelle structure tarifaire pour les voyages en classe \u00e9conomique en Europe. La nouvelle structure offre un plus large\u2026<\/p>\n","protected":false},"author":1,"featured_media":0,"parent":0,"menu_order":0,"comment_status":"closed","ping_status":"closed","template":"","meta":{"_acf_changed":false,"_price":"","_stock":"","_tribe_ticket_header":"","_tribe_default_ticket_provider":"","_tribe_ticket_capacity":"0","_ticket_start_date":"","_ticket_end_date":"","_tribe_ticket_show_description":"","_tribe_ticket_show_not_going":false,"_tribe_ticket_use_global_stock":"","_tribe_ticket_global_stock_level":"","_global_stock_mode":"","_global_stock_cap":"","_tribe_rsvp_for_event":"","_tribe_ticket_going_count":"","_tribe_ticket_not_going_count":"","_tribe_tickets_list":"[]","_tribe_ticket_has_attendee_info_fields":false,"footnotes":"","_tec_slr_enabled":"","_tec_slr_layout":""},"tags":[],"ecademys":[510],"class_list":["post-43994","page","type-page","status-publish","hentry","ecademys-klm-fr"],"acf":[],"yoast_head":"<!-- This site is optimized with the Yoast SEO Premium plugin v27.5 (Yoast SEO v27.6) - https:\/\/yoast.com\/product\/yoast-seo-premium-wordpress\/ -->\n<title>Nouvelle structure tarifaire de KLM - TravEcademy<\/title>\n<meta name=\"robots\" content=\"index, follow, max-snippet:-1, max-image-preview:large, max-video-preview:-1\" \/>\n<link rel=\"canonical\" href=\"https:\/\/travecademy.be\/fr\/nouvelle-structure-tarifaire-de-klm\/\" class=\"yoast-seo-meta-tag\" \/>\n<meta property=\"og:locale\" content=\"fr_FR\" class=\"yoast-seo-meta-tag\" \/>\n<meta property=\"og:type\" content=\"article\" class=\"yoast-seo-meta-tag\" \/>\n<meta property=\"og:title\" content=\"Nouvelle structure tarifaire de KLM\" class=\"yoast-seo-meta-tag\" \/>\n<meta property=\"og:description\" content=\"En mai 2016, KLM a introduit une nouvelle structure tarifaire pour les voyages en classe \u00e9conomique en Europe. La nouvelle structure offre un plus large\u2026\" class=\"yoast-seo-meta-tag\" \/>\n<meta property=\"og:url\" content=\"https:\/\/travecademy.be\/fr\/nouvelle-structure-tarifaire-de-klm\/\" class=\"yoast-seo-meta-tag\" \/>\n<meta property=\"og:site_name\" content=\"TravEcademy\" class=\"yoast-seo-meta-tag\" \/>\n<meta property=\"article:modified_time\" content=\"2024-02-13T08:24:03+00:00\" class=\"yoast-seo-meta-tag\" \/>\n<meta name=\"twitter:card\" content=\"summary_large_image\" class=\"yoast-seo-meta-tag\" \/>\n<meta name=\"twitter:label1\" content=\"Dur\u00e9e de lecture estim\u00e9e\" class=\"yoast-seo-meta-tag\" \/>\n\t<meta name=\"twitter:data1\" content=\"2 minutes\" class=\"yoast-seo-meta-tag\" \/>\n<script type=\"application\/ld+json\" class=\"yoast-schema-graph\">{\"@context\":\"https:\\\/\\\/schema.org\",\"@graph\":[{\"@type\":\"WebPage\",\"@id\":\"https:\\\/\\\/travecademy.be\\\/fr\\\/nouvelle-structure-tarifaire-de-klm\\\/\",\"url\":\"https:\\\/\\\/travecademy.be\\\/fr\\\/nouvelle-structure-tarifaire-de-klm\\\/\",\"name\":\"Nouvelle structure tarifaire de KLM - TravEcademy\",\"isPartOf\":{\"@id\":\"https:\\\/\\\/travecademy.be\\\/fr\\\/#website\"},\"datePublished\":\"2017-01-19T13:19:55+00:00\",\"dateModified\":\"2024-02-13T08:24:03+00:00\",\"breadcrumb\":{\"@id\":\"https:\\\/\\\/travecademy.be\\\/fr\\\/nouvelle-structure-tarifaire-de-klm\\\/#breadcrumb\"},\"inLanguage\":\"fr-FR\",\"potentialAction\":[{\"@type\":\"ReadAction\",\"target\":[\"https:\\\/\\\/travecademy.be\\\/fr\\\/nouvelle-structure-tarifaire-de-klm\\\/\"]}]},{\"@type\":\"BreadcrumbList\",\"@id\":\"https:\\\/\\\/travecademy.be\\\/fr\\\/nouvelle-structure-tarifaire-de-klm\\\/#breadcrumb\",\"itemListElement\":[{\"@type\":\"ListItem\",\"position\":1,\"name\":\"Home\",\"item\":\"https:\\\/\\\/travecademy.be\\\/fr\\\/\"},{\"@type\":\"ListItem\",\"position\":2,\"name\":\"Nouvelle structure tarifaire de KLM\"}]},{\"@type\":\"WebSite\",\"@id\":\"https:\\\/\\\/travecademy.be\\\/fr\\\/#website\",\"url\":\"https:\\\/\\\/travecademy.be\\\/fr\\\/\",\"name\":\"TravEcademy\",\"description\":\"Het meest succesvolle en gratis e-learning platform voor reisprofessionals\",\"publisher\":{\"@id\":\"https:\\\/\\\/travecademy.be\\\/fr\\\/#organization\"},\"potentialAction\":[{\"@type\":\"SearchAction\",\"target\":{\"@type\":\"EntryPoint\",\"urlTemplate\":\"https:\\\/\\\/travecademy.be\\\/fr\\\/?s={search_term_string}\"},\"query-input\":{\"@type\":\"PropertyValueSpecification\",\"valueRequired\":true,\"valueName\":\"search_term_string\"}}],\"inLanguage\":\"fr-FR\"},{\"@type\":\"Organization\",\"@id\":\"https:\\\/\\\/travecademy.be\\\/fr\\\/#organization\",\"name\":\"TravEcademy\",\"url\":\"https:\\\/\\\/travecademy.be\\\/fr\\\/\",\"logo\":{\"@type\":\"ImageObject\",\"inLanguage\":\"fr-FR\",\"@id\":\"https:\\\/\\\/travecademy.be\\\/fr\\\/#\\\/schema\\\/logo\\\/image\\\/\",\"url\":\"https:\\\/\\\/travecademy.be\\\/wp-content\\\/uploads\\\/2024\\\/04\\\/Travecademy.png\",\"contentUrl\":\"https:\\\/\\\/travecademy.be\\\/wp-content\\\/uploads\\\/2024\\\/04\\\/Travecademy.png\",\"width\":1263,\"height\":313,\"caption\":\"TravEcademy\"},\"image\":{\"@id\":\"https:\\\/\\\/travecademy.be\\\/fr\\\/#\\\/schema\\\/logo\\\/image\\\/\"}}]}<\/script>\n<!-- \/ Yoast SEO Premium plugin. -->","yoast_head_json":{"title":"Nouvelle structure tarifaire de KLM - TravEcademy","robots":{"index":"index","follow":"follow","max-snippet":"max-snippet:-1","max-image-preview":"max-image-preview:large","max-video-preview":"max-video-preview:-1"},"canonical":"https:\/\/travecademy.be\/fr\/nouvelle-structure-tarifaire-de-klm\/","og_locale":"fr_FR","og_type":"article","og_title":"Nouvelle structure tarifaire de KLM","og_description":"En mai 2016, KLM a introduit une nouvelle structure tarifaire pour les voyages en classe \u00e9conomique en Europe. La nouvelle structure offre un plus large\u2026","og_url":"https:\/\/travecademy.be\/fr\/nouvelle-structure-tarifaire-de-klm\/","og_site_name":"TravEcademy","article_modified_time":"2024-02-13T08:24:03+00:00","twitter_card":"summary_large_image","twitter_misc":{"Dur\u00e9e de lecture estim\u00e9e":"2 minutes"},"schema":{"@context":"https:\/\/schema.org","@graph":[{"@type":"WebPage","@id":"https:\/\/travecademy.be\/fr\/nouvelle-structure-tarifaire-de-klm\/","url":"https:\/\/travecademy.be\/fr\/nouvelle-structure-tarifaire-de-klm\/","name":"Nouvelle structure tarifaire de KLM - TravEcademy","isPartOf":{"@id":"https:\/\/travecademy.be\/fr\/#website"},"datePublished":"2017-01-19T13:19:55+00:00","dateModified":"2024-02-13T08:24:03+00:00","breadcrumb":{"@id":"https:\/\/travecademy.be\/fr\/nouvelle-structure-tarifaire-de-klm\/#breadcrumb"},"inLanguage":"fr-FR","potentialAction":[{"@type":"ReadAction","target":["https:\/\/travecademy.be\/fr\/nouvelle-structure-tarifaire-de-klm\/"]}]},{"@type":"BreadcrumbList","@id":"https:\/\/travecademy.be\/fr\/nouvelle-structure-tarifaire-de-klm\/#breadcrumb","itemListElement":[{"@type":"ListItem","position":1,"name":"Home","item":"https:\/\/travecademy.be\/fr\/"},{"@type":"ListItem","position":2,"name":"Nouvelle structure tarifaire de KLM"}]},{"@type":"WebSite","@id":"https:\/\/travecademy.be\/fr\/#website","url":"https:\/\/travecademy.be\/fr\/","name":"TravEcademy","description":"Het meest succesvolle en gratis e-learning platform voor reisprofessionals","publisher":{"@id":"https:\/\/travecademy.be\/fr\/#organization"},"potentialAction":[{"@type":"SearchAction","target":{"@type":"EntryPoint","urlTemplate":"https:\/\/travecademy.be\/fr\/?s={search_term_string}"},"query-input":{"@type":"PropertyValueSpecification","valueRequired":true,"valueName":"search_term_string"}}],"inLanguage":"fr-FR"},{"@type":"Organization","@id":"https:\/\/travecademy.be\/fr\/#organization","name":"TravEcademy","url":"https:\/\/travecademy.be\/fr\/","logo":{"@type":"ImageObject","inLanguage":"fr-FR","@id":"https:\/\/travecademy.be\/fr\/#\/schema\/logo\/image\/","url":"https:\/\/travecademy.be\/wp-content\/uploads\/2024\/04\/Travecademy.png","contentUrl":"https:\/\/travecademy.be\/wp-content\/uploads\/2024\/04\/Travecademy.png","width":1263,"height":313,"caption":"TravEcademy"},"image":{"@id":"https:\/\/travecademy.be\/fr\/#\/schema\/logo\/image\/"}}]}},"publishpress_future_action":{"enabled":false,"date":"2026-05-23 10:26:25","action":"change-status","newStatus":"draft","terms":[],"taxonomy":"ecademys","extraData":[]},"publishpress_future_workflow_manual_trigger":{"enabledWorkflows":[]},"ticketed":false,"_links":{"self":[{"href":"https:\/\/travecademy.be\/fr\/wp-json\/wp\/v2\/pages\/43994","targetHints":{"allow":["GET"]}}],"collection":[{"href":"https:\/\/travecademy.be\/fr\/wp-json\/wp\/v2\/pages"}],"about":[{"href":"https:\/\/travecademy.be\/fr\/wp-json\/wp\/v2\/types\/page"}],"author":[{"embeddable":true,"href":"https:\/\/travecademy.be\/fr\/wp-json\/wp\/v2\/users\/1"}],"replies":[{"embeddable":true,"href":"https:\/\/travecademy.be\/fr\/wp-json\/wp\/v2\/comments?post=43994"}],"version-history":[{"count":1,"href":"https:\/\/travecademy.be\/fr\/wp-json\/wp\/v2\/pages\/43994\/revisions"}],"predecessor-version":[{"id":44001,"href":"https:\/\/travecademy.be\/fr\/wp-json\/wp\/v2\/pages\/43994\/revisions\/44001"}],"wp:attachment":[{"href":"https:\/\/travecademy.be\/fr\/wp-json\/wp\/v2\/media?parent=43994"}],"wp:term":[{"taxonomy":"post_tag","embeddable":true,"href":"https:\/\/travecademy.be\/fr\/wp-json\/wp\/v2\/tags?post=43994"},{"taxonomy":"ecademys","embeddable":true,"href":"https:\/\/travecademy.be\/fr\/wp-json\/wp\/v2\/ecademys?post=43994"}],"curies":[{"name":"wp","href":"https:\/\/api.w.org\/{rel}","templated":true}]}}