{"id":44047,"date":"2017-01-20T13:01:01","date_gmt":"2017-01-20T11:01:01","guid":{"rendered":"https:\/\/travecademy.be\/destinations\/"},"modified":"2024-02-13T10:24:19","modified_gmt":"2024-02-13T08:24:19","slug":"destinations","status":"publish","type":"page","link":"https:\/\/travecademy.be\/fr\/destinations\/","title":{"rendered":"Destinations"},"content":{"rendered":"<p><strong>Le sp\u00e9cialiste \u00e0 Chypre, Isra\u00ebl, la Jordanie, le Maroc, Oman et les Emirats. Nous nous ferons un plaisir de r\u00e9pertorier les destinations pour vous :\u00a0<\/strong><\/p>\n<p><strong>CHYPRE \u2013 bien plus que le soleil, la mer et le sable\u00a0<\/strong><\/p>\n<ul>\n<li>Large gamme de villas avec piscine priv\u00e9e et voiture de location<\/li>\n<li>H\u00e9bergement \u201cCouleur locale\u201d avec voiture de location<\/li>\n<li>Voyages en avion et voyages combin\u00e9s\u00a0<\/li>\n<\/ul>\n<p><strong>ISRA\u00cbL \u2013 l\u2019histoire ancienne et moderne, main dans la main<\/strong><\/p>\n<ul>\n<li>Excursions dans la ville de Tel Aviv et dans la ville historique de J\u00e9rusalem<\/li>\n<li>Voyage aller-retour avec guide n\u00e9erlandophone avec d\u00e9part \u201cgaranti<\/li>\n<li>Transport en avion (y compris le long des kibboutzim)\u00a0<\/li>\n<\/ul>\n<p><strong>JORDANIE \u2013 oasis de calme au Moyen-Orient<\/strong><\/p>\n<ul>\n<li>Large choix de circuits priv\u00e9s (8, 10 et 12 jours)<\/li>\n<li>Conduite autonome ou voiture avec chauffeur priv\u00e9 anglophone\u00a0<\/li>\n<li>Nuit dans un camp de tentes dans le d\u00e9sert de Wadi Rum\u00a0<\/li>\n<\/ul>\n<p><strong>MAROC \u2013 multiforme, color\u00e9 et magique\u00a0<\/strong><\/p>\n<ul>\n<li>Marrakech, le nec plus ultra des escapades en ville : des h\u00f4tels de luxe aux riads intimes dans la m\u00e9dina<\/li>\n<li>Visites avec guide n\u00e9erlandophone et d\u00e9part garanti\u00a0<\/li>\n<li>Fly-drives : des villes royales au d\u00e9sert en passant par le Haut Atlas\u00a0<\/li>\n<\/ul>\n<p><strong>OMAN \u2013 une aventure \u00e0 d\u00e9couvrir !\u00a0<\/strong><\/p>\n<ul>\n<li>Vaste choix de moteurs d\u2019avion<\/li>\n<li>Conduite autonome ou voiture avec chauffeur priv\u00e9 anglophone\u00a0<\/li>\n<li>Circuit en groupe La Route des Sultans (participation minimale de 2 personnes)\u00a0<\/li>\n<\/ul>\n<p><strong>LES \u00c9MIRATS \u2013 pour des vacances de luxe \u00e0 la plage ou en ville\u00a0<\/strong><\/p>\n<ul>\n<li>Large gamme d\u2019h\u00f4tels \u00e0 Duba\u00ef, Abu Dhabi et dans tous les autres \u00c9mirats\u00a0<\/li>\n<li>Transport a\u00e9rien par ligne r\u00e9guli\u00e8re confortable (Emirates, Etihad, KLM)\u00a0<\/li>\n<li>Egalement fly-drives et tours de groupe (participation minimale de 2 personnes).  \u00a0<\/li>\n<\/ul>\n<p><strong>En outre, pour toutes les destinations :\u00a0<br \/>\nRIEN n\u2019est impossible, MAATWORK est notre vraie sp\u00e9cialit\u00e9 !<\/strong><\/p>\n<p>\u00a0<\/p>\n","protected":false},"excerpt":{"rendered":"<p>Le sp\u00e9cialiste \u00e0 Chypre, Isra\u00ebl, la Jordanie, le Maroc, Oman et les Emirats. Nous nous ferons un plaisir de r\u00e9pertorier les destinations pour vous :\u00a0\u2026<\/p>\n","protected":false},"author":1,"featured_media":0,"parent":0,"menu_order":0,"comment_status":"closed","ping_status":"closed","template":"","meta":{"_acf_changed":false,"_price":"","_stock":"","_tribe_ticket_header":"","_tribe_default_ticket_provider":"","_tribe_ticket_capacity":"0","_ticket_start_date":"","_ticket_end_date":"","_tribe_ticket_show_description":"","_tribe_ticket_show_not_going":false,"_tribe_ticket_use_global_stock":"","_tribe_ticket_global_stock_level":"","_global_stock_mode":"","_global_stock_cap":"","_tribe_rsvp_for_event":"","_tribe_ticket_going_count":"","_tribe_ticket_not_going_count":"","_tribe_tickets_list":"[]","_tribe_ticket_has_attendee_info_fields":false,"footnotes":"","_tec_slr_enabled":"","_tec_slr_layout":""},"tags":[],"ecademys":[],"class_list":["post-44047","page","type-page","status-publish","hentry"],"acf":[],"yoast_head":"<!-- This site is optimized with the Yoast SEO Premium plugin v27.4 (Yoast SEO v27.4) - https:\/\/yoast.com\/product\/yoast-seo-premium-wordpress\/ -->\n<title>Destinations - TravEcademy<\/title>\n<meta name=\"robots\" content=\"index, follow, max-snippet:-1, max-image-preview:large, max-video-preview:-1\" \/>\n<link rel=\"canonical\" href=\"https:\/\/travecademy.be\/fr\/destinations\/\" class=\"yoast-seo-meta-tag\" \/>\n<meta property=\"og:locale\" content=\"fr_FR\" class=\"yoast-seo-meta-tag\" \/>\n<meta property=\"og:type\" content=\"article\" class=\"yoast-seo-meta-tag\" \/>\n<meta property=\"og:title\" content=\"Destinations\" class=\"yoast-seo-meta-tag\" \/>\n<meta property=\"og:description\" content=\"Le sp\u00e9cialiste \u00e0 Chypre, Isra\u00ebl, la Jordanie, le Maroc, Oman et les Emirats. Nous nous ferons un plaisir de r\u00e9pertorier les destinations pour vous :\u00a0\u2026\" class=\"yoast-seo-meta-tag\" \/>\n<meta property=\"og:url\" content=\"https:\/\/travecademy.be\/fr\/destinations\/\" class=\"yoast-seo-meta-tag\" \/>\n<meta property=\"og:site_name\" content=\"TravEcademy\" class=\"yoast-seo-meta-tag\" \/>\n<meta property=\"article:modified_time\" content=\"2024-02-13T08:24:19+00:00\" class=\"yoast-seo-meta-tag\" \/>\n<meta name=\"twitter:card\" content=\"summary_large_image\" class=\"yoast-seo-meta-tag\" \/>\n<meta name=\"twitter:label1\" content=\"Dur\u00e9e de lecture estim\u00e9e\" class=\"yoast-seo-meta-tag\" \/>\n\t<meta name=\"twitter:data1\" content=\"2 minutes\" class=\"yoast-seo-meta-tag\" \/>\n<script type=\"application\/ld+json\" class=\"yoast-schema-graph\">{\"@context\":\"https:\\\/\\\/schema.org\",\"@graph\":[{\"@type\":\"WebPage\",\"@id\":\"https:\\\/\\\/travecademy.be\\\/fr\\\/destinations\\\/\",\"url\":\"https:\\\/\\\/travecademy.be\\\/fr\\\/destinations\\\/\",\"name\":\"Destinations - TravEcademy\",\"isPartOf\":{\"@id\":\"https:\\\/\\\/travecademy.be\\\/fr\\\/#website\"},\"datePublished\":\"2017-01-20T11:01:01+00:00\",\"dateModified\":\"2024-02-13T08:24:19+00:00\",\"breadcrumb\":{\"@id\":\"https:\\\/\\\/travecademy.be\\\/fr\\\/destinations\\\/#breadcrumb\"},\"inLanguage\":\"fr-FR\",\"potentialAction\":[{\"@type\":\"ReadAction\",\"target\":[\"https:\\\/\\\/travecademy.be\\\/fr\\\/destinations\\\/\"]}]},{\"@type\":\"BreadcrumbList\",\"@id\":\"https:\\\/\\\/travecademy.be\\\/fr\\\/destinations\\\/#breadcrumb\",\"itemListElement\":[{\"@type\":\"ListItem\",\"position\":1,\"name\":\"Home\",\"item\":\"https:\\\/\\\/travecademy.be\\\/fr\\\/\"},{\"@type\":\"ListItem\",\"position\":2,\"name\":\"Destinations\"}]},{\"@type\":\"WebSite\",\"@id\":\"https:\\\/\\\/travecademy.be\\\/fr\\\/#website\",\"url\":\"https:\\\/\\\/travecademy.be\\\/fr\\\/\",\"name\":\"TravEcademy\",\"description\":\"Het meest succesvolle en gratis e-learning platform voor reisprofessionals\",\"publisher\":{\"@id\":\"https:\\\/\\\/travecademy.be\\\/fr\\\/#organization\"},\"potentialAction\":[{\"@type\":\"SearchAction\",\"target\":{\"@type\":\"EntryPoint\",\"urlTemplate\":\"https:\\\/\\\/travecademy.be\\\/fr\\\/?s={search_term_string}\"},\"query-input\":{\"@type\":\"PropertyValueSpecification\",\"valueRequired\":true,\"valueName\":\"search_term_string\"}}],\"inLanguage\":\"fr-FR\"},{\"@type\":\"Organization\",\"@id\":\"https:\\\/\\\/travecademy.be\\\/fr\\\/#organization\",\"name\":\"TravEcademy\",\"url\":\"https:\\\/\\\/travecademy.be\\\/fr\\\/\",\"logo\":{\"@type\":\"ImageObject\",\"inLanguage\":\"fr-FR\",\"@id\":\"https:\\\/\\\/travecademy.be\\\/fr\\\/#\\\/schema\\\/logo\\\/image\\\/\",\"url\":\"https:\\\/\\\/travecademy.be\\\/wp-content\\\/uploads\\\/2024\\\/04\\\/Travecademy.png\",\"contentUrl\":\"https:\\\/\\\/travecademy.be\\\/wp-content\\\/uploads\\\/2024\\\/04\\\/Travecademy.png\",\"width\":1263,\"height\":313,\"caption\":\"TravEcademy\"},\"image\":{\"@id\":\"https:\\\/\\\/travecademy.be\\\/fr\\\/#\\\/schema\\\/logo\\\/image\\\/\"}}]}<\/script>\n<!-- \/ Yoast SEO Premium plugin. -->","yoast_head_json":{"title":"Destinations - TravEcademy","robots":{"index":"index","follow":"follow","max-snippet":"max-snippet:-1","max-image-preview":"max-image-preview:large","max-video-preview":"max-video-preview:-1"},"canonical":"https:\/\/travecademy.be\/fr\/destinations\/","og_locale":"fr_FR","og_type":"article","og_title":"Destinations","og_description":"Le sp\u00e9cialiste \u00e0 Chypre, Isra\u00ebl, la Jordanie, le Maroc, Oman et les Emirats. Nous nous ferons un plaisir de r\u00e9pertorier les destinations pour vous :\u00a0\u2026","og_url":"https:\/\/travecademy.be\/fr\/destinations\/","og_site_name":"TravEcademy","article_modified_time":"2024-02-13T08:24:19+00:00","twitter_card":"summary_large_image","twitter_misc":{"Dur\u00e9e de lecture estim\u00e9e":"2 minutes"},"schema":{"@context":"https:\/\/schema.org","@graph":[{"@type":"WebPage","@id":"https:\/\/travecademy.be\/fr\/destinations\/","url":"https:\/\/travecademy.be\/fr\/destinations\/","name":"Destinations - TravEcademy","isPartOf":{"@id":"https:\/\/travecademy.be\/fr\/#website"},"datePublished":"2017-01-20T11:01:01+00:00","dateModified":"2024-02-13T08:24:19+00:00","breadcrumb":{"@id":"https:\/\/travecademy.be\/fr\/destinations\/#breadcrumb"},"inLanguage":"fr-FR","potentialAction":[{"@type":"ReadAction","target":["https:\/\/travecademy.be\/fr\/destinations\/"]}]},{"@type":"BreadcrumbList","@id":"https:\/\/travecademy.be\/fr\/destinations\/#breadcrumb","itemListElement":[{"@type":"ListItem","position":1,"name":"Home","item":"https:\/\/travecademy.be\/fr\/"},{"@type":"ListItem","position":2,"name":"Destinations"}]},{"@type":"WebSite","@id":"https:\/\/travecademy.be\/fr\/#website","url":"https:\/\/travecademy.be\/fr\/","name":"TravEcademy","description":"Het meest succesvolle en gratis e-learning platform voor reisprofessionals","publisher":{"@id":"https:\/\/travecademy.be\/fr\/#organization"},"potentialAction":[{"@type":"SearchAction","target":{"@type":"EntryPoint","urlTemplate":"https:\/\/travecademy.be\/fr\/?s={search_term_string}"},"query-input":{"@type":"PropertyValueSpecification","valueRequired":true,"valueName":"search_term_string"}}],"inLanguage":"fr-FR"},{"@type":"Organization","@id":"https:\/\/travecademy.be\/fr\/#organization","name":"TravEcademy","url":"https:\/\/travecademy.be\/fr\/","logo":{"@type":"ImageObject","inLanguage":"fr-FR","@id":"https:\/\/travecademy.be\/fr\/#\/schema\/logo\/image\/","url":"https:\/\/travecademy.be\/wp-content\/uploads\/2024\/04\/Travecademy.png","contentUrl":"https:\/\/travecademy.be\/wp-content\/uploads\/2024\/04\/Travecademy.png","width":1263,"height":313,"caption":"TravEcademy"},"image":{"@id":"https:\/\/travecademy.be\/fr\/#\/schema\/logo\/image\/"}}]}},"publishpress_future_action":{"enabled":false,"date":"2026-04-23 22:58:50","action":"change-status","newStatus":"draft","terms":[],"taxonomy":"ecademys","extraData":[]},"publishpress_future_workflow_manual_trigger":{"enabledWorkflows":[]},"ticketed":false,"_links":{"self":[{"href":"https:\/\/travecademy.be\/fr\/wp-json\/wp\/v2\/pages\/44047","targetHints":{"allow":["GET"]}}],"collection":[{"href":"https:\/\/travecademy.be\/fr\/wp-json\/wp\/v2\/pages"}],"about":[{"href":"https:\/\/travecademy.be\/fr\/wp-json\/wp\/v2\/types\/page"}],"author":[{"embeddable":true,"href":"https:\/\/travecademy.be\/fr\/wp-json\/wp\/v2\/users\/1"}],"replies":[{"embeddable":true,"href":"https:\/\/travecademy.be\/fr\/wp-json\/wp\/v2\/comments?post=44047"}],"version-history":[{"count":1,"href":"https:\/\/travecademy.be\/fr\/wp-json\/wp\/v2\/pages\/44047\/revisions"}],"predecessor-version":[{"id":44048,"href":"https:\/\/travecademy.be\/fr\/wp-json\/wp\/v2\/pages\/44047\/revisions\/44048"}],"wp:attachment":[{"href":"https:\/\/travecademy.be\/fr\/wp-json\/wp\/v2\/media?parent=44047"}],"wp:term":[{"taxonomy":"post_tag","embeddable":true,"href":"https:\/\/travecademy.be\/fr\/wp-json\/wp\/v2\/tags?post=44047"},{"taxonomy":"ecademys","embeddable":true,"href":"https:\/\/travecademy.be\/fr\/wp-json\/wp\/v2\/ecademys?post=44047"}],"curies":[{"name":"wp","href":"https:\/\/api.w.org\/{rel}","templated":true}]}}