{"id":44093,"date":"2017-03-28T14:33:28","date_gmt":"2017-03-28T12:33:28","guid":{"rendered":"https:\/\/travecademy.be\/se-marier-a-aruba\/"},"modified":"2024-02-13T12:12:07","modified_gmt":"2024-02-13T10:12:07","slug":"se-marier-a-aruba","status":"publish","type":"page","link":"https:\/\/travecademy.be\/fr\/se-marier-a-aruba\/","title":{"rendered":"Se marier \u00e0 Aruba"},"content":{"rendered":"<p><strong>Vous cherchez un endroit magnifique en dehors des fronti\u00e8res n\u00e9erlandaises pour vous marier ? Ou vous voulez partir en lune de miel dans une destination magnifique ? Alors Aruba est la destination id\u00e9ale pour vous et votre partenaire (ou vos clients ?).<\/strong><\/p>\n<p>Aruba est le paradis parfait pour un mariage de r\u00eave sur la plage. L\u2019\u00eele est entour\u00e9e d\u2019eaux cristallines et de plages d\u2019un blanc argent\u00e9. Vous n\u2019avez pas \u00e0 craindre une pluie diluvienne le jour de votre mariage \u00e0 Aruba. Il fait presque toujours 25 degr\u00e9s ou plus et le soleil est pr\u00e9sent toute l\u2019ann\u00e9e.<\/p>\n<p>Sur l\u2019\u00eele, plusieurs organisateurs d\u2019\u00e9v\u00e9nements sont \u00e0 la disposition de votre client pour r\u00e9gler tous les d\u00e9tails ensemble. Il existe des fournisseurs ind\u00e9pendants, mais de nombreux h\u00f4tels proposent \u00e9galement ce service. De la coiffure et du maquillage au g\u00e2teau et \u00e0 la musique. Ils ont les bons contacts et connaissent bien l\u2019\u00eele, de sorte que tout peut \u00eatre adapt\u00e9 \u00e0 vos pr\u00e9f\u00e9rences.<\/p>\n<hr>\n<h4><strong>Lune de miel<\/strong><\/h4>\n<p>Vos clients pr\u00e9f\u00e8rent toujours\u00a0c\u00e9l\u00e9brer leur mariage aux Pays-Bas, mais ne savent pas encore o\u00f9 ils souhaitent passer leur lune de miel ? Aruba offre des possibilit\u00e9s infinies pour offrir \u00e0 vos clients l\u2019ultime lune de miel dont ils se souviendront pendant des ann\u00e9es.<\/p>\n<p>D\u00e9tendez-vous sur la plage avec un cocktail tropical ou faites une excursion en jeep dans le parc national d\u2019Arikok. Et pour compl\u00e9ter votre lune de miel, vous pouvez utiliser le registre des mariages. Ici, les d\u00eeners, les excursions, la location de voiture et bien d\u2019autres choses encore peuvent \u00eatre pay\u00e9s \u00e0 l\u2019avance. En outre, de nombreux h\u00f4tels r\u00e9servent aux couples un traitement sp\u00e9cial : surclassement gratuit des chambres, champagne, massages, d\u00eeners, etc.<\/p>\n<p><a href=\"https:\/\/www.aruba.com\/nl\/waarom-aruba\/trouwen\"><strong>Voir ici pour plus d\u2019informations.<\/strong><\/a><\/p>\n","protected":false},"excerpt":{"rendered":"<p>Vous cherchez un endroit magnifique en dehors des fronti\u00e8res n\u00e9erlandaises pour vous marier ? Ou vous voulez partir en lune de miel dans une destination\u2026<\/p>\n","protected":false},"author":1,"featured_media":34879,"parent":0,"menu_order":0,"comment_status":"closed","ping_status":"closed","template":"","meta":{"_acf_changed":false,"_price":"","_stock":"","_tribe_ticket_header":"","_tribe_default_ticket_provider":"","_tribe_ticket_capacity":"0","_ticket_start_date":"","_ticket_end_date":"","_tribe_ticket_show_description":"","_tribe_ticket_show_not_going":false,"_tribe_ticket_use_global_stock":"","_tribe_ticket_global_stock_level":"","_global_stock_mode":"","_global_stock_cap":"","_tribe_rsvp_for_event":"","_tribe_ticket_going_count":"","_tribe_ticket_not_going_count":"","_tribe_tickets_list":"[]","_tribe_ticket_has_attendee_info_fields":false,"footnotes":"","_tec_slr_enabled":"","_tec_slr_layout":""},"tags":[],"ecademys":[],"class_list":["post-44093","page","type-page","status-publish","has-post-thumbnail","hentry"],"acf":[],"yoast_head":"<!-- This site is optimized with the Yoast SEO Premium plugin v27.5 (Yoast SEO v27.5) - https:\/\/yoast.com\/product\/yoast-seo-premium-wordpress\/ -->\n<title>Se marier \u00e0 Aruba - TravEcademy<\/title>\n<meta name=\"robots\" content=\"index, follow, max-snippet:-1, max-image-preview:large, max-video-preview:-1\" \/>\n<link rel=\"canonical\" href=\"https:\/\/travecademy.be\/fr\/se-marier-a-aruba\/\" class=\"yoast-seo-meta-tag\" \/>\n<meta property=\"og:locale\" content=\"fr_FR\" class=\"yoast-seo-meta-tag\" \/>\n<meta property=\"og:type\" content=\"article\" class=\"yoast-seo-meta-tag\" \/>\n<meta property=\"og:title\" content=\"Se marier \u00e0 Aruba\" class=\"yoast-seo-meta-tag\" \/>\n<meta property=\"og:description\" content=\"Vous cherchez un endroit magnifique en dehors des fronti\u00e8res n\u00e9erlandaises pour vous marier ? Ou vous voulez partir en lune de miel dans une destination\u2026\" class=\"yoast-seo-meta-tag\" \/>\n<meta property=\"og:url\" content=\"https:\/\/travecademy.be\/fr\/se-marier-a-aruba\/\" class=\"yoast-seo-meta-tag\" \/>\n<meta property=\"og:site_name\" content=\"TravEcademy\" class=\"yoast-seo-meta-tag\" \/>\n<meta property=\"article:modified_time\" content=\"2024-02-13T10:12:07+00:00\" class=\"yoast-seo-meta-tag\" \/>\n<meta property=\"og:image\" content=\"https:\/\/travecademy.be\/wp-content\/uploads\/2020\/03\/romantiek-trouwen.JPG\" class=\"yoast-seo-meta-tag\" \/>\n\t<meta property=\"og:image:width\" content=\"622\" class=\"yoast-seo-meta-tag\" \/>\n\t<meta property=\"og:image:height\" content=\"415\" class=\"yoast-seo-meta-tag\" \/>\n\t<meta property=\"og:image:type\" content=\"image\/jpeg\" class=\"yoast-seo-meta-tag\" \/>\n<meta name=\"twitter:card\" content=\"summary_large_image\" class=\"yoast-seo-meta-tag\" \/>\n<meta name=\"twitter:label1\" content=\"Dur\u00e9e de lecture estim\u00e9e\" class=\"yoast-seo-meta-tag\" \/>\n\t<meta name=\"twitter:data1\" content=\"2 minutes\" class=\"yoast-seo-meta-tag\" \/>\n<script type=\"application\/ld+json\" class=\"yoast-schema-graph\">{\"@context\":\"https:\\\/\\\/schema.org\",\"@graph\":[{\"@type\":\"WebPage\",\"@id\":\"https:\\\/\\\/travecademy.be\\\/fr\\\/se-marier-a-aruba\\\/\",\"url\":\"https:\\\/\\\/travecademy.be\\\/fr\\\/se-marier-a-aruba\\\/\",\"name\":\"Se marier \u00e0 Aruba - TravEcademy\",\"isPartOf\":{\"@id\":\"https:\\\/\\\/travecademy.be\\\/fr\\\/#website\"},\"primaryImageOfPage\":{\"@id\":\"https:\\\/\\\/travecademy.be\\\/fr\\\/se-marier-a-aruba\\\/#primaryimage\"},\"image\":{\"@id\":\"https:\\\/\\\/travecademy.be\\\/fr\\\/se-marier-a-aruba\\\/#primaryimage\"},\"thumbnailUrl\":\"https:\\\/\\\/travecademy.be\\\/wp-content\\\/uploads\\\/2020\\\/03\\\/romantiek-trouwen.JPG\",\"datePublished\":\"2017-03-28T12:33:28+00:00\",\"dateModified\":\"2024-02-13T10:12:07+00:00\",\"breadcrumb\":{\"@id\":\"https:\\\/\\\/travecademy.be\\\/fr\\\/se-marier-a-aruba\\\/#breadcrumb\"},\"inLanguage\":\"fr-FR\",\"potentialAction\":[{\"@type\":\"ReadAction\",\"target\":[\"https:\\\/\\\/travecademy.be\\\/fr\\\/se-marier-a-aruba\\\/\"]}]},{\"@type\":\"ImageObject\",\"inLanguage\":\"fr-FR\",\"@id\":\"https:\\\/\\\/travecademy.be\\\/fr\\\/se-marier-a-aruba\\\/#primaryimage\",\"url\":\"https:\\\/\\\/travecademy.be\\\/wp-content\\\/uploads\\\/2020\\\/03\\\/romantiek-trouwen.JPG\",\"contentUrl\":\"https:\\\/\\\/travecademy.be\\\/wp-content\\\/uploads\\\/2020\\\/03\\\/romantiek-trouwen.JPG\",\"width\":622,\"height\":415},{\"@type\":\"BreadcrumbList\",\"@id\":\"https:\\\/\\\/travecademy.be\\\/fr\\\/se-marier-a-aruba\\\/#breadcrumb\",\"itemListElement\":[{\"@type\":\"ListItem\",\"position\":1,\"name\":\"Home\",\"item\":\"https:\\\/\\\/travecademy.be\\\/fr\\\/\"},{\"@type\":\"ListItem\",\"position\":2,\"name\":\"Se marier \u00e0 Aruba\"}]},{\"@type\":\"WebSite\",\"@id\":\"https:\\\/\\\/travecademy.be\\\/fr\\\/#website\",\"url\":\"https:\\\/\\\/travecademy.be\\\/fr\\\/\",\"name\":\"TravEcademy\",\"description\":\"Het meest succesvolle en gratis e-learning platform voor reisprofessionals\",\"publisher\":{\"@id\":\"https:\\\/\\\/travecademy.be\\\/fr\\\/#organization\"},\"potentialAction\":[{\"@type\":\"SearchAction\",\"target\":{\"@type\":\"EntryPoint\",\"urlTemplate\":\"https:\\\/\\\/travecademy.be\\\/fr\\\/?s={search_term_string}\"},\"query-input\":{\"@type\":\"PropertyValueSpecification\",\"valueRequired\":true,\"valueName\":\"search_term_string\"}}],\"inLanguage\":\"fr-FR\"},{\"@type\":\"Organization\",\"@id\":\"https:\\\/\\\/travecademy.be\\\/fr\\\/#organization\",\"name\":\"TravEcademy\",\"url\":\"https:\\\/\\\/travecademy.be\\\/fr\\\/\",\"logo\":{\"@type\":\"ImageObject\",\"inLanguage\":\"fr-FR\",\"@id\":\"https:\\\/\\\/travecademy.be\\\/fr\\\/#\\\/schema\\\/logo\\\/image\\\/\",\"url\":\"https:\\\/\\\/travecademy.be\\\/wp-content\\\/uploads\\\/2024\\\/04\\\/Travecademy.png\",\"contentUrl\":\"https:\\\/\\\/travecademy.be\\\/wp-content\\\/uploads\\\/2024\\\/04\\\/Travecademy.png\",\"width\":1263,\"height\":313,\"caption\":\"TravEcademy\"},\"image\":{\"@id\":\"https:\\\/\\\/travecademy.be\\\/fr\\\/#\\\/schema\\\/logo\\\/image\\\/\"}}]}<\/script>\n<!-- \/ Yoast SEO Premium plugin. -->","yoast_head_json":{"title":"Se marier \u00e0 Aruba - TravEcademy","robots":{"index":"index","follow":"follow","max-snippet":"max-snippet:-1","max-image-preview":"max-image-preview:large","max-video-preview":"max-video-preview:-1"},"canonical":"https:\/\/travecademy.be\/fr\/se-marier-a-aruba\/","og_locale":"fr_FR","og_type":"article","og_title":"Se marier \u00e0 Aruba","og_description":"Vous cherchez un endroit magnifique en dehors des fronti\u00e8res n\u00e9erlandaises pour vous marier ? Ou vous voulez partir en lune de miel dans une destination\u2026","og_url":"https:\/\/travecademy.be\/fr\/se-marier-a-aruba\/","og_site_name":"TravEcademy","article_modified_time":"2024-02-13T10:12:07+00:00","og_image":[{"width":622,"height":415,"url":"https:\/\/travecademy.be\/wp-content\/uploads\/2020\/03\/romantiek-trouwen.JPG","type":"image\/jpeg"}],"twitter_card":"summary_large_image","twitter_misc":{"Dur\u00e9e de lecture estim\u00e9e":"2 minutes"},"schema":{"@context":"https:\/\/schema.org","@graph":[{"@type":"WebPage","@id":"https:\/\/travecademy.be\/fr\/se-marier-a-aruba\/","url":"https:\/\/travecademy.be\/fr\/se-marier-a-aruba\/","name":"Se marier \u00e0 Aruba - TravEcademy","isPartOf":{"@id":"https:\/\/travecademy.be\/fr\/#website"},"primaryImageOfPage":{"@id":"https:\/\/travecademy.be\/fr\/se-marier-a-aruba\/#primaryimage"},"image":{"@id":"https:\/\/travecademy.be\/fr\/se-marier-a-aruba\/#primaryimage"},"thumbnailUrl":"https:\/\/travecademy.be\/wp-content\/uploads\/2020\/03\/romantiek-trouwen.JPG","datePublished":"2017-03-28T12:33:28+00:00","dateModified":"2024-02-13T10:12:07+00:00","breadcrumb":{"@id":"https:\/\/travecademy.be\/fr\/se-marier-a-aruba\/#breadcrumb"},"inLanguage":"fr-FR","potentialAction":[{"@type":"ReadAction","target":["https:\/\/travecademy.be\/fr\/se-marier-a-aruba\/"]}]},{"@type":"ImageObject","inLanguage":"fr-FR","@id":"https:\/\/travecademy.be\/fr\/se-marier-a-aruba\/#primaryimage","url":"https:\/\/travecademy.be\/wp-content\/uploads\/2020\/03\/romantiek-trouwen.JPG","contentUrl":"https:\/\/travecademy.be\/wp-content\/uploads\/2020\/03\/romantiek-trouwen.JPG","width":622,"height":415},{"@type":"BreadcrumbList","@id":"https:\/\/travecademy.be\/fr\/se-marier-a-aruba\/#breadcrumb","itemListElement":[{"@type":"ListItem","position":1,"name":"Home","item":"https:\/\/travecademy.be\/fr\/"},{"@type":"ListItem","position":2,"name":"Se marier \u00e0 Aruba"}]},{"@type":"WebSite","@id":"https:\/\/travecademy.be\/fr\/#website","url":"https:\/\/travecademy.be\/fr\/","name":"TravEcademy","description":"Het meest succesvolle en gratis e-learning platform voor reisprofessionals","publisher":{"@id":"https:\/\/travecademy.be\/fr\/#organization"},"potentialAction":[{"@type":"SearchAction","target":{"@type":"EntryPoint","urlTemplate":"https:\/\/travecademy.be\/fr\/?s={search_term_string}"},"query-input":{"@type":"PropertyValueSpecification","valueRequired":true,"valueName":"search_term_string"}}],"inLanguage":"fr-FR"},{"@type":"Organization","@id":"https:\/\/travecademy.be\/fr\/#organization","name":"TravEcademy","url":"https:\/\/travecademy.be\/fr\/","logo":{"@type":"ImageObject","inLanguage":"fr-FR","@id":"https:\/\/travecademy.be\/fr\/#\/schema\/logo\/image\/","url":"https:\/\/travecademy.be\/wp-content\/uploads\/2024\/04\/Travecademy.png","contentUrl":"https:\/\/travecademy.be\/wp-content\/uploads\/2024\/04\/Travecademy.png","width":1263,"height":313,"caption":"TravEcademy"},"image":{"@id":"https:\/\/travecademy.be\/fr\/#\/schema\/logo\/image\/"}}]}},"publishpress_future_action":{"enabled":false,"date":"2026-05-14 18:50:57","action":"change-status","newStatus":"draft","terms":[],"taxonomy":"ecademys","extraData":[]},"publishpress_future_workflow_manual_trigger":{"enabledWorkflows":[]},"ticketed":false,"_links":{"self":[{"href":"https:\/\/travecademy.be\/fr\/wp-json\/wp\/v2\/pages\/44093","targetHints":{"allow":["GET"]}}],"collection":[{"href":"https:\/\/travecademy.be\/fr\/wp-json\/wp\/v2\/pages"}],"about":[{"href":"https:\/\/travecademy.be\/fr\/wp-json\/wp\/v2\/types\/page"}],"author":[{"embeddable":true,"href":"https:\/\/travecademy.be\/fr\/wp-json\/wp\/v2\/users\/1"}],"replies":[{"embeddable":true,"href":"https:\/\/travecademy.be\/fr\/wp-json\/wp\/v2\/comments?post=44093"}],"version-history":[{"count":1,"href":"https:\/\/travecademy.be\/fr\/wp-json\/wp\/v2\/pages\/44093\/revisions"}],"predecessor-version":[{"id":44095,"href":"https:\/\/travecademy.be\/fr\/wp-json\/wp\/v2\/pages\/44093\/revisions\/44095"}],"wp:featuredmedia":[{"embeddable":true,"href":"https:\/\/travecademy.be\/fr\/wp-json\/wp\/v2\/media\/34879"}],"wp:attachment":[{"href":"https:\/\/travecademy.be\/fr\/wp-json\/wp\/v2\/media?parent=44093"}],"wp:term":[{"taxonomy":"post_tag","embeddable":true,"href":"https:\/\/travecademy.be\/fr\/wp-json\/wp\/v2\/tags?post=44093"},{"taxonomy":"ecademys","embeddable":true,"href":"https:\/\/travecademy.be\/fr\/wp-json\/wp\/v2\/ecademys?post=44093"}],"curies":[{"name":"wp","href":"https:\/\/api.w.org\/{rel}","templated":true}]}}