{"id":44135,"date":"2017-06-12T10:45:29","date_gmt":"2017-06-12T08:45:29","guid":{"rendered":"https:\/\/travecademy.be\/publicite\/"},"modified":"2024-07-30T16:27:36","modified_gmt":"2024-07-30T14:27:36","slug":"publicite","status":"publish","type":"page","link":"https:\/\/travecademy.be\/fr\/publicite\/","title":{"rendered":"Publicit\u00e9"},"content":{"rendered":"<h1>Publicit\u00e9<\/h1>\n<h4><strong>TravEcademy<\/strong><\/h4>\n<p>TravEcademy est la plateforme d\u2019apprentissage en ligne la plus r\u00e9ussie o\u00f9 les professionnels du voyage peuvent trouver et partager des informations sur les destinations, les produits de voyage, les nouvelles, etc. TravEcademy propose des nouvelles \u00e9lectroniques quotidiennes, des cours sur les destinations et les produits de voyage, des tirages au sort, des nouvelles et des offres d\u2019emploi.<\/p>\n<p>Les cours gratuits sont une partie importante de TravEcademy. Ces voyages d\u2019\u00e9tude virtuels permettent aux professionnels du voyage de d\u00e9couvrir des destinations et des produits de mani\u00e8re vivante. Un cours dure en moyenne 12 minutes, mais en raison des variations et, bien s\u00fbr, de vos comp\u00e9tences et de vos connaissances, cette dur\u00e9e peut varier consid\u00e9rablement. Chaque cours se termine par un test et si vous le r\u00e9ussissez, vous recevrez un certificat. Les cours comprennent la diffusion de vid\u00e9os, d\u2019images, de textes et de graphiques.<\/p>\n<p>En tant que professionnel du voyage, vous pouvez b\u00e9n\u00e9ficier d\u2019offres int\u00e9ressantes gr\u00e2ce \u00e0 diverses promotions sur les gains et les agents. Par exemple, il est possible de r\u00e9server r\u00e9guli\u00e8rement des croisi\u00e8res \u00e0 prix r\u00e9duit et de gagner des prix en suivant un cours ou en participant \u00e0 une promotion. Les voyages d\u2019\u00e9tudes sont \u00e9galement clairement pr\u00e9sent\u00e9s sur TravEcademy, ce qui permet de s\u2019y inscrire facilement.<\/p>\n<p><strong>Faits et chiffres<\/strong><\/p>\n<p>Il y a au total environ 7 000 professionnels du voyage aux Pays-Bas, dont 95 % sont inscrits sur TravEcademy. TravEcademy re\u00e7oit en moyenne 100 000 visites par mois et compte \u00e9galement 5 500 abonn\u00e9s \u00e0 sa lettre d\u2019information \u00e9lectronique. Des cours int\u00e9ressants, un calendrier, des articles sur les vins, les derni\u00e8res nouvelles font de TravEcademy la plateforme d\u2019apprentissage en ligne pour l\u2019industrie du voyage n\u00e9erlandaise.<\/p>\n<p><strong>Possibilit\u00e9s de publicit\u00e9<\/strong><\/p>\n<p>En tant qu\u2019annonceur, vous avez plusieurs possibilit\u00e9s de mettre en avant une destination, un produit, une compagnie a\u00e9rienne, un h\u00e9bergement, etc :<\/p>\n<ul>\n<li>Cours en ligne sur votre destination ou votre produit<\/li>\n<li>Bo\u00eete groupe\/sponsor enti\u00e8rement fournie (plateforme propre \u00e0 TravEcademy contenant des nouvelles, des promotions et d\u2019autres informations pour l\u2019agent de voyage)<\/li>\n<li>Banni\u00e8re (votre organisation dispose de sa propre banni\u00e8re sur le site Travecademy)<\/li>\n<li>Bulletin d\u2019information (diff\u00e9rentes options de participation)<\/li>\n<\/ul>\n<p><strong>Contact <\/strong><br \/>\nPour obtenir des conseils et des explications sur les diff\u00e9rentes possibilit\u00e9s, veuillez contacter le <a href=\"https:\/\/www.travmedia.be\/#team\" target=\"_blank\" rel=\"noopener\">service des ventes de TRAVelMedia<\/a>.<\/p>\n","protected":false},"excerpt":{"rendered":"<p>Publicit\u00e9 TravEcademy TravEcademy est la plateforme d\u2019apprentissage en ligne la plus r\u00e9ussie o\u00f9 les professionnels du voyage peuvent trouver et partager des informations sur les\u2026<\/p>\n","protected":false},"author":2,"featured_media":35040,"parent":0,"menu_order":0,"comment_status":"closed","ping_status":"closed","template":"","meta":{"_acf_changed":false,"_price":"","_stock":"","_tribe_ticket_header":"","_tribe_default_ticket_provider":"","_tribe_ticket_capacity":"0","_ticket_start_date":"","_ticket_end_date":"","_tribe_ticket_show_description":"","_tribe_ticket_show_not_going":false,"_tribe_ticket_use_global_stock":"","_tribe_ticket_global_stock_level":"","_global_stock_mode":"","_global_stock_cap":"","_tribe_rsvp_for_event":"","_tribe_ticket_going_count":"","_tribe_ticket_not_going_count":"","_tribe_tickets_list":"[]","_tribe_ticket_has_attendee_info_fields":false,"footnotes":"","_tec_slr_enabled":"","_tec_slr_layout":""},"tags":[],"ecademys":[],"class_list":["post-44135","page","type-page","status-publish","has-post-thumbnail","hentry"],"acf":[],"yoast_head":"<!-- This site is optimized with the Yoast SEO Premium plugin v27.3 (Yoast SEO v27.3) - https:\/\/yoast.com\/product\/yoast-seo-premium-wordpress\/ -->\n<title>Publicit\u00e9 - TravEcademy<\/title>\n<meta name=\"robots\" content=\"index, follow, max-snippet:-1, max-image-preview:large, max-video-preview:-1\" \/>\n<link rel=\"canonical\" href=\"https:\/\/travecademy.be\/fr\/publicite\/\" class=\"yoast-seo-meta-tag\" \/>\n<meta property=\"og:locale\" content=\"fr_FR\" class=\"yoast-seo-meta-tag\" \/>\n<meta property=\"og:type\" content=\"article\" class=\"yoast-seo-meta-tag\" \/>\n<meta property=\"og:title\" content=\"Publicit\u00e9\" class=\"yoast-seo-meta-tag\" \/>\n<meta property=\"og:description\" content=\"Publicit\u00e9 TravEcademy TravEcademy est la plateforme d\u2019apprentissage en ligne la plus r\u00e9ussie o\u00f9 les professionnels du voyage peuvent trouver et partager des informations sur les\u2026\" class=\"yoast-seo-meta-tag\" \/>\n<meta property=\"og:url\" content=\"https:\/\/travecademy.be\/fr\/publicite\/\" class=\"yoast-seo-meta-tag\" \/>\n<meta property=\"og:site_name\" content=\"TravEcademy\" class=\"yoast-seo-meta-tag\" \/>\n<meta property=\"article:modified_time\" content=\"2024-07-30T14:27:36+00:00\" class=\"yoast-seo-meta-tag\" \/>\n<meta property=\"og:image\" content=\"https:\/\/travecademy.be\/wp-content\/uploads\/2017\/06\/adverteren.png\" class=\"yoast-seo-meta-tag\" \/>\n\t<meta property=\"og:image:width\" content=\"600\" class=\"yoast-seo-meta-tag\" \/>\n\t<meta property=\"og:image:height\" content=\"240\" class=\"yoast-seo-meta-tag\" \/>\n\t<meta property=\"og:image:type\" content=\"image\/png\" class=\"yoast-seo-meta-tag\" \/>\n<meta name=\"twitter:card\" content=\"summary_large_image\" class=\"yoast-seo-meta-tag\" \/>\n<meta name=\"twitter:label1\" content=\"Dur\u00e9e de lecture estim\u00e9e\" class=\"yoast-seo-meta-tag\" \/>\n\t<meta name=\"twitter:data1\" content=\"3 minutes\" class=\"yoast-seo-meta-tag\" \/>\n<script type=\"application\/ld+json\" class=\"yoast-schema-graph\">{\"@context\":\"https:\\\/\\\/schema.org\",\"@graph\":[{\"@type\":\"WebPage\",\"@id\":\"https:\\\/\\\/travecademy.be\\\/fr\\\/publicite\\\/\",\"url\":\"https:\\\/\\\/travecademy.be\\\/fr\\\/publicite\\\/\",\"name\":\"Publicit\u00e9 - TravEcademy\",\"isPartOf\":{\"@id\":\"https:\\\/\\\/travecademy.be\\\/fr\\\/#website\"},\"primaryImageOfPage\":{\"@id\":\"https:\\\/\\\/travecademy.be\\\/fr\\\/publicite\\\/#primaryimage\"},\"image\":{\"@id\":\"https:\\\/\\\/travecademy.be\\\/fr\\\/publicite\\\/#primaryimage\"},\"thumbnailUrl\":\"https:\\\/\\\/travecademy.be\\\/wp-content\\\/uploads\\\/2017\\\/06\\\/adverteren.png\",\"datePublished\":\"2017-06-12T08:45:29+00:00\",\"dateModified\":\"2024-07-30T14:27:36+00:00\",\"breadcrumb\":{\"@id\":\"https:\\\/\\\/travecademy.be\\\/fr\\\/publicite\\\/#breadcrumb\"},\"inLanguage\":\"fr-FR\",\"potentialAction\":[{\"@type\":\"ReadAction\",\"target\":[\"https:\\\/\\\/travecademy.be\\\/fr\\\/publicite\\\/\"]}]},{\"@type\":\"ImageObject\",\"inLanguage\":\"fr-FR\",\"@id\":\"https:\\\/\\\/travecademy.be\\\/fr\\\/publicite\\\/#primaryimage\",\"url\":\"https:\\\/\\\/travecademy.be\\\/wp-content\\\/uploads\\\/2017\\\/06\\\/adverteren.png\",\"contentUrl\":\"https:\\\/\\\/travecademy.be\\\/wp-content\\\/uploads\\\/2017\\\/06\\\/adverteren.png\",\"width\":600,\"height\":240},{\"@type\":\"BreadcrumbList\",\"@id\":\"https:\\\/\\\/travecademy.be\\\/fr\\\/publicite\\\/#breadcrumb\",\"itemListElement\":[{\"@type\":\"ListItem\",\"position\":1,\"name\":\"Home\",\"item\":\"https:\\\/\\\/travecademy.be\\\/fr\\\/\"},{\"@type\":\"ListItem\",\"position\":2,\"name\":\"Publicit\u00e9\"}]},{\"@type\":\"WebSite\",\"@id\":\"https:\\\/\\\/travecademy.be\\\/fr\\\/#website\",\"url\":\"https:\\\/\\\/travecademy.be\\\/fr\\\/\",\"name\":\"TravEcademy\",\"description\":\"Het meest succesvolle en gratis e-learning platform voor reisprofessionals\",\"publisher\":{\"@id\":\"https:\\\/\\\/travecademy.be\\\/fr\\\/#organization\"},\"potentialAction\":[{\"@type\":\"SearchAction\",\"target\":{\"@type\":\"EntryPoint\",\"urlTemplate\":\"https:\\\/\\\/travecademy.be\\\/fr\\\/?s={search_term_string}\"},\"query-input\":{\"@type\":\"PropertyValueSpecification\",\"valueRequired\":true,\"valueName\":\"search_term_string\"}}],\"inLanguage\":\"fr-FR\"},{\"@type\":\"Organization\",\"@id\":\"https:\\\/\\\/travecademy.be\\\/fr\\\/#organization\",\"name\":\"TravEcademy\",\"url\":\"https:\\\/\\\/travecademy.be\\\/fr\\\/\",\"logo\":{\"@type\":\"ImageObject\",\"inLanguage\":\"fr-FR\",\"@id\":\"https:\\\/\\\/travecademy.be\\\/fr\\\/#\\\/schema\\\/logo\\\/image\\\/\",\"url\":\"https:\\\/\\\/travecademy.be\\\/wp-content\\\/uploads\\\/2024\\\/04\\\/Travecademy.png\",\"contentUrl\":\"https:\\\/\\\/travecademy.be\\\/wp-content\\\/uploads\\\/2024\\\/04\\\/Travecademy.png\",\"width\":1263,\"height\":313,\"caption\":\"TravEcademy\"},\"image\":{\"@id\":\"https:\\\/\\\/travecademy.be\\\/fr\\\/#\\\/schema\\\/logo\\\/image\\\/\"}}]}<\/script>\n<!-- \/ Yoast SEO Premium plugin. -->","yoast_head_json":{"title":"Publicit\u00e9 - TravEcademy","robots":{"index":"index","follow":"follow","max-snippet":"max-snippet:-1","max-image-preview":"max-image-preview:large","max-video-preview":"max-video-preview:-1"},"canonical":"https:\/\/travecademy.be\/fr\/publicite\/","og_locale":"fr_FR","og_type":"article","og_title":"Publicit\u00e9","og_description":"Publicit\u00e9 TravEcademy TravEcademy est la plateforme d\u2019apprentissage en ligne la plus r\u00e9ussie o\u00f9 les professionnels du voyage peuvent trouver et partager des informations sur les\u2026","og_url":"https:\/\/travecademy.be\/fr\/publicite\/","og_site_name":"TravEcademy","article_modified_time":"2024-07-30T14:27:36+00:00","og_image":[{"width":600,"height":240,"url":"https:\/\/travecademy.be\/wp-content\/uploads\/2017\/06\/adverteren.png","type":"image\/png"}],"twitter_card":"summary_large_image","twitter_misc":{"Dur\u00e9e de lecture estim\u00e9e":"3 minutes"},"schema":{"@context":"https:\/\/schema.org","@graph":[{"@type":"WebPage","@id":"https:\/\/travecademy.be\/fr\/publicite\/","url":"https:\/\/travecademy.be\/fr\/publicite\/","name":"Publicit\u00e9 - TravEcademy","isPartOf":{"@id":"https:\/\/travecademy.be\/fr\/#website"},"primaryImageOfPage":{"@id":"https:\/\/travecademy.be\/fr\/publicite\/#primaryimage"},"image":{"@id":"https:\/\/travecademy.be\/fr\/publicite\/#primaryimage"},"thumbnailUrl":"https:\/\/travecademy.be\/wp-content\/uploads\/2017\/06\/adverteren.png","datePublished":"2017-06-12T08:45:29+00:00","dateModified":"2024-07-30T14:27:36+00:00","breadcrumb":{"@id":"https:\/\/travecademy.be\/fr\/publicite\/#breadcrumb"},"inLanguage":"fr-FR","potentialAction":[{"@type":"ReadAction","target":["https:\/\/travecademy.be\/fr\/publicite\/"]}]},{"@type":"ImageObject","inLanguage":"fr-FR","@id":"https:\/\/travecademy.be\/fr\/publicite\/#primaryimage","url":"https:\/\/travecademy.be\/wp-content\/uploads\/2017\/06\/adverteren.png","contentUrl":"https:\/\/travecademy.be\/wp-content\/uploads\/2017\/06\/adverteren.png","width":600,"height":240},{"@type":"BreadcrumbList","@id":"https:\/\/travecademy.be\/fr\/publicite\/#breadcrumb","itemListElement":[{"@type":"ListItem","position":1,"name":"Home","item":"https:\/\/travecademy.be\/fr\/"},{"@type":"ListItem","position":2,"name":"Publicit\u00e9"}]},{"@type":"WebSite","@id":"https:\/\/travecademy.be\/fr\/#website","url":"https:\/\/travecademy.be\/fr\/","name":"TravEcademy","description":"Het meest succesvolle en gratis e-learning platform voor reisprofessionals","publisher":{"@id":"https:\/\/travecademy.be\/fr\/#organization"},"potentialAction":[{"@type":"SearchAction","target":{"@type":"EntryPoint","urlTemplate":"https:\/\/travecademy.be\/fr\/?s={search_term_string}"},"query-input":{"@type":"PropertyValueSpecification","valueRequired":true,"valueName":"search_term_string"}}],"inLanguage":"fr-FR"},{"@type":"Organization","@id":"https:\/\/travecademy.be\/fr\/#organization","name":"TravEcademy","url":"https:\/\/travecademy.be\/fr\/","logo":{"@type":"ImageObject","inLanguage":"fr-FR","@id":"https:\/\/travecademy.be\/fr\/#\/schema\/logo\/image\/","url":"https:\/\/travecademy.be\/wp-content\/uploads\/2024\/04\/Travecademy.png","contentUrl":"https:\/\/travecademy.be\/wp-content\/uploads\/2024\/04\/Travecademy.png","width":1263,"height":313,"caption":"TravEcademy"},"image":{"@id":"https:\/\/travecademy.be\/fr\/#\/schema\/logo\/image\/"}}]}},"publishpress_future_action":{"enabled":false,"date":"2026-04-19 15:02:58","action":"change-status","newStatus":"draft","terms":[],"taxonomy":"ecademys","extraData":[]},"publishpress_future_workflow_manual_trigger":{"enabledWorkflows":[]},"ticketed":false,"_links":{"self":[{"href":"https:\/\/travecademy.be\/fr\/wp-json\/wp\/v2\/pages\/44135","targetHints":{"allow":["GET"]}}],"collection":[{"href":"https:\/\/travecademy.be\/fr\/wp-json\/wp\/v2\/pages"}],"about":[{"href":"https:\/\/travecademy.be\/fr\/wp-json\/wp\/v2\/types\/page"}],"author":[{"embeddable":true,"href":"https:\/\/travecademy.be\/fr\/wp-json\/wp\/v2\/users\/2"}],"replies":[{"embeddable":true,"href":"https:\/\/travecademy.be\/fr\/wp-json\/wp\/v2\/comments?post=44135"}],"version-history":[{"count":2,"href":"https:\/\/travecademy.be\/fr\/wp-json\/wp\/v2\/pages\/44135\/revisions"}],"predecessor-version":[{"id":54242,"href":"https:\/\/travecademy.be\/fr\/wp-json\/wp\/v2\/pages\/44135\/revisions\/54242"}],"wp:featuredmedia":[{"embeddable":true,"href":"https:\/\/travecademy.be\/fr\/wp-json\/wp\/v2\/media\/35040"}],"wp:attachment":[{"href":"https:\/\/travecademy.be\/fr\/wp-json\/wp\/v2\/media?parent=44135"}],"wp:term":[{"taxonomy":"post_tag","embeddable":true,"href":"https:\/\/travecademy.be\/fr\/wp-json\/wp\/v2\/tags?post=44135"},{"taxonomy":"ecademys","embeddable":true,"href":"https:\/\/travecademy.be\/fr\/wp-json\/wp\/v2\/ecademys?post=44135"}],"curies":[{"name":"wp","href":"https:\/\/api.w.org\/{rel}","templated":true}]}}