{"id":44140,"date":"2017-10-23T14:48:39","date_gmt":"2017-10-23T12:48:39","guid":{"rendered":"https:\/\/travecademy.be\/voyage-numerique-avec-untamed\/"},"modified":"2024-02-13T12:13:04","modified_gmt":"2024-02-13T10:13:04","slug":"voyage-numerique-avec-untamed","status":"publish","type":"page","link":"https:\/\/travecademy.be\/fr\/voyage-numerique-avec-untamed\/","title":{"rendered":"Voyage num\u00e9rique avec Untamed"},"content":{"rendered":"<p><strong>Untamed Travelling est r\u00e9guli\u00e8rement pr\u00e9sent\u00e9 dans le magazine web mensuel de la ZRA avec une belle page multim\u00e9dia.\u00a0Nous sommes heureux de les r\u00e9pertorier pour vous, afin que vous puissiez facilement voyager num\u00e9riquement avec Untamed Travelling \u2013 l\u00e0 o\u00f9 le monde ne peut pas vous trouver.\u00a0<\/strong><\/p>\n<h2><strong>G\u00e9n\u00e9ral<\/strong><\/h2>\n<p><strong><a href=\"http:\/\/zra.maglr.com\/nl_NL\/1649\/26116\/untamed_travelling_advertentie.html\" target=\"_blank\" rel=\"noopener\"><img decoding=\"async\" alt=\"Publicit\u00e91.PNG\" src=\"https:\/\/cl.ly\/0e3Q241V0y0U\/Advertentie1.PNG\"><\/a><\/strong><\/p>\n<h2><strong>Colombie<\/strong><\/h2>\n<h2><a href=\"http:\/\/zra.maglr.com\/nl_NL\/1813\/28744\/untamed_travelling_advertentie.html\" target=\"_blank\" rel=\"noopener\"><img decoding=\"async\" alt=\"Publicit\u00e92%20Colombie.PNG\" src=\"https:\/\/cl.ly\/2Z2S3l0u2C39\/Advertentie2%20Colombia.PNG\"><\/a><\/h2>\n<h2><strong>Antarctique<\/strong><\/h2>\n<h2><a href=\"http:\/\/zra.maglr.com\/nl_NL\/2071\/33746\/untamed_travelling_advertentie.html\" target=\"_blank\" rel=\"noopener\"><img decoding=\"async\" alt=\"Publicit\u00e93.PNG\" src=\"https:\/\/cl.ly\/0s2J1p1L1f39\/Advertentie3.PNG\"><\/a><\/h2>\n<h2><strong>Afrique du Sud<\/strong><\/h2>\n<h2><strong><\/strong><a href=\"http:\/\/travmagazine.maglr.com\/nl_NL\/2385\/38194\/untamed_travelling_advertentie.html\" target=\"_blank\" rel=\"noopener\"><img decoding=\"async\" alt=\"sauvage%20sudafrica.PNG\" src=\"https:\/\/cl.ly\/0O442Q1i290h\/untamed%20zuidafrika.PNG\"><\/a><\/h2>\n<h2><strong>Laos, Cambodge, Vietnam et Malaisie<\/strong><\/h2>\n<p><a href=\"http:\/\/travmagazine.maglr.com\/nl_NL\/2598\/41665\/untamed_travelling_advertentie.html\" target=\"_blank\" rel=\"noopener\"><img decoding=\"async\" alt=\"Cambodge,%20Laos,%20Vietnam%20et%20Malaisie.PNG\" src=\"https:\/\/cl.ly\/0g3i2Q3X103o\/Cambodja,%20Laos,%20Vietnam%20en%20Maleisie.PNG\"><\/a><\/p>\n<h2><strong>Mexique<\/strong><\/h2>\n<p><a href=\"http:\/\/zra.maglr.com\/nl_NL\/2825\/45318\/untamed_travelling_advertentie.html\" target=\"_blank\" rel=\"noopener\"><img decoding=\"async\" alt=\"Untamed%20Mexico.PNG\" src=\"https:\/\/cl.ly\/213I0S1T230i\/Untamed%20Mexico.PNG\"><\/a><\/p>\n<h2><strong>Alaska<\/strong><\/h2>\n<p><a href=\"http:\/\/zra.maglr.com\/nl_NL\/3034\/49155\/untamed_travelling_advertentie.html\" target=\"_blank\" rel=\"noopener\"><img decoding=\"async\" alt=\"untamed%20zra%20webmagazine.JPG\" src=\"https:\/\/cl.ly\/0g2L2K2H2U0F\/untamed%20zra%20webmagazine.JPG\"><\/a><\/p>\n<h2><strong>Tanzanie<\/strong><\/h2>\n<p><a href=\"http:\/\/travmagazine.maglr.com\/nl_NL\/3353\/53490\/untamed_travelling_advertentie.html\"><img fetchpriority=\"high\" decoding=\"async\" class=\" size-full wp-image-1889\" alt=\"\" height=\"562\" src=\"http:\/\/travecademy.be\/wp-content\/uploads\/2017\/10\/Tanzania.JPG\" width=\"1366\" srcset=\"https:\/\/travecademy.be\/wp-content\/uploads\/2017\/10\/Tanzania.JPG 1366w, https:\/\/travecademy.be\/wp-content\/uploads\/2017\/10\/Tanzania-600x247.jpg 600w, https:\/\/travecademy.be\/wp-content\/uploads\/2017\/10\/Tanzania-300x123.jpg 300w, https:\/\/travecademy.be\/wp-content\/uploads\/2017\/10\/Tanzania-1024x421.jpg 1024w, https:\/\/travecademy.be\/wp-content\/uploads\/2017\/10\/Tanzania-768x316.jpg 768w, https:\/\/travecademy.be\/wp-content\/uploads\/2017\/10\/Tanzania-624x257.jpg 624w, https:\/\/travecademy.be\/wp-content\/uploads\/2017\/10\/Tanzania-50x21.jpg 50w, https:\/\/travecademy.be\/wp-content\/uploads\/2017\/10\/Tanzania-100x41.jpg 100w\" sizes=\"(max-width: 1366px) 100vw, 1366px\" \/><\/a><\/p>\n<h2><strong>Japon<\/strong><\/h2>\n<p><a href=\"http:\/\/travmagazine.maglr.com\/nl_NL\/3557\/56610\"><img decoding=\"async\" class=\" size-full wp-image-1890\" alt=\"\" height=\"563\" src=\"http:\/\/travecademy.be\/wp-content\/uploads\/2017\/10\/japan.JPG\" width=\"1362\" srcset=\"https:\/\/travecademy.be\/wp-content\/uploads\/2017\/10\/japan.JPG 1362w, https:\/\/travecademy.be\/wp-content\/uploads\/2017\/10\/japan-600x248.jpg 600w, https:\/\/travecademy.be\/wp-content\/uploads\/2017\/10\/japan-300x124.jpg 300w, https:\/\/travecademy.be\/wp-content\/uploads\/2017\/10\/japan-1024x423.jpg 1024w, https:\/\/travecademy.be\/wp-content\/uploads\/2017\/10\/japan-768x317.jpg 768w, https:\/\/travecademy.be\/wp-content\/uploads\/2017\/10\/japan-624x258.jpg 624w, https:\/\/travecademy.be\/wp-content\/uploads\/2017\/10\/japan-50x21.jpg 50w, https:\/\/travecademy.be\/wp-content\/uploads\/2017\/10\/japan-100x41.jpg 100w\" sizes=\"(max-width: 1362px) 100vw, 1362px\" \/><\/a><\/p>\n<h2><strong>Sous le niveau de la mer<\/strong><\/h2>\n<p><a href=\"http:\/\/travmagazine.maglr.com\/nl_NL\/3755\/59530\/untamed_travelling_advertentie.html\"><img decoding=\"async\" class=\" size-full wp-image-1891\" alt=\"\" height=\"560\" src=\"http:\/\/travecademy.be\/wp-content\/uploads\/2017\/10\/untamed-onder-de-zeespiegel.JPG\" width=\"1352\" srcset=\"https:\/\/travecademy.be\/wp-content\/uploads\/2017\/10\/untamed-onder-de-zeespiegel.JPG 1352w, https:\/\/travecademy.be\/wp-content\/uploads\/2017\/10\/untamed-onder-de-zeespiegel-600x249.jpg 600w, https:\/\/travecademy.be\/wp-content\/uploads\/2017\/10\/untamed-onder-de-zeespiegel-300x124.jpg 300w, https:\/\/travecademy.be\/wp-content\/uploads\/2017\/10\/untamed-onder-de-zeespiegel-1024x424.jpg 1024w, https:\/\/travecademy.be\/wp-content\/uploads\/2017\/10\/untamed-onder-de-zeespiegel-768x318.jpg 768w, https:\/\/travecademy.be\/wp-content\/uploads\/2017\/10\/untamed-onder-de-zeespiegel-624x258.jpg 624w, https:\/\/travecademy.be\/wp-content\/uploads\/2017\/10\/untamed-onder-de-zeespiegel-50x21.jpg 50w, https:\/\/travecademy.be\/wp-content\/uploads\/2017\/10\/untamed-onder-de-zeespiegel-100x41.jpg 100w\" sizes=\"(max-width: 1352px) 100vw, 1352px\" \/><\/a><\/p>\n<h2><strong>Volcans<\/strong><\/h2>\n<h2><a href=\"http:\/\/travmagazine.maglr.com\/nl_NL\/4059\/63202\/untamed_travelling_advertentie.html\"><img loading=\"lazy\" decoding=\"async\" class=\" size-full wp-image-1892\" alt=\"\" height=\"562\" src=\"http:\/\/travecademy.be\/wp-content\/uploads\/2017\/10\/untamed-volcanoes.JPG\" width=\"1366\" srcset=\"https:\/\/travecademy.be\/wp-content\/uploads\/2017\/10\/untamed-volcanoes.JPG 1366w, https:\/\/travecademy.be\/wp-content\/uploads\/2017\/10\/untamed-volcanoes-600x247.jpg 600w, https:\/\/travecademy.be\/wp-content\/uploads\/2017\/10\/untamed-volcanoes-300x123.jpg 300w, https:\/\/travecademy.be\/wp-content\/uploads\/2017\/10\/untamed-volcanoes-1024x421.jpg 1024w, https:\/\/travecademy.be\/wp-content\/uploads\/2017\/10\/untamed-volcanoes-768x316.jpg 768w, https:\/\/travecademy.be\/wp-content\/uploads\/2017\/10\/untamed-volcanoes-624x257.jpg 624w, https:\/\/travecademy.be\/wp-content\/uploads\/2017\/10\/untamed-volcanoes-50x21.jpg 50w, https:\/\/travecademy.be\/wp-content\/uploads\/2017\/10\/untamed-volcanoes-100x41.jpg 100w\" sizes=\"(max-width: 1366px) 100vw, 1366px\" \/><\/a><\/h2>\n<h2><strong>Autocaravanes<\/strong><\/h2>\n<p><a href=\"http:\/\/travmagazine.maglr.com\/nl_NL\/4312\/66480\/untamed_travelling.html\"><img loading=\"lazy\" decoding=\"async\" class=\" size-full wp-image-1893\" alt=\"\" height=\"564\" src=\"http:\/\/travecademy.be\/wp-content\/uploads\/2017\/10\/untamed-selfdrive.JPG\" width=\"1365\" srcset=\"https:\/\/travecademy.be\/wp-content\/uploads\/2017\/10\/untamed-selfdrive.JPG 1365w, https:\/\/travecademy.be\/wp-content\/uploads\/2017\/10\/untamed-selfdrive-600x248.jpg 600w, https:\/\/travecademy.be\/wp-content\/uploads\/2017\/10\/untamed-selfdrive-300x124.jpg 300w, https:\/\/travecademy.be\/wp-content\/uploads\/2017\/10\/untamed-selfdrive-1024x423.jpg 1024w, https:\/\/travecademy.be\/wp-content\/uploads\/2017\/10\/untamed-selfdrive-768x317.jpg 768w, https:\/\/travecademy.be\/wp-content\/uploads\/2017\/10\/untamed-selfdrive-624x258.jpg 624w, https:\/\/travecademy.be\/wp-content\/uploads\/2017\/10\/untamed-selfdrive-50x21.jpg 50w, https:\/\/travecademy.be\/wp-content\/uploads\/2017\/10\/untamed-selfdrive-100x41.jpg 100w\" sizes=\"(max-width: 1365px) 100vw, 1365px\" \/><\/a><\/p>\n<h2><strong>Voyages en famille<\/strong><\/h2>\n<p><a href=\"http:\/\/travmagazine.maglr.com\/nl_NL\/4506\/69816\/untamed_travelling.html\"><img loading=\"lazy\" decoding=\"async\" class=\" size-full wp-image-1894\" alt=\"\" height=\"562\" src=\"http:\/\/travecademy.be\/wp-content\/uploads\/2017\/10\/untamed-familie.jpg\" width=\"1366\" srcset=\"https:\/\/travecademy.be\/wp-content\/uploads\/2017\/10\/untamed-familie.jpg 1366w, https:\/\/travecademy.be\/wp-content\/uploads\/2017\/10\/untamed-familie-600x247.jpg 600w, https:\/\/travecademy.be\/wp-content\/uploads\/2017\/10\/untamed-familie-300x123.jpg 300w, https:\/\/travecademy.be\/wp-content\/uploads\/2017\/10\/untamed-familie-1024x421.jpg 1024w, https:\/\/travecademy.be\/wp-content\/uploads\/2017\/10\/untamed-familie-768x316.jpg 768w, https:\/\/travecademy.be\/wp-content\/uploads\/2017\/10\/untamed-familie-624x257.jpg 624w, https:\/\/travecademy.be\/wp-content\/uploads\/2017\/10\/untamed-familie-50x21.jpg 50w, https:\/\/travecademy.be\/wp-content\/uploads\/2017\/10\/untamed-familie-100x41.jpg 100w\" sizes=\"(max-width: 1366px) 100vw, 1366px\" \/><\/a><\/p>\n<h2><strong>Pour les gourmands<\/strong><\/h2>\n<p><a href=\"http:\/\/travmagazine.maglr.com\/nl_NL\/5257\/78498\/untamed_travelling.html\"><img loading=\"lazy\" decoding=\"async\" class=\" size-full wp-image-1895\" alt=\"\" height=\"564\" src=\"http:\/\/travecademy.be\/wp-content\/uploads\/2017\/10\/untamed-digital.jpg\" width=\"1366\" srcset=\"https:\/\/travecademy.be\/wp-content\/uploads\/2017\/10\/untamed-digital.jpg 1366w, https:\/\/travecademy.be\/wp-content\/uploads\/2017\/10\/untamed-digital-600x248.jpg 600w, https:\/\/travecademy.be\/wp-content\/uploads\/2017\/10\/untamed-digital-300x124.jpg 300w, https:\/\/travecademy.be\/wp-content\/uploads\/2017\/10\/untamed-digital-1024x423.jpg 1024w, https:\/\/travecademy.be\/wp-content\/uploads\/2017\/10\/untamed-digital-768x317.jpg 768w, https:\/\/travecademy.be\/wp-content\/uploads\/2017\/10\/untamed-digital-624x258.jpg 624w, https:\/\/travecademy.be\/wp-content\/uploads\/2017\/10\/untamed-digital-50x21.jpg 50w, https:\/\/travecademy.be\/wp-content\/uploads\/2017\/10\/untamed-digital-100x41.jpg 100w\" sizes=\"(max-width: 1366px) 100vw, 1366px\" \/><\/a><\/p>\n<p>\u00a0<\/p>\n","protected":false},"excerpt":{"rendered":"<p>Untamed Travelling est r\u00e9guli\u00e8rement pr\u00e9sent\u00e9 dans le magazine web mensuel de la ZRA avec une belle page multim\u00e9dia.\u00a0Nous sommes heureux de les r\u00e9pertorier pour vous,\u2026<\/p>\n","protected":false},"author":1,"featured_media":0,"parent":0,"menu_order":0,"comment_status":"closed","ping_status":"closed","template":"","meta":{"_acf_changed":false,"_price":"","_stock":"","_tribe_ticket_header":"","_tribe_default_ticket_provider":"","_tribe_ticket_capacity":"0","_ticket_start_date":"","_ticket_end_date":"","_tribe_ticket_show_description":"","_tribe_ticket_show_not_going":false,"_tribe_ticket_use_global_stock":"","_tribe_ticket_global_stock_level":"","_global_stock_mode":"","_global_stock_cap":"","_tribe_rsvp_for_event":"","_tribe_ticket_going_count":"","_tribe_ticket_not_going_count":"","_tribe_tickets_list":"[]","_tribe_ticket_has_attendee_info_fields":false,"footnotes":"","_tec_slr_enabled":"","_tec_slr_layout":""},"tags":[],"ecademys":[512],"class_list":["post-44140","page","type-page","status-publish","hentry","ecademys-untamed-travelling-fr"],"acf":[],"yoast_head":"<!-- This site is optimized with the Yoast SEO Premium plugin v27.5 (Yoast SEO v27.5) - https:\/\/yoast.com\/product\/yoast-seo-premium-wordpress\/ -->\n<title>Voyage num\u00e9rique avec Untamed - TravEcademy<\/title>\n<meta name=\"robots\" content=\"index, follow, max-snippet:-1, max-image-preview:large, max-video-preview:-1\" \/>\n<link rel=\"canonical\" href=\"https:\/\/travecademy.be\/fr\/voyage-numerique-avec-untamed\/\" class=\"yoast-seo-meta-tag\" \/>\n<meta property=\"og:locale\" content=\"fr_FR\" class=\"yoast-seo-meta-tag\" \/>\n<meta property=\"og:type\" content=\"article\" class=\"yoast-seo-meta-tag\" \/>\n<meta property=\"og:title\" content=\"Voyage num\u00e9rique avec Untamed\" class=\"yoast-seo-meta-tag\" \/>\n<meta property=\"og:description\" content=\"Untamed Travelling est r\u00e9guli\u00e8rement pr\u00e9sent\u00e9 dans le magazine web mensuel de la ZRA avec une belle page multim\u00e9dia.\u00a0Nous sommes heureux de les r\u00e9pertorier pour vous,\u2026\" class=\"yoast-seo-meta-tag\" \/>\n<meta property=\"og:url\" content=\"https:\/\/travecademy.be\/fr\/voyage-numerique-avec-untamed\/\" class=\"yoast-seo-meta-tag\" \/>\n<meta property=\"og:site_name\" content=\"TravEcademy\" class=\"yoast-seo-meta-tag\" \/>\n<meta property=\"article:modified_time\" content=\"2024-02-13T10:13:04+00:00\" class=\"yoast-seo-meta-tag\" \/>\n<meta property=\"og:image\" content=\"https:\/\/cl.ly\/0e3Q241V0y0U\/Advertentie1.PNG\" class=\"yoast-seo-meta-tag\" \/>\n<meta name=\"twitter:card\" content=\"summary_large_image\" class=\"yoast-seo-meta-tag\" \/>\n<script type=\"application\/ld+json\" class=\"yoast-schema-graph\">{\"@context\":\"https:\\\/\\\/schema.org\",\"@graph\":[{\"@type\":\"WebPage\",\"@id\":\"https:\\\/\\\/travecademy.be\\\/fr\\\/voyage-numerique-avec-untamed\\\/\",\"url\":\"https:\\\/\\\/travecademy.be\\\/fr\\\/voyage-numerique-avec-untamed\\\/\",\"name\":\"Voyage num\u00e9rique avec Untamed - TravEcademy\",\"isPartOf\":{\"@id\":\"https:\\\/\\\/travecademy.be\\\/fr\\\/#website\"},\"primaryImageOfPage\":{\"@id\":\"https:\\\/\\\/travecademy.be\\\/fr\\\/voyage-numerique-avec-untamed\\\/#primaryimage\"},\"image\":{\"@id\":\"https:\\\/\\\/travecademy.be\\\/fr\\\/voyage-numerique-avec-untamed\\\/#primaryimage\"},\"thumbnailUrl\":\"https:\\\/\\\/cl.ly\\\/0e3Q241V0y0U\\\/Advertentie1.PNG\",\"datePublished\":\"2017-10-23T12:48:39+00:00\",\"dateModified\":\"2024-02-13T10:13:04+00:00\",\"breadcrumb\":{\"@id\":\"https:\\\/\\\/travecademy.be\\\/fr\\\/voyage-numerique-avec-untamed\\\/#breadcrumb\"},\"inLanguage\":\"fr-FR\",\"potentialAction\":[{\"@type\":\"ReadAction\",\"target\":[\"https:\\\/\\\/travecademy.be\\\/fr\\\/voyage-numerique-avec-untamed\\\/\"]}]},{\"@type\":\"ImageObject\",\"inLanguage\":\"fr-FR\",\"@id\":\"https:\\\/\\\/travecademy.be\\\/fr\\\/voyage-numerique-avec-untamed\\\/#primaryimage\",\"url\":\"https:\\\/\\\/cl.ly\\\/0e3Q241V0y0U\\\/Advertentie1.PNG\",\"contentUrl\":\"https:\\\/\\\/cl.ly\\\/0e3Q241V0y0U\\\/Advertentie1.PNG\"},{\"@type\":\"BreadcrumbList\",\"@id\":\"https:\\\/\\\/travecademy.be\\\/fr\\\/voyage-numerique-avec-untamed\\\/#breadcrumb\",\"itemListElement\":[{\"@type\":\"ListItem\",\"position\":1,\"name\":\"Home\",\"item\":\"https:\\\/\\\/travecademy.be\\\/fr\\\/\"},{\"@type\":\"ListItem\",\"position\":2,\"name\":\"Voyage num\u00e9rique avec Untamed\"}]},{\"@type\":\"WebSite\",\"@id\":\"https:\\\/\\\/travecademy.be\\\/fr\\\/#website\",\"url\":\"https:\\\/\\\/travecademy.be\\\/fr\\\/\",\"name\":\"TravEcademy\",\"description\":\"Het meest succesvolle en gratis e-learning platform voor reisprofessionals\",\"publisher\":{\"@id\":\"https:\\\/\\\/travecademy.be\\\/fr\\\/#organization\"},\"potentialAction\":[{\"@type\":\"SearchAction\",\"target\":{\"@type\":\"EntryPoint\",\"urlTemplate\":\"https:\\\/\\\/travecademy.be\\\/fr\\\/?s={search_term_string}\"},\"query-input\":{\"@type\":\"PropertyValueSpecification\",\"valueRequired\":true,\"valueName\":\"search_term_string\"}}],\"inLanguage\":\"fr-FR\"},{\"@type\":\"Organization\",\"@id\":\"https:\\\/\\\/travecademy.be\\\/fr\\\/#organization\",\"name\":\"TravEcademy\",\"url\":\"https:\\\/\\\/travecademy.be\\\/fr\\\/\",\"logo\":{\"@type\":\"ImageObject\",\"inLanguage\":\"fr-FR\",\"@id\":\"https:\\\/\\\/travecademy.be\\\/fr\\\/#\\\/schema\\\/logo\\\/image\\\/\",\"url\":\"https:\\\/\\\/travecademy.be\\\/wp-content\\\/uploads\\\/2024\\\/04\\\/Travecademy.png\",\"contentUrl\":\"https:\\\/\\\/travecademy.be\\\/wp-content\\\/uploads\\\/2024\\\/04\\\/Travecademy.png\",\"width\":1263,\"height\":313,\"caption\":\"TravEcademy\"},\"image\":{\"@id\":\"https:\\\/\\\/travecademy.be\\\/fr\\\/#\\\/schema\\\/logo\\\/image\\\/\"}}]}<\/script>\n<!-- \/ Yoast SEO Premium plugin. -->","yoast_head_json":{"title":"Voyage num\u00e9rique avec Untamed - TravEcademy","robots":{"index":"index","follow":"follow","max-snippet":"max-snippet:-1","max-image-preview":"max-image-preview:large","max-video-preview":"max-video-preview:-1"},"canonical":"https:\/\/travecademy.be\/fr\/voyage-numerique-avec-untamed\/","og_locale":"fr_FR","og_type":"article","og_title":"Voyage num\u00e9rique avec Untamed","og_description":"Untamed Travelling est r\u00e9guli\u00e8rement pr\u00e9sent\u00e9 dans le magazine web mensuel de la ZRA avec une belle page multim\u00e9dia.\u00a0Nous sommes heureux de les r\u00e9pertorier pour vous,\u2026","og_url":"https:\/\/travecademy.be\/fr\/voyage-numerique-avec-untamed\/","og_site_name":"TravEcademy","article_modified_time":"2024-02-13T10:13:04+00:00","og_image":[{"url":"https:\/\/cl.ly\/0e3Q241V0y0U\/Advertentie1.PNG","type":"","width":"","height":""}],"twitter_card":"summary_large_image","schema":{"@context":"https:\/\/schema.org","@graph":[{"@type":"WebPage","@id":"https:\/\/travecademy.be\/fr\/voyage-numerique-avec-untamed\/","url":"https:\/\/travecademy.be\/fr\/voyage-numerique-avec-untamed\/","name":"Voyage num\u00e9rique avec Untamed - TravEcademy","isPartOf":{"@id":"https:\/\/travecademy.be\/fr\/#website"},"primaryImageOfPage":{"@id":"https:\/\/travecademy.be\/fr\/voyage-numerique-avec-untamed\/#primaryimage"},"image":{"@id":"https:\/\/travecademy.be\/fr\/voyage-numerique-avec-untamed\/#primaryimage"},"thumbnailUrl":"https:\/\/cl.ly\/0e3Q241V0y0U\/Advertentie1.PNG","datePublished":"2017-10-23T12:48:39+00:00","dateModified":"2024-02-13T10:13:04+00:00","breadcrumb":{"@id":"https:\/\/travecademy.be\/fr\/voyage-numerique-avec-untamed\/#breadcrumb"},"inLanguage":"fr-FR","potentialAction":[{"@type":"ReadAction","target":["https:\/\/travecademy.be\/fr\/voyage-numerique-avec-untamed\/"]}]},{"@type":"ImageObject","inLanguage":"fr-FR","@id":"https:\/\/travecademy.be\/fr\/voyage-numerique-avec-untamed\/#primaryimage","url":"https:\/\/cl.ly\/0e3Q241V0y0U\/Advertentie1.PNG","contentUrl":"https:\/\/cl.ly\/0e3Q241V0y0U\/Advertentie1.PNG"},{"@type":"BreadcrumbList","@id":"https:\/\/travecademy.be\/fr\/voyage-numerique-avec-untamed\/#breadcrumb","itemListElement":[{"@type":"ListItem","position":1,"name":"Home","item":"https:\/\/travecademy.be\/fr\/"},{"@type":"ListItem","position":2,"name":"Voyage num\u00e9rique avec Untamed"}]},{"@type":"WebSite","@id":"https:\/\/travecademy.be\/fr\/#website","url":"https:\/\/travecademy.be\/fr\/","name":"TravEcademy","description":"Het meest succesvolle en gratis e-learning platform voor reisprofessionals","publisher":{"@id":"https:\/\/travecademy.be\/fr\/#organization"},"potentialAction":[{"@type":"SearchAction","target":{"@type":"EntryPoint","urlTemplate":"https:\/\/travecademy.be\/fr\/?s={search_term_string}"},"query-input":{"@type":"PropertyValueSpecification","valueRequired":true,"valueName":"search_term_string"}}],"inLanguage":"fr-FR"},{"@type":"Organization","@id":"https:\/\/travecademy.be\/fr\/#organization","name":"TravEcademy","url":"https:\/\/travecademy.be\/fr\/","logo":{"@type":"ImageObject","inLanguage":"fr-FR","@id":"https:\/\/travecademy.be\/fr\/#\/schema\/logo\/image\/","url":"https:\/\/travecademy.be\/wp-content\/uploads\/2024\/04\/Travecademy.png","contentUrl":"https:\/\/travecademy.be\/wp-content\/uploads\/2024\/04\/Travecademy.png","width":1263,"height":313,"caption":"TravEcademy"},"image":{"@id":"https:\/\/travecademy.be\/fr\/#\/schema\/logo\/image\/"}}]}},"publishpress_future_action":{"enabled":false,"date":"2026-05-07 22:39:55","action":"change-status","newStatus":"draft","terms":[],"taxonomy":"ecademys","extraData":[]},"publishpress_future_workflow_manual_trigger":{"enabledWorkflows":[]},"ticketed":false,"_links":{"self":[{"href":"https:\/\/travecademy.be\/fr\/wp-json\/wp\/v2\/pages\/44140","targetHints":{"allow":["GET"]}}],"collection":[{"href":"https:\/\/travecademy.be\/fr\/wp-json\/wp\/v2\/pages"}],"about":[{"href":"https:\/\/travecademy.be\/fr\/wp-json\/wp\/v2\/types\/page"}],"author":[{"embeddable":true,"href":"https:\/\/travecademy.be\/fr\/wp-json\/wp\/v2\/users\/1"}],"replies":[{"embeddable":true,"href":"https:\/\/travecademy.be\/fr\/wp-json\/wp\/v2\/comments?post=44140"}],"version-history":[{"count":1,"href":"https:\/\/travecademy.be\/fr\/wp-json\/wp\/v2\/pages\/44140\/revisions"}],"predecessor-version":[{"id":44142,"href":"https:\/\/travecademy.be\/fr\/wp-json\/wp\/v2\/pages\/44140\/revisions\/44142"}],"wp:attachment":[{"href":"https:\/\/travecademy.be\/fr\/wp-json\/wp\/v2\/media?parent=44140"}],"wp:term":[{"taxonomy":"post_tag","embeddable":true,"href":"https:\/\/travecademy.be\/fr\/wp-json\/wp\/v2\/tags?post=44140"},{"taxonomy":"ecademys","embeddable":true,"href":"https:\/\/travecademy.be\/fr\/wp-json\/wp\/v2\/ecademys?post=44140"}],"curies":[{"name":"wp","href":"https:\/\/api.w.org\/{rel}","templated":true}]}}