{"id":44171,"date":"2023-07-13T10:38:00","date_gmt":"2023-07-13T08:38:00","guid":{"rendered":"https:\/\/travecademy.be\/nouveau-blogs-de-voyage\/"},"modified":"2024-02-13T12:13:04","modified_gmt":"2024-02-13T10:13:04","slug":"nouveau-blogs-de-voyage","status":"publish","type":"page","link":"https:\/\/travecademy.be\/fr\/nouveau-blogs-de-voyage\/","title":{"rendered":"NOUVEAU : blogs de voyage"},"content":{"rendered":"<p><strong>En tant qu\u2019agent de voyage (ind\u00e9pendant), vous ne pouvez \u00e9videmment pas avoir visit\u00e9 tous les endroits vous-m\u00eame. Nous avons donc demand\u00e9 \u00e0 une personne aimant les \u00c9tats-Unis et le Canada d\u2019\u00e9crire un blog hebdomadaire sur les meilleurs endroits de ces pays. Vous voulez \u00eatre bien inform\u00e9 en tant que conseiller en voyages (ind\u00e9pendant) ? Apprendre quelque chose sur ces pays, ou peut-\u00eatre commencer \u00e0 les vendre davantage ? Alors lisez notre blog sur Travecademy chaque semaine \u00e0 partir de maintenant.<\/strong><\/p>\n<p><em>Bonne lecture !<\/em><\/p>\n<ul>\n<li>\n<h4><a href=\"https:\/\/nieuw.travecademy.be\/ecademys\/usa-canada\/nieuws\/blog-fietsen-british-columbia\" data-cke-saved-href=\"https:\/\/nieuw.travecademy.be\/ecademys\/usa-canada\/nieuws\/blog-fietsen-british-columbia\">Cyclisme en Colombie-Britannique : Kettle Valley Railway et Myra Canyon<\/a><\/h4>\n<\/li>\n<li>\n<h4><a href=\"https:\/\/nieuw.travecademy.be\/ecademys\/usa-canada\/nieuws\/blog-biscayne-national-park-florida\" data-cke-saved-href=\"https:\/\/nieuw.travecademy.be\/ecademys\/usa-canada\/nieuws\/blog-biscayne-national-park-florida\">Parc national de Biscayne, Floride<\/a><\/h4>\n<\/li>\n<li>\n<h4><a href=\"https:\/\/nieuw.travecademy.be\/ecademys\/usa-canada\/nieuws\/blog-wintersport-canada\" data-cke-saved-href=\"https:\/\/nieuw.travecademy.be\/ecademys\/usa-canada\/nieuws\/blog-wintersport-canada\">Sports d\u2019hiver au Canada<\/a><\/h4>\n<\/li>\n<li>\n<h4><a href=\"https:\/\/nieuw.travecademy.be\/ecademys\/usa-canada\/nieuws\/blog-5-highlights-van-san-francisco\" data-cke-saved-href=\"https:\/\/nieuw.travecademy.be\/ecademys\/usa-canada\/nieuws\/blog-5-highlights-van-san-francisco\">5 points forts de San Francisco<\/a><\/h4>\n<\/li>\n<li>\n<h4><a href=\"https:\/\/nieuw.travecademy.be\/ecademys\/usa-canada\/nieuws\/blog-you-can-portland-oregon\" data-cke-saved-href=\"https:\/\/nieuw.travecademy.be\/ecademys\/usa-canada\/nieuws\/blog-you-can-portland-oregon\">Vous pouvez \u00e0 Portland (Oregon)<\/a><\/h4>\n<\/li>\n<li>\n<h4><a href=\"https:\/\/nieuw.travecademy.be\/ecademys\/usa-canada\/nieuws\/blog-highlights-van-gros-morne-national-park\" data-cke-saved-href=\"https:\/\/nieuw.travecademy.be\/ecademys\/usa-canada\/nieuws\/blog-highlights-van-gros-morne-national-park\">Points forts du parc national du Gros-Morne<\/a><\/h4>\n<\/li>\n<li>\n<h4><a href=\"https:\/\/nieuw.travecademy.be\/ecademys\/usa-canada\/nieuws\/blog-highlights-van-yellowstone-national-park\" data-cke-saved-href=\"https:\/\/nieuw.travecademy.be\/ecademys\/usa-canada\/nieuws\/blog-highlights-van-yellowstone-national-park\">Les points forts du parc national de Yellowstone<\/a><\/h4>\n<\/li>\n<li>\n<h4><a href=\"https:\/\/nieuw.travecademy.be\/ecademys\/usa-canada\/nieuws\/blog-bezoek-een-powwow-van-de-first-nations\" data-cke-saved-href=\"https:\/\/nieuw.travecademy.be\/ecademys\/usa-canada\/nieuws\/blog-bezoek-een-powwow-van-de-first-nations\">Visiter un pow-wow des Premi\u00e8res nations<\/a><\/h4>\n<\/li>\n<li>\n<h4><a href=\"https:\/\/nieuw.travecademy.be\/ecademys\/usa-canada\/nieuws\/blog-bezoek-het-burning-man-festival-de-blackrock-desert\" data-cke-saved-href=\"https:\/\/nieuw.travecademy.be\/ecademys\/usa-canada\/nieuws\/blog-bezoek-het-burning-man-festival-de-blackrock-desert\">Visite du festival Burning Man dans le d\u00e9sert de Blackrock<\/a><\/h4>\n<\/li>\n<li>\n<h4><a href=\"https:\/\/nieuw.travecademy.be\/ecademys\/usa-canada\/nieuws\/blog-bezoek-de-mooiste-meren-van-canada\" data-cke-saved-href=\"https:\/\/nieuw.travecademy.be\/ecademys\/usa-canada\/nieuws\/blog-bezoek-de-mooiste-meren-van-canada\">Visitez les plus beaux lacs du Canada<\/a><\/h4>\n<\/li>\n<li>\n<h4><a href=\"https:\/\/nieuw.travecademy.be\/ecademys\/usa-canada\/nieuws\/blog-bezoek-het-everglades-national-park-florida\" data-cke-saved-href=\"https:\/\/nieuw.travecademy.be\/ecademys\/usa-canada\/nieuws\/blog-bezoek-het-everglades-national-park-florida\">Visite du parc national des Everglades en Floride<\/a><\/h4>\n<\/li>\n<li>\n<h4><a href=\"https:\/\/nieuw.travecademy.be\/ecademys\/usa-canada\/nieuws\/blog-dawson-city-goudzoekerscultuur-het-wilde-westen\" data-cke-saved-href=\"https:\/\/nieuw.travecademy.be\/ecademys\/usa-canada\/nieuws\/blog-dawson-city-goudzoekerscultuur-het-wilde-westen\">Dawson City, la culture des prospecteurs dans le Far West<\/a><\/h4>\n<\/li>\n<li>\n<h4><a href=\"https:\/\/nieuw.travecademy.be\/ecademys\/usa-canada\/nieuws\/blog-de-prachtige-nationale-parken-van-colorado-en-utah\" data-cke-saved-href=\"https:\/\/nieuw.travecademy.be\/ecademys\/usa-canada\/nieuws\/blog-de-prachtige-nationale-parken-van-colorado-en-utah\">Parcs nationaux du Colorado et de l\u2019Utah<\/a><\/h4>\n<\/li>\n<li>\n<h4><a href=\"https:\/\/nieuw.travecademy.be\/ecademys\/usa-canada\/nieuws\/blog-ontdek-old-quebec-city\" data-cke-saved-href=\"https:\/\/nieuw.travecademy.be\/ecademys\/usa-canada\/nieuws\/blog-ontdek-old-quebec-city\">Vieille ville de Qu\u00e9bec<\/a><\/h4>\n<\/li>\n<li>\n<h4><a href=\"https:\/\/nieuw.travecademy.be\/ecademys\/usa-canada\/nieuws\/blog-glacier-national-park\" data-cke-saved-href=\"https:\/\/nieuw.travecademy.be\/ecademys\/usa-canada\/nieuws\/blog-glacier-national-park\">Parc national des Glaciers<\/a><\/h4>\n<\/li>\n<li>\n<h4><a href=\"https:\/\/nieuw.travecademy.be\/ecademys\/usa-canada\/nieuws\/de-alaska-highway-roadtrip-richting-het-noorden\" data-cke-saved-href=\"https:\/\/nieuw.travecademy.be\/ecademys\/usa-canada\/nieuws\/de-alaska-highway-roadtrip-richting-het-noorden\">Roadtrip sur la route de l\u2019Alaska<\/a><\/h4>\n<\/li>\n<li>\n<h4><a href=\"https:\/\/nieuw.travecademy.be\/ecademys\/usa-canada\/nieuws\/blog-bezoek-het-new-orleans-jazz-and-heritage-festival\" data-cke-saved-href=\"https:\/\/nieuw.travecademy.be\/ecademys\/usa-canada\/nieuws\/blog-bezoek-het-new-orleans-jazz-and-heritage-festival\">Festival du jazz et du patrimoine de la Nouvelle-Orl\u00e9ans<\/a><\/h4>\n<\/li>\n<li>\n<h4><a href=\"https:\/\/nieuw.travecademy.be\/ecademys\/usa-canada\/nieuws\/blog-cabot-trail-de-ultieme-canadese-roadtrip\" data-cke-saved-href=\"https:\/\/nieuw.travecademy.be\/ecademys\/usa-canada\/nieuws\/blog-cabot-trail-de-ultieme-canadese-roadtrip\">La Cabot Trail, l\u2019ultime road trip canadien<\/a><\/h4>\n<\/li>\n<li>\n<h4><a href=\"https:\/\/nieuw.travecademy.be\/ecademys\/usa-canada\/nieuws\/blog-highlights-van-arizona\" data-cke-saved-href=\"https:\/\/nieuw.travecademy.be\/ecademys\/usa-canada\/nieuws\/blog-highlights-van-arizona\">Les points forts de l\u2019Arizona<\/a><\/h4>\n<\/li>\n<li>\n<h4><a href=\"https:\/\/nieuw.travecademy.be\/ecademys\/usa-canada\/nieuws\/blog-top-6-stedentrips-naar-amerika\" data-cke-saved-href=\"https:\/\/nieuw.travecademy.be\/ecademys\/usa-canada\/nieuws\/blog-top-6-stedentrips-naar-amerika\">Les 6 meilleures escapades en Am\u00e9rique<\/a><\/h4>\n<\/li>\n<li>\n<h4><a href=\"https:\/\/nieuw.travecademy.be\/ecademys\/usa-canada\/nieuws\/blog-stedentrip-naar-ottawa-de-hoofdstad-van-canada\" data-cke-saved-href=\"https:\/\/nieuw.travecademy.be\/ecademys\/usa-canada\/nieuws\/blog-stedentrip-naar-ottawa-de-hoofdstad-van-canada\">City break \u00e0 Ottawa, la capitale du Canada<\/a><\/h4>\n<\/li>\n<li>\n<h4><a href=\"https:\/\/nieuw.travecademy.be\/ecademys\/usa-canada\/nieuws\/blog-7-highlights-van-orlando\" data-cke-saved-href=\"https:\/\/nieuw.travecademy.be\/ecademys\/usa-canada\/nieuws\/blog-7-highlights-van-orlando\">7 points forts d\u2019Orlando<\/a><\/h4>\n<\/li>\n<li>\n<h4><a href=\"https:\/\/nieuw.travecademy.be\/ecademys\/usa-canada\/nieuws\/blog-banff-national-park-het-oudste-nationale-park-van-canada\" data-cke-saved-href=\"https:\/\/nieuw.travecademy.be\/ecademys\/usa-canada\/nieuws\/blog-banff-national-park-het-oudste-nationale-park-van-canada\">Le parc national de Banff, le plus ancien parc national du Canada<\/a><\/h4>\n<\/li>\n<li>\n<h4><a href=\"https:\/\/nieuw.travecademy.be\/ecademys\/usa-canada\/nieuws\/blog-top-5-nationale-parken-van-californi%C3%AB\" data-cke-saved-href=\"https:\/\/nieuw.travecademy.be\/ecademys\/usa-canada\/nieuws\/blog-top-5-nationale-parken-van-californi%C3%AB\">Top 5 des parcs nationaux de Californie<\/a><\/h4>\n<\/li>\n<li>\n<h4><a href=\"https:\/\/nieuw.travecademy.be\/ecademys\/usa-canada\/nieuws\/blog-las-vegas-4-dagtrips-de-natuur\" data-cke-saved-href=\"https:\/\/nieuw.travecademy.be\/ecademys\/usa-canada\/nieuws\/blog-las-vegas-4-dagtrips-de-natuur\">Las Vegas : 4 jours d\u2019excursions dans la nature<\/a><\/h4>\n<\/li>\n<li>\n<h4><a href=\"https:\/\/nieuw.travecademy.be\/ecademys\/usa-canada\/nieuws\/blog-vancouver-island-het-vakantie-eiland-bij-uitstek\" data-cke-saved-href=\"https:\/\/nieuw.travecademy.be\/ecademys\/usa-canada\/nieuws\/blog-vancouver-island-het-vakantie-eiland-bij-uitstek\">L\u2019\u00eele de Vancouver : l\u2019\u00eele de vacances par excellence<\/a><\/h4>\n<\/li>\n<li>\n<h4><a href=\"https:\/\/nieuw.travecademy.be\/ecademys\/usa-canada\/nieuws\/blog-6-highlights-van-toronto\" data-cke-saved-href=\"https:\/\/nieuw.travecademy.be\/ecademys\/usa-canada\/nieuws\/blog-6-highlights-van-toronto\">6 points forts de Toronto<\/a><\/h4>\n<\/li>\n<li>\n<h4><a href=\"https:\/\/nieuw.travecademy.be\/ecademys\/usa-canada\/nieuws\/blog-waar-bekijk-je-de-zalmtrek-canada\" data-cke-saved-href=\"https:\/\/nieuw.travecademy.be\/ecademys\/usa-canada\/nieuws\/blog-waar-bekijk-je-de-zalmtrek-canada\">O\u00f9 peut-on observer la migration des saumons au Canada ?<\/a><\/h4>\n<\/li>\n<li>\n<h4><a href=\"https:\/\/nieuw.travecademy.be\/ecademys\/usa-canada\/nieuws\/blog-8-highlights-van-de-grand-canyon\" data-cke-saved-href=\"https:\/\/nieuw.travecademy.be\/ecademys\/usa-canada\/nieuws\/blog-8-highlights-van-de-grand-canyon\">8 points forts du Grand Canyon<\/a><\/h4>\n<\/li>\n<\/ul>\n","protected":false},"excerpt":{"rendered":"<p>En tant qu\u2019agent de voyage (ind\u00e9pendant), vous ne pouvez \u00e9videmment pas avoir visit\u00e9 tous les endroits vous-m\u00eame. Nous avons donc demand\u00e9 \u00e0 une personne aimant\u2026<\/p>\n","protected":false},"author":1,"featured_media":42921,"parent":0,"menu_order":0,"comment_status":"closed","ping_status":"closed","template":"","meta":{"_acf_changed":false,"_price":"","_stock":"","_tribe_ticket_header":"","_tribe_default_ticket_provider":"","_tribe_ticket_capacity":"0","_ticket_start_date":"","_ticket_end_date":"","_tribe_ticket_show_description":"","_tribe_ticket_show_not_going":false,"_tribe_ticket_use_global_stock":"","_tribe_ticket_global_stock_level":"","_global_stock_mode":"","_global_stock_cap":"","_tribe_rsvp_for_event":"","_tribe_ticket_going_count":"","_tribe_ticket_not_going_count":"","_tribe_tickets_list":"[]","_tribe_ticket_has_attendee_info_fields":false,"footnotes":"","_tec_slr_enabled":"","_tec_slr_layout":""},"tags":[],"ecademys":[506],"class_list":["post-44171","page","type-page","status-publish","has-post-thumbnail","hentry","ecademys-usa-canada-fr"],"acf":[],"yoast_head":"<!-- This site is optimized with the Yoast SEO Premium plugin v27.4 (Yoast SEO v27.5) - https:\/\/yoast.com\/product\/yoast-seo-premium-wordpress\/ -->\n<title>NOUVEAU : blogs de voyage - TravEcademy<\/title>\n<meta name=\"robots\" content=\"index, follow, max-snippet:-1, max-image-preview:large, max-video-preview:-1\" \/>\n<link rel=\"canonical\" href=\"https:\/\/travecademy.be\/fr\/nouveau-blogs-de-voyage\/\" class=\"yoast-seo-meta-tag\" \/>\n<meta property=\"og:locale\" content=\"fr_FR\" class=\"yoast-seo-meta-tag\" \/>\n<meta property=\"og:type\" content=\"article\" class=\"yoast-seo-meta-tag\" \/>\n<meta property=\"og:title\" content=\"NOUVEAU : blogs de voyage\" class=\"yoast-seo-meta-tag\" \/>\n<meta property=\"og:description\" content=\"En tant qu\u2019agent de voyage (ind\u00e9pendant), vous ne pouvez \u00e9videmment pas avoir visit\u00e9 tous les endroits vous-m\u00eame. Nous avons donc demand\u00e9 \u00e0 une personne aimant\u2026\" class=\"yoast-seo-meta-tag\" \/>\n<meta property=\"og:url\" content=\"https:\/\/travecademy.be\/fr\/nouveau-blogs-de-voyage\/\" class=\"yoast-seo-meta-tag\" \/>\n<meta property=\"og:site_name\" content=\"TravEcademy\" class=\"yoast-seo-meta-tag\" \/>\n<meta property=\"article:modified_time\" content=\"2024-02-13T10:13:04+00:00\" class=\"yoast-seo-meta-tag\" \/>\n<meta property=\"og:image\" content=\"https:\/\/travecademy.be\/wp-content\/uploads\/2023\/07\/shutterstock_1979142809.jpg\" class=\"yoast-seo-meta-tag\" \/>\n\t<meta property=\"og:image:width\" content=\"1000\" class=\"yoast-seo-meta-tag\" \/>\n\t<meta property=\"og:image:height\" content=\"667\" class=\"yoast-seo-meta-tag\" \/>\n\t<meta property=\"og:image:type\" content=\"image\/jpeg\" class=\"yoast-seo-meta-tag\" \/>\n<meta name=\"twitter:card\" content=\"summary_large_image\" class=\"yoast-seo-meta-tag\" \/>\n<meta name=\"twitter:label1\" content=\"Dur\u00e9e de lecture estim\u00e9e\" class=\"yoast-seo-meta-tag\" \/>\n\t<meta name=\"twitter:data1\" content=\"1 minute\" class=\"yoast-seo-meta-tag\" \/>\n<script type=\"application\/ld+json\" class=\"yoast-schema-graph\">{\"@context\":\"https:\\\/\\\/schema.org\",\"@graph\":[{\"@type\":\"WebPage\",\"@id\":\"https:\\\/\\\/travecademy.be\\\/fr\\\/nouveau-blogs-de-voyage\\\/\",\"url\":\"https:\\\/\\\/travecademy.be\\\/fr\\\/nouveau-blogs-de-voyage\\\/\",\"name\":\"NOUVEAU : blogs de voyage - TravEcademy\",\"isPartOf\":{\"@id\":\"https:\\\/\\\/travecademy.be\\\/fr\\\/#website\"},\"primaryImageOfPage\":{\"@id\":\"https:\\\/\\\/travecademy.be\\\/fr\\\/nouveau-blogs-de-voyage\\\/#primaryimage\"},\"image\":{\"@id\":\"https:\\\/\\\/travecademy.be\\\/fr\\\/nouveau-blogs-de-voyage\\\/#primaryimage\"},\"thumbnailUrl\":\"https:\\\/\\\/travecademy.be\\\/wp-content\\\/uploads\\\/2023\\\/07\\\/shutterstock_1979142809.jpg\",\"datePublished\":\"2023-07-13T08:38:00+00:00\",\"dateModified\":\"2024-02-13T10:13:04+00:00\",\"breadcrumb\":{\"@id\":\"https:\\\/\\\/travecademy.be\\\/fr\\\/nouveau-blogs-de-voyage\\\/#breadcrumb\"},\"inLanguage\":\"fr-FR\",\"potentialAction\":[{\"@type\":\"ReadAction\",\"target\":[\"https:\\\/\\\/travecademy.be\\\/fr\\\/nouveau-blogs-de-voyage\\\/\"]}]},{\"@type\":\"ImageObject\",\"inLanguage\":\"fr-FR\",\"@id\":\"https:\\\/\\\/travecademy.be\\\/fr\\\/nouveau-blogs-de-voyage\\\/#primaryimage\",\"url\":\"https:\\\/\\\/travecademy.be\\\/wp-content\\\/uploads\\\/2023\\\/07\\\/shutterstock_1979142809.jpg\",\"contentUrl\":\"https:\\\/\\\/travecademy.be\\\/wp-content\\\/uploads\\\/2023\\\/07\\\/shutterstock_1979142809.jpg\",\"width\":1000,\"height\":667},{\"@type\":\"BreadcrumbList\",\"@id\":\"https:\\\/\\\/travecademy.be\\\/fr\\\/nouveau-blogs-de-voyage\\\/#breadcrumb\",\"itemListElement\":[{\"@type\":\"ListItem\",\"position\":1,\"name\":\"Home\",\"item\":\"https:\\\/\\\/travecademy.be\\\/fr\\\/\"},{\"@type\":\"ListItem\",\"position\":2,\"name\":\"NOUVEAU : blogs de voyage\"}]},{\"@type\":\"WebSite\",\"@id\":\"https:\\\/\\\/travecademy.be\\\/fr\\\/#website\",\"url\":\"https:\\\/\\\/travecademy.be\\\/fr\\\/\",\"name\":\"TravEcademy\",\"description\":\"Het meest succesvolle en gratis e-learning platform voor reisprofessionals\",\"publisher\":{\"@id\":\"https:\\\/\\\/travecademy.be\\\/fr\\\/#organization\"},\"potentialAction\":[{\"@type\":\"SearchAction\",\"target\":{\"@type\":\"EntryPoint\",\"urlTemplate\":\"https:\\\/\\\/travecademy.be\\\/fr\\\/?s={search_term_string}\"},\"query-input\":{\"@type\":\"PropertyValueSpecification\",\"valueRequired\":true,\"valueName\":\"search_term_string\"}}],\"inLanguage\":\"fr-FR\"},{\"@type\":\"Organization\",\"@id\":\"https:\\\/\\\/travecademy.be\\\/fr\\\/#organization\",\"name\":\"TravEcademy\",\"url\":\"https:\\\/\\\/travecademy.be\\\/fr\\\/\",\"logo\":{\"@type\":\"ImageObject\",\"inLanguage\":\"fr-FR\",\"@id\":\"https:\\\/\\\/travecademy.be\\\/fr\\\/#\\\/schema\\\/logo\\\/image\\\/\",\"url\":\"https:\\\/\\\/travecademy.be\\\/wp-content\\\/uploads\\\/2024\\\/04\\\/Travecademy.png\",\"contentUrl\":\"https:\\\/\\\/travecademy.be\\\/wp-content\\\/uploads\\\/2024\\\/04\\\/Travecademy.png\",\"width\":1263,\"height\":313,\"caption\":\"TravEcademy\"},\"image\":{\"@id\":\"https:\\\/\\\/travecademy.be\\\/fr\\\/#\\\/schema\\\/logo\\\/image\\\/\"}}]}<\/script>\n<!-- \/ Yoast SEO Premium plugin. -->","yoast_head_json":{"title":"NOUVEAU : blogs de voyage - TravEcademy","robots":{"index":"index","follow":"follow","max-snippet":"max-snippet:-1","max-image-preview":"max-image-preview:large","max-video-preview":"max-video-preview:-1"},"canonical":"https:\/\/travecademy.be\/fr\/nouveau-blogs-de-voyage\/","og_locale":"fr_FR","og_type":"article","og_title":"NOUVEAU : blogs de voyage","og_description":"En tant qu\u2019agent de voyage (ind\u00e9pendant), vous ne pouvez \u00e9videmment pas avoir visit\u00e9 tous les endroits vous-m\u00eame. Nous avons donc demand\u00e9 \u00e0 une personne aimant\u2026","og_url":"https:\/\/travecademy.be\/fr\/nouveau-blogs-de-voyage\/","og_site_name":"TravEcademy","article_modified_time":"2024-02-13T10:13:04+00:00","og_image":[{"width":1000,"height":667,"url":"https:\/\/travecademy.be\/wp-content\/uploads\/2023\/07\/shutterstock_1979142809.jpg","type":"image\/jpeg"}],"twitter_card":"summary_large_image","twitter_misc":{"Dur\u00e9e de lecture estim\u00e9e":"1 minute"},"schema":{"@context":"https:\/\/schema.org","@graph":[{"@type":"WebPage","@id":"https:\/\/travecademy.be\/fr\/nouveau-blogs-de-voyage\/","url":"https:\/\/travecademy.be\/fr\/nouveau-blogs-de-voyage\/","name":"NOUVEAU : blogs de voyage - TravEcademy","isPartOf":{"@id":"https:\/\/travecademy.be\/fr\/#website"},"primaryImageOfPage":{"@id":"https:\/\/travecademy.be\/fr\/nouveau-blogs-de-voyage\/#primaryimage"},"image":{"@id":"https:\/\/travecademy.be\/fr\/nouveau-blogs-de-voyage\/#primaryimage"},"thumbnailUrl":"https:\/\/travecademy.be\/wp-content\/uploads\/2023\/07\/shutterstock_1979142809.jpg","datePublished":"2023-07-13T08:38:00+00:00","dateModified":"2024-02-13T10:13:04+00:00","breadcrumb":{"@id":"https:\/\/travecademy.be\/fr\/nouveau-blogs-de-voyage\/#breadcrumb"},"inLanguage":"fr-FR","potentialAction":[{"@type":"ReadAction","target":["https:\/\/travecademy.be\/fr\/nouveau-blogs-de-voyage\/"]}]},{"@type":"ImageObject","inLanguage":"fr-FR","@id":"https:\/\/travecademy.be\/fr\/nouveau-blogs-de-voyage\/#primaryimage","url":"https:\/\/travecademy.be\/wp-content\/uploads\/2023\/07\/shutterstock_1979142809.jpg","contentUrl":"https:\/\/travecademy.be\/wp-content\/uploads\/2023\/07\/shutterstock_1979142809.jpg","width":1000,"height":667},{"@type":"BreadcrumbList","@id":"https:\/\/travecademy.be\/fr\/nouveau-blogs-de-voyage\/#breadcrumb","itemListElement":[{"@type":"ListItem","position":1,"name":"Home","item":"https:\/\/travecademy.be\/fr\/"},{"@type":"ListItem","position":2,"name":"NOUVEAU : blogs de voyage"}]},{"@type":"WebSite","@id":"https:\/\/travecademy.be\/fr\/#website","url":"https:\/\/travecademy.be\/fr\/","name":"TravEcademy","description":"Het meest succesvolle en gratis e-learning platform voor reisprofessionals","publisher":{"@id":"https:\/\/travecademy.be\/fr\/#organization"},"potentialAction":[{"@type":"SearchAction","target":{"@type":"EntryPoint","urlTemplate":"https:\/\/travecademy.be\/fr\/?s={search_term_string}"},"query-input":{"@type":"PropertyValueSpecification","valueRequired":true,"valueName":"search_term_string"}}],"inLanguage":"fr-FR"},{"@type":"Organization","@id":"https:\/\/travecademy.be\/fr\/#organization","name":"TravEcademy","url":"https:\/\/travecademy.be\/fr\/","logo":{"@type":"ImageObject","inLanguage":"fr-FR","@id":"https:\/\/travecademy.be\/fr\/#\/schema\/logo\/image\/","url":"https:\/\/travecademy.be\/wp-content\/uploads\/2024\/04\/Travecademy.png","contentUrl":"https:\/\/travecademy.be\/wp-content\/uploads\/2024\/04\/Travecademy.png","width":1263,"height":313,"caption":"TravEcademy"},"image":{"@id":"https:\/\/travecademy.be\/fr\/#\/schema\/logo\/image\/"}}]}},"publishpress_future_action":{"enabled":false,"date":"2026-05-06 16:22:46","action":"change-status","newStatus":"draft","terms":[],"taxonomy":"ecademys","extraData":[]},"publishpress_future_workflow_manual_trigger":{"enabledWorkflows":[]},"ticketed":false,"_links":{"self":[{"href":"https:\/\/travecademy.be\/fr\/wp-json\/wp\/v2\/pages\/44171","targetHints":{"allow":["GET"]}}],"collection":[{"href":"https:\/\/travecademy.be\/fr\/wp-json\/wp\/v2\/pages"}],"about":[{"href":"https:\/\/travecademy.be\/fr\/wp-json\/wp\/v2\/types\/page"}],"author":[{"embeddable":true,"href":"https:\/\/travecademy.be\/fr\/wp-json\/wp\/v2\/users\/1"}],"replies":[{"embeddable":true,"href":"https:\/\/travecademy.be\/fr\/wp-json\/wp\/v2\/comments?post=44171"}],"version-history":[{"count":1,"href":"https:\/\/travecademy.be\/fr\/wp-json\/wp\/v2\/pages\/44171\/revisions"}],"predecessor-version":[{"id":44173,"href":"https:\/\/travecademy.be\/fr\/wp-json\/wp\/v2\/pages\/44171\/revisions\/44173"}],"wp:featuredmedia":[{"embeddable":true,"href":"https:\/\/travecademy.be\/fr\/wp-json\/wp\/v2\/media\/42921"}],"wp:attachment":[{"href":"https:\/\/travecademy.be\/fr\/wp-json\/wp\/v2\/media?parent=44171"}],"wp:term":[{"taxonomy":"post_tag","embeddable":true,"href":"https:\/\/travecademy.be\/fr\/wp-json\/wp\/v2\/tags?post=44171"},{"taxonomy":"ecademys","embeddable":true,"href":"https:\/\/travecademy.be\/fr\/wp-json\/wp\/v2\/ecademys?post=44171"}],"curies":[{"name":"wp","href":"https:\/\/api.w.org\/{rel}","templated":true}]}}