{"id":44184,"date":"2023-07-09T10:39:00","date_gmt":"2023-07-09T08:39:00","guid":{"rendered":"https:\/\/travecademy.be\/a-propos-ditn-marketing\/"},"modified":"2024-02-13T12:13:05","modified_gmt":"2024-02-13T10:13:05","slug":"a-propos-ditn-marketing","status":"publish","type":"page","link":"https:\/\/travecademy.be\/fr\/a-propos-ditn-marketing\/","title":{"rendered":"\u00c0 propos d\u2019ITN Marketing"},"content":{"rendered":"\n<h2 class=\"wp-block-heading\"><strong>\u00c0 propos d\u2019ITN Marketing<\/strong><\/h2>\n\n<p><strong>ITN Marketing se compose d\u2019une petite \u00e9quipe et travaille avec un groupe permanent de travailleurs ind\u00e9pendants. Ils aiment travailler pour des relations diverses et en garantissent la qualit\u00e9. ITN Marketing est convaincu que l\u2019exp\u00e9rience du voyage est source d\u2019inspiration et contribue \u00e0 une attitude positive face \u00e0 la vie et \u00e0 une ouverture d\u2019esprit !  <\/strong><\/p>\n\n<p>Nous proposons des services de marketing et de vente, de gestion des destinations, d\u2019organisation d\u2019\u00e9v\u00e9nements et de relations publiques pour l\u2019industrie du voyage et les m\u00e9dias. Nous croyons en l\u2019engagement personnel. Notre approche structurelle et cr\u00e9ative est \u00e0 l\u2019origine du succ\u00e8s de nos services. C\u2019est avec beaucoup d\u2019enthousiasme et d\u2019inspiration que nous organisons chaque ann\u00e9e les diff\u00e9rents \u00e9v\u00e9nements. Certains sont nouveaux, d\u2019autres ont plus de 10 ans, et chaque fois avec des \u00e9l\u00e9ments rafra\u00eechissants. Il s\u2019agit d\u2019\u00e9v\u00e9nements destin\u00e9s au secteur commercial (b2b) ou aux consommateurs (b2c), de 10 personnes \u00e0 plusieurs milliers de visiteurs. Nous sommes une petite \u00e9quipe et travaillons avec un groupe permanent de free-lances. Nous aimons travailler pour des relations diverses et nous garantissons notre qualit\u00e9. Nous sommes convaincus que l\u2019exp\u00e9rience du voyage est source d\u2019inspiration et contribue \u00e0 une attitude positive face \u00e0 la vie et \u00e0 une ouverture d\u2019esprit !<\/p>\n\n<p><strong>Informations sur les contacts<\/strong><\/p>\n\n<p>ITN Marketing<br\/>Karin Gomes<br\/>Hollow Bilt 25a<br\/>3732 HM de Bilt<\/p>\n\n<p>Tel : 06 54 706 924<br\/>Courriel : <a href=\"mailto:karin.gomes@itnmarketing.nl\">karin.gomes@itnmarketing.nl<\/a><\/p>\n\n<p><a href=\"http:\/\/www.itnmarketing.nl\/\" target=\"_blank\" rel=\"noreferrer noopener\">www.itnmarketing.nl<\/a><\/p>\n\n<p>Ou plus d\u2019informations sur nos \u00e9v\u00e9nements :<\/p>\n\n<p><a href=\"mailto:usacanadaexperience@itnmarketing.nl\">usacanadaexperience@itnmarketing.nl<\/a><\/p>\n\n<p><a href=\"mailto:usacanadareisbeurs@itnmarketing.nl\">usacanadareisbeurs@itnmarketing.nl<\/a><\/p>\n\n<figure class=\"wp-block-image\"><a href=\"http:\/\/www.itnmarketing.nl\/\" target=\"_blank\" rel=\"noreferrer noopener\"><img decoding=\"async\" src=\"https:\/\/www.itnmarketing.nl\/wp-content\/uploads\/2017\/03\/logo-itn-web.png\" alt=\"ITN Marketing\"\/><\/a><\/figure>\n","protected":false},"excerpt":{"rendered":"<p>\u00c0 propos d\u2019ITN Marketing ITN Marketing se compose d\u2019une petite \u00e9quipe et travaille avec un groupe permanent de travailleurs ind\u00e9pendants. Ils aiment travailler pour des\u2026<\/p>\n","protected":false},"author":1,"featured_media":42924,"parent":0,"menu_order":0,"comment_status":"closed","ping_status":"closed","template":"","meta":{"_acf_changed":false,"_price":"","_stock":"","_tribe_ticket_header":"","_tribe_default_ticket_provider":"","_tribe_ticket_capacity":"0","_ticket_start_date":"","_ticket_end_date":"","_tribe_ticket_show_description":"","_tribe_ticket_show_not_going":false,"_tribe_ticket_use_global_stock":"","_tribe_ticket_global_stock_level":"","_global_stock_mode":"","_global_stock_cap":"","_tribe_rsvp_for_event":"","_tribe_ticket_going_count":"","_tribe_ticket_not_going_count":"","_tribe_tickets_list":"[]","_tribe_ticket_has_attendee_info_fields":false,"footnotes":"","_tec_slr_enabled":"","_tec_slr_layout":""},"tags":[],"ecademys":[506],"class_list":["post-44184","page","type-page","status-publish","has-post-thumbnail","hentry","ecademys-usa-canada-fr"],"acf":[],"yoast_head":"<!-- This site is optimized with the Yoast SEO Premium plugin v27.4 (Yoast SEO v27.5) - https:\/\/yoast.com\/product\/yoast-seo-premium-wordpress\/ -->\n<title>\u00c0 propos d&#039;ITN Marketing - TravEcademy<\/title>\n<meta name=\"robots\" content=\"index, follow, max-snippet:-1, max-image-preview:large, max-video-preview:-1\" \/>\n<link rel=\"canonical\" href=\"https:\/\/travecademy.be\/fr\/a-propos-ditn-marketing\/\" class=\"yoast-seo-meta-tag\" \/>\n<meta property=\"og:locale\" content=\"fr_FR\" class=\"yoast-seo-meta-tag\" \/>\n<meta property=\"og:type\" content=\"article\" class=\"yoast-seo-meta-tag\" \/>\n<meta property=\"og:title\" content=\"\u00c0 propos d&#039;ITN Marketing\" class=\"yoast-seo-meta-tag\" \/>\n<meta property=\"og:description\" content=\"\u00c0 propos d\u2019ITN Marketing ITN Marketing se compose d\u2019une petite \u00e9quipe et travaille avec un groupe permanent de travailleurs ind\u00e9pendants. Ils aiment travailler pour des\u2026\" class=\"yoast-seo-meta-tag\" \/>\n<meta property=\"og:url\" content=\"https:\/\/travecademy.be\/fr\/a-propos-ditn-marketing\/\" class=\"yoast-seo-meta-tag\" \/>\n<meta property=\"og:site_name\" content=\"TravEcademy\" class=\"yoast-seo-meta-tag\" \/>\n<meta property=\"article:modified_time\" content=\"2024-02-13T10:13:05+00:00\" class=\"yoast-seo-meta-tag\" \/>\n<meta property=\"og:image\" content=\"https:\/\/travecademy.be\/wp-content\/uploads\/2023\/07\/Schermafbeelding-2023-07-18-105711.png\" class=\"yoast-seo-meta-tag\" \/>\n\t<meta property=\"og:image:width\" content=\"957\" class=\"yoast-seo-meta-tag\" \/>\n\t<meta property=\"og:image:height\" content=\"295\" class=\"yoast-seo-meta-tag\" \/>\n\t<meta property=\"og:image:type\" content=\"image\/png\" class=\"yoast-seo-meta-tag\" \/>\n<meta name=\"twitter:card\" content=\"summary_large_image\" class=\"yoast-seo-meta-tag\" \/>\n<meta name=\"twitter:label1\" content=\"Dur\u00e9e de lecture estim\u00e9e\" class=\"yoast-seo-meta-tag\" \/>\n\t<meta name=\"twitter:data1\" content=\"1 minute\" class=\"yoast-seo-meta-tag\" \/>\n<script type=\"application\/ld+json\" class=\"yoast-schema-graph\">{\"@context\":\"https:\\\/\\\/schema.org\",\"@graph\":[{\"@type\":\"WebPage\",\"@id\":\"https:\\\/\\\/travecademy.be\\\/fr\\\/a-propos-ditn-marketing\\\/\",\"url\":\"https:\\\/\\\/travecademy.be\\\/fr\\\/a-propos-ditn-marketing\\\/\",\"name\":\"\u00c0 propos d'ITN Marketing - TravEcademy\",\"isPartOf\":{\"@id\":\"https:\\\/\\\/travecademy.be\\\/fr\\\/#website\"},\"primaryImageOfPage\":{\"@id\":\"https:\\\/\\\/travecademy.be\\\/fr\\\/a-propos-ditn-marketing\\\/#primaryimage\"},\"image\":{\"@id\":\"https:\\\/\\\/travecademy.be\\\/fr\\\/a-propos-ditn-marketing\\\/#primaryimage\"},\"thumbnailUrl\":\"https:\\\/\\\/travecademy.be\\\/wp-content\\\/uploads\\\/2023\\\/07\\\/Schermafbeelding-2023-07-18-105711.png\",\"datePublished\":\"2023-07-09T08:39:00+00:00\",\"dateModified\":\"2024-02-13T10:13:05+00:00\",\"breadcrumb\":{\"@id\":\"https:\\\/\\\/travecademy.be\\\/fr\\\/a-propos-ditn-marketing\\\/#breadcrumb\"},\"inLanguage\":\"fr-FR\",\"potentialAction\":[{\"@type\":\"ReadAction\",\"target\":[\"https:\\\/\\\/travecademy.be\\\/fr\\\/a-propos-ditn-marketing\\\/\"]}]},{\"@type\":\"ImageObject\",\"inLanguage\":\"fr-FR\",\"@id\":\"https:\\\/\\\/travecademy.be\\\/fr\\\/a-propos-ditn-marketing\\\/#primaryimage\",\"url\":\"https:\\\/\\\/travecademy.be\\\/wp-content\\\/uploads\\\/2023\\\/07\\\/Schermafbeelding-2023-07-18-105711.png\",\"contentUrl\":\"https:\\\/\\\/travecademy.be\\\/wp-content\\\/uploads\\\/2023\\\/07\\\/Schermafbeelding-2023-07-18-105711.png\",\"width\":957,\"height\":295},{\"@type\":\"BreadcrumbList\",\"@id\":\"https:\\\/\\\/travecademy.be\\\/fr\\\/a-propos-ditn-marketing\\\/#breadcrumb\",\"itemListElement\":[{\"@type\":\"ListItem\",\"position\":1,\"name\":\"Home\",\"item\":\"https:\\\/\\\/travecademy.be\\\/fr\\\/\"},{\"@type\":\"ListItem\",\"position\":2,\"name\":\"\u00c0 propos d&#8217;ITN Marketing\"}]},{\"@type\":\"WebSite\",\"@id\":\"https:\\\/\\\/travecademy.be\\\/fr\\\/#website\",\"url\":\"https:\\\/\\\/travecademy.be\\\/fr\\\/\",\"name\":\"TravEcademy\",\"description\":\"Het meest succesvolle en gratis e-learning platform voor reisprofessionals\",\"publisher\":{\"@id\":\"https:\\\/\\\/travecademy.be\\\/fr\\\/#organization\"},\"potentialAction\":[{\"@type\":\"SearchAction\",\"target\":{\"@type\":\"EntryPoint\",\"urlTemplate\":\"https:\\\/\\\/travecademy.be\\\/fr\\\/?s={search_term_string}\"},\"query-input\":{\"@type\":\"PropertyValueSpecification\",\"valueRequired\":true,\"valueName\":\"search_term_string\"}}],\"inLanguage\":\"fr-FR\"},{\"@type\":\"Organization\",\"@id\":\"https:\\\/\\\/travecademy.be\\\/fr\\\/#organization\",\"name\":\"TravEcademy\",\"url\":\"https:\\\/\\\/travecademy.be\\\/fr\\\/\",\"logo\":{\"@type\":\"ImageObject\",\"inLanguage\":\"fr-FR\",\"@id\":\"https:\\\/\\\/travecademy.be\\\/fr\\\/#\\\/schema\\\/logo\\\/image\\\/\",\"url\":\"https:\\\/\\\/travecademy.be\\\/wp-content\\\/uploads\\\/2024\\\/04\\\/Travecademy.png\",\"contentUrl\":\"https:\\\/\\\/travecademy.be\\\/wp-content\\\/uploads\\\/2024\\\/04\\\/Travecademy.png\",\"width\":1263,\"height\":313,\"caption\":\"TravEcademy\"},\"image\":{\"@id\":\"https:\\\/\\\/travecademy.be\\\/fr\\\/#\\\/schema\\\/logo\\\/image\\\/\"}}]}<\/script>\n<!-- \/ Yoast SEO Premium plugin. -->","yoast_head_json":{"title":"\u00c0 propos d'ITN Marketing - TravEcademy","robots":{"index":"index","follow":"follow","max-snippet":"max-snippet:-1","max-image-preview":"max-image-preview:large","max-video-preview":"max-video-preview:-1"},"canonical":"https:\/\/travecademy.be\/fr\/a-propos-ditn-marketing\/","og_locale":"fr_FR","og_type":"article","og_title":"\u00c0 propos d'ITN Marketing","og_description":"\u00c0 propos d\u2019ITN Marketing ITN Marketing se compose d\u2019une petite \u00e9quipe et travaille avec un groupe permanent de travailleurs ind\u00e9pendants. Ils aiment travailler pour des\u2026","og_url":"https:\/\/travecademy.be\/fr\/a-propos-ditn-marketing\/","og_site_name":"TravEcademy","article_modified_time":"2024-02-13T10:13:05+00:00","og_image":[{"width":957,"height":295,"url":"https:\/\/travecademy.be\/wp-content\/uploads\/2023\/07\/Schermafbeelding-2023-07-18-105711.png","type":"image\/png"}],"twitter_card":"summary_large_image","twitter_misc":{"Dur\u00e9e de lecture estim\u00e9e":"1 minute"},"schema":{"@context":"https:\/\/schema.org","@graph":[{"@type":"WebPage","@id":"https:\/\/travecademy.be\/fr\/a-propos-ditn-marketing\/","url":"https:\/\/travecademy.be\/fr\/a-propos-ditn-marketing\/","name":"\u00c0 propos d'ITN Marketing - TravEcademy","isPartOf":{"@id":"https:\/\/travecademy.be\/fr\/#website"},"primaryImageOfPage":{"@id":"https:\/\/travecademy.be\/fr\/a-propos-ditn-marketing\/#primaryimage"},"image":{"@id":"https:\/\/travecademy.be\/fr\/a-propos-ditn-marketing\/#primaryimage"},"thumbnailUrl":"https:\/\/travecademy.be\/wp-content\/uploads\/2023\/07\/Schermafbeelding-2023-07-18-105711.png","datePublished":"2023-07-09T08:39:00+00:00","dateModified":"2024-02-13T10:13:05+00:00","breadcrumb":{"@id":"https:\/\/travecademy.be\/fr\/a-propos-ditn-marketing\/#breadcrumb"},"inLanguage":"fr-FR","potentialAction":[{"@type":"ReadAction","target":["https:\/\/travecademy.be\/fr\/a-propos-ditn-marketing\/"]}]},{"@type":"ImageObject","inLanguage":"fr-FR","@id":"https:\/\/travecademy.be\/fr\/a-propos-ditn-marketing\/#primaryimage","url":"https:\/\/travecademy.be\/wp-content\/uploads\/2023\/07\/Schermafbeelding-2023-07-18-105711.png","contentUrl":"https:\/\/travecademy.be\/wp-content\/uploads\/2023\/07\/Schermafbeelding-2023-07-18-105711.png","width":957,"height":295},{"@type":"BreadcrumbList","@id":"https:\/\/travecademy.be\/fr\/a-propos-ditn-marketing\/#breadcrumb","itemListElement":[{"@type":"ListItem","position":1,"name":"Home","item":"https:\/\/travecademy.be\/fr\/"},{"@type":"ListItem","position":2,"name":"\u00c0 propos d&#8217;ITN Marketing"}]},{"@type":"WebSite","@id":"https:\/\/travecademy.be\/fr\/#website","url":"https:\/\/travecademy.be\/fr\/","name":"TravEcademy","description":"Het meest succesvolle en gratis e-learning platform voor reisprofessionals","publisher":{"@id":"https:\/\/travecademy.be\/fr\/#organization"},"potentialAction":[{"@type":"SearchAction","target":{"@type":"EntryPoint","urlTemplate":"https:\/\/travecademy.be\/fr\/?s={search_term_string}"},"query-input":{"@type":"PropertyValueSpecification","valueRequired":true,"valueName":"search_term_string"}}],"inLanguage":"fr-FR"},{"@type":"Organization","@id":"https:\/\/travecademy.be\/fr\/#organization","name":"TravEcademy","url":"https:\/\/travecademy.be\/fr\/","logo":{"@type":"ImageObject","inLanguage":"fr-FR","@id":"https:\/\/travecademy.be\/fr\/#\/schema\/logo\/image\/","url":"https:\/\/travecademy.be\/wp-content\/uploads\/2024\/04\/Travecademy.png","contentUrl":"https:\/\/travecademy.be\/wp-content\/uploads\/2024\/04\/Travecademy.png","width":1263,"height":313,"caption":"TravEcademy"},"image":{"@id":"https:\/\/travecademy.be\/fr\/#\/schema\/logo\/image\/"}}]}},"publishpress_future_action":{"enabled":false,"date":"2026-05-06 15:11:35","action":"change-status","newStatus":"draft","terms":[],"taxonomy":"ecademys","extraData":[]},"publishpress_future_workflow_manual_trigger":{"enabledWorkflows":[]},"ticketed":false,"_links":{"self":[{"href":"https:\/\/travecademy.be\/fr\/wp-json\/wp\/v2\/pages\/44184","targetHints":{"allow":["GET"]}}],"collection":[{"href":"https:\/\/travecademy.be\/fr\/wp-json\/wp\/v2\/pages"}],"about":[{"href":"https:\/\/travecademy.be\/fr\/wp-json\/wp\/v2\/types\/page"}],"author":[{"embeddable":true,"href":"https:\/\/travecademy.be\/fr\/wp-json\/wp\/v2\/users\/1"}],"replies":[{"embeddable":true,"href":"https:\/\/travecademy.be\/fr\/wp-json\/wp\/v2\/comments?post=44184"}],"version-history":[{"count":4,"href":"https:\/\/travecademy.be\/fr\/wp-json\/wp\/v2\/pages\/44184\/revisions"}],"predecessor-version":[{"id":44245,"href":"https:\/\/travecademy.be\/fr\/wp-json\/wp\/v2\/pages\/44184\/revisions\/44245"}],"wp:featuredmedia":[{"embeddable":true,"href":"https:\/\/travecademy.be\/fr\/wp-json\/wp\/v2\/media\/42924"}],"wp:attachment":[{"href":"https:\/\/travecademy.be\/fr\/wp-json\/wp\/v2\/media?parent=44184"}],"wp:term":[{"taxonomy":"post_tag","embeddable":true,"href":"https:\/\/travecademy.be\/fr\/wp-json\/wp\/v2\/tags?post=44184"},{"taxonomy":"ecademys","embeddable":true,"href":"https:\/\/travecademy.be\/fr\/wp-json\/wp\/v2\/ecademys?post=44184"}],"curies":[{"name":"wp","href":"https:\/\/api.w.org\/{rel}","templated":true}]}}