{"id":44204,"date":"2020-11-10T09:10:20","date_gmt":"2020-11-10T07:10:20","guid":{"rendered":"https:\/\/travecademy.be\/a-propos-de-travecademy\/"},"modified":"2024-04-02T12:29:11","modified_gmt":"2024-04-02T10:29:11","slug":"a-propos-de-travecademy","status":"publish","type":"page","link":"https:\/\/travecademy.be\/fr\/a-propos-de-travecademy\/","title":{"rendered":"\u00c0 propos de TravEcademy"},"content":{"rendered":"<p><strong>TravEcademy est depuis des ann\u00e9es (depuis 2003 !) la plateforme d\u2019apprentissage en ligne la plus performante et la plus gratuite pour les professionnels du voyage. Vous y trouverez des cours sur toutes sortes de sujets, des promotions sur les gains, des offres d\u2019agents, des nouvelles, des offres d\u2019emploi et des voyages d\u2019\u00e9tude. Des destinations aux compagnies a\u00e9riennes, en passant par les voyagistes, les croisi\u00e8res, la location de voitures et bien plus encore. Cela vous permettra d\u2019actualiser ou d\u2019approfondir vos connaissances et vous aurez souvent la possibilit\u00e9 de gagner des prix int\u00e9ressants en participant aux cours. En bref, TravEcademy est l\u2019endroit o\u00f9 l\u2019industrie du voyage se r\u00e9unit pour gagner des connaissances et des prix !<\/strong><\/p>\n<p><strong>Profil personnel<\/strong><br \/>\nSur votre profil personnel, vous pouvez voir les cours que vous avez suivis et les r\u00e9sultats obtenus. Ce faisant, vous avez \u00e9galement la possibilit\u00e9 de t\u00e9l\u00e9charger un PDF du certificat obtenu. Vous pouvez toujours essayer d\u2019am\u00e9liorer vos r\u00e9sultats en reprenant le cours. En cela, vous \u00eates bien s\u00fbr libre, mais sachez que les fanatiques sont particuli\u00e8rement pris en compte lors de la s\u00e9lection des gagnants !<\/p>\n<p>Vous pouvez \u00e9galement voir le statut que vous avez obtenu pour toutes les formations suivies sur TravEcademy. En effet, vous gagnez des points par cours suivi. Lorsque vous terminez un cours, vous recevez 10 points et pour chaque bonne r\u00e9ponse, vous obtenez un point (parfois m\u00eame plusieurs). Le nombre de points par cours peut donc s\u2019av\u00e9rer tr\u00e8s \u00e9lev\u00e9 !<\/p>\n<p><img decoding=\"async\" class=\"wp-image-26757 alignright\" src=\"http:\/\/travecademy.be\/wp-content\/uploads\/2023\/04\/icon-jewel.svg\" alt=\"\" width=\"185\" height=\"185\">Il y a cinq niveaux \u00e0 atteindre :<\/p>\n<ol>\n<li><strong>Bronze<\/strong> \u2013 \u00e0 partir de 500 points<\/li>\n<li><strong>Argent<\/strong> \u2013 \u00e0 partir de 1 000 points<\/li>\n<li><strong>Or <\/strong>\u2013 \u00e0 partir de 2 500 points<\/li>\n<li><strong>Platine<\/strong> \u2013 \u00e0 partir de 5 000 points<\/li>\n<li><strong>Diamant<\/strong> \u2013 \u00e0 partir de 10 000 points<\/li>\n<\/ol>\n<p>En obtenant le plus grand nombre de points possible, vous aurez une chance de gagner de superbes prix. En fait, nous r\u00e9compensons les participants actifs. Enfin, vous pouvez personnaliser votre profil et le rendre aussi complet que vous le souhaitez. Plus vous \u00eates complet, plus vous \u00eates rep\u00e9rable lors de la s\u00e9lection d\u2019un laur\u00e9at pour un prix.<\/p>\n<p><strong>Questions<\/strong><br \/>\nSi vous avez des questions sur TravEcademy, n\u2019h\u00e9sitez pas \u00e0 <a href=\"mailto:travecademy@travmedia.nl\"><br \/>\n  <strong>contacter<\/strong><br \/>\n<\/a> nous. Nous serions ravis de vous aider !<\/p>\n","protected":false},"excerpt":{"rendered":"<p>TravEcademy est depuis des ann\u00e9es (depuis 2003 !) la plateforme d\u2019apprentissage en ligne la plus performante et la plus gratuite pour les professionnels du voyage.\u2026<\/p>\n","protected":false},"author":1,"featured_media":42531,"parent":0,"menu_order":0,"comment_status":"closed","ping_status":"closed","template":"","meta":{"_acf_changed":false,"_price":"","_stock":"","_tribe_ticket_header":"","_tribe_default_ticket_provider":"","_tribe_ticket_capacity":"0","_ticket_start_date":"","_ticket_end_date":"","_tribe_ticket_show_description":"","_tribe_ticket_show_not_going":false,"_tribe_ticket_use_global_stock":"","_tribe_ticket_global_stock_level":"","_global_stock_mode":"","_global_stock_cap":"","_tribe_rsvp_for_event":"","_tribe_ticket_going_count":"","_tribe_ticket_not_going_count":"","_tribe_tickets_list":"[]","_tribe_ticket_has_attendee_info_fields":false,"footnotes":"","_tec_slr_enabled":"","_tec_slr_layout":""},"tags":[],"ecademys":[],"class_list":["post-44204","page","type-page","status-publish","has-post-thumbnail","hentry"],"acf":[],"yoast_head":"<!-- This site is optimized with the Yoast SEO Premium plugin v27.4 (Yoast SEO v27.4) - https:\/\/yoast.com\/product\/yoast-seo-premium-wordpress\/ -->\n<title>\u00c0 propos de TravEcademy - TravEcademy<\/title>\n<meta name=\"robots\" content=\"index, follow, max-snippet:-1, max-image-preview:large, max-video-preview:-1\" \/>\n<link rel=\"canonical\" href=\"https:\/\/travecademy.be\/fr\/a-propos-de-travecademy\/\" class=\"yoast-seo-meta-tag\" \/>\n<meta property=\"og:locale\" content=\"fr_FR\" class=\"yoast-seo-meta-tag\" \/>\n<meta property=\"og:type\" content=\"article\" class=\"yoast-seo-meta-tag\" \/>\n<meta property=\"og:title\" content=\"\u00c0 propos de TravEcademy\" class=\"yoast-seo-meta-tag\" \/>\n<meta property=\"og:description\" content=\"TravEcademy est depuis des ann\u00e9es (depuis 2003 !) la plateforme d\u2019apprentissage en ligne la plus performante et la plus gratuite pour les professionnels du voyage.\u2026\" class=\"yoast-seo-meta-tag\" \/>\n<meta property=\"og:url\" content=\"https:\/\/travecademy.be\/fr\/a-propos-de-travecademy\/\" class=\"yoast-seo-meta-tag\" \/>\n<meta property=\"og:site_name\" content=\"TravEcademy\" class=\"yoast-seo-meta-tag\" \/>\n<meta property=\"article:modified_time\" content=\"2024-04-02T10:29:11+00:00\" class=\"yoast-seo-meta-tag\" \/>\n<meta property=\"og:image\" content=\"https:\/\/travecademy.be\/wp-content\/uploads\/2023\/04\/shutterstock_1034426839-1.png\" class=\"yoast-seo-meta-tag\" \/>\n\t<meta property=\"og:image:width\" content=\"1000\" class=\"yoast-seo-meta-tag\" \/>\n\t<meta property=\"og:image:height\" content=\"339\" class=\"yoast-seo-meta-tag\" \/>\n\t<meta property=\"og:image:type\" content=\"image\/png\" class=\"yoast-seo-meta-tag\" \/>\n<meta name=\"twitter:card\" content=\"summary_large_image\" class=\"yoast-seo-meta-tag\" \/>\n<meta name=\"twitter:label1\" content=\"Dur\u00e9e de lecture estim\u00e9e\" class=\"yoast-seo-meta-tag\" \/>\n\t<meta name=\"twitter:data1\" content=\"2 minutes\" class=\"yoast-seo-meta-tag\" \/>\n<script type=\"application\/ld+json\" class=\"yoast-schema-graph\">{\"@context\":\"https:\\\/\\\/schema.org\",\"@graph\":[{\"@type\":\"WebPage\",\"@id\":\"https:\\\/\\\/travecademy.be\\\/fr\\\/a-propos-de-travecademy\\\/\",\"url\":\"https:\\\/\\\/travecademy.be\\\/fr\\\/a-propos-de-travecademy\\\/\",\"name\":\"\u00c0 propos de TravEcademy - TravEcademy\",\"isPartOf\":{\"@id\":\"https:\\\/\\\/travecademy.be\\\/fr\\\/#website\"},\"primaryImageOfPage\":{\"@id\":\"https:\\\/\\\/travecademy.be\\\/fr\\\/a-propos-de-travecademy\\\/#primaryimage\"},\"image\":{\"@id\":\"https:\\\/\\\/travecademy.be\\\/fr\\\/a-propos-de-travecademy\\\/#primaryimage\"},\"thumbnailUrl\":\"https:\\\/\\\/travecademy.be\\\/wp-content\\\/uploads\\\/2023\\\/04\\\/shutterstock_1034426839-1.png\",\"datePublished\":\"2020-11-10T07:10:20+00:00\",\"dateModified\":\"2024-04-02T10:29:11+00:00\",\"breadcrumb\":{\"@id\":\"https:\\\/\\\/travecademy.be\\\/fr\\\/a-propos-de-travecademy\\\/#breadcrumb\"},\"inLanguage\":\"fr-FR\",\"potentialAction\":[{\"@type\":\"ReadAction\",\"target\":[\"https:\\\/\\\/travecademy.be\\\/fr\\\/a-propos-de-travecademy\\\/\"]}]},{\"@type\":\"ImageObject\",\"inLanguage\":\"fr-FR\",\"@id\":\"https:\\\/\\\/travecademy.be\\\/fr\\\/a-propos-de-travecademy\\\/#primaryimage\",\"url\":\"https:\\\/\\\/travecademy.be\\\/wp-content\\\/uploads\\\/2023\\\/04\\\/shutterstock_1034426839-1.png\",\"contentUrl\":\"https:\\\/\\\/travecademy.be\\\/wp-content\\\/uploads\\\/2023\\\/04\\\/shutterstock_1034426839-1.png\",\"width\":1000,\"height\":339},{\"@type\":\"BreadcrumbList\",\"@id\":\"https:\\\/\\\/travecademy.be\\\/fr\\\/a-propos-de-travecademy\\\/#breadcrumb\",\"itemListElement\":[{\"@type\":\"ListItem\",\"position\":1,\"name\":\"Home\",\"item\":\"https:\\\/\\\/travecademy.be\\\/fr\\\/\"},{\"@type\":\"ListItem\",\"position\":2,\"name\":\"\u00c0 propos de TravEcademy\"}]},{\"@type\":\"WebSite\",\"@id\":\"https:\\\/\\\/travecademy.be\\\/fr\\\/#website\",\"url\":\"https:\\\/\\\/travecademy.be\\\/fr\\\/\",\"name\":\"TravEcademy\",\"description\":\"Het meest succesvolle en gratis e-learning platform voor reisprofessionals\",\"publisher\":{\"@id\":\"https:\\\/\\\/travecademy.be\\\/fr\\\/#organization\"},\"potentialAction\":[{\"@type\":\"SearchAction\",\"target\":{\"@type\":\"EntryPoint\",\"urlTemplate\":\"https:\\\/\\\/travecademy.be\\\/fr\\\/?s={search_term_string}\"},\"query-input\":{\"@type\":\"PropertyValueSpecification\",\"valueRequired\":true,\"valueName\":\"search_term_string\"}}],\"inLanguage\":\"fr-FR\"},{\"@type\":\"Organization\",\"@id\":\"https:\\\/\\\/travecademy.be\\\/fr\\\/#organization\",\"name\":\"TravEcademy\",\"url\":\"https:\\\/\\\/travecademy.be\\\/fr\\\/\",\"logo\":{\"@type\":\"ImageObject\",\"inLanguage\":\"fr-FR\",\"@id\":\"https:\\\/\\\/travecademy.be\\\/fr\\\/#\\\/schema\\\/logo\\\/image\\\/\",\"url\":\"https:\\\/\\\/travecademy.be\\\/wp-content\\\/uploads\\\/2024\\\/04\\\/Travecademy.png\",\"contentUrl\":\"https:\\\/\\\/travecademy.be\\\/wp-content\\\/uploads\\\/2024\\\/04\\\/Travecademy.png\",\"width\":1263,\"height\":313,\"caption\":\"TravEcademy\"},\"image\":{\"@id\":\"https:\\\/\\\/travecademy.be\\\/fr\\\/#\\\/schema\\\/logo\\\/image\\\/\"}}]}<\/script>\n<!-- \/ Yoast SEO Premium plugin. -->","yoast_head_json":{"title":"\u00c0 propos de TravEcademy - TravEcademy","robots":{"index":"index","follow":"follow","max-snippet":"max-snippet:-1","max-image-preview":"max-image-preview:large","max-video-preview":"max-video-preview:-1"},"canonical":"https:\/\/travecademy.be\/fr\/a-propos-de-travecademy\/","og_locale":"fr_FR","og_type":"article","og_title":"\u00c0 propos de TravEcademy","og_description":"TravEcademy est depuis des ann\u00e9es (depuis 2003 !) la plateforme d\u2019apprentissage en ligne la plus performante et la plus gratuite pour les professionnels du voyage.\u2026","og_url":"https:\/\/travecademy.be\/fr\/a-propos-de-travecademy\/","og_site_name":"TravEcademy","article_modified_time":"2024-04-02T10:29:11+00:00","og_image":[{"width":1000,"height":339,"url":"https:\/\/travecademy.be\/wp-content\/uploads\/2023\/04\/shutterstock_1034426839-1.png","type":"image\/png"}],"twitter_card":"summary_large_image","twitter_misc":{"Dur\u00e9e de lecture estim\u00e9e":"2 minutes"},"schema":{"@context":"https:\/\/schema.org","@graph":[{"@type":"WebPage","@id":"https:\/\/travecademy.be\/fr\/a-propos-de-travecademy\/","url":"https:\/\/travecademy.be\/fr\/a-propos-de-travecademy\/","name":"\u00c0 propos de TravEcademy - TravEcademy","isPartOf":{"@id":"https:\/\/travecademy.be\/fr\/#website"},"primaryImageOfPage":{"@id":"https:\/\/travecademy.be\/fr\/a-propos-de-travecademy\/#primaryimage"},"image":{"@id":"https:\/\/travecademy.be\/fr\/a-propos-de-travecademy\/#primaryimage"},"thumbnailUrl":"https:\/\/travecademy.be\/wp-content\/uploads\/2023\/04\/shutterstock_1034426839-1.png","datePublished":"2020-11-10T07:10:20+00:00","dateModified":"2024-04-02T10:29:11+00:00","breadcrumb":{"@id":"https:\/\/travecademy.be\/fr\/a-propos-de-travecademy\/#breadcrumb"},"inLanguage":"fr-FR","potentialAction":[{"@type":"ReadAction","target":["https:\/\/travecademy.be\/fr\/a-propos-de-travecademy\/"]}]},{"@type":"ImageObject","inLanguage":"fr-FR","@id":"https:\/\/travecademy.be\/fr\/a-propos-de-travecademy\/#primaryimage","url":"https:\/\/travecademy.be\/wp-content\/uploads\/2023\/04\/shutterstock_1034426839-1.png","contentUrl":"https:\/\/travecademy.be\/wp-content\/uploads\/2023\/04\/shutterstock_1034426839-1.png","width":1000,"height":339},{"@type":"BreadcrumbList","@id":"https:\/\/travecademy.be\/fr\/a-propos-de-travecademy\/#breadcrumb","itemListElement":[{"@type":"ListItem","position":1,"name":"Home","item":"https:\/\/travecademy.be\/fr\/"},{"@type":"ListItem","position":2,"name":"\u00c0 propos de TravEcademy"}]},{"@type":"WebSite","@id":"https:\/\/travecademy.be\/fr\/#website","url":"https:\/\/travecademy.be\/fr\/","name":"TravEcademy","description":"Het meest succesvolle en gratis e-learning platform voor reisprofessionals","publisher":{"@id":"https:\/\/travecademy.be\/fr\/#organization"},"potentialAction":[{"@type":"SearchAction","target":{"@type":"EntryPoint","urlTemplate":"https:\/\/travecademy.be\/fr\/?s={search_term_string}"},"query-input":{"@type":"PropertyValueSpecification","valueRequired":true,"valueName":"search_term_string"}}],"inLanguage":"fr-FR"},{"@type":"Organization","@id":"https:\/\/travecademy.be\/fr\/#organization","name":"TravEcademy","url":"https:\/\/travecademy.be\/fr\/","logo":{"@type":"ImageObject","inLanguage":"fr-FR","@id":"https:\/\/travecademy.be\/fr\/#\/schema\/logo\/image\/","url":"https:\/\/travecademy.be\/wp-content\/uploads\/2024\/04\/Travecademy.png","contentUrl":"https:\/\/travecademy.be\/wp-content\/uploads\/2024\/04\/Travecademy.png","width":1263,"height":313,"caption":"TravEcademy"},"image":{"@id":"https:\/\/travecademy.be\/fr\/#\/schema\/logo\/image\/"}}]}},"publishpress_future_action":{"enabled":false,"date":"2026-04-28 14:22:28","action":"change-status","newStatus":"draft","terms":[],"taxonomy":"ecademys","extraData":[]},"publishpress_future_workflow_manual_trigger":{"enabledWorkflows":[]},"ticketed":false,"_links":{"self":[{"href":"https:\/\/travecademy.be\/fr\/wp-json\/wp\/v2\/pages\/44204","targetHints":{"allow":["GET"]}}],"collection":[{"href":"https:\/\/travecademy.be\/fr\/wp-json\/wp\/v2\/pages"}],"about":[{"href":"https:\/\/travecademy.be\/fr\/wp-json\/wp\/v2\/types\/page"}],"author":[{"embeddable":true,"href":"https:\/\/travecademy.be\/fr\/wp-json\/wp\/v2\/users\/1"}],"replies":[{"embeddable":true,"href":"https:\/\/travecademy.be\/fr\/wp-json\/wp\/v2\/comments?post=44204"}],"version-history":[{"count":1,"href":"https:\/\/travecademy.be\/fr\/wp-json\/wp\/v2\/pages\/44204\/revisions"}],"predecessor-version":[{"id":44207,"href":"https:\/\/travecademy.be\/fr\/wp-json\/wp\/v2\/pages\/44204\/revisions\/44207"}],"wp:featuredmedia":[{"embeddable":true,"href":"https:\/\/travecademy.be\/fr\/wp-json\/wp\/v2\/media\/42531"}],"wp:attachment":[{"href":"https:\/\/travecademy.be\/fr\/wp-json\/wp\/v2\/media?parent=44204"}],"wp:term":[{"taxonomy":"post_tag","embeddable":true,"href":"https:\/\/travecademy.be\/fr\/wp-json\/wp\/v2\/tags?post=44204"},{"taxonomy":"ecademys","embeddable":true,"href":"https:\/\/travecademy.be\/fr\/wp-json\/wp\/v2\/ecademys?post=44204"}],"curies":[{"name":"wp","href":"https:\/\/api.w.org\/{rel}","templated":true}]}}