{"id":44216,"date":"2017-11-13T10:52:49","date_gmt":"2017-11-13T08:52:49","guid":{"rendered":"https:\/\/travecademy.be\/a-propos-de-msc-croisieres\/msc-croisieres-pour-vous-et-votre-client\/"},"modified":"2024-02-13T12:13:05","modified_gmt":"2024-02-13T10:13:05","slug":"msc-croisieres-pour-vous-et-votre-client","status":"publish","type":"page","link":"https:\/\/travecademy.be\/fr\/a-propos-de-msc-croisieres\/msc-croisieres-pour-vous-et-votre-client\/","title":{"rendered":"MSC Croisi\u00e8res pour vous et votre client !"},"content":{"rendered":"<p><strong>Responsable des ventes \u2013 MSC Cruises Netherlands<\/strong><\/p>\n<p><strong><img decoding=\"async\" class=\" size-full wp-image-2087\" alt=\"\" height=\"124\" src=\"http:\/\/travecademy.be\/wp-content\/uploads\/2017\/11\/WhatsApp-Image-2020-05-13-at-11.54.25.jpeg\" width=\"165\" srcset=\"https:\/\/travecademy.be\/wp-content\/uploads\/2017\/11\/WhatsApp-Image-2020-05-13-at-11.54.25.jpeg 1304w, https:\/\/travecademy.be\/wp-content\/uploads\/2017\/11\/WhatsApp-Image-2020-05-13-at-11.54.25-600x450.jpeg 600w, https:\/\/travecademy.be\/wp-content\/uploads\/2017\/11\/WhatsApp-Image-2020-05-13-at-11.54.25-300x225.jpeg 300w, https:\/\/travecademy.be\/wp-content\/uploads\/2017\/11\/WhatsApp-Image-2020-05-13-at-11.54.25-1024x768.jpeg 1024w, https:\/\/travecademy.be\/wp-content\/uploads\/2017\/11\/WhatsApp-Image-2020-05-13-at-11.54.25-768x576.jpeg 768w, https:\/\/travecademy.be\/wp-content\/uploads\/2017\/11\/WhatsApp-Image-2020-05-13-at-11.54.25-624x468.jpeg 624w, https:\/\/travecademy.be\/wp-content\/uploads\/2017\/11\/WhatsApp-Image-2020-05-13-at-11.54.25-50x38.jpeg 50w, https:\/\/travecademy.be\/wp-content\/uploads\/2017\/11\/WhatsApp-Image-2020-05-13-at-11.54.25-100x75.jpeg 100w\" sizes=\"(max-width: 165px) 100vw, 165px\" \/><\/strong><\/p>\n<p>Eliane van den Huijssen<\/p>\n<p>Num\u00e9ro de t\u00e9l\u00e9phone : 06-41427374<\/p>\n<p>Courriel : <a href=\"mailto:sales@msccruises.nl\">sales@msccruises.nl<\/a><\/p>\n<p>\u00a0<\/p>\n<ul>\n<li><strong>Webinaires<\/strong><\/li>\n<\/ul>\n<p>MSC Croisi\u00e8res propose plusieurs webinaires pour se tenir au courant de tous les tenants et aboutissants. Il y en a pour tous les go\u00fbts et de mani\u00e8re accessible : les webinaires de MSC Croisi\u00e8res.<\/p>\n<ul>\n<li><strong>Formation\u00a0<\/strong><\/li>\n<\/ul>\n<p>MSC Cruises se fera un plaisir de vous rendre visite sur place afin de vous offrir, \u00e0 vous et \u00e0 votre \u00e9quipe, une formation sur les produits et les ventes. Cela peut se faire sur demande apr\u00e8s les heures de travail ou pendant les heures de bureau. L\u2019objectif de la formation est d\u2019am\u00e9liorer la connaissance de MSC Croisi\u00e8res et de fournir des techniques de vente pour les ventes de MSC Croisi\u00e8res.<\/p>\n<ul>\n<li><strong>Soir\u00e9e de pr\u00e9sentation pour votre client<\/strong><\/li>\n<\/ul>\n<p>Organisez une soir\u00e9e de pr\u00e9sentation informative pour votre client ! MSC Cruises propose des pr\u00e9sentations avec un service de restauration complet dans le lieu de votre choix. MSC Cruises peut fournir des banni\u00e8res et du mat\u00e9riel d\u2019affichage pour habiller le lieu \u00e0 cet \u00e9gard. Le nombre minimum de participants est de 30.<\/p>\n<ul>\n<li><strong>Livre MSC  <\/strong><\/li>\n<\/ul>\n<p>L\u2019outil MSC Cruises pour les agents de voyage.<\/p>\n<ul>\n<li><strong>MSC Masters<\/strong><\/li>\n<\/ul>\n<p>Notre programme d\u2019apprentissage en ligne est accessible sur <a href=\"http:\/\/www.mscmasters.nl\">www.mscmasters.nl<\/a><\/p>\n<ul>\n<li><strong>Visites de navires<\/strong><\/li>\n<\/ul>\n<p>Les visites de navires sont une excellente occasion de faire connaissance avec nos navires. Les visites de navires sont annonc\u00e9es dans nos bulletins d\u2019information et sur notre page TravEcademy.<\/p>\n<ul>\n<li><strong>Famtrips<\/strong><\/li>\n<\/ul>\n<p>Outre les visites de navires, nous organisons \u00e9galement des Famtrips, qui vous permettent de d\u00e9couvrir par vous-m\u00eame la vie \u00e0 bord de nos navires, les \u00e9quipements et les services que nous proposons, l\u2019ambiance et la qualit\u00e9 de la nourriture.<\/p>\n<ul>\n<li><strong>SGR et SGR-Z affili\u00e9s<\/strong><\/li>\n<\/ul>\n<p>MSC Cruises est affili\u00e9 \u00e0 SGR et SGR-Z. Num\u00e9ro SGR : 3412<\/p>\n<ul>\n<li><strong>Offre de l\u2019agent<\/strong><\/li>\n<\/ul>\n<p>Cliquez ici pour nos <a href=\"https:\/\/www.travecademy.be\/ecademys\/msc-cruises\/agentenactie\">offres d\u2019agents<\/a><\/p>\n<p>\u00a0<\/p>\n<p>\u00a0<\/p>\n","protected":false},"excerpt":{"rendered":"<p>Responsable des ventes \u2013 MSC Cruises Netherlands Eliane van den Huijssen Num\u00e9ro de t\u00e9l\u00e9phone : 06-41427374 Courriel : sales@msccruises.nl \u00a0 Webinaires MSC Croisi\u00e8res propose plusieurs\u2026<\/p>\n","protected":false},"author":1,"featured_media":35165,"parent":44081,"menu_order":0,"comment_status":"closed","ping_status":"closed","template":"","meta":{"_acf_changed":false,"_price":"","_stock":"","_tribe_ticket_header":"","_tribe_default_ticket_provider":"","_tribe_ticket_capacity":"0","_ticket_start_date":"","_ticket_end_date":"","_tribe_ticket_show_description":"","_tribe_ticket_show_not_going":false,"_tribe_ticket_use_global_stock":"","_tribe_ticket_global_stock_level":"","_global_stock_mode":"","_global_stock_cap":"","_tribe_rsvp_for_event":"","_tribe_ticket_going_count":"","_tribe_ticket_not_going_count":"","_tribe_tickets_list":"[]","_tribe_ticket_has_attendee_info_fields":false,"footnotes":"","_tec_slr_enabled":"","_tec_slr_layout":""},"tags":[],"ecademys":[505],"class_list":["post-44216","page","type-page","status-publish","has-post-thumbnail","hentry","ecademys-msc-cruises-fr"],"acf":[],"yoast_head":"<!-- This site is optimized with the Yoast SEO Premium plugin v27.3 (Yoast SEO v27.3) - https:\/\/yoast.com\/product\/yoast-seo-premium-wordpress\/ -->\n<title>MSC Croisi\u00e8res pour vous et votre client ! - TravEcademy<\/title>\n<meta name=\"robots\" content=\"index, follow, max-snippet:-1, max-image-preview:large, max-video-preview:-1\" \/>\n<link rel=\"canonical\" href=\"https:\/\/travecademy.be\/fr\/a-propos-de-msc-croisieres\/msc-croisieres-pour-vous-et-votre-client\/\" class=\"yoast-seo-meta-tag\" \/>\n<meta property=\"og:locale\" content=\"fr_FR\" class=\"yoast-seo-meta-tag\" \/>\n<meta property=\"og:type\" content=\"article\" class=\"yoast-seo-meta-tag\" \/>\n<meta property=\"og:title\" content=\"MSC Croisi\u00e8res pour vous et votre client !\" class=\"yoast-seo-meta-tag\" \/>\n<meta property=\"og:description\" content=\"Responsable des ventes \u2013 MSC Cruises Netherlands Eliane van den Huijssen Num\u00e9ro de t\u00e9l\u00e9phone : 06-41427374 Courriel : sales@msccruises.nl \u00a0 Webinaires MSC Croisi\u00e8res propose plusieurs\u2026\" class=\"yoast-seo-meta-tag\" \/>\n<meta property=\"og:url\" content=\"https:\/\/travecademy.be\/fr\/a-propos-de-msc-croisieres\/msc-croisieres-pour-vous-et-votre-client\/\" class=\"yoast-seo-meta-tag\" \/>\n<meta property=\"og:site_name\" content=\"TravEcademy\" class=\"yoast-seo-meta-tag\" \/>\n<meta property=\"article:modified_time\" content=\"2024-02-13T10:13:05+00:00\" class=\"yoast-seo-meta-tag\" \/>\n<meta property=\"og:image\" content=\"https:\/\/travecademy.be\/wp-content\/uploads\/2017\/11\/WhatsApp-Image-2020-05-13-at-11.54.25.jpeg\" class=\"yoast-seo-meta-tag\" \/>\n\t<meta property=\"og:image:width\" content=\"1304\" class=\"yoast-seo-meta-tag\" \/>\n\t<meta property=\"og:image:height\" content=\"978\" class=\"yoast-seo-meta-tag\" \/>\n\t<meta property=\"og:image:type\" content=\"image\/jpeg\" class=\"yoast-seo-meta-tag\" \/>\n<meta name=\"twitter:card\" content=\"summary_large_image\" class=\"yoast-seo-meta-tag\" \/>\n<meta name=\"twitter:label1\" content=\"Dur\u00e9e de lecture estim\u00e9e\" class=\"yoast-seo-meta-tag\" \/>\n\t<meta name=\"twitter:data1\" content=\"2 minutes\" class=\"yoast-seo-meta-tag\" \/>\n<script type=\"application\/ld+json\" class=\"yoast-schema-graph\">{\"@context\":\"https:\\\/\\\/schema.org\",\"@graph\":[{\"@type\":\"WebPage\",\"@id\":\"https:\\\/\\\/travecademy.be\\\/fr\\\/a-propos-de-msc-croisieres\\\/msc-croisieres-pour-vous-et-votre-client\\\/\",\"url\":\"https:\\\/\\\/travecademy.be\\\/fr\\\/a-propos-de-msc-croisieres\\\/msc-croisieres-pour-vous-et-votre-client\\\/\",\"name\":\"MSC Croisi\u00e8res pour vous et votre client ! - TravEcademy\",\"isPartOf\":{\"@id\":\"https:\\\/\\\/travecademy.be\\\/fr\\\/#website\"},\"primaryImageOfPage\":{\"@id\":\"https:\\\/\\\/travecademy.be\\\/fr\\\/a-propos-de-msc-croisieres\\\/msc-croisieres-pour-vous-et-votre-client\\\/#primaryimage\"},\"image\":{\"@id\":\"https:\\\/\\\/travecademy.be\\\/fr\\\/a-propos-de-msc-croisieres\\\/msc-croisieres-pour-vous-et-votre-client\\\/#primaryimage\"},\"thumbnailUrl\":\"https:\\\/\\\/travecademy.be\\\/wp-content\\\/uploads\\\/2017\\\/11\\\/WhatsApp-Image-2020-05-13-at-11.54.25.jpeg\",\"datePublished\":\"2017-11-13T08:52:49+00:00\",\"dateModified\":\"2024-02-13T10:13:05+00:00\",\"breadcrumb\":{\"@id\":\"https:\\\/\\\/travecademy.be\\\/fr\\\/a-propos-de-msc-croisieres\\\/msc-croisieres-pour-vous-et-votre-client\\\/#breadcrumb\"},\"inLanguage\":\"fr-FR\",\"potentialAction\":[{\"@type\":\"ReadAction\",\"target\":[\"https:\\\/\\\/travecademy.be\\\/fr\\\/a-propos-de-msc-croisieres\\\/msc-croisieres-pour-vous-et-votre-client\\\/\"]}]},{\"@type\":\"ImageObject\",\"inLanguage\":\"fr-FR\",\"@id\":\"https:\\\/\\\/travecademy.be\\\/fr\\\/a-propos-de-msc-croisieres\\\/msc-croisieres-pour-vous-et-votre-client\\\/#primaryimage\",\"url\":\"https:\\\/\\\/travecademy.be\\\/wp-content\\\/uploads\\\/2017\\\/11\\\/WhatsApp-Image-2020-05-13-at-11.54.25.jpeg\",\"contentUrl\":\"https:\\\/\\\/travecademy.be\\\/wp-content\\\/uploads\\\/2017\\\/11\\\/WhatsApp-Image-2020-05-13-at-11.54.25.jpeg\",\"width\":1304,\"height\":978},{\"@type\":\"BreadcrumbList\",\"@id\":\"https:\\\/\\\/travecademy.be\\\/fr\\\/a-propos-de-msc-croisieres\\\/msc-croisieres-pour-vous-et-votre-client\\\/#breadcrumb\",\"itemListElement\":[{\"@type\":\"ListItem\",\"position\":1,\"name\":\"Home\",\"item\":\"https:\\\/\\\/travecademy.be\\\/fr\\\/\"},{\"@type\":\"ListItem\",\"position\":2,\"name\":\"\u00c0 propos de MSC Croisi\u00e8res\",\"item\":\"https:\\\/\\\/travecademy.be\\\/fr\\\/a-propos-de-msc-croisieres\\\/\"},{\"@type\":\"ListItem\",\"position\":3,\"name\":\"MSC Croisi\u00e8res pour vous et votre client !\"}]},{\"@type\":\"WebSite\",\"@id\":\"https:\\\/\\\/travecademy.be\\\/fr\\\/#website\",\"url\":\"https:\\\/\\\/travecademy.be\\\/fr\\\/\",\"name\":\"TravEcademy\",\"description\":\"Het meest succesvolle en gratis e-learning platform voor reisprofessionals\",\"publisher\":{\"@id\":\"https:\\\/\\\/travecademy.be\\\/fr\\\/#organization\"},\"potentialAction\":[{\"@type\":\"SearchAction\",\"target\":{\"@type\":\"EntryPoint\",\"urlTemplate\":\"https:\\\/\\\/travecademy.be\\\/fr\\\/?s={search_term_string}\"},\"query-input\":{\"@type\":\"PropertyValueSpecification\",\"valueRequired\":true,\"valueName\":\"search_term_string\"}}],\"inLanguage\":\"fr-FR\"},{\"@type\":\"Organization\",\"@id\":\"https:\\\/\\\/travecademy.be\\\/fr\\\/#organization\",\"name\":\"TravEcademy\",\"url\":\"https:\\\/\\\/travecademy.be\\\/fr\\\/\",\"logo\":{\"@type\":\"ImageObject\",\"inLanguage\":\"fr-FR\",\"@id\":\"https:\\\/\\\/travecademy.be\\\/fr\\\/#\\\/schema\\\/logo\\\/image\\\/\",\"url\":\"https:\\\/\\\/travecademy.be\\\/wp-content\\\/uploads\\\/2024\\\/04\\\/Travecademy.png\",\"contentUrl\":\"https:\\\/\\\/travecademy.be\\\/wp-content\\\/uploads\\\/2024\\\/04\\\/Travecademy.png\",\"width\":1263,\"height\":313,\"caption\":\"TravEcademy\"},\"image\":{\"@id\":\"https:\\\/\\\/travecademy.be\\\/fr\\\/#\\\/schema\\\/logo\\\/image\\\/\"}}]}<\/script>\n<!-- \/ Yoast SEO Premium plugin. -->","yoast_head_json":{"title":"MSC Croisi\u00e8res pour vous et votre client ! - TravEcademy","robots":{"index":"index","follow":"follow","max-snippet":"max-snippet:-1","max-image-preview":"max-image-preview:large","max-video-preview":"max-video-preview:-1"},"canonical":"https:\/\/travecademy.be\/fr\/a-propos-de-msc-croisieres\/msc-croisieres-pour-vous-et-votre-client\/","og_locale":"fr_FR","og_type":"article","og_title":"MSC Croisi\u00e8res pour vous et votre client !","og_description":"Responsable des ventes \u2013 MSC Cruises Netherlands Eliane van den Huijssen Num\u00e9ro de t\u00e9l\u00e9phone : 06-41427374 Courriel : sales@msccruises.nl \u00a0 Webinaires MSC Croisi\u00e8res propose plusieurs\u2026","og_url":"https:\/\/travecademy.be\/fr\/a-propos-de-msc-croisieres\/msc-croisieres-pour-vous-et-votre-client\/","og_site_name":"TravEcademy","article_modified_time":"2024-02-13T10:13:05+00:00","og_image":[{"width":1304,"height":978,"url":"https:\/\/travecademy.be\/wp-content\/uploads\/2017\/11\/WhatsApp-Image-2020-05-13-at-11.54.25.jpeg","type":"image\/jpeg"}],"twitter_card":"summary_large_image","twitter_misc":{"Dur\u00e9e de lecture estim\u00e9e":"2 minutes"},"schema":{"@context":"https:\/\/schema.org","@graph":[{"@type":"WebPage","@id":"https:\/\/travecademy.be\/fr\/a-propos-de-msc-croisieres\/msc-croisieres-pour-vous-et-votre-client\/","url":"https:\/\/travecademy.be\/fr\/a-propos-de-msc-croisieres\/msc-croisieres-pour-vous-et-votre-client\/","name":"MSC Croisi\u00e8res pour vous et votre client ! - TravEcademy","isPartOf":{"@id":"https:\/\/travecademy.be\/fr\/#website"},"primaryImageOfPage":{"@id":"https:\/\/travecademy.be\/fr\/a-propos-de-msc-croisieres\/msc-croisieres-pour-vous-et-votre-client\/#primaryimage"},"image":{"@id":"https:\/\/travecademy.be\/fr\/a-propos-de-msc-croisieres\/msc-croisieres-pour-vous-et-votre-client\/#primaryimage"},"thumbnailUrl":"https:\/\/travecademy.be\/wp-content\/uploads\/2017\/11\/WhatsApp-Image-2020-05-13-at-11.54.25.jpeg","datePublished":"2017-11-13T08:52:49+00:00","dateModified":"2024-02-13T10:13:05+00:00","breadcrumb":{"@id":"https:\/\/travecademy.be\/fr\/a-propos-de-msc-croisieres\/msc-croisieres-pour-vous-et-votre-client\/#breadcrumb"},"inLanguage":"fr-FR","potentialAction":[{"@type":"ReadAction","target":["https:\/\/travecademy.be\/fr\/a-propos-de-msc-croisieres\/msc-croisieres-pour-vous-et-votre-client\/"]}]},{"@type":"ImageObject","inLanguage":"fr-FR","@id":"https:\/\/travecademy.be\/fr\/a-propos-de-msc-croisieres\/msc-croisieres-pour-vous-et-votre-client\/#primaryimage","url":"https:\/\/travecademy.be\/wp-content\/uploads\/2017\/11\/WhatsApp-Image-2020-05-13-at-11.54.25.jpeg","contentUrl":"https:\/\/travecademy.be\/wp-content\/uploads\/2017\/11\/WhatsApp-Image-2020-05-13-at-11.54.25.jpeg","width":1304,"height":978},{"@type":"BreadcrumbList","@id":"https:\/\/travecademy.be\/fr\/a-propos-de-msc-croisieres\/msc-croisieres-pour-vous-et-votre-client\/#breadcrumb","itemListElement":[{"@type":"ListItem","position":1,"name":"Home","item":"https:\/\/travecademy.be\/fr\/"},{"@type":"ListItem","position":2,"name":"\u00c0 propos de MSC Croisi\u00e8res","item":"https:\/\/travecademy.be\/fr\/a-propos-de-msc-croisieres\/"},{"@type":"ListItem","position":3,"name":"MSC Croisi\u00e8res pour vous et votre client !"}]},{"@type":"WebSite","@id":"https:\/\/travecademy.be\/fr\/#website","url":"https:\/\/travecademy.be\/fr\/","name":"TravEcademy","description":"Het meest succesvolle en gratis e-learning platform voor reisprofessionals","publisher":{"@id":"https:\/\/travecademy.be\/fr\/#organization"},"potentialAction":[{"@type":"SearchAction","target":{"@type":"EntryPoint","urlTemplate":"https:\/\/travecademy.be\/fr\/?s={search_term_string}"},"query-input":{"@type":"PropertyValueSpecification","valueRequired":true,"valueName":"search_term_string"}}],"inLanguage":"fr-FR"},{"@type":"Organization","@id":"https:\/\/travecademy.be\/fr\/#organization","name":"TravEcademy","url":"https:\/\/travecademy.be\/fr\/","logo":{"@type":"ImageObject","inLanguage":"fr-FR","@id":"https:\/\/travecademy.be\/fr\/#\/schema\/logo\/image\/","url":"https:\/\/travecademy.be\/wp-content\/uploads\/2024\/04\/Travecademy.png","contentUrl":"https:\/\/travecademy.be\/wp-content\/uploads\/2024\/04\/Travecademy.png","width":1263,"height":313,"caption":"TravEcademy"},"image":{"@id":"https:\/\/travecademy.be\/fr\/#\/schema\/logo\/image\/"}}]}},"publishpress_future_action":{"enabled":false,"date":"2026-04-21 23:45:39","action":"change-status","newStatus":"draft","terms":[],"taxonomy":"ecademys","extraData":[]},"publishpress_future_workflow_manual_trigger":{"enabledWorkflows":[]},"ticketed":false,"_links":{"self":[{"href":"https:\/\/travecademy.be\/fr\/wp-json\/wp\/v2\/pages\/44216","targetHints":{"allow":["GET"]}}],"collection":[{"href":"https:\/\/travecademy.be\/fr\/wp-json\/wp\/v2\/pages"}],"about":[{"href":"https:\/\/travecademy.be\/fr\/wp-json\/wp\/v2\/types\/page"}],"author":[{"embeddable":true,"href":"https:\/\/travecademy.be\/fr\/wp-json\/wp\/v2\/users\/1"}],"replies":[{"embeddable":true,"href":"https:\/\/travecademy.be\/fr\/wp-json\/wp\/v2\/comments?post=44216"}],"version-history":[{"count":1,"href":"https:\/\/travecademy.be\/fr\/wp-json\/wp\/v2\/pages\/44216\/revisions"}],"predecessor-version":[{"id":44217,"href":"https:\/\/travecademy.be\/fr\/wp-json\/wp\/v2\/pages\/44216\/revisions\/44217"}],"up":[{"embeddable":true,"href":"https:\/\/travecademy.be\/fr\/wp-json\/wp\/v2\/pages\/44081"}],"wp:featuredmedia":[{"embeddable":true,"href":"https:\/\/travecademy.be\/fr\/wp-json\/wp\/v2\/media\/35165"}],"wp:attachment":[{"href":"https:\/\/travecademy.be\/fr\/wp-json\/wp\/v2\/media?parent=44216"}],"wp:term":[{"taxonomy":"post_tag","embeddable":true,"href":"https:\/\/travecademy.be\/fr\/wp-json\/wp\/v2\/tags?post=44216"},{"taxonomy":"ecademys","embeddable":true,"href":"https:\/\/travecademy.be\/fr\/wp-json\/wp\/v2\/ecademys?post=44216"}],"curies":[{"name":"wp","href":"https:\/\/api.w.org\/{rel}","templated":true}]}}