{"id":44226,"date":"2019-03-25T10:19:37","date_gmt":"2019-03-25T08:19:37","guid":{"rendered":"https:\/\/travecademy.be\/la-riche-histoire-de-lalabama\/"},"modified":"2024-02-13T12:13:09","modified_gmt":"2024-02-13T10:13:09","slug":"la-riche-histoire-de-lalabama","status":"publish","type":"page","link":"https:\/\/travecademy.be\/fr\/themes\/histoire-et-culture\/la-riche-histoire-de-lalabama\/","title":{"rendered":"La riche histoire de l\u2019Alabama"},"content":{"rendered":"<p><strong>De la plus ancienne f\u00eate foraine du pays \u00e0 la naissance du programme spatial am\u00e9ricain,\u00a0<\/strong><a href=\"https:\/\/travelsouth.visittheusa.com\/state\/alabama\" target=\"_blank\" rel=\"noopener\">Alabama<\/a><strong>\u00a0poss\u00e8de une culture riche et une histoire impressionnante. Des id\u00e9es novatrices au mouvement des droits civiques, en passant par les sites historiques qui offrent aux passionn\u00e9s d\u2019histoire une exp\u00e9rience inspirante du pass\u00e9.  <\/strong><\/p>\n<p>Vos clients sont-ils en qu\u00eate d\u2019histoire ? Si c\u2019est le cas, la <a href=\"https:\/\/civilrightstrail.com\/state\/alabama\/\" target=\"_blank\" rel=\"noopener\">piste des droits civiques<\/a> est vivement recommand\u00e9e. Cet itin\u00e9raire montre tous les points embl\u00e9matiques qui ont jou\u00e9 un r\u00f4le important dans l\u2019histoire du mouvement des droits civiques. Vous pouvez d\u00e9couvrir ce qui s\u2019est pass\u00e9 et comment cela a fa\u00e7onn\u00e9 l\u2019histoire. L\u2019Alabama, en particulier, compte de nombreux lieux embl\u00e9matiques. Comme, par exemple, le <a href=\"https:\/\/www.troy.edu\/student-life-resources\/arts-culture\/rosa-parks-museum\/index.html\" target=\"_blank\" rel=\"noopener\">mus\u00e9e Rosa Parks<\/a> \u00e0 Montgomery, o\u00f9 vous pouvez marcher sur les traces de Rosa Parks, la l\u00e9gende des droits civiques. Ou imaginez la sc\u00e8ne du Bloody Sunday et la victoire de la marche de Selma \u00e0 Montgomery, lors de la travers\u00e9e du pont Edmund Pettus. Ne manquez pas de visiter le site historique national des aviateurs de Tuskegee. o\u00f9 vous pourrez en apprendre davantage sur les premiers pilotes militaires afro-am\u00e9ricains. Enfin, nous recommandons \u00e0 vos klnats de visiter l\u2019une des \u00e9glises les plus c\u00e9l\u00e8bres des \u00c9tats-Unis : la 16 Street Baptist Church. C\u2019est dans cette \u00e9glise que Martin Luther King Jr. a pr\u00each\u00e9. et l\u2019attaque a \u00e9t\u00e9 faite sur des filles afro-am\u00e9ricaines.<\/p>\n<p><img fetchpriority=\"high\" decoding=\"async\" class=\" size-full wp-image-3234\" alt=\"\" height=\"267\" src=\"http:\/\/travecademy.be\/wp-content\/uploads\/2019\/03\/Themas_Historie-Cultuur_De-rijke-historie-van-Alabama-2.jpg\" width=\"400\" srcset=\"https:\/\/travecademy.be\/wp-content\/uploads\/2019\/03\/Themas_Historie-Cultuur_De-rijke-historie-van-Alabama-2.jpg 1280w, https:\/\/travecademy.be\/wp-content\/uploads\/2019\/03\/Themas_Historie-Cultuur_De-rijke-historie-van-Alabama-2-600x400.jpg 600w, https:\/\/travecademy.be\/wp-content\/uploads\/2019\/03\/Themas_Historie-Cultuur_De-rijke-historie-van-Alabama-2-300x200.jpg 300w, https:\/\/travecademy.be\/wp-content\/uploads\/2019\/03\/Themas_Historie-Cultuur_De-rijke-historie-van-Alabama-2-1024x682.jpg 1024w, https:\/\/travecademy.be\/wp-content\/uploads\/2019\/03\/Themas_Historie-Cultuur_De-rijke-historie-van-Alabama-2-768x512.jpg 768w, https:\/\/travecademy.be\/wp-content\/uploads\/2019\/03\/Themas_Historie-Cultuur_De-rijke-historie-van-Alabama-2-624x416.jpg 624w, https:\/\/travecademy.be\/wp-content\/uploads\/2019\/03\/Themas_Historie-Cultuur_De-rijke-historie-van-Alabama-2-50x33.jpg 50w, https:\/\/travecademy.be\/wp-content\/uploads\/2019\/03\/Themas_Historie-Cultuur_De-rijke-historie-van-Alabama-2-100x67.jpg 100w\" sizes=\"(max-width: 400px) 100vw, 400px\" \/><\/p>\n<p>\u00a0<\/p>\n","protected":false},"excerpt":{"rendered":"<p>De la plus ancienne f\u00eate foraine du pays \u00e0 la naissance du programme spatial am\u00e9ricain,\u00a0Alabama\u00a0poss\u00e8de une culture riche et une histoire impressionnante. Des id\u00e9es novatrices\u2026<\/p>\n","protected":false},"author":1,"featured_media":35882,"parent":48845,"menu_order":0,"comment_status":"closed","ping_status":"closed","template":"","meta":{"_acf_changed":false,"_price":"","_stock":"","_tribe_ticket_header":"","_tribe_default_ticket_provider":"","_tribe_ticket_capacity":"0","_ticket_start_date":"","_ticket_end_date":"","_tribe_ticket_show_description":"","_tribe_ticket_show_not_going":false,"_tribe_ticket_use_global_stock":"","_tribe_ticket_global_stock_level":"","_global_stock_mode":"","_global_stock_cap":"","_tribe_rsvp_for_event":"","_tribe_ticket_going_count":"","_tribe_ticket_not_going_count":"","_tribe_tickets_list":"[]","_tribe_ticket_has_attendee_info_fields":false,"footnotes":"","_tec_slr_enabled":"","_tec_slr_layout":""},"tags":[362],"ecademys":[500],"class_list":["post-44226","page","type-page","status-publish","has-post-thumbnail","hentry","tag-themes-histoire-et-culture","ecademys-travel-south-usa-fr"],"acf":[],"yoast_head":"<!-- This site is optimized with the Yoast SEO Premium plugin v27.4 (Yoast SEO v27.5) - https:\/\/yoast.com\/product\/yoast-seo-premium-wordpress\/ -->\n<title>La riche histoire de l&#039;Alabama - TravEcademy<\/title>\n<meta name=\"robots\" content=\"index, follow, max-snippet:-1, max-image-preview:large, max-video-preview:-1\" \/>\n<link rel=\"canonical\" href=\"https:\/\/travecademy.be\/fr\/themes\/histoire-et-culture\/la-riche-histoire-de-lalabama\/\" class=\"yoast-seo-meta-tag\" \/>\n<meta property=\"og:locale\" content=\"fr_FR\" class=\"yoast-seo-meta-tag\" \/>\n<meta property=\"og:type\" content=\"article\" class=\"yoast-seo-meta-tag\" \/>\n<meta property=\"og:title\" content=\"La riche histoire de l&#039;Alabama\" class=\"yoast-seo-meta-tag\" \/>\n<meta property=\"og:description\" content=\"De la plus ancienne f\u00eate foraine du pays \u00e0 la naissance du programme spatial am\u00e9ricain,\u00a0Alabama\u00a0poss\u00e8de une culture riche et une histoire impressionnante. Des id\u00e9es novatrices\u2026\" class=\"yoast-seo-meta-tag\" \/>\n<meta property=\"og:url\" content=\"https:\/\/travecademy.be\/fr\/themes\/histoire-et-culture\/la-riche-histoire-de-lalabama\/\" class=\"yoast-seo-meta-tag\" \/>\n<meta property=\"og:site_name\" content=\"TravEcademy\" class=\"yoast-seo-meta-tag\" \/>\n<meta property=\"article:modified_time\" content=\"2024-02-13T10:13:09+00:00\" class=\"yoast-seo-meta-tag\" \/>\n<meta property=\"og:image\" content=\"https:\/\/travecademy.be\/wp-content\/uploads\/2022\/01\/Themas_Historie-Cultuur_De-rijke-historie-van-Alabama-1.jpg\" class=\"yoast-seo-meta-tag\" \/>\n\t<meta property=\"og:image:width\" content=\"622\" class=\"yoast-seo-meta-tag\" \/>\n\t<meta property=\"og:image:height\" content=\"415\" class=\"yoast-seo-meta-tag\" \/>\n\t<meta property=\"og:image:type\" content=\"image\/jpeg\" class=\"yoast-seo-meta-tag\" \/>\n<meta name=\"twitter:card\" content=\"summary_large_image\" class=\"yoast-seo-meta-tag\" \/>\n<meta name=\"twitter:label1\" content=\"Dur\u00e9e de lecture estim\u00e9e\" class=\"yoast-seo-meta-tag\" \/>\n\t<meta name=\"twitter:data1\" content=\"1 minute\" class=\"yoast-seo-meta-tag\" \/>\n<script type=\"application\/ld+json\" class=\"yoast-schema-graph\">{\"@context\":\"https:\\\/\\\/schema.org\",\"@graph\":[{\"@type\":\"WebPage\",\"@id\":\"https:\\\/\\\/travecademy.be\\\/fr\\\/themes\\\/histoire-et-culture\\\/la-riche-histoire-de-lalabama\\\/\",\"url\":\"https:\\\/\\\/travecademy.be\\\/fr\\\/themes\\\/histoire-et-culture\\\/la-riche-histoire-de-lalabama\\\/\",\"name\":\"La riche histoire de l'Alabama - TravEcademy\",\"isPartOf\":{\"@id\":\"https:\\\/\\\/travecademy.be\\\/fr\\\/#website\"},\"primaryImageOfPage\":{\"@id\":\"https:\\\/\\\/travecademy.be\\\/fr\\\/themes\\\/histoire-et-culture\\\/la-riche-histoire-de-lalabama\\\/#primaryimage\"},\"image\":{\"@id\":\"https:\\\/\\\/travecademy.be\\\/fr\\\/themes\\\/histoire-et-culture\\\/la-riche-histoire-de-lalabama\\\/#primaryimage\"},\"thumbnailUrl\":\"https:\\\/\\\/travecademy.be\\\/wp-content\\\/uploads\\\/2022\\\/01\\\/Themas_Historie-Cultuur_De-rijke-historie-van-Alabama-1.jpg\",\"datePublished\":\"2019-03-25T08:19:37+00:00\",\"dateModified\":\"2024-02-13T10:13:09+00:00\",\"breadcrumb\":{\"@id\":\"https:\\\/\\\/travecademy.be\\\/fr\\\/themes\\\/histoire-et-culture\\\/la-riche-histoire-de-lalabama\\\/#breadcrumb\"},\"inLanguage\":\"fr-FR\",\"potentialAction\":[{\"@type\":\"ReadAction\",\"target\":[\"https:\\\/\\\/travecademy.be\\\/fr\\\/themes\\\/histoire-et-culture\\\/la-riche-histoire-de-lalabama\\\/\"]}]},{\"@type\":\"ImageObject\",\"inLanguage\":\"fr-FR\",\"@id\":\"https:\\\/\\\/travecademy.be\\\/fr\\\/themes\\\/histoire-et-culture\\\/la-riche-histoire-de-lalabama\\\/#primaryimage\",\"url\":\"https:\\\/\\\/travecademy.be\\\/wp-content\\\/uploads\\\/2022\\\/01\\\/Themas_Historie-Cultuur_De-rijke-historie-van-Alabama-1.jpg\",\"contentUrl\":\"https:\\\/\\\/travecademy.be\\\/wp-content\\\/uploads\\\/2022\\\/01\\\/Themas_Historie-Cultuur_De-rijke-historie-van-Alabama-1.jpg\",\"width\":622,\"height\":415},{\"@type\":\"BreadcrumbList\",\"@id\":\"https:\\\/\\\/travecademy.be\\\/fr\\\/themes\\\/histoire-et-culture\\\/la-riche-histoire-de-lalabama\\\/#breadcrumb\",\"itemListElement\":[{\"@type\":\"ListItem\",\"position\":1,\"name\":\"Home\",\"item\":\"https:\\\/\\\/travecademy.be\\\/fr\\\/\"},{\"@type\":\"ListItem\",\"position\":2,\"name\":\"Th\u00e8mes\",\"item\":\"https:\\\/\\\/travecademy.be\\\/fr\\\/themes\\\/\"},{\"@type\":\"ListItem\",\"position\":3,\"name\":\"Histoire et culture\",\"item\":\"https:\\\/\\\/travecademy.be\\\/fr\\\/themas-2\\\/historie-cultuur\\\/\"},{\"@type\":\"ListItem\",\"position\":4,\"name\":\"La riche histoire de l&#8217;Alabama\"}]},{\"@type\":\"WebSite\",\"@id\":\"https:\\\/\\\/travecademy.be\\\/fr\\\/#website\",\"url\":\"https:\\\/\\\/travecademy.be\\\/fr\\\/\",\"name\":\"TravEcademy\",\"description\":\"Het meest succesvolle en gratis e-learning platform voor reisprofessionals\",\"publisher\":{\"@id\":\"https:\\\/\\\/travecademy.be\\\/fr\\\/#organization\"},\"potentialAction\":[{\"@type\":\"SearchAction\",\"target\":{\"@type\":\"EntryPoint\",\"urlTemplate\":\"https:\\\/\\\/travecademy.be\\\/fr\\\/?s={search_term_string}\"},\"query-input\":{\"@type\":\"PropertyValueSpecification\",\"valueRequired\":true,\"valueName\":\"search_term_string\"}}],\"inLanguage\":\"fr-FR\"},{\"@type\":\"Organization\",\"@id\":\"https:\\\/\\\/travecademy.be\\\/fr\\\/#organization\",\"name\":\"TravEcademy\",\"url\":\"https:\\\/\\\/travecademy.be\\\/fr\\\/\",\"logo\":{\"@type\":\"ImageObject\",\"inLanguage\":\"fr-FR\",\"@id\":\"https:\\\/\\\/travecademy.be\\\/fr\\\/#\\\/schema\\\/logo\\\/image\\\/\",\"url\":\"https:\\\/\\\/travecademy.be\\\/wp-content\\\/uploads\\\/2024\\\/04\\\/Travecademy.png\",\"contentUrl\":\"https:\\\/\\\/travecademy.be\\\/wp-content\\\/uploads\\\/2024\\\/04\\\/Travecademy.png\",\"width\":1263,\"height\":313,\"caption\":\"TravEcademy\"},\"image\":{\"@id\":\"https:\\\/\\\/travecademy.be\\\/fr\\\/#\\\/schema\\\/logo\\\/image\\\/\"}}]}<\/script>\n<!-- \/ Yoast SEO Premium plugin. -->","yoast_head_json":{"title":"La riche histoire de l'Alabama - TravEcademy","robots":{"index":"index","follow":"follow","max-snippet":"max-snippet:-1","max-image-preview":"max-image-preview:large","max-video-preview":"max-video-preview:-1"},"canonical":"https:\/\/travecademy.be\/fr\/themes\/histoire-et-culture\/la-riche-histoire-de-lalabama\/","og_locale":"fr_FR","og_type":"article","og_title":"La riche histoire de l'Alabama","og_description":"De la plus ancienne f\u00eate foraine du pays \u00e0 la naissance du programme spatial am\u00e9ricain,\u00a0Alabama\u00a0poss\u00e8de une culture riche et une histoire impressionnante. Des id\u00e9es novatrices\u2026","og_url":"https:\/\/travecademy.be\/fr\/themes\/histoire-et-culture\/la-riche-histoire-de-lalabama\/","og_site_name":"TravEcademy","article_modified_time":"2024-02-13T10:13:09+00:00","og_image":[{"width":622,"height":415,"url":"https:\/\/travecademy.be\/wp-content\/uploads\/2022\/01\/Themas_Historie-Cultuur_De-rijke-historie-van-Alabama-1.jpg","type":"image\/jpeg"}],"twitter_card":"summary_large_image","twitter_misc":{"Dur\u00e9e de lecture estim\u00e9e":"1 minute"},"schema":{"@context":"https:\/\/schema.org","@graph":[{"@type":"WebPage","@id":"https:\/\/travecademy.be\/fr\/themes\/histoire-et-culture\/la-riche-histoire-de-lalabama\/","url":"https:\/\/travecademy.be\/fr\/themes\/histoire-et-culture\/la-riche-histoire-de-lalabama\/","name":"La riche histoire de l'Alabama - TravEcademy","isPartOf":{"@id":"https:\/\/travecademy.be\/fr\/#website"},"primaryImageOfPage":{"@id":"https:\/\/travecademy.be\/fr\/themes\/histoire-et-culture\/la-riche-histoire-de-lalabama\/#primaryimage"},"image":{"@id":"https:\/\/travecademy.be\/fr\/themes\/histoire-et-culture\/la-riche-histoire-de-lalabama\/#primaryimage"},"thumbnailUrl":"https:\/\/travecademy.be\/wp-content\/uploads\/2022\/01\/Themas_Historie-Cultuur_De-rijke-historie-van-Alabama-1.jpg","datePublished":"2019-03-25T08:19:37+00:00","dateModified":"2024-02-13T10:13:09+00:00","breadcrumb":{"@id":"https:\/\/travecademy.be\/fr\/themes\/histoire-et-culture\/la-riche-histoire-de-lalabama\/#breadcrumb"},"inLanguage":"fr-FR","potentialAction":[{"@type":"ReadAction","target":["https:\/\/travecademy.be\/fr\/themes\/histoire-et-culture\/la-riche-histoire-de-lalabama\/"]}]},{"@type":"ImageObject","inLanguage":"fr-FR","@id":"https:\/\/travecademy.be\/fr\/themes\/histoire-et-culture\/la-riche-histoire-de-lalabama\/#primaryimage","url":"https:\/\/travecademy.be\/wp-content\/uploads\/2022\/01\/Themas_Historie-Cultuur_De-rijke-historie-van-Alabama-1.jpg","contentUrl":"https:\/\/travecademy.be\/wp-content\/uploads\/2022\/01\/Themas_Historie-Cultuur_De-rijke-historie-van-Alabama-1.jpg","width":622,"height":415},{"@type":"BreadcrumbList","@id":"https:\/\/travecademy.be\/fr\/themes\/histoire-et-culture\/la-riche-histoire-de-lalabama\/#breadcrumb","itemListElement":[{"@type":"ListItem","position":1,"name":"Home","item":"https:\/\/travecademy.be\/fr\/"},{"@type":"ListItem","position":2,"name":"Th\u00e8mes","item":"https:\/\/travecademy.be\/fr\/themes\/"},{"@type":"ListItem","position":3,"name":"Histoire et culture","item":"https:\/\/travecademy.be\/fr\/themas-2\/historie-cultuur\/"},{"@type":"ListItem","position":4,"name":"La riche histoire de l&#8217;Alabama"}]},{"@type":"WebSite","@id":"https:\/\/travecademy.be\/fr\/#website","url":"https:\/\/travecademy.be\/fr\/","name":"TravEcademy","description":"Het meest succesvolle en gratis e-learning platform voor reisprofessionals","publisher":{"@id":"https:\/\/travecademy.be\/fr\/#organization"},"potentialAction":[{"@type":"SearchAction","target":{"@type":"EntryPoint","urlTemplate":"https:\/\/travecademy.be\/fr\/?s={search_term_string}"},"query-input":{"@type":"PropertyValueSpecification","valueRequired":true,"valueName":"search_term_string"}}],"inLanguage":"fr-FR"},{"@type":"Organization","@id":"https:\/\/travecademy.be\/fr\/#organization","name":"TravEcademy","url":"https:\/\/travecademy.be\/fr\/","logo":{"@type":"ImageObject","inLanguage":"fr-FR","@id":"https:\/\/travecademy.be\/fr\/#\/schema\/logo\/image\/","url":"https:\/\/travecademy.be\/wp-content\/uploads\/2024\/04\/Travecademy.png","contentUrl":"https:\/\/travecademy.be\/wp-content\/uploads\/2024\/04\/Travecademy.png","width":1263,"height":313,"caption":"TravEcademy"},"image":{"@id":"https:\/\/travecademy.be\/fr\/#\/schema\/logo\/image\/"}}]}},"publishpress_future_action":{"enabled":false,"date":"2026-05-06 16:23:09","action":"change-status","newStatus":"draft","terms":[],"taxonomy":"ecademys","extraData":[]},"publishpress_future_workflow_manual_trigger":{"enabledWorkflows":[]},"ticketed":false,"_links":{"self":[{"href":"https:\/\/travecademy.be\/fr\/wp-json\/wp\/v2\/pages\/44226","targetHints":{"allow":["GET"]}}],"collection":[{"href":"https:\/\/travecademy.be\/fr\/wp-json\/wp\/v2\/pages"}],"about":[{"href":"https:\/\/travecademy.be\/fr\/wp-json\/wp\/v2\/types\/page"}],"author":[{"embeddable":true,"href":"https:\/\/travecademy.be\/fr\/wp-json\/wp\/v2\/users\/1"}],"replies":[{"embeddable":true,"href":"https:\/\/travecademy.be\/fr\/wp-json\/wp\/v2\/comments?post=44226"}],"version-history":[{"count":1,"href":"https:\/\/travecademy.be\/fr\/wp-json\/wp\/v2\/pages\/44226\/revisions"}],"predecessor-version":[{"id":44227,"href":"https:\/\/travecademy.be\/fr\/wp-json\/wp\/v2\/pages\/44226\/revisions\/44227"}],"up":[{"embeddable":true,"href":"https:\/\/travecademy.be\/fr\/wp-json\/wp\/v2\/pages\/48845"}],"wp:featuredmedia":[{"embeddable":true,"href":"https:\/\/travecademy.be\/fr\/wp-json\/wp\/v2\/media\/35882"}],"wp:attachment":[{"href":"https:\/\/travecademy.be\/fr\/wp-json\/wp\/v2\/media?parent=44226"}],"wp:term":[{"taxonomy":"post_tag","embeddable":true,"href":"https:\/\/travecademy.be\/fr\/wp-json\/wp\/v2\/tags?post=44226"},{"taxonomy":"ecademys","embeddable":true,"href":"https:\/\/travecademy.be\/fr\/wp-json\/wp\/v2\/ecademys?post=44226"}],"curies":[{"name":"wp","href":"https:\/\/api.w.org\/{rel}","templated":true}]}}