{"id":44228,"date":"2019-03-25T10:24:47","date_gmt":"2019-03-25T08:24:47","guid":{"rendered":"https:\/\/travecademy.be\/decouvrez-le-cote-artistique-du-kentucky\/"},"modified":"2024-02-13T12:13:10","modified_gmt":"2024-02-13T10:13:10","slug":"decouvrez-le-cote-artistique-du-kentucky","status":"publish","type":"page","link":"https:\/\/travecademy.be\/fr\/themes\/histoire-et-culture\/decouvrez-le-cote-artistique-du-kentucky\/","title":{"rendered":"D\u00e9couvrez le c\u00f4t\u00e9 artistique du Kentucky"},"content":{"rendered":"<p><strong>L\u2019art est un \u00e9l\u00e9ment important de la culture du <a href=\"https:\/\/travelsouth.visittheusa.com\/state\/kentucky\">Kentucky<\/a>. Vous y trouverez une communaut\u00e9 dynamique d\u2019artistes pratiquant la peinture, la sculpture et l\u2019artisanat.  <\/strong><\/p>\n<p>Par exemple, la ville de Paducah a \u00e9t\u00e9 inscrite sur la liste des villes cr\u00e9atives de l\u2019UNESCO pour l\u2019artisanat et les arts populaires, en raison de la diversit\u00e9 de l\u2019artisanat et des arts populaires que l\u2019on y trouve. La ville de Berea est un centre d\u2019apprentissage de l\u2019artisanat ouvert toute l\u2019ann\u00e9e. Ici, les artistes ne vendent pas seulement leurs \u0153uvres mais partagent aussi leurs techniques qui existent depuis des g\u00e9n\u00e9rations.<\/p>\n<p>Visitez \u00e9galement la maison natale du 16e pr\u00e9sident des \u00c9tats-Unis, Abraham Lincoln. Sa vie \u00e0 la ferme, situ\u00e9e \u00e0 Knob Creek dans le Kentucky, a eu un impact profond sur ses opinions personnelles et, plus tard, sur sa pr\u00e9sidence. L\u2019<a href=\"https:\/\/www.kentuckytourism.com\/abraham-lincoln-boyhood-home-at-knob-creek\/\">Abraham Lincoln Boyhood Home<\/a> est ouvert tous les jours de 9h \u00e0 17h. Vos clients peuvent combiner cette visite avec celle du mus\u00e9e Lincoln. Ici, les visiteurs peuvent voir comment vivait Abraham Lincoln gr\u00e2ce \u00e0 des personnages de cire.<\/p>\n<p>\u00c0 15 minutes de route du Lincoln Museum, vous arrivez \u00e0 l\u2019int\u00e9ressant <a href=\"https:\/\/www.kentuckytourism.com\/hardin-county-history-museum\/\">Hardin County History Museum<\/a>. Vous y trouverez des objets, des documents et d\u2019autres \u00e9l\u00e9ments du patrimoine qui racontent l\u2019histoire du comt\u00e9 de Hardin, depuis les premiers habitants indiens jusqu\u2019\u00e0 l\u2019\u00e9poque moderne. Le Kentucky n\u2019est pas seulement un \u00c9tat joyeux o\u00f9 le bourbon, les chevaux et les activit\u00e9s de plein air sont \u00e0 l\u2019honneur, c\u2019est aussi un \u00c9tat o\u00f9 l\u2019on trouve plusieurs endroits effrayants. Les visiteurs peuvent visiter divers lieux, notamment Ghost Walk of Lexington, Louisville Historic Tours, Waverly Hills Sanatorium et Paramount Art Center. Accompagnez-nous dans ces visites de la quintessence de l\u2019Am\u00e9rique !<\/p>\n<p><a href=\"https:\/\/travelsouth.visittheusa.com\/state\/kentucky\"><img fetchpriority=\"high\" decoding=\"async\" class=\" size-full wp-image-3239\" alt=\"\" height=\"452\" src=\"http:\/\/travecademy.be\/wp-content\/uploads\/2019\/03\/kentucky2.jpg\" width=\"300\" srcset=\"https:\/\/travecademy.be\/wp-content\/uploads\/2019\/03\/kentucky2.jpg 817w, https:\/\/travecademy.be\/wp-content\/uploads\/2019\/03\/kentucky2-600x903.jpg 600w, https:\/\/travecademy.be\/wp-content\/uploads\/2019\/03\/kentucky2-199x300.jpg 199w, https:\/\/travecademy.be\/wp-content\/uploads\/2019\/03\/kentucky2-680x1024.jpg 680w, https:\/\/travecademy.be\/wp-content\/uploads\/2019\/03\/kentucky2-768x1156.jpg 768w, https:\/\/travecademy.be\/wp-content\/uploads\/2019\/03\/kentucky2-624x939.jpg 624w, https:\/\/travecademy.be\/wp-content\/uploads\/2019\/03\/kentucky2-33x50.jpg 33w, https:\/\/travecademy.be\/wp-content\/uploads\/2019\/03\/kentucky2-66x100.jpg 66w\" sizes=\"(max-width: 300px) 100vw, 300px\" \/><\/a><\/p>\n","protected":false},"excerpt":{"rendered":"<p>L\u2019art est un \u00e9l\u00e9ment important de la culture du Kentucky. Vous y trouverez une communaut\u00e9 dynamique d\u2019artistes pratiquant la peinture, la sculpture et l\u2019artisanat. Par\u2026<\/p>\n","protected":false},"author":1,"featured_media":35887,"parent":48845,"menu_order":0,"comment_status":"closed","ping_status":"closed","template":"","meta":{"_acf_changed":false,"_price":"","_stock":"","_tribe_ticket_header":"","_tribe_default_ticket_provider":"","_tribe_ticket_capacity":"0","_ticket_start_date":"","_ticket_end_date":"","_tribe_ticket_show_description":"","_tribe_ticket_show_not_going":false,"_tribe_ticket_use_global_stock":"","_tribe_ticket_global_stock_level":"","_global_stock_mode":"","_global_stock_cap":"","_tribe_rsvp_for_event":"","_tribe_ticket_going_count":"","_tribe_ticket_not_going_count":"","_tribe_tickets_list":"[]","_tribe_ticket_has_attendee_info_fields":false,"footnotes":"","_tec_slr_enabled":"","_tec_slr_layout":""},"tags":[],"ecademys":[500],"class_list":["post-44228","page","type-page","status-publish","has-post-thumbnail","hentry","ecademys-travel-south-usa-fr"],"acf":[],"yoast_head":"<!-- This site is optimized with the Yoast SEO Premium plugin v27.5 (Yoast SEO v27.5) - https:\/\/yoast.com\/product\/yoast-seo-premium-wordpress\/ -->\n<title>D\u00e9couvrez le c\u00f4t\u00e9 artistique du Kentucky - TravEcademy<\/title>\n<meta name=\"robots\" content=\"index, follow, max-snippet:-1, max-image-preview:large, max-video-preview:-1\" \/>\n<link rel=\"canonical\" href=\"https:\/\/travecademy.be\/fr\/themes\/histoire-et-culture\/decouvrez-le-cote-artistique-du-kentucky\/\" class=\"yoast-seo-meta-tag\" \/>\n<meta property=\"og:locale\" content=\"fr_FR\" class=\"yoast-seo-meta-tag\" \/>\n<meta property=\"og:type\" content=\"article\" class=\"yoast-seo-meta-tag\" \/>\n<meta property=\"og:title\" content=\"D\u00e9couvrez le c\u00f4t\u00e9 artistique du Kentucky\" class=\"yoast-seo-meta-tag\" \/>\n<meta property=\"og:description\" content=\"L\u2019art est un \u00e9l\u00e9ment important de la culture du Kentucky. Vous y trouverez une communaut\u00e9 dynamique d\u2019artistes pratiquant la peinture, la sculpture et l\u2019artisanat. Par\u2026\" class=\"yoast-seo-meta-tag\" \/>\n<meta property=\"og:url\" content=\"https:\/\/travecademy.be\/fr\/themes\/histoire-et-culture\/decouvrez-le-cote-artistique-du-kentucky\/\" class=\"yoast-seo-meta-tag\" \/>\n<meta property=\"og:site_name\" content=\"TravEcademy\" class=\"yoast-seo-meta-tag\" \/>\n<meta property=\"article:modified_time\" content=\"2024-02-13T10:13:10+00:00\" class=\"yoast-seo-meta-tag\" \/>\n<meta property=\"og:image\" content=\"https:\/\/travecademy.be\/wp-content\/uploads\/2019\/03\/kentucky1.jpg\" class=\"yoast-seo-meta-tag\" \/>\n\t<meta property=\"og:image:width\" content=\"622\" class=\"yoast-seo-meta-tag\" \/>\n\t<meta property=\"og:image:height\" content=\"415\" class=\"yoast-seo-meta-tag\" \/>\n\t<meta property=\"og:image:type\" content=\"image\/jpeg\" class=\"yoast-seo-meta-tag\" \/>\n<meta name=\"twitter:card\" content=\"summary_large_image\" class=\"yoast-seo-meta-tag\" \/>\n<meta name=\"twitter:label1\" content=\"Dur\u00e9e de lecture estim\u00e9e\" class=\"yoast-seo-meta-tag\" \/>\n\t<meta name=\"twitter:data1\" content=\"1 minute\" class=\"yoast-seo-meta-tag\" \/>\n<script type=\"application\/ld+json\" class=\"yoast-schema-graph\">{\"@context\":\"https:\\\/\\\/schema.org\",\"@graph\":[{\"@type\":\"WebPage\",\"@id\":\"https:\\\/\\\/travecademy.be\\\/fr\\\/themes\\\/histoire-et-culture\\\/decouvrez-le-cote-artistique-du-kentucky\\\/\",\"url\":\"https:\\\/\\\/travecademy.be\\\/fr\\\/themes\\\/histoire-et-culture\\\/decouvrez-le-cote-artistique-du-kentucky\\\/\",\"name\":\"D\u00e9couvrez le c\u00f4t\u00e9 artistique du Kentucky - TravEcademy\",\"isPartOf\":{\"@id\":\"https:\\\/\\\/travecademy.be\\\/fr\\\/#website\"},\"primaryImageOfPage\":{\"@id\":\"https:\\\/\\\/travecademy.be\\\/fr\\\/themes\\\/histoire-et-culture\\\/decouvrez-le-cote-artistique-du-kentucky\\\/#primaryimage\"},\"image\":{\"@id\":\"https:\\\/\\\/travecademy.be\\\/fr\\\/themes\\\/histoire-et-culture\\\/decouvrez-le-cote-artistique-du-kentucky\\\/#primaryimage\"},\"thumbnailUrl\":\"https:\\\/\\\/travecademy.be\\\/wp-content\\\/uploads\\\/2019\\\/03\\\/kentucky1.jpg\",\"datePublished\":\"2019-03-25T08:24:47+00:00\",\"dateModified\":\"2024-02-13T10:13:10+00:00\",\"breadcrumb\":{\"@id\":\"https:\\\/\\\/travecademy.be\\\/fr\\\/themes\\\/histoire-et-culture\\\/decouvrez-le-cote-artistique-du-kentucky\\\/#breadcrumb\"},\"inLanguage\":\"fr-FR\",\"potentialAction\":[{\"@type\":\"ReadAction\",\"target\":[\"https:\\\/\\\/travecademy.be\\\/fr\\\/themes\\\/histoire-et-culture\\\/decouvrez-le-cote-artistique-du-kentucky\\\/\"]}]},{\"@type\":\"ImageObject\",\"inLanguage\":\"fr-FR\",\"@id\":\"https:\\\/\\\/travecademy.be\\\/fr\\\/themes\\\/histoire-et-culture\\\/decouvrez-le-cote-artistique-du-kentucky\\\/#primaryimage\",\"url\":\"https:\\\/\\\/travecademy.be\\\/wp-content\\\/uploads\\\/2019\\\/03\\\/kentucky1.jpg\",\"contentUrl\":\"https:\\\/\\\/travecademy.be\\\/wp-content\\\/uploads\\\/2019\\\/03\\\/kentucky1.jpg\",\"width\":622,\"height\":415},{\"@type\":\"BreadcrumbList\",\"@id\":\"https:\\\/\\\/travecademy.be\\\/fr\\\/themes\\\/histoire-et-culture\\\/decouvrez-le-cote-artistique-du-kentucky\\\/#breadcrumb\",\"itemListElement\":[{\"@type\":\"ListItem\",\"position\":1,\"name\":\"Home\",\"item\":\"https:\\\/\\\/travecademy.be\\\/fr\\\/\"},{\"@type\":\"ListItem\",\"position\":2,\"name\":\"Th\u00e8mes\",\"item\":\"https:\\\/\\\/travecademy.be\\\/fr\\\/themes\\\/\"},{\"@type\":\"ListItem\",\"position\":3,\"name\":\"Histoire et culture\",\"item\":\"https:\\\/\\\/travecademy.be\\\/fr\\\/themas-2\\\/historie-cultuur\\\/\"},{\"@type\":\"ListItem\",\"position\":4,\"name\":\"D\u00e9couvrez le c\u00f4t\u00e9 artistique du Kentucky\"}]},{\"@type\":\"WebSite\",\"@id\":\"https:\\\/\\\/travecademy.be\\\/fr\\\/#website\",\"url\":\"https:\\\/\\\/travecademy.be\\\/fr\\\/\",\"name\":\"TravEcademy\",\"description\":\"Het meest succesvolle en gratis e-learning platform voor reisprofessionals\",\"publisher\":{\"@id\":\"https:\\\/\\\/travecademy.be\\\/fr\\\/#organization\"},\"potentialAction\":[{\"@type\":\"SearchAction\",\"target\":{\"@type\":\"EntryPoint\",\"urlTemplate\":\"https:\\\/\\\/travecademy.be\\\/fr\\\/?s={search_term_string}\"},\"query-input\":{\"@type\":\"PropertyValueSpecification\",\"valueRequired\":true,\"valueName\":\"search_term_string\"}}],\"inLanguage\":\"fr-FR\"},{\"@type\":\"Organization\",\"@id\":\"https:\\\/\\\/travecademy.be\\\/fr\\\/#organization\",\"name\":\"TravEcademy\",\"url\":\"https:\\\/\\\/travecademy.be\\\/fr\\\/\",\"logo\":{\"@type\":\"ImageObject\",\"inLanguage\":\"fr-FR\",\"@id\":\"https:\\\/\\\/travecademy.be\\\/fr\\\/#\\\/schema\\\/logo\\\/image\\\/\",\"url\":\"https:\\\/\\\/travecademy.be\\\/wp-content\\\/uploads\\\/2024\\\/04\\\/Travecademy.png\",\"contentUrl\":\"https:\\\/\\\/travecademy.be\\\/wp-content\\\/uploads\\\/2024\\\/04\\\/Travecademy.png\",\"width\":1263,\"height\":313,\"caption\":\"TravEcademy\"},\"image\":{\"@id\":\"https:\\\/\\\/travecademy.be\\\/fr\\\/#\\\/schema\\\/logo\\\/image\\\/\"}}]}<\/script>\n<!-- \/ Yoast SEO Premium plugin. -->","yoast_head_json":{"title":"D\u00e9couvrez le c\u00f4t\u00e9 artistique du Kentucky - TravEcademy","robots":{"index":"index","follow":"follow","max-snippet":"max-snippet:-1","max-image-preview":"max-image-preview:large","max-video-preview":"max-video-preview:-1"},"canonical":"https:\/\/travecademy.be\/fr\/themes\/histoire-et-culture\/decouvrez-le-cote-artistique-du-kentucky\/","og_locale":"fr_FR","og_type":"article","og_title":"D\u00e9couvrez le c\u00f4t\u00e9 artistique du Kentucky","og_description":"L\u2019art est un \u00e9l\u00e9ment important de la culture du Kentucky. Vous y trouverez une communaut\u00e9 dynamique d\u2019artistes pratiquant la peinture, la sculpture et l\u2019artisanat. Par\u2026","og_url":"https:\/\/travecademy.be\/fr\/themes\/histoire-et-culture\/decouvrez-le-cote-artistique-du-kentucky\/","og_site_name":"TravEcademy","article_modified_time":"2024-02-13T10:13:10+00:00","og_image":[{"width":622,"height":415,"url":"https:\/\/travecademy.be\/wp-content\/uploads\/2019\/03\/kentucky1.jpg","type":"image\/jpeg"}],"twitter_card":"summary_large_image","twitter_misc":{"Dur\u00e9e de lecture estim\u00e9e":"1 minute"},"schema":{"@context":"https:\/\/schema.org","@graph":[{"@type":"WebPage","@id":"https:\/\/travecademy.be\/fr\/themes\/histoire-et-culture\/decouvrez-le-cote-artistique-du-kentucky\/","url":"https:\/\/travecademy.be\/fr\/themes\/histoire-et-culture\/decouvrez-le-cote-artistique-du-kentucky\/","name":"D\u00e9couvrez le c\u00f4t\u00e9 artistique du Kentucky - TravEcademy","isPartOf":{"@id":"https:\/\/travecademy.be\/fr\/#website"},"primaryImageOfPage":{"@id":"https:\/\/travecademy.be\/fr\/themes\/histoire-et-culture\/decouvrez-le-cote-artistique-du-kentucky\/#primaryimage"},"image":{"@id":"https:\/\/travecademy.be\/fr\/themes\/histoire-et-culture\/decouvrez-le-cote-artistique-du-kentucky\/#primaryimage"},"thumbnailUrl":"https:\/\/travecademy.be\/wp-content\/uploads\/2019\/03\/kentucky1.jpg","datePublished":"2019-03-25T08:24:47+00:00","dateModified":"2024-02-13T10:13:10+00:00","breadcrumb":{"@id":"https:\/\/travecademy.be\/fr\/themes\/histoire-et-culture\/decouvrez-le-cote-artistique-du-kentucky\/#breadcrumb"},"inLanguage":"fr-FR","potentialAction":[{"@type":"ReadAction","target":["https:\/\/travecademy.be\/fr\/themes\/histoire-et-culture\/decouvrez-le-cote-artistique-du-kentucky\/"]}]},{"@type":"ImageObject","inLanguage":"fr-FR","@id":"https:\/\/travecademy.be\/fr\/themes\/histoire-et-culture\/decouvrez-le-cote-artistique-du-kentucky\/#primaryimage","url":"https:\/\/travecademy.be\/wp-content\/uploads\/2019\/03\/kentucky1.jpg","contentUrl":"https:\/\/travecademy.be\/wp-content\/uploads\/2019\/03\/kentucky1.jpg","width":622,"height":415},{"@type":"BreadcrumbList","@id":"https:\/\/travecademy.be\/fr\/themes\/histoire-et-culture\/decouvrez-le-cote-artistique-du-kentucky\/#breadcrumb","itemListElement":[{"@type":"ListItem","position":1,"name":"Home","item":"https:\/\/travecademy.be\/fr\/"},{"@type":"ListItem","position":2,"name":"Th\u00e8mes","item":"https:\/\/travecademy.be\/fr\/themes\/"},{"@type":"ListItem","position":3,"name":"Histoire et culture","item":"https:\/\/travecademy.be\/fr\/themas-2\/historie-cultuur\/"},{"@type":"ListItem","position":4,"name":"D\u00e9couvrez le c\u00f4t\u00e9 artistique du Kentucky"}]},{"@type":"WebSite","@id":"https:\/\/travecademy.be\/fr\/#website","url":"https:\/\/travecademy.be\/fr\/","name":"TravEcademy","description":"Het meest succesvolle en gratis e-learning platform voor reisprofessionals","publisher":{"@id":"https:\/\/travecademy.be\/fr\/#organization"},"potentialAction":[{"@type":"SearchAction","target":{"@type":"EntryPoint","urlTemplate":"https:\/\/travecademy.be\/fr\/?s={search_term_string}"},"query-input":{"@type":"PropertyValueSpecification","valueRequired":true,"valueName":"search_term_string"}}],"inLanguage":"fr-FR"},{"@type":"Organization","@id":"https:\/\/travecademy.be\/fr\/#organization","name":"TravEcademy","url":"https:\/\/travecademy.be\/fr\/","logo":{"@type":"ImageObject","inLanguage":"fr-FR","@id":"https:\/\/travecademy.be\/fr\/#\/schema\/logo\/image\/","url":"https:\/\/travecademy.be\/wp-content\/uploads\/2024\/04\/Travecademy.png","contentUrl":"https:\/\/travecademy.be\/wp-content\/uploads\/2024\/04\/Travecademy.png","width":1263,"height":313,"caption":"TravEcademy"},"image":{"@id":"https:\/\/travecademy.be\/fr\/#\/schema\/logo\/image\/"}}]}},"publishpress_future_action":{"enabled":false,"date":"2026-05-08 10:30:09","action":"change-status","newStatus":"draft","terms":[],"taxonomy":"ecademys","extraData":[]},"publishpress_future_workflow_manual_trigger":{"enabledWorkflows":[]},"ticketed":false,"_links":{"self":[{"href":"https:\/\/travecademy.be\/fr\/wp-json\/wp\/v2\/pages\/44228","targetHints":{"allow":["GET"]}}],"collection":[{"href":"https:\/\/travecademy.be\/fr\/wp-json\/wp\/v2\/pages"}],"about":[{"href":"https:\/\/travecademy.be\/fr\/wp-json\/wp\/v2\/types\/page"}],"author":[{"embeddable":true,"href":"https:\/\/travecademy.be\/fr\/wp-json\/wp\/v2\/users\/1"}],"replies":[{"embeddable":true,"href":"https:\/\/travecademy.be\/fr\/wp-json\/wp\/v2\/comments?post=44228"}],"version-history":[{"count":1,"href":"https:\/\/travecademy.be\/fr\/wp-json\/wp\/v2\/pages\/44228\/revisions"}],"predecessor-version":[{"id":44229,"href":"https:\/\/travecademy.be\/fr\/wp-json\/wp\/v2\/pages\/44228\/revisions\/44229"}],"up":[{"embeddable":true,"href":"https:\/\/travecademy.be\/fr\/wp-json\/wp\/v2\/pages\/48845"}],"wp:featuredmedia":[{"embeddable":true,"href":"https:\/\/travecademy.be\/fr\/wp-json\/wp\/v2\/media\/35887"}],"wp:attachment":[{"href":"https:\/\/travecademy.be\/fr\/wp-json\/wp\/v2\/media?parent=44228"}],"wp:term":[{"taxonomy":"post_tag","embeddable":true,"href":"https:\/\/travecademy.be\/fr\/wp-json\/wp\/v2\/tags?post=44228"},{"taxonomy":"ecademys","embeddable":true,"href":"https:\/\/travecademy.be\/fr\/wp-json\/wp\/v2\/ecademys?post=44228"}],"curies":[{"name":"wp","href":"https:\/\/api.w.org\/{rel}","templated":true}]}}