{"id":44268,"date":"2019-09-10T09:12:50","date_gmt":"2019-09-10T07:12:50","guid":{"rendered":"https:\/\/travecademy.be\/animal-cote-ouest-de-la-caroline-du-sud\/"},"modified":"2024-02-13T12:13:09","modified_gmt":"2024-02-13T10:13:09","slug":"animal-cote-ouest-de-la-caroline-du-sud","status":"publish","type":"page","link":"https:\/\/travecademy.be\/fr\/voyages-en-voiture\/animal-cote-ouest-de-la-caroline-du-sud\/","title":{"rendered":"Animal c\u00f4te ouest de la Caroline du Sud"},"content":{"rendered":"<p><strong>O\u00f9 s\u00e9journer en Caroline du Sud pour des vacances en famille avec des enfants ? Cet itin\u00e9raire de sept jours le long de la c\u00f4te ouest de la Caroline du Sud offre de nombreuses activit\u00e9s amusantes pour toute la famille. Bien s\u00fbr, la Caroline du Sud est connue pour ses belles plages, mais heureusement, les plages offrent plus qu\u2019une simple d\u00e9tente. En effet, l\u2019\u00c9tat est riche d\u2019un grand nombre d\u2019animaux inhabituels. Passer une semaine sur la plage de Caroline du Sud permet \u00e0 tous les amoureux des animaux de faire connaissance avec un large \u00e9ventail d\u2019esp\u00e8ces \u00e9tonnantes.<\/strong><\/p>\n<p><strong><a href=\"http:\/\/discoversouthcarolina.com\/articles\/an-animal-lovers-summer-vacation-along-the-south-carolina-coast\"><img fetchpriority=\"high\" decoding=\"async\" class=\" size-full wp-image-3428\" alt=\"\" height=\"200\" src=\"http:\/\/travecademy.be\/wp-content\/uploads\/2019\/09\/Roadtrip-dierlijke-westkust-2-300.jpg\" style=\"float:right\" width=\"300\" srcset=\"https:\/\/travecademy.be\/wp-content\/uploads\/2019\/09\/Roadtrip-dierlijke-westkust-2-300.jpg 300w, https:\/\/travecademy.be\/wp-content\/uploads\/2019\/09\/Roadtrip-dierlijke-westkust-2-300-50x33.jpg 50w, https:\/\/travecademy.be\/wp-content\/uploads\/2019\/09\/Roadtrip-dierlijke-westkust-2-300-100x67.jpg 100w\" sizes=\"(max-width: 300px) 100vw, 300px\" \/><\/a>Jour 1 : Aventure de l\u2019alligator<\/strong><\/p>\n<p>Cet itin\u00e9raire de sept jours commence \u00e0 Myrtle Beach, qui se trouve au nord de la c\u00f4te ouest.\u00a0<\/p>\n<p>\u00c0 Myrtle Beach, il existe plusieurs h\u00f4tels familiaux situ\u00e9s directement sur la plage, avec des piscines priv\u00e9es et des embarcad\u00e8res pour la p\u00eache. L\u2019endroit id\u00e9al pour s\u00e9journer avec des enfants ! \u00c0 l\u2019Alligator Adventure, vous avez la possibilit\u00e9 de voir de pr\u00e8s des centaines d\u2019alligators et de crocodiles. Les enfants, comme les adultes, peuvent nourrir les crocodiles ! Vous pouvez \u00e9galement visiter le Myrthe Beach State Park, o\u00f9 les gardes forestiers proposent plusieurs programmes permettant aux enfants de d\u00e9couvrir les diff\u00e9rents animaux.<\/p>\n<p><strong>Jour 2 : Safari \u00e0 Myrtle Beach<\/strong><\/p>\n<p><strong><a href=\"http:\/\/discoversouthcarolina.com\/articles\/an-animal-lovers-summer-vacation-along-the-south-carolina-coast\"><img decoding=\"async\" class=\" size-full wp-image-3429\" alt=\"\" height=\"199\" src=\"http:\/\/travecademy.be\/wp-content\/uploads\/2019\/09\/Roadtrip-dierlijke-westkust-6-300.jpg\" style=\"float:right\" width=\"300\" srcset=\"https:\/\/travecademy.be\/wp-content\/uploads\/2019\/09\/Roadtrip-dierlijke-westkust-6-300.jpg 300w, https:\/\/travecademy.be\/wp-content\/uploads\/2019\/09\/Roadtrip-dierlijke-westkust-6-300-50x33.jpg 50w, https:\/\/travecademy.be\/wp-content\/uploads\/2019\/09\/Roadtrip-dierlijke-westkust-6-300-100x66.jpg 100w\" sizes=\"(max-width: 300px) 100vw, 300px\" \/><\/a><\/strong>T.I.G.E.R.S. (The Institute for Greatly Endangered and Rare Species) propose une visite sp\u00e9ciale au cours de laquelle vous verrez passer des tigres, des gu\u00e9pards, des chimpanz\u00e9s et d\u2019autres animaux. Au cours de la visite, vous pouvez non seulement voir les animaux, mais aussi les prendre dans vos bras, les caresser ou jouer avec eux. Un plaisir formidable pour les enfants ! Malheureusement, la visite n\u2019est pas bon march\u00e9, mais il s\u2019agit probablement d\u2019une exp\u00e9rience tr\u00e8s sp\u00e9ciale pour toute la famille. Enfin, on ne caresse pas un chimpanz\u00e9 tous les jours. D\u2019ailleurs, il est utile de r\u00e9server \u00e0 l\u2019avance.<\/p>\n<p><strong>Jour 3 : Centre pour les oiseaux de proie<\/strong><\/p>\n<p>Il est temps de se diriger vers le sud, le long de la c\u00f4te, vers la r\u00e9gion de Charleston. Mount Pleasant est un bon endroit pour s\u00e9journer quelques jours, car il est id\u00e9alement situ\u00e9 \u00e0 proximit\u00e9 des plages publiques de l\u2019\u00eele de Palms, du centre-ville de Charleston et de la prochaine \u00e9tape de l\u2019itin\u00e9raire de sept jours sur la c\u00f4te ouest. En voiture, vous pouvez facilement vous rendre au Centre des oiseaux de proie \u00e0 Awendaw, juste \u00e0 l\u2019ext\u00e9rieur de Charleston. Cette r\u00e9serve ornithologique abrite le Centre de conservation aviaire, qui s\u2019occupe des oiseaux bless\u00e9s. Vous pouvez visiter le refuge et rencontrer les oiseaux qui y vivent aujourd\u2019hui. Lors d\u2019une d\u00e9monstration de vol, vous aurez l\u2019occasion de voir des aigles, des faucons, des hiboux et des faucilles s\u2019envoler dans le ciel. Une sortie amusante pour toute la famille !<\/p>\n<p><strong>Jour 4 : Sewee Centre et le Cape Romain National Widlife Refuge<\/strong><\/p>\n<p>E<strong><a href=\"http:\/\/discoversouthcarolina.com\/articles\/an-animal-lovers-summer-vacation-along-the-south-carolina-coast\"><img decoding=\"async\" class=\" size-full wp-image-3431\" alt=\"\" height=\"200\" src=\"http:\/\/travecademy.be\/wp-content\/uploads\/2019\/09\/Roadtrip-dierlijke-westkust-3-300.jpg\" style=\"float:right\" width=\"300\" srcset=\"https:\/\/travecademy.be\/wp-content\/uploads\/2019\/09\/Roadtrip-dierlijke-westkust-3-300.jpg 300w, https:\/\/travecademy.be\/wp-content\/uploads\/2019\/09\/Roadtrip-dierlijke-westkust-3-300-50x33.jpg 50w, https:\/\/travecademy.be\/wp-content\/uploads\/2019\/09\/Roadtrip-dierlijke-westkust-3-300-100x67.jpg 100w\" sizes=\"(max-width: 300px) 100vw, 300px\" \/><\/a><\/strong>Le Cape Romain National Wildlife Refuge est l\u2019un des plus beaux endroits de l\u2019\u00c9tat de Caroline du Sud. Il abrite des esp\u00e8ces animales menac\u00e9es, comme le loup rouge. Le centre Sewee du refuge abrite 6 des quelque 300 loups rouges restants dans le monde. Le programme d\u2019\u00e9levage du centre a \u00e9t\u00e9 couronn\u00e9 de succ\u00e8s et de nouveaux chiots sont n\u00e9s ces derni\u00e8res ann\u00e9es. Le Sewee Centre se trouve sur le continent, mais la majeure partie du sanctuaire n\u2019est accessible que par bateau. Il vaut la peine de prendre le ferry jusqu\u2019\u00e0 Bulls Island pour observer les oiseaux migrateurs et les oiseaux de rivage. Un ferry relie Bulls Island plusieurs fois par jour. En outre, la c\u00e9l\u00e8bre plage de Boneyard est \u00e0 ne pas manquer !<\/p>\n<p><strong>Jour 5 : Serpentarium de l\u2019\u00eele d\u2019Edisto<\/strong><\/p>\n<p>L\u2019\u00e9tape suivante de l\u2019itin\u00e9raire est en direction de Hilton Head, avec un petit d\u00e9tour par la magnifique \u00eele d\u2019Edisto. Sur l\u2019\u00eele, il y a de fortes chances que vous rencontriez des serpents inhabituels. Le Serpentarium de l\u2019\u00eele d\u2019Edisto pr\u00e9sente des centaines d\u2019esp\u00e8ces diff\u00e9rentes de serpents \u00e9voluant \u00e0 l\u2019ext\u00e9rieur dans des bassins caverneux. Les serpents sont suspendus aux arbres et aux branches dans toutes les couleurs de l\u2019arc-en-ciel. Le Serpentarium compte \u00e9galement des alligators, des tortues et des l\u00e9zards, mais vous venez bien s\u00fbr pour voir les serpents.<\/p>\n<p><strong><a href=\"http:\/\/discoversouthcarolina.com\/articles\/an-animal-lovers-summer-vacation-along-the-south-carolina-coast\"><img loading=\"lazy\" decoding=\"async\" class=\" size-full wp-image-3432\" alt=\"\" height=\"200\" src=\"http:\/\/travecademy.be\/wp-content\/uploads\/2019\/09\/Roadtrip-dierlijke-westkust-1-300.jpg\" style=\"float:right\" width=\"300\" srcset=\"https:\/\/travecademy.be\/wp-content\/uploads\/2019\/09\/Roadtrip-dierlijke-westkust-1-300.jpg 300w, https:\/\/travecademy.be\/wp-content\/uploads\/2019\/09\/Roadtrip-dierlijke-westkust-1-300-50x33.jpg 50w, https:\/\/travecademy.be\/wp-content\/uploads\/2019\/09\/Roadtrip-dierlijke-westkust-1-300-100x67.jpg 100w\" sizes=\"(max-width: 300px) 100vw, 300px\" \/><\/a>Jour 6 : Visite des dauphins \u00e0 Hilton Head<\/strong><\/p>\n<p>Il est temps d\u2019aller sur l\u2019eau en faisant une halte \u00e0 Hilton Head. Les dauphins rendent les eaux de Hilton Head encore plus sp\u00e9ciales et il est tr\u00e8s amusant de les regarder nager et sauter avec toute la famille. Plusieurs entreprises proposent des excursions \u00e0 la rencontre des dauphins \u00e0 Hilton Head. Cela peut se faire en bateau traditionnel, en voilier ou en radeau motoris\u00e9. Une combinaison amusante de navigation de plaisance et d\u2019observation des dauphins !<\/p>\n<p><strong>Jour 7 : D\u00e9tente sur la plage<\/strong><\/p>\n<p>Avez-vous besoin de r\u00e9cup\u00e9rer apr\u00e8s toutes ces activit\u00e9s passionnantes ? En effet, la derni\u00e8re \u00e9tape de cet itin\u00e9raire de sept jours consiste en une magnifique plage de Caroline du Sud. Il n\u2019y a pas d\u2019animaux ici pendant un certain temps, mais ce n\u2019est pas un probl\u00e8me, car avec cet itin\u00e9raire de sept jours, vous n\u2019avez probablement jamais vu autant d\u2019animaux en si peu de temps.<\/p>\n<p><a href=\"https:\/\/discoversouthcarolina.com\/articles\/an-animal-lovers-summer-vacation-along-the-south-carolina-coast\">Pour plus d\u2019informations sur l\u2019itin\u00e9raire de sept jours le long de la c\u00f4te ouest de la Caroline du Sud, voir ici.<\/a><\/p>\n<p><a href=\"http:\/\/discoversouthcarolina.com\/articles\/an-animal-lovers-summer-vacation-along-the-south-carolina-coast\"><img loading=\"lazy\" decoding=\"async\" class=\" size-full wp-image-3433\" alt=\"\" height=\"200\" src=\"http:\/\/travecademy.be\/wp-content\/uploads\/2019\/09\/Roadtrip-dierlijke-westkust-8-300.jpg\" width=\"300\" srcset=\"https:\/\/travecademy.be\/wp-content\/uploads\/2019\/09\/Roadtrip-dierlijke-westkust-8-300.jpg 300w, https:\/\/travecademy.be\/wp-content\/uploads\/2019\/09\/Roadtrip-dierlijke-westkust-8-300-50x33.jpg 50w, https:\/\/travecademy.be\/wp-content\/uploads\/2019\/09\/Roadtrip-dierlijke-westkust-8-300-100x67.jpg 100w\" sizes=\"(max-width: 300px) 100vw, 300px\" \/><\/a>\u00a0 \u00a0<a href=\"http:\/\/discoversouthcarolina.com\/articles\/an-animal-lovers-summer-vacation-along-the-south-carolina-coast\"><img loading=\"lazy\" decoding=\"async\" class=\" size-full wp-image-3434\" alt=\"\" height=\"200\" src=\"http:\/\/travecademy.be\/wp-content\/uploads\/2019\/09\/Roadtrip-dierlijke-westkust-7-300.jpg\" width=\"300\" srcset=\"https:\/\/travecademy.be\/wp-content\/uploads\/2019\/09\/Roadtrip-dierlijke-westkust-7-300.jpg 300w, https:\/\/travecademy.be\/wp-content\/uploads\/2019\/09\/Roadtrip-dierlijke-westkust-7-300-50x33.jpg 50w, https:\/\/travecademy.be\/wp-content\/uploads\/2019\/09\/Roadtrip-dierlijke-westkust-7-300-100x67.jpg 100w\" sizes=\"(max-width: 300px) 100vw, 300px\" \/><\/a><\/p>\n","protected":false},"excerpt":{"rendered":"<p>O\u00f9 s\u00e9journer en Caroline du Sud pour des vacances en famille avec des enfants ? Cet itin\u00e9raire de sept jours le long de la c\u00f4te\u2026<\/p>\n","protected":false},"author":1,"featured_media":36024,"parent":48767,"menu_order":0,"comment_status":"closed","ping_status":"closed","template":"","meta":{"_acf_changed":false,"_price":"","_stock":"","_tribe_ticket_header":"","_tribe_default_ticket_provider":"","_tribe_ticket_capacity":"0","_ticket_start_date":"","_ticket_end_date":"","_tribe_ticket_show_description":"","_tribe_ticket_show_not_going":false,"_tribe_ticket_use_global_stock":"","_tribe_ticket_global_stock_level":"","_global_stock_mode":"","_global_stock_cap":"","_tribe_rsvp_for_event":"","_tribe_ticket_going_count":"","_tribe_ticket_not_going_count":"","_tribe_tickets_list":"[]","_tribe_ticket_has_attendee_info_fields":false,"footnotes":"","_tec_slr_enabled":"","_tec_slr_layout":""},"tags":[],"ecademys":[500],"class_list":["post-44268","page","type-page","status-publish","has-post-thumbnail","hentry","ecademys-travel-south-usa-fr"],"acf":[],"yoast_head":"<!-- This site is optimized with the Yoast SEO Premium plugin v27.3 (Yoast SEO v27.3) - https:\/\/yoast.com\/product\/yoast-seo-premium-wordpress\/ -->\n<title>Animal c\u00f4te ouest de la Caroline du Sud - TravEcademy<\/title>\n<meta name=\"robots\" content=\"index, follow, max-snippet:-1, max-image-preview:large, max-video-preview:-1\" \/>\n<link rel=\"canonical\" href=\"https:\/\/travecademy.be\/fr\/voyages-en-voiture\/animal-cote-ouest-de-la-caroline-du-sud\/\" class=\"yoast-seo-meta-tag\" \/>\n<meta property=\"og:locale\" content=\"fr_FR\" class=\"yoast-seo-meta-tag\" \/>\n<meta property=\"og:type\" content=\"article\" class=\"yoast-seo-meta-tag\" \/>\n<meta property=\"og:title\" content=\"Animal c\u00f4te ouest de la Caroline du Sud\" class=\"yoast-seo-meta-tag\" \/>\n<meta property=\"og:description\" content=\"O\u00f9 s\u00e9journer en Caroline du Sud pour des vacances en famille avec des enfants ? Cet itin\u00e9raire de sept jours le long de la c\u00f4te\u2026\" class=\"yoast-seo-meta-tag\" \/>\n<meta property=\"og:url\" content=\"https:\/\/travecademy.be\/fr\/voyages-en-voiture\/animal-cote-ouest-de-la-caroline-du-sud\/\" class=\"yoast-seo-meta-tag\" \/>\n<meta property=\"og:site_name\" content=\"TravEcademy\" class=\"yoast-seo-meta-tag\" \/>\n<meta property=\"article:modified_time\" content=\"2024-02-13T10:13:09+00:00\" class=\"yoast-seo-meta-tag\" \/>\n<meta property=\"og:image\" content=\"https:\/\/travecademy.be\/wp-content\/uploads\/2019\/09\/Roadtrip-dierlijke-westkust-4.jpeg\" class=\"yoast-seo-meta-tag\" \/>\n\t<meta property=\"og:image:width\" content=\"622\" class=\"yoast-seo-meta-tag\" \/>\n\t<meta property=\"og:image:height\" content=\"415\" class=\"yoast-seo-meta-tag\" \/>\n\t<meta property=\"og:image:type\" content=\"image\/jpeg\" class=\"yoast-seo-meta-tag\" \/>\n<meta name=\"twitter:card\" content=\"summary_large_image\" class=\"yoast-seo-meta-tag\" \/>\n<meta name=\"twitter:label1\" content=\"Dur\u00e9e de lecture estim\u00e9e\" class=\"yoast-seo-meta-tag\" \/>\n\t<meta name=\"twitter:data1\" content=\"5 minutes\" class=\"yoast-seo-meta-tag\" \/>\n<script type=\"application\/ld+json\" class=\"yoast-schema-graph\">{\"@context\":\"https:\\\/\\\/schema.org\",\"@graph\":[{\"@type\":\"WebPage\",\"@id\":\"https:\\\/\\\/travecademy.be\\\/fr\\\/voyages-en-voiture\\\/animal-cote-ouest-de-la-caroline-du-sud\\\/\",\"url\":\"https:\\\/\\\/travecademy.be\\\/fr\\\/voyages-en-voiture\\\/animal-cote-ouest-de-la-caroline-du-sud\\\/\",\"name\":\"Animal c\u00f4te ouest de la Caroline du Sud - TravEcademy\",\"isPartOf\":{\"@id\":\"https:\\\/\\\/travecademy.be\\\/fr\\\/#website\"},\"primaryImageOfPage\":{\"@id\":\"https:\\\/\\\/travecademy.be\\\/fr\\\/voyages-en-voiture\\\/animal-cote-ouest-de-la-caroline-du-sud\\\/#primaryimage\"},\"image\":{\"@id\":\"https:\\\/\\\/travecademy.be\\\/fr\\\/voyages-en-voiture\\\/animal-cote-ouest-de-la-caroline-du-sud\\\/#primaryimage\"},\"thumbnailUrl\":\"https:\\\/\\\/travecademy.be\\\/wp-content\\\/uploads\\\/2019\\\/09\\\/Roadtrip-dierlijke-westkust-4.jpeg\",\"datePublished\":\"2019-09-10T07:12:50+00:00\",\"dateModified\":\"2024-02-13T10:13:09+00:00\",\"breadcrumb\":{\"@id\":\"https:\\\/\\\/travecademy.be\\\/fr\\\/voyages-en-voiture\\\/animal-cote-ouest-de-la-caroline-du-sud\\\/#breadcrumb\"},\"inLanguage\":\"fr-FR\",\"potentialAction\":[{\"@type\":\"ReadAction\",\"target\":[\"https:\\\/\\\/travecademy.be\\\/fr\\\/voyages-en-voiture\\\/animal-cote-ouest-de-la-caroline-du-sud\\\/\"]}]},{\"@type\":\"ImageObject\",\"inLanguage\":\"fr-FR\",\"@id\":\"https:\\\/\\\/travecademy.be\\\/fr\\\/voyages-en-voiture\\\/animal-cote-ouest-de-la-caroline-du-sud\\\/#primaryimage\",\"url\":\"https:\\\/\\\/travecademy.be\\\/wp-content\\\/uploads\\\/2019\\\/09\\\/Roadtrip-dierlijke-westkust-4.jpeg\",\"contentUrl\":\"https:\\\/\\\/travecademy.be\\\/wp-content\\\/uploads\\\/2019\\\/09\\\/Roadtrip-dierlijke-westkust-4.jpeg\",\"width\":622,\"height\":415},{\"@type\":\"BreadcrumbList\",\"@id\":\"https:\\\/\\\/travecademy.be\\\/fr\\\/voyages-en-voiture\\\/animal-cote-ouest-de-la-caroline-du-sud\\\/#breadcrumb\",\"itemListElement\":[{\"@type\":\"ListItem\",\"position\":1,\"name\":\"Home\",\"item\":\"https:\\\/\\\/travecademy.be\\\/fr\\\/\"},{\"@type\":\"ListItem\",\"position\":2,\"name\":\"Voyages en voiture\",\"item\":\"https:\\\/\\\/travecademy.be\\\/fr\\\/voyages-en-voiture\\\/\"},{\"@type\":\"ListItem\",\"position\":3,\"name\":\"Animal c\u00f4te ouest de la Caroline du Sud\"}]},{\"@type\":\"WebSite\",\"@id\":\"https:\\\/\\\/travecademy.be\\\/fr\\\/#website\",\"url\":\"https:\\\/\\\/travecademy.be\\\/fr\\\/\",\"name\":\"TravEcademy\",\"description\":\"Het meest succesvolle en gratis e-learning platform voor reisprofessionals\",\"publisher\":{\"@id\":\"https:\\\/\\\/travecademy.be\\\/fr\\\/#organization\"},\"potentialAction\":[{\"@type\":\"SearchAction\",\"target\":{\"@type\":\"EntryPoint\",\"urlTemplate\":\"https:\\\/\\\/travecademy.be\\\/fr\\\/?s={search_term_string}\"},\"query-input\":{\"@type\":\"PropertyValueSpecification\",\"valueRequired\":true,\"valueName\":\"search_term_string\"}}],\"inLanguage\":\"fr-FR\"},{\"@type\":\"Organization\",\"@id\":\"https:\\\/\\\/travecademy.be\\\/fr\\\/#organization\",\"name\":\"TravEcademy\",\"url\":\"https:\\\/\\\/travecademy.be\\\/fr\\\/\",\"logo\":{\"@type\":\"ImageObject\",\"inLanguage\":\"fr-FR\",\"@id\":\"https:\\\/\\\/travecademy.be\\\/fr\\\/#\\\/schema\\\/logo\\\/image\\\/\",\"url\":\"https:\\\/\\\/travecademy.be\\\/wp-content\\\/uploads\\\/2024\\\/04\\\/Travecademy.png\",\"contentUrl\":\"https:\\\/\\\/travecademy.be\\\/wp-content\\\/uploads\\\/2024\\\/04\\\/Travecademy.png\",\"width\":1263,\"height\":313,\"caption\":\"TravEcademy\"},\"image\":{\"@id\":\"https:\\\/\\\/travecademy.be\\\/fr\\\/#\\\/schema\\\/logo\\\/image\\\/\"}}]}<\/script>\n<!-- \/ Yoast SEO Premium plugin. -->","yoast_head_json":{"title":"Animal c\u00f4te ouest de la Caroline du Sud - TravEcademy","robots":{"index":"index","follow":"follow","max-snippet":"max-snippet:-1","max-image-preview":"max-image-preview:large","max-video-preview":"max-video-preview:-1"},"canonical":"https:\/\/travecademy.be\/fr\/voyages-en-voiture\/animal-cote-ouest-de-la-caroline-du-sud\/","og_locale":"fr_FR","og_type":"article","og_title":"Animal c\u00f4te ouest de la Caroline du Sud","og_description":"O\u00f9 s\u00e9journer en Caroline du Sud pour des vacances en famille avec des enfants ? Cet itin\u00e9raire de sept jours le long de la c\u00f4te\u2026","og_url":"https:\/\/travecademy.be\/fr\/voyages-en-voiture\/animal-cote-ouest-de-la-caroline-du-sud\/","og_site_name":"TravEcademy","article_modified_time":"2024-02-13T10:13:09+00:00","og_image":[{"width":622,"height":415,"url":"https:\/\/travecademy.be\/wp-content\/uploads\/2019\/09\/Roadtrip-dierlijke-westkust-4.jpeg","type":"image\/jpeg"}],"twitter_card":"summary_large_image","twitter_misc":{"Dur\u00e9e de lecture estim\u00e9e":"5 minutes"},"schema":{"@context":"https:\/\/schema.org","@graph":[{"@type":"WebPage","@id":"https:\/\/travecademy.be\/fr\/voyages-en-voiture\/animal-cote-ouest-de-la-caroline-du-sud\/","url":"https:\/\/travecademy.be\/fr\/voyages-en-voiture\/animal-cote-ouest-de-la-caroline-du-sud\/","name":"Animal c\u00f4te ouest de la Caroline du Sud - TravEcademy","isPartOf":{"@id":"https:\/\/travecademy.be\/fr\/#website"},"primaryImageOfPage":{"@id":"https:\/\/travecademy.be\/fr\/voyages-en-voiture\/animal-cote-ouest-de-la-caroline-du-sud\/#primaryimage"},"image":{"@id":"https:\/\/travecademy.be\/fr\/voyages-en-voiture\/animal-cote-ouest-de-la-caroline-du-sud\/#primaryimage"},"thumbnailUrl":"https:\/\/travecademy.be\/wp-content\/uploads\/2019\/09\/Roadtrip-dierlijke-westkust-4.jpeg","datePublished":"2019-09-10T07:12:50+00:00","dateModified":"2024-02-13T10:13:09+00:00","breadcrumb":{"@id":"https:\/\/travecademy.be\/fr\/voyages-en-voiture\/animal-cote-ouest-de-la-caroline-du-sud\/#breadcrumb"},"inLanguage":"fr-FR","potentialAction":[{"@type":"ReadAction","target":["https:\/\/travecademy.be\/fr\/voyages-en-voiture\/animal-cote-ouest-de-la-caroline-du-sud\/"]}]},{"@type":"ImageObject","inLanguage":"fr-FR","@id":"https:\/\/travecademy.be\/fr\/voyages-en-voiture\/animal-cote-ouest-de-la-caroline-du-sud\/#primaryimage","url":"https:\/\/travecademy.be\/wp-content\/uploads\/2019\/09\/Roadtrip-dierlijke-westkust-4.jpeg","contentUrl":"https:\/\/travecademy.be\/wp-content\/uploads\/2019\/09\/Roadtrip-dierlijke-westkust-4.jpeg","width":622,"height":415},{"@type":"BreadcrumbList","@id":"https:\/\/travecademy.be\/fr\/voyages-en-voiture\/animal-cote-ouest-de-la-caroline-du-sud\/#breadcrumb","itemListElement":[{"@type":"ListItem","position":1,"name":"Home","item":"https:\/\/travecademy.be\/fr\/"},{"@type":"ListItem","position":2,"name":"Voyages en voiture","item":"https:\/\/travecademy.be\/fr\/voyages-en-voiture\/"},{"@type":"ListItem","position":3,"name":"Animal c\u00f4te ouest de la Caroline du Sud"}]},{"@type":"WebSite","@id":"https:\/\/travecademy.be\/fr\/#website","url":"https:\/\/travecademy.be\/fr\/","name":"TravEcademy","description":"Het meest succesvolle en gratis e-learning platform voor reisprofessionals","publisher":{"@id":"https:\/\/travecademy.be\/fr\/#organization"},"potentialAction":[{"@type":"SearchAction","target":{"@type":"EntryPoint","urlTemplate":"https:\/\/travecademy.be\/fr\/?s={search_term_string}"},"query-input":{"@type":"PropertyValueSpecification","valueRequired":true,"valueName":"search_term_string"}}],"inLanguage":"fr-FR"},{"@type":"Organization","@id":"https:\/\/travecademy.be\/fr\/#organization","name":"TravEcademy","url":"https:\/\/travecademy.be\/fr\/","logo":{"@type":"ImageObject","inLanguage":"fr-FR","@id":"https:\/\/travecademy.be\/fr\/#\/schema\/logo\/image\/","url":"https:\/\/travecademy.be\/wp-content\/uploads\/2024\/04\/Travecademy.png","contentUrl":"https:\/\/travecademy.be\/wp-content\/uploads\/2024\/04\/Travecademy.png","width":1263,"height":313,"caption":"TravEcademy"},"image":{"@id":"https:\/\/travecademy.be\/fr\/#\/schema\/logo\/image\/"}}]}},"publishpress_future_action":{"enabled":false,"date":"2026-04-10 20:12:35","action":"change-status","newStatus":"draft","terms":[],"taxonomy":"ecademys","extraData":[]},"publishpress_future_workflow_manual_trigger":{"enabledWorkflows":[]},"ticketed":false,"_links":{"self":[{"href":"https:\/\/travecademy.be\/fr\/wp-json\/wp\/v2\/pages\/44268","targetHints":{"allow":["GET"]}}],"collection":[{"href":"https:\/\/travecademy.be\/fr\/wp-json\/wp\/v2\/pages"}],"about":[{"href":"https:\/\/travecademy.be\/fr\/wp-json\/wp\/v2\/types\/page"}],"author":[{"embeddable":true,"href":"https:\/\/travecademy.be\/fr\/wp-json\/wp\/v2\/users\/1"}],"replies":[{"embeddable":true,"href":"https:\/\/travecademy.be\/fr\/wp-json\/wp\/v2\/comments?post=44268"}],"version-history":[{"count":1,"href":"https:\/\/travecademy.be\/fr\/wp-json\/wp\/v2\/pages\/44268\/revisions"}],"predecessor-version":[{"id":44269,"href":"https:\/\/travecademy.be\/fr\/wp-json\/wp\/v2\/pages\/44268\/revisions\/44269"}],"up":[{"embeddable":true,"href":"https:\/\/travecademy.be\/fr\/wp-json\/wp\/v2\/pages\/48767"}],"wp:featuredmedia":[{"embeddable":true,"href":"https:\/\/travecademy.be\/fr\/wp-json\/wp\/v2\/media\/36024"}],"wp:attachment":[{"href":"https:\/\/travecademy.be\/fr\/wp-json\/wp\/v2\/media?parent=44268"}],"wp:term":[{"taxonomy":"post_tag","embeddable":true,"href":"https:\/\/travecademy.be\/fr\/wp-json\/wp\/v2\/tags?post=44268"},{"taxonomy":"ecademys","embeddable":true,"href":"https:\/\/travecademy.be\/fr\/wp-json\/wp\/v2\/ecademys?post=44268"}],"curies":[{"name":"wp","href":"https:\/\/api.w.org\/{rel}","templated":true}]}}