{"id":44271,"date":"2019-03-25T10:36:00","date_gmt":"2019-03-25T08:36:00","guid":{"rendered":"https:\/\/travecademy.be\/suivre-la-piste-des-droits-civiques-dans-le-tennessee\/"},"modified":"2024-02-13T12:13:09","modified_gmt":"2024-02-13T10:13:09","slug":"suivre-la-piste-des-droits-civiques-dans-le-tennessee","status":"publish","type":"page","link":"https:\/\/travecademy.be\/fr\/themes\/histoire-et-culture\/suivre-la-piste-des-droits-civiques-dans-le-tennessee\/","title":{"rendered":"Suivre la piste des droits civiques dans le Tennessee"},"content":{"rendered":"<p><strong>Lorsque vous visitez le <a href=\"https:\/\/travelsouth.visittheusa.com\/state\/tennessee\">Tennessee<\/a>, vous n\u2019apprenez pas seulement l\u2019histoire. Vous en faites l\u2019exp\u00e9rience ! Explorez les forts, les champs de bataille et les souvenirs de la guerre de S\u00e9cession et du mouvement des droits civiques.<\/strong><\/p>\n<p>Les voyageurs peuvent visiter le Lorraine Motel \u00e0 Memphis, o\u00f9 le militant des droits civiques et la l\u00e9gende Martin Luther King Jr. a \u00e9t\u00e9 abattu sur le balcon. Elle abrite \u00e9galement le <a href=\"http:\/\/www.civilrightsmuseum.org\/\">Mus\u00e9e national des droits civ<\/a> iques, qui pr\u00e9sente des pi\u00e8ces du mouvement des droits civiques de 1619 \u00e0 2000. Le mus\u00e9e est ouvert tous les jours de 9h \u00e0 17h et ferm\u00e9 le mardi. Le prix du billet d\u2019entr\u00e9e est de 16 dollars pour les adultes, 13 dollars pour les enfants de 5 \u00e0 17 ans, et l\u2019entr\u00e9e est gratuite pour les enfants de moins de 4 ans ! \u00c0 environ six heures de route de Memphis, vous arriverez \u00e0 Nashville. Vous y visiterez la magnifique et authentique <a href=\"https:\/\/www.tnvacation.com\/local\/nashville-belmont-mansion\">Belmont Mansion<\/a>, une villa italienne construite entre 1849 et 1853. Construite et d\u00e9cor\u00e9e par la famille Acklens elle-m\u00eame, la villa respire le luxe. Ils ont donc cr\u00e9\u00e9 une galerie d\u2019art de luxe, un bowling et un zoo. La villa a \u00e9t\u00e9 enti\u00e8rement pr\u00e9serv\u00e9e dans ce style classique et luxueux. Aujourd\u2019hui, elle fait l\u2019objet d\u2019une visite guid\u00e9e et est un lieu de mariage tr\u00e8s pris\u00e9. La visite d\u2019une heure co\u00fbte 15 dollars pour les adultes. Visitez \u00e9galement la maison de la plantation Belle Meade. Et n\u2019oubliez pas de visiter <a href=\"https:\/\/www.tnvacation.com\/local\/nashville-hatch-show-print\">Hatch Show Print<\/a> \u00e0 Nashville ! Les fr\u00e8res Charles et Herbert Hatch ont ouvert ce magasin embl\u00e9matique en 1879. Pendant une grande partie du XXe si\u00e8cle, les affiches vibrantes du magasin ont servi de principal support publicitaire pour les divertissements du Sud. En cons\u00e9quence, les fr\u00e8res ont travaill\u00e9 pour de nombreux membres du Grand Ole Opry tels que Bill Monroe, Minnie Pearl et Ernest Tubb, ainsi que pour des ic\u00f4nes du rock and roll telles qu\u2019Elvis et Chuck Berry.<\/p>\n<p><a href=\"https:\/\/travelsouth.visittheusa.com\/state\/tennessee\"><img fetchpriority=\"high\" decoding=\"async\" class=\" size-full wp-image-3252\" alt=\"\" height=\"288\" src=\"http:\/\/travecademy.be\/wp-content\/uploads\/2019\/03\/tennessee2_1.jpg\" width=\"400\" srcset=\"https:\/\/travecademy.be\/wp-content\/uploads\/2019\/03\/tennessee2_1.jpg 1329w, https:\/\/travecademy.be\/wp-content\/uploads\/2019\/03\/tennessee2_1-600x432.jpg 600w, https:\/\/travecademy.be\/wp-content\/uploads\/2019\/03\/tennessee2_1-300x216.jpg 300w, https:\/\/travecademy.be\/wp-content\/uploads\/2019\/03\/tennessee2_1-1024x737.jpg 1024w, https:\/\/travecademy.be\/wp-content\/uploads\/2019\/03\/tennessee2_1-768x553.jpg 768w, https:\/\/travecademy.be\/wp-content\/uploads\/2019\/03\/tennessee2_1-624x449.jpg 624w, https:\/\/travecademy.be\/wp-content\/uploads\/2019\/03\/tennessee2_1-50x36.jpg 50w, https:\/\/travecademy.be\/wp-content\/uploads\/2019\/03\/tennessee2_1-100x72.jpg 100w\" sizes=\"(max-width: 400px) 100vw, 400px\" \/><\/a><\/p>\n","protected":false},"excerpt":{"rendered":"<p>Lorsque vous visitez le Tennessee, vous n\u2019apprenez pas seulement l\u2019histoire. Vous en faites l\u2019exp\u00e9rience ! Explorez les forts, les champs de bataille et les souvenirs\u2026<\/p>\n","protected":false},"author":1,"featured_media":0,"parent":48845,"menu_order":0,"comment_status":"closed","ping_status":"closed","template":"","meta":{"_acf_changed":false,"_price":"","_stock":"","_tribe_ticket_header":"","_tribe_default_ticket_provider":"","_tribe_ticket_capacity":"0","_ticket_start_date":"","_ticket_end_date":"","_tribe_ticket_show_description":"","_tribe_ticket_show_not_going":false,"_tribe_ticket_use_global_stock":"","_tribe_ticket_global_stock_level":"","_global_stock_mode":"","_global_stock_cap":"","_tribe_rsvp_for_event":"","_tribe_ticket_going_count":"","_tribe_ticket_not_going_count":"","_tribe_tickets_list":"[]","_tribe_ticket_has_attendee_info_fields":false,"footnotes":"","_tec_slr_enabled":"","_tec_slr_layout":""},"tags":[],"ecademys":[500],"class_list":["post-44271","page","type-page","status-publish","hentry","ecademys-travel-south-usa-fr"],"acf":[],"yoast_head":"<!-- This site is optimized with the Yoast SEO Premium plugin v27.5 (Yoast SEO v27.5) - https:\/\/yoast.com\/product\/yoast-seo-premium-wordpress\/ -->\n<title>Suivre la piste des droits civiques dans le Tennessee - TravEcademy<\/title>\n<meta name=\"robots\" content=\"index, follow, max-snippet:-1, max-image-preview:large, max-video-preview:-1\" \/>\n<link rel=\"canonical\" href=\"https:\/\/travecademy.be\/fr\/themes\/histoire-et-culture\/suivre-la-piste-des-droits-civiques-dans-le-tennessee\/\" class=\"yoast-seo-meta-tag\" \/>\n<meta property=\"og:locale\" content=\"fr_FR\" class=\"yoast-seo-meta-tag\" \/>\n<meta property=\"og:type\" content=\"article\" class=\"yoast-seo-meta-tag\" \/>\n<meta property=\"og:title\" content=\"Suivre la piste des droits civiques dans le Tennessee\" class=\"yoast-seo-meta-tag\" \/>\n<meta property=\"og:description\" content=\"Lorsque vous visitez le Tennessee, vous n\u2019apprenez pas seulement l\u2019histoire. Vous en faites l\u2019exp\u00e9rience ! Explorez les forts, les champs de bataille et les souvenirs\u2026\" class=\"yoast-seo-meta-tag\" \/>\n<meta property=\"og:url\" content=\"https:\/\/travecademy.be\/fr\/themes\/histoire-et-culture\/suivre-la-piste-des-droits-civiques-dans-le-tennessee\/\" class=\"yoast-seo-meta-tag\" \/>\n<meta property=\"og:site_name\" content=\"TravEcademy\" class=\"yoast-seo-meta-tag\" \/>\n<meta property=\"article:modified_time\" content=\"2024-02-13T10:13:09+00:00\" class=\"yoast-seo-meta-tag\" \/>\n<meta property=\"og:image\" content=\"http:\/\/travecademy.be\/wp-content\/uploads\/2019\/03\/tennessee2_1.jpg\" class=\"yoast-seo-meta-tag\" \/>\n<meta name=\"twitter:card\" content=\"summary_large_image\" class=\"yoast-seo-meta-tag\" \/>\n<meta name=\"twitter:label1\" content=\"Dur\u00e9e de lecture estim\u00e9e\" class=\"yoast-seo-meta-tag\" \/>\n\t<meta name=\"twitter:data1\" content=\"2 minutes\" class=\"yoast-seo-meta-tag\" \/>\n<script type=\"application\/ld+json\" class=\"yoast-schema-graph\">{\"@context\":\"https:\\\/\\\/schema.org\",\"@graph\":[{\"@type\":\"WebPage\",\"@id\":\"https:\\\/\\\/travecademy.be\\\/fr\\\/themes\\\/histoire-et-culture\\\/suivre-la-piste-des-droits-civiques-dans-le-tennessee\\\/\",\"url\":\"https:\\\/\\\/travecademy.be\\\/fr\\\/themes\\\/histoire-et-culture\\\/suivre-la-piste-des-droits-civiques-dans-le-tennessee\\\/\",\"name\":\"Suivre la piste des droits civiques dans le Tennessee - TravEcademy\",\"isPartOf\":{\"@id\":\"https:\\\/\\\/travecademy.be\\\/fr\\\/#website\"},\"primaryImageOfPage\":{\"@id\":\"https:\\\/\\\/travecademy.be\\\/fr\\\/themes\\\/histoire-et-culture\\\/suivre-la-piste-des-droits-civiques-dans-le-tennessee\\\/#primaryimage\"},\"image\":{\"@id\":\"https:\\\/\\\/travecademy.be\\\/fr\\\/themes\\\/histoire-et-culture\\\/suivre-la-piste-des-droits-civiques-dans-le-tennessee\\\/#primaryimage\"},\"thumbnailUrl\":\"http:\\\/\\\/travecademy.be\\\/wp-content\\\/uploads\\\/2019\\\/03\\\/tennessee2_1.jpg\",\"datePublished\":\"2019-03-25T08:36:00+00:00\",\"dateModified\":\"2024-02-13T10:13:09+00:00\",\"breadcrumb\":{\"@id\":\"https:\\\/\\\/travecademy.be\\\/fr\\\/themes\\\/histoire-et-culture\\\/suivre-la-piste-des-droits-civiques-dans-le-tennessee\\\/#breadcrumb\"},\"inLanguage\":\"fr-FR\",\"potentialAction\":[{\"@type\":\"ReadAction\",\"target\":[\"https:\\\/\\\/travecademy.be\\\/fr\\\/themes\\\/histoire-et-culture\\\/suivre-la-piste-des-droits-civiques-dans-le-tennessee\\\/\"]}]},{\"@type\":\"ImageObject\",\"inLanguage\":\"fr-FR\",\"@id\":\"https:\\\/\\\/travecademy.be\\\/fr\\\/themes\\\/histoire-et-culture\\\/suivre-la-piste-des-droits-civiques-dans-le-tennessee\\\/#primaryimage\",\"url\":\"http:\\\/\\\/travecademy.be\\\/wp-content\\\/uploads\\\/2019\\\/03\\\/tennessee2_1.jpg\",\"contentUrl\":\"http:\\\/\\\/travecademy.be\\\/wp-content\\\/uploads\\\/2019\\\/03\\\/tennessee2_1.jpg\"},{\"@type\":\"BreadcrumbList\",\"@id\":\"https:\\\/\\\/travecademy.be\\\/fr\\\/themes\\\/histoire-et-culture\\\/suivre-la-piste-des-droits-civiques-dans-le-tennessee\\\/#breadcrumb\",\"itemListElement\":[{\"@type\":\"ListItem\",\"position\":1,\"name\":\"Home\",\"item\":\"https:\\\/\\\/travecademy.be\\\/fr\\\/\"},{\"@type\":\"ListItem\",\"position\":2,\"name\":\"Th\u00e8mes\",\"item\":\"https:\\\/\\\/travecademy.be\\\/fr\\\/themes\\\/\"},{\"@type\":\"ListItem\",\"position\":3,\"name\":\"Histoire et culture\",\"item\":\"https:\\\/\\\/travecademy.be\\\/fr\\\/themas-2\\\/historie-cultuur\\\/\"},{\"@type\":\"ListItem\",\"position\":4,\"name\":\"Suivre la piste des droits civiques dans le Tennessee\"}]},{\"@type\":\"WebSite\",\"@id\":\"https:\\\/\\\/travecademy.be\\\/fr\\\/#website\",\"url\":\"https:\\\/\\\/travecademy.be\\\/fr\\\/\",\"name\":\"TravEcademy\",\"description\":\"Het meest succesvolle en gratis e-learning platform voor reisprofessionals\",\"publisher\":{\"@id\":\"https:\\\/\\\/travecademy.be\\\/fr\\\/#organization\"},\"potentialAction\":[{\"@type\":\"SearchAction\",\"target\":{\"@type\":\"EntryPoint\",\"urlTemplate\":\"https:\\\/\\\/travecademy.be\\\/fr\\\/?s={search_term_string}\"},\"query-input\":{\"@type\":\"PropertyValueSpecification\",\"valueRequired\":true,\"valueName\":\"search_term_string\"}}],\"inLanguage\":\"fr-FR\"},{\"@type\":\"Organization\",\"@id\":\"https:\\\/\\\/travecademy.be\\\/fr\\\/#organization\",\"name\":\"TravEcademy\",\"url\":\"https:\\\/\\\/travecademy.be\\\/fr\\\/\",\"logo\":{\"@type\":\"ImageObject\",\"inLanguage\":\"fr-FR\",\"@id\":\"https:\\\/\\\/travecademy.be\\\/fr\\\/#\\\/schema\\\/logo\\\/image\\\/\",\"url\":\"https:\\\/\\\/travecademy.be\\\/wp-content\\\/uploads\\\/2024\\\/04\\\/Travecademy.png\",\"contentUrl\":\"https:\\\/\\\/travecademy.be\\\/wp-content\\\/uploads\\\/2024\\\/04\\\/Travecademy.png\",\"width\":1263,\"height\":313,\"caption\":\"TravEcademy\"},\"image\":{\"@id\":\"https:\\\/\\\/travecademy.be\\\/fr\\\/#\\\/schema\\\/logo\\\/image\\\/\"}}]}<\/script>\n<!-- \/ Yoast SEO Premium plugin. -->","yoast_head_json":{"title":"Suivre la piste des droits civiques dans le Tennessee - TravEcademy","robots":{"index":"index","follow":"follow","max-snippet":"max-snippet:-1","max-image-preview":"max-image-preview:large","max-video-preview":"max-video-preview:-1"},"canonical":"https:\/\/travecademy.be\/fr\/themes\/histoire-et-culture\/suivre-la-piste-des-droits-civiques-dans-le-tennessee\/","og_locale":"fr_FR","og_type":"article","og_title":"Suivre la piste des droits civiques dans le Tennessee","og_description":"Lorsque vous visitez le Tennessee, vous n\u2019apprenez pas seulement l\u2019histoire. Vous en faites l\u2019exp\u00e9rience ! Explorez les forts, les champs de bataille et les souvenirs\u2026","og_url":"https:\/\/travecademy.be\/fr\/themes\/histoire-et-culture\/suivre-la-piste-des-droits-civiques-dans-le-tennessee\/","og_site_name":"TravEcademy","article_modified_time":"2024-02-13T10:13:09+00:00","og_image":[{"url":"http:\/\/travecademy.be\/wp-content\/uploads\/2019\/03\/tennessee2_1.jpg","type":"","width":"","height":""}],"twitter_card":"summary_large_image","twitter_misc":{"Dur\u00e9e de lecture estim\u00e9e":"2 minutes"},"schema":{"@context":"https:\/\/schema.org","@graph":[{"@type":"WebPage","@id":"https:\/\/travecademy.be\/fr\/themes\/histoire-et-culture\/suivre-la-piste-des-droits-civiques-dans-le-tennessee\/","url":"https:\/\/travecademy.be\/fr\/themes\/histoire-et-culture\/suivre-la-piste-des-droits-civiques-dans-le-tennessee\/","name":"Suivre la piste des droits civiques dans le Tennessee - TravEcademy","isPartOf":{"@id":"https:\/\/travecademy.be\/fr\/#website"},"primaryImageOfPage":{"@id":"https:\/\/travecademy.be\/fr\/themes\/histoire-et-culture\/suivre-la-piste-des-droits-civiques-dans-le-tennessee\/#primaryimage"},"image":{"@id":"https:\/\/travecademy.be\/fr\/themes\/histoire-et-culture\/suivre-la-piste-des-droits-civiques-dans-le-tennessee\/#primaryimage"},"thumbnailUrl":"http:\/\/travecademy.be\/wp-content\/uploads\/2019\/03\/tennessee2_1.jpg","datePublished":"2019-03-25T08:36:00+00:00","dateModified":"2024-02-13T10:13:09+00:00","breadcrumb":{"@id":"https:\/\/travecademy.be\/fr\/themes\/histoire-et-culture\/suivre-la-piste-des-droits-civiques-dans-le-tennessee\/#breadcrumb"},"inLanguage":"fr-FR","potentialAction":[{"@type":"ReadAction","target":["https:\/\/travecademy.be\/fr\/themes\/histoire-et-culture\/suivre-la-piste-des-droits-civiques-dans-le-tennessee\/"]}]},{"@type":"ImageObject","inLanguage":"fr-FR","@id":"https:\/\/travecademy.be\/fr\/themes\/histoire-et-culture\/suivre-la-piste-des-droits-civiques-dans-le-tennessee\/#primaryimage","url":"http:\/\/travecademy.be\/wp-content\/uploads\/2019\/03\/tennessee2_1.jpg","contentUrl":"http:\/\/travecademy.be\/wp-content\/uploads\/2019\/03\/tennessee2_1.jpg"},{"@type":"BreadcrumbList","@id":"https:\/\/travecademy.be\/fr\/themes\/histoire-et-culture\/suivre-la-piste-des-droits-civiques-dans-le-tennessee\/#breadcrumb","itemListElement":[{"@type":"ListItem","position":1,"name":"Home","item":"https:\/\/travecademy.be\/fr\/"},{"@type":"ListItem","position":2,"name":"Th\u00e8mes","item":"https:\/\/travecademy.be\/fr\/themes\/"},{"@type":"ListItem","position":3,"name":"Histoire et culture","item":"https:\/\/travecademy.be\/fr\/themas-2\/historie-cultuur\/"},{"@type":"ListItem","position":4,"name":"Suivre la piste des droits civiques dans le Tennessee"}]},{"@type":"WebSite","@id":"https:\/\/travecademy.be\/fr\/#website","url":"https:\/\/travecademy.be\/fr\/","name":"TravEcademy","description":"Het meest succesvolle en gratis e-learning platform voor reisprofessionals","publisher":{"@id":"https:\/\/travecademy.be\/fr\/#organization"},"potentialAction":[{"@type":"SearchAction","target":{"@type":"EntryPoint","urlTemplate":"https:\/\/travecademy.be\/fr\/?s={search_term_string}"},"query-input":{"@type":"PropertyValueSpecification","valueRequired":true,"valueName":"search_term_string"}}],"inLanguage":"fr-FR"},{"@type":"Organization","@id":"https:\/\/travecademy.be\/fr\/#organization","name":"TravEcademy","url":"https:\/\/travecademy.be\/fr\/","logo":{"@type":"ImageObject","inLanguage":"fr-FR","@id":"https:\/\/travecademy.be\/fr\/#\/schema\/logo\/image\/","url":"https:\/\/travecademy.be\/wp-content\/uploads\/2024\/04\/Travecademy.png","contentUrl":"https:\/\/travecademy.be\/wp-content\/uploads\/2024\/04\/Travecademy.png","width":1263,"height":313,"caption":"TravEcademy"},"image":{"@id":"https:\/\/travecademy.be\/fr\/#\/schema\/logo\/image\/"}}]}},"publishpress_future_action":{"enabled":false,"date":"2026-05-08 16:37:22","action":"change-status","newStatus":"draft","terms":[],"taxonomy":"ecademys","extraData":[]},"publishpress_future_workflow_manual_trigger":{"enabledWorkflows":[]},"ticketed":false,"_links":{"self":[{"href":"https:\/\/travecademy.be\/fr\/wp-json\/wp\/v2\/pages\/44271","targetHints":{"allow":["GET"]}}],"collection":[{"href":"https:\/\/travecademy.be\/fr\/wp-json\/wp\/v2\/pages"}],"about":[{"href":"https:\/\/travecademy.be\/fr\/wp-json\/wp\/v2\/types\/page"}],"author":[{"embeddable":true,"href":"https:\/\/travecademy.be\/fr\/wp-json\/wp\/v2\/users\/1"}],"replies":[{"embeddable":true,"href":"https:\/\/travecademy.be\/fr\/wp-json\/wp\/v2\/comments?post=44271"}],"version-history":[{"count":1,"href":"https:\/\/travecademy.be\/fr\/wp-json\/wp\/v2\/pages\/44271\/revisions"}],"predecessor-version":[{"id":44273,"href":"https:\/\/travecademy.be\/fr\/wp-json\/wp\/v2\/pages\/44271\/revisions\/44273"}],"up":[{"embeddable":true,"href":"https:\/\/travecademy.be\/fr\/wp-json\/wp\/v2\/pages\/48845"}],"wp:attachment":[{"href":"https:\/\/travecademy.be\/fr\/wp-json\/wp\/v2\/media?parent=44271"}],"wp:term":[{"taxonomy":"post_tag","embeddable":true,"href":"https:\/\/travecademy.be\/fr\/wp-json\/wp\/v2\/tags?post=44271"},{"taxonomy":"ecademys","embeddable":true,"href":"https:\/\/travecademy.be\/fr\/wp-json\/wp\/v2\/ecademys?post=44271"}],"curies":[{"name":"wp","href":"https:\/\/api.w.org\/{rel}","templated":true}]}}