{"id":44279,"date":"2020-07-28T07:51:50","date_gmt":"2020-07-28T05:51:50","guid":{"rendered":"https:\/\/travecademy.be\/kit-doutils-marketing\/"},"modified":"2024-02-13T12:13:11","modified_gmt":"2024-02-13T10:13:11","slug":"kit-doutils-marketing","status":"publish","type":"page","link":"https:\/\/travecademy.be\/fr\/kit-doutils-marketing\/","title":{"rendered":"Kit d\u2019outils marketing"},"content":{"rendered":"<p><strong>Brand USA aimerait vous aider \u00e0 d\u00e9couvrir les nombreuses destinations que les \u00c9tats-Unis ont \u00e0 offrir et \u00e0 partager vos exp\u00e9riences avec vous. L\u2019un des moyens d\u2019y parvenir est de proposer des bo\u00eetes \u00e0 outils contenant des r\u00e9cits d\u2019exp\u00e9riences v\u00e9cues dans chacun des 50 \u00c9tats, des 5 territoires et de Washington, D.C.\u00a0<\/strong><\/p>\n<p>L\u2019objectif de ces bo\u00eetes \u00e0 outils est de fournir des ressources cr\u00e9atives \u00e0 vos clients afin que vous puissiez facilement promouvoir les \u00c9tats-Unis aupr\u00e8s d\u2019eux. En tant qu\u2019agent de voyage ou tour-op\u00e9rateur, vous pouvez les personnaliser avec le logo de votre entreprise, par exemple. Diff\u00e9rentes mises en page ont d\u00e9j\u00e0 \u00e9t\u00e9 cr\u00e9\u00e9es dans les bo\u00eetes \u00e0 outils (pour les vid\u00e9os, les banni\u00e8res, les annonces imprim\u00e9es, etc.), dans lesquelles vous pouvez ins\u00e9rer votre propre logo pour l\u2019utiliser ensuite dans les canaux de vente.\u00a0<\/p>\n<p><strong><a href=\"https:\/\/traveltrade.visittheusa.com\/toolkit\/introduction\" target=\"_blank\" rel=\"noopener\">Inscrivez-vous pour acc\u00e9der aux bo\u00eetes \u00e0 outils.<\/a><\/strong><\/p>\n","protected":false},"excerpt":{"rendered":"<p>Brand USA aimerait vous aider \u00e0 d\u00e9couvrir les nombreuses destinations que les \u00c9tats-Unis ont \u00e0 offrir et \u00e0 partager vos exp\u00e9riences avec vous. L\u2019un des\u2026<\/p>\n","protected":false},"author":1,"featured_media":42738,"parent":0,"menu_order":0,"comment_status":"closed","ping_status":"closed","template":"","meta":{"_acf_changed":false,"_price":"","_stock":"","_tribe_ticket_header":"","_tribe_default_ticket_provider":"","_tribe_ticket_capacity":"0","_ticket_start_date":"","_ticket_end_date":"","_tribe_ticket_show_description":"","_tribe_ticket_show_not_going":false,"_tribe_ticket_use_global_stock":"","_tribe_ticket_global_stock_level":"","_global_stock_mode":"","_global_stock_cap":"","_tribe_rsvp_for_event":"","_tribe_ticket_going_count":"","_tribe_ticket_not_going_count":"","_tribe_tickets_list":"[]","_tribe_ticket_has_attendee_info_fields":false,"footnotes":"","_tec_slr_enabled":"","_tec_slr_layout":""},"tags":[],"ecademys":[501],"class_list":["post-44279","page","type-page","status-publish","has-post-thumbnail","hentry","ecademys-brand-usa-fr"],"acf":[],"yoast_head":"<!-- This site is optimized with the Yoast SEO Premium plugin v27.4 (Yoast SEO v27.5) - https:\/\/yoast.com\/product\/yoast-seo-premium-wordpress\/ -->\n<title>Kit d&#039;outils marketing - TravEcademy<\/title>\n<meta name=\"robots\" content=\"index, follow, max-snippet:-1, max-image-preview:large, max-video-preview:-1\" \/>\n<link rel=\"canonical\" href=\"https:\/\/travecademy.be\/fr\/kit-doutils-marketing\/\" class=\"yoast-seo-meta-tag\" \/>\n<meta property=\"og:locale\" content=\"fr_FR\" class=\"yoast-seo-meta-tag\" \/>\n<meta property=\"og:type\" content=\"article\" class=\"yoast-seo-meta-tag\" \/>\n<meta property=\"og:title\" content=\"Kit d&#039;outils marketing\" class=\"yoast-seo-meta-tag\" \/>\n<meta property=\"og:description\" content=\"Brand USA aimerait vous aider \u00e0 d\u00e9couvrir les nombreuses destinations que les \u00c9tats-Unis ont \u00e0 offrir et \u00e0 partager vos exp\u00e9riences avec vous. L\u2019un des\u2026\" class=\"yoast-seo-meta-tag\" \/>\n<meta property=\"og:url\" content=\"https:\/\/travecademy.be\/fr\/kit-doutils-marketing\/\" class=\"yoast-seo-meta-tag\" \/>\n<meta property=\"og:site_name\" content=\"TravEcademy\" class=\"yoast-seo-meta-tag\" \/>\n<meta property=\"article:modified_time\" content=\"2024-02-13T10:13:11+00:00\" class=\"yoast-seo-meta-tag\" \/>\n<meta property=\"og:image\" content=\"https:\/\/travecademy.be\/wp-content\/uploads\/2023\/05\/shutterstock_420320050.jpg\" class=\"yoast-seo-meta-tag\" \/>\n\t<meta property=\"og:image:width\" content=\"1000\" class=\"yoast-seo-meta-tag\" \/>\n\t<meta property=\"og:image:height\" content=\"667\" class=\"yoast-seo-meta-tag\" \/>\n\t<meta property=\"og:image:type\" content=\"image\/jpeg\" class=\"yoast-seo-meta-tag\" \/>\n<meta name=\"twitter:card\" content=\"summary_large_image\" class=\"yoast-seo-meta-tag\" \/>\n<meta name=\"twitter:label1\" content=\"Dur\u00e9e de lecture estim\u00e9e\" class=\"yoast-seo-meta-tag\" \/>\n\t<meta name=\"twitter:data1\" content=\"1 minute\" class=\"yoast-seo-meta-tag\" \/>\n<script type=\"application\/ld+json\" class=\"yoast-schema-graph\">{\"@context\":\"https:\\\/\\\/schema.org\",\"@graph\":[{\"@type\":\"WebPage\",\"@id\":\"https:\\\/\\\/travecademy.be\\\/fr\\\/kit-doutils-marketing\\\/\",\"url\":\"https:\\\/\\\/travecademy.be\\\/fr\\\/kit-doutils-marketing\\\/\",\"name\":\"Kit d'outils marketing - TravEcademy\",\"isPartOf\":{\"@id\":\"https:\\\/\\\/travecademy.be\\\/fr\\\/#website\"},\"primaryImageOfPage\":{\"@id\":\"https:\\\/\\\/travecademy.be\\\/fr\\\/kit-doutils-marketing\\\/#primaryimage\"},\"image\":{\"@id\":\"https:\\\/\\\/travecademy.be\\\/fr\\\/kit-doutils-marketing\\\/#primaryimage\"},\"thumbnailUrl\":\"https:\\\/\\\/travecademy.be\\\/wp-content\\\/uploads\\\/2023\\\/05\\\/shutterstock_420320050.jpg\",\"datePublished\":\"2020-07-28T05:51:50+00:00\",\"dateModified\":\"2024-02-13T10:13:11+00:00\",\"breadcrumb\":{\"@id\":\"https:\\\/\\\/travecademy.be\\\/fr\\\/kit-doutils-marketing\\\/#breadcrumb\"},\"inLanguage\":\"fr-FR\",\"potentialAction\":[{\"@type\":\"ReadAction\",\"target\":[\"https:\\\/\\\/travecademy.be\\\/fr\\\/kit-doutils-marketing\\\/\"]}]},{\"@type\":\"ImageObject\",\"inLanguage\":\"fr-FR\",\"@id\":\"https:\\\/\\\/travecademy.be\\\/fr\\\/kit-doutils-marketing\\\/#primaryimage\",\"url\":\"https:\\\/\\\/travecademy.be\\\/wp-content\\\/uploads\\\/2023\\\/05\\\/shutterstock_420320050.jpg\",\"contentUrl\":\"https:\\\/\\\/travecademy.be\\\/wp-content\\\/uploads\\\/2023\\\/05\\\/shutterstock_420320050.jpg\",\"width\":1000,\"height\":667},{\"@type\":\"BreadcrumbList\",\"@id\":\"https:\\\/\\\/travecademy.be\\\/fr\\\/kit-doutils-marketing\\\/#breadcrumb\",\"itemListElement\":[{\"@type\":\"ListItem\",\"position\":1,\"name\":\"Home\",\"item\":\"https:\\\/\\\/travecademy.be\\\/fr\\\/\"},{\"@type\":\"ListItem\",\"position\":2,\"name\":\"Kit d&#8217;outils marketing\"}]},{\"@type\":\"WebSite\",\"@id\":\"https:\\\/\\\/travecademy.be\\\/fr\\\/#website\",\"url\":\"https:\\\/\\\/travecademy.be\\\/fr\\\/\",\"name\":\"TravEcademy\",\"description\":\"Het meest succesvolle en gratis e-learning platform voor reisprofessionals\",\"publisher\":{\"@id\":\"https:\\\/\\\/travecademy.be\\\/fr\\\/#organization\"},\"potentialAction\":[{\"@type\":\"SearchAction\",\"target\":{\"@type\":\"EntryPoint\",\"urlTemplate\":\"https:\\\/\\\/travecademy.be\\\/fr\\\/?s={search_term_string}\"},\"query-input\":{\"@type\":\"PropertyValueSpecification\",\"valueRequired\":true,\"valueName\":\"search_term_string\"}}],\"inLanguage\":\"fr-FR\"},{\"@type\":\"Organization\",\"@id\":\"https:\\\/\\\/travecademy.be\\\/fr\\\/#organization\",\"name\":\"TravEcademy\",\"url\":\"https:\\\/\\\/travecademy.be\\\/fr\\\/\",\"logo\":{\"@type\":\"ImageObject\",\"inLanguage\":\"fr-FR\",\"@id\":\"https:\\\/\\\/travecademy.be\\\/fr\\\/#\\\/schema\\\/logo\\\/image\\\/\",\"url\":\"https:\\\/\\\/travecademy.be\\\/wp-content\\\/uploads\\\/2024\\\/04\\\/Travecademy.png\",\"contentUrl\":\"https:\\\/\\\/travecademy.be\\\/wp-content\\\/uploads\\\/2024\\\/04\\\/Travecademy.png\",\"width\":1263,\"height\":313,\"caption\":\"TravEcademy\"},\"image\":{\"@id\":\"https:\\\/\\\/travecademy.be\\\/fr\\\/#\\\/schema\\\/logo\\\/image\\\/\"}}]}<\/script>\n<!-- \/ Yoast SEO Premium plugin. -->","yoast_head_json":{"title":"Kit d'outils marketing - TravEcademy","robots":{"index":"index","follow":"follow","max-snippet":"max-snippet:-1","max-image-preview":"max-image-preview:large","max-video-preview":"max-video-preview:-1"},"canonical":"https:\/\/travecademy.be\/fr\/kit-doutils-marketing\/","og_locale":"fr_FR","og_type":"article","og_title":"Kit d'outils marketing","og_description":"Brand USA aimerait vous aider \u00e0 d\u00e9couvrir les nombreuses destinations que les \u00c9tats-Unis ont \u00e0 offrir et \u00e0 partager vos exp\u00e9riences avec vous. L\u2019un des\u2026","og_url":"https:\/\/travecademy.be\/fr\/kit-doutils-marketing\/","og_site_name":"TravEcademy","article_modified_time":"2024-02-13T10:13:11+00:00","og_image":[{"width":1000,"height":667,"url":"https:\/\/travecademy.be\/wp-content\/uploads\/2023\/05\/shutterstock_420320050.jpg","type":"image\/jpeg"}],"twitter_card":"summary_large_image","twitter_misc":{"Dur\u00e9e de lecture estim\u00e9e":"1 minute"},"schema":{"@context":"https:\/\/schema.org","@graph":[{"@type":"WebPage","@id":"https:\/\/travecademy.be\/fr\/kit-doutils-marketing\/","url":"https:\/\/travecademy.be\/fr\/kit-doutils-marketing\/","name":"Kit d'outils marketing - TravEcademy","isPartOf":{"@id":"https:\/\/travecademy.be\/fr\/#website"},"primaryImageOfPage":{"@id":"https:\/\/travecademy.be\/fr\/kit-doutils-marketing\/#primaryimage"},"image":{"@id":"https:\/\/travecademy.be\/fr\/kit-doutils-marketing\/#primaryimage"},"thumbnailUrl":"https:\/\/travecademy.be\/wp-content\/uploads\/2023\/05\/shutterstock_420320050.jpg","datePublished":"2020-07-28T05:51:50+00:00","dateModified":"2024-02-13T10:13:11+00:00","breadcrumb":{"@id":"https:\/\/travecademy.be\/fr\/kit-doutils-marketing\/#breadcrumb"},"inLanguage":"fr-FR","potentialAction":[{"@type":"ReadAction","target":["https:\/\/travecademy.be\/fr\/kit-doutils-marketing\/"]}]},{"@type":"ImageObject","inLanguage":"fr-FR","@id":"https:\/\/travecademy.be\/fr\/kit-doutils-marketing\/#primaryimage","url":"https:\/\/travecademy.be\/wp-content\/uploads\/2023\/05\/shutterstock_420320050.jpg","contentUrl":"https:\/\/travecademy.be\/wp-content\/uploads\/2023\/05\/shutterstock_420320050.jpg","width":1000,"height":667},{"@type":"BreadcrumbList","@id":"https:\/\/travecademy.be\/fr\/kit-doutils-marketing\/#breadcrumb","itemListElement":[{"@type":"ListItem","position":1,"name":"Home","item":"https:\/\/travecademy.be\/fr\/"},{"@type":"ListItem","position":2,"name":"Kit d&#8217;outils marketing"}]},{"@type":"WebSite","@id":"https:\/\/travecademy.be\/fr\/#website","url":"https:\/\/travecademy.be\/fr\/","name":"TravEcademy","description":"Het meest succesvolle en gratis e-learning platform voor reisprofessionals","publisher":{"@id":"https:\/\/travecademy.be\/fr\/#organization"},"potentialAction":[{"@type":"SearchAction","target":{"@type":"EntryPoint","urlTemplate":"https:\/\/travecademy.be\/fr\/?s={search_term_string}"},"query-input":{"@type":"PropertyValueSpecification","valueRequired":true,"valueName":"search_term_string"}}],"inLanguage":"fr-FR"},{"@type":"Organization","@id":"https:\/\/travecademy.be\/fr\/#organization","name":"TravEcademy","url":"https:\/\/travecademy.be\/fr\/","logo":{"@type":"ImageObject","inLanguage":"fr-FR","@id":"https:\/\/travecademy.be\/fr\/#\/schema\/logo\/image\/","url":"https:\/\/travecademy.be\/wp-content\/uploads\/2024\/04\/Travecademy.png","contentUrl":"https:\/\/travecademy.be\/wp-content\/uploads\/2024\/04\/Travecademy.png","width":1263,"height":313,"caption":"TravEcademy"},"image":{"@id":"https:\/\/travecademy.be\/fr\/#\/schema\/logo\/image\/"}}]}},"publishpress_future_action":{"enabled":false,"date":"2026-05-06 15:12:25","action":"change-status","newStatus":"draft","terms":[],"taxonomy":"ecademys","extraData":[]},"publishpress_future_workflow_manual_trigger":{"enabledWorkflows":[]},"ticketed":false,"_links":{"self":[{"href":"https:\/\/travecademy.be\/fr\/wp-json\/wp\/v2\/pages\/44279","targetHints":{"allow":["GET"]}}],"collection":[{"href":"https:\/\/travecademy.be\/fr\/wp-json\/wp\/v2\/pages"}],"about":[{"href":"https:\/\/travecademy.be\/fr\/wp-json\/wp\/v2\/types\/page"}],"author":[{"embeddable":true,"href":"https:\/\/travecademy.be\/fr\/wp-json\/wp\/v2\/users\/1"}],"replies":[{"embeddable":true,"href":"https:\/\/travecademy.be\/fr\/wp-json\/wp\/v2\/comments?post=44279"}],"version-history":[{"count":1,"href":"https:\/\/travecademy.be\/fr\/wp-json\/wp\/v2\/pages\/44279\/revisions"}],"predecessor-version":[{"id":44285,"href":"https:\/\/travecademy.be\/fr\/wp-json\/wp\/v2\/pages\/44279\/revisions\/44285"}],"wp:featuredmedia":[{"embeddable":true,"href":"https:\/\/travecademy.be\/fr\/wp-json\/wp\/v2\/media\/42738"}],"wp:attachment":[{"href":"https:\/\/travecademy.be\/fr\/wp-json\/wp\/v2\/media?parent=44279"}],"wp:term":[{"taxonomy":"post_tag","embeddable":true,"href":"https:\/\/travecademy.be\/fr\/wp-json\/wp\/v2\/tags?post=44279"},{"taxonomy":"ecademys","embeddable":true,"href":"https:\/\/travecademy.be\/fr\/wp-json\/wp\/v2\/ecademys?post=44279"}],"curies":[{"name":"wp","href":"https:\/\/api.w.org\/{rel}","templated":true}]}}