{"id":44288,"date":"2019-07-09T10:14:23","date_gmt":"2019-07-09T08:14:23","guid":{"rendered":"https:\/\/travecademy.be\/parcs-detat-du-sud-de-la-louisiane\/"},"modified":"2024-02-13T12:13:11","modified_gmt":"2024-02-13T10:13:11","slug":"parcs-detat-du-sud-de-la-louisiane","status":"publish","type":"page","link":"https:\/\/travecademy.be\/fr\/voyages-en-voiture\/parcs-detat-du-sud-de-la-louisiane\/","title":{"rendered":"Parcs d\u2019\u00c9tat du sud de la Louisiane"},"content":{"rendered":"<p><strong>L\u2019\u00c9tat de Louisiane se compose de plusieurs r\u00e9gions. Plusieurs parcs d\u2019\u00c9tat et zones prot\u00e9g\u00e9es se trouvent dans chaque r\u00e9gion. Les parcs sont parfaits pour les activit\u00e9s de plein air telles que la p\u00eache, la navigation de plaisance, le kayak, le cano\u00eb-kayak, la randonn\u00e9e et, bien s\u00fbr, divers sports nautiques. La Louisiane est riche en rivi\u00e8res, lacs, baies et mar\u00e9cages. Vous y trouverez \u00e9galement les plus beaux emplacements de camping et de VR, des aires de pique-nique et des cabanes bien \u00e9quip\u00e9es au bord de l\u2019eau. Un bon point de d\u00e9part pour la route des parcs d\u2019\u00c9tat du sud se trouve pr\u00e8s de la capitale, la Nouvelle-Orl\u00e9ans.<\/strong><\/p>\n<p><strong>Parc d\u2019\u00c9tat du Bayou Segnette<\/strong><\/p>\n<p><strong><a href=\"http:\/\/www.louisianatravel.com\/state-parks\"><img decoding=\"async\" class=\" size-full wp-image-3371\" alt=\"\" height=\"161\" src=\"http:\/\/travecademy.be\/wp-content\/uploads\/2019\/07\/Roadtrip-Bayou-Segnette-camping.jpg\" style=\"float:right\" width=\"250\" srcset=\"https:\/\/travecademy.be\/wp-content\/uploads\/2019\/07\/Roadtrip-Bayou-Segnette-camping.jpg 645w, https:\/\/travecademy.be\/wp-content\/uploads\/2019\/07\/Roadtrip-Bayou-Segnette-camping-600x386.jpg 600w, https:\/\/travecademy.be\/wp-content\/uploads\/2019\/07\/Roadtrip-Bayou-Segnette-camping-300x193.jpg 300w, https:\/\/travecademy.be\/wp-content\/uploads\/2019\/07\/Roadtrip-Bayou-Segnette-camping-624x401.jpg 624w, https:\/\/travecademy.be\/wp-content\/uploads\/2019\/07\/Roadtrip-Bayou-Segnette-camping-50x32.jpg 50w, https:\/\/travecademy.be\/wp-content\/uploads\/2019\/07\/Roadtrip-Bayou-Segnette-camping-100x64.jpg 100w\" sizes=\"(max-width: 250px) 100vw, 250px\" \/><\/a><\/strong>Ce magnifique parc d\u2019\u00c9tat est consid\u00e9r\u00e9 comme le voisin de la Nouvelle-Orl\u00e9ans. Le parc se trouve \u00e0 seulement 20 km et convient parfaitement aux familles avec enfants. Le parc est connu pour sa piscine \u00e0 vagues, o\u00f9 les enfants peuvent nager avec des lits gonflables. La zone entourant le parc comprend un mar\u00e9cage avec des animaux tels que des alligators et l\u2019aigle \u00e0 t\u00eate blanche. En bateau \u00e0 moteur ou en kayak, vous pouvez explorer la baie. Les amateurs de randonn\u00e9e pourront admirer la vue sur le marais de Cypress-Tupelo. Ce qui est g\u00e9nial dans ce parc d\u2019\u00c9tat, c\u2019est qu\u2019il loue \u00e9galement des cabanes qui flottent sur l\u2019eau, ce qui permet de p\u00eacher depuis la v\u00e9randa. La Nouvelle-Orl\u00e9ans \u00e9tant proche, une visite de la ville est vivement recommand\u00e9e.<\/p>\n<p><strong>Parc d\u2019\u00c9tat de Cypremort Point<\/strong><\/p>\n<p>Le deuxi\u00e8me parc d\u2019\u00c9tat, Cypremort Point, se trouve \u00e0 177 km. Il est accessible en deux heures de route depuis Bayou Segnette State Park. Ici, vous trouverez le cajun et la planche \u00e0 voile en un seul endroit ! Vous n\u2019avez peut-\u00eatre pas l\u2019association, mais au Cypremort State Park, vous pouvez trouver le meilleur des deux. Gr\u00e2ce \u00e0 son emplacement id\u00e9al dans la baie de Vermillion et \u00e0 moins de 16 km du golfe du Mexique, Cypremort Point est une destination tr\u00e8s pris\u00e9e des vacanciers. Vous y trouverez la combinaison parfaite entre pique-nique, plage, p\u00eache et fruits de mer d\u00e9licieusement frais. Le parc est id\u00e9al pour \u00e9viter l\u2019agitation des villes pendant un certain temps. De l\u00e0, vous pouvez facilement visiter l\u2019\u00eele d\u2019Avery, o\u00f9 est fabriqu\u00e9e la c\u00e9l\u00e8bre sauce Tabasco. En outre, Baton Rouge, la Nouvelle-Orl\u00e9ans et Lafayette se trouvent \u00e0 deux heures de route au maximum.<\/p>\n<p><strong>Parc d\u2019\u00c9tat de Lake Fausse Point<\/strong><\/p>\n<p><strong><a href=\"http:\/\/www.louisianatravel.com\/state-parks\"><img decoding=\"async\" class=\" size-full wp-image-3372\" alt=\"\" height=\"161\" src=\"http:\/\/travecademy.be\/wp-content\/uploads\/2019\/07\/Roadtrip-Lake-Fausse-Pointe.jpg\" style=\"float:right\" width=\"250\" srcset=\"https:\/\/travecademy.be\/wp-content\/uploads\/2019\/07\/Roadtrip-Lake-Fausse-Pointe.jpg 645w, https:\/\/travecademy.be\/wp-content\/uploads\/2019\/07\/Roadtrip-Lake-Fausse-Pointe-600x386.jpg 600w, https:\/\/travecademy.be\/wp-content\/uploads\/2019\/07\/Roadtrip-Lake-Fausse-Pointe-300x193.jpg 300w, https:\/\/travecademy.be\/wp-content\/uploads\/2019\/07\/Roadtrip-Lake-Fausse-Pointe-624x401.jpg 624w, https:\/\/travecademy.be\/wp-content\/uploads\/2019\/07\/Roadtrip-Lake-Fausse-Pointe-50x32.jpg 50w, https:\/\/travecademy.be\/wp-content\/uploads\/2019\/07\/Roadtrip-Lake-Fausse-Pointe-100x64.jpg 100w\" sizes=\"(max-width: 250px) 100vw, 250px\" \/><\/a><\/strong>Le parc d\u2019\u00c9tat de Cypremort Point se trouve \u00e0 une courte distance du parc d\u2019\u00c9tat suivant, Lake Fausse Point, \u00e0 55 km. Le marais du bassin d\u2019Atchafalay est le plus grand marais des \u00c9tats-Unis. Le parc est une introduction sp\u00e9ciale \u00e0 la beaut\u00e9 du pays cajun. Le parc est facilement praticable \u00e0 pied car des all\u00e9es sont diss\u00e9min\u00e9es dans tout le parc, ce qui vous permet d\u2019observer la faune et la flore. Louez un kayak ou un cano\u00eb et explorez le parc depuis l\u2019eau. La nuit peut \u00eatre pass\u00e9e au camping ou au campement de cano\u00ebs, ce qui signifie que vous devez litt\u00e9ralement pagayer ici. Bien entendu, il ne faut pas quitter le parc avant d\u2019avoir go\u00fbt\u00e9 aux c\u00e9l\u00e8bres plats cajuns. Cela peut se faire dans la ville voisine de New Iberia.<\/p>\n<p><strong>Parc d\u2019\u00c9tat de Palmetto Island<\/strong><\/p>\n<p>\u00c0 93 km et \u00e0 un peu plus d\u2019une heure de route du Lake Fausse Point State Park, se trouve le Palmetto Island State Park. Dans le parc, vous pouvez vous attendre \u00e0 voir beaucoup d\u2019animaux sauvages. La principale attraction du parc est l\u2019exploration aquatique. En fait, la rivi\u00e8re Vermilion traverse directement le parc, ce qui rend la location d\u2019un bateau, d\u2019un cano\u00eb ou d\u2019un kayak tr\u00e8s pratique. Dans le parc, vous trouverez une aire de jeux d\u2019eau et un bain public. La nuit, les huttes sont au premier rang pour \u00e9couter le chant magnifique de la faune des marais. Pour go\u00fbter davantage \u00e0 la culture cajun, visitez la ville voisine d\u2019Abbeville. Pour les amateurs d\u2019ornithologie, la White Lake Wetlands Conservation Area vaut \u00e9galement la peine d\u2019\u00eatre visit\u00e9e depuis le parc.<\/p>\n<p><strong>Parc d\u2019\u00c9tat de Sam Houston Jones<\/strong><\/p>\n<p><strong><a href=\"http:\/\/www.louisianatravel.com\/state-parks\"><img decoding=\"async\" class=\" size-full wp-image-3373\" alt=\"\" height=\"161\" src=\"http:\/\/travecademy.be\/wp-content\/uploads\/2019\/07\/Roadtrip-Sam-Houston-Lagoon.jpg\" style=\"float:right\" width=\"250\" srcset=\"https:\/\/travecademy.be\/wp-content\/uploads\/2019\/07\/Roadtrip-Sam-Houston-Lagoon.jpg 645w, https:\/\/travecademy.be\/wp-content\/uploads\/2019\/07\/Roadtrip-Sam-Houston-Lagoon-600x386.jpg 600w, https:\/\/travecademy.be\/wp-content\/uploads\/2019\/07\/Roadtrip-Sam-Houston-Lagoon-300x193.jpg 300w, https:\/\/travecademy.be\/wp-content\/uploads\/2019\/07\/Roadtrip-Sam-Houston-Lagoon-624x401.jpg 624w, https:\/\/travecademy.be\/wp-content\/uploads\/2019\/07\/Roadtrip-Sam-Houston-Lagoon-50x32.jpg 50w, https:\/\/travecademy.be\/wp-content\/uploads\/2019\/07\/Roadtrip-Sam-Houston-Lagoon-100x64.jpg 100w\" sizes=\"(max-width: 250px) 100vw, 250px\" \/><\/a><\/strong>Le dernier State Park Sam Houston Jones se trouve \u00e0 155 km du Palmetto Island State Park. Le parc est connu pour son \u00e9tat naturel et ses for\u00eats de cypr\u00e8s. Promenez-vous sur l\u2019un des cinq sentiers, dont l\u2019un m\u00e8ne \u00e0 une route de diligence historique. Le long du chemin, vous pourrez observer des animaux sauvages tels que des serpents. Il existe de nombreuses possibilit\u00e9s de passer la nuit au camping, dans une cabine ou avec son propre camping-car. Les boutiques, les restaurants, les mus\u00e9es et les quartiers historiques de Lake Charles se trouvent \u00e0 15 minutes en voiture du parc. La visite du Creole Nature Trail Scenic Byway vous permet de voir les oiseaux et la faune. En outre, il est agr\u00e9able de se rendre en voiture du parc \u00e0 Holly Beach pour une journ\u00e9e de d\u00e9tente.<\/p>\n<p>Voir <strong><br \/>\n  <a href=\"https:\/\/www.louisianatravel.com\/state-parks\">ici<\/a><br \/>\n<\/strong> pour plus d\u2019informations sur les parcs d\u2019\u00c9tat du sud de la Louisiane.<\/p>\n","protected":false},"excerpt":{"rendered":"<p>L\u2019\u00c9tat de Louisiane se compose de plusieurs r\u00e9gions. Plusieurs parcs d\u2019\u00c9tat et zones prot\u00e9g\u00e9es se trouvent dans chaque r\u00e9gion. Les parcs sont parfaits pour les\u2026<\/p>\n","protected":false},"author":1,"featured_media":35980,"parent":48767,"menu_order":0,"comment_status":"closed","ping_status":"closed","template":"","meta":{"_acf_changed":false,"_price":"","_stock":"","_tribe_ticket_header":"","_tribe_default_ticket_provider":"","_tribe_ticket_capacity":"0","_ticket_start_date":"","_ticket_end_date":"","_tribe_ticket_show_description":"","_tribe_ticket_show_not_going":false,"_tribe_ticket_use_global_stock":"","_tribe_ticket_global_stock_level":"","_global_stock_mode":"","_global_stock_cap":"","_tribe_rsvp_for_event":"","_tribe_ticket_going_count":"","_tribe_ticket_not_going_count":"","_tribe_tickets_list":"[]","_tribe_ticket_has_attendee_info_fields":false,"footnotes":"","_tec_slr_enabled":"","_tec_slr_layout":""},"tags":[],"ecademys":[500],"class_list":["post-44288","page","type-page","status-publish","has-post-thumbnail","hentry","ecademys-travel-south-usa-fr"],"acf":[],"yoast_head":"<!-- This site is optimized with the Yoast SEO Premium plugin v27.5 (Yoast SEO v27.5) - https:\/\/yoast.com\/product\/yoast-seo-premium-wordpress\/ -->\n<title>Parcs d&#039;\u00c9tat du sud de la Louisiane - TravEcademy<\/title>\n<meta name=\"robots\" content=\"index, follow, max-snippet:-1, max-image-preview:large, max-video-preview:-1\" \/>\n<link rel=\"canonical\" href=\"https:\/\/travecademy.be\/fr\/voyages-en-voiture\/parcs-detat-du-sud-de-la-louisiane\/\" class=\"yoast-seo-meta-tag\" \/>\n<meta property=\"og:locale\" content=\"fr_FR\" class=\"yoast-seo-meta-tag\" \/>\n<meta property=\"og:type\" content=\"article\" class=\"yoast-seo-meta-tag\" \/>\n<meta property=\"og:title\" content=\"Parcs d&#039;\u00c9tat du sud de la Louisiane\" class=\"yoast-seo-meta-tag\" \/>\n<meta property=\"og:description\" content=\"L\u2019\u00c9tat de Louisiane se compose de plusieurs r\u00e9gions. Plusieurs parcs d\u2019\u00c9tat et zones prot\u00e9g\u00e9es se trouvent dans chaque r\u00e9gion. Les parcs sont parfaits pour les\u2026\" class=\"yoast-seo-meta-tag\" \/>\n<meta property=\"og:url\" content=\"https:\/\/travecademy.be\/fr\/voyages-en-voiture\/parcs-detat-du-sud-de-la-louisiane\/\" class=\"yoast-seo-meta-tag\" \/>\n<meta property=\"og:site_name\" content=\"TravEcademy\" class=\"yoast-seo-meta-tag\" \/>\n<meta property=\"article:modified_time\" content=\"2024-02-13T10:13:11+00:00\" class=\"yoast-seo-meta-tag\" \/>\n<meta property=\"og:image\" content=\"https:\/\/travecademy.be\/wp-content\/uploads\/2019\/07\/Roadtrip-Bayou-Segnette-State-Park.jpg\" class=\"yoast-seo-meta-tag\" \/>\n\t<meta property=\"og:image:width\" content=\"622\" class=\"yoast-seo-meta-tag\" \/>\n\t<meta property=\"og:image:height\" content=\"415\" class=\"yoast-seo-meta-tag\" \/>\n\t<meta property=\"og:image:type\" content=\"image\/jpeg\" class=\"yoast-seo-meta-tag\" \/>\n<meta name=\"twitter:card\" content=\"summary_large_image\" class=\"yoast-seo-meta-tag\" \/>\n<meta name=\"twitter:label1\" content=\"Dur\u00e9e de lecture estim\u00e9e\" class=\"yoast-seo-meta-tag\" \/>\n\t<meta name=\"twitter:data1\" content=\"4 minutes\" class=\"yoast-seo-meta-tag\" \/>\n<script type=\"application\/ld+json\" class=\"yoast-schema-graph\">{\"@context\":\"https:\\\/\\\/schema.org\",\"@graph\":[{\"@type\":\"WebPage\",\"@id\":\"https:\\\/\\\/travecademy.be\\\/fr\\\/voyages-en-voiture\\\/parcs-detat-du-sud-de-la-louisiane\\\/\",\"url\":\"https:\\\/\\\/travecademy.be\\\/fr\\\/voyages-en-voiture\\\/parcs-detat-du-sud-de-la-louisiane\\\/\",\"name\":\"Parcs d'\u00c9tat du sud de la Louisiane - TravEcademy\",\"isPartOf\":{\"@id\":\"https:\\\/\\\/travecademy.be\\\/fr\\\/#website\"},\"primaryImageOfPage\":{\"@id\":\"https:\\\/\\\/travecademy.be\\\/fr\\\/voyages-en-voiture\\\/parcs-detat-du-sud-de-la-louisiane\\\/#primaryimage\"},\"image\":{\"@id\":\"https:\\\/\\\/travecademy.be\\\/fr\\\/voyages-en-voiture\\\/parcs-detat-du-sud-de-la-louisiane\\\/#primaryimage\"},\"thumbnailUrl\":\"https:\\\/\\\/travecademy.be\\\/wp-content\\\/uploads\\\/2019\\\/07\\\/Roadtrip-Bayou-Segnette-State-Park.jpg\",\"datePublished\":\"2019-07-09T08:14:23+00:00\",\"dateModified\":\"2024-02-13T10:13:11+00:00\",\"breadcrumb\":{\"@id\":\"https:\\\/\\\/travecademy.be\\\/fr\\\/voyages-en-voiture\\\/parcs-detat-du-sud-de-la-louisiane\\\/#breadcrumb\"},\"inLanguage\":\"fr-FR\",\"potentialAction\":[{\"@type\":\"ReadAction\",\"target\":[\"https:\\\/\\\/travecademy.be\\\/fr\\\/voyages-en-voiture\\\/parcs-detat-du-sud-de-la-louisiane\\\/\"]}]},{\"@type\":\"ImageObject\",\"inLanguage\":\"fr-FR\",\"@id\":\"https:\\\/\\\/travecademy.be\\\/fr\\\/voyages-en-voiture\\\/parcs-detat-du-sud-de-la-louisiane\\\/#primaryimage\",\"url\":\"https:\\\/\\\/travecademy.be\\\/wp-content\\\/uploads\\\/2019\\\/07\\\/Roadtrip-Bayou-Segnette-State-Park.jpg\",\"contentUrl\":\"https:\\\/\\\/travecademy.be\\\/wp-content\\\/uploads\\\/2019\\\/07\\\/Roadtrip-Bayou-Segnette-State-Park.jpg\",\"width\":622,\"height\":415},{\"@type\":\"BreadcrumbList\",\"@id\":\"https:\\\/\\\/travecademy.be\\\/fr\\\/voyages-en-voiture\\\/parcs-detat-du-sud-de-la-louisiane\\\/#breadcrumb\",\"itemListElement\":[{\"@type\":\"ListItem\",\"position\":1,\"name\":\"Home\",\"item\":\"https:\\\/\\\/travecademy.be\\\/fr\\\/\"},{\"@type\":\"ListItem\",\"position\":2,\"name\":\"Voyages en voiture\",\"item\":\"https:\\\/\\\/travecademy.be\\\/fr\\\/voyages-en-voiture\\\/\"},{\"@type\":\"ListItem\",\"position\":3,\"name\":\"Parcs d&#8217;\u00c9tat du sud de la Louisiane\"}]},{\"@type\":\"WebSite\",\"@id\":\"https:\\\/\\\/travecademy.be\\\/fr\\\/#website\",\"url\":\"https:\\\/\\\/travecademy.be\\\/fr\\\/\",\"name\":\"TravEcademy\",\"description\":\"Het meest succesvolle en gratis e-learning platform voor reisprofessionals\",\"publisher\":{\"@id\":\"https:\\\/\\\/travecademy.be\\\/fr\\\/#organization\"},\"potentialAction\":[{\"@type\":\"SearchAction\",\"target\":{\"@type\":\"EntryPoint\",\"urlTemplate\":\"https:\\\/\\\/travecademy.be\\\/fr\\\/?s={search_term_string}\"},\"query-input\":{\"@type\":\"PropertyValueSpecification\",\"valueRequired\":true,\"valueName\":\"search_term_string\"}}],\"inLanguage\":\"fr-FR\"},{\"@type\":\"Organization\",\"@id\":\"https:\\\/\\\/travecademy.be\\\/fr\\\/#organization\",\"name\":\"TravEcademy\",\"url\":\"https:\\\/\\\/travecademy.be\\\/fr\\\/\",\"logo\":{\"@type\":\"ImageObject\",\"inLanguage\":\"fr-FR\",\"@id\":\"https:\\\/\\\/travecademy.be\\\/fr\\\/#\\\/schema\\\/logo\\\/image\\\/\",\"url\":\"https:\\\/\\\/travecademy.be\\\/wp-content\\\/uploads\\\/2024\\\/04\\\/Travecademy.png\",\"contentUrl\":\"https:\\\/\\\/travecademy.be\\\/wp-content\\\/uploads\\\/2024\\\/04\\\/Travecademy.png\",\"width\":1263,\"height\":313,\"caption\":\"TravEcademy\"},\"image\":{\"@id\":\"https:\\\/\\\/travecademy.be\\\/fr\\\/#\\\/schema\\\/logo\\\/image\\\/\"}}]}<\/script>\n<!-- \/ Yoast SEO Premium plugin. -->","yoast_head_json":{"title":"Parcs d'\u00c9tat du sud de la Louisiane - TravEcademy","robots":{"index":"index","follow":"follow","max-snippet":"max-snippet:-1","max-image-preview":"max-image-preview:large","max-video-preview":"max-video-preview:-1"},"canonical":"https:\/\/travecademy.be\/fr\/voyages-en-voiture\/parcs-detat-du-sud-de-la-louisiane\/","og_locale":"fr_FR","og_type":"article","og_title":"Parcs d'\u00c9tat du sud de la Louisiane","og_description":"L\u2019\u00c9tat de Louisiane se compose de plusieurs r\u00e9gions. Plusieurs parcs d\u2019\u00c9tat et zones prot\u00e9g\u00e9es se trouvent dans chaque r\u00e9gion. Les parcs sont parfaits pour les\u2026","og_url":"https:\/\/travecademy.be\/fr\/voyages-en-voiture\/parcs-detat-du-sud-de-la-louisiane\/","og_site_name":"TravEcademy","article_modified_time":"2024-02-13T10:13:11+00:00","og_image":[{"width":622,"height":415,"url":"https:\/\/travecademy.be\/wp-content\/uploads\/2019\/07\/Roadtrip-Bayou-Segnette-State-Park.jpg","type":"image\/jpeg"}],"twitter_card":"summary_large_image","twitter_misc":{"Dur\u00e9e de lecture estim\u00e9e":"4 minutes"},"schema":{"@context":"https:\/\/schema.org","@graph":[{"@type":"WebPage","@id":"https:\/\/travecademy.be\/fr\/voyages-en-voiture\/parcs-detat-du-sud-de-la-louisiane\/","url":"https:\/\/travecademy.be\/fr\/voyages-en-voiture\/parcs-detat-du-sud-de-la-louisiane\/","name":"Parcs d'\u00c9tat du sud de la Louisiane - TravEcademy","isPartOf":{"@id":"https:\/\/travecademy.be\/fr\/#website"},"primaryImageOfPage":{"@id":"https:\/\/travecademy.be\/fr\/voyages-en-voiture\/parcs-detat-du-sud-de-la-louisiane\/#primaryimage"},"image":{"@id":"https:\/\/travecademy.be\/fr\/voyages-en-voiture\/parcs-detat-du-sud-de-la-louisiane\/#primaryimage"},"thumbnailUrl":"https:\/\/travecademy.be\/wp-content\/uploads\/2019\/07\/Roadtrip-Bayou-Segnette-State-Park.jpg","datePublished":"2019-07-09T08:14:23+00:00","dateModified":"2024-02-13T10:13:11+00:00","breadcrumb":{"@id":"https:\/\/travecademy.be\/fr\/voyages-en-voiture\/parcs-detat-du-sud-de-la-louisiane\/#breadcrumb"},"inLanguage":"fr-FR","potentialAction":[{"@type":"ReadAction","target":["https:\/\/travecademy.be\/fr\/voyages-en-voiture\/parcs-detat-du-sud-de-la-louisiane\/"]}]},{"@type":"ImageObject","inLanguage":"fr-FR","@id":"https:\/\/travecademy.be\/fr\/voyages-en-voiture\/parcs-detat-du-sud-de-la-louisiane\/#primaryimage","url":"https:\/\/travecademy.be\/wp-content\/uploads\/2019\/07\/Roadtrip-Bayou-Segnette-State-Park.jpg","contentUrl":"https:\/\/travecademy.be\/wp-content\/uploads\/2019\/07\/Roadtrip-Bayou-Segnette-State-Park.jpg","width":622,"height":415},{"@type":"BreadcrumbList","@id":"https:\/\/travecademy.be\/fr\/voyages-en-voiture\/parcs-detat-du-sud-de-la-louisiane\/#breadcrumb","itemListElement":[{"@type":"ListItem","position":1,"name":"Home","item":"https:\/\/travecademy.be\/fr\/"},{"@type":"ListItem","position":2,"name":"Voyages en voiture","item":"https:\/\/travecademy.be\/fr\/voyages-en-voiture\/"},{"@type":"ListItem","position":3,"name":"Parcs d&#8217;\u00c9tat du sud de la Louisiane"}]},{"@type":"WebSite","@id":"https:\/\/travecademy.be\/fr\/#website","url":"https:\/\/travecademy.be\/fr\/","name":"TravEcademy","description":"Het meest succesvolle en gratis e-learning platform voor reisprofessionals","publisher":{"@id":"https:\/\/travecademy.be\/fr\/#organization"},"potentialAction":[{"@type":"SearchAction","target":{"@type":"EntryPoint","urlTemplate":"https:\/\/travecademy.be\/fr\/?s={search_term_string}"},"query-input":{"@type":"PropertyValueSpecification","valueRequired":true,"valueName":"search_term_string"}}],"inLanguage":"fr-FR"},{"@type":"Organization","@id":"https:\/\/travecademy.be\/fr\/#organization","name":"TravEcademy","url":"https:\/\/travecademy.be\/fr\/","logo":{"@type":"ImageObject","inLanguage":"fr-FR","@id":"https:\/\/travecademy.be\/fr\/#\/schema\/logo\/image\/","url":"https:\/\/travecademy.be\/wp-content\/uploads\/2024\/04\/Travecademy.png","contentUrl":"https:\/\/travecademy.be\/wp-content\/uploads\/2024\/04\/Travecademy.png","width":1263,"height":313,"caption":"TravEcademy"},"image":{"@id":"https:\/\/travecademy.be\/fr\/#\/schema\/logo\/image\/"}}]}},"publishpress_future_action":{"enabled":false,"date":"2026-05-08 07:39:58","action":"change-status","newStatus":"draft","terms":[],"taxonomy":"ecademys","extraData":[]},"publishpress_future_workflow_manual_trigger":{"enabledWorkflows":[]},"ticketed":false,"_links":{"self":[{"href":"https:\/\/travecademy.be\/fr\/wp-json\/wp\/v2\/pages\/44288","targetHints":{"allow":["GET"]}}],"collection":[{"href":"https:\/\/travecademy.be\/fr\/wp-json\/wp\/v2\/pages"}],"about":[{"href":"https:\/\/travecademy.be\/fr\/wp-json\/wp\/v2\/types\/page"}],"author":[{"embeddable":true,"href":"https:\/\/travecademy.be\/fr\/wp-json\/wp\/v2\/users\/1"}],"replies":[{"embeddable":true,"href":"https:\/\/travecademy.be\/fr\/wp-json\/wp\/v2\/comments?post=44288"}],"version-history":[{"count":1,"href":"https:\/\/travecademy.be\/fr\/wp-json\/wp\/v2\/pages\/44288\/revisions"}],"predecessor-version":[{"id":44289,"href":"https:\/\/travecademy.be\/fr\/wp-json\/wp\/v2\/pages\/44288\/revisions\/44289"}],"up":[{"embeddable":true,"href":"https:\/\/travecademy.be\/fr\/wp-json\/wp\/v2\/pages\/48767"}],"wp:featuredmedia":[{"embeddable":true,"href":"https:\/\/travecademy.be\/fr\/wp-json\/wp\/v2\/media\/35980"}],"wp:attachment":[{"href":"https:\/\/travecademy.be\/fr\/wp-json\/wp\/v2\/media?parent=44288"}],"wp:term":[{"taxonomy":"post_tag","embeddable":true,"href":"https:\/\/travecademy.be\/fr\/wp-json\/wp\/v2\/tags?post=44288"},{"taxonomy":"ecademys","embeddable":true,"href":"https:\/\/travecademy.be\/fr\/wp-json\/wp\/v2\/ecademys?post=44288"}],"curies":[{"name":"wp","href":"https:\/\/api.w.org\/{rel}","templated":true}]}}