{"id":44329,"date":"2020-06-24T14:50:03","date_gmt":"2020-06-24T12:50:03","guid":{"rendered":"https:\/\/travecademy.be\/apprentissage-en-ligne-msc-masters\/"},"modified":"2024-02-13T12:13:12","modified_gmt":"2024-02-13T10:13:12","slug":"apprentissage-en-ligne-msc-masters","status":"publish","type":"page","link":"https:\/\/travecademy.be\/fr\/apprentissage-en-ligne-msc-masters\/","title":{"rendered":"Apprentissage en ligne (MSC Masters)"},"content":{"rendered":"<p>MSC Croisi\u00e8res a le plaisir de vous pr\u00e9senter son nouveau programme d\u2019apprentissage en ligne.\u00a0<a href=\"http:\/\/www.mscmasters.nl\/\"><br \/>\n  <strong>MSC Masters<\/strong><br \/>\n<\/a>!\u00a0MSC Masters offre plusieurs modules pour am\u00e9liorer votre connaissance des produits MSC Cruises, des exp\u00e9riences, des installations, des destinations et bien plus encore ! Voir via notre\u00a0<a href=\"http:\/\/www.mscmasters.nl\/\">e-learning<\/a>\u00a0vid\u00e9os et cr\u00e9ez des visites virtuelles \u00e0 360\u00b0 et devenez une\u00a0<strong>v\u00e9ritable sp\u00e9cialiste des croisi\u00e8res MSC<\/strong>.<\/p>\n<p>D\u00e9couvrez notre programme d\u2019apprentissage en ligne\u00a0\u00e0 travers notre vid\u00e9o d\u2019introduction :<\/p>\n<\/p>\n<div class=\"media_embed\" height=\"300px\" width=\"500px\"><iframe allow=\"accelerometer; autoplay; encrypted-media; gyroscope; picture-in-picture\" allowfullscreen=\"\" frameborder=\"0\" height=\"300px\" src=\"https:\/\/www.youtube.com\/embed\/aFD50CZUfi8\" width=\"500px\"><\/iframe><\/div>\n<p>N\u2019attendez plus et inscrivez-vous d\u00e8s aujourd\u2019hui au\u00a0<strong>MSC Masters<\/strong>\u00a0\u00e0 l\u2019adresse\u00a0<a href=\"http:\/\/www.mscmasters.nl\/\">www.mscmasters.nl !<\/a><\/p>\n","protected":false},"excerpt":{"rendered":"<p>MSC Croisi\u00e8res a le plaisir de vous pr\u00e9senter son nouveau programme d\u2019apprentissage en ligne.\u00a0 MSC Masters !\u00a0MSC Masters offre plusieurs modules pour am\u00e9liorer votre connaissance\u2026<\/p>\n","protected":false},"author":2,"featured_media":0,"parent":0,"menu_order":0,"comment_status":"closed","ping_status":"closed","template":"","meta":{"_acf_changed":false,"_price":"","_stock":"","_tribe_ticket_header":"","_tribe_default_ticket_provider":"","_tribe_ticket_capacity":"0","_ticket_start_date":"","_ticket_end_date":"","_tribe_ticket_show_description":"","_tribe_ticket_show_not_going":false,"_tribe_ticket_use_global_stock":"","_tribe_ticket_global_stock_level":"","_global_stock_mode":"","_global_stock_cap":"","_tribe_rsvp_for_event":"","_tribe_ticket_going_count":"","_tribe_ticket_not_going_count":"","_tribe_tickets_list":"[]","_tribe_ticket_has_attendee_info_fields":false,"footnotes":"","_tec_slr_enabled":"","_tec_slr_layout":""},"tags":[],"ecademys":[505],"class_list":["post-44329","page","type-page","status-publish","hentry","ecademys-msc-cruises-fr"],"acf":[],"yoast_head":"<!-- This site is optimized with the Yoast SEO Premium plugin v27.5 (Yoast SEO v27.5) - https:\/\/yoast.com\/product\/yoast-seo-premium-wordpress\/ -->\n<title>Apprentissage en ligne (MSC Masters) - TravEcademy<\/title>\n<meta name=\"robots\" content=\"index, follow, max-snippet:-1, max-image-preview:large, max-video-preview:-1\" \/>\n<link rel=\"canonical\" href=\"https:\/\/travecademy.be\/fr\/apprentissage-en-ligne-msc-masters\/\" class=\"yoast-seo-meta-tag\" \/>\n<meta property=\"og:locale\" content=\"fr_FR\" class=\"yoast-seo-meta-tag\" \/>\n<meta property=\"og:type\" content=\"article\" class=\"yoast-seo-meta-tag\" \/>\n<meta property=\"og:title\" content=\"Apprentissage en ligne (MSC Masters)\" class=\"yoast-seo-meta-tag\" \/>\n<meta property=\"og:description\" content=\"MSC Croisi\u00e8res a le plaisir de vous pr\u00e9senter son nouveau programme d\u2019apprentissage en ligne.\u00a0 MSC Masters !\u00a0MSC Masters offre plusieurs modules pour am\u00e9liorer votre connaissance\u2026\" class=\"yoast-seo-meta-tag\" \/>\n<meta property=\"og:url\" content=\"https:\/\/travecademy.be\/fr\/apprentissage-en-ligne-msc-masters\/\" class=\"yoast-seo-meta-tag\" \/>\n<meta property=\"og:site_name\" content=\"TravEcademy\" class=\"yoast-seo-meta-tag\" \/>\n<meta property=\"article:modified_time\" content=\"2024-02-13T10:13:12+00:00\" class=\"yoast-seo-meta-tag\" \/>\n<meta name=\"twitter:card\" content=\"summary_large_image\" class=\"yoast-seo-meta-tag\" \/>\n<meta name=\"twitter:label1\" content=\"Dur\u00e9e de lecture estim\u00e9e\" class=\"yoast-seo-meta-tag\" \/>\n\t<meta name=\"twitter:data1\" content=\"1 minute\" class=\"yoast-seo-meta-tag\" \/>\n<script type=\"application\/ld+json\" class=\"yoast-schema-graph\">{\"@context\":\"https:\\\/\\\/schema.org\",\"@graph\":[{\"@type\":\"WebPage\",\"@id\":\"https:\\\/\\\/travecademy.be\\\/fr\\\/apprentissage-en-ligne-msc-masters\\\/\",\"url\":\"https:\\\/\\\/travecademy.be\\\/fr\\\/apprentissage-en-ligne-msc-masters\\\/\",\"name\":\"Apprentissage en ligne (MSC Masters) - TravEcademy\",\"isPartOf\":{\"@id\":\"https:\\\/\\\/travecademy.be\\\/fr\\\/#website\"},\"datePublished\":\"2020-06-24T12:50:03+00:00\",\"dateModified\":\"2024-02-13T10:13:12+00:00\",\"breadcrumb\":{\"@id\":\"https:\\\/\\\/travecademy.be\\\/fr\\\/apprentissage-en-ligne-msc-masters\\\/#breadcrumb\"},\"inLanguage\":\"fr-FR\",\"potentialAction\":[{\"@type\":\"ReadAction\",\"target\":[\"https:\\\/\\\/travecademy.be\\\/fr\\\/apprentissage-en-ligne-msc-masters\\\/\"]}]},{\"@type\":\"BreadcrumbList\",\"@id\":\"https:\\\/\\\/travecademy.be\\\/fr\\\/apprentissage-en-ligne-msc-masters\\\/#breadcrumb\",\"itemListElement\":[{\"@type\":\"ListItem\",\"position\":1,\"name\":\"Home\",\"item\":\"https:\\\/\\\/travecademy.be\\\/fr\\\/\"},{\"@type\":\"ListItem\",\"position\":2,\"name\":\"Apprentissage en ligne (MSC Masters)\"}]},{\"@type\":\"WebSite\",\"@id\":\"https:\\\/\\\/travecademy.be\\\/fr\\\/#website\",\"url\":\"https:\\\/\\\/travecademy.be\\\/fr\\\/\",\"name\":\"TravEcademy\",\"description\":\"Het meest succesvolle en gratis e-learning platform voor reisprofessionals\",\"publisher\":{\"@id\":\"https:\\\/\\\/travecademy.be\\\/fr\\\/#organization\"},\"potentialAction\":[{\"@type\":\"SearchAction\",\"target\":{\"@type\":\"EntryPoint\",\"urlTemplate\":\"https:\\\/\\\/travecademy.be\\\/fr\\\/?s={search_term_string}\"},\"query-input\":{\"@type\":\"PropertyValueSpecification\",\"valueRequired\":true,\"valueName\":\"search_term_string\"}}],\"inLanguage\":\"fr-FR\"},{\"@type\":\"Organization\",\"@id\":\"https:\\\/\\\/travecademy.be\\\/fr\\\/#organization\",\"name\":\"TravEcademy\",\"url\":\"https:\\\/\\\/travecademy.be\\\/fr\\\/\",\"logo\":{\"@type\":\"ImageObject\",\"inLanguage\":\"fr-FR\",\"@id\":\"https:\\\/\\\/travecademy.be\\\/fr\\\/#\\\/schema\\\/logo\\\/image\\\/\",\"url\":\"https:\\\/\\\/travecademy.be\\\/wp-content\\\/uploads\\\/2024\\\/04\\\/Travecademy.png\",\"contentUrl\":\"https:\\\/\\\/travecademy.be\\\/wp-content\\\/uploads\\\/2024\\\/04\\\/Travecademy.png\",\"width\":1263,\"height\":313,\"caption\":\"TravEcademy\"},\"image\":{\"@id\":\"https:\\\/\\\/travecademy.be\\\/fr\\\/#\\\/schema\\\/logo\\\/image\\\/\"}}]}<\/script>\n<!-- \/ Yoast SEO Premium plugin. -->","yoast_head_json":{"title":"Apprentissage en ligne (MSC Masters) - TravEcademy","robots":{"index":"index","follow":"follow","max-snippet":"max-snippet:-1","max-image-preview":"max-image-preview:large","max-video-preview":"max-video-preview:-1"},"canonical":"https:\/\/travecademy.be\/fr\/apprentissage-en-ligne-msc-masters\/","og_locale":"fr_FR","og_type":"article","og_title":"Apprentissage en ligne (MSC Masters)","og_description":"MSC Croisi\u00e8res a le plaisir de vous pr\u00e9senter son nouveau programme d\u2019apprentissage en ligne.\u00a0 MSC Masters !\u00a0MSC Masters offre plusieurs modules pour am\u00e9liorer votre connaissance\u2026","og_url":"https:\/\/travecademy.be\/fr\/apprentissage-en-ligne-msc-masters\/","og_site_name":"TravEcademy","article_modified_time":"2024-02-13T10:13:12+00:00","twitter_card":"summary_large_image","twitter_misc":{"Dur\u00e9e de lecture estim\u00e9e":"1 minute"},"schema":{"@context":"https:\/\/schema.org","@graph":[{"@type":"WebPage","@id":"https:\/\/travecademy.be\/fr\/apprentissage-en-ligne-msc-masters\/","url":"https:\/\/travecademy.be\/fr\/apprentissage-en-ligne-msc-masters\/","name":"Apprentissage en ligne (MSC Masters) - TravEcademy","isPartOf":{"@id":"https:\/\/travecademy.be\/fr\/#website"},"datePublished":"2020-06-24T12:50:03+00:00","dateModified":"2024-02-13T10:13:12+00:00","breadcrumb":{"@id":"https:\/\/travecademy.be\/fr\/apprentissage-en-ligne-msc-masters\/#breadcrumb"},"inLanguage":"fr-FR","potentialAction":[{"@type":"ReadAction","target":["https:\/\/travecademy.be\/fr\/apprentissage-en-ligne-msc-masters\/"]}]},{"@type":"BreadcrumbList","@id":"https:\/\/travecademy.be\/fr\/apprentissage-en-ligne-msc-masters\/#breadcrumb","itemListElement":[{"@type":"ListItem","position":1,"name":"Home","item":"https:\/\/travecademy.be\/fr\/"},{"@type":"ListItem","position":2,"name":"Apprentissage en ligne (MSC Masters)"}]},{"@type":"WebSite","@id":"https:\/\/travecademy.be\/fr\/#website","url":"https:\/\/travecademy.be\/fr\/","name":"TravEcademy","description":"Het meest succesvolle en gratis e-learning platform voor reisprofessionals","publisher":{"@id":"https:\/\/travecademy.be\/fr\/#organization"},"potentialAction":[{"@type":"SearchAction","target":{"@type":"EntryPoint","urlTemplate":"https:\/\/travecademy.be\/fr\/?s={search_term_string}"},"query-input":{"@type":"PropertyValueSpecification","valueRequired":true,"valueName":"search_term_string"}}],"inLanguage":"fr-FR"},{"@type":"Organization","@id":"https:\/\/travecademy.be\/fr\/#organization","name":"TravEcademy","url":"https:\/\/travecademy.be\/fr\/","logo":{"@type":"ImageObject","inLanguage":"fr-FR","@id":"https:\/\/travecademy.be\/fr\/#\/schema\/logo\/image\/","url":"https:\/\/travecademy.be\/wp-content\/uploads\/2024\/04\/Travecademy.png","contentUrl":"https:\/\/travecademy.be\/wp-content\/uploads\/2024\/04\/Travecademy.png","width":1263,"height":313,"caption":"TravEcademy"},"image":{"@id":"https:\/\/travecademy.be\/fr\/#\/schema\/logo\/image\/"}}]}},"publishpress_future_action":{"enabled":false,"date":"2026-05-08 20:06:54","action":"change-status","newStatus":"draft","terms":[],"taxonomy":"ecademys","extraData":[]},"publishpress_future_workflow_manual_trigger":{"enabledWorkflows":[]},"ticketed":false,"_links":{"self":[{"href":"https:\/\/travecademy.be\/fr\/wp-json\/wp\/v2\/pages\/44329","targetHints":{"allow":["GET"]}}],"collection":[{"href":"https:\/\/travecademy.be\/fr\/wp-json\/wp\/v2\/pages"}],"about":[{"href":"https:\/\/travecademy.be\/fr\/wp-json\/wp\/v2\/types\/page"}],"author":[{"embeddable":true,"href":"https:\/\/travecademy.be\/fr\/wp-json\/wp\/v2\/users\/2"}],"replies":[{"embeddable":true,"href":"https:\/\/travecademy.be\/fr\/wp-json\/wp\/v2\/comments?post=44329"}],"version-history":[{"count":1,"href":"https:\/\/travecademy.be\/fr\/wp-json\/wp\/v2\/pages\/44329\/revisions"}],"predecessor-version":[{"id":44332,"href":"https:\/\/travecademy.be\/fr\/wp-json\/wp\/v2\/pages\/44329\/revisions\/44332"}],"wp:attachment":[{"href":"https:\/\/travecademy.be\/fr\/wp-json\/wp\/v2\/media?parent=44329"}],"wp:term":[{"taxonomy":"post_tag","embeddable":true,"href":"https:\/\/travecademy.be\/fr\/wp-json\/wp\/v2\/tags?post=44329"},{"taxonomy":"ecademys","embeddable":true,"href":"https:\/\/travecademy.be\/fr\/wp-json\/wp\/v2\/ecademys?post=44329"}],"curies":[{"name":"wp","href":"https:\/\/api.w.org\/{rel}","templated":true}]}}