{"id":44333,"date":"2020-06-30T08:57:54","date_gmt":"2020-06-30T06:57:54","guid":{"rendered":"https:\/\/travecademy.be\/monnaie-cartes-de-credit-et-argent\/"},"modified":"2024-02-13T12:13:12","modified_gmt":"2024-02-13T10:13:12","slug":"monnaie-cartes-de-credit-et-argent","status":"publish","type":"page","link":"https:\/\/travecademy.be\/fr\/informations-pratiques-2\/monnaie-cartes-de-credit-et-argent\/","title":{"rendered":"Monnaie, cartes de cr\u00e9dit et argent"},"content":{"rendered":"<p><strong>On dit souvent que la Su\u00e8de est ch\u00e8re, mais tout n\u2019est pas cher. En ce moment, la couronne est m\u00eame\u00a0un peu plus basse, c\u2019est donc le moment id\u00e9al pour la visiter. Lisez la suite pour plus d\u2019informations sur la monnaie, les m\u00e9thodes de paiement et les prix en Su\u00e8de.<\/strong><\/p>\n<p><strong>Monnaie<\/strong><br \/>\nLa monnaie su\u00e9doise est la couronne SEK (pluriel \u201ckronor\u201d) et \u00e9quivaut \u00e0 100 \u00f6re.\u00a0Les billets de banque sont imprim\u00e9s en coupures de 20, 50, 100, 200, 500 et 1 000 couronnes.\u00a0La monnaie est disponible en 1, 2, 5 et 10 couronnes.\u00a0\u00a0Veuillez noter que les anciennes versions des billets de 20, 50 et 1 000 couronnes ne sont plus valables. La plupart des pi\u00e8ces plus anciennes sont \u00e9galement devenues invalides en 2017. Pour en savoir plus sur les <a href=\"http:\/\/www.riksbank.se\/en-gb\/payments--cash\/notes--coins\/notes\/valid-banknotes\/\">billets de banque valables<\/a>\u00a0et sur les <a href=\"https:\/\/www.riksbank.se\/en-gb\/payments--cash\/notes--coins\/coins\/valid-coins\/\">pi\u00e8ces de monnaie valables<\/a>\u00a0en Su\u00e8de, consultez le site\u00a0.<\/p>\n<p>Vous ne pouvez pas payer\u00a0avec des euros (\u20ac) ou des devises autres que la SEK en esp\u00e8ces.\u00a0<\/p>\n<p><strong>Cartes de cr\u00e9dit et argent liquide<\/strong><br \/>\nLa Su\u00e8de est largement consid\u00e9r\u00e9e comme la soci\u00e9t\u00e9 la plus d\u00e9pourvue d\u2019argent liquide au monde. La plupart des agences bancaires du pays ont cess\u00e9 de traiter les esp\u00e8ces ; de nombreux magasins, mus\u00e9es et restaurants n\u2019acceptent plus que les paiements en plastique ou par t\u00e9l\u00e9phone portable. La plupart des terminaux dans les magasins permettent d\u2019effectuer des paiements par carte sans contact.<\/p>\n<p>Mais ne vous inqui\u00e9tez pas. Les principales cartes de cr\u00e9dit (certaines restrictions peuvent s\u2019appliquer \u00e0 American Express) sont accept\u00e9es partout en Su\u00e8de dans les banques, les h\u00f4tels, les magasins, les restaurants, les taxis, les soci\u00e9t\u00e9s de location de voitures et pour les billets d\u2019avion, de bateau et de train.\u00a0Pour ceux qui se demandent combien co\u00fbte l\u2019utilisation d\u2019une carte \u00e0 l\u2019\u00e9tranger, le site\u00a0d\u00e9pend de l\u2019accord que vous avez conclu avec le fournisseur de la carte. La plupart des cartes de cr\u00e9dit facturent des frais pour l\u2019utilisation d\u2019un distributeur automatique de billets \u00e0 l\u2019\u00e9tranger, mais comme ces frais varient d\u2019une soci\u00e9t\u00e9 \u00e0 l\u2019autre, il est conseill\u00e9 de contacter le fournisseur de la carte pour s\u2019assurer du montant de ces frais.<\/p>\n<p>Remarque : pour payer en esp\u00e8ces ou retirer de l\u2019argent avec votre carte de cr\u00e9dit, vous devez disposer d\u2019une carte \u00e0 puce et d\u2019un code PIN (num\u00e9ro d\u2019identification personnel). Les anciennes cartes \u00e0 bande magn\u00e9tique ne fonctionnent pas.<\/p>\n<p><strong>Obtention d\u2019argent liquide<\/strong><br \/>\nVous pouvez obtenir de l\u2019argent liquide avec votre carte Visa, MasterCard, Maestro ou Cirrus dans n\u2019importe quel guichet automatique \u201cBankomat\u201d\u00a0ou \u201cUttagsautomat\u201d\u00a0. Des frais minimes peuvent \u00eatre ajout\u00e9s pour un retrait sur\u00a0; tout d\u00e9pend des conditions de la banque\u00a0. Les distributeurs automatiques de billets\u00a0sont souvent disponibles directement \u00e0 l\u2019a\u00e9roport, par exemple \u00e0 Arlanda, Landvetter, Skavsta, Malm\u00f6 et Lule\u00e5.<\/p>\n<p>Vous\u00a0pouvez \u00e9galement vous rendre dans un bureau de change tel que <a href=\"https:\/\/www.forex.se\/en\/find-us\">Forex \/ X-change<\/a>, <a href=\"https:\/\/tavex.se\/en\/currency-pricelist\/\">Tavex<\/a>, <a href=\"https:\/\/www.changegroup.se\/gb\/\">Change Group<\/a>, <a href=\"https:\/\/www.moneyexchange.se\/our-branches\/\">Money Exchange<\/a>, <a href=\"https:\/\/se.riafinancial.com\/en\/find-location\">Ria<\/a> ou tout autre bureau de change. Sur leurs sites respectifs\u00a0, vous pouvez consulter leurs taux pour diff\u00e9rentes devises et vous pouvez, par exemple, comparer les taux du dollar (USD), de l\u2019euro (EUR) ou peut-\u00eatre de la livre (GBP) avec la couronne su\u00e9doise (SEK).<\/p>\n<p><strong>Bons de voyage<\/strong><br \/>\nPour les ch\u00e8ques de voyage ou les op\u00e9rations de change \u00e0 partir de la monnaie nationale, vous trouverez plus d\u2019informations sur <a href=\"http:\/\/www.forex.se\/en\/Currency\/Travellers-Cheques\/\">Forex Bank<\/a>.<\/p>\n<p><strong>Paiements mobiles<\/strong><br \/>\nDe nombreux Su\u00e9dois utilisent l\u2019application mobile <a href=\"https:\/\/www.getswish.se\/frontpage\/\">Swish<\/a> pour effectuer des op\u00e9rations bancaires et\/ou des paiements mobiles. L\u2019application est connect\u00e9e \u00e0 \u201cBankID\u201d\u00a0qui doit \u00eatre install\u00e9 sur le m\u00eame appareil que l\u2019application Swish. Le BankID est li\u00e9 \u00e0 votre num\u00e9ro de s\u00e9curit\u00e9 sociale (SSN) par l\u2019interm\u00e9diaire d\u2019une banque, de sorte que toute personne souhaitant utiliser Swish doit disposer d\u2019un compte bancaire su\u00e9dois et d\u2019un SSN su\u00e9dois (num\u00e9ro personnel). Vous trouverez ici des informations sur les fournisseurs de BankID : les <a href=\"https:\/\/www.bankid.com\/kontakt\/utfaerdare\">banques qui proposent des BankID<\/a>.<\/p>\n<h6>Photo :\u00a0Sofia Sabel\/imagebank.sweden.se<\/h6>\n","protected":false},"excerpt":{"rendered":"<p>On dit souvent que la Su\u00e8de est ch\u00e8re, mais tout n\u2019est pas cher. En ce moment, la couronne est m\u00eame\u00a0un peu plus basse, c\u2019est donc\u2026<\/p>\n","protected":false},"author":1,"featured_media":36127,"parent":44584,"menu_order":0,"comment_status":"closed","ping_status":"closed","template":"","meta":{"_acf_changed":false,"_price":"","_stock":"","_tribe_ticket_header":"","_tribe_default_ticket_provider":"","_tribe_ticket_capacity":"0","_ticket_start_date":"","_ticket_end_date":"","_tribe_ticket_show_description":"","_tribe_ticket_show_not_going":false,"_tribe_ticket_use_global_stock":"","_tribe_ticket_global_stock_level":"","_global_stock_mode":"","_global_stock_cap":"","_tribe_rsvp_for_event":"","_tribe_ticket_going_count":"","_tribe_ticket_not_going_count":"","_tribe_tickets_list":"[]","_tribe_ticket_has_attendee_info_fields":false,"footnotes":"","_tec_slr_enabled":"","_tec_slr_layout":""},"tags":[],"ecademys":[503],"class_list":["post-44333","page","type-page","status-publish","has-post-thumbnail","hentry","ecademys-zweden-fr"],"acf":[],"yoast_head":"<!-- This site is optimized with the Yoast SEO Premium plugin v27.5 (Yoast SEO v27.5) - https:\/\/yoast.com\/product\/yoast-seo-premium-wordpress\/ -->\n<title>Monnaie, cartes de cr\u00e9dit et argent - TravEcademy<\/title>\n<meta name=\"robots\" content=\"index, follow, max-snippet:-1, max-image-preview:large, max-video-preview:-1\" \/>\n<link rel=\"canonical\" href=\"https:\/\/travecademy.be\/fr\/informations-pratiques-2\/monnaie-cartes-de-credit-et-argent\/\" class=\"yoast-seo-meta-tag\" \/>\n<meta property=\"og:locale\" content=\"fr_FR\" class=\"yoast-seo-meta-tag\" \/>\n<meta property=\"og:type\" content=\"article\" class=\"yoast-seo-meta-tag\" \/>\n<meta property=\"og:title\" content=\"Monnaie, cartes de cr\u00e9dit et argent\" class=\"yoast-seo-meta-tag\" \/>\n<meta property=\"og:description\" content=\"On dit souvent que la Su\u00e8de est ch\u00e8re, mais tout n\u2019est pas cher. En ce moment, la couronne est m\u00eame\u00a0un peu plus basse, c\u2019est donc\u2026\" class=\"yoast-seo-meta-tag\" \/>\n<meta property=\"og:url\" content=\"https:\/\/travecademy.be\/fr\/informations-pratiques-2\/monnaie-cartes-de-credit-et-argent\/\" class=\"yoast-seo-meta-tag\" \/>\n<meta property=\"og:site_name\" content=\"TravEcademy\" class=\"yoast-seo-meta-tag\" \/>\n<meta property=\"article:modified_time\" content=\"2024-02-13T10:13:12+00:00\" class=\"yoast-seo-meta-tag\" \/>\n<meta property=\"og:image\" content=\"https:\/\/travecademy.be\/wp-content\/uploads\/2020\/08\/sofia_sabel-bank_notes-7469.jpg\" class=\"yoast-seo-meta-tag\" \/>\n\t<meta property=\"og:image:width\" content=\"622\" class=\"yoast-seo-meta-tag\" \/>\n\t<meta property=\"og:image:height\" content=\"415\" class=\"yoast-seo-meta-tag\" \/>\n\t<meta property=\"og:image:type\" content=\"image\/jpeg\" class=\"yoast-seo-meta-tag\" \/>\n<meta name=\"twitter:card\" content=\"summary_large_image\" class=\"yoast-seo-meta-tag\" \/>\n<meta name=\"twitter:label1\" content=\"Dur\u00e9e de lecture estim\u00e9e\" class=\"yoast-seo-meta-tag\" \/>\n\t<meta name=\"twitter:data1\" content=\"3 minutes\" class=\"yoast-seo-meta-tag\" \/>\n<script type=\"application\/ld+json\" class=\"yoast-schema-graph\">{\"@context\":\"https:\\\/\\\/schema.org\",\"@graph\":[{\"@type\":\"WebPage\",\"@id\":\"https:\\\/\\\/travecademy.be\\\/fr\\\/informations-pratiques-2\\\/monnaie-cartes-de-credit-et-argent\\\/\",\"url\":\"https:\\\/\\\/travecademy.be\\\/fr\\\/informations-pratiques-2\\\/monnaie-cartes-de-credit-et-argent\\\/\",\"name\":\"Monnaie, cartes de cr\u00e9dit et argent - TravEcademy\",\"isPartOf\":{\"@id\":\"https:\\\/\\\/travecademy.be\\\/fr\\\/#website\"},\"primaryImageOfPage\":{\"@id\":\"https:\\\/\\\/travecademy.be\\\/fr\\\/informations-pratiques-2\\\/monnaie-cartes-de-credit-et-argent\\\/#primaryimage\"},\"image\":{\"@id\":\"https:\\\/\\\/travecademy.be\\\/fr\\\/informations-pratiques-2\\\/monnaie-cartes-de-credit-et-argent\\\/#primaryimage\"},\"thumbnailUrl\":\"https:\\\/\\\/travecademy.be\\\/wp-content\\\/uploads\\\/2020\\\/08\\\/sofia_sabel-bank_notes-7469.jpg\",\"datePublished\":\"2020-06-30T06:57:54+00:00\",\"dateModified\":\"2024-02-13T10:13:12+00:00\",\"breadcrumb\":{\"@id\":\"https:\\\/\\\/travecademy.be\\\/fr\\\/informations-pratiques-2\\\/monnaie-cartes-de-credit-et-argent\\\/#breadcrumb\"},\"inLanguage\":\"fr-FR\",\"potentialAction\":[{\"@type\":\"ReadAction\",\"target\":[\"https:\\\/\\\/travecademy.be\\\/fr\\\/informations-pratiques-2\\\/monnaie-cartes-de-credit-et-argent\\\/\"]}]},{\"@type\":\"ImageObject\",\"inLanguage\":\"fr-FR\",\"@id\":\"https:\\\/\\\/travecademy.be\\\/fr\\\/informations-pratiques-2\\\/monnaie-cartes-de-credit-et-argent\\\/#primaryimage\",\"url\":\"https:\\\/\\\/travecademy.be\\\/wp-content\\\/uploads\\\/2020\\\/08\\\/sofia_sabel-bank_notes-7469.jpg\",\"contentUrl\":\"https:\\\/\\\/travecademy.be\\\/wp-content\\\/uploads\\\/2020\\\/08\\\/sofia_sabel-bank_notes-7469.jpg\",\"width\":622,\"height\":415},{\"@type\":\"BreadcrumbList\",\"@id\":\"https:\\\/\\\/travecademy.be\\\/fr\\\/informations-pratiques-2\\\/monnaie-cartes-de-credit-et-argent\\\/#breadcrumb\",\"itemListElement\":[{\"@type\":\"ListItem\",\"position\":1,\"name\":\"Home\",\"item\":\"https:\\\/\\\/travecademy.be\\\/fr\\\/\"},{\"@type\":\"ListItem\",\"position\":2,\"name\":\"Informations pratiques\",\"item\":\"https:\\\/\\\/travecademy.be\\\/fr\\\/praktische-informatie-2\\\/\"},{\"@type\":\"ListItem\",\"position\":3,\"name\":\"Monnaie, cartes de cr\u00e9dit et argent\"}]},{\"@type\":\"WebSite\",\"@id\":\"https:\\\/\\\/travecademy.be\\\/fr\\\/#website\",\"url\":\"https:\\\/\\\/travecademy.be\\\/fr\\\/\",\"name\":\"TravEcademy\",\"description\":\"Het meest succesvolle en gratis e-learning platform voor reisprofessionals\",\"publisher\":{\"@id\":\"https:\\\/\\\/travecademy.be\\\/fr\\\/#organization\"},\"potentialAction\":[{\"@type\":\"SearchAction\",\"target\":{\"@type\":\"EntryPoint\",\"urlTemplate\":\"https:\\\/\\\/travecademy.be\\\/fr\\\/?s={search_term_string}\"},\"query-input\":{\"@type\":\"PropertyValueSpecification\",\"valueRequired\":true,\"valueName\":\"search_term_string\"}}],\"inLanguage\":\"fr-FR\"},{\"@type\":\"Organization\",\"@id\":\"https:\\\/\\\/travecademy.be\\\/fr\\\/#organization\",\"name\":\"TravEcademy\",\"url\":\"https:\\\/\\\/travecademy.be\\\/fr\\\/\",\"logo\":{\"@type\":\"ImageObject\",\"inLanguage\":\"fr-FR\",\"@id\":\"https:\\\/\\\/travecademy.be\\\/fr\\\/#\\\/schema\\\/logo\\\/image\\\/\",\"url\":\"https:\\\/\\\/travecademy.be\\\/wp-content\\\/uploads\\\/2024\\\/04\\\/Travecademy.png\",\"contentUrl\":\"https:\\\/\\\/travecademy.be\\\/wp-content\\\/uploads\\\/2024\\\/04\\\/Travecademy.png\",\"width\":1263,\"height\":313,\"caption\":\"TravEcademy\"},\"image\":{\"@id\":\"https:\\\/\\\/travecademy.be\\\/fr\\\/#\\\/schema\\\/logo\\\/image\\\/\"}}]}<\/script>\n<!-- \/ Yoast SEO Premium plugin. -->","yoast_head_json":{"title":"Monnaie, cartes de cr\u00e9dit et argent - TravEcademy","robots":{"index":"index","follow":"follow","max-snippet":"max-snippet:-1","max-image-preview":"max-image-preview:large","max-video-preview":"max-video-preview:-1"},"canonical":"https:\/\/travecademy.be\/fr\/informations-pratiques-2\/monnaie-cartes-de-credit-et-argent\/","og_locale":"fr_FR","og_type":"article","og_title":"Monnaie, cartes de cr\u00e9dit et argent","og_description":"On dit souvent que la Su\u00e8de est ch\u00e8re, mais tout n\u2019est pas cher. En ce moment, la couronne est m\u00eame\u00a0un peu plus basse, c\u2019est donc\u2026","og_url":"https:\/\/travecademy.be\/fr\/informations-pratiques-2\/monnaie-cartes-de-credit-et-argent\/","og_site_name":"TravEcademy","article_modified_time":"2024-02-13T10:13:12+00:00","og_image":[{"width":622,"height":415,"url":"https:\/\/travecademy.be\/wp-content\/uploads\/2020\/08\/sofia_sabel-bank_notes-7469.jpg","type":"image\/jpeg"}],"twitter_card":"summary_large_image","twitter_misc":{"Dur\u00e9e de lecture estim\u00e9e":"3 minutes"},"schema":{"@context":"https:\/\/schema.org","@graph":[{"@type":"WebPage","@id":"https:\/\/travecademy.be\/fr\/informations-pratiques-2\/monnaie-cartes-de-credit-et-argent\/","url":"https:\/\/travecademy.be\/fr\/informations-pratiques-2\/monnaie-cartes-de-credit-et-argent\/","name":"Monnaie, cartes de cr\u00e9dit et argent - TravEcademy","isPartOf":{"@id":"https:\/\/travecademy.be\/fr\/#website"},"primaryImageOfPage":{"@id":"https:\/\/travecademy.be\/fr\/informations-pratiques-2\/monnaie-cartes-de-credit-et-argent\/#primaryimage"},"image":{"@id":"https:\/\/travecademy.be\/fr\/informations-pratiques-2\/monnaie-cartes-de-credit-et-argent\/#primaryimage"},"thumbnailUrl":"https:\/\/travecademy.be\/wp-content\/uploads\/2020\/08\/sofia_sabel-bank_notes-7469.jpg","datePublished":"2020-06-30T06:57:54+00:00","dateModified":"2024-02-13T10:13:12+00:00","breadcrumb":{"@id":"https:\/\/travecademy.be\/fr\/informations-pratiques-2\/monnaie-cartes-de-credit-et-argent\/#breadcrumb"},"inLanguage":"fr-FR","potentialAction":[{"@type":"ReadAction","target":["https:\/\/travecademy.be\/fr\/informations-pratiques-2\/monnaie-cartes-de-credit-et-argent\/"]}]},{"@type":"ImageObject","inLanguage":"fr-FR","@id":"https:\/\/travecademy.be\/fr\/informations-pratiques-2\/monnaie-cartes-de-credit-et-argent\/#primaryimage","url":"https:\/\/travecademy.be\/wp-content\/uploads\/2020\/08\/sofia_sabel-bank_notes-7469.jpg","contentUrl":"https:\/\/travecademy.be\/wp-content\/uploads\/2020\/08\/sofia_sabel-bank_notes-7469.jpg","width":622,"height":415},{"@type":"BreadcrumbList","@id":"https:\/\/travecademy.be\/fr\/informations-pratiques-2\/monnaie-cartes-de-credit-et-argent\/#breadcrumb","itemListElement":[{"@type":"ListItem","position":1,"name":"Home","item":"https:\/\/travecademy.be\/fr\/"},{"@type":"ListItem","position":2,"name":"Informations pratiques","item":"https:\/\/travecademy.be\/fr\/praktische-informatie-2\/"},{"@type":"ListItem","position":3,"name":"Monnaie, cartes de cr\u00e9dit et argent"}]},{"@type":"WebSite","@id":"https:\/\/travecademy.be\/fr\/#website","url":"https:\/\/travecademy.be\/fr\/","name":"TravEcademy","description":"Het meest succesvolle en gratis e-learning platform voor reisprofessionals","publisher":{"@id":"https:\/\/travecademy.be\/fr\/#organization"},"potentialAction":[{"@type":"SearchAction","target":{"@type":"EntryPoint","urlTemplate":"https:\/\/travecademy.be\/fr\/?s={search_term_string}"},"query-input":{"@type":"PropertyValueSpecification","valueRequired":true,"valueName":"search_term_string"}}],"inLanguage":"fr-FR"},{"@type":"Organization","@id":"https:\/\/travecademy.be\/fr\/#organization","name":"TravEcademy","url":"https:\/\/travecademy.be\/fr\/","logo":{"@type":"ImageObject","inLanguage":"fr-FR","@id":"https:\/\/travecademy.be\/fr\/#\/schema\/logo\/image\/","url":"https:\/\/travecademy.be\/wp-content\/uploads\/2024\/04\/Travecademy.png","contentUrl":"https:\/\/travecademy.be\/wp-content\/uploads\/2024\/04\/Travecademy.png","width":1263,"height":313,"caption":"TravEcademy"},"image":{"@id":"https:\/\/travecademy.be\/fr\/#\/schema\/logo\/image\/"}}]}},"publishpress_future_action":{"enabled":false,"date":"2026-05-09 13:29:06","action":"change-status","newStatus":"draft","terms":[],"taxonomy":"ecademys","extraData":[]},"publishpress_future_workflow_manual_trigger":{"enabledWorkflows":[]},"ticketed":false,"_links":{"self":[{"href":"https:\/\/travecademy.be\/fr\/wp-json\/wp\/v2\/pages\/44333","targetHints":{"allow":["GET"]}}],"collection":[{"href":"https:\/\/travecademy.be\/fr\/wp-json\/wp\/v2\/pages"}],"about":[{"href":"https:\/\/travecademy.be\/fr\/wp-json\/wp\/v2\/types\/page"}],"author":[{"embeddable":true,"href":"https:\/\/travecademy.be\/fr\/wp-json\/wp\/v2\/users\/1"}],"replies":[{"embeddable":true,"href":"https:\/\/travecademy.be\/fr\/wp-json\/wp\/v2\/comments?post=44333"}],"version-history":[{"count":1,"href":"https:\/\/travecademy.be\/fr\/wp-json\/wp\/v2\/pages\/44333\/revisions"}],"predecessor-version":[{"id":44335,"href":"https:\/\/travecademy.be\/fr\/wp-json\/wp\/v2\/pages\/44333\/revisions\/44335"}],"up":[{"embeddable":true,"href":"https:\/\/travecademy.be\/fr\/wp-json\/wp\/v2\/pages\/44584"}],"wp:featuredmedia":[{"embeddable":true,"href":"https:\/\/travecademy.be\/fr\/wp-json\/wp\/v2\/media\/36127"}],"wp:attachment":[{"href":"https:\/\/travecademy.be\/fr\/wp-json\/wp\/v2\/media?parent=44333"}],"wp:term":[{"taxonomy":"post_tag","embeddable":true,"href":"https:\/\/travecademy.be\/fr\/wp-json\/wp\/v2\/tags?post=44333"},{"taxonomy":"ecademys","embeddable":true,"href":"https:\/\/travecademy.be\/fr\/wp-json\/wp\/v2\/ecademys?post=44333"}],"curies":[{"name":"wp","href":"https:\/\/api.w.org\/{rel}","templated":true}]}}