{"id":44342,"date":"2020-06-30T07:36:10","date_gmt":"2020-06-30T05:36:10","guid":{"rendered":"https:\/\/travecademy.be\/destinations-4\/suede-occidentale\/"},"modified":"2024-02-13T12:13:13","modified_gmt":"2024-02-13T10:13:13","slug":"suede-occidentale","status":"publish","type":"page","link":"https:\/\/travecademy.be\/fr\/destinations-4\/suede-occidentale\/","title":{"rendered":"Su\u00e8de occidentale"},"content":{"rendered":"<p><strong>La ville de G\u00f6teborg est la porte d\u2019entr\u00e9e de trois r\u00e9gions uniques dans cette partie occidentale de la Su\u00e8de : Bohusl\u00e4n, Dalsland et V\u00e4sterg\u00f6tland.  <\/strong><\/p>\n<p>Le Bohusl\u00e4n se distingue le plus par sa c\u00f4te indescriptible parsem\u00e9e de milliers d\u2019\u00eeles. \u00c0 une heure de route de G\u00f6teborg, on se trouve dans la r\u00e9gion des lacs de Su\u00e8de : Dalsland. Cette partie de la Su\u00e8de, riche en for\u00eats et en eau, peut \u00eatre explor\u00e9e en bateau. La r\u00e9gion du V\u00e4sterg\u00f6tland vous offre beaucoup sur le plan culturel, avec de nombreux sites historiques dont le magnifique ch\u00e2teau de L\u00e4ck\u00f6 est sans aucun doute l\u2019un des points forts.<\/p>\n<p><strong><a href=\"https:\/\/visitsweden.nl\/west-zweden\/\">Voir toutes les options ici<\/a>.<\/strong><\/p>\n<h6>Photo :\u00a0Per Pixel Petersson\/imagebank.sweden.se<\/h6>\n","protected":false},"excerpt":{"rendered":"<p>La ville de G\u00f6teborg est la porte d\u2019entr\u00e9e de trois r\u00e9gions uniques dans cette partie occidentale de la Su\u00e8de : Bohusl\u00e4n, Dalsland et V\u00e4sterg\u00f6tland. Le\u2026<\/p>\n","protected":false},"author":1,"featured_media":36121,"parent":44278,"menu_order":0,"comment_status":"closed","ping_status":"closed","template":"","meta":{"_acf_changed":false,"_price":"","_stock":"","_tribe_ticket_header":"","_tribe_default_ticket_provider":"","_tribe_ticket_capacity":"0","_ticket_start_date":"","_ticket_end_date":"","_tribe_ticket_show_description":"","_tribe_ticket_show_not_going":false,"_tribe_ticket_use_global_stock":"","_tribe_ticket_global_stock_level":"","_global_stock_mode":"","_global_stock_cap":"","_tribe_rsvp_for_event":"","_tribe_ticket_going_count":"","_tribe_ticket_not_going_count":"","_tribe_tickets_list":"[]","_tribe_ticket_has_attendee_info_fields":false,"footnotes":"","_tec_slr_enabled":"","_tec_slr_layout":""},"tags":[],"ecademys":[503],"class_list":["post-44342","page","type-page","status-publish","has-post-thumbnail","hentry","ecademys-zweden-fr"],"acf":[],"yoast_head":"<!-- This site is optimized with the Yoast SEO Premium plugin v27.5 (Yoast SEO v27.5) - https:\/\/yoast.com\/product\/yoast-seo-premium-wordpress\/ -->\n<title>Su\u00e8de occidentale - TravEcademy<\/title>\n<meta name=\"robots\" content=\"index, follow, max-snippet:-1, max-image-preview:large, max-video-preview:-1\" \/>\n<link rel=\"canonical\" href=\"https:\/\/travecademy.be\/fr\/destinations-4\/suede-occidentale\/\" class=\"yoast-seo-meta-tag\" \/>\n<meta property=\"og:locale\" content=\"fr_FR\" class=\"yoast-seo-meta-tag\" \/>\n<meta property=\"og:type\" content=\"article\" class=\"yoast-seo-meta-tag\" \/>\n<meta property=\"og:title\" content=\"Su\u00e8de occidentale\" class=\"yoast-seo-meta-tag\" \/>\n<meta property=\"og:description\" content=\"La ville de G\u00f6teborg est la porte d\u2019entr\u00e9e de trois r\u00e9gions uniques dans cette partie occidentale de la Su\u00e8de : Bohusl\u00e4n, Dalsland et V\u00e4sterg\u00f6tland. Le\u2026\" class=\"yoast-seo-meta-tag\" \/>\n<meta property=\"og:url\" content=\"https:\/\/travecademy.be\/fr\/destinations-4\/suede-occidentale\/\" class=\"yoast-seo-meta-tag\" \/>\n<meta property=\"og:site_name\" content=\"TravEcademy\" class=\"yoast-seo-meta-tag\" \/>\n<meta property=\"article:modified_time\" content=\"2024-02-13T10:13:13+00:00\" class=\"yoast-seo-meta-tag\" \/>\n<meta property=\"og:image\" content=\"https:\/\/travecademy.be\/wp-content\/uploads\/2020\/08\/per_pixel_petersson-klippan_gothenburg-5232.jpg\" class=\"yoast-seo-meta-tag\" \/>\n\t<meta property=\"og:image:width\" content=\"622\" class=\"yoast-seo-meta-tag\" \/>\n\t<meta property=\"og:image:height\" content=\"415\" class=\"yoast-seo-meta-tag\" \/>\n\t<meta property=\"og:image:type\" content=\"image\/jpeg\" class=\"yoast-seo-meta-tag\" \/>\n<meta name=\"twitter:card\" content=\"summary_large_image\" class=\"yoast-seo-meta-tag\" \/>\n<meta name=\"twitter:label1\" content=\"Dur\u00e9e de lecture estim\u00e9e\" class=\"yoast-seo-meta-tag\" \/>\n\t<meta name=\"twitter:data1\" content=\"1 minute\" class=\"yoast-seo-meta-tag\" \/>\n<script type=\"application\/ld+json\" class=\"yoast-schema-graph\">{\"@context\":\"https:\\\/\\\/schema.org\",\"@graph\":[{\"@type\":\"WebPage\",\"@id\":\"https:\\\/\\\/travecademy.be\\\/fr\\\/destinations-4\\\/suede-occidentale\\\/\",\"url\":\"https:\\\/\\\/travecademy.be\\\/fr\\\/destinations-4\\\/suede-occidentale\\\/\",\"name\":\"Su\u00e8de occidentale - TravEcademy\",\"isPartOf\":{\"@id\":\"https:\\\/\\\/travecademy.be\\\/fr\\\/#website\"},\"primaryImageOfPage\":{\"@id\":\"https:\\\/\\\/travecademy.be\\\/fr\\\/destinations-4\\\/suede-occidentale\\\/#primaryimage\"},\"image\":{\"@id\":\"https:\\\/\\\/travecademy.be\\\/fr\\\/destinations-4\\\/suede-occidentale\\\/#primaryimage\"},\"thumbnailUrl\":\"https:\\\/\\\/travecademy.be\\\/wp-content\\\/uploads\\\/2020\\\/08\\\/per_pixel_petersson-klippan_gothenburg-5232.jpg\",\"datePublished\":\"2020-06-30T05:36:10+00:00\",\"dateModified\":\"2024-02-13T10:13:13+00:00\",\"breadcrumb\":{\"@id\":\"https:\\\/\\\/travecademy.be\\\/fr\\\/destinations-4\\\/suede-occidentale\\\/#breadcrumb\"},\"inLanguage\":\"fr-FR\",\"potentialAction\":[{\"@type\":\"ReadAction\",\"target\":[\"https:\\\/\\\/travecademy.be\\\/fr\\\/destinations-4\\\/suede-occidentale\\\/\"]}]},{\"@type\":\"ImageObject\",\"inLanguage\":\"fr-FR\",\"@id\":\"https:\\\/\\\/travecademy.be\\\/fr\\\/destinations-4\\\/suede-occidentale\\\/#primaryimage\",\"url\":\"https:\\\/\\\/travecademy.be\\\/wp-content\\\/uploads\\\/2020\\\/08\\\/per_pixel_petersson-klippan_gothenburg-5232.jpg\",\"contentUrl\":\"https:\\\/\\\/travecademy.be\\\/wp-content\\\/uploads\\\/2020\\\/08\\\/per_pixel_petersson-klippan_gothenburg-5232.jpg\",\"width\":622,\"height\":415},{\"@type\":\"BreadcrumbList\",\"@id\":\"https:\\\/\\\/travecademy.be\\\/fr\\\/destinations-4\\\/suede-occidentale\\\/#breadcrumb\",\"itemListElement\":[{\"@type\":\"ListItem\",\"position\":1,\"name\":\"Home\",\"item\":\"https:\\\/\\\/travecademy.be\\\/fr\\\/\"},{\"@type\":\"ListItem\",\"position\":2,\"name\":\"Destinations\",\"item\":\"https:\\\/\\\/travecademy.be\\\/fr\\\/bestemmingen-5\\\/\"},{\"@type\":\"ListItem\",\"position\":3,\"name\":\"Su\u00e8de occidentale\"}]},{\"@type\":\"WebSite\",\"@id\":\"https:\\\/\\\/travecademy.be\\\/fr\\\/#website\",\"url\":\"https:\\\/\\\/travecademy.be\\\/fr\\\/\",\"name\":\"TravEcademy\",\"description\":\"Het meest succesvolle en gratis e-learning platform voor reisprofessionals\",\"publisher\":{\"@id\":\"https:\\\/\\\/travecademy.be\\\/fr\\\/#organization\"},\"potentialAction\":[{\"@type\":\"SearchAction\",\"target\":{\"@type\":\"EntryPoint\",\"urlTemplate\":\"https:\\\/\\\/travecademy.be\\\/fr\\\/?s={search_term_string}\"},\"query-input\":{\"@type\":\"PropertyValueSpecification\",\"valueRequired\":true,\"valueName\":\"search_term_string\"}}],\"inLanguage\":\"fr-FR\"},{\"@type\":\"Organization\",\"@id\":\"https:\\\/\\\/travecademy.be\\\/fr\\\/#organization\",\"name\":\"TravEcademy\",\"url\":\"https:\\\/\\\/travecademy.be\\\/fr\\\/\",\"logo\":{\"@type\":\"ImageObject\",\"inLanguage\":\"fr-FR\",\"@id\":\"https:\\\/\\\/travecademy.be\\\/fr\\\/#\\\/schema\\\/logo\\\/image\\\/\",\"url\":\"https:\\\/\\\/travecademy.be\\\/wp-content\\\/uploads\\\/2024\\\/04\\\/Travecademy.png\",\"contentUrl\":\"https:\\\/\\\/travecademy.be\\\/wp-content\\\/uploads\\\/2024\\\/04\\\/Travecademy.png\",\"width\":1263,\"height\":313,\"caption\":\"TravEcademy\"},\"image\":{\"@id\":\"https:\\\/\\\/travecademy.be\\\/fr\\\/#\\\/schema\\\/logo\\\/image\\\/\"}}]}<\/script>\n<!-- \/ Yoast SEO Premium plugin. -->","yoast_head_json":{"title":"Su\u00e8de occidentale - TravEcademy","robots":{"index":"index","follow":"follow","max-snippet":"max-snippet:-1","max-image-preview":"max-image-preview:large","max-video-preview":"max-video-preview:-1"},"canonical":"https:\/\/travecademy.be\/fr\/destinations-4\/suede-occidentale\/","og_locale":"fr_FR","og_type":"article","og_title":"Su\u00e8de occidentale","og_description":"La ville de G\u00f6teborg est la porte d\u2019entr\u00e9e de trois r\u00e9gions uniques dans cette partie occidentale de la Su\u00e8de : Bohusl\u00e4n, Dalsland et V\u00e4sterg\u00f6tland. Le\u2026","og_url":"https:\/\/travecademy.be\/fr\/destinations-4\/suede-occidentale\/","og_site_name":"TravEcademy","article_modified_time":"2024-02-13T10:13:13+00:00","og_image":[{"width":622,"height":415,"url":"https:\/\/travecademy.be\/wp-content\/uploads\/2020\/08\/per_pixel_petersson-klippan_gothenburg-5232.jpg","type":"image\/jpeg"}],"twitter_card":"summary_large_image","twitter_misc":{"Dur\u00e9e de lecture estim\u00e9e":"1 minute"},"schema":{"@context":"https:\/\/schema.org","@graph":[{"@type":"WebPage","@id":"https:\/\/travecademy.be\/fr\/destinations-4\/suede-occidentale\/","url":"https:\/\/travecademy.be\/fr\/destinations-4\/suede-occidentale\/","name":"Su\u00e8de occidentale - TravEcademy","isPartOf":{"@id":"https:\/\/travecademy.be\/fr\/#website"},"primaryImageOfPage":{"@id":"https:\/\/travecademy.be\/fr\/destinations-4\/suede-occidentale\/#primaryimage"},"image":{"@id":"https:\/\/travecademy.be\/fr\/destinations-4\/suede-occidentale\/#primaryimage"},"thumbnailUrl":"https:\/\/travecademy.be\/wp-content\/uploads\/2020\/08\/per_pixel_petersson-klippan_gothenburg-5232.jpg","datePublished":"2020-06-30T05:36:10+00:00","dateModified":"2024-02-13T10:13:13+00:00","breadcrumb":{"@id":"https:\/\/travecademy.be\/fr\/destinations-4\/suede-occidentale\/#breadcrumb"},"inLanguage":"fr-FR","potentialAction":[{"@type":"ReadAction","target":["https:\/\/travecademy.be\/fr\/destinations-4\/suede-occidentale\/"]}]},{"@type":"ImageObject","inLanguage":"fr-FR","@id":"https:\/\/travecademy.be\/fr\/destinations-4\/suede-occidentale\/#primaryimage","url":"https:\/\/travecademy.be\/wp-content\/uploads\/2020\/08\/per_pixel_petersson-klippan_gothenburg-5232.jpg","contentUrl":"https:\/\/travecademy.be\/wp-content\/uploads\/2020\/08\/per_pixel_petersson-klippan_gothenburg-5232.jpg","width":622,"height":415},{"@type":"BreadcrumbList","@id":"https:\/\/travecademy.be\/fr\/destinations-4\/suede-occidentale\/#breadcrumb","itemListElement":[{"@type":"ListItem","position":1,"name":"Home","item":"https:\/\/travecademy.be\/fr\/"},{"@type":"ListItem","position":2,"name":"Destinations","item":"https:\/\/travecademy.be\/fr\/bestemmingen-5\/"},{"@type":"ListItem","position":3,"name":"Su\u00e8de occidentale"}]},{"@type":"WebSite","@id":"https:\/\/travecademy.be\/fr\/#website","url":"https:\/\/travecademy.be\/fr\/","name":"TravEcademy","description":"Het meest succesvolle en gratis e-learning platform voor reisprofessionals","publisher":{"@id":"https:\/\/travecademy.be\/fr\/#organization"},"potentialAction":[{"@type":"SearchAction","target":{"@type":"EntryPoint","urlTemplate":"https:\/\/travecademy.be\/fr\/?s={search_term_string}"},"query-input":{"@type":"PropertyValueSpecification","valueRequired":true,"valueName":"search_term_string"}}],"inLanguage":"fr-FR"},{"@type":"Organization","@id":"https:\/\/travecademy.be\/fr\/#organization","name":"TravEcademy","url":"https:\/\/travecademy.be\/fr\/","logo":{"@type":"ImageObject","inLanguage":"fr-FR","@id":"https:\/\/travecademy.be\/fr\/#\/schema\/logo\/image\/","url":"https:\/\/travecademy.be\/wp-content\/uploads\/2024\/04\/Travecademy.png","contentUrl":"https:\/\/travecademy.be\/wp-content\/uploads\/2024\/04\/Travecademy.png","width":1263,"height":313,"caption":"TravEcademy"},"image":{"@id":"https:\/\/travecademy.be\/fr\/#\/schema\/logo\/image\/"}}]}},"publishpress_future_action":{"enabled":false,"date":"2026-05-09 18:19:14","action":"change-status","newStatus":"draft","terms":[],"taxonomy":"ecademys","extraData":[]},"publishpress_future_workflow_manual_trigger":{"enabledWorkflows":[]},"ticketed":false,"_links":{"self":[{"href":"https:\/\/travecademy.be\/fr\/wp-json\/wp\/v2\/pages\/44342","targetHints":{"allow":["GET"]}}],"collection":[{"href":"https:\/\/travecademy.be\/fr\/wp-json\/wp\/v2\/pages"}],"about":[{"href":"https:\/\/travecademy.be\/fr\/wp-json\/wp\/v2\/types\/page"}],"author":[{"embeddable":true,"href":"https:\/\/travecademy.be\/fr\/wp-json\/wp\/v2\/users\/1"}],"replies":[{"embeddable":true,"href":"https:\/\/travecademy.be\/fr\/wp-json\/wp\/v2\/comments?post=44342"}],"version-history":[{"count":1,"href":"https:\/\/travecademy.be\/fr\/wp-json\/wp\/v2\/pages\/44342\/revisions"}],"predecessor-version":[{"id":44346,"href":"https:\/\/travecademy.be\/fr\/wp-json\/wp\/v2\/pages\/44342\/revisions\/44346"}],"up":[{"embeddable":true,"href":"https:\/\/travecademy.be\/fr\/wp-json\/wp\/v2\/pages\/44278"}],"wp:featuredmedia":[{"embeddable":true,"href":"https:\/\/travecademy.be\/fr\/wp-json\/wp\/v2\/media\/36121"}],"wp:attachment":[{"href":"https:\/\/travecademy.be\/fr\/wp-json\/wp\/v2\/media?parent=44342"}],"wp:term":[{"taxonomy":"post_tag","embeddable":true,"href":"https:\/\/travecademy.be\/fr\/wp-json\/wp\/v2\/tags?post=44342"},{"taxonomy":"ecademys","embeddable":true,"href":"https:\/\/travecademy.be\/fr\/wp-json\/wp\/v2\/ecademys?post=44342"}],"curies":[{"name":"wp","href":"https:\/\/api.w.org\/{rel}","templated":true}]}}