{"id":44392,"date":"2020-12-14T16:29:02","date_gmt":"2020-12-14T14:29:02","guid":{"rendered":"https:\/\/travecademy.be\/a-propos-de-olives-travel\/"},"modified":"2024-02-13T12:13:17","modified_gmt":"2024-02-13T10:13:17","slug":"a-propos-de-olives-travel","status":"publish","type":"page","link":"https:\/\/travecademy.be\/fr\/a-propos-de-olives-travel\/","title":{"rendered":"\u00c0 propos de &Olives Travel"},"content":{"rendered":"<p><strong>La marque Isropa Reizen a \u00e9t\u00e9 remplac\u00e9e par une marque plus appropri\u00e9e en d\u00e9cembre 2020 : &Olives Travel ! Plus de 45 ans d\u2019exp\u00e9rience dans un nouveau look !\u00a0Proposer des voyages que nous aimerions faire nous-m\u00eames, o\u00f9 notre connaissance et notre expertise de nos destinations, combin\u00e9es \u00e0 un service personnalis\u00e9, sont au c\u0153ur de ce qu\u2019est &Olives Travel !<\/strong><\/p>\n<p>L\u2019offre compl\u00e8te de &Olives Travel a \u00e9t\u00e9 m\u00e9ticuleusement v\u00e9rifi\u00e9e par nos gestionnaires de produits experts et adapt\u00e9e aux besoins d\u2019h\u00e9bergement authentique \u00e0 petite \u00e9chelle au Moyen-Orient et en Europe du Sud. Des vols en avion \u00e0 th\u00e8me uniques, tels que \u201cWine & Dine\u201d et \u201cThe Local Experience\u201d : Wine & Dine\u201d et \u201cThe Local Experience\u201d. Bien entendu, tous les voyages peuvent \u00eatre faits sur mesure, en collaboration avec nos partenaires fiables. Le vieil olivier du logo caract\u00e9rise notre histoire et notre ambiance m\u00e9diterran\u00e9enne, et le signe & repr\u00e9sente le lien entre l\u2019ancien et le nouveau ainsi que le service personnalis\u00e9 que nous offrons.<\/p>\n","protected":false},"excerpt":{"rendered":"<p>La marque Isropa Reizen a \u00e9t\u00e9 remplac\u00e9e par une marque plus appropri\u00e9e en d\u00e9cembre 2020 : &Olives Travel ! Plus de 45 ans d\u2019exp\u00e9rience dans\u2026<\/p>\n","protected":false},"author":1,"featured_media":36196,"parent":0,"menu_order":0,"comment_status":"closed","ping_status":"closed","template":"","meta":{"_acf_changed":false,"_price":"","_stock":"","_tribe_ticket_header":"","_tribe_default_ticket_provider":"","_tribe_ticket_capacity":"0","_ticket_start_date":"","_ticket_end_date":"","_tribe_ticket_show_description":"","_tribe_ticket_show_not_going":false,"_tribe_ticket_use_global_stock":"","_tribe_ticket_global_stock_level":"","_global_stock_mode":"","_global_stock_cap":"","_tribe_rsvp_for_event":"","_tribe_ticket_going_count":"","_tribe_ticket_not_going_count":"","_tribe_tickets_list":"[]","_tribe_ticket_has_attendee_info_fields":false,"footnotes":"","_tec_slr_enabled":"","_tec_slr_layout":""},"tags":[],"ecademys":[515],"class_list":["post-44392","page","type-page","status-publish","has-post-thumbnail","hentry","ecademys-olives-travel-fr"],"acf":[],"yoast_head":"<!-- This site is optimized with the Yoast SEO Premium plugin v27.5 (Yoast SEO v27.5) - https:\/\/yoast.com\/product\/yoast-seo-premium-wordpress\/ -->\n<title>\u00c0 propos de &amp;Olives Travel - TravEcademy<\/title>\n<meta name=\"robots\" content=\"index, follow, max-snippet:-1, max-image-preview:large, max-video-preview:-1\" \/>\n<link rel=\"canonical\" href=\"https:\/\/travecademy.be\/fr\/a-propos-de-olives-travel\/\" class=\"yoast-seo-meta-tag\" \/>\n<meta property=\"og:locale\" content=\"fr_FR\" class=\"yoast-seo-meta-tag\" \/>\n<meta property=\"og:type\" content=\"article\" class=\"yoast-seo-meta-tag\" \/>\n<meta property=\"og:title\" content=\"\u00c0 propos de &amp;Olives Travel\" class=\"yoast-seo-meta-tag\" \/>\n<meta property=\"og:description\" content=\"La marque Isropa Reizen a \u00e9t\u00e9 remplac\u00e9e par une marque plus appropri\u00e9e en d\u00e9cembre 2020 : &amp;Olives Travel ! Plus de 45 ans d\u2019exp\u00e9rience dans\u2026\" class=\"yoast-seo-meta-tag\" \/>\n<meta property=\"og:url\" content=\"https:\/\/travecademy.be\/fr\/a-propos-de-olives-travel\/\" class=\"yoast-seo-meta-tag\" \/>\n<meta property=\"og:site_name\" content=\"TravEcademy\" class=\"yoast-seo-meta-tag\" \/>\n<meta property=\"article:modified_time\" content=\"2024-02-13T10:13:17+00:00\" class=\"yoast-seo-meta-tag\" \/>\n<meta property=\"og:image\" content=\"https:\/\/travecademy.be\/wp-content\/uploads\/2020\/12\/shutterstock_574877653.jpg\" class=\"yoast-seo-meta-tag\" \/>\n\t<meta property=\"og:image:width\" content=\"622\" class=\"yoast-seo-meta-tag\" \/>\n\t<meta property=\"og:image:height\" content=\"415\" class=\"yoast-seo-meta-tag\" \/>\n\t<meta property=\"og:image:type\" content=\"image\/jpeg\" class=\"yoast-seo-meta-tag\" \/>\n<meta name=\"twitter:card\" content=\"summary_large_image\" class=\"yoast-seo-meta-tag\" \/>\n<meta name=\"twitter:label1\" content=\"Dur\u00e9e de lecture estim\u00e9e\" class=\"yoast-seo-meta-tag\" \/>\n\t<meta name=\"twitter:data1\" content=\"1 minute\" class=\"yoast-seo-meta-tag\" \/>\n<script type=\"application\/ld+json\" class=\"yoast-schema-graph\">{\"@context\":\"https:\\\/\\\/schema.org\",\"@graph\":[{\"@type\":\"WebPage\",\"@id\":\"https:\\\/\\\/travecademy.be\\\/fr\\\/a-propos-de-olives-travel\\\/\",\"url\":\"https:\\\/\\\/travecademy.be\\\/fr\\\/a-propos-de-olives-travel\\\/\",\"name\":\"\u00c0 propos de &amp;Olives Travel - TravEcademy\",\"isPartOf\":{\"@id\":\"https:\\\/\\\/travecademy.be\\\/fr\\\/#website\"},\"primaryImageOfPage\":{\"@id\":\"https:\\\/\\\/travecademy.be\\\/fr\\\/a-propos-de-olives-travel\\\/#primaryimage\"},\"image\":{\"@id\":\"https:\\\/\\\/travecademy.be\\\/fr\\\/a-propos-de-olives-travel\\\/#primaryimage\"},\"thumbnailUrl\":\"https:\\\/\\\/travecademy.be\\\/wp-content\\\/uploads\\\/2020\\\/12\\\/shutterstock_574877653.jpg\",\"datePublished\":\"2020-12-14T14:29:02+00:00\",\"dateModified\":\"2024-02-13T10:13:17+00:00\",\"breadcrumb\":{\"@id\":\"https:\\\/\\\/travecademy.be\\\/fr\\\/a-propos-de-olives-travel\\\/#breadcrumb\"},\"inLanguage\":\"fr-FR\",\"potentialAction\":[{\"@type\":\"ReadAction\",\"target\":[\"https:\\\/\\\/travecademy.be\\\/fr\\\/a-propos-de-olives-travel\\\/\"]}]},{\"@type\":\"ImageObject\",\"inLanguage\":\"fr-FR\",\"@id\":\"https:\\\/\\\/travecademy.be\\\/fr\\\/a-propos-de-olives-travel\\\/#primaryimage\",\"url\":\"https:\\\/\\\/travecademy.be\\\/wp-content\\\/uploads\\\/2020\\\/12\\\/shutterstock_574877653.jpg\",\"contentUrl\":\"https:\\\/\\\/travecademy.be\\\/wp-content\\\/uploads\\\/2020\\\/12\\\/shutterstock_574877653.jpg\",\"width\":622,\"height\":415},{\"@type\":\"BreadcrumbList\",\"@id\":\"https:\\\/\\\/travecademy.be\\\/fr\\\/a-propos-de-olives-travel\\\/#breadcrumb\",\"itemListElement\":[{\"@type\":\"ListItem\",\"position\":1,\"name\":\"Home\",\"item\":\"https:\\\/\\\/travecademy.be\\\/fr\\\/\"},{\"@type\":\"ListItem\",\"position\":2,\"name\":\"\u00c0 propos de &amp;Olives Travel\"}]},{\"@type\":\"WebSite\",\"@id\":\"https:\\\/\\\/travecademy.be\\\/fr\\\/#website\",\"url\":\"https:\\\/\\\/travecademy.be\\\/fr\\\/\",\"name\":\"TravEcademy\",\"description\":\"Het meest succesvolle en gratis e-learning platform voor reisprofessionals\",\"publisher\":{\"@id\":\"https:\\\/\\\/travecademy.be\\\/fr\\\/#organization\"},\"potentialAction\":[{\"@type\":\"SearchAction\",\"target\":{\"@type\":\"EntryPoint\",\"urlTemplate\":\"https:\\\/\\\/travecademy.be\\\/fr\\\/?s={search_term_string}\"},\"query-input\":{\"@type\":\"PropertyValueSpecification\",\"valueRequired\":true,\"valueName\":\"search_term_string\"}}],\"inLanguage\":\"fr-FR\"},{\"@type\":\"Organization\",\"@id\":\"https:\\\/\\\/travecademy.be\\\/fr\\\/#organization\",\"name\":\"TravEcademy\",\"url\":\"https:\\\/\\\/travecademy.be\\\/fr\\\/\",\"logo\":{\"@type\":\"ImageObject\",\"inLanguage\":\"fr-FR\",\"@id\":\"https:\\\/\\\/travecademy.be\\\/fr\\\/#\\\/schema\\\/logo\\\/image\\\/\",\"url\":\"https:\\\/\\\/travecademy.be\\\/wp-content\\\/uploads\\\/2024\\\/04\\\/Travecademy.png\",\"contentUrl\":\"https:\\\/\\\/travecademy.be\\\/wp-content\\\/uploads\\\/2024\\\/04\\\/Travecademy.png\",\"width\":1263,\"height\":313,\"caption\":\"TravEcademy\"},\"image\":{\"@id\":\"https:\\\/\\\/travecademy.be\\\/fr\\\/#\\\/schema\\\/logo\\\/image\\\/\"}}]}<\/script>\n<!-- \/ Yoast SEO Premium plugin. -->","yoast_head_json":{"title":"\u00c0 propos de &amp;Olives Travel - TravEcademy","robots":{"index":"index","follow":"follow","max-snippet":"max-snippet:-1","max-image-preview":"max-image-preview:large","max-video-preview":"max-video-preview:-1"},"canonical":"https:\/\/travecademy.be\/fr\/a-propos-de-olives-travel\/","og_locale":"fr_FR","og_type":"article","og_title":"\u00c0 propos de &amp;Olives Travel","og_description":"La marque Isropa Reizen a \u00e9t\u00e9 remplac\u00e9e par une marque plus appropri\u00e9e en d\u00e9cembre 2020 : &Olives Travel ! Plus de 45 ans d\u2019exp\u00e9rience dans\u2026","og_url":"https:\/\/travecademy.be\/fr\/a-propos-de-olives-travel\/","og_site_name":"TravEcademy","article_modified_time":"2024-02-13T10:13:17+00:00","og_image":[{"width":622,"height":415,"url":"https:\/\/travecademy.be\/wp-content\/uploads\/2020\/12\/shutterstock_574877653.jpg","type":"image\/jpeg"}],"twitter_card":"summary_large_image","twitter_misc":{"Dur\u00e9e de lecture estim\u00e9e":"1 minute"},"schema":{"@context":"https:\/\/schema.org","@graph":[{"@type":"WebPage","@id":"https:\/\/travecademy.be\/fr\/a-propos-de-olives-travel\/","url":"https:\/\/travecademy.be\/fr\/a-propos-de-olives-travel\/","name":"\u00c0 propos de &amp;Olives Travel - TravEcademy","isPartOf":{"@id":"https:\/\/travecademy.be\/fr\/#website"},"primaryImageOfPage":{"@id":"https:\/\/travecademy.be\/fr\/a-propos-de-olives-travel\/#primaryimage"},"image":{"@id":"https:\/\/travecademy.be\/fr\/a-propos-de-olives-travel\/#primaryimage"},"thumbnailUrl":"https:\/\/travecademy.be\/wp-content\/uploads\/2020\/12\/shutterstock_574877653.jpg","datePublished":"2020-12-14T14:29:02+00:00","dateModified":"2024-02-13T10:13:17+00:00","breadcrumb":{"@id":"https:\/\/travecademy.be\/fr\/a-propos-de-olives-travel\/#breadcrumb"},"inLanguage":"fr-FR","potentialAction":[{"@type":"ReadAction","target":["https:\/\/travecademy.be\/fr\/a-propos-de-olives-travel\/"]}]},{"@type":"ImageObject","inLanguage":"fr-FR","@id":"https:\/\/travecademy.be\/fr\/a-propos-de-olives-travel\/#primaryimage","url":"https:\/\/travecademy.be\/wp-content\/uploads\/2020\/12\/shutterstock_574877653.jpg","contentUrl":"https:\/\/travecademy.be\/wp-content\/uploads\/2020\/12\/shutterstock_574877653.jpg","width":622,"height":415},{"@type":"BreadcrumbList","@id":"https:\/\/travecademy.be\/fr\/a-propos-de-olives-travel\/#breadcrumb","itemListElement":[{"@type":"ListItem","position":1,"name":"Home","item":"https:\/\/travecademy.be\/fr\/"},{"@type":"ListItem","position":2,"name":"\u00c0 propos de &amp;Olives Travel"}]},{"@type":"WebSite","@id":"https:\/\/travecademy.be\/fr\/#website","url":"https:\/\/travecademy.be\/fr\/","name":"TravEcademy","description":"Het meest succesvolle en gratis e-learning platform voor reisprofessionals","publisher":{"@id":"https:\/\/travecademy.be\/fr\/#organization"},"potentialAction":[{"@type":"SearchAction","target":{"@type":"EntryPoint","urlTemplate":"https:\/\/travecademy.be\/fr\/?s={search_term_string}"},"query-input":{"@type":"PropertyValueSpecification","valueRequired":true,"valueName":"search_term_string"}}],"inLanguage":"fr-FR"},{"@type":"Organization","@id":"https:\/\/travecademy.be\/fr\/#organization","name":"TravEcademy","url":"https:\/\/travecademy.be\/fr\/","logo":{"@type":"ImageObject","inLanguage":"fr-FR","@id":"https:\/\/travecademy.be\/fr\/#\/schema\/logo\/image\/","url":"https:\/\/travecademy.be\/wp-content\/uploads\/2024\/04\/Travecademy.png","contentUrl":"https:\/\/travecademy.be\/wp-content\/uploads\/2024\/04\/Travecademy.png","width":1263,"height":313,"caption":"TravEcademy"},"image":{"@id":"https:\/\/travecademy.be\/fr\/#\/schema\/logo\/image\/"}}]}},"publishpress_future_action":{"enabled":false,"date":"2026-05-07 16:42:34","action":"change-status","newStatus":"draft","terms":[],"taxonomy":"ecademys","extraData":[]},"publishpress_future_workflow_manual_trigger":{"enabledWorkflows":[]},"ticketed":false,"_links":{"self":[{"href":"https:\/\/travecademy.be\/fr\/wp-json\/wp\/v2\/pages\/44392","targetHints":{"allow":["GET"]}}],"collection":[{"href":"https:\/\/travecademy.be\/fr\/wp-json\/wp\/v2\/pages"}],"about":[{"href":"https:\/\/travecademy.be\/fr\/wp-json\/wp\/v2\/types\/page"}],"author":[{"embeddable":true,"href":"https:\/\/travecademy.be\/fr\/wp-json\/wp\/v2\/users\/1"}],"replies":[{"embeddable":true,"href":"https:\/\/travecademy.be\/fr\/wp-json\/wp\/v2\/comments?post=44392"}],"version-history":[{"count":1,"href":"https:\/\/travecademy.be\/fr\/wp-json\/wp\/v2\/pages\/44392\/revisions"}],"predecessor-version":[{"id":44394,"href":"https:\/\/travecademy.be\/fr\/wp-json\/wp\/v2\/pages\/44392\/revisions\/44394"}],"wp:featuredmedia":[{"embeddable":true,"href":"https:\/\/travecademy.be\/fr\/wp-json\/wp\/v2\/media\/36196"}],"wp:attachment":[{"href":"https:\/\/travecademy.be\/fr\/wp-json\/wp\/v2\/media?parent=44392"}],"wp:term":[{"taxonomy":"post_tag","embeddable":true,"href":"https:\/\/travecademy.be\/fr\/wp-json\/wp\/v2\/tags?post=44392"},{"taxonomy":"ecademys","embeddable":true,"href":"https:\/\/travecademy.be\/fr\/wp-json\/wp\/v2\/ecademys?post=44392"}],"curies":[{"name":"wp","href":"https:\/\/api.w.org\/{rel}","templated":true}]}}