{"id":44403,"date":"2021-03-05T08:19:40","date_gmt":"2021-03-05T06:19:40","guid":{"rendered":"https:\/\/travecademy.be\/tournee-de-bieres-artisanales-en-caroline-du-nord\/"},"modified":"2024-02-13T12:13:18","modified_gmt":"2024-02-13T10:13:18","slug":"tournee-de-bieres-artisanales-en-caroline-du-nord","status":"publish","type":"page","link":"https:\/\/travecademy.be\/fr\/themes\/culinaire\/tournee-de-bieres-artisanales-en-caroline-du-nord\/","title":{"rendered":"Tourn\u00e9e de bi\u00e8res artisanales en Caroline du Nord"},"content":{"rendered":"<p><strong>Vous aimez les bi\u00e8res sp\u00e9ciales ? Vous \u00eates au bon endroit en Caroline du Nord. La Caroline du Nord compte plus de 300 brasseries locales et aucun autre \u00c9tat du Sud ne peut rivaliser avec elle.  <\/strong><\/p>\n<p>De plus, avril est le <a href=\"https:\/\/www.ncbeerguys.com\/nc-beer-month\/\" target=\"_blank\" rel=\"noopener\">mois de la bi\u00e8re<\/a> et la ville d\u2019Asheville a m\u00eame \u00e9t\u00e9 d\u00e9clar\u00e9e \u201cville de la bi\u00e8re\u201d : <a href=\"https:\/\/www.exploreasheville.com\/foodtopia\/beer-scene\/\" target=\"_blank\" rel=\"noopener\">Beer City USA<\/a>. Il existe de nombreuses possibilit\u00e9s de visiter diff\u00e9rentes brasseries et, bien s\u00fbr, de d\u00e9couvrir les diff\u00e9rentes bi\u00e8res. L\u2019un d\u2019entre eux est le \u201d <a href=\"https:\/\/www.visitnc.com\/story\/vGig\/drink-in-the-flavor-3-day-north-carolina-craft-beer-tour\" target=\"_blank\" rel=\"noopener\">Drink in the Flavour tour<\/a>\u201c, une visite de trois jours dans toutes sortes de (petites) brasseries amusantes.<\/p>\n","protected":false},"excerpt":{"rendered":"<p>Vous aimez les bi\u00e8res sp\u00e9ciales ? Vous \u00eates au bon endroit en Caroline du Nord. La Caroline du Nord compte plus de 300 brasseries locales\u2026<\/p>\n","protected":false},"author":1,"featured_media":36224,"parent":48855,"menu_order":0,"comment_status":"closed","ping_status":"closed","template":"","meta":{"_acf_changed":false,"_price":"","_stock":"","_tribe_ticket_header":"","_tribe_default_ticket_provider":"","_tribe_ticket_capacity":"0","_ticket_start_date":"","_ticket_end_date":"","_tribe_ticket_show_description":"","_tribe_ticket_show_not_going":false,"_tribe_ticket_use_global_stock":"","_tribe_ticket_global_stock_level":"","_global_stock_mode":"","_global_stock_cap":"","_tribe_rsvp_for_event":"","_tribe_ticket_going_count":"","_tribe_ticket_not_going_count":"","_tribe_tickets_list":"[]","_tribe_ticket_has_attendee_info_fields":false,"footnotes":"","_tec_slr_enabled":"","_tec_slr_layout":""},"tags":[373],"ecademys":[500],"class_list":["post-44403","page","type-page","status-publish","has-post-thumbnail","hentry","tag-themes-culinaires","ecademys-travel-south-usa-fr"],"acf":[],"yoast_head":"<!-- This site is optimized with the Yoast SEO Premium plugin v27.4 (Yoast SEO v27.5) - https:\/\/yoast.com\/product\/yoast-seo-premium-wordpress\/ -->\n<title>Tourn\u00e9e de bi\u00e8res artisanales en Caroline du Nord - TravEcademy<\/title>\n<meta name=\"robots\" content=\"index, follow, max-snippet:-1, max-image-preview:large, max-video-preview:-1\" \/>\n<link rel=\"canonical\" href=\"https:\/\/travecademy.be\/fr\/themes\/culinaire\/tournee-de-bieres-artisanales-en-caroline-du-nord\/\" class=\"yoast-seo-meta-tag\" \/>\n<meta property=\"og:locale\" content=\"fr_FR\" class=\"yoast-seo-meta-tag\" \/>\n<meta property=\"og:type\" content=\"article\" class=\"yoast-seo-meta-tag\" \/>\n<meta property=\"og:title\" content=\"Tourn\u00e9e de bi\u00e8res artisanales en Caroline du Nord\" class=\"yoast-seo-meta-tag\" \/>\n<meta property=\"og:description\" content=\"Vous aimez les bi\u00e8res sp\u00e9ciales ? Vous \u00eates au bon endroit en Caroline du Nord. La Caroline du Nord compte plus de 300 brasseries locales\u2026\" class=\"yoast-seo-meta-tag\" \/>\n<meta property=\"og:url\" content=\"https:\/\/travecademy.be\/fr\/themes\/culinaire\/tournee-de-bieres-artisanales-en-caroline-du-nord\/\" class=\"yoast-seo-meta-tag\" \/>\n<meta property=\"og:site_name\" content=\"TravEcademy\" class=\"yoast-seo-meta-tag\" \/>\n<meta property=\"article:modified_time\" content=\"2024-02-13T10:13:18+00:00\" class=\"yoast-seo-meta-tag\" \/>\n<meta property=\"og:image\" content=\"https:\/\/travecademy.be\/wp-content\/uploads\/2021\/03\/Wicked-Weed-Funkatorium-Tap-Room-crop10.63800.316r4.842ee729.jpg\" class=\"yoast-seo-meta-tag\" \/>\n\t<meta property=\"og:image:width\" content=\"622\" class=\"yoast-seo-meta-tag\" \/>\n\t<meta property=\"og:image:height\" content=\"415\" class=\"yoast-seo-meta-tag\" \/>\n\t<meta property=\"og:image:type\" content=\"image\/jpeg\" class=\"yoast-seo-meta-tag\" \/>\n<meta name=\"twitter:card\" content=\"summary_large_image\" class=\"yoast-seo-meta-tag\" \/>\n<meta name=\"twitter:label1\" content=\"Dur\u00e9e de lecture estim\u00e9e\" class=\"yoast-seo-meta-tag\" \/>\n\t<meta name=\"twitter:data1\" content=\"1 minute\" class=\"yoast-seo-meta-tag\" \/>\n<script type=\"application\/ld+json\" class=\"yoast-schema-graph\">{\"@context\":\"https:\\\/\\\/schema.org\",\"@graph\":[{\"@type\":\"WebPage\",\"@id\":\"https:\\\/\\\/travecademy.be\\\/fr\\\/themes\\\/culinaire\\\/tournee-de-bieres-artisanales-en-caroline-du-nord\\\/\",\"url\":\"https:\\\/\\\/travecademy.be\\\/fr\\\/themes\\\/culinaire\\\/tournee-de-bieres-artisanales-en-caroline-du-nord\\\/\",\"name\":\"Tourn\u00e9e de bi\u00e8res artisanales en Caroline du Nord - TravEcademy\",\"isPartOf\":{\"@id\":\"https:\\\/\\\/travecademy.be\\\/fr\\\/#website\"},\"primaryImageOfPage\":{\"@id\":\"https:\\\/\\\/travecademy.be\\\/fr\\\/themes\\\/culinaire\\\/tournee-de-bieres-artisanales-en-caroline-du-nord\\\/#primaryimage\"},\"image\":{\"@id\":\"https:\\\/\\\/travecademy.be\\\/fr\\\/themes\\\/culinaire\\\/tournee-de-bieres-artisanales-en-caroline-du-nord\\\/#primaryimage\"},\"thumbnailUrl\":\"https:\\\/\\\/travecademy.be\\\/wp-content\\\/uploads\\\/2021\\\/03\\\/Wicked-Weed-Funkatorium-Tap-Room-crop10.63800.316r4.842ee729.jpg\",\"datePublished\":\"2021-03-05T06:19:40+00:00\",\"dateModified\":\"2024-02-13T10:13:18+00:00\",\"breadcrumb\":{\"@id\":\"https:\\\/\\\/travecademy.be\\\/fr\\\/themes\\\/culinaire\\\/tournee-de-bieres-artisanales-en-caroline-du-nord\\\/#breadcrumb\"},\"inLanguage\":\"fr-FR\",\"potentialAction\":[{\"@type\":\"ReadAction\",\"target\":[\"https:\\\/\\\/travecademy.be\\\/fr\\\/themes\\\/culinaire\\\/tournee-de-bieres-artisanales-en-caroline-du-nord\\\/\"]}]},{\"@type\":\"ImageObject\",\"inLanguage\":\"fr-FR\",\"@id\":\"https:\\\/\\\/travecademy.be\\\/fr\\\/themes\\\/culinaire\\\/tournee-de-bieres-artisanales-en-caroline-du-nord\\\/#primaryimage\",\"url\":\"https:\\\/\\\/travecademy.be\\\/wp-content\\\/uploads\\\/2021\\\/03\\\/Wicked-Weed-Funkatorium-Tap-Room-crop10.63800.316r4.842ee729.jpg\",\"contentUrl\":\"https:\\\/\\\/travecademy.be\\\/wp-content\\\/uploads\\\/2021\\\/03\\\/Wicked-Weed-Funkatorium-Tap-Room-crop10.63800.316r4.842ee729.jpg\",\"width\":622,\"height\":415},{\"@type\":\"BreadcrumbList\",\"@id\":\"https:\\\/\\\/travecademy.be\\\/fr\\\/themes\\\/culinaire\\\/tournee-de-bieres-artisanales-en-caroline-du-nord\\\/#breadcrumb\",\"itemListElement\":[{\"@type\":\"ListItem\",\"position\":1,\"name\":\"Home\",\"item\":\"https:\\\/\\\/travecademy.be\\\/fr\\\/\"},{\"@type\":\"ListItem\",\"position\":2,\"name\":\"Th\u00e8mes\",\"item\":\"https:\\\/\\\/travecademy.be\\\/fr\\\/themes\\\/\"},{\"@type\":\"ListItem\",\"position\":3,\"name\":\"Culinaire\",\"item\":\"https:\\\/\\\/travecademy.be\\\/fr\\\/themes\\\/culinaire\\\/\"},{\"@type\":\"ListItem\",\"position\":4,\"name\":\"Tourn\u00e9e de bi\u00e8res artisanales en Caroline du Nord\"}]},{\"@type\":\"WebSite\",\"@id\":\"https:\\\/\\\/travecademy.be\\\/fr\\\/#website\",\"url\":\"https:\\\/\\\/travecademy.be\\\/fr\\\/\",\"name\":\"TravEcademy\",\"description\":\"Het meest succesvolle en gratis e-learning platform voor reisprofessionals\",\"publisher\":{\"@id\":\"https:\\\/\\\/travecademy.be\\\/fr\\\/#organization\"},\"potentialAction\":[{\"@type\":\"SearchAction\",\"target\":{\"@type\":\"EntryPoint\",\"urlTemplate\":\"https:\\\/\\\/travecademy.be\\\/fr\\\/?s={search_term_string}\"},\"query-input\":{\"@type\":\"PropertyValueSpecification\",\"valueRequired\":true,\"valueName\":\"search_term_string\"}}],\"inLanguage\":\"fr-FR\"},{\"@type\":\"Organization\",\"@id\":\"https:\\\/\\\/travecademy.be\\\/fr\\\/#organization\",\"name\":\"TravEcademy\",\"url\":\"https:\\\/\\\/travecademy.be\\\/fr\\\/\",\"logo\":{\"@type\":\"ImageObject\",\"inLanguage\":\"fr-FR\",\"@id\":\"https:\\\/\\\/travecademy.be\\\/fr\\\/#\\\/schema\\\/logo\\\/image\\\/\",\"url\":\"https:\\\/\\\/travecademy.be\\\/wp-content\\\/uploads\\\/2024\\\/04\\\/Travecademy.png\",\"contentUrl\":\"https:\\\/\\\/travecademy.be\\\/wp-content\\\/uploads\\\/2024\\\/04\\\/Travecademy.png\",\"width\":1263,\"height\":313,\"caption\":\"TravEcademy\"},\"image\":{\"@id\":\"https:\\\/\\\/travecademy.be\\\/fr\\\/#\\\/schema\\\/logo\\\/image\\\/\"}}]}<\/script>\n<!-- \/ Yoast SEO Premium plugin. -->","yoast_head_json":{"title":"Tourn\u00e9e de bi\u00e8res artisanales en Caroline du Nord - TravEcademy","robots":{"index":"index","follow":"follow","max-snippet":"max-snippet:-1","max-image-preview":"max-image-preview:large","max-video-preview":"max-video-preview:-1"},"canonical":"https:\/\/travecademy.be\/fr\/themes\/culinaire\/tournee-de-bieres-artisanales-en-caroline-du-nord\/","og_locale":"fr_FR","og_type":"article","og_title":"Tourn\u00e9e de bi\u00e8res artisanales en Caroline du Nord","og_description":"Vous aimez les bi\u00e8res sp\u00e9ciales ? Vous \u00eates au bon endroit en Caroline du Nord. La Caroline du Nord compte plus de 300 brasseries locales\u2026","og_url":"https:\/\/travecademy.be\/fr\/themes\/culinaire\/tournee-de-bieres-artisanales-en-caroline-du-nord\/","og_site_name":"TravEcademy","article_modified_time":"2024-02-13T10:13:18+00:00","og_image":[{"width":622,"height":415,"url":"https:\/\/travecademy.be\/wp-content\/uploads\/2021\/03\/Wicked-Weed-Funkatorium-Tap-Room-crop10.63800.316r4.842ee729.jpg","type":"image\/jpeg"}],"twitter_card":"summary_large_image","twitter_misc":{"Dur\u00e9e de lecture estim\u00e9e":"1 minute"},"schema":{"@context":"https:\/\/schema.org","@graph":[{"@type":"WebPage","@id":"https:\/\/travecademy.be\/fr\/themes\/culinaire\/tournee-de-bieres-artisanales-en-caroline-du-nord\/","url":"https:\/\/travecademy.be\/fr\/themes\/culinaire\/tournee-de-bieres-artisanales-en-caroline-du-nord\/","name":"Tourn\u00e9e de bi\u00e8res artisanales en Caroline du Nord - TravEcademy","isPartOf":{"@id":"https:\/\/travecademy.be\/fr\/#website"},"primaryImageOfPage":{"@id":"https:\/\/travecademy.be\/fr\/themes\/culinaire\/tournee-de-bieres-artisanales-en-caroline-du-nord\/#primaryimage"},"image":{"@id":"https:\/\/travecademy.be\/fr\/themes\/culinaire\/tournee-de-bieres-artisanales-en-caroline-du-nord\/#primaryimage"},"thumbnailUrl":"https:\/\/travecademy.be\/wp-content\/uploads\/2021\/03\/Wicked-Weed-Funkatorium-Tap-Room-crop10.63800.316r4.842ee729.jpg","datePublished":"2021-03-05T06:19:40+00:00","dateModified":"2024-02-13T10:13:18+00:00","breadcrumb":{"@id":"https:\/\/travecademy.be\/fr\/themes\/culinaire\/tournee-de-bieres-artisanales-en-caroline-du-nord\/#breadcrumb"},"inLanguage":"fr-FR","potentialAction":[{"@type":"ReadAction","target":["https:\/\/travecademy.be\/fr\/themes\/culinaire\/tournee-de-bieres-artisanales-en-caroline-du-nord\/"]}]},{"@type":"ImageObject","inLanguage":"fr-FR","@id":"https:\/\/travecademy.be\/fr\/themes\/culinaire\/tournee-de-bieres-artisanales-en-caroline-du-nord\/#primaryimage","url":"https:\/\/travecademy.be\/wp-content\/uploads\/2021\/03\/Wicked-Weed-Funkatorium-Tap-Room-crop10.63800.316r4.842ee729.jpg","contentUrl":"https:\/\/travecademy.be\/wp-content\/uploads\/2021\/03\/Wicked-Weed-Funkatorium-Tap-Room-crop10.63800.316r4.842ee729.jpg","width":622,"height":415},{"@type":"BreadcrumbList","@id":"https:\/\/travecademy.be\/fr\/themes\/culinaire\/tournee-de-bieres-artisanales-en-caroline-du-nord\/#breadcrumb","itemListElement":[{"@type":"ListItem","position":1,"name":"Home","item":"https:\/\/travecademy.be\/fr\/"},{"@type":"ListItem","position":2,"name":"Th\u00e8mes","item":"https:\/\/travecademy.be\/fr\/themes\/"},{"@type":"ListItem","position":3,"name":"Culinaire","item":"https:\/\/travecademy.be\/fr\/themes\/culinaire\/"},{"@type":"ListItem","position":4,"name":"Tourn\u00e9e de bi\u00e8res artisanales en Caroline du Nord"}]},{"@type":"WebSite","@id":"https:\/\/travecademy.be\/fr\/#website","url":"https:\/\/travecademy.be\/fr\/","name":"TravEcademy","description":"Het meest succesvolle en gratis e-learning platform voor reisprofessionals","publisher":{"@id":"https:\/\/travecademy.be\/fr\/#organization"},"potentialAction":[{"@type":"SearchAction","target":{"@type":"EntryPoint","urlTemplate":"https:\/\/travecademy.be\/fr\/?s={search_term_string}"},"query-input":{"@type":"PropertyValueSpecification","valueRequired":true,"valueName":"search_term_string"}}],"inLanguage":"fr-FR"},{"@type":"Organization","@id":"https:\/\/travecademy.be\/fr\/#organization","name":"TravEcademy","url":"https:\/\/travecademy.be\/fr\/","logo":{"@type":"ImageObject","inLanguage":"fr-FR","@id":"https:\/\/travecademy.be\/fr\/#\/schema\/logo\/image\/","url":"https:\/\/travecademy.be\/wp-content\/uploads\/2024\/04\/Travecademy.png","contentUrl":"https:\/\/travecademy.be\/wp-content\/uploads\/2024\/04\/Travecademy.png","width":1263,"height":313,"caption":"TravEcademy"},"image":{"@id":"https:\/\/travecademy.be\/fr\/#\/schema\/logo\/image\/"}}]}},"publishpress_future_action":{"enabled":false,"date":"2026-05-06 15:11:11","action":"change-status","newStatus":"draft","terms":[],"taxonomy":"ecademys","extraData":[]},"publishpress_future_workflow_manual_trigger":{"enabledWorkflows":[]},"ticketed":false,"_links":{"self":[{"href":"https:\/\/travecademy.be\/fr\/wp-json\/wp\/v2\/pages\/44403","targetHints":{"allow":["GET"]}}],"collection":[{"href":"https:\/\/travecademy.be\/fr\/wp-json\/wp\/v2\/pages"}],"about":[{"href":"https:\/\/travecademy.be\/fr\/wp-json\/wp\/v2\/types\/page"}],"author":[{"embeddable":true,"href":"https:\/\/travecademy.be\/fr\/wp-json\/wp\/v2\/users\/1"}],"replies":[{"embeddable":true,"href":"https:\/\/travecademy.be\/fr\/wp-json\/wp\/v2\/comments?post=44403"}],"version-history":[{"count":1,"href":"https:\/\/travecademy.be\/fr\/wp-json\/wp\/v2\/pages\/44403\/revisions"}],"predecessor-version":[{"id":44405,"href":"https:\/\/travecademy.be\/fr\/wp-json\/wp\/v2\/pages\/44403\/revisions\/44405"}],"up":[{"embeddable":true,"href":"https:\/\/travecademy.be\/fr\/wp-json\/wp\/v2\/pages\/48855"}],"wp:featuredmedia":[{"embeddable":true,"href":"https:\/\/travecademy.be\/fr\/wp-json\/wp\/v2\/media\/36224"}],"wp:attachment":[{"href":"https:\/\/travecademy.be\/fr\/wp-json\/wp\/v2\/media?parent=44403"}],"wp:term":[{"taxonomy":"post_tag","embeddable":true,"href":"https:\/\/travecademy.be\/fr\/wp-json\/wp\/v2\/tags?post=44403"},{"taxonomy":"ecademys","embeddable":true,"href":"https:\/\/travecademy.be\/fr\/wp-json\/wp\/v2\/ecademys?post=44403"}],"curies":[{"name":"wp","href":"https:\/\/api.w.org\/{rel}","templated":true}]}}