{"id":44408,"date":"2021-03-05T08:23:08","date_gmt":"2021-03-05T06:23:08","guid":{"rendered":"https:\/\/travecademy.be\/projet-543-caroline-du-nord\/"},"modified":"2024-02-13T12:13:18","modified_gmt":"2024-02-13T10:13:18","slug":"projet-543-caroline-du-nord","status":"publish","type":"page","link":"https:\/\/travecademy.be\/fr\/trucs-et-astuces\/conseils-de-visite\/projet-543-caroline-du-nord\/","title":{"rendered":"Projet 543 Caroline du Nord"},"content":{"rendered":"<p><strong>Cette fois-ci, un conseil de la Caroline du Nord : sur le <a href=\"https:\/\/project543.visitnc.com\/\" target=\"_blank\" rel=\"noopener\">projet 543 Caroline du Nord<\/a>, vous trouverez d\u2019innombrables points forts, des histoires sp\u00e9ciales et des endroits uniques en Caroline du Nord.  <\/strong><\/p>\n<p>Savez-vous aussi pourquoi ce projet s\u2019appelle le projet 543 ? Car c\u2019est exactement la distance en miles entre Manteo, situ\u00e9 sur la c\u00f4te \u00e0 l\u2019est de la Caroline du Nord, et Murphy, situ\u00e9 dans les montagnes \u00e0 l\u2019ouest. Il s\u2019agit donc de l\u2019ensemble de l\u2019\u00c9tat. Le site web est dynamique et mis \u00e0 jour chaque semaine, il est donc une source d\u2019inspiration pour vos clients !<\/p>\n<p>Voir <a href=\"http:\/\/project543.visitnc.com\/\" target=\"_blank\" rel=\"noopener\"><br \/>\n  <strong>ici<\/strong><br \/>\n<\/a> pour plus d\u2019informations.\u00a0<\/p>\n","protected":false},"excerpt":{"rendered":"<p>Cette fois-ci, un conseil de la Caroline du Nord : sur le projet 543 Caroline du Nord, vous trouverez d\u2019innombrables points forts, des histoires sp\u00e9ciales\u2026<\/p>\n","protected":false},"author":1,"featured_media":36226,"parent":44412,"menu_order":0,"comment_status":"closed","ping_status":"closed","template":"","meta":{"_acf_changed":false,"_price":"","_stock":"","_tribe_ticket_header":"","_tribe_default_ticket_provider":"","_tribe_ticket_capacity":"0","_ticket_start_date":"","_ticket_end_date":"","_tribe_ticket_show_description":"","_tribe_ticket_show_not_going":false,"_tribe_ticket_use_global_stock":"","_tribe_ticket_global_stock_level":"","_global_stock_mode":"","_global_stock_cap":"","_tribe_rsvp_for_event":"","_tribe_ticket_going_count":"","_tribe_ticket_not_going_count":"","_tribe_tickets_list":"[]","_tribe_ticket_has_attendee_info_fields":false,"footnotes":"","_tec_slr_enabled":"","_tec_slr_layout":""},"tags":[],"ecademys":[500],"class_list":["post-44408","page","type-page","status-publish","has-post-thumbnail","hentry","ecademys-travel-south-usa-fr"],"acf":[],"yoast_head":"<!-- This site is optimized with the Yoast SEO Premium plugin v27.5 (Yoast SEO v27.5) - https:\/\/yoast.com\/product\/yoast-seo-premium-wordpress\/ -->\n<title>Projet 543 Caroline du Nord - TravEcademy<\/title>\n<meta name=\"robots\" content=\"index, follow, max-snippet:-1, max-image-preview:large, max-video-preview:-1\" \/>\n<link rel=\"canonical\" href=\"https:\/\/travecademy.be\/fr\/trucs-et-astuces\/conseils-de-visite\/projet-543-caroline-du-nord\/\" class=\"yoast-seo-meta-tag\" \/>\n<meta property=\"og:locale\" content=\"fr_FR\" class=\"yoast-seo-meta-tag\" \/>\n<meta property=\"og:type\" content=\"article\" class=\"yoast-seo-meta-tag\" \/>\n<meta property=\"og:title\" content=\"Projet 543 Caroline du Nord\" class=\"yoast-seo-meta-tag\" \/>\n<meta property=\"og:description\" content=\"Cette fois-ci, un conseil de la Caroline du Nord : sur le projet 543 Caroline du Nord, vous trouverez d\u2019innombrables points forts, des histoires sp\u00e9ciales\u2026\" class=\"yoast-seo-meta-tag\" \/>\n<meta property=\"og:url\" content=\"https:\/\/travecademy.be\/fr\/trucs-et-astuces\/conseils-de-visite\/projet-543-caroline-du-nord\/\" class=\"yoast-seo-meta-tag\" \/>\n<meta property=\"og:site_name\" content=\"TravEcademy\" class=\"yoast-seo-meta-tag\" \/>\n<meta property=\"article:modified_time\" content=\"2024-02-13T10:13:18+00:00\" class=\"yoast-seo-meta-tag\" \/>\n<meta property=\"og:image\" content=\"https:\/\/travecademy.be\/wp-content\/uploads\/2021\/03\/Knipsel_1.PNG\" class=\"yoast-seo-meta-tag\" \/>\n\t<meta property=\"og:image:width\" content=\"622\" class=\"yoast-seo-meta-tag\" \/>\n\t<meta property=\"og:image:height\" content=\"415\" class=\"yoast-seo-meta-tag\" \/>\n\t<meta property=\"og:image:type\" content=\"image\/png\" class=\"yoast-seo-meta-tag\" \/>\n<meta name=\"twitter:card\" content=\"summary_large_image\" class=\"yoast-seo-meta-tag\" \/>\n<meta name=\"twitter:label1\" content=\"Dur\u00e9e de lecture estim\u00e9e\" class=\"yoast-seo-meta-tag\" \/>\n\t<meta name=\"twitter:data1\" content=\"1 minute\" class=\"yoast-seo-meta-tag\" \/>\n<script type=\"application\/ld+json\" class=\"yoast-schema-graph\">{\"@context\":\"https:\\\/\\\/schema.org\",\"@graph\":[{\"@type\":\"WebPage\",\"@id\":\"https:\\\/\\\/travecademy.be\\\/fr\\\/trucs-et-astuces\\\/conseils-de-visite\\\/projet-543-caroline-du-nord\\\/\",\"url\":\"https:\\\/\\\/travecademy.be\\\/fr\\\/trucs-et-astuces\\\/conseils-de-visite\\\/projet-543-caroline-du-nord\\\/\",\"name\":\"Projet 543 Caroline du Nord - TravEcademy\",\"isPartOf\":{\"@id\":\"https:\\\/\\\/travecademy.be\\\/fr\\\/#website\"},\"primaryImageOfPage\":{\"@id\":\"https:\\\/\\\/travecademy.be\\\/fr\\\/trucs-et-astuces\\\/conseils-de-visite\\\/projet-543-caroline-du-nord\\\/#primaryimage\"},\"image\":{\"@id\":\"https:\\\/\\\/travecademy.be\\\/fr\\\/trucs-et-astuces\\\/conseils-de-visite\\\/projet-543-caroline-du-nord\\\/#primaryimage\"},\"thumbnailUrl\":\"https:\\\/\\\/travecademy.be\\\/wp-content\\\/uploads\\\/2021\\\/03\\\/Knipsel_1.PNG\",\"datePublished\":\"2021-03-05T06:23:08+00:00\",\"dateModified\":\"2024-02-13T10:13:18+00:00\",\"breadcrumb\":{\"@id\":\"https:\\\/\\\/travecademy.be\\\/fr\\\/trucs-et-astuces\\\/conseils-de-visite\\\/projet-543-caroline-du-nord\\\/#breadcrumb\"},\"inLanguage\":\"fr-FR\",\"potentialAction\":[{\"@type\":\"ReadAction\",\"target\":[\"https:\\\/\\\/travecademy.be\\\/fr\\\/trucs-et-astuces\\\/conseils-de-visite\\\/projet-543-caroline-du-nord\\\/\"]}]},{\"@type\":\"ImageObject\",\"inLanguage\":\"fr-FR\",\"@id\":\"https:\\\/\\\/travecademy.be\\\/fr\\\/trucs-et-astuces\\\/conseils-de-visite\\\/projet-543-caroline-du-nord\\\/#primaryimage\",\"url\":\"https:\\\/\\\/travecademy.be\\\/wp-content\\\/uploads\\\/2021\\\/03\\\/Knipsel_1.PNG\",\"contentUrl\":\"https:\\\/\\\/travecademy.be\\\/wp-content\\\/uploads\\\/2021\\\/03\\\/Knipsel_1.PNG\",\"width\":622,\"height\":415},{\"@type\":\"BreadcrumbList\",\"@id\":\"https:\\\/\\\/travecademy.be\\\/fr\\\/trucs-et-astuces\\\/conseils-de-visite\\\/projet-543-caroline-du-nord\\\/#breadcrumb\",\"itemListElement\":[{\"@type\":\"ListItem\",\"position\":1,\"name\":\"Home\",\"item\":\"https:\\\/\\\/travecademy.be\\\/fr\\\/\"},{\"@type\":\"ListItem\",\"position\":2,\"name\":\"Trucs et astuces\",\"item\":\"https:\\\/\\\/travecademy.be\\\/fr\\\/trucs-et-astuces\\\/\"},{\"@type\":\"ListItem\",\"position\":3,\"name\":\"Conseils de visite\",\"item\":\"https:\\\/\\\/travecademy.be\\\/fr\\\/tips-tricks\\\/bezoektips\\\/\"},{\"@type\":\"ListItem\",\"position\":4,\"name\":\"Projet 543 Caroline du Nord\"}]},{\"@type\":\"WebSite\",\"@id\":\"https:\\\/\\\/travecademy.be\\\/fr\\\/#website\",\"url\":\"https:\\\/\\\/travecademy.be\\\/fr\\\/\",\"name\":\"TravEcademy\",\"description\":\"Het meest succesvolle en gratis e-learning platform voor reisprofessionals\",\"publisher\":{\"@id\":\"https:\\\/\\\/travecademy.be\\\/fr\\\/#organization\"},\"potentialAction\":[{\"@type\":\"SearchAction\",\"target\":{\"@type\":\"EntryPoint\",\"urlTemplate\":\"https:\\\/\\\/travecademy.be\\\/fr\\\/?s={search_term_string}\"},\"query-input\":{\"@type\":\"PropertyValueSpecification\",\"valueRequired\":true,\"valueName\":\"search_term_string\"}}],\"inLanguage\":\"fr-FR\"},{\"@type\":\"Organization\",\"@id\":\"https:\\\/\\\/travecademy.be\\\/fr\\\/#organization\",\"name\":\"TravEcademy\",\"url\":\"https:\\\/\\\/travecademy.be\\\/fr\\\/\",\"logo\":{\"@type\":\"ImageObject\",\"inLanguage\":\"fr-FR\",\"@id\":\"https:\\\/\\\/travecademy.be\\\/fr\\\/#\\\/schema\\\/logo\\\/image\\\/\",\"url\":\"https:\\\/\\\/travecademy.be\\\/wp-content\\\/uploads\\\/2024\\\/04\\\/Travecademy.png\",\"contentUrl\":\"https:\\\/\\\/travecademy.be\\\/wp-content\\\/uploads\\\/2024\\\/04\\\/Travecademy.png\",\"width\":1263,\"height\":313,\"caption\":\"TravEcademy\"},\"image\":{\"@id\":\"https:\\\/\\\/travecademy.be\\\/fr\\\/#\\\/schema\\\/logo\\\/image\\\/\"}}]}<\/script>\n<!-- \/ Yoast SEO Premium plugin. -->","yoast_head_json":{"title":"Projet 543 Caroline du Nord - TravEcademy","robots":{"index":"index","follow":"follow","max-snippet":"max-snippet:-1","max-image-preview":"max-image-preview:large","max-video-preview":"max-video-preview:-1"},"canonical":"https:\/\/travecademy.be\/fr\/trucs-et-astuces\/conseils-de-visite\/projet-543-caroline-du-nord\/","og_locale":"fr_FR","og_type":"article","og_title":"Projet 543 Caroline du Nord","og_description":"Cette fois-ci, un conseil de la Caroline du Nord : sur le projet 543 Caroline du Nord, vous trouverez d\u2019innombrables points forts, des histoires sp\u00e9ciales\u2026","og_url":"https:\/\/travecademy.be\/fr\/trucs-et-astuces\/conseils-de-visite\/projet-543-caroline-du-nord\/","og_site_name":"TravEcademy","article_modified_time":"2024-02-13T10:13:18+00:00","og_image":[{"width":622,"height":415,"url":"https:\/\/travecademy.be\/wp-content\/uploads\/2021\/03\/Knipsel_1.PNG","type":"image\/png"}],"twitter_card":"summary_large_image","twitter_misc":{"Dur\u00e9e de lecture estim\u00e9e":"1 minute"},"schema":{"@context":"https:\/\/schema.org","@graph":[{"@type":"WebPage","@id":"https:\/\/travecademy.be\/fr\/trucs-et-astuces\/conseils-de-visite\/projet-543-caroline-du-nord\/","url":"https:\/\/travecademy.be\/fr\/trucs-et-astuces\/conseils-de-visite\/projet-543-caroline-du-nord\/","name":"Projet 543 Caroline du Nord - TravEcademy","isPartOf":{"@id":"https:\/\/travecademy.be\/fr\/#website"},"primaryImageOfPage":{"@id":"https:\/\/travecademy.be\/fr\/trucs-et-astuces\/conseils-de-visite\/projet-543-caroline-du-nord\/#primaryimage"},"image":{"@id":"https:\/\/travecademy.be\/fr\/trucs-et-astuces\/conseils-de-visite\/projet-543-caroline-du-nord\/#primaryimage"},"thumbnailUrl":"https:\/\/travecademy.be\/wp-content\/uploads\/2021\/03\/Knipsel_1.PNG","datePublished":"2021-03-05T06:23:08+00:00","dateModified":"2024-02-13T10:13:18+00:00","breadcrumb":{"@id":"https:\/\/travecademy.be\/fr\/trucs-et-astuces\/conseils-de-visite\/projet-543-caroline-du-nord\/#breadcrumb"},"inLanguage":"fr-FR","potentialAction":[{"@type":"ReadAction","target":["https:\/\/travecademy.be\/fr\/trucs-et-astuces\/conseils-de-visite\/projet-543-caroline-du-nord\/"]}]},{"@type":"ImageObject","inLanguage":"fr-FR","@id":"https:\/\/travecademy.be\/fr\/trucs-et-astuces\/conseils-de-visite\/projet-543-caroline-du-nord\/#primaryimage","url":"https:\/\/travecademy.be\/wp-content\/uploads\/2021\/03\/Knipsel_1.PNG","contentUrl":"https:\/\/travecademy.be\/wp-content\/uploads\/2021\/03\/Knipsel_1.PNG","width":622,"height":415},{"@type":"BreadcrumbList","@id":"https:\/\/travecademy.be\/fr\/trucs-et-astuces\/conseils-de-visite\/projet-543-caroline-du-nord\/#breadcrumb","itemListElement":[{"@type":"ListItem","position":1,"name":"Home","item":"https:\/\/travecademy.be\/fr\/"},{"@type":"ListItem","position":2,"name":"Trucs et astuces","item":"https:\/\/travecademy.be\/fr\/trucs-et-astuces\/"},{"@type":"ListItem","position":3,"name":"Conseils de visite","item":"https:\/\/travecademy.be\/fr\/tips-tricks\/bezoektips\/"},{"@type":"ListItem","position":4,"name":"Projet 543 Caroline du Nord"}]},{"@type":"WebSite","@id":"https:\/\/travecademy.be\/fr\/#website","url":"https:\/\/travecademy.be\/fr\/","name":"TravEcademy","description":"Het meest succesvolle en gratis e-learning platform voor reisprofessionals","publisher":{"@id":"https:\/\/travecademy.be\/fr\/#organization"},"potentialAction":[{"@type":"SearchAction","target":{"@type":"EntryPoint","urlTemplate":"https:\/\/travecademy.be\/fr\/?s={search_term_string}"},"query-input":{"@type":"PropertyValueSpecification","valueRequired":true,"valueName":"search_term_string"}}],"inLanguage":"fr-FR"},{"@type":"Organization","@id":"https:\/\/travecademy.be\/fr\/#organization","name":"TravEcademy","url":"https:\/\/travecademy.be\/fr\/","logo":{"@type":"ImageObject","inLanguage":"fr-FR","@id":"https:\/\/travecademy.be\/fr\/#\/schema\/logo\/image\/","url":"https:\/\/travecademy.be\/wp-content\/uploads\/2024\/04\/Travecademy.png","contentUrl":"https:\/\/travecademy.be\/wp-content\/uploads\/2024\/04\/Travecademy.png","width":1263,"height":313,"caption":"TravEcademy"},"image":{"@id":"https:\/\/travecademy.be\/fr\/#\/schema\/logo\/image\/"}}]}},"publishpress_future_action":{"enabled":false,"date":"2026-05-09 06:07:56","action":"change-status","newStatus":"draft","terms":[],"taxonomy":"ecademys","extraData":[]},"publishpress_future_workflow_manual_trigger":{"enabledWorkflows":[]},"ticketed":false,"_links":{"self":[{"href":"https:\/\/travecademy.be\/fr\/wp-json\/wp\/v2\/pages\/44408","targetHints":{"allow":["GET"]}}],"collection":[{"href":"https:\/\/travecademy.be\/fr\/wp-json\/wp\/v2\/pages"}],"about":[{"href":"https:\/\/travecademy.be\/fr\/wp-json\/wp\/v2\/types\/page"}],"author":[{"embeddable":true,"href":"https:\/\/travecademy.be\/fr\/wp-json\/wp\/v2\/users\/1"}],"replies":[{"embeddable":true,"href":"https:\/\/travecademy.be\/fr\/wp-json\/wp\/v2\/comments?post=44408"}],"version-history":[{"count":1,"href":"https:\/\/travecademy.be\/fr\/wp-json\/wp\/v2\/pages\/44408\/revisions"}],"predecessor-version":[{"id":44409,"href":"https:\/\/travecademy.be\/fr\/wp-json\/wp\/v2\/pages\/44408\/revisions\/44409"}],"up":[{"embeddable":true,"href":"https:\/\/travecademy.be\/fr\/wp-json\/wp\/v2\/pages\/44412"}],"wp:featuredmedia":[{"embeddable":true,"href":"https:\/\/travecademy.be\/fr\/wp-json\/wp\/v2\/media\/36226"}],"wp:attachment":[{"href":"https:\/\/travecademy.be\/fr\/wp-json\/wp\/v2\/media?parent=44408"}],"wp:term":[{"taxonomy":"post_tag","embeddable":true,"href":"https:\/\/travecademy.be\/fr\/wp-json\/wp\/v2\/tags?post=44408"},{"taxonomy":"ecademys","embeddable":true,"href":"https:\/\/travecademy.be\/fr\/wp-json\/wp\/v2\/ecademys?post=44408"}],"curies":[{"name":"wp","href":"https:\/\/api.w.org\/{rel}","templated":true}]}}