{"id":44486,"date":"2021-04-12T11:41:18","date_gmt":"2021-04-12T09:41:18","guid":{"rendered":"https:\/\/travecademy.be\/satisfaire-sa-soif-en-caroline-du-sud\/"},"modified":"2024-02-13T12:13:30","modified_gmt":"2024-02-13T10:13:30","slug":"satisfaire-sa-soif-en-caroline-du-sud","status":"publish","type":"page","link":"https:\/\/travecademy.be\/fr\/themes\/culinaire\/satisfaire-sa-soif-en-caroline-du-sud\/","title":{"rendered":"Satisfaire sa soif\u201d en Caroline du Sud"},"content":{"rendered":"<p><strong>Satisfaire sa soif\u201d est un slogan bien connu en Caroline du Sud. Vous trouverez de nombreuses brasseries proposant des bi\u00e8res artisanales, des distilleries de moonshine et des cocktails sp\u00e9ciaux. Vous ne repartirez jamais assoiff\u00e9, c\u2019est certain !  <\/strong><\/p>\n<p>Voir <strong><br \/>\n  <a href=\"https:\/\/discoversouthcarolina.com\/satisfy-your-thirst\" target=\"_blank\" rel=\"noopener\">ici<\/a><br \/>\n<\/strong> pour plus d\u2019informations.<\/p>\n","protected":false},"excerpt":{"rendered":"<p>Satisfaire sa soif\u201d est un slogan bien connu en Caroline du Sud. Vous trouverez de nombreuses brasseries proposant des bi\u00e8res artisanales, des distilleries de moonshine\u2026<\/p>\n","protected":false},"author":1,"featured_media":36258,"parent":48855,"menu_order":0,"comment_status":"closed","ping_status":"closed","template":"","meta":{"_acf_changed":false,"_price":"","_stock":"","_tribe_ticket_header":"","_tribe_default_ticket_provider":"","_tribe_ticket_capacity":"0","_ticket_start_date":"","_ticket_end_date":"","_tribe_ticket_show_description":"","_tribe_ticket_show_not_going":false,"_tribe_ticket_use_global_stock":"","_tribe_ticket_global_stock_level":"","_global_stock_mode":"","_global_stock_cap":"","_tribe_rsvp_for_event":"","_tribe_ticket_going_count":"","_tribe_ticket_not_going_count":"","_tribe_tickets_list":"[]","_tribe_ticket_has_attendee_info_fields":false,"footnotes":"","_tec_slr_enabled":"","_tec_slr_layout":""},"tags":[373],"ecademys":[500],"class_list":["post-44486","page","type-page","status-publish","has-post-thumbnail","hentry","tag-themes-culinaires","ecademys-travel-south-usa-fr"],"acf":[],"yoast_head":"<!-- This site is optimized with the Yoast SEO Premium plugin v27.4 (Yoast SEO v27.5) - https:\/\/yoast.com\/product\/yoast-seo-premium-wordpress\/ -->\n<title>Satisfaire sa soif&quot; en Caroline du Sud - TravEcademy<\/title>\n<meta name=\"robots\" content=\"index, follow, max-snippet:-1, max-image-preview:large, max-video-preview:-1\" \/>\n<link rel=\"canonical\" href=\"https:\/\/travecademy.be\/fr\/themes\/culinaire\/satisfaire-sa-soif-en-caroline-du-sud\/\" class=\"yoast-seo-meta-tag\" \/>\n<meta property=\"og:locale\" content=\"fr_FR\" class=\"yoast-seo-meta-tag\" \/>\n<meta property=\"og:type\" content=\"article\" class=\"yoast-seo-meta-tag\" \/>\n<meta property=\"og:title\" content=\"Satisfaire sa soif&quot; en Caroline du Sud\" class=\"yoast-seo-meta-tag\" \/>\n<meta property=\"og:description\" content=\"Satisfaire sa soif\u201d est un slogan bien connu en Caroline du Sud. Vous trouverez de nombreuses brasseries proposant des bi\u00e8res artisanales, des distilleries de moonshine\u2026\" class=\"yoast-seo-meta-tag\" \/>\n<meta property=\"og:url\" content=\"https:\/\/travecademy.be\/fr\/themes\/culinaire\/satisfaire-sa-soif-en-caroline-du-sud\/\" class=\"yoast-seo-meta-tag\" \/>\n<meta property=\"og:site_name\" content=\"TravEcademy\" class=\"yoast-seo-meta-tag\" \/>\n<meta property=\"article:modified_time\" content=\"2024-02-13T10:13:30+00:00\" class=\"yoast-seo-meta-tag\" \/>\n<meta property=\"og:image\" content=\"https:\/\/travecademy.be\/wp-content\/uploads\/2021\/04\/shutterstock_780298633.jpg\" class=\"yoast-seo-meta-tag\" \/>\n\t<meta property=\"og:image:width\" content=\"622\" class=\"yoast-seo-meta-tag\" \/>\n\t<meta property=\"og:image:height\" content=\"415\" class=\"yoast-seo-meta-tag\" \/>\n\t<meta property=\"og:image:type\" content=\"image\/jpeg\" class=\"yoast-seo-meta-tag\" \/>\n<meta name=\"twitter:card\" content=\"summary_large_image\" class=\"yoast-seo-meta-tag\" \/>\n<script type=\"application\/ld+json\" class=\"yoast-schema-graph\">{\"@context\":\"https:\\\/\\\/schema.org\",\"@graph\":[{\"@type\":\"WebPage\",\"@id\":\"https:\\\/\\\/travecademy.be\\\/fr\\\/themes\\\/culinaire\\\/satisfaire-sa-soif-en-caroline-du-sud\\\/\",\"url\":\"https:\\\/\\\/travecademy.be\\\/fr\\\/themes\\\/culinaire\\\/satisfaire-sa-soif-en-caroline-du-sud\\\/\",\"name\":\"Satisfaire sa soif\\\" en Caroline du Sud - TravEcademy\",\"isPartOf\":{\"@id\":\"https:\\\/\\\/travecademy.be\\\/fr\\\/#website\"},\"primaryImageOfPage\":{\"@id\":\"https:\\\/\\\/travecademy.be\\\/fr\\\/themes\\\/culinaire\\\/satisfaire-sa-soif-en-caroline-du-sud\\\/#primaryimage\"},\"image\":{\"@id\":\"https:\\\/\\\/travecademy.be\\\/fr\\\/themes\\\/culinaire\\\/satisfaire-sa-soif-en-caroline-du-sud\\\/#primaryimage\"},\"thumbnailUrl\":\"https:\\\/\\\/travecademy.be\\\/wp-content\\\/uploads\\\/2021\\\/04\\\/shutterstock_780298633.jpg\",\"datePublished\":\"2021-04-12T09:41:18+00:00\",\"dateModified\":\"2024-02-13T10:13:30+00:00\",\"breadcrumb\":{\"@id\":\"https:\\\/\\\/travecademy.be\\\/fr\\\/themes\\\/culinaire\\\/satisfaire-sa-soif-en-caroline-du-sud\\\/#breadcrumb\"},\"inLanguage\":\"fr-FR\",\"potentialAction\":[{\"@type\":\"ReadAction\",\"target\":[\"https:\\\/\\\/travecademy.be\\\/fr\\\/themes\\\/culinaire\\\/satisfaire-sa-soif-en-caroline-du-sud\\\/\"]}]},{\"@type\":\"ImageObject\",\"inLanguage\":\"fr-FR\",\"@id\":\"https:\\\/\\\/travecademy.be\\\/fr\\\/themes\\\/culinaire\\\/satisfaire-sa-soif-en-caroline-du-sud\\\/#primaryimage\",\"url\":\"https:\\\/\\\/travecademy.be\\\/wp-content\\\/uploads\\\/2021\\\/04\\\/shutterstock_780298633.jpg\",\"contentUrl\":\"https:\\\/\\\/travecademy.be\\\/wp-content\\\/uploads\\\/2021\\\/04\\\/shutterstock_780298633.jpg\",\"width\":622,\"height\":415},{\"@type\":\"BreadcrumbList\",\"@id\":\"https:\\\/\\\/travecademy.be\\\/fr\\\/themes\\\/culinaire\\\/satisfaire-sa-soif-en-caroline-du-sud\\\/#breadcrumb\",\"itemListElement\":[{\"@type\":\"ListItem\",\"position\":1,\"name\":\"Home\",\"item\":\"https:\\\/\\\/travecademy.be\\\/fr\\\/\"},{\"@type\":\"ListItem\",\"position\":2,\"name\":\"Th\u00e8mes\",\"item\":\"https:\\\/\\\/travecademy.be\\\/fr\\\/themes\\\/\"},{\"@type\":\"ListItem\",\"position\":3,\"name\":\"Culinaire\",\"item\":\"https:\\\/\\\/travecademy.be\\\/fr\\\/themes\\\/culinaire\\\/\"},{\"@type\":\"ListItem\",\"position\":4,\"name\":\"Satisfaire sa soif&#8221; en Caroline du Sud\"}]},{\"@type\":\"WebSite\",\"@id\":\"https:\\\/\\\/travecademy.be\\\/fr\\\/#website\",\"url\":\"https:\\\/\\\/travecademy.be\\\/fr\\\/\",\"name\":\"TravEcademy\",\"description\":\"Het meest succesvolle en gratis e-learning platform voor reisprofessionals\",\"publisher\":{\"@id\":\"https:\\\/\\\/travecademy.be\\\/fr\\\/#organization\"},\"potentialAction\":[{\"@type\":\"SearchAction\",\"target\":{\"@type\":\"EntryPoint\",\"urlTemplate\":\"https:\\\/\\\/travecademy.be\\\/fr\\\/?s={search_term_string}\"},\"query-input\":{\"@type\":\"PropertyValueSpecification\",\"valueRequired\":true,\"valueName\":\"search_term_string\"}}],\"inLanguage\":\"fr-FR\"},{\"@type\":\"Organization\",\"@id\":\"https:\\\/\\\/travecademy.be\\\/fr\\\/#organization\",\"name\":\"TravEcademy\",\"url\":\"https:\\\/\\\/travecademy.be\\\/fr\\\/\",\"logo\":{\"@type\":\"ImageObject\",\"inLanguage\":\"fr-FR\",\"@id\":\"https:\\\/\\\/travecademy.be\\\/fr\\\/#\\\/schema\\\/logo\\\/image\\\/\",\"url\":\"https:\\\/\\\/travecademy.be\\\/wp-content\\\/uploads\\\/2024\\\/04\\\/Travecademy.png\",\"contentUrl\":\"https:\\\/\\\/travecademy.be\\\/wp-content\\\/uploads\\\/2024\\\/04\\\/Travecademy.png\",\"width\":1263,\"height\":313,\"caption\":\"TravEcademy\"},\"image\":{\"@id\":\"https:\\\/\\\/travecademy.be\\\/fr\\\/#\\\/schema\\\/logo\\\/image\\\/\"}}]}<\/script>\n<!-- \/ Yoast SEO Premium plugin. -->","yoast_head_json":{"title":"Satisfaire sa soif\" en Caroline du Sud - TravEcademy","robots":{"index":"index","follow":"follow","max-snippet":"max-snippet:-1","max-image-preview":"max-image-preview:large","max-video-preview":"max-video-preview:-1"},"canonical":"https:\/\/travecademy.be\/fr\/themes\/culinaire\/satisfaire-sa-soif-en-caroline-du-sud\/","og_locale":"fr_FR","og_type":"article","og_title":"Satisfaire sa soif\" en Caroline du Sud","og_description":"Satisfaire sa soif\u201d est un slogan bien connu en Caroline du Sud. Vous trouverez de nombreuses brasseries proposant des bi\u00e8res artisanales, des distilleries de moonshine\u2026","og_url":"https:\/\/travecademy.be\/fr\/themes\/culinaire\/satisfaire-sa-soif-en-caroline-du-sud\/","og_site_name":"TravEcademy","article_modified_time":"2024-02-13T10:13:30+00:00","og_image":[{"width":622,"height":415,"url":"https:\/\/travecademy.be\/wp-content\/uploads\/2021\/04\/shutterstock_780298633.jpg","type":"image\/jpeg"}],"twitter_card":"summary_large_image","schema":{"@context":"https:\/\/schema.org","@graph":[{"@type":"WebPage","@id":"https:\/\/travecademy.be\/fr\/themes\/culinaire\/satisfaire-sa-soif-en-caroline-du-sud\/","url":"https:\/\/travecademy.be\/fr\/themes\/culinaire\/satisfaire-sa-soif-en-caroline-du-sud\/","name":"Satisfaire sa soif\" en Caroline du Sud - TravEcademy","isPartOf":{"@id":"https:\/\/travecademy.be\/fr\/#website"},"primaryImageOfPage":{"@id":"https:\/\/travecademy.be\/fr\/themes\/culinaire\/satisfaire-sa-soif-en-caroline-du-sud\/#primaryimage"},"image":{"@id":"https:\/\/travecademy.be\/fr\/themes\/culinaire\/satisfaire-sa-soif-en-caroline-du-sud\/#primaryimage"},"thumbnailUrl":"https:\/\/travecademy.be\/wp-content\/uploads\/2021\/04\/shutterstock_780298633.jpg","datePublished":"2021-04-12T09:41:18+00:00","dateModified":"2024-02-13T10:13:30+00:00","breadcrumb":{"@id":"https:\/\/travecademy.be\/fr\/themes\/culinaire\/satisfaire-sa-soif-en-caroline-du-sud\/#breadcrumb"},"inLanguage":"fr-FR","potentialAction":[{"@type":"ReadAction","target":["https:\/\/travecademy.be\/fr\/themes\/culinaire\/satisfaire-sa-soif-en-caroline-du-sud\/"]}]},{"@type":"ImageObject","inLanguage":"fr-FR","@id":"https:\/\/travecademy.be\/fr\/themes\/culinaire\/satisfaire-sa-soif-en-caroline-du-sud\/#primaryimage","url":"https:\/\/travecademy.be\/wp-content\/uploads\/2021\/04\/shutterstock_780298633.jpg","contentUrl":"https:\/\/travecademy.be\/wp-content\/uploads\/2021\/04\/shutterstock_780298633.jpg","width":622,"height":415},{"@type":"BreadcrumbList","@id":"https:\/\/travecademy.be\/fr\/themes\/culinaire\/satisfaire-sa-soif-en-caroline-du-sud\/#breadcrumb","itemListElement":[{"@type":"ListItem","position":1,"name":"Home","item":"https:\/\/travecademy.be\/fr\/"},{"@type":"ListItem","position":2,"name":"Th\u00e8mes","item":"https:\/\/travecademy.be\/fr\/themes\/"},{"@type":"ListItem","position":3,"name":"Culinaire","item":"https:\/\/travecademy.be\/fr\/themes\/culinaire\/"},{"@type":"ListItem","position":4,"name":"Satisfaire sa soif&#8221; en Caroline du Sud"}]},{"@type":"WebSite","@id":"https:\/\/travecademy.be\/fr\/#website","url":"https:\/\/travecademy.be\/fr\/","name":"TravEcademy","description":"Het meest succesvolle en gratis e-learning platform voor reisprofessionals","publisher":{"@id":"https:\/\/travecademy.be\/fr\/#organization"},"potentialAction":[{"@type":"SearchAction","target":{"@type":"EntryPoint","urlTemplate":"https:\/\/travecademy.be\/fr\/?s={search_term_string}"},"query-input":{"@type":"PropertyValueSpecification","valueRequired":true,"valueName":"search_term_string"}}],"inLanguage":"fr-FR"},{"@type":"Organization","@id":"https:\/\/travecademy.be\/fr\/#organization","name":"TravEcademy","url":"https:\/\/travecademy.be\/fr\/","logo":{"@type":"ImageObject","inLanguage":"fr-FR","@id":"https:\/\/travecademy.be\/fr\/#\/schema\/logo\/image\/","url":"https:\/\/travecademy.be\/wp-content\/uploads\/2024\/04\/Travecademy.png","contentUrl":"https:\/\/travecademy.be\/wp-content\/uploads\/2024\/04\/Travecademy.png","width":1263,"height":313,"caption":"TravEcademy"},"image":{"@id":"https:\/\/travecademy.be\/fr\/#\/schema\/logo\/image\/"}}]}},"publishpress_future_action":{"enabled":false,"date":"2026-05-06 17:59:41","action":"change-status","newStatus":"draft","terms":[],"taxonomy":"ecademys","extraData":[]},"publishpress_future_workflow_manual_trigger":{"enabledWorkflows":[]},"ticketed":false,"_links":{"self":[{"href":"https:\/\/travecademy.be\/fr\/wp-json\/wp\/v2\/pages\/44486","targetHints":{"allow":["GET"]}}],"collection":[{"href":"https:\/\/travecademy.be\/fr\/wp-json\/wp\/v2\/pages"}],"about":[{"href":"https:\/\/travecademy.be\/fr\/wp-json\/wp\/v2\/types\/page"}],"author":[{"embeddable":true,"href":"https:\/\/travecademy.be\/fr\/wp-json\/wp\/v2\/users\/1"}],"replies":[{"embeddable":true,"href":"https:\/\/travecademy.be\/fr\/wp-json\/wp\/v2\/comments?post=44486"}],"version-history":[{"count":1,"href":"https:\/\/travecademy.be\/fr\/wp-json\/wp\/v2\/pages\/44486\/revisions"}],"predecessor-version":[{"id":44487,"href":"https:\/\/travecademy.be\/fr\/wp-json\/wp\/v2\/pages\/44486\/revisions\/44487"}],"up":[{"embeddable":true,"href":"https:\/\/travecademy.be\/fr\/wp-json\/wp\/v2\/pages\/48855"}],"wp:featuredmedia":[{"embeddable":true,"href":"https:\/\/travecademy.be\/fr\/wp-json\/wp\/v2\/media\/36258"}],"wp:attachment":[{"href":"https:\/\/travecademy.be\/fr\/wp-json\/wp\/v2\/media?parent=44486"}],"wp:term":[{"taxonomy":"post_tag","embeddable":true,"href":"https:\/\/travecademy.be\/fr\/wp-json\/wp\/v2\/tags?post=44486"},{"taxonomy":"ecademys","embeddable":true,"href":"https:\/\/travecademy.be\/fr\/wp-json\/wp\/v2\/ecademys?post=44486"}],"curies":[{"name":"wp","href":"https:\/\/api.w.org\/{rel}","templated":true}]}}