{"id":44577,"date":"2021-10-28T11:58:10","date_gmt":"2021-10-28T09:58:10","guid":{"rendered":"https:\/\/travecademy.be\/conseils-de-visite\/prairies-a-elans-et-a-bisons-dans-le-kentucky\/"},"modified":"2024-02-13T12:15:02","modified_gmt":"2024-02-13T10:15:02","slug":"prairies-a-elans-et-a-bisons-dans-le-kentucky","status":"publish","type":"page","link":"https:\/\/travecademy.be\/fr\/trucs-et-astuces\/conseils-de-visite\/prairies-a-elans-et-a-bisons-dans-le-kentucky\/","title":{"rendered":"Prairies \u00e0 \u00e9lans et \u00e0 bisons dans le Kentucky"},"content":{"rendered":"<p><strong>Si vous aimez la nature, la <a href=\"https:\/\/www.landbetweenthelakes.us\/seendo\/attractions\/elk-bison-prairie\/\">prairie des \u00e9lans et des bisons<\/a>, dans l\u2019ouest du Kentucky, est tout \u00e0 fait recommand\u00e9e.  <\/strong><\/p>\n<p>Les \u00e9lans et les bisons vivent ici en libert\u00e9 et vous pouvez facilement les observer depuis votre voiture (de location) !<\/p>\n","protected":false},"excerpt":{"rendered":"<p>Si vous aimez la nature, la prairie des \u00e9lans et des bisons, dans l\u2019ouest du Kentucky, est tout \u00e0 fait recommand\u00e9e. Les \u00e9lans et les\u2026<\/p>\n","protected":false},"author":1,"featured_media":36307,"parent":44412,"menu_order":0,"comment_status":"closed","ping_status":"closed","template":"","meta":{"_acf_changed":false,"_price":"","_stock":"","_tribe_ticket_header":"","_tribe_default_ticket_provider":"","_tribe_ticket_capacity":"0","_ticket_start_date":"","_ticket_end_date":"","_tribe_ticket_show_description":"","_tribe_ticket_show_not_going":false,"_tribe_ticket_use_global_stock":"","_tribe_ticket_global_stock_level":"","_global_stock_mode":"","_global_stock_cap":"","_tribe_rsvp_for_event":"","_tribe_ticket_going_count":"","_tribe_ticket_not_going_count":"","_tribe_tickets_list":"[]","_tribe_ticket_has_attendee_info_fields":false,"footnotes":"","_tec_slr_enabled":"","_tec_slr_layout":""},"tags":[],"ecademys":[500],"class_list":["post-44577","page","type-page","status-publish","has-post-thumbnail","hentry","ecademys-travel-south-usa-fr"],"acf":[],"yoast_head":"<!-- This site is optimized with the Yoast SEO Premium plugin v27.3 (Yoast SEO v27.3) - https:\/\/yoast.com\/product\/yoast-seo-premium-wordpress\/ -->\n<title>Prairies \u00e0 \u00e9lans et \u00e0 bisons dans le Kentucky - TravEcademy<\/title>\n<meta name=\"robots\" content=\"index, follow, max-snippet:-1, max-image-preview:large, max-video-preview:-1\" \/>\n<link rel=\"canonical\" href=\"https:\/\/travecademy.be\/fr\/trucs-et-astuces\/conseils-de-visite\/prairies-a-elans-et-a-bisons-dans-le-kentucky\/\" class=\"yoast-seo-meta-tag\" \/>\n<meta property=\"og:locale\" content=\"fr_FR\" class=\"yoast-seo-meta-tag\" \/>\n<meta property=\"og:type\" content=\"article\" class=\"yoast-seo-meta-tag\" \/>\n<meta property=\"og:title\" content=\"Prairies \u00e0 \u00e9lans et \u00e0 bisons dans le Kentucky\" class=\"yoast-seo-meta-tag\" \/>\n<meta property=\"og:description\" content=\"Si vous aimez la nature, la prairie des \u00e9lans et des bisons, dans l\u2019ouest du Kentucky, est tout \u00e0 fait recommand\u00e9e. Les \u00e9lans et les\u2026\" class=\"yoast-seo-meta-tag\" \/>\n<meta property=\"og:url\" content=\"https:\/\/travecademy.be\/fr\/trucs-et-astuces\/conseils-de-visite\/prairies-a-elans-et-a-bisons-dans-le-kentucky\/\" class=\"yoast-seo-meta-tag\" \/>\n<meta property=\"og:site_name\" content=\"TravEcademy\" class=\"yoast-seo-meta-tag\" \/>\n<meta property=\"article:modified_time\" content=\"2024-02-13T10:15:02+00:00\" class=\"yoast-seo-meta-tag\" \/>\n<meta property=\"og:image\" content=\"https:\/\/travecademy.be\/wp-content\/uploads\/2021\/10\/Elk-and-Bison-Prairie-in-Kentucky.jpg\" class=\"yoast-seo-meta-tag\" \/>\n\t<meta property=\"og:image:width\" content=\"622\" class=\"yoast-seo-meta-tag\" \/>\n\t<meta property=\"og:image:height\" content=\"415\" class=\"yoast-seo-meta-tag\" \/>\n\t<meta property=\"og:image:type\" content=\"image\/jpeg\" class=\"yoast-seo-meta-tag\" \/>\n<meta name=\"twitter:card\" content=\"summary_large_image\" class=\"yoast-seo-meta-tag\" \/>\n<script type=\"application\/ld+json\" class=\"yoast-schema-graph\">{\"@context\":\"https:\\\/\\\/schema.org\",\"@graph\":[{\"@type\":\"WebPage\",\"@id\":\"https:\\\/\\\/travecademy.be\\\/fr\\\/trucs-et-astuces\\\/conseils-de-visite\\\/prairies-a-elans-et-a-bisons-dans-le-kentucky\\\/\",\"url\":\"https:\\\/\\\/travecademy.be\\\/fr\\\/trucs-et-astuces\\\/conseils-de-visite\\\/prairies-a-elans-et-a-bisons-dans-le-kentucky\\\/\",\"name\":\"Prairies \u00e0 \u00e9lans et \u00e0 bisons dans le Kentucky - TravEcademy\",\"isPartOf\":{\"@id\":\"https:\\\/\\\/travecademy.be\\\/fr\\\/#website\"},\"primaryImageOfPage\":{\"@id\":\"https:\\\/\\\/travecademy.be\\\/fr\\\/trucs-et-astuces\\\/conseils-de-visite\\\/prairies-a-elans-et-a-bisons-dans-le-kentucky\\\/#primaryimage\"},\"image\":{\"@id\":\"https:\\\/\\\/travecademy.be\\\/fr\\\/trucs-et-astuces\\\/conseils-de-visite\\\/prairies-a-elans-et-a-bisons-dans-le-kentucky\\\/#primaryimage\"},\"thumbnailUrl\":\"https:\\\/\\\/travecademy.be\\\/wp-content\\\/uploads\\\/2021\\\/10\\\/Elk-and-Bison-Prairie-in-Kentucky.jpg\",\"datePublished\":\"2021-10-28T09:58:10+00:00\",\"dateModified\":\"2024-02-13T10:15:02+00:00\",\"breadcrumb\":{\"@id\":\"https:\\\/\\\/travecademy.be\\\/fr\\\/trucs-et-astuces\\\/conseils-de-visite\\\/prairies-a-elans-et-a-bisons-dans-le-kentucky\\\/#breadcrumb\"},\"inLanguage\":\"fr-FR\",\"potentialAction\":[{\"@type\":\"ReadAction\",\"target\":[\"https:\\\/\\\/travecademy.be\\\/fr\\\/trucs-et-astuces\\\/conseils-de-visite\\\/prairies-a-elans-et-a-bisons-dans-le-kentucky\\\/\"]}]},{\"@type\":\"ImageObject\",\"inLanguage\":\"fr-FR\",\"@id\":\"https:\\\/\\\/travecademy.be\\\/fr\\\/trucs-et-astuces\\\/conseils-de-visite\\\/prairies-a-elans-et-a-bisons-dans-le-kentucky\\\/#primaryimage\",\"url\":\"https:\\\/\\\/travecademy.be\\\/wp-content\\\/uploads\\\/2021\\\/10\\\/Elk-and-Bison-Prairie-in-Kentucky.jpg\",\"contentUrl\":\"https:\\\/\\\/travecademy.be\\\/wp-content\\\/uploads\\\/2021\\\/10\\\/Elk-and-Bison-Prairie-in-Kentucky.jpg\",\"width\":622,\"height\":415},{\"@type\":\"BreadcrumbList\",\"@id\":\"https:\\\/\\\/travecademy.be\\\/fr\\\/trucs-et-astuces\\\/conseils-de-visite\\\/prairies-a-elans-et-a-bisons-dans-le-kentucky\\\/#breadcrumb\",\"itemListElement\":[{\"@type\":\"ListItem\",\"position\":1,\"name\":\"Home\",\"item\":\"https:\\\/\\\/travecademy.be\\\/fr\\\/\"},{\"@type\":\"ListItem\",\"position\":2,\"name\":\"Trucs et astuces\",\"item\":\"https:\\\/\\\/travecademy.be\\\/fr\\\/trucs-et-astuces\\\/\"},{\"@type\":\"ListItem\",\"position\":3,\"name\":\"Conseils de visite\",\"item\":\"https:\\\/\\\/travecademy.be\\\/fr\\\/tips-tricks\\\/bezoektips\\\/\"},{\"@type\":\"ListItem\",\"position\":4,\"name\":\"Prairies \u00e0 \u00e9lans et \u00e0 bisons dans le Kentucky\"}]},{\"@type\":\"WebSite\",\"@id\":\"https:\\\/\\\/travecademy.be\\\/fr\\\/#website\",\"url\":\"https:\\\/\\\/travecademy.be\\\/fr\\\/\",\"name\":\"TravEcademy\",\"description\":\"Het meest succesvolle en gratis e-learning platform voor reisprofessionals\",\"publisher\":{\"@id\":\"https:\\\/\\\/travecademy.be\\\/fr\\\/#organization\"},\"potentialAction\":[{\"@type\":\"SearchAction\",\"target\":{\"@type\":\"EntryPoint\",\"urlTemplate\":\"https:\\\/\\\/travecademy.be\\\/fr\\\/?s={search_term_string}\"},\"query-input\":{\"@type\":\"PropertyValueSpecification\",\"valueRequired\":true,\"valueName\":\"search_term_string\"}}],\"inLanguage\":\"fr-FR\"},{\"@type\":\"Organization\",\"@id\":\"https:\\\/\\\/travecademy.be\\\/fr\\\/#organization\",\"name\":\"TravEcademy\",\"url\":\"https:\\\/\\\/travecademy.be\\\/fr\\\/\",\"logo\":{\"@type\":\"ImageObject\",\"inLanguage\":\"fr-FR\",\"@id\":\"https:\\\/\\\/travecademy.be\\\/fr\\\/#\\\/schema\\\/logo\\\/image\\\/\",\"url\":\"https:\\\/\\\/travecademy.be\\\/wp-content\\\/uploads\\\/2024\\\/04\\\/Travecademy.png\",\"contentUrl\":\"https:\\\/\\\/travecademy.be\\\/wp-content\\\/uploads\\\/2024\\\/04\\\/Travecademy.png\",\"width\":1263,\"height\":313,\"caption\":\"TravEcademy\"},\"image\":{\"@id\":\"https:\\\/\\\/travecademy.be\\\/fr\\\/#\\\/schema\\\/logo\\\/image\\\/\"}}]}<\/script>\n<!-- \/ Yoast SEO Premium plugin. -->","yoast_head_json":{"title":"Prairies \u00e0 \u00e9lans et \u00e0 bisons dans le Kentucky - TravEcademy","robots":{"index":"index","follow":"follow","max-snippet":"max-snippet:-1","max-image-preview":"max-image-preview:large","max-video-preview":"max-video-preview:-1"},"canonical":"https:\/\/travecademy.be\/fr\/trucs-et-astuces\/conseils-de-visite\/prairies-a-elans-et-a-bisons-dans-le-kentucky\/","og_locale":"fr_FR","og_type":"article","og_title":"Prairies \u00e0 \u00e9lans et \u00e0 bisons dans le Kentucky","og_description":"Si vous aimez la nature, la prairie des \u00e9lans et des bisons, dans l\u2019ouest du Kentucky, est tout \u00e0 fait recommand\u00e9e. Les \u00e9lans et les\u2026","og_url":"https:\/\/travecademy.be\/fr\/trucs-et-astuces\/conseils-de-visite\/prairies-a-elans-et-a-bisons-dans-le-kentucky\/","og_site_name":"TravEcademy","article_modified_time":"2024-02-13T10:15:02+00:00","og_image":[{"width":622,"height":415,"url":"https:\/\/travecademy.be\/wp-content\/uploads\/2021\/10\/Elk-and-Bison-Prairie-in-Kentucky.jpg","type":"image\/jpeg"}],"twitter_card":"summary_large_image","schema":{"@context":"https:\/\/schema.org","@graph":[{"@type":"WebPage","@id":"https:\/\/travecademy.be\/fr\/trucs-et-astuces\/conseils-de-visite\/prairies-a-elans-et-a-bisons-dans-le-kentucky\/","url":"https:\/\/travecademy.be\/fr\/trucs-et-astuces\/conseils-de-visite\/prairies-a-elans-et-a-bisons-dans-le-kentucky\/","name":"Prairies \u00e0 \u00e9lans et \u00e0 bisons dans le Kentucky - TravEcademy","isPartOf":{"@id":"https:\/\/travecademy.be\/fr\/#website"},"primaryImageOfPage":{"@id":"https:\/\/travecademy.be\/fr\/trucs-et-astuces\/conseils-de-visite\/prairies-a-elans-et-a-bisons-dans-le-kentucky\/#primaryimage"},"image":{"@id":"https:\/\/travecademy.be\/fr\/trucs-et-astuces\/conseils-de-visite\/prairies-a-elans-et-a-bisons-dans-le-kentucky\/#primaryimage"},"thumbnailUrl":"https:\/\/travecademy.be\/wp-content\/uploads\/2021\/10\/Elk-and-Bison-Prairie-in-Kentucky.jpg","datePublished":"2021-10-28T09:58:10+00:00","dateModified":"2024-02-13T10:15:02+00:00","breadcrumb":{"@id":"https:\/\/travecademy.be\/fr\/trucs-et-astuces\/conseils-de-visite\/prairies-a-elans-et-a-bisons-dans-le-kentucky\/#breadcrumb"},"inLanguage":"fr-FR","potentialAction":[{"@type":"ReadAction","target":["https:\/\/travecademy.be\/fr\/trucs-et-astuces\/conseils-de-visite\/prairies-a-elans-et-a-bisons-dans-le-kentucky\/"]}]},{"@type":"ImageObject","inLanguage":"fr-FR","@id":"https:\/\/travecademy.be\/fr\/trucs-et-astuces\/conseils-de-visite\/prairies-a-elans-et-a-bisons-dans-le-kentucky\/#primaryimage","url":"https:\/\/travecademy.be\/wp-content\/uploads\/2021\/10\/Elk-and-Bison-Prairie-in-Kentucky.jpg","contentUrl":"https:\/\/travecademy.be\/wp-content\/uploads\/2021\/10\/Elk-and-Bison-Prairie-in-Kentucky.jpg","width":622,"height":415},{"@type":"BreadcrumbList","@id":"https:\/\/travecademy.be\/fr\/trucs-et-astuces\/conseils-de-visite\/prairies-a-elans-et-a-bisons-dans-le-kentucky\/#breadcrumb","itemListElement":[{"@type":"ListItem","position":1,"name":"Home","item":"https:\/\/travecademy.be\/fr\/"},{"@type":"ListItem","position":2,"name":"Trucs et astuces","item":"https:\/\/travecademy.be\/fr\/trucs-et-astuces\/"},{"@type":"ListItem","position":3,"name":"Conseils de visite","item":"https:\/\/travecademy.be\/fr\/tips-tricks\/bezoektips\/"},{"@type":"ListItem","position":4,"name":"Prairies \u00e0 \u00e9lans et \u00e0 bisons dans le Kentucky"}]},{"@type":"WebSite","@id":"https:\/\/travecademy.be\/fr\/#website","url":"https:\/\/travecademy.be\/fr\/","name":"TravEcademy","description":"Het meest succesvolle en gratis e-learning platform voor reisprofessionals","publisher":{"@id":"https:\/\/travecademy.be\/fr\/#organization"},"potentialAction":[{"@type":"SearchAction","target":{"@type":"EntryPoint","urlTemplate":"https:\/\/travecademy.be\/fr\/?s={search_term_string}"},"query-input":{"@type":"PropertyValueSpecification","valueRequired":true,"valueName":"search_term_string"}}],"inLanguage":"fr-FR"},{"@type":"Organization","@id":"https:\/\/travecademy.be\/fr\/#organization","name":"TravEcademy","url":"https:\/\/travecademy.be\/fr\/","logo":{"@type":"ImageObject","inLanguage":"fr-FR","@id":"https:\/\/travecademy.be\/fr\/#\/schema\/logo\/image\/","url":"https:\/\/travecademy.be\/wp-content\/uploads\/2024\/04\/Travecademy.png","contentUrl":"https:\/\/travecademy.be\/wp-content\/uploads\/2024\/04\/Travecademy.png","width":1263,"height":313,"caption":"TravEcademy"},"image":{"@id":"https:\/\/travecademy.be\/fr\/#\/schema\/logo\/image\/"}}]}},"publishpress_future_action":{"enabled":false,"date":"2026-04-13 08:22:11","action":"change-status","newStatus":"draft","terms":[],"taxonomy":"ecademys","extraData":[]},"publishpress_future_workflow_manual_trigger":{"enabledWorkflows":[]},"ticketed":false,"_links":{"self":[{"href":"https:\/\/travecademy.be\/fr\/wp-json\/wp\/v2\/pages\/44577","targetHints":{"allow":["GET"]}}],"collection":[{"href":"https:\/\/travecademy.be\/fr\/wp-json\/wp\/v2\/pages"}],"about":[{"href":"https:\/\/travecademy.be\/fr\/wp-json\/wp\/v2\/types\/page"}],"author":[{"embeddable":true,"href":"https:\/\/travecademy.be\/fr\/wp-json\/wp\/v2\/users\/1"}],"replies":[{"embeddable":true,"href":"https:\/\/travecademy.be\/fr\/wp-json\/wp\/v2\/comments?post=44577"}],"version-history":[{"count":1,"href":"https:\/\/travecademy.be\/fr\/wp-json\/wp\/v2\/pages\/44577\/revisions"}],"predecessor-version":[{"id":44583,"href":"https:\/\/travecademy.be\/fr\/wp-json\/wp\/v2\/pages\/44577\/revisions\/44583"}],"up":[{"embeddable":true,"href":"https:\/\/travecademy.be\/fr\/wp-json\/wp\/v2\/pages\/44412"}],"wp:featuredmedia":[{"embeddable":true,"href":"https:\/\/travecademy.be\/fr\/wp-json\/wp\/v2\/media\/36307"}],"wp:attachment":[{"href":"https:\/\/travecademy.be\/fr\/wp-json\/wp\/v2\/media?parent=44577"}],"wp:term":[{"taxonomy":"post_tag","embeddable":true,"href":"https:\/\/travecademy.be\/fr\/wp-json\/wp\/v2\/tags?post=44577"},{"taxonomy":"ecademys","embeddable":true,"href":"https:\/\/travecademy.be\/fr\/wp-json\/wp\/v2\/ecademys?post=44577"}],"curies":[{"name":"wp","href":"https:\/\/api.w.org\/{rel}","templated":true}]}}