{"id":44578,"date":"2022-02-18T16:34:45","date_gmt":"2022-02-18T14:34:45","guid":{"rendered":"https:\/\/travecademy.be\/mo-food-truck-fest\/"},"modified":"2024-02-13T12:15:02","modified_gmt":"2024-02-13T10:15:02","slug":"mo-food-truck-fest","status":"publish","type":"page","link":"https:\/\/travecademy.be\/fr\/mo-food-truck-fest\/","title":{"rendered":"MO Food Truck Fest"},"content":{"rendered":"<p><strong>Les petits festivals locaux sont souvent \u00e9tonnamment amusants et agr\u00e9ables pour les touristes. Des plats savoureux et des discussions avec les habitants, qui ne sont que trop heureux et fiers de vous parler des sp\u00e9cialit\u00e9s locales.  <\/strong><\/p>\n<p>Le <a href=\"https:\/\/mofoodtruckfest.wordpress.com\/\" target=\"_blank\" rel=\"noopener\">MO Food Truck Fest<\/a>, qui s\u2019est d\u00e9roul\u00e9 le 17 septembre 2022 \u00e0 l\u2019Ozark Empire Fairgrounds, dans le Missouri, en est le parfait exemple. Lors de cet \u00e9v\u00e9nement annuel, les gourmets d\u00e9gustent de d\u00e9licieux plats et en-cas du monde entier.<\/p>\n<p><a href=\"http:\/\/mofoodtruckfest.wordpress.com\/\" target=\"_blank\" rel=\"noopener\"><img fetchpriority=\"high\" decoding=\"async\" class=\" size-full wp-image-3930\" alt=\"\" height=\"429\" src=\"http:\/\/travecademy.be\/wp-content\/uploads\/2022\/02\/Plaatselijke-events_MO-Food-Truck-Fest.png\" width=\"500\" srcset=\"https:\/\/travecademy.be\/wp-content\/uploads\/2022\/02\/Plaatselijke-events_MO-Food-Truck-Fest.png 765w, https:\/\/travecademy.be\/wp-content\/uploads\/2022\/02\/Plaatselijke-events_MO-Food-Truck-Fest-600x515.png 600w, https:\/\/travecademy.be\/wp-content\/uploads\/2022\/02\/Plaatselijke-events_MO-Food-Truck-Fest-300x258.png 300w, https:\/\/travecademy.be\/wp-content\/uploads\/2022\/02\/Plaatselijke-events_MO-Food-Truck-Fest-624x536.png 624w, https:\/\/travecademy.be\/wp-content\/uploads\/2022\/02\/Plaatselijke-events_MO-Food-Truck-Fest-50x43.png 50w, https:\/\/travecademy.be\/wp-content\/uploads\/2022\/02\/Plaatselijke-events_MO-Food-Truck-Fest-100x86.png 100w\" sizes=\"(max-width: 500px) 100vw, 500px\" \/><\/a><\/p>\n","protected":false},"excerpt":{"rendered":"<p>Les petits festivals locaux sont souvent \u00e9tonnamment amusants et agr\u00e9ables pour les touristes. Des plats savoureux et des discussions avec les habitants, qui ne sont\u2026<\/p>\n","protected":false},"author":1,"featured_media":36332,"parent":0,"menu_order":0,"comment_status":"closed","ping_status":"closed","template":"","meta":{"_acf_changed":false,"_price":"","_stock":"","_tribe_ticket_header":"","_tribe_default_ticket_provider":"","_tribe_ticket_capacity":"0","_ticket_start_date":"","_ticket_end_date":"","_tribe_ticket_show_description":"","_tribe_ticket_show_not_going":false,"_tribe_ticket_use_global_stock":"","_tribe_ticket_global_stock_level":"","_global_stock_mode":"","_global_stock_cap":"","_tribe_rsvp_for_event":"","_tribe_ticket_going_count":"","_tribe_ticket_not_going_count":"","_tribe_tickets_list":"[]","_tribe_ticket_has_attendee_info_fields":false,"footnotes":"","_tec_slr_enabled":"","_tec_slr_layout":""},"tags":[],"ecademys":[500],"class_list":["post-44578","page","type-page","status-publish","has-post-thumbnail","hentry","ecademys-travel-south-usa-fr"],"acf":[],"yoast_head":"<!-- This site is optimized with the Yoast SEO Premium plugin v27.5 (Yoast SEO v27.5) - https:\/\/yoast.com\/product\/yoast-seo-premium-wordpress\/ -->\n<title>MO Food Truck Fest - TravEcademy<\/title>\n<meta name=\"robots\" content=\"index, follow, max-snippet:-1, max-image-preview:large, max-video-preview:-1\" \/>\n<link rel=\"canonical\" href=\"https:\/\/travecademy.be\/fr\/mo-food-truck-fest\/\" class=\"yoast-seo-meta-tag\" \/>\n<meta property=\"og:locale\" content=\"fr_FR\" class=\"yoast-seo-meta-tag\" \/>\n<meta property=\"og:type\" content=\"article\" class=\"yoast-seo-meta-tag\" \/>\n<meta property=\"og:title\" content=\"MO Food Truck Fest\" class=\"yoast-seo-meta-tag\" \/>\n<meta property=\"og:description\" content=\"Les petits festivals locaux sont souvent \u00e9tonnamment amusants et agr\u00e9ables pour les touristes. Des plats savoureux et des discussions avec les habitants, qui ne sont\u2026\" class=\"yoast-seo-meta-tag\" \/>\n<meta property=\"og:url\" content=\"https:\/\/travecademy.be\/fr\/mo-food-truck-fest\/\" class=\"yoast-seo-meta-tag\" \/>\n<meta property=\"og:site_name\" content=\"TravEcademy\" class=\"yoast-seo-meta-tag\" \/>\n<meta property=\"article:modified_time\" content=\"2024-02-13T10:15:02+00:00\" class=\"yoast-seo-meta-tag\" \/>\n<meta property=\"og:image\" content=\"https:\/\/travecademy.be\/wp-content\/uploads\/2022\/02\/Plaatselijke-events_MO-Food-Truck-Fest.png\" class=\"yoast-seo-meta-tag\" \/>\n\t<meta property=\"og:image:width\" content=\"765\" class=\"yoast-seo-meta-tag\" \/>\n\t<meta property=\"og:image:height\" content=\"657\" class=\"yoast-seo-meta-tag\" \/>\n\t<meta property=\"og:image:type\" content=\"image\/png\" class=\"yoast-seo-meta-tag\" \/>\n<meta name=\"twitter:card\" content=\"summary_large_image\" class=\"yoast-seo-meta-tag\" \/>\n<script type=\"application\/ld+json\" class=\"yoast-schema-graph\">{\"@context\":\"https:\\\/\\\/schema.org\",\"@graph\":[{\"@type\":\"WebPage\",\"@id\":\"https:\\\/\\\/travecademy.be\\\/fr\\\/mo-food-truck-fest\\\/\",\"url\":\"https:\\\/\\\/travecademy.be\\\/fr\\\/mo-food-truck-fest\\\/\",\"name\":\"MO Food Truck Fest - TravEcademy\",\"isPartOf\":{\"@id\":\"https:\\\/\\\/travecademy.be\\\/fr\\\/#website\"},\"primaryImageOfPage\":{\"@id\":\"https:\\\/\\\/travecademy.be\\\/fr\\\/mo-food-truck-fest\\\/#primaryimage\"},\"image\":{\"@id\":\"https:\\\/\\\/travecademy.be\\\/fr\\\/mo-food-truck-fest\\\/#primaryimage\"},\"thumbnailUrl\":\"https:\\\/\\\/travecademy.be\\\/wp-content\\\/uploads\\\/2022\\\/02\\\/Plaatselijke-events_MO-Food-Truck-Fest.png\",\"datePublished\":\"2022-02-18T14:34:45+00:00\",\"dateModified\":\"2024-02-13T10:15:02+00:00\",\"breadcrumb\":{\"@id\":\"https:\\\/\\\/travecademy.be\\\/fr\\\/mo-food-truck-fest\\\/#breadcrumb\"},\"inLanguage\":\"fr-FR\",\"potentialAction\":[{\"@type\":\"ReadAction\",\"target\":[\"https:\\\/\\\/travecademy.be\\\/fr\\\/mo-food-truck-fest\\\/\"]}]},{\"@type\":\"ImageObject\",\"inLanguage\":\"fr-FR\",\"@id\":\"https:\\\/\\\/travecademy.be\\\/fr\\\/mo-food-truck-fest\\\/#primaryimage\",\"url\":\"https:\\\/\\\/travecademy.be\\\/wp-content\\\/uploads\\\/2022\\\/02\\\/Plaatselijke-events_MO-Food-Truck-Fest.png\",\"contentUrl\":\"https:\\\/\\\/travecademy.be\\\/wp-content\\\/uploads\\\/2022\\\/02\\\/Plaatselijke-events_MO-Food-Truck-Fest.png\",\"width\":765,\"height\":657},{\"@type\":\"BreadcrumbList\",\"@id\":\"https:\\\/\\\/travecademy.be\\\/fr\\\/mo-food-truck-fest\\\/#breadcrumb\",\"itemListElement\":[{\"@type\":\"ListItem\",\"position\":1,\"name\":\"Home\",\"item\":\"https:\\\/\\\/travecademy.be\\\/fr\\\/\"},{\"@type\":\"ListItem\",\"position\":2,\"name\":\"Manifestations locales\",\"item\":\"https:\\\/\\\/travecademy.be\\\/fr\\\/manifestations-locales\\\/\"},{\"@type\":\"ListItem\",\"position\":3,\"name\":\"MO Food Truck Fest\"}]},{\"@type\":\"WebSite\",\"@id\":\"https:\\\/\\\/travecademy.be\\\/fr\\\/#website\",\"url\":\"https:\\\/\\\/travecademy.be\\\/fr\\\/\",\"name\":\"TravEcademy\",\"description\":\"Het meest succesvolle en gratis e-learning platform voor reisprofessionals\",\"publisher\":{\"@id\":\"https:\\\/\\\/travecademy.be\\\/fr\\\/#organization\"},\"potentialAction\":[{\"@type\":\"SearchAction\",\"target\":{\"@type\":\"EntryPoint\",\"urlTemplate\":\"https:\\\/\\\/travecademy.be\\\/fr\\\/?s={search_term_string}\"},\"query-input\":{\"@type\":\"PropertyValueSpecification\",\"valueRequired\":true,\"valueName\":\"search_term_string\"}}],\"inLanguage\":\"fr-FR\"},{\"@type\":\"Organization\",\"@id\":\"https:\\\/\\\/travecademy.be\\\/fr\\\/#organization\",\"name\":\"TravEcademy\",\"url\":\"https:\\\/\\\/travecademy.be\\\/fr\\\/\",\"logo\":{\"@type\":\"ImageObject\",\"inLanguage\":\"fr-FR\",\"@id\":\"https:\\\/\\\/travecademy.be\\\/fr\\\/#\\\/schema\\\/logo\\\/image\\\/\",\"url\":\"https:\\\/\\\/travecademy.be\\\/wp-content\\\/uploads\\\/2024\\\/04\\\/Travecademy.png\",\"contentUrl\":\"https:\\\/\\\/travecademy.be\\\/wp-content\\\/uploads\\\/2024\\\/04\\\/Travecademy.png\",\"width\":1263,\"height\":313,\"caption\":\"TravEcademy\"},\"image\":{\"@id\":\"https:\\\/\\\/travecademy.be\\\/fr\\\/#\\\/schema\\\/logo\\\/image\\\/\"}}]}<\/script>\n<!-- \/ Yoast SEO Premium plugin. -->","yoast_head_json":{"title":"MO Food Truck Fest - TravEcademy","robots":{"index":"index","follow":"follow","max-snippet":"max-snippet:-1","max-image-preview":"max-image-preview:large","max-video-preview":"max-video-preview:-1"},"canonical":"https:\/\/travecademy.be\/fr\/mo-food-truck-fest\/","og_locale":"fr_FR","og_type":"article","og_title":"MO Food Truck Fest","og_description":"Les petits festivals locaux sont souvent \u00e9tonnamment amusants et agr\u00e9ables pour les touristes. Des plats savoureux et des discussions avec les habitants, qui ne sont\u2026","og_url":"https:\/\/travecademy.be\/fr\/mo-food-truck-fest\/","og_site_name":"TravEcademy","article_modified_time":"2024-02-13T10:15:02+00:00","og_image":[{"width":765,"height":657,"url":"https:\/\/travecademy.be\/wp-content\/uploads\/2022\/02\/Plaatselijke-events_MO-Food-Truck-Fest.png","type":"image\/png"}],"twitter_card":"summary_large_image","schema":{"@context":"https:\/\/schema.org","@graph":[{"@type":"WebPage","@id":"https:\/\/travecademy.be\/fr\/mo-food-truck-fest\/","url":"https:\/\/travecademy.be\/fr\/mo-food-truck-fest\/","name":"MO Food Truck Fest - TravEcademy","isPartOf":{"@id":"https:\/\/travecademy.be\/fr\/#website"},"primaryImageOfPage":{"@id":"https:\/\/travecademy.be\/fr\/mo-food-truck-fest\/#primaryimage"},"image":{"@id":"https:\/\/travecademy.be\/fr\/mo-food-truck-fest\/#primaryimage"},"thumbnailUrl":"https:\/\/travecademy.be\/wp-content\/uploads\/2022\/02\/Plaatselijke-events_MO-Food-Truck-Fest.png","datePublished":"2022-02-18T14:34:45+00:00","dateModified":"2024-02-13T10:15:02+00:00","breadcrumb":{"@id":"https:\/\/travecademy.be\/fr\/mo-food-truck-fest\/#breadcrumb"},"inLanguage":"fr-FR","potentialAction":[{"@type":"ReadAction","target":["https:\/\/travecademy.be\/fr\/mo-food-truck-fest\/"]}]},{"@type":"ImageObject","inLanguage":"fr-FR","@id":"https:\/\/travecademy.be\/fr\/mo-food-truck-fest\/#primaryimage","url":"https:\/\/travecademy.be\/wp-content\/uploads\/2022\/02\/Plaatselijke-events_MO-Food-Truck-Fest.png","contentUrl":"https:\/\/travecademy.be\/wp-content\/uploads\/2022\/02\/Plaatselijke-events_MO-Food-Truck-Fest.png","width":765,"height":657},{"@type":"BreadcrumbList","@id":"https:\/\/travecademy.be\/fr\/mo-food-truck-fest\/#breadcrumb","itemListElement":[{"@type":"ListItem","position":1,"name":"Home","item":"https:\/\/travecademy.be\/fr\/"},{"@type":"ListItem","position":2,"name":"Manifestations locales","item":"https:\/\/travecademy.be\/fr\/manifestations-locales\/"},{"@type":"ListItem","position":3,"name":"MO Food Truck Fest"}]},{"@type":"WebSite","@id":"https:\/\/travecademy.be\/fr\/#website","url":"https:\/\/travecademy.be\/fr\/","name":"TravEcademy","description":"Het meest succesvolle en gratis e-learning platform voor reisprofessionals","publisher":{"@id":"https:\/\/travecademy.be\/fr\/#organization"},"potentialAction":[{"@type":"SearchAction","target":{"@type":"EntryPoint","urlTemplate":"https:\/\/travecademy.be\/fr\/?s={search_term_string}"},"query-input":{"@type":"PropertyValueSpecification","valueRequired":true,"valueName":"search_term_string"}}],"inLanguage":"fr-FR"},{"@type":"Organization","@id":"https:\/\/travecademy.be\/fr\/#organization","name":"TravEcademy","url":"https:\/\/travecademy.be\/fr\/","logo":{"@type":"ImageObject","inLanguage":"fr-FR","@id":"https:\/\/travecademy.be\/fr\/#\/schema\/logo\/image\/","url":"https:\/\/travecademy.be\/wp-content\/uploads\/2024\/04\/Travecademy.png","contentUrl":"https:\/\/travecademy.be\/wp-content\/uploads\/2024\/04\/Travecademy.png","width":1263,"height":313,"caption":"TravEcademy"},"image":{"@id":"https:\/\/travecademy.be\/fr\/#\/schema\/logo\/image\/"}}]}},"publishpress_future_action":{"enabled":false,"date":"2026-05-07 16:58:47","action":"change-status","newStatus":"draft","terms":[],"taxonomy":"ecademys","extraData":[]},"publishpress_future_workflow_manual_trigger":{"enabledWorkflows":[]},"ticketed":false,"_links":{"self":[{"href":"https:\/\/travecademy.be\/fr\/wp-json\/wp\/v2\/pages\/44578","targetHints":{"allow":["GET"]}}],"collection":[{"href":"https:\/\/travecademy.be\/fr\/wp-json\/wp\/v2\/pages"}],"about":[{"href":"https:\/\/travecademy.be\/fr\/wp-json\/wp\/v2\/types\/page"}],"author":[{"embeddable":true,"href":"https:\/\/travecademy.be\/fr\/wp-json\/wp\/v2\/users\/1"}],"replies":[{"embeddable":true,"href":"https:\/\/travecademy.be\/fr\/wp-json\/wp\/v2\/comments?post=44578"}],"version-history":[{"count":1,"href":"https:\/\/travecademy.be\/fr\/wp-json\/wp\/v2\/pages\/44578\/revisions"}],"predecessor-version":[{"id":44587,"href":"https:\/\/travecademy.be\/fr\/wp-json\/wp\/v2\/pages\/44578\/revisions\/44587"}],"wp:featuredmedia":[{"embeddable":true,"href":"https:\/\/travecademy.be\/fr\/wp-json\/wp\/v2\/media\/36332"}],"wp:attachment":[{"href":"https:\/\/travecademy.be\/fr\/wp-json\/wp\/v2\/media?parent=44578"}],"wp:term":[{"taxonomy":"post_tag","embeddable":true,"href":"https:\/\/travecademy.be\/fr\/wp-json\/wp\/v2\/tags?post=44578"},{"taxonomy":"ecademys","embeddable":true,"href":"https:\/\/travecademy.be\/fr\/wp-json\/wp\/v2\/ecademys?post=44578"}],"curies":[{"name":"wp","href":"https:\/\/api.w.org\/{rel}","templated":true}]}}