{"id":44597,"date":"2022-02-18T16:38:41","date_gmt":"2022-02-18T14:38:41","guid":{"rendered":"https:\/\/travecademy.be\/biere-et-barbecue-dans-le-missouri\/"},"modified":"2024-02-13T12:15:03","modified_gmt":"2024-02-13T10:15:03","slug":"biere-et-barbecue-dans-le-missouri","status":"publish","type":"page","link":"https:\/\/travecademy.be\/fr\/voyages-en-voiture\/biere-et-barbecue-dans-le-missouri\/","title":{"rendered":"Bi\u00e8re et barbecue dans le Missouri"},"content":{"rendered":"<p><strong>Ce n\u2019est pas pour rien que Kansas City est \u00e9galement appel\u00e9e la<a href=\"https:\/\/www.visitkc.com\/visitors\/places-eat\/kansas-city-barbecue-capital-world\" target=\"_blank\" rel=\"noopener\">\u201ccapitale mondiale du barbecue<\/a>\u201c. En fait, vous y trouverez plus de 100 restaurants de barbecue, allant des l\u00e9gendaires Gates Bar-BQ et Arthur Bryant\u2019s Barbeque \u00e0 des \u00e9tablissements plus modestes appr\u00e9ci\u00e9s des habitants de la r\u00e9gion. La ville compterait le plus grand nombre de restaurants de barbecue par habitant au monde. Notre conseil ? T\u00e9l\u00e9chargez l\u2019application KC BBQ Experience et d\u00e9couvrez-les tous !  \u00a0<\/strong><\/p>\n<p>Cependant, Kansas City n\u2019est pas le seul endroit du Missouri qui vous mettra l\u2019eau \u00e0 la bouche. De nombreux restaurants prim\u00e9s sont diss\u00e9min\u00e9s dans tout l\u2019\u00c9tat. Par exemple, que diriez-vous de Pappy\u2019s Smokehouse ou de Salt + Smoke \u00e0 Saint-P\u00e9tersbourg ? Louis ? Nous vous conseillons d\u2019arriver \u00e0 l\u2019heure, car lorsque la viande d\u00e9licieuse s\u2019\u00e9puise, ils ferment les portes. \u00c0 Branson, nous vous recommandons d\u2019aller \u00e0 Gettin\u2019 Basted ou \u00e0 Danna\u2019s BBQ & Burger Shop.<\/p>\n<p>Vous \u00eates amateur de bi\u00e8re ? Le g\u00e9ant de la bi\u00e8re Anheuser-Busch s\u2019est install\u00e9 \u00e0 Saint-P\u00e9tersbourg. Louis et a jet\u00e9 les bases d\u2019une communaut\u00e9 de la bi\u00e8re florissante. Une visite de la <a href=\"https:\/\/www.anheuser-busch.com\/about\/breweries-and-tours\/st-louis-mo\/\" target=\"_blank\" rel=\"noopener\">brasserie<\/a> est vivement recommand\u00e9e. Le clou de la visite est une d\u00e9gustation de diff\u00e9rentes bi\u00e8res. Mais Anheuser-Busch n\u2019est pas la seule brasserie de Saint-P\u00e9tersbourg. Louis. Par exemple, vous pouvez \u00e9galement vous rendre \u00e0 Urban Chestnut Brewing Company & Schlafly. \u00c0 Kansas City, vous pouvez visiter la Boulevard Brewing Company. Apr\u00e8s avoir visit\u00e9 la brasserie, vous pouvez prolonger votre visite en vous rendant au Tours & Recreation Centre. Serez-vous \u00e0 Kansas City dimanche ? Dans ce cas, le Bingo de la salle des bi\u00e8res est un \u00e9v\u00e9nement \u00e0 ne pas manquer !<\/p>\n<p><a href=\"http:\/\/www.visitkc.com\/visitors\/places-eat\/kansas-city-barbecue-capital-world\" target=\"_blank\" rel=\"noopener\"><img fetchpriority=\"high\" decoding=\"async\" class=\" size-full wp-image-3937\" alt=\"\" height=\"267\" src=\"http:\/\/travecademy.be\/wp-content\/uploads\/2022\/02\/Roadtrips_Bier-barbecue-in-Missouri_Foto-2.jpg\" width=\"400\" srcset=\"https:\/\/travecademy.be\/wp-content\/uploads\/2022\/02\/Roadtrips_Bier-barbecue-in-Missouri_Foto-2.jpg 1280w, https:\/\/travecademy.be\/wp-content\/uploads\/2022\/02\/Roadtrips_Bier-barbecue-in-Missouri_Foto-2-600x400.jpg 600w, https:\/\/travecademy.be\/wp-content\/uploads\/2022\/02\/Roadtrips_Bier-barbecue-in-Missouri_Foto-2-300x200.jpg 300w, https:\/\/travecademy.be\/wp-content\/uploads\/2022\/02\/Roadtrips_Bier-barbecue-in-Missouri_Foto-2-1024x682.jpg 1024w, https:\/\/travecademy.be\/wp-content\/uploads\/2022\/02\/Roadtrips_Bier-barbecue-in-Missouri_Foto-2-768x512.jpg 768w, https:\/\/travecademy.be\/wp-content\/uploads\/2022\/02\/Roadtrips_Bier-barbecue-in-Missouri_Foto-2-624x416.jpg 624w, https:\/\/travecademy.be\/wp-content\/uploads\/2022\/02\/Roadtrips_Bier-barbecue-in-Missouri_Foto-2-50x33.jpg 50w, https:\/\/travecademy.be\/wp-content\/uploads\/2022\/02\/Roadtrips_Bier-barbecue-in-Missouri_Foto-2-100x67.jpg 100w\" sizes=\"(max-width: 400px) 100vw, 400px\" \/><\/a><\/p>\n","protected":false},"excerpt":{"rendered":"<p>Ce n\u2019est pas pour rien que Kansas City est \u00e9galement appel\u00e9e la\u201ccapitale mondiale du barbecue\u201c. En fait, vous y trouverez plus de 100 restaurants de\u2026<\/p>\n","protected":false},"author":1,"featured_media":36339,"parent":48767,"menu_order":0,"comment_status":"closed","ping_status":"closed","template":"","meta":{"_acf_changed":false,"_price":"","_stock":"","_tribe_ticket_header":"","_tribe_default_ticket_provider":"","_tribe_ticket_capacity":"0","_ticket_start_date":"","_ticket_end_date":"","_tribe_ticket_show_description":"","_tribe_ticket_show_not_going":false,"_tribe_ticket_use_global_stock":"","_tribe_ticket_global_stock_level":"","_global_stock_mode":"","_global_stock_cap":"","_tribe_rsvp_for_event":"","_tribe_ticket_going_count":"","_tribe_ticket_not_going_count":"","_tribe_tickets_list":"[]","_tribe_ticket_has_attendee_info_fields":false,"footnotes":"","_tec_slr_enabled":"","_tec_slr_layout":""},"tags":[],"ecademys":[500],"class_list":["post-44597","page","type-page","status-publish","has-post-thumbnail","hentry","ecademys-travel-south-usa-fr"],"acf":[],"yoast_head":"<!-- This site is optimized with the Yoast SEO Premium plugin v27.5 (Yoast SEO v27.5) - https:\/\/yoast.com\/product\/yoast-seo-premium-wordpress\/ -->\n<title>Bi\u00e8re et barbecue dans le Missouri - TravEcademy<\/title>\n<meta name=\"robots\" content=\"index, follow, max-snippet:-1, max-image-preview:large, max-video-preview:-1\" \/>\n<link rel=\"canonical\" href=\"https:\/\/travecademy.be\/fr\/voyages-en-voiture\/biere-et-barbecue-dans-le-missouri\/\" class=\"yoast-seo-meta-tag\" \/>\n<meta property=\"og:locale\" content=\"fr_FR\" class=\"yoast-seo-meta-tag\" \/>\n<meta property=\"og:type\" content=\"article\" class=\"yoast-seo-meta-tag\" \/>\n<meta property=\"og:title\" content=\"Bi\u00e8re et barbecue dans le Missouri\" class=\"yoast-seo-meta-tag\" \/>\n<meta property=\"og:description\" content=\"Ce n\u2019est pas pour rien que Kansas City est \u00e9galement appel\u00e9e la\u201ccapitale mondiale du barbecue\u201c. En fait, vous y trouverez plus de 100 restaurants de\u2026\" class=\"yoast-seo-meta-tag\" \/>\n<meta property=\"og:url\" content=\"https:\/\/travecademy.be\/fr\/voyages-en-voiture\/biere-et-barbecue-dans-le-missouri\/\" class=\"yoast-seo-meta-tag\" \/>\n<meta property=\"og:site_name\" content=\"TravEcademy\" class=\"yoast-seo-meta-tag\" \/>\n<meta property=\"article:modified_time\" content=\"2024-02-13T10:15:03+00:00\" class=\"yoast-seo-meta-tag\" \/>\n<meta property=\"og:image\" content=\"https:\/\/travecademy.be\/wp-content\/uploads\/2022\/02\/Roadtrips_Bier-barbecue-in-Missouri_Foto-1.jpg\" class=\"yoast-seo-meta-tag\" \/>\n\t<meta property=\"og:image:width\" content=\"622\" class=\"yoast-seo-meta-tag\" \/>\n\t<meta property=\"og:image:height\" content=\"415\" class=\"yoast-seo-meta-tag\" \/>\n\t<meta property=\"og:image:type\" content=\"image\/jpeg\" class=\"yoast-seo-meta-tag\" \/>\n<meta name=\"twitter:card\" content=\"summary_large_image\" class=\"yoast-seo-meta-tag\" \/>\n<meta name=\"twitter:label1\" content=\"Dur\u00e9e de lecture estim\u00e9e\" class=\"yoast-seo-meta-tag\" \/>\n\t<meta name=\"twitter:data1\" content=\"1 minute\" class=\"yoast-seo-meta-tag\" \/>\n<script type=\"application\/ld+json\" class=\"yoast-schema-graph\">{\"@context\":\"https:\\\/\\\/schema.org\",\"@graph\":[{\"@type\":\"WebPage\",\"@id\":\"https:\\\/\\\/travecademy.be\\\/fr\\\/voyages-en-voiture\\\/biere-et-barbecue-dans-le-missouri\\\/\",\"url\":\"https:\\\/\\\/travecademy.be\\\/fr\\\/voyages-en-voiture\\\/biere-et-barbecue-dans-le-missouri\\\/\",\"name\":\"Bi\u00e8re et barbecue dans le Missouri - TravEcademy\",\"isPartOf\":{\"@id\":\"https:\\\/\\\/travecademy.be\\\/fr\\\/#website\"},\"primaryImageOfPage\":{\"@id\":\"https:\\\/\\\/travecademy.be\\\/fr\\\/voyages-en-voiture\\\/biere-et-barbecue-dans-le-missouri\\\/#primaryimage\"},\"image\":{\"@id\":\"https:\\\/\\\/travecademy.be\\\/fr\\\/voyages-en-voiture\\\/biere-et-barbecue-dans-le-missouri\\\/#primaryimage\"},\"thumbnailUrl\":\"https:\\\/\\\/travecademy.be\\\/wp-content\\\/uploads\\\/2022\\\/02\\\/Roadtrips_Bier-barbecue-in-Missouri_Foto-1.jpg\",\"datePublished\":\"2022-02-18T14:38:41+00:00\",\"dateModified\":\"2024-02-13T10:15:03+00:00\",\"breadcrumb\":{\"@id\":\"https:\\\/\\\/travecademy.be\\\/fr\\\/voyages-en-voiture\\\/biere-et-barbecue-dans-le-missouri\\\/#breadcrumb\"},\"inLanguage\":\"fr-FR\",\"potentialAction\":[{\"@type\":\"ReadAction\",\"target\":[\"https:\\\/\\\/travecademy.be\\\/fr\\\/voyages-en-voiture\\\/biere-et-barbecue-dans-le-missouri\\\/\"]}]},{\"@type\":\"ImageObject\",\"inLanguage\":\"fr-FR\",\"@id\":\"https:\\\/\\\/travecademy.be\\\/fr\\\/voyages-en-voiture\\\/biere-et-barbecue-dans-le-missouri\\\/#primaryimage\",\"url\":\"https:\\\/\\\/travecademy.be\\\/wp-content\\\/uploads\\\/2022\\\/02\\\/Roadtrips_Bier-barbecue-in-Missouri_Foto-1.jpg\",\"contentUrl\":\"https:\\\/\\\/travecademy.be\\\/wp-content\\\/uploads\\\/2022\\\/02\\\/Roadtrips_Bier-barbecue-in-Missouri_Foto-1.jpg\",\"width\":622,\"height\":415},{\"@type\":\"BreadcrumbList\",\"@id\":\"https:\\\/\\\/travecademy.be\\\/fr\\\/voyages-en-voiture\\\/biere-et-barbecue-dans-le-missouri\\\/#breadcrumb\",\"itemListElement\":[{\"@type\":\"ListItem\",\"position\":1,\"name\":\"Home\",\"item\":\"https:\\\/\\\/travecademy.be\\\/fr\\\/\"},{\"@type\":\"ListItem\",\"position\":2,\"name\":\"Voyages en voiture\",\"item\":\"https:\\\/\\\/travecademy.be\\\/fr\\\/voyages-en-voiture\\\/\"},{\"@type\":\"ListItem\",\"position\":3,\"name\":\"Bi\u00e8re et barbecue dans le Missouri\"}]},{\"@type\":\"WebSite\",\"@id\":\"https:\\\/\\\/travecademy.be\\\/fr\\\/#website\",\"url\":\"https:\\\/\\\/travecademy.be\\\/fr\\\/\",\"name\":\"TravEcademy\",\"description\":\"Het meest succesvolle en gratis e-learning platform voor reisprofessionals\",\"publisher\":{\"@id\":\"https:\\\/\\\/travecademy.be\\\/fr\\\/#organization\"},\"potentialAction\":[{\"@type\":\"SearchAction\",\"target\":{\"@type\":\"EntryPoint\",\"urlTemplate\":\"https:\\\/\\\/travecademy.be\\\/fr\\\/?s={search_term_string}\"},\"query-input\":{\"@type\":\"PropertyValueSpecification\",\"valueRequired\":true,\"valueName\":\"search_term_string\"}}],\"inLanguage\":\"fr-FR\"},{\"@type\":\"Organization\",\"@id\":\"https:\\\/\\\/travecademy.be\\\/fr\\\/#organization\",\"name\":\"TravEcademy\",\"url\":\"https:\\\/\\\/travecademy.be\\\/fr\\\/\",\"logo\":{\"@type\":\"ImageObject\",\"inLanguage\":\"fr-FR\",\"@id\":\"https:\\\/\\\/travecademy.be\\\/fr\\\/#\\\/schema\\\/logo\\\/image\\\/\",\"url\":\"https:\\\/\\\/travecademy.be\\\/wp-content\\\/uploads\\\/2024\\\/04\\\/Travecademy.png\",\"contentUrl\":\"https:\\\/\\\/travecademy.be\\\/wp-content\\\/uploads\\\/2024\\\/04\\\/Travecademy.png\",\"width\":1263,\"height\":313,\"caption\":\"TravEcademy\"},\"image\":{\"@id\":\"https:\\\/\\\/travecademy.be\\\/fr\\\/#\\\/schema\\\/logo\\\/image\\\/\"}}]}<\/script>\n<!-- \/ Yoast SEO Premium plugin. -->","yoast_head_json":{"title":"Bi\u00e8re et barbecue dans le Missouri - TravEcademy","robots":{"index":"index","follow":"follow","max-snippet":"max-snippet:-1","max-image-preview":"max-image-preview:large","max-video-preview":"max-video-preview:-1"},"canonical":"https:\/\/travecademy.be\/fr\/voyages-en-voiture\/biere-et-barbecue-dans-le-missouri\/","og_locale":"fr_FR","og_type":"article","og_title":"Bi\u00e8re et barbecue dans le Missouri","og_description":"Ce n\u2019est pas pour rien que Kansas City est \u00e9galement appel\u00e9e la\u201ccapitale mondiale du barbecue\u201c. En fait, vous y trouverez plus de 100 restaurants de\u2026","og_url":"https:\/\/travecademy.be\/fr\/voyages-en-voiture\/biere-et-barbecue-dans-le-missouri\/","og_site_name":"TravEcademy","article_modified_time":"2024-02-13T10:15:03+00:00","og_image":[{"width":622,"height":415,"url":"https:\/\/travecademy.be\/wp-content\/uploads\/2022\/02\/Roadtrips_Bier-barbecue-in-Missouri_Foto-1.jpg","type":"image\/jpeg"}],"twitter_card":"summary_large_image","twitter_misc":{"Dur\u00e9e de lecture estim\u00e9e":"1 minute"},"schema":{"@context":"https:\/\/schema.org","@graph":[{"@type":"WebPage","@id":"https:\/\/travecademy.be\/fr\/voyages-en-voiture\/biere-et-barbecue-dans-le-missouri\/","url":"https:\/\/travecademy.be\/fr\/voyages-en-voiture\/biere-et-barbecue-dans-le-missouri\/","name":"Bi\u00e8re et barbecue dans le Missouri - TravEcademy","isPartOf":{"@id":"https:\/\/travecademy.be\/fr\/#website"},"primaryImageOfPage":{"@id":"https:\/\/travecademy.be\/fr\/voyages-en-voiture\/biere-et-barbecue-dans-le-missouri\/#primaryimage"},"image":{"@id":"https:\/\/travecademy.be\/fr\/voyages-en-voiture\/biere-et-barbecue-dans-le-missouri\/#primaryimage"},"thumbnailUrl":"https:\/\/travecademy.be\/wp-content\/uploads\/2022\/02\/Roadtrips_Bier-barbecue-in-Missouri_Foto-1.jpg","datePublished":"2022-02-18T14:38:41+00:00","dateModified":"2024-02-13T10:15:03+00:00","breadcrumb":{"@id":"https:\/\/travecademy.be\/fr\/voyages-en-voiture\/biere-et-barbecue-dans-le-missouri\/#breadcrumb"},"inLanguage":"fr-FR","potentialAction":[{"@type":"ReadAction","target":["https:\/\/travecademy.be\/fr\/voyages-en-voiture\/biere-et-barbecue-dans-le-missouri\/"]}]},{"@type":"ImageObject","inLanguage":"fr-FR","@id":"https:\/\/travecademy.be\/fr\/voyages-en-voiture\/biere-et-barbecue-dans-le-missouri\/#primaryimage","url":"https:\/\/travecademy.be\/wp-content\/uploads\/2022\/02\/Roadtrips_Bier-barbecue-in-Missouri_Foto-1.jpg","contentUrl":"https:\/\/travecademy.be\/wp-content\/uploads\/2022\/02\/Roadtrips_Bier-barbecue-in-Missouri_Foto-1.jpg","width":622,"height":415},{"@type":"BreadcrumbList","@id":"https:\/\/travecademy.be\/fr\/voyages-en-voiture\/biere-et-barbecue-dans-le-missouri\/#breadcrumb","itemListElement":[{"@type":"ListItem","position":1,"name":"Home","item":"https:\/\/travecademy.be\/fr\/"},{"@type":"ListItem","position":2,"name":"Voyages en voiture","item":"https:\/\/travecademy.be\/fr\/voyages-en-voiture\/"},{"@type":"ListItem","position":3,"name":"Bi\u00e8re et barbecue dans le Missouri"}]},{"@type":"WebSite","@id":"https:\/\/travecademy.be\/fr\/#website","url":"https:\/\/travecademy.be\/fr\/","name":"TravEcademy","description":"Het meest succesvolle en gratis e-learning platform voor reisprofessionals","publisher":{"@id":"https:\/\/travecademy.be\/fr\/#organization"},"potentialAction":[{"@type":"SearchAction","target":{"@type":"EntryPoint","urlTemplate":"https:\/\/travecademy.be\/fr\/?s={search_term_string}"},"query-input":{"@type":"PropertyValueSpecification","valueRequired":true,"valueName":"search_term_string"}}],"inLanguage":"fr-FR"},{"@type":"Organization","@id":"https:\/\/travecademy.be\/fr\/#organization","name":"TravEcademy","url":"https:\/\/travecademy.be\/fr\/","logo":{"@type":"ImageObject","inLanguage":"fr-FR","@id":"https:\/\/travecademy.be\/fr\/#\/schema\/logo\/image\/","url":"https:\/\/travecademy.be\/wp-content\/uploads\/2024\/04\/Travecademy.png","contentUrl":"https:\/\/travecademy.be\/wp-content\/uploads\/2024\/04\/Travecademy.png","width":1263,"height":313,"caption":"TravEcademy"},"image":{"@id":"https:\/\/travecademy.be\/fr\/#\/schema\/logo\/image\/"}}]}},"publishpress_future_action":{"enabled":false,"date":"2026-05-09 21:08:39","action":"change-status","newStatus":"draft","terms":[],"taxonomy":"ecademys","extraData":[]},"publishpress_future_workflow_manual_trigger":{"enabledWorkflows":[]},"ticketed":false,"_links":{"self":[{"href":"https:\/\/travecademy.be\/fr\/wp-json\/wp\/v2\/pages\/44597","targetHints":{"allow":["GET"]}}],"collection":[{"href":"https:\/\/travecademy.be\/fr\/wp-json\/wp\/v2\/pages"}],"about":[{"href":"https:\/\/travecademy.be\/fr\/wp-json\/wp\/v2\/types\/page"}],"author":[{"embeddable":true,"href":"https:\/\/travecademy.be\/fr\/wp-json\/wp\/v2\/users\/1"}],"replies":[{"embeddable":true,"href":"https:\/\/travecademy.be\/fr\/wp-json\/wp\/v2\/comments?post=44597"}],"version-history":[{"count":1,"href":"https:\/\/travecademy.be\/fr\/wp-json\/wp\/v2\/pages\/44597\/revisions"}],"predecessor-version":[{"id":44599,"href":"https:\/\/travecademy.be\/fr\/wp-json\/wp\/v2\/pages\/44597\/revisions\/44599"}],"up":[{"embeddable":true,"href":"https:\/\/travecademy.be\/fr\/wp-json\/wp\/v2\/pages\/48767"}],"wp:featuredmedia":[{"embeddable":true,"href":"https:\/\/travecademy.be\/fr\/wp-json\/wp\/v2\/media\/36339"}],"wp:attachment":[{"href":"https:\/\/travecademy.be\/fr\/wp-json\/wp\/v2\/media?parent=44597"}],"wp:term":[{"taxonomy":"post_tag","embeddable":true,"href":"https:\/\/travecademy.be\/fr\/wp-json\/wp\/v2\/tags?post=44597"},{"taxonomy":"ecademys","embeddable":true,"href":"https:\/\/travecademy.be\/fr\/wp-json\/wp\/v2\/ecademys?post=44597"}],"curies":[{"name":"wp","href":"https:\/\/api.w.org\/{rel}","templated":true}]}}