{"id":44601,"date":"2021-08-09T11:03:38","date_gmt":"2021-08-09T09:03:38","guid":{"rendered":"https:\/\/travecademy.be\/missouri\/"},"modified":"2024-02-13T12:15:03","modified_gmt":"2024-02-13T10:15:03","slug":"missouri","status":"publish","type":"page","link":"https:\/\/travecademy.be\/fr\/les-habitants-ont-leur-mot-a-dire\/missouri\/","title":{"rendered":"Missouri"},"content":{"rendered":"<h3><strong>Le meilleur de Kansas City<\/strong><\/h3>\n<p><strong>Au nord, vous trouverez la ville de Kansas City. Cette ville anim\u00e9e est en partie connue pour son jazz et son barbecue.  <\/strong><\/p>\n<p>L\u2019atmosph\u00e8re cool et culturelle de la ville est cr\u00e9\u00e9e par sa sc\u00e8ne artistique florissante, ses mus\u00e9es uniques et ses magasins et boutiques pittoresques. Si vous voulez aller dans un club de jazz discret \u00e0 l\u2019atmosph\u00e8re d\u00e9tendue et d\u00e9contract\u00e9e, nous vous recommandons The Ship. Vous pr\u00e9f\u00e9rez le chic ? Le Green Lady Lounge est alors un bon choix, o\u00f9 vous pourrez appr\u00e9cier les meilleurs musiciens de jazz avec style et un cocktail \u00e0 la main.<\/p>\n<p>Vous trouverez \u00e9galement de nombreux restaurants de barbecue \u00e0 Kansas City ; si les avis sont partag\u00e9s, tout le monde s\u2019accorde \u00e0 dire qu\u2019Arthur Bryant\u2019s Barbeque, Q39 et Gates BBQ sont dans le trio de t\u00eate !<\/p>\n<p>Voir <strong><br \/>\n  <a href=\"https:\/\/travelsouth.visittheusa.com\/destination\/kansas-city\" target=\"_blank\" rel=\"noopener\">ici<\/a><br \/>\n<\/strong> pour plus d\u2019informations.<\/p>\n","protected":false},"excerpt":{"rendered":"<p>Le meilleur de Kansas City Au nord, vous trouverez la ville de Kansas City. Cette ville anim\u00e9e est en partie connue pour son jazz et\u2026<\/p>\n","protected":false},"author":1,"featured_media":36297,"parent":48821,"menu_order":0,"comment_status":"closed","ping_status":"closed","template":"","meta":{"_acf_changed":false,"_price":"","_stock":"","_tribe_ticket_header":"","_tribe_default_ticket_provider":"","_tribe_ticket_capacity":"0","_ticket_start_date":"","_ticket_end_date":"","_tribe_ticket_show_description":"","_tribe_ticket_show_not_going":false,"_tribe_ticket_use_global_stock":"","_tribe_ticket_global_stock_level":"","_global_stock_mode":"","_global_stock_cap":"","_tribe_rsvp_for_event":"","_tribe_ticket_going_count":"","_tribe_ticket_not_going_count":"","_tribe_tickets_list":"[]","_tribe_ticket_has_attendee_info_fields":false,"footnotes":"","_tec_slr_enabled":"","_tec_slr_layout":""},"tags":[],"ecademys":[500],"class_list":["post-44601","page","type-page","status-publish","has-post-thumbnail","hentry","ecademys-travel-south-usa-fr"],"acf":[],"yoast_head":"<!-- This site is optimized with the Yoast SEO Premium plugin v27.5 (Yoast SEO v27.5) - https:\/\/yoast.com\/product\/yoast-seo-premium-wordpress\/ -->\n<title>Missouri - TravEcademy<\/title>\n<meta name=\"robots\" content=\"index, follow, max-snippet:-1, max-image-preview:large, max-video-preview:-1\" \/>\n<link rel=\"canonical\" href=\"https:\/\/travecademy.be\/fr\/les-habitants-ont-leur-mot-a-dire\/missouri\/\" class=\"yoast-seo-meta-tag\" \/>\n<meta property=\"og:locale\" content=\"fr_FR\" class=\"yoast-seo-meta-tag\" \/>\n<meta property=\"og:type\" content=\"article\" class=\"yoast-seo-meta-tag\" \/>\n<meta property=\"og:title\" content=\"Missouri\" class=\"yoast-seo-meta-tag\" \/>\n<meta property=\"og:description\" content=\"Le meilleur de Kansas City Au nord, vous trouverez la ville de Kansas City. Cette ville anim\u00e9e est en partie connue pour son jazz et\u2026\" class=\"yoast-seo-meta-tag\" \/>\n<meta property=\"og:url\" content=\"https:\/\/travecademy.be\/fr\/les-habitants-ont-leur-mot-a-dire\/missouri\/\" class=\"yoast-seo-meta-tag\" \/>\n<meta property=\"og:site_name\" content=\"TravEcademy\" class=\"yoast-seo-meta-tag\" \/>\n<meta property=\"article:modified_time\" content=\"2024-02-13T10:15:03+00:00\" class=\"yoast-seo-meta-tag\" \/>\n<meta property=\"og:image\" content=\"https:\/\/travecademy.be\/wp-content\/uploads\/2021\/08\/shutterstock_1087632881.jpg\" class=\"yoast-seo-meta-tag\" \/>\n\t<meta property=\"og:image:width\" content=\"622\" class=\"yoast-seo-meta-tag\" \/>\n\t<meta property=\"og:image:height\" content=\"415\" class=\"yoast-seo-meta-tag\" \/>\n\t<meta property=\"og:image:type\" content=\"image\/jpeg\" class=\"yoast-seo-meta-tag\" \/>\n<meta name=\"twitter:card\" content=\"summary_large_image\" class=\"yoast-seo-meta-tag\" \/>\n<meta name=\"twitter:label1\" content=\"Dur\u00e9e de lecture estim\u00e9e\" class=\"yoast-seo-meta-tag\" \/>\n\t<meta name=\"twitter:data1\" content=\"1 minute\" class=\"yoast-seo-meta-tag\" \/>\n<script type=\"application\/ld+json\" class=\"yoast-schema-graph\">{\"@context\":\"https:\\\/\\\/schema.org\",\"@graph\":[{\"@type\":\"WebPage\",\"@id\":\"https:\\\/\\\/travecademy.be\\\/fr\\\/les-habitants-ont-leur-mot-a-dire\\\/missouri\\\/\",\"url\":\"https:\\\/\\\/travecademy.be\\\/fr\\\/les-habitants-ont-leur-mot-a-dire\\\/missouri\\\/\",\"name\":\"Missouri - TravEcademy\",\"isPartOf\":{\"@id\":\"https:\\\/\\\/travecademy.be\\\/fr\\\/#website\"},\"primaryImageOfPage\":{\"@id\":\"https:\\\/\\\/travecademy.be\\\/fr\\\/les-habitants-ont-leur-mot-a-dire\\\/missouri\\\/#primaryimage\"},\"image\":{\"@id\":\"https:\\\/\\\/travecademy.be\\\/fr\\\/les-habitants-ont-leur-mot-a-dire\\\/missouri\\\/#primaryimage\"},\"thumbnailUrl\":\"https:\\\/\\\/travecademy.be\\\/wp-content\\\/uploads\\\/2021\\\/08\\\/shutterstock_1087632881.jpg\",\"datePublished\":\"2021-08-09T09:03:38+00:00\",\"dateModified\":\"2024-02-13T10:15:03+00:00\",\"breadcrumb\":{\"@id\":\"https:\\\/\\\/travecademy.be\\\/fr\\\/les-habitants-ont-leur-mot-a-dire\\\/missouri\\\/#breadcrumb\"},\"inLanguage\":\"fr-FR\",\"potentialAction\":[{\"@type\":\"ReadAction\",\"target\":[\"https:\\\/\\\/travecademy.be\\\/fr\\\/les-habitants-ont-leur-mot-a-dire\\\/missouri\\\/\"]}]},{\"@type\":\"ImageObject\",\"inLanguage\":\"fr-FR\",\"@id\":\"https:\\\/\\\/travecademy.be\\\/fr\\\/les-habitants-ont-leur-mot-a-dire\\\/missouri\\\/#primaryimage\",\"url\":\"https:\\\/\\\/travecademy.be\\\/wp-content\\\/uploads\\\/2021\\\/08\\\/shutterstock_1087632881.jpg\",\"contentUrl\":\"https:\\\/\\\/travecademy.be\\\/wp-content\\\/uploads\\\/2021\\\/08\\\/shutterstock_1087632881.jpg\",\"width\":622,\"height\":415},{\"@type\":\"BreadcrumbList\",\"@id\":\"https:\\\/\\\/travecademy.be\\\/fr\\\/les-habitants-ont-leur-mot-a-dire\\\/missouri\\\/#breadcrumb\",\"itemListElement\":[{\"@type\":\"ListItem\",\"position\":1,\"name\":\"Home\",\"item\":\"https:\\\/\\\/travecademy.be\\\/fr\\\/\"},{\"@type\":\"ListItem\",\"position\":2,\"name\":\"Les habitants ont leur mot \u00e0 dire\",\"item\":\"https:\\\/\\\/travecademy.be\\\/fr\\\/les-habitants-ont-leur-mot-a-dire\\\/\"},{\"@type\":\"ListItem\",\"position\":3,\"name\":\"Missouri\"}]},{\"@type\":\"WebSite\",\"@id\":\"https:\\\/\\\/travecademy.be\\\/fr\\\/#website\",\"url\":\"https:\\\/\\\/travecademy.be\\\/fr\\\/\",\"name\":\"TravEcademy\",\"description\":\"Het meest succesvolle en gratis e-learning platform voor reisprofessionals\",\"publisher\":{\"@id\":\"https:\\\/\\\/travecademy.be\\\/fr\\\/#organization\"},\"potentialAction\":[{\"@type\":\"SearchAction\",\"target\":{\"@type\":\"EntryPoint\",\"urlTemplate\":\"https:\\\/\\\/travecademy.be\\\/fr\\\/?s={search_term_string}\"},\"query-input\":{\"@type\":\"PropertyValueSpecification\",\"valueRequired\":true,\"valueName\":\"search_term_string\"}}],\"inLanguage\":\"fr-FR\"},{\"@type\":\"Organization\",\"@id\":\"https:\\\/\\\/travecademy.be\\\/fr\\\/#organization\",\"name\":\"TravEcademy\",\"url\":\"https:\\\/\\\/travecademy.be\\\/fr\\\/\",\"logo\":{\"@type\":\"ImageObject\",\"inLanguage\":\"fr-FR\",\"@id\":\"https:\\\/\\\/travecademy.be\\\/fr\\\/#\\\/schema\\\/logo\\\/image\\\/\",\"url\":\"https:\\\/\\\/travecademy.be\\\/wp-content\\\/uploads\\\/2024\\\/04\\\/Travecademy.png\",\"contentUrl\":\"https:\\\/\\\/travecademy.be\\\/wp-content\\\/uploads\\\/2024\\\/04\\\/Travecademy.png\",\"width\":1263,\"height\":313,\"caption\":\"TravEcademy\"},\"image\":{\"@id\":\"https:\\\/\\\/travecademy.be\\\/fr\\\/#\\\/schema\\\/logo\\\/image\\\/\"}}]}<\/script>\n<!-- \/ Yoast SEO Premium plugin. -->","yoast_head_json":{"title":"Missouri - TravEcademy","robots":{"index":"index","follow":"follow","max-snippet":"max-snippet:-1","max-image-preview":"max-image-preview:large","max-video-preview":"max-video-preview:-1"},"canonical":"https:\/\/travecademy.be\/fr\/les-habitants-ont-leur-mot-a-dire\/missouri\/","og_locale":"fr_FR","og_type":"article","og_title":"Missouri","og_description":"Le meilleur de Kansas City Au nord, vous trouverez la ville de Kansas City. Cette ville anim\u00e9e est en partie connue pour son jazz et\u2026","og_url":"https:\/\/travecademy.be\/fr\/les-habitants-ont-leur-mot-a-dire\/missouri\/","og_site_name":"TravEcademy","article_modified_time":"2024-02-13T10:15:03+00:00","og_image":[{"width":622,"height":415,"url":"https:\/\/travecademy.be\/wp-content\/uploads\/2021\/08\/shutterstock_1087632881.jpg","type":"image\/jpeg"}],"twitter_card":"summary_large_image","twitter_misc":{"Dur\u00e9e de lecture estim\u00e9e":"1 minute"},"schema":{"@context":"https:\/\/schema.org","@graph":[{"@type":"WebPage","@id":"https:\/\/travecademy.be\/fr\/les-habitants-ont-leur-mot-a-dire\/missouri\/","url":"https:\/\/travecademy.be\/fr\/les-habitants-ont-leur-mot-a-dire\/missouri\/","name":"Missouri - TravEcademy","isPartOf":{"@id":"https:\/\/travecademy.be\/fr\/#website"},"primaryImageOfPage":{"@id":"https:\/\/travecademy.be\/fr\/les-habitants-ont-leur-mot-a-dire\/missouri\/#primaryimage"},"image":{"@id":"https:\/\/travecademy.be\/fr\/les-habitants-ont-leur-mot-a-dire\/missouri\/#primaryimage"},"thumbnailUrl":"https:\/\/travecademy.be\/wp-content\/uploads\/2021\/08\/shutterstock_1087632881.jpg","datePublished":"2021-08-09T09:03:38+00:00","dateModified":"2024-02-13T10:15:03+00:00","breadcrumb":{"@id":"https:\/\/travecademy.be\/fr\/les-habitants-ont-leur-mot-a-dire\/missouri\/#breadcrumb"},"inLanguage":"fr-FR","potentialAction":[{"@type":"ReadAction","target":["https:\/\/travecademy.be\/fr\/les-habitants-ont-leur-mot-a-dire\/missouri\/"]}]},{"@type":"ImageObject","inLanguage":"fr-FR","@id":"https:\/\/travecademy.be\/fr\/les-habitants-ont-leur-mot-a-dire\/missouri\/#primaryimage","url":"https:\/\/travecademy.be\/wp-content\/uploads\/2021\/08\/shutterstock_1087632881.jpg","contentUrl":"https:\/\/travecademy.be\/wp-content\/uploads\/2021\/08\/shutterstock_1087632881.jpg","width":622,"height":415},{"@type":"BreadcrumbList","@id":"https:\/\/travecademy.be\/fr\/les-habitants-ont-leur-mot-a-dire\/missouri\/#breadcrumb","itemListElement":[{"@type":"ListItem","position":1,"name":"Home","item":"https:\/\/travecademy.be\/fr\/"},{"@type":"ListItem","position":2,"name":"Les habitants ont leur mot \u00e0 dire","item":"https:\/\/travecademy.be\/fr\/les-habitants-ont-leur-mot-a-dire\/"},{"@type":"ListItem","position":3,"name":"Missouri"}]},{"@type":"WebSite","@id":"https:\/\/travecademy.be\/fr\/#website","url":"https:\/\/travecademy.be\/fr\/","name":"TravEcademy","description":"Het meest succesvolle en gratis e-learning platform voor reisprofessionals","publisher":{"@id":"https:\/\/travecademy.be\/fr\/#organization"},"potentialAction":[{"@type":"SearchAction","target":{"@type":"EntryPoint","urlTemplate":"https:\/\/travecademy.be\/fr\/?s={search_term_string}"},"query-input":{"@type":"PropertyValueSpecification","valueRequired":true,"valueName":"search_term_string"}}],"inLanguage":"fr-FR"},{"@type":"Organization","@id":"https:\/\/travecademy.be\/fr\/#organization","name":"TravEcademy","url":"https:\/\/travecademy.be\/fr\/","logo":{"@type":"ImageObject","inLanguage":"fr-FR","@id":"https:\/\/travecademy.be\/fr\/#\/schema\/logo\/image\/","url":"https:\/\/travecademy.be\/wp-content\/uploads\/2024\/04\/Travecademy.png","contentUrl":"https:\/\/travecademy.be\/wp-content\/uploads\/2024\/04\/Travecademy.png","width":1263,"height":313,"caption":"TravEcademy"},"image":{"@id":"https:\/\/travecademy.be\/fr\/#\/schema\/logo\/image\/"}}]}},"publishpress_future_action":{"enabled":false,"date":"2026-05-08 00:27:52","action":"change-status","newStatus":"draft","terms":[],"taxonomy":"ecademys","extraData":[]},"publishpress_future_workflow_manual_trigger":{"enabledWorkflows":[]},"ticketed":false,"_links":{"self":[{"href":"https:\/\/travecademy.be\/fr\/wp-json\/wp\/v2\/pages\/44601","targetHints":{"allow":["GET"]}}],"collection":[{"href":"https:\/\/travecademy.be\/fr\/wp-json\/wp\/v2\/pages"}],"about":[{"href":"https:\/\/travecademy.be\/fr\/wp-json\/wp\/v2\/types\/page"}],"author":[{"embeddable":true,"href":"https:\/\/travecademy.be\/fr\/wp-json\/wp\/v2\/users\/1"}],"replies":[{"embeddable":true,"href":"https:\/\/travecademy.be\/fr\/wp-json\/wp\/v2\/comments?post=44601"}],"version-history":[{"count":1,"href":"https:\/\/travecademy.be\/fr\/wp-json\/wp\/v2\/pages\/44601\/revisions"}],"predecessor-version":[{"id":44603,"href":"https:\/\/travecademy.be\/fr\/wp-json\/wp\/v2\/pages\/44601\/revisions\/44603"}],"up":[{"embeddable":true,"href":"https:\/\/travecademy.be\/fr\/wp-json\/wp\/v2\/pages\/48821"}],"wp:featuredmedia":[{"embeddable":true,"href":"https:\/\/travecademy.be\/fr\/wp-json\/wp\/v2\/media\/36297"}],"wp:attachment":[{"href":"https:\/\/travecademy.be\/fr\/wp-json\/wp\/v2\/media?parent=44601"}],"wp:term":[{"taxonomy":"post_tag","embeddable":true,"href":"https:\/\/travecademy.be\/fr\/wp-json\/wp\/v2\/tags?post=44601"},{"taxonomy":"ecademys","embeddable":true,"href":"https:\/\/travecademy.be\/fr\/wp-json\/wp\/v2\/ecademys?post=44601"}],"curies":[{"name":"wp","href":"https:\/\/api.w.org\/{rel}","templated":true}]}}