{"id":44632,"date":"2022-06-14T08:48:28","date_gmt":"2022-06-14T06:48:28","guid":{"rendered":"https:\/\/travecademy.be\/la-route-du-bourbon-du-kentucky\/"},"modified":"2024-02-13T12:15:04","modified_gmt":"2024-02-13T10:15:04","slug":"la-route-du-bourbon-du-kentucky","status":"publish","type":"page","link":"https:\/\/travecademy.be\/fr\/voyages-en-voiture\/la-route-du-bourbon-du-kentucky\/","title":{"rendered":"La route du bourbon du Kentucky"},"content":{"rendered":"<p><strong>En Am\u00e9rique du Nord, plusieurs itin\u00e9raires sont possibles. Il y a par exemple les Tennessee Music Pathways et le Mountain Music Trail en Virginie-Occidentale. Un autre itin\u00e9raire bien connu est le <a href=\"https:\/\/kybourbontrail.com\/distilleries\/kentucky-bourbon-trail\/\" target=\"_blank\" rel=\"noopener\">Bourbon Trail<\/a> dans le Kentucky.  <\/strong><\/p>\n<p>Vous commencez \u00e0 Louisville au <a href=\"https:\/\/www.fraziermuseum.org\/kentucky-bourbon-trail-welcome-center\" target=\"_blank\" rel=\"noopener\">Frazier Museum<\/a>, point de d\u00e9part officiel de la Bourbon Trail. L\u2019itin\u00e9raire passe par 18 distilleries qui d\u00e9finissent le bourbon du Kentucky tel que le monde le conna\u00eet. Dans ces lieux, vous pouvez b\u00e9n\u00e9ficier de visites guid\u00e9es, rencontrer des ma\u00eetres distillateurs et d\u00e9guster diff\u00e9rents bourbons que vous ne trouverez pas facilement dans les magasins. L\u2019\u00e9t\u00e9, les distillateurs organisent souvent de petites manifestations avec de la musique en direct, des en-cas et de la bonne humeur.  \u00a0<\/p>\n","protected":false},"excerpt":{"rendered":"<p>En Am\u00e9rique du Nord, plusieurs itin\u00e9raires sont possibles. Il y a par exemple les Tennessee Music Pathways et le Mountain Music Trail en Virginie-Occidentale. Un\u2026<\/p>\n","protected":false},"author":1,"featured_media":36384,"parent":48767,"menu_order":0,"comment_status":"closed","ping_status":"closed","template":"","meta":{"_acf_changed":false,"_price":"","_stock":"","_tribe_ticket_header":"","_tribe_default_ticket_provider":"","_tribe_ticket_capacity":"0","_ticket_start_date":"","_ticket_end_date":"","_tribe_ticket_show_description":"","_tribe_ticket_show_not_going":false,"_tribe_ticket_use_global_stock":"","_tribe_ticket_global_stock_level":"","_global_stock_mode":"","_global_stock_cap":"","_tribe_rsvp_for_event":"","_tribe_ticket_going_count":"","_tribe_ticket_not_going_count":"","_tribe_tickets_list":"[]","_tribe_ticket_has_attendee_info_fields":false,"footnotes":"","_tec_slr_enabled":"","_tec_slr_layout":""},"tags":[],"ecademys":[500],"class_list":["post-44632","page","type-page","status-publish","has-post-thumbnail","hentry","ecademys-travel-south-usa-fr"],"acf":[],"yoast_head":"<!-- This site is optimized with the Yoast SEO Premium plugin v27.4 (Yoast SEO v27.4) - https:\/\/yoast.com\/product\/yoast-seo-premium-wordpress\/ -->\n<title>La route du bourbon du Kentucky - TravEcademy<\/title>\n<meta name=\"robots\" content=\"index, follow, max-snippet:-1, max-image-preview:large, max-video-preview:-1\" \/>\n<link rel=\"canonical\" href=\"https:\/\/travecademy.be\/fr\/voyages-en-voiture\/la-route-du-bourbon-du-kentucky\/\" class=\"yoast-seo-meta-tag\" \/>\n<meta property=\"og:locale\" content=\"fr_FR\" class=\"yoast-seo-meta-tag\" \/>\n<meta property=\"og:type\" content=\"article\" class=\"yoast-seo-meta-tag\" \/>\n<meta property=\"og:title\" content=\"La route du bourbon du Kentucky\" class=\"yoast-seo-meta-tag\" \/>\n<meta property=\"og:description\" content=\"En Am\u00e9rique du Nord, plusieurs itin\u00e9raires sont possibles. Il y a par exemple les Tennessee Music Pathways et le Mountain Music Trail en Virginie-Occidentale. Un\u2026\" class=\"yoast-seo-meta-tag\" \/>\n<meta property=\"og:url\" content=\"https:\/\/travecademy.be\/fr\/voyages-en-voiture\/la-route-du-bourbon-du-kentucky\/\" class=\"yoast-seo-meta-tag\" \/>\n<meta property=\"og:site_name\" content=\"TravEcademy\" class=\"yoast-seo-meta-tag\" \/>\n<meta property=\"article:modified_time\" content=\"2024-02-13T10:15:04+00:00\" class=\"yoast-seo-meta-tag\" \/>\n<meta property=\"og:image\" content=\"https:\/\/travecademy.be\/wp-content\/uploads\/2022\/06\/Bourbon.jpg\" class=\"yoast-seo-meta-tag\" \/>\n\t<meta property=\"og:image:width\" content=\"622\" class=\"yoast-seo-meta-tag\" \/>\n\t<meta property=\"og:image:height\" content=\"415\" class=\"yoast-seo-meta-tag\" \/>\n\t<meta property=\"og:image:type\" content=\"image\/jpeg\" class=\"yoast-seo-meta-tag\" \/>\n<meta name=\"twitter:card\" content=\"summary_large_image\" class=\"yoast-seo-meta-tag\" \/>\n<meta name=\"twitter:label1\" content=\"Dur\u00e9e de lecture estim\u00e9e\" class=\"yoast-seo-meta-tag\" \/>\n\t<meta name=\"twitter:data1\" content=\"1 minute\" class=\"yoast-seo-meta-tag\" \/>\n<script type=\"application\/ld+json\" class=\"yoast-schema-graph\">{\"@context\":\"https:\\\/\\\/schema.org\",\"@graph\":[{\"@type\":\"WebPage\",\"@id\":\"https:\\\/\\\/travecademy.be\\\/fr\\\/voyages-en-voiture\\\/la-route-du-bourbon-du-kentucky\\\/\",\"url\":\"https:\\\/\\\/travecademy.be\\\/fr\\\/voyages-en-voiture\\\/la-route-du-bourbon-du-kentucky\\\/\",\"name\":\"La route du bourbon du Kentucky - TravEcademy\",\"isPartOf\":{\"@id\":\"https:\\\/\\\/travecademy.be\\\/fr\\\/#website\"},\"primaryImageOfPage\":{\"@id\":\"https:\\\/\\\/travecademy.be\\\/fr\\\/voyages-en-voiture\\\/la-route-du-bourbon-du-kentucky\\\/#primaryimage\"},\"image\":{\"@id\":\"https:\\\/\\\/travecademy.be\\\/fr\\\/voyages-en-voiture\\\/la-route-du-bourbon-du-kentucky\\\/#primaryimage\"},\"thumbnailUrl\":\"https:\\\/\\\/travecademy.be\\\/wp-content\\\/uploads\\\/2022\\\/06\\\/Bourbon.jpg\",\"datePublished\":\"2022-06-14T06:48:28+00:00\",\"dateModified\":\"2024-02-13T10:15:04+00:00\",\"breadcrumb\":{\"@id\":\"https:\\\/\\\/travecademy.be\\\/fr\\\/voyages-en-voiture\\\/la-route-du-bourbon-du-kentucky\\\/#breadcrumb\"},\"inLanguage\":\"fr-FR\",\"potentialAction\":[{\"@type\":\"ReadAction\",\"target\":[\"https:\\\/\\\/travecademy.be\\\/fr\\\/voyages-en-voiture\\\/la-route-du-bourbon-du-kentucky\\\/\"]}]},{\"@type\":\"ImageObject\",\"inLanguage\":\"fr-FR\",\"@id\":\"https:\\\/\\\/travecademy.be\\\/fr\\\/voyages-en-voiture\\\/la-route-du-bourbon-du-kentucky\\\/#primaryimage\",\"url\":\"https:\\\/\\\/travecademy.be\\\/wp-content\\\/uploads\\\/2022\\\/06\\\/Bourbon.jpg\",\"contentUrl\":\"https:\\\/\\\/travecademy.be\\\/wp-content\\\/uploads\\\/2022\\\/06\\\/Bourbon.jpg\",\"width\":622,\"height\":415},{\"@type\":\"BreadcrumbList\",\"@id\":\"https:\\\/\\\/travecademy.be\\\/fr\\\/voyages-en-voiture\\\/la-route-du-bourbon-du-kentucky\\\/#breadcrumb\",\"itemListElement\":[{\"@type\":\"ListItem\",\"position\":1,\"name\":\"Home\",\"item\":\"https:\\\/\\\/travecademy.be\\\/fr\\\/\"},{\"@type\":\"ListItem\",\"position\":2,\"name\":\"Voyages en voiture\",\"item\":\"https:\\\/\\\/travecademy.be\\\/fr\\\/voyages-en-voiture\\\/\"},{\"@type\":\"ListItem\",\"position\":3,\"name\":\"La route du bourbon du Kentucky\"}]},{\"@type\":\"WebSite\",\"@id\":\"https:\\\/\\\/travecademy.be\\\/fr\\\/#website\",\"url\":\"https:\\\/\\\/travecademy.be\\\/fr\\\/\",\"name\":\"TravEcademy\",\"description\":\"Het meest succesvolle en gratis e-learning platform voor reisprofessionals\",\"publisher\":{\"@id\":\"https:\\\/\\\/travecademy.be\\\/fr\\\/#organization\"},\"potentialAction\":[{\"@type\":\"SearchAction\",\"target\":{\"@type\":\"EntryPoint\",\"urlTemplate\":\"https:\\\/\\\/travecademy.be\\\/fr\\\/?s={search_term_string}\"},\"query-input\":{\"@type\":\"PropertyValueSpecification\",\"valueRequired\":true,\"valueName\":\"search_term_string\"}}],\"inLanguage\":\"fr-FR\"},{\"@type\":\"Organization\",\"@id\":\"https:\\\/\\\/travecademy.be\\\/fr\\\/#organization\",\"name\":\"TravEcademy\",\"url\":\"https:\\\/\\\/travecademy.be\\\/fr\\\/\",\"logo\":{\"@type\":\"ImageObject\",\"inLanguage\":\"fr-FR\",\"@id\":\"https:\\\/\\\/travecademy.be\\\/fr\\\/#\\\/schema\\\/logo\\\/image\\\/\",\"url\":\"https:\\\/\\\/travecademy.be\\\/wp-content\\\/uploads\\\/2024\\\/04\\\/Travecademy.png\",\"contentUrl\":\"https:\\\/\\\/travecademy.be\\\/wp-content\\\/uploads\\\/2024\\\/04\\\/Travecademy.png\",\"width\":1263,\"height\":313,\"caption\":\"TravEcademy\"},\"image\":{\"@id\":\"https:\\\/\\\/travecademy.be\\\/fr\\\/#\\\/schema\\\/logo\\\/image\\\/\"}}]}<\/script>\n<!-- \/ Yoast SEO Premium plugin. -->","yoast_head_json":{"title":"La route du bourbon du Kentucky - TravEcademy","robots":{"index":"index","follow":"follow","max-snippet":"max-snippet:-1","max-image-preview":"max-image-preview:large","max-video-preview":"max-video-preview:-1"},"canonical":"https:\/\/travecademy.be\/fr\/voyages-en-voiture\/la-route-du-bourbon-du-kentucky\/","og_locale":"fr_FR","og_type":"article","og_title":"La route du bourbon du Kentucky","og_description":"En Am\u00e9rique du Nord, plusieurs itin\u00e9raires sont possibles. Il y a par exemple les Tennessee Music Pathways et le Mountain Music Trail en Virginie-Occidentale. Un\u2026","og_url":"https:\/\/travecademy.be\/fr\/voyages-en-voiture\/la-route-du-bourbon-du-kentucky\/","og_site_name":"TravEcademy","article_modified_time":"2024-02-13T10:15:04+00:00","og_image":[{"width":622,"height":415,"url":"https:\/\/travecademy.be\/wp-content\/uploads\/2022\/06\/Bourbon.jpg","type":"image\/jpeg"}],"twitter_card":"summary_large_image","twitter_misc":{"Dur\u00e9e de lecture estim\u00e9e":"1 minute"},"schema":{"@context":"https:\/\/schema.org","@graph":[{"@type":"WebPage","@id":"https:\/\/travecademy.be\/fr\/voyages-en-voiture\/la-route-du-bourbon-du-kentucky\/","url":"https:\/\/travecademy.be\/fr\/voyages-en-voiture\/la-route-du-bourbon-du-kentucky\/","name":"La route du bourbon du Kentucky - TravEcademy","isPartOf":{"@id":"https:\/\/travecademy.be\/fr\/#website"},"primaryImageOfPage":{"@id":"https:\/\/travecademy.be\/fr\/voyages-en-voiture\/la-route-du-bourbon-du-kentucky\/#primaryimage"},"image":{"@id":"https:\/\/travecademy.be\/fr\/voyages-en-voiture\/la-route-du-bourbon-du-kentucky\/#primaryimage"},"thumbnailUrl":"https:\/\/travecademy.be\/wp-content\/uploads\/2022\/06\/Bourbon.jpg","datePublished":"2022-06-14T06:48:28+00:00","dateModified":"2024-02-13T10:15:04+00:00","breadcrumb":{"@id":"https:\/\/travecademy.be\/fr\/voyages-en-voiture\/la-route-du-bourbon-du-kentucky\/#breadcrumb"},"inLanguage":"fr-FR","potentialAction":[{"@type":"ReadAction","target":["https:\/\/travecademy.be\/fr\/voyages-en-voiture\/la-route-du-bourbon-du-kentucky\/"]}]},{"@type":"ImageObject","inLanguage":"fr-FR","@id":"https:\/\/travecademy.be\/fr\/voyages-en-voiture\/la-route-du-bourbon-du-kentucky\/#primaryimage","url":"https:\/\/travecademy.be\/wp-content\/uploads\/2022\/06\/Bourbon.jpg","contentUrl":"https:\/\/travecademy.be\/wp-content\/uploads\/2022\/06\/Bourbon.jpg","width":622,"height":415},{"@type":"BreadcrumbList","@id":"https:\/\/travecademy.be\/fr\/voyages-en-voiture\/la-route-du-bourbon-du-kentucky\/#breadcrumb","itemListElement":[{"@type":"ListItem","position":1,"name":"Home","item":"https:\/\/travecademy.be\/fr\/"},{"@type":"ListItem","position":2,"name":"Voyages en voiture","item":"https:\/\/travecademy.be\/fr\/voyages-en-voiture\/"},{"@type":"ListItem","position":3,"name":"La route du bourbon du Kentucky"}]},{"@type":"WebSite","@id":"https:\/\/travecademy.be\/fr\/#website","url":"https:\/\/travecademy.be\/fr\/","name":"TravEcademy","description":"Het meest succesvolle en gratis e-learning platform voor reisprofessionals","publisher":{"@id":"https:\/\/travecademy.be\/fr\/#organization"},"potentialAction":[{"@type":"SearchAction","target":{"@type":"EntryPoint","urlTemplate":"https:\/\/travecademy.be\/fr\/?s={search_term_string}"},"query-input":{"@type":"PropertyValueSpecification","valueRequired":true,"valueName":"search_term_string"}}],"inLanguage":"fr-FR"},{"@type":"Organization","@id":"https:\/\/travecademy.be\/fr\/#organization","name":"TravEcademy","url":"https:\/\/travecademy.be\/fr\/","logo":{"@type":"ImageObject","inLanguage":"fr-FR","@id":"https:\/\/travecademy.be\/fr\/#\/schema\/logo\/image\/","url":"https:\/\/travecademy.be\/wp-content\/uploads\/2024\/04\/Travecademy.png","contentUrl":"https:\/\/travecademy.be\/wp-content\/uploads\/2024\/04\/Travecademy.png","width":1263,"height":313,"caption":"TravEcademy"},"image":{"@id":"https:\/\/travecademy.be\/fr\/#\/schema\/logo\/image\/"}}]}},"publishpress_future_action":{"enabled":false,"date":"2026-04-24 12:29:53","action":"change-status","newStatus":"draft","terms":[],"taxonomy":"ecademys","extraData":[]},"publishpress_future_workflow_manual_trigger":{"enabledWorkflows":[]},"ticketed":false,"_links":{"self":[{"href":"https:\/\/travecademy.be\/fr\/wp-json\/wp\/v2\/pages\/44632","targetHints":{"allow":["GET"]}}],"collection":[{"href":"https:\/\/travecademy.be\/fr\/wp-json\/wp\/v2\/pages"}],"about":[{"href":"https:\/\/travecademy.be\/fr\/wp-json\/wp\/v2\/types\/page"}],"author":[{"embeddable":true,"href":"https:\/\/travecademy.be\/fr\/wp-json\/wp\/v2\/users\/1"}],"replies":[{"embeddable":true,"href":"https:\/\/travecademy.be\/fr\/wp-json\/wp\/v2\/comments?post=44632"}],"version-history":[{"count":1,"href":"https:\/\/travecademy.be\/fr\/wp-json\/wp\/v2\/pages\/44632\/revisions"}],"predecessor-version":[{"id":44633,"href":"https:\/\/travecademy.be\/fr\/wp-json\/wp\/v2\/pages\/44632\/revisions\/44633"}],"up":[{"embeddable":true,"href":"https:\/\/travecademy.be\/fr\/wp-json\/wp\/v2\/pages\/48767"}],"wp:featuredmedia":[{"embeddable":true,"href":"https:\/\/travecademy.be\/fr\/wp-json\/wp\/v2\/media\/36384"}],"wp:attachment":[{"href":"https:\/\/travecademy.be\/fr\/wp-json\/wp\/v2\/media?parent=44632"}],"wp:term":[{"taxonomy":"post_tag","embeddable":true,"href":"https:\/\/travecademy.be\/fr\/wp-json\/wp\/v2\/tags?post=44632"},{"taxonomy":"ecademys","embeddable":true,"href":"https:\/\/travecademy.be\/fr\/wp-json\/wp\/v2\/ecademys?post=44632"}],"curies":[{"name":"wp","href":"https:\/\/api.w.org\/{rel}","templated":true}]}}