{"id":44641,"date":"2020-08-25T11:43:52","date_gmt":"2020-08-25T09:43:52","guid":{"rendered":"https:\/\/travecademy.be\/faits-amusants-sur-lestonie\/"},"modified":"2024-02-13T12:15:04","modified_gmt":"2024-02-13T10:15:04","slug":"faits-amusants-sur-lestonie","status":"publish","type":"page","link":"https:\/\/travecademy.be\/fr\/faits-amusants-sur-lestonie\/","title":{"rendered":"Faits amusants sur l\u2019Estonie"},"content":{"rendered":"<p><strong>L\u2019Estonie est l\u2019\u00c9tat balte le plus septentrional et se trouve \u00e0 2,5 heures de vol d\u2019Amsterdam. Le pays est relativement petit, ce qui permet de d\u00e9couvrir beaucoup de choses en peu de temps. La visite de la ville de Tallinn est incontournable, mais \u00e0 une courte distance de la ville, vous trouverez une nature pure o\u00f9 vous pourrez vous d\u00e9tendre ou partir \u00e0 l\u2019aventure. Saviez-vous que l\u2019Estonie est consid\u00e9r\u00e9e comme le pays le plus entrepreneurial d\u2019Europe et le plus num\u00e9rique du monde ? Par exemple, il existe des dispositions sp\u00e9ciales pour les \u201cnomades num\u00e9riques\u201d\u00a0qui viennent vivre et travailler en Estonie. Et ce, dans le pays o\u00f9 la langue ressemble \u00e0 la langue mythique des elfes !<\/strong><\/p>\n<p>D\u2019autres faits amusants :<\/p>\n<ul>\n<li>L\u2019Estonie a un climat continental avec des \u00e9t\u00e9s chauds et des hivers froids.<\/li>\n<li>L\u2019Estonie ne compte que 1,3 million d\u2019habitants, mais sa superficie est sup\u00e9rieure \u00e0 celle des Pays-Bas. La population est estonienne \u00e0 70 %, russe \u00e0 25 % et autre \u00e0 5 %.<\/li>\n<li>La capitale est Tallinn et compte un tiers de la population totale du pays.<\/li>\n<li>Outre l\u2019estonien, l\u2019anglais est bien parl\u00e9 partout.<\/li>\n<li>En Estonie, elle est plus tardive qu\u2019aux Pays-Bas. En hiver, 1 heure et en \u00e9t\u00e9, 2 heures.<\/li>\n<li>Plus de la moiti\u00e9 de l\u2019Estonie est constitu\u00e9e de for\u00eats.<\/li>\n<li>Selon l\u2019Organisation mondiale de la sant\u00e9, l\u2019Estonie se classe au quatri\u00e8me rang pour la qualit\u00e9 de l\u2019air dans les zones urbaines.<\/li>\n<li>Deux dialectes diff\u00e9rents sont parl\u00e9s dans le sud de l\u2019Estonie : Setos (site du patrimoine mondial immat\u00e9riel de l\u2019UNESCO) et V\u00f5ro. Il n\u2019est pas compr\u00e9hensible, m\u00eame pour de nombreux Estoniens.<\/li>\n<li>L\u2019Estonie compte 2 222 \u00eeles.<\/li>\n<li>L\u2019Estonie est aussi plate qu\u2019une cr\u00eape. Le sommet le plus \u00e9lev\u00e9 culmine \u00e0 318 m\u00e8tres.<\/li>\n<\/ul>\n","protected":false},"excerpt":{"rendered":"<p>L\u2019Estonie est l\u2019\u00c9tat balte le plus septentrional et se trouve \u00e0 2,5 heures de vol d\u2019Amsterdam. Le pays est relativement petit, ce qui permet de\u2026<\/p>\n","protected":false},"author":1,"featured_media":36154,"parent":0,"menu_order":0,"comment_status":"closed","ping_status":"closed","template":"","meta":{"_acf_changed":false,"_price":"","_stock":"","_tribe_ticket_header":"","_tribe_default_ticket_provider":"","_tribe_ticket_capacity":"0","_ticket_start_date":"","_ticket_end_date":"","_tribe_ticket_show_description":"","_tribe_ticket_show_not_going":false,"_tribe_ticket_use_global_stock":"","_tribe_ticket_global_stock_level":"","_global_stock_mode":"","_global_stock_cap":"","_tribe_rsvp_for_event":"","_tribe_ticket_going_count":"","_tribe_ticket_not_going_count":"","_tribe_tickets_list":"[]","_tribe_ticket_has_attendee_info_fields":false,"footnotes":"","_tec_slr_enabled":"","_tec_slr_layout":""},"tags":[],"ecademys":[507],"class_list":["post-44641","page","type-page","status-publish","has-post-thumbnail","hentry","ecademys-visit-estonia-fr"],"acf":[],"yoast_head":"<!-- This site is optimized with the Yoast SEO Premium plugin v27.5 (Yoast SEO v27.5) - https:\/\/yoast.com\/product\/yoast-seo-premium-wordpress\/ -->\n<title>Faits amusants sur l&#039;Estonie - TravEcademy<\/title>\n<meta name=\"robots\" content=\"index, follow, max-snippet:-1, max-image-preview:large, max-video-preview:-1\" \/>\n<link rel=\"canonical\" href=\"https:\/\/travecademy.be\/fr\/faits-amusants-sur-lestonie\/\" class=\"yoast-seo-meta-tag\" \/>\n<meta property=\"og:locale\" content=\"fr_FR\" class=\"yoast-seo-meta-tag\" \/>\n<meta property=\"og:type\" content=\"article\" class=\"yoast-seo-meta-tag\" \/>\n<meta property=\"og:title\" content=\"Faits amusants sur l&#039;Estonie\" class=\"yoast-seo-meta-tag\" \/>\n<meta property=\"og:description\" content=\"L\u2019Estonie est l\u2019\u00c9tat balte le plus septentrional et se trouve \u00e0 2,5 heures de vol d\u2019Amsterdam. Le pays est relativement petit, ce qui permet de\u2026\" class=\"yoast-seo-meta-tag\" \/>\n<meta property=\"og:url\" content=\"https:\/\/travecademy.be\/fr\/faits-amusants-sur-lestonie\/\" class=\"yoast-seo-meta-tag\" \/>\n<meta property=\"og:site_name\" content=\"TravEcademy\" class=\"yoast-seo-meta-tag\" \/>\n<meta property=\"article:modified_time\" content=\"2024-02-13T10:15:04+00:00\" class=\"yoast-seo-meta-tag\" \/>\n<meta property=\"og:image\" content=\"https:\/\/travecademy.be\/wp-content\/uploads\/2020\/08\/shutterstock_1536773888.jpg\" class=\"yoast-seo-meta-tag\" \/>\n\t<meta property=\"og:image:width\" content=\"622\" class=\"yoast-seo-meta-tag\" \/>\n\t<meta property=\"og:image:height\" content=\"415\" class=\"yoast-seo-meta-tag\" \/>\n\t<meta property=\"og:image:type\" content=\"image\/jpeg\" class=\"yoast-seo-meta-tag\" \/>\n<meta name=\"twitter:card\" content=\"summary_large_image\" class=\"yoast-seo-meta-tag\" \/>\n<meta name=\"twitter:label1\" content=\"Dur\u00e9e de lecture estim\u00e9e\" class=\"yoast-seo-meta-tag\" \/>\n\t<meta name=\"twitter:data1\" content=\"1 minute\" class=\"yoast-seo-meta-tag\" \/>\n<script type=\"application\/ld+json\" class=\"yoast-schema-graph\">{\"@context\":\"https:\\\/\\\/schema.org\",\"@graph\":[{\"@type\":\"WebPage\",\"@id\":\"https:\\\/\\\/travecademy.be\\\/fr\\\/faits-amusants-sur-lestonie\\\/\",\"url\":\"https:\\\/\\\/travecademy.be\\\/fr\\\/faits-amusants-sur-lestonie\\\/\",\"name\":\"Faits amusants sur l'Estonie - TravEcademy\",\"isPartOf\":{\"@id\":\"https:\\\/\\\/travecademy.be\\\/fr\\\/#website\"},\"primaryImageOfPage\":{\"@id\":\"https:\\\/\\\/travecademy.be\\\/fr\\\/faits-amusants-sur-lestonie\\\/#primaryimage\"},\"image\":{\"@id\":\"https:\\\/\\\/travecademy.be\\\/fr\\\/faits-amusants-sur-lestonie\\\/#primaryimage\"},\"thumbnailUrl\":\"https:\\\/\\\/travecademy.be\\\/wp-content\\\/uploads\\\/2020\\\/08\\\/shutterstock_1536773888.jpg\",\"datePublished\":\"2020-08-25T09:43:52+00:00\",\"dateModified\":\"2024-02-13T10:15:04+00:00\",\"breadcrumb\":{\"@id\":\"https:\\\/\\\/travecademy.be\\\/fr\\\/faits-amusants-sur-lestonie\\\/#breadcrumb\"},\"inLanguage\":\"fr-FR\",\"potentialAction\":[{\"@type\":\"ReadAction\",\"target\":[\"https:\\\/\\\/travecademy.be\\\/fr\\\/faits-amusants-sur-lestonie\\\/\"]}]},{\"@type\":\"ImageObject\",\"inLanguage\":\"fr-FR\",\"@id\":\"https:\\\/\\\/travecademy.be\\\/fr\\\/faits-amusants-sur-lestonie\\\/#primaryimage\",\"url\":\"https:\\\/\\\/travecademy.be\\\/wp-content\\\/uploads\\\/2020\\\/08\\\/shutterstock_1536773888.jpg\",\"contentUrl\":\"https:\\\/\\\/travecademy.be\\\/wp-content\\\/uploads\\\/2020\\\/08\\\/shutterstock_1536773888.jpg\",\"width\":622,\"height\":415},{\"@type\":\"BreadcrumbList\",\"@id\":\"https:\\\/\\\/travecademy.be\\\/fr\\\/faits-amusants-sur-lestonie\\\/#breadcrumb\",\"itemListElement\":[{\"@type\":\"ListItem\",\"position\":1,\"name\":\"Home\",\"item\":\"https:\\\/\\\/travecademy.be\\\/fr\\\/\"},{\"@type\":\"ListItem\",\"position\":2,\"name\":\"Faits amusants sur l&#8217;Estonie\"}]},{\"@type\":\"WebSite\",\"@id\":\"https:\\\/\\\/travecademy.be\\\/fr\\\/#website\",\"url\":\"https:\\\/\\\/travecademy.be\\\/fr\\\/\",\"name\":\"TravEcademy\",\"description\":\"Het meest succesvolle en gratis e-learning platform voor reisprofessionals\",\"publisher\":{\"@id\":\"https:\\\/\\\/travecademy.be\\\/fr\\\/#organization\"},\"potentialAction\":[{\"@type\":\"SearchAction\",\"target\":{\"@type\":\"EntryPoint\",\"urlTemplate\":\"https:\\\/\\\/travecademy.be\\\/fr\\\/?s={search_term_string}\"},\"query-input\":{\"@type\":\"PropertyValueSpecification\",\"valueRequired\":true,\"valueName\":\"search_term_string\"}}],\"inLanguage\":\"fr-FR\"},{\"@type\":\"Organization\",\"@id\":\"https:\\\/\\\/travecademy.be\\\/fr\\\/#organization\",\"name\":\"TravEcademy\",\"url\":\"https:\\\/\\\/travecademy.be\\\/fr\\\/\",\"logo\":{\"@type\":\"ImageObject\",\"inLanguage\":\"fr-FR\",\"@id\":\"https:\\\/\\\/travecademy.be\\\/fr\\\/#\\\/schema\\\/logo\\\/image\\\/\",\"url\":\"https:\\\/\\\/travecademy.be\\\/wp-content\\\/uploads\\\/2024\\\/04\\\/Travecademy.png\",\"contentUrl\":\"https:\\\/\\\/travecademy.be\\\/wp-content\\\/uploads\\\/2024\\\/04\\\/Travecademy.png\",\"width\":1263,\"height\":313,\"caption\":\"TravEcademy\"},\"image\":{\"@id\":\"https:\\\/\\\/travecademy.be\\\/fr\\\/#\\\/schema\\\/logo\\\/image\\\/\"}}]}<\/script>\n<!-- \/ Yoast SEO Premium plugin. -->","yoast_head_json":{"title":"Faits amusants sur l'Estonie - TravEcademy","robots":{"index":"index","follow":"follow","max-snippet":"max-snippet:-1","max-image-preview":"max-image-preview:large","max-video-preview":"max-video-preview:-1"},"canonical":"https:\/\/travecademy.be\/fr\/faits-amusants-sur-lestonie\/","og_locale":"fr_FR","og_type":"article","og_title":"Faits amusants sur l'Estonie","og_description":"L\u2019Estonie est l\u2019\u00c9tat balte le plus septentrional et se trouve \u00e0 2,5 heures de vol d\u2019Amsterdam. Le pays est relativement petit, ce qui permet de\u2026","og_url":"https:\/\/travecademy.be\/fr\/faits-amusants-sur-lestonie\/","og_site_name":"TravEcademy","article_modified_time":"2024-02-13T10:15:04+00:00","og_image":[{"width":622,"height":415,"url":"https:\/\/travecademy.be\/wp-content\/uploads\/2020\/08\/shutterstock_1536773888.jpg","type":"image\/jpeg"}],"twitter_card":"summary_large_image","twitter_misc":{"Dur\u00e9e de lecture estim\u00e9e":"1 minute"},"schema":{"@context":"https:\/\/schema.org","@graph":[{"@type":"WebPage","@id":"https:\/\/travecademy.be\/fr\/faits-amusants-sur-lestonie\/","url":"https:\/\/travecademy.be\/fr\/faits-amusants-sur-lestonie\/","name":"Faits amusants sur l'Estonie - TravEcademy","isPartOf":{"@id":"https:\/\/travecademy.be\/fr\/#website"},"primaryImageOfPage":{"@id":"https:\/\/travecademy.be\/fr\/faits-amusants-sur-lestonie\/#primaryimage"},"image":{"@id":"https:\/\/travecademy.be\/fr\/faits-amusants-sur-lestonie\/#primaryimage"},"thumbnailUrl":"https:\/\/travecademy.be\/wp-content\/uploads\/2020\/08\/shutterstock_1536773888.jpg","datePublished":"2020-08-25T09:43:52+00:00","dateModified":"2024-02-13T10:15:04+00:00","breadcrumb":{"@id":"https:\/\/travecademy.be\/fr\/faits-amusants-sur-lestonie\/#breadcrumb"},"inLanguage":"fr-FR","potentialAction":[{"@type":"ReadAction","target":["https:\/\/travecademy.be\/fr\/faits-amusants-sur-lestonie\/"]}]},{"@type":"ImageObject","inLanguage":"fr-FR","@id":"https:\/\/travecademy.be\/fr\/faits-amusants-sur-lestonie\/#primaryimage","url":"https:\/\/travecademy.be\/wp-content\/uploads\/2020\/08\/shutterstock_1536773888.jpg","contentUrl":"https:\/\/travecademy.be\/wp-content\/uploads\/2020\/08\/shutterstock_1536773888.jpg","width":622,"height":415},{"@type":"BreadcrumbList","@id":"https:\/\/travecademy.be\/fr\/faits-amusants-sur-lestonie\/#breadcrumb","itemListElement":[{"@type":"ListItem","position":1,"name":"Home","item":"https:\/\/travecademy.be\/fr\/"},{"@type":"ListItem","position":2,"name":"Faits amusants sur l&#8217;Estonie"}]},{"@type":"WebSite","@id":"https:\/\/travecademy.be\/fr\/#website","url":"https:\/\/travecademy.be\/fr\/","name":"TravEcademy","description":"Het meest succesvolle en gratis e-learning platform voor reisprofessionals","publisher":{"@id":"https:\/\/travecademy.be\/fr\/#organization"},"potentialAction":[{"@type":"SearchAction","target":{"@type":"EntryPoint","urlTemplate":"https:\/\/travecademy.be\/fr\/?s={search_term_string}"},"query-input":{"@type":"PropertyValueSpecification","valueRequired":true,"valueName":"search_term_string"}}],"inLanguage":"fr-FR"},{"@type":"Organization","@id":"https:\/\/travecademy.be\/fr\/#organization","name":"TravEcademy","url":"https:\/\/travecademy.be\/fr\/","logo":{"@type":"ImageObject","inLanguage":"fr-FR","@id":"https:\/\/travecademy.be\/fr\/#\/schema\/logo\/image\/","url":"https:\/\/travecademy.be\/wp-content\/uploads\/2024\/04\/Travecademy.png","contentUrl":"https:\/\/travecademy.be\/wp-content\/uploads\/2024\/04\/Travecademy.png","width":1263,"height":313,"caption":"TravEcademy"},"image":{"@id":"https:\/\/travecademy.be\/fr\/#\/schema\/logo\/image\/"}}]}},"publishpress_future_action":{"enabled":false,"date":"2026-05-09 11:47:07","action":"change-status","newStatus":"draft","terms":[],"taxonomy":"ecademys","extraData":[]},"publishpress_future_workflow_manual_trigger":{"enabledWorkflows":[]},"ticketed":false,"_links":{"self":[{"href":"https:\/\/travecademy.be\/fr\/wp-json\/wp\/v2\/pages\/44641","targetHints":{"allow":["GET"]}}],"collection":[{"href":"https:\/\/travecademy.be\/fr\/wp-json\/wp\/v2\/pages"}],"about":[{"href":"https:\/\/travecademy.be\/fr\/wp-json\/wp\/v2\/types\/page"}],"author":[{"embeddable":true,"href":"https:\/\/travecademy.be\/fr\/wp-json\/wp\/v2\/users\/1"}],"replies":[{"embeddable":true,"href":"https:\/\/travecademy.be\/fr\/wp-json\/wp\/v2\/comments?post=44641"}],"version-history":[{"count":1,"href":"https:\/\/travecademy.be\/fr\/wp-json\/wp\/v2\/pages\/44641\/revisions"}],"predecessor-version":[{"id":44645,"href":"https:\/\/travecademy.be\/fr\/wp-json\/wp\/v2\/pages\/44641\/revisions\/44645"}],"wp:featuredmedia":[{"embeddable":true,"href":"https:\/\/travecademy.be\/fr\/wp-json\/wp\/v2\/media\/36154"}],"wp:attachment":[{"href":"https:\/\/travecademy.be\/fr\/wp-json\/wp\/v2\/media?parent=44641"}],"wp:term":[{"taxonomy":"post_tag","embeddable":true,"href":"https:\/\/travecademy.be\/fr\/wp-json\/wp\/v2\/tags?post=44641"},{"taxonomy":"ecademys","embeddable":true,"href":"https:\/\/travecademy.be\/fr\/wp-json\/wp\/v2\/ecademys?post=44641"}],"curies":[{"name":"wp","href":"https:\/\/api.w.org\/{rel}","templated":true}]}}