{"id":44657,"date":"2020-12-03T09:35:21","date_gmt":"2020-12-03T07:35:21","guid":{"rendered":"https:\/\/travecademy.be\/etats\/dakota-du-nord\/"},"modified":"2024-02-13T12:15:04","modified_gmt":"2024-02-13T10:15:04","slug":"dakota-du-nord","status":"publish","type":"page","link":"https:\/\/travecademy.be\/fr\/etats\/dakota-du-nord\/","title":{"rendered":"Dakota du Nord"},"content":{"rendered":"<p><strong>Le Dakota du Nord, comme les autres \u00c9tats du Grand Ouest am\u00e9ricain, a \u00e9t\u00e9 peupl\u00e9 pendant des si\u00e8cles par des tribus indiennes, telles que les Mandans, les Hidatsas, les Lakotas, les Dakotas et les Sioux, avant d\u2019\u00eatre brutalement chass\u00e9es par les pionniers de l\u2019Ouest.  <\/strong><\/p>\n<p>La culture et l\u2019h\u00e9ritage am\u00e9rindiens sont encore tr\u00e8s pr\u00e9sents dans le Dakota du Nord. La visite d\u2019un mus\u00e9e (en plein air) consacr\u00e9 aux Am\u00e9rindiens vous en apprendra beaucoup sur l\u2019histoire de l\u2019Am\u00e9rique. L\u2019attraction du Dakota du Nord est le parc national Theodore Roosevelt, o\u00f9 vous pouvez s\u00e9journer dans la ville de Medora, une ville de cow-boys. Outre la capitale Bismarck, Fargo est une ville universitaire amusante,\u00a0 anim\u00e9e \u00e0 visiter.<\/p>\n<p><strong><a href=\"https:\/\/greatamericanwest.nl\/wp-content\/uploads\/2020\/01\/2020-North-Dakota-Travel-Guide.pdf\" target=\"_blank\" rel=\"noopener\">T\u00e9l\u00e9chargez la brochure en ligne ici.<\/a><\/strong><\/p>\n","protected":false},"excerpt":{"rendered":"<p>Le Dakota du Nord, comme les autres \u00c9tats du Grand Ouest am\u00e9ricain, a \u00e9t\u00e9 peupl\u00e9 pendant des si\u00e8cles par des tribus indiennes, telles que les\u2026<\/p>\n","protected":false},"author":1,"featured_media":36178,"parent":44374,"menu_order":0,"comment_status":"closed","ping_status":"closed","template":"","meta":{"_acf_changed":false,"_price":"","_stock":"","_tribe_ticket_header":"","_tribe_default_ticket_provider":"","_tribe_ticket_capacity":"0","_ticket_start_date":"","_ticket_end_date":"","_tribe_ticket_show_description":"","_tribe_ticket_show_not_going":false,"_tribe_ticket_use_global_stock":"","_tribe_ticket_global_stock_level":"","_global_stock_mode":"","_global_stock_cap":"","_tribe_rsvp_for_event":"","_tribe_ticket_going_count":"","_tribe_ticket_not_going_count":"","_tribe_tickets_list":"[]","_tribe_ticket_has_attendee_info_fields":false,"footnotes":"","_tec_slr_enabled":"","_tec_slr_layout":""},"tags":[],"ecademys":[502],"class_list":["post-44657","page","type-page","status-publish","has-post-thumbnail","hentry","ecademys-the-great-american-west-fr"],"acf":[],"yoast_head":"<!-- This site is optimized with the Yoast SEO Premium plugin v27.5 (Yoast SEO v27.5) - https:\/\/yoast.com\/product\/yoast-seo-premium-wordpress\/ -->\n<title>Dakota du Nord - TravEcademy<\/title>\n<meta name=\"robots\" content=\"index, follow, max-snippet:-1, max-image-preview:large, max-video-preview:-1\" \/>\n<link rel=\"canonical\" href=\"https:\/\/travecademy.be\/fr\/etats\/dakota-du-nord\/\" class=\"yoast-seo-meta-tag\" \/>\n<meta property=\"og:locale\" content=\"fr_FR\" class=\"yoast-seo-meta-tag\" \/>\n<meta property=\"og:type\" content=\"article\" class=\"yoast-seo-meta-tag\" \/>\n<meta property=\"og:title\" content=\"Dakota du Nord\" class=\"yoast-seo-meta-tag\" \/>\n<meta property=\"og:description\" content=\"Le Dakota du Nord, comme les autres \u00c9tats du Grand Ouest am\u00e9ricain, a \u00e9t\u00e9 peupl\u00e9 pendant des si\u00e8cles par des tribus indiennes, telles que les\u2026\" class=\"yoast-seo-meta-tag\" \/>\n<meta property=\"og:url\" content=\"https:\/\/travecademy.be\/fr\/etats\/dakota-du-nord\/\" class=\"yoast-seo-meta-tag\" \/>\n<meta property=\"og:site_name\" content=\"TravEcademy\" class=\"yoast-seo-meta-tag\" \/>\n<meta property=\"article:modified_time\" content=\"2024-02-13T10:15:04+00:00\" class=\"yoast-seo-meta-tag\" \/>\n<meta property=\"og:image\" content=\"https:\/\/travecademy.be\/wp-content\/uploads\/2020\/12\/shutterstock_1127000108.jpg\" class=\"yoast-seo-meta-tag\" \/>\n\t<meta property=\"og:image:width\" content=\"622\" class=\"yoast-seo-meta-tag\" \/>\n\t<meta property=\"og:image:height\" content=\"415\" class=\"yoast-seo-meta-tag\" \/>\n\t<meta property=\"og:image:type\" content=\"image\/jpeg\" class=\"yoast-seo-meta-tag\" \/>\n<meta name=\"twitter:card\" content=\"summary_large_image\" class=\"yoast-seo-meta-tag\" \/>\n<meta name=\"twitter:label1\" content=\"Dur\u00e9e de lecture estim\u00e9e\" class=\"yoast-seo-meta-tag\" \/>\n\t<meta name=\"twitter:data1\" content=\"1 minute\" class=\"yoast-seo-meta-tag\" \/>\n<script type=\"application\/ld+json\" class=\"yoast-schema-graph\">{\"@context\":\"https:\\\/\\\/schema.org\",\"@graph\":[{\"@type\":\"WebPage\",\"@id\":\"https:\\\/\\\/travecademy.be\\\/fr\\\/etats\\\/dakota-du-nord\\\/\",\"url\":\"https:\\\/\\\/travecademy.be\\\/fr\\\/etats\\\/dakota-du-nord\\\/\",\"name\":\"Dakota du Nord - TravEcademy\",\"isPartOf\":{\"@id\":\"https:\\\/\\\/travecademy.be\\\/fr\\\/#website\"},\"primaryImageOfPage\":{\"@id\":\"https:\\\/\\\/travecademy.be\\\/fr\\\/etats\\\/dakota-du-nord\\\/#primaryimage\"},\"image\":{\"@id\":\"https:\\\/\\\/travecademy.be\\\/fr\\\/etats\\\/dakota-du-nord\\\/#primaryimage\"},\"thumbnailUrl\":\"https:\\\/\\\/travecademy.be\\\/wp-content\\\/uploads\\\/2020\\\/12\\\/shutterstock_1127000108.jpg\",\"datePublished\":\"2020-12-03T07:35:21+00:00\",\"dateModified\":\"2024-02-13T10:15:04+00:00\",\"breadcrumb\":{\"@id\":\"https:\\\/\\\/travecademy.be\\\/fr\\\/etats\\\/dakota-du-nord\\\/#breadcrumb\"},\"inLanguage\":\"fr-FR\",\"potentialAction\":[{\"@type\":\"ReadAction\",\"target\":[\"https:\\\/\\\/travecademy.be\\\/fr\\\/etats\\\/dakota-du-nord\\\/\"]}]},{\"@type\":\"ImageObject\",\"inLanguage\":\"fr-FR\",\"@id\":\"https:\\\/\\\/travecademy.be\\\/fr\\\/etats\\\/dakota-du-nord\\\/#primaryimage\",\"url\":\"https:\\\/\\\/travecademy.be\\\/wp-content\\\/uploads\\\/2020\\\/12\\\/shutterstock_1127000108.jpg\",\"contentUrl\":\"https:\\\/\\\/travecademy.be\\\/wp-content\\\/uploads\\\/2020\\\/12\\\/shutterstock_1127000108.jpg\",\"width\":622,\"height\":415},{\"@type\":\"BreadcrumbList\",\"@id\":\"https:\\\/\\\/travecademy.be\\\/fr\\\/etats\\\/dakota-du-nord\\\/#breadcrumb\",\"itemListElement\":[{\"@type\":\"ListItem\",\"position\":1,\"name\":\"Home\",\"item\":\"https:\\\/\\\/travecademy.be\\\/fr\\\/\"},{\"@type\":\"ListItem\",\"position\":2,\"name\":\"\u00c9tats\",\"item\":\"https:\\\/\\\/travecademy.be\\\/fr\\\/etats\\\/\"},{\"@type\":\"ListItem\",\"position\":3,\"name\":\"Dakota du Nord\"}]},{\"@type\":\"WebSite\",\"@id\":\"https:\\\/\\\/travecademy.be\\\/fr\\\/#website\",\"url\":\"https:\\\/\\\/travecademy.be\\\/fr\\\/\",\"name\":\"TravEcademy\",\"description\":\"Het meest succesvolle en gratis e-learning platform voor reisprofessionals\",\"publisher\":{\"@id\":\"https:\\\/\\\/travecademy.be\\\/fr\\\/#organization\"},\"potentialAction\":[{\"@type\":\"SearchAction\",\"target\":{\"@type\":\"EntryPoint\",\"urlTemplate\":\"https:\\\/\\\/travecademy.be\\\/fr\\\/?s={search_term_string}\"},\"query-input\":{\"@type\":\"PropertyValueSpecification\",\"valueRequired\":true,\"valueName\":\"search_term_string\"}}],\"inLanguage\":\"fr-FR\"},{\"@type\":\"Organization\",\"@id\":\"https:\\\/\\\/travecademy.be\\\/fr\\\/#organization\",\"name\":\"TravEcademy\",\"url\":\"https:\\\/\\\/travecademy.be\\\/fr\\\/\",\"logo\":{\"@type\":\"ImageObject\",\"inLanguage\":\"fr-FR\",\"@id\":\"https:\\\/\\\/travecademy.be\\\/fr\\\/#\\\/schema\\\/logo\\\/image\\\/\",\"url\":\"https:\\\/\\\/travecademy.be\\\/wp-content\\\/uploads\\\/2024\\\/04\\\/Travecademy.png\",\"contentUrl\":\"https:\\\/\\\/travecademy.be\\\/wp-content\\\/uploads\\\/2024\\\/04\\\/Travecademy.png\",\"width\":1263,\"height\":313,\"caption\":\"TravEcademy\"},\"image\":{\"@id\":\"https:\\\/\\\/travecademy.be\\\/fr\\\/#\\\/schema\\\/logo\\\/image\\\/\"}}]}<\/script>\n<!-- \/ Yoast SEO Premium plugin. -->","yoast_head_json":{"title":"Dakota du Nord - TravEcademy","robots":{"index":"index","follow":"follow","max-snippet":"max-snippet:-1","max-image-preview":"max-image-preview:large","max-video-preview":"max-video-preview:-1"},"canonical":"https:\/\/travecademy.be\/fr\/etats\/dakota-du-nord\/","og_locale":"fr_FR","og_type":"article","og_title":"Dakota du Nord","og_description":"Le Dakota du Nord, comme les autres \u00c9tats du Grand Ouest am\u00e9ricain, a \u00e9t\u00e9 peupl\u00e9 pendant des si\u00e8cles par des tribus indiennes, telles que les\u2026","og_url":"https:\/\/travecademy.be\/fr\/etats\/dakota-du-nord\/","og_site_name":"TravEcademy","article_modified_time":"2024-02-13T10:15:04+00:00","og_image":[{"width":622,"height":415,"url":"https:\/\/travecademy.be\/wp-content\/uploads\/2020\/12\/shutterstock_1127000108.jpg","type":"image\/jpeg"}],"twitter_card":"summary_large_image","twitter_misc":{"Dur\u00e9e de lecture estim\u00e9e":"1 minute"},"schema":{"@context":"https:\/\/schema.org","@graph":[{"@type":"WebPage","@id":"https:\/\/travecademy.be\/fr\/etats\/dakota-du-nord\/","url":"https:\/\/travecademy.be\/fr\/etats\/dakota-du-nord\/","name":"Dakota du Nord - TravEcademy","isPartOf":{"@id":"https:\/\/travecademy.be\/fr\/#website"},"primaryImageOfPage":{"@id":"https:\/\/travecademy.be\/fr\/etats\/dakota-du-nord\/#primaryimage"},"image":{"@id":"https:\/\/travecademy.be\/fr\/etats\/dakota-du-nord\/#primaryimage"},"thumbnailUrl":"https:\/\/travecademy.be\/wp-content\/uploads\/2020\/12\/shutterstock_1127000108.jpg","datePublished":"2020-12-03T07:35:21+00:00","dateModified":"2024-02-13T10:15:04+00:00","breadcrumb":{"@id":"https:\/\/travecademy.be\/fr\/etats\/dakota-du-nord\/#breadcrumb"},"inLanguage":"fr-FR","potentialAction":[{"@type":"ReadAction","target":["https:\/\/travecademy.be\/fr\/etats\/dakota-du-nord\/"]}]},{"@type":"ImageObject","inLanguage":"fr-FR","@id":"https:\/\/travecademy.be\/fr\/etats\/dakota-du-nord\/#primaryimage","url":"https:\/\/travecademy.be\/wp-content\/uploads\/2020\/12\/shutterstock_1127000108.jpg","contentUrl":"https:\/\/travecademy.be\/wp-content\/uploads\/2020\/12\/shutterstock_1127000108.jpg","width":622,"height":415},{"@type":"BreadcrumbList","@id":"https:\/\/travecademy.be\/fr\/etats\/dakota-du-nord\/#breadcrumb","itemListElement":[{"@type":"ListItem","position":1,"name":"Home","item":"https:\/\/travecademy.be\/fr\/"},{"@type":"ListItem","position":2,"name":"\u00c9tats","item":"https:\/\/travecademy.be\/fr\/etats\/"},{"@type":"ListItem","position":3,"name":"Dakota du Nord"}]},{"@type":"WebSite","@id":"https:\/\/travecademy.be\/fr\/#website","url":"https:\/\/travecademy.be\/fr\/","name":"TravEcademy","description":"Het meest succesvolle en gratis e-learning platform voor reisprofessionals","publisher":{"@id":"https:\/\/travecademy.be\/fr\/#organization"},"potentialAction":[{"@type":"SearchAction","target":{"@type":"EntryPoint","urlTemplate":"https:\/\/travecademy.be\/fr\/?s={search_term_string}"},"query-input":{"@type":"PropertyValueSpecification","valueRequired":true,"valueName":"search_term_string"}}],"inLanguage":"fr-FR"},{"@type":"Organization","@id":"https:\/\/travecademy.be\/fr\/#organization","name":"TravEcademy","url":"https:\/\/travecademy.be\/fr\/","logo":{"@type":"ImageObject","inLanguage":"fr-FR","@id":"https:\/\/travecademy.be\/fr\/#\/schema\/logo\/image\/","url":"https:\/\/travecademy.be\/wp-content\/uploads\/2024\/04\/Travecademy.png","contentUrl":"https:\/\/travecademy.be\/wp-content\/uploads\/2024\/04\/Travecademy.png","width":1263,"height":313,"caption":"TravEcademy"},"image":{"@id":"https:\/\/travecademy.be\/fr\/#\/schema\/logo\/image\/"}}]}},"publishpress_future_action":{"enabled":false,"date":"2026-05-12 14:05:27","action":"change-status","newStatus":"draft","terms":[],"taxonomy":"ecademys","extraData":[]},"publishpress_future_workflow_manual_trigger":{"enabledWorkflows":[]},"ticketed":false,"_links":{"self":[{"href":"https:\/\/travecademy.be\/fr\/wp-json\/wp\/v2\/pages\/44657","targetHints":{"allow":["GET"]}}],"collection":[{"href":"https:\/\/travecademy.be\/fr\/wp-json\/wp\/v2\/pages"}],"about":[{"href":"https:\/\/travecademy.be\/fr\/wp-json\/wp\/v2\/types\/page"}],"author":[{"embeddable":true,"href":"https:\/\/travecademy.be\/fr\/wp-json\/wp\/v2\/users\/1"}],"replies":[{"embeddable":true,"href":"https:\/\/travecademy.be\/fr\/wp-json\/wp\/v2\/comments?post=44657"}],"version-history":[{"count":1,"href":"https:\/\/travecademy.be\/fr\/wp-json\/wp\/v2\/pages\/44657\/revisions"}],"predecessor-version":[{"id":44660,"href":"https:\/\/travecademy.be\/fr\/wp-json\/wp\/v2\/pages\/44657\/revisions\/44660"}],"up":[{"embeddable":true,"href":"https:\/\/travecademy.be\/fr\/wp-json\/wp\/v2\/pages\/44374"}],"wp:featuredmedia":[{"embeddable":true,"href":"https:\/\/travecademy.be\/fr\/wp-json\/wp\/v2\/media\/36178"}],"wp:attachment":[{"href":"https:\/\/travecademy.be\/fr\/wp-json\/wp\/v2\/media?parent=44657"}],"wp:term":[{"taxonomy":"post_tag","embeddable":true,"href":"https:\/\/travecademy.be\/fr\/wp-json\/wp\/v2\/tags?post=44657"},{"taxonomy":"ecademys","embeddable":true,"href":"https:\/\/travecademy.be\/fr\/wp-json\/wp\/v2\/ecademys?post=44657"}],"curies":[{"name":"wp","href":"https:\/\/api.w.org\/{rel}","templated":true}]}}