{"id":48696,"date":"2018-08-21T15:17:04","date_gmt":"2018-08-21T13:17:04","guid":{"rendered":"https:\/\/travecademy.be\/vols-interieurs\/"},"modified":"2024-02-13T12:19:55","modified_gmt":"2024-02-13T10:19:55","slug":"vols-interieurs","status":"publish","type":"page","link":"https:\/\/travecademy.be\/fr\/informations-generales-2\/comment-sy-rendre\/vols-interieurs\/","title":{"rendered":"Vols int\u00e9rieurs"},"content":{"rendered":"<p><img fetchpriority=\"high\" decoding=\"async\" class=\" size-full wp-image-2819\" alt=\"\" height=\"470\" src=\"http:\/\/travecademy.be\/wp-content\/uploads\/2018\/08\/binnenlandse-vluchten.jpg\" width=\"1000\" srcset=\"https:\/\/travecademy.be\/wp-content\/uploads\/2018\/08\/binnenlandse-vluchten.jpg 999w, https:\/\/travecademy.be\/wp-content\/uploads\/2018\/08\/binnenlandse-vluchten-600x282.jpg 600w, https:\/\/travecademy.be\/wp-content\/uploads\/2018\/08\/binnenlandse-vluchten-300x141.jpg 300w, https:\/\/travecademy.be\/wp-content\/uploads\/2018\/08\/binnenlandse-vluchten-768x361.jpg 768w, https:\/\/travecademy.be\/wp-content\/uploads\/2018\/08\/binnenlandse-vluchten-624x294.jpg 624w, https:\/\/travecademy.be\/wp-content\/uploads\/2018\/08\/binnenlandse-vluchten-50x24.jpg 50w, https:\/\/travecademy.be\/wp-content\/uploads\/2018\/08\/binnenlandse-vluchten-100x47.jpg 100w\" sizes=\"(max-width: 1000px) 100vw, 1000px\" \/><\/p>\n<p><strong>Il existe de nombreuses liaisons int\u00e9rieures reliant les diff\u00e9rentes r\u00e9gions et villes de Tha\u00eflande. Voici ce qu\u2019il faut savoir \u00e0 ce sujet :\u00a0<\/strong><\/p>\n<ul>\n<li>Bangkok Airways dessert aujourd\u2019hui 12 destinations en Tha\u00eflande, dont Bangkok, et dispose d\u2019un r\u00e9seau international de 17 destinations. La compagnie a\u00e9rienne propose des liaisons avec 22 compagnies a\u00e9riennes internationales \u00e0 partir de son a\u00e9roport d\u2019origine, Suvarnabhumi. Des salons sont disponibles pour tous les passagers en classe \u00e9conomique, avec des rafra\u00eechissements gratuits, du th\u00e9, du caf\u00e9 et le Wi-Fi.\u00a0<\/li>\n<li>Bangkok Airways offre des coupons Discovery Airpass (minimum trois secteurs, maximum 16), soit 75-97 \u20ac pour les vols int\u00e9rieurs et 103-170 \u20ac pour les vols internationaux. Le pass (avec diff\u00e9rents tarifs) est \u00e9galement disponible pour la compagnie s\u0153ur Lao Airlines.\u00a0<\/li>\n<li>Les autres compagnies a\u00e9riennes proposant des liaisons r\u00e9gionales sont Air Asia, Nok Air, SilkAir, Jetstar et Tiger Airways.<\/li>\n<\/ul>\n<p>Thai Airways\/ Thai Smile, membres de Star Alliance, desservent 11 destinations int\u00e9rieures, dont Bangkok, et proposent des correspondances en Indochine, sur le sous-continent indien, au Moyen-Orient, en Australie et en Europe.\u00a0<\/p>\n","protected":false},"excerpt":{"rendered":"<p>Il existe de nombreuses liaisons int\u00e9rieures reliant les diff\u00e9rentes r\u00e9gions et villes de Tha\u00eflande. Voici ce qu\u2019il faut savoir \u00e0 ce sujet :\u00a0 Bangkok Airways\u2026<\/p>\n","protected":false},"author":1,"featured_media":35618,"parent":48744,"menu_order":0,"comment_status":"closed","ping_status":"closed","template":"","meta":{"_acf_changed":false,"_price":"","_stock":"","_tribe_ticket_header":"","_tribe_default_ticket_provider":"","_tribe_ticket_capacity":"0","_ticket_start_date":"","_ticket_end_date":"","_tribe_ticket_show_description":"","_tribe_ticket_show_not_going":false,"_tribe_ticket_use_global_stock":"","_tribe_ticket_global_stock_level":"","_global_stock_mode":"","_global_stock_cap":"","_tribe_rsvp_for_event":"","_tribe_ticket_going_count":"","_tribe_ticket_not_going_count":"","_tribe_tickets_list":"[]","_tribe_ticket_has_attendee_info_fields":false,"footnotes":"","_tec_slr_enabled":"","_tec_slr_layout":""},"tags":[],"ecademys":[513],"class_list":["post-48696","page","type-page","status-publish","has-post-thumbnail","hentry","ecademys-amazing-thailand-fr"],"acf":[],"yoast_head":"<!-- This site is optimized with the Yoast SEO Premium plugin v27.5 (Yoast SEO v27.5) - https:\/\/yoast.com\/product\/yoast-seo-premium-wordpress\/ -->\n<title>Vols int\u00e9rieurs - TravEcademy<\/title>\n<meta name=\"robots\" content=\"index, follow, max-snippet:-1, max-image-preview:large, max-video-preview:-1\" \/>\n<link rel=\"canonical\" href=\"https:\/\/travecademy.be\/fr\/informations-generales-2\/comment-sy-rendre\/vols-interieurs\/\" class=\"yoast-seo-meta-tag\" \/>\n<meta property=\"og:locale\" content=\"fr_FR\" class=\"yoast-seo-meta-tag\" \/>\n<meta property=\"og:type\" content=\"article\" class=\"yoast-seo-meta-tag\" \/>\n<meta property=\"og:title\" content=\"Vols int\u00e9rieurs\" class=\"yoast-seo-meta-tag\" \/>\n<meta property=\"og:description\" content=\"Il existe de nombreuses liaisons int\u00e9rieures reliant les diff\u00e9rentes r\u00e9gions et villes de Tha\u00eflande. Voici ce qu\u2019il faut savoir \u00e0 ce sujet :\u00a0 Bangkok Airways\u2026\" class=\"yoast-seo-meta-tag\" \/>\n<meta property=\"og:url\" content=\"https:\/\/travecademy.be\/fr\/informations-generales-2\/comment-sy-rendre\/vols-interieurs\/\" class=\"yoast-seo-meta-tag\" \/>\n<meta property=\"og:site_name\" content=\"TravEcademy\" class=\"yoast-seo-meta-tag\" \/>\n<meta property=\"article:modified_time\" content=\"2024-02-13T10:19:55+00:00\" class=\"yoast-seo-meta-tag\" \/>\n<meta property=\"og:image\" content=\"https:\/\/travecademy.be\/wp-content\/uploads\/2018\/08\/shutterstock_357832457.jpg\" class=\"yoast-seo-meta-tag\" \/>\n\t<meta property=\"og:image:width\" content=\"622\" class=\"yoast-seo-meta-tag\" \/>\n\t<meta property=\"og:image:height\" content=\"415\" class=\"yoast-seo-meta-tag\" \/>\n\t<meta property=\"og:image:type\" content=\"image\/jpeg\" class=\"yoast-seo-meta-tag\" \/>\n<meta name=\"twitter:card\" content=\"summary_large_image\" class=\"yoast-seo-meta-tag\" \/>\n<meta name=\"twitter:label1\" content=\"Dur\u00e9e de lecture estim\u00e9e\" class=\"yoast-seo-meta-tag\" \/>\n\t<meta name=\"twitter:data1\" content=\"1 minute\" class=\"yoast-seo-meta-tag\" \/>\n<script type=\"application\/ld+json\" class=\"yoast-schema-graph\">{\"@context\":\"https:\\\/\\\/schema.org\",\"@graph\":[{\"@type\":\"WebPage\",\"@id\":\"https:\\\/\\\/travecademy.be\\\/fr\\\/informations-generales-2\\\/comment-sy-rendre\\\/vols-interieurs\\\/\",\"url\":\"https:\\\/\\\/travecademy.be\\\/fr\\\/informations-generales-2\\\/comment-sy-rendre\\\/vols-interieurs\\\/\",\"name\":\"Vols int\u00e9rieurs - TravEcademy\",\"isPartOf\":{\"@id\":\"https:\\\/\\\/travecademy.be\\\/fr\\\/#website\"},\"primaryImageOfPage\":{\"@id\":\"https:\\\/\\\/travecademy.be\\\/fr\\\/informations-generales-2\\\/comment-sy-rendre\\\/vols-interieurs\\\/#primaryimage\"},\"image\":{\"@id\":\"https:\\\/\\\/travecademy.be\\\/fr\\\/informations-generales-2\\\/comment-sy-rendre\\\/vols-interieurs\\\/#primaryimage\"},\"thumbnailUrl\":\"https:\\\/\\\/travecademy.be\\\/wp-content\\\/uploads\\\/2018\\\/08\\\/shutterstock_357832457.jpg\",\"datePublished\":\"2018-08-21T13:17:04+00:00\",\"dateModified\":\"2024-02-13T10:19:55+00:00\",\"breadcrumb\":{\"@id\":\"https:\\\/\\\/travecademy.be\\\/fr\\\/informations-generales-2\\\/comment-sy-rendre\\\/vols-interieurs\\\/#breadcrumb\"},\"inLanguage\":\"fr-FR\",\"potentialAction\":[{\"@type\":\"ReadAction\",\"target\":[\"https:\\\/\\\/travecademy.be\\\/fr\\\/informations-generales-2\\\/comment-sy-rendre\\\/vols-interieurs\\\/\"]}]},{\"@type\":\"ImageObject\",\"inLanguage\":\"fr-FR\",\"@id\":\"https:\\\/\\\/travecademy.be\\\/fr\\\/informations-generales-2\\\/comment-sy-rendre\\\/vols-interieurs\\\/#primaryimage\",\"url\":\"https:\\\/\\\/travecademy.be\\\/wp-content\\\/uploads\\\/2018\\\/08\\\/shutterstock_357832457.jpg\",\"contentUrl\":\"https:\\\/\\\/travecademy.be\\\/wp-content\\\/uploads\\\/2018\\\/08\\\/shutterstock_357832457.jpg\",\"width\":622,\"height\":415},{\"@type\":\"BreadcrumbList\",\"@id\":\"https:\\\/\\\/travecademy.be\\\/fr\\\/informations-generales-2\\\/comment-sy-rendre\\\/vols-interieurs\\\/#breadcrumb\",\"itemListElement\":[{\"@type\":\"ListItem\",\"position\":1,\"name\":\"Home\",\"item\":\"https:\\\/\\\/travecademy.be\\\/fr\\\/\"},{\"@type\":\"ListItem\",\"position\":2,\"name\":\"Informations g\u00e9n\u00e9rales\",\"item\":\"https:\\\/\\\/travecademy.be\\\/fr\\\/algemene-informatie-4\\\/\"},{\"@type\":\"ListItem\",\"position\":3,\"name\":\"Comment s&#8217;y rendre\",\"item\":\"https:\\\/\\\/travecademy.be\\\/fr\\\/algemene-informatie-4\\\/hoe-kom-je-er\\\/\"},{\"@type\":\"ListItem\",\"position\":4,\"name\":\"Vols int\u00e9rieurs\"}]},{\"@type\":\"WebSite\",\"@id\":\"https:\\\/\\\/travecademy.be\\\/fr\\\/#website\",\"url\":\"https:\\\/\\\/travecademy.be\\\/fr\\\/\",\"name\":\"TravEcademy\",\"description\":\"Het meest succesvolle en gratis e-learning platform voor reisprofessionals\",\"publisher\":{\"@id\":\"https:\\\/\\\/travecademy.be\\\/fr\\\/#organization\"},\"potentialAction\":[{\"@type\":\"SearchAction\",\"target\":{\"@type\":\"EntryPoint\",\"urlTemplate\":\"https:\\\/\\\/travecademy.be\\\/fr\\\/?s={search_term_string}\"},\"query-input\":{\"@type\":\"PropertyValueSpecification\",\"valueRequired\":true,\"valueName\":\"search_term_string\"}}],\"inLanguage\":\"fr-FR\"},{\"@type\":\"Organization\",\"@id\":\"https:\\\/\\\/travecademy.be\\\/fr\\\/#organization\",\"name\":\"TravEcademy\",\"url\":\"https:\\\/\\\/travecademy.be\\\/fr\\\/\",\"logo\":{\"@type\":\"ImageObject\",\"inLanguage\":\"fr-FR\",\"@id\":\"https:\\\/\\\/travecademy.be\\\/fr\\\/#\\\/schema\\\/logo\\\/image\\\/\",\"url\":\"https:\\\/\\\/travecademy.be\\\/wp-content\\\/uploads\\\/2024\\\/04\\\/Travecademy.png\",\"contentUrl\":\"https:\\\/\\\/travecademy.be\\\/wp-content\\\/uploads\\\/2024\\\/04\\\/Travecademy.png\",\"width\":1263,\"height\":313,\"caption\":\"TravEcademy\"},\"image\":{\"@id\":\"https:\\\/\\\/travecademy.be\\\/fr\\\/#\\\/schema\\\/logo\\\/image\\\/\"}}]}<\/script>\n<!-- \/ Yoast SEO Premium plugin. -->","yoast_head_json":{"title":"Vols int\u00e9rieurs - TravEcademy","robots":{"index":"index","follow":"follow","max-snippet":"max-snippet:-1","max-image-preview":"max-image-preview:large","max-video-preview":"max-video-preview:-1"},"canonical":"https:\/\/travecademy.be\/fr\/informations-generales-2\/comment-sy-rendre\/vols-interieurs\/","og_locale":"fr_FR","og_type":"article","og_title":"Vols int\u00e9rieurs","og_description":"Il existe de nombreuses liaisons int\u00e9rieures reliant les diff\u00e9rentes r\u00e9gions et villes de Tha\u00eflande. Voici ce qu\u2019il faut savoir \u00e0 ce sujet :\u00a0 Bangkok Airways\u2026","og_url":"https:\/\/travecademy.be\/fr\/informations-generales-2\/comment-sy-rendre\/vols-interieurs\/","og_site_name":"TravEcademy","article_modified_time":"2024-02-13T10:19:55+00:00","og_image":[{"width":622,"height":415,"url":"https:\/\/travecademy.be\/wp-content\/uploads\/2018\/08\/shutterstock_357832457.jpg","type":"image\/jpeg"}],"twitter_card":"summary_large_image","twitter_misc":{"Dur\u00e9e de lecture estim\u00e9e":"1 minute"},"schema":{"@context":"https:\/\/schema.org","@graph":[{"@type":"WebPage","@id":"https:\/\/travecademy.be\/fr\/informations-generales-2\/comment-sy-rendre\/vols-interieurs\/","url":"https:\/\/travecademy.be\/fr\/informations-generales-2\/comment-sy-rendre\/vols-interieurs\/","name":"Vols int\u00e9rieurs - TravEcademy","isPartOf":{"@id":"https:\/\/travecademy.be\/fr\/#website"},"primaryImageOfPage":{"@id":"https:\/\/travecademy.be\/fr\/informations-generales-2\/comment-sy-rendre\/vols-interieurs\/#primaryimage"},"image":{"@id":"https:\/\/travecademy.be\/fr\/informations-generales-2\/comment-sy-rendre\/vols-interieurs\/#primaryimage"},"thumbnailUrl":"https:\/\/travecademy.be\/wp-content\/uploads\/2018\/08\/shutterstock_357832457.jpg","datePublished":"2018-08-21T13:17:04+00:00","dateModified":"2024-02-13T10:19:55+00:00","breadcrumb":{"@id":"https:\/\/travecademy.be\/fr\/informations-generales-2\/comment-sy-rendre\/vols-interieurs\/#breadcrumb"},"inLanguage":"fr-FR","potentialAction":[{"@type":"ReadAction","target":["https:\/\/travecademy.be\/fr\/informations-generales-2\/comment-sy-rendre\/vols-interieurs\/"]}]},{"@type":"ImageObject","inLanguage":"fr-FR","@id":"https:\/\/travecademy.be\/fr\/informations-generales-2\/comment-sy-rendre\/vols-interieurs\/#primaryimage","url":"https:\/\/travecademy.be\/wp-content\/uploads\/2018\/08\/shutterstock_357832457.jpg","contentUrl":"https:\/\/travecademy.be\/wp-content\/uploads\/2018\/08\/shutterstock_357832457.jpg","width":622,"height":415},{"@type":"BreadcrumbList","@id":"https:\/\/travecademy.be\/fr\/informations-generales-2\/comment-sy-rendre\/vols-interieurs\/#breadcrumb","itemListElement":[{"@type":"ListItem","position":1,"name":"Home","item":"https:\/\/travecademy.be\/fr\/"},{"@type":"ListItem","position":2,"name":"Informations g\u00e9n\u00e9rales","item":"https:\/\/travecademy.be\/fr\/algemene-informatie-4\/"},{"@type":"ListItem","position":3,"name":"Comment s&#8217;y rendre","item":"https:\/\/travecademy.be\/fr\/algemene-informatie-4\/hoe-kom-je-er\/"},{"@type":"ListItem","position":4,"name":"Vols int\u00e9rieurs"}]},{"@type":"WebSite","@id":"https:\/\/travecademy.be\/fr\/#website","url":"https:\/\/travecademy.be\/fr\/","name":"TravEcademy","description":"Het meest succesvolle en gratis e-learning platform voor reisprofessionals","publisher":{"@id":"https:\/\/travecademy.be\/fr\/#organization"},"potentialAction":[{"@type":"SearchAction","target":{"@type":"EntryPoint","urlTemplate":"https:\/\/travecademy.be\/fr\/?s={search_term_string}"},"query-input":{"@type":"PropertyValueSpecification","valueRequired":true,"valueName":"search_term_string"}}],"inLanguage":"fr-FR"},{"@type":"Organization","@id":"https:\/\/travecademy.be\/fr\/#organization","name":"TravEcademy","url":"https:\/\/travecademy.be\/fr\/","logo":{"@type":"ImageObject","inLanguage":"fr-FR","@id":"https:\/\/travecademy.be\/fr\/#\/schema\/logo\/image\/","url":"https:\/\/travecademy.be\/wp-content\/uploads\/2024\/04\/Travecademy.png","contentUrl":"https:\/\/travecademy.be\/wp-content\/uploads\/2024\/04\/Travecademy.png","width":1263,"height":313,"caption":"TravEcademy"},"image":{"@id":"https:\/\/travecademy.be\/fr\/#\/schema\/logo\/image\/"}}]}},"publishpress_future_action":{"enabled":false,"date":"2026-05-12 13:54:14","action":"change-status","newStatus":"draft","terms":[],"taxonomy":"ecademys","extraData":[]},"publishpress_future_workflow_manual_trigger":{"enabledWorkflows":[]},"ticketed":false,"_links":{"self":[{"href":"https:\/\/travecademy.be\/fr\/wp-json\/wp\/v2\/pages\/48696","targetHints":{"allow":["GET"]}}],"collection":[{"href":"https:\/\/travecademy.be\/fr\/wp-json\/wp\/v2\/pages"}],"about":[{"href":"https:\/\/travecademy.be\/fr\/wp-json\/wp\/v2\/types\/page"}],"author":[{"embeddable":true,"href":"https:\/\/travecademy.be\/fr\/wp-json\/wp\/v2\/users\/1"}],"replies":[{"embeddable":true,"href":"https:\/\/travecademy.be\/fr\/wp-json\/wp\/v2\/comments?post=48696"}],"version-history":[{"count":1,"href":"https:\/\/travecademy.be\/fr\/wp-json\/wp\/v2\/pages\/48696\/revisions"}],"predecessor-version":[{"id":48700,"href":"https:\/\/travecademy.be\/fr\/wp-json\/wp\/v2\/pages\/48696\/revisions\/48700"}],"up":[{"embeddable":true,"href":"https:\/\/travecademy.be\/fr\/wp-json\/wp\/v2\/pages\/48744"}],"wp:featuredmedia":[{"embeddable":true,"href":"https:\/\/travecademy.be\/fr\/wp-json\/wp\/v2\/media\/35618"}],"wp:attachment":[{"href":"https:\/\/travecademy.be\/fr\/wp-json\/wp\/v2\/media?parent=48696"}],"wp:term":[{"taxonomy":"post_tag","embeddable":true,"href":"https:\/\/travecademy.be\/fr\/wp-json\/wp\/v2\/tags?post=48696"},{"taxonomy":"ecademys","embeddable":true,"href":"https:\/\/travecademy.be\/fr\/wp-json\/wp\/v2\/ecademys?post=48696"}],"curies":[{"name":"wp","href":"https:\/\/api.w.org\/{rel}","templated":true}]}}