{"id":48713,"date":"2018-08-21T15:24:13","date_gmt":"2018-08-21T13:24:13","guid":{"rendered":"https:\/\/travecademy.be\/informations-generales-2\/"},"modified":"2024-02-13T12:19:56","modified_gmt":"2024-02-13T10:19:56","slug":"informations-generales-2","status":"publish","type":"page","link":"https:\/\/travecademy.be\/fr\/informations-generales-2\/","title":{"rendered":"Informations g\u00e9n\u00e9rales"},"content":{"rendered":"<p><strong>La Tha\u00eflande, situ\u00e9e en Asie du Sud-Est, est de loin la destination de vacances la plus populaire d\u2019Asie. Presque tous ceux qui y sont all\u00e9s vous diront \u00e0 quel point les plages sont belles et les habitants accueillants.  \u00a0\u00a0<\/strong><\/p>\n<p>Pour ceux qui ont une attitude de \u201cd\u00e9j\u00e0 vu, d\u00e9j\u00e0 fait\u201d, il est utile de savoir que la Tha\u00eflande se d\u00e9veloppe en permanence. Dans tout le pays, de nouveaux h\u00e9bergements ouvrent r\u00e9guli\u00e8rement, des auberges de jeunesse bon march\u00e9 aux h\u00f4tels haut de gamme. L\u2019accent sera mis non seulement sur les hauts lieux connus, mais aussi sur\u00a0, des destinations encore inconnues, ce qui signifie qu\u2019il y aura toujours quelque chose de nouveau \u00e0 visiter.\u00a0Le choix en mati\u00e8re d\u2019h\u00e9bergement est donc largement suffisant, mais il peut \u00eatre difficile de choisir les sites et les attractions \u00e0 visiter dans un pays aussi diversifi\u00e9 que la Tha\u00eflande.\u00a0Du shopping de luxe aux s\u00e9jours au spa en passant par les bateaux \u00e0 longue queue, la Tha\u00eflande est un paradis qui offre quelque chose pour tous les budgets et tous les go\u00fbts.\u00a0<\/p>\n<p>Apprenez \u00e0 mieux conna\u00eetre le pays gr\u00e2ce \u00e0 cette Ecademy (avec cours) et d\u00e9couvrez-en plus gr\u00e2ce aux diff\u00e9rents chapitres (voir le menu de droite).<\/p>\n","protected":false},"excerpt":{"rendered":"<p>La Tha\u00eflande, situ\u00e9e en Asie du Sud-Est, est de loin la destination de vacances la plus populaire d\u2019Asie. Presque tous ceux qui y sont all\u00e9s\u2026<\/p>\n","protected":false},"author":1,"featured_media":35620,"parent":0,"menu_order":0,"comment_status":"closed","ping_status":"closed","template":"","meta":{"_acf_changed":false,"_price":"","_stock":"","_tribe_ticket_header":"","_tribe_default_ticket_provider":"","_tribe_ticket_capacity":"0","_ticket_start_date":"","_ticket_end_date":"","_tribe_ticket_show_description":"","_tribe_ticket_show_not_going":false,"_tribe_ticket_use_global_stock":"","_tribe_ticket_global_stock_level":"","_global_stock_mode":"","_global_stock_cap":"","_tribe_rsvp_for_event":"","_tribe_ticket_going_count":"","_tribe_ticket_not_going_count":"","_tribe_tickets_list":"[]","_tribe_ticket_has_attendee_info_fields":false,"footnotes":"","_tec_slr_enabled":"","_tec_slr_layout":""},"tags":[],"ecademys":[513],"class_list":["post-48713","page","type-page","status-publish","has-post-thumbnail","hentry","ecademys-amazing-thailand-fr"],"acf":[],"yoast_head":"<!-- This site is optimized with the Yoast SEO Premium plugin v27.5 (Yoast SEO v27.5) - https:\/\/yoast.com\/product\/yoast-seo-premium-wordpress\/ -->\n<title>Informations g\u00e9n\u00e9rales - TravEcademy<\/title>\n<meta name=\"robots\" content=\"index, follow, max-snippet:-1, max-image-preview:large, max-video-preview:-1\" \/>\n<link rel=\"canonical\" href=\"https:\/\/travecademy.be\/fr\/informations-generales-2\/\" class=\"yoast-seo-meta-tag\" \/>\n<meta property=\"og:locale\" content=\"fr_FR\" class=\"yoast-seo-meta-tag\" \/>\n<meta property=\"og:type\" content=\"article\" class=\"yoast-seo-meta-tag\" \/>\n<meta property=\"og:title\" content=\"Informations g\u00e9n\u00e9rales\" class=\"yoast-seo-meta-tag\" \/>\n<meta property=\"og:description\" content=\"La Tha\u00eflande, situ\u00e9e en Asie du Sud-Est, est de loin la destination de vacances la plus populaire d\u2019Asie. Presque tous ceux qui y sont all\u00e9s\u2026\" class=\"yoast-seo-meta-tag\" \/>\n<meta property=\"og:url\" content=\"https:\/\/travecademy.be\/fr\/informations-generales-2\/\" class=\"yoast-seo-meta-tag\" \/>\n<meta property=\"og:site_name\" content=\"TravEcademy\" class=\"yoast-seo-meta-tag\" \/>\n<meta property=\"article:modified_time\" content=\"2024-02-13T10:19:56+00:00\" class=\"yoast-seo-meta-tag\" \/>\n<meta property=\"og:image\" content=\"https:\/\/travecademy.be\/wp-content\/uploads\/2018\/08\/shutterstock_1033306540.jpg\" class=\"yoast-seo-meta-tag\" \/>\n\t<meta property=\"og:image:width\" content=\"622\" class=\"yoast-seo-meta-tag\" \/>\n\t<meta property=\"og:image:height\" content=\"415\" class=\"yoast-seo-meta-tag\" \/>\n\t<meta property=\"og:image:type\" content=\"image\/jpeg\" class=\"yoast-seo-meta-tag\" \/>\n<meta name=\"twitter:card\" content=\"summary_large_image\" class=\"yoast-seo-meta-tag\" \/>\n<meta name=\"twitter:label1\" content=\"Dur\u00e9e de lecture estim\u00e9e\" class=\"yoast-seo-meta-tag\" \/>\n\t<meta name=\"twitter:data1\" content=\"1 minute\" class=\"yoast-seo-meta-tag\" \/>\n<script type=\"application\/ld+json\" class=\"yoast-schema-graph\">{\"@context\":\"https:\\\/\\\/schema.org\",\"@graph\":[{\"@type\":\"WebPage\",\"@id\":\"https:\\\/\\\/travecademy.be\\\/fr\\\/informations-generales-2\\\/\",\"url\":\"https:\\\/\\\/travecademy.be\\\/fr\\\/informations-generales-2\\\/\",\"name\":\"Informations g\u00e9n\u00e9rales - TravEcademy\",\"isPartOf\":{\"@id\":\"https:\\\/\\\/travecademy.be\\\/fr\\\/#website\"},\"primaryImageOfPage\":{\"@id\":\"https:\\\/\\\/travecademy.be\\\/fr\\\/informations-generales-2\\\/#primaryimage\"},\"image\":{\"@id\":\"https:\\\/\\\/travecademy.be\\\/fr\\\/informations-generales-2\\\/#primaryimage\"},\"thumbnailUrl\":\"https:\\\/\\\/travecademy.be\\\/wp-content\\\/uploads\\\/2018\\\/08\\\/shutterstock_1033306540.jpg\",\"datePublished\":\"2018-08-21T13:24:13+00:00\",\"dateModified\":\"2024-02-13T10:19:56+00:00\",\"breadcrumb\":{\"@id\":\"https:\\\/\\\/travecademy.be\\\/fr\\\/informations-generales-2\\\/#breadcrumb\"},\"inLanguage\":\"fr-FR\",\"potentialAction\":[{\"@type\":\"ReadAction\",\"target\":[\"https:\\\/\\\/travecademy.be\\\/fr\\\/informations-generales-2\\\/\"]}]},{\"@type\":\"ImageObject\",\"inLanguage\":\"fr-FR\",\"@id\":\"https:\\\/\\\/travecademy.be\\\/fr\\\/informations-generales-2\\\/#primaryimage\",\"url\":\"https:\\\/\\\/travecademy.be\\\/wp-content\\\/uploads\\\/2018\\\/08\\\/shutterstock_1033306540.jpg\",\"contentUrl\":\"https:\\\/\\\/travecademy.be\\\/wp-content\\\/uploads\\\/2018\\\/08\\\/shutterstock_1033306540.jpg\",\"width\":622,\"height\":415},{\"@type\":\"BreadcrumbList\",\"@id\":\"https:\\\/\\\/travecademy.be\\\/fr\\\/informations-generales-2\\\/#breadcrumb\",\"itemListElement\":[{\"@type\":\"ListItem\",\"position\":1,\"name\":\"Home\",\"item\":\"https:\\\/\\\/travecademy.be\\\/fr\\\/\"},{\"@type\":\"ListItem\",\"position\":2,\"name\":\"Informations g\u00e9n\u00e9rales\"}]},{\"@type\":\"WebSite\",\"@id\":\"https:\\\/\\\/travecademy.be\\\/fr\\\/#website\",\"url\":\"https:\\\/\\\/travecademy.be\\\/fr\\\/\",\"name\":\"TravEcademy\",\"description\":\"Het meest succesvolle en gratis e-learning platform voor reisprofessionals\",\"publisher\":{\"@id\":\"https:\\\/\\\/travecademy.be\\\/fr\\\/#organization\"},\"potentialAction\":[{\"@type\":\"SearchAction\",\"target\":{\"@type\":\"EntryPoint\",\"urlTemplate\":\"https:\\\/\\\/travecademy.be\\\/fr\\\/?s={search_term_string}\"},\"query-input\":{\"@type\":\"PropertyValueSpecification\",\"valueRequired\":true,\"valueName\":\"search_term_string\"}}],\"inLanguage\":\"fr-FR\"},{\"@type\":\"Organization\",\"@id\":\"https:\\\/\\\/travecademy.be\\\/fr\\\/#organization\",\"name\":\"TravEcademy\",\"url\":\"https:\\\/\\\/travecademy.be\\\/fr\\\/\",\"logo\":{\"@type\":\"ImageObject\",\"inLanguage\":\"fr-FR\",\"@id\":\"https:\\\/\\\/travecademy.be\\\/fr\\\/#\\\/schema\\\/logo\\\/image\\\/\",\"url\":\"https:\\\/\\\/travecademy.be\\\/wp-content\\\/uploads\\\/2024\\\/04\\\/Travecademy.png\",\"contentUrl\":\"https:\\\/\\\/travecademy.be\\\/wp-content\\\/uploads\\\/2024\\\/04\\\/Travecademy.png\",\"width\":1263,\"height\":313,\"caption\":\"TravEcademy\"},\"image\":{\"@id\":\"https:\\\/\\\/travecademy.be\\\/fr\\\/#\\\/schema\\\/logo\\\/image\\\/\"}}]}<\/script>\n<!-- \/ Yoast SEO Premium plugin. -->","yoast_head_json":{"title":"Informations g\u00e9n\u00e9rales - TravEcademy","robots":{"index":"index","follow":"follow","max-snippet":"max-snippet:-1","max-image-preview":"max-image-preview:large","max-video-preview":"max-video-preview:-1"},"canonical":"https:\/\/travecademy.be\/fr\/informations-generales-2\/","og_locale":"fr_FR","og_type":"article","og_title":"Informations g\u00e9n\u00e9rales","og_description":"La Tha\u00eflande, situ\u00e9e en Asie du Sud-Est, est de loin la destination de vacances la plus populaire d\u2019Asie. Presque tous ceux qui y sont all\u00e9s\u2026","og_url":"https:\/\/travecademy.be\/fr\/informations-generales-2\/","og_site_name":"TravEcademy","article_modified_time":"2024-02-13T10:19:56+00:00","og_image":[{"width":622,"height":415,"url":"https:\/\/travecademy.be\/wp-content\/uploads\/2018\/08\/shutterstock_1033306540.jpg","type":"image\/jpeg"}],"twitter_card":"summary_large_image","twitter_misc":{"Dur\u00e9e de lecture estim\u00e9e":"1 minute"},"schema":{"@context":"https:\/\/schema.org","@graph":[{"@type":"WebPage","@id":"https:\/\/travecademy.be\/fr\/informations-generales-2\/","url":"https:\/\/travecademy.be\/fr\/informations-generales-2\/","name":"Informations g\u00e9n\u00e9rales - TravEcademy","isPartOf":{"@id":"https:\/\/travecademy.be\/fr\/#website"},"primaryImageOfPage":{"@id":"https:\/\/travecademy.be\/fr\/informations-generales-2\/#primaryimage"},"image":{"@id":"https:\/\/travecademy.be\/fr\/informations-generales-2\/#primaryimage"},"thumbnailUrl":"https:\/\/travecademy.be\/wp-content\/uploads\/2018\/08\/shutterstock_1033306540.jpg","datePublished":"2018-08-21T13:24:13+00:00","dateModified":"2024-02-13T10:19:56+00:00","breadcrumb":{"@id":"https:\/\/travecademy.be\/fr\/informations-generales-2\/#breadcrumb"},"inLanguage":"fr-FR","potentialAction":[{"@type":"ReadAction","target":["https:\/\/travecademy.be\/fr\/informations-generales-2\/"]}]},{"@type":"ImageObject","inLanguage":"fr-FR","@id":"https:\/\/travecademy.be\/fr\/informations-generales-2\/#primaryimage","url":"https:\/\/travecademy.be\/wp-content\/uploads\/2018\/08\/shutterstock_1033306540.jpg","contentUrl":"https:\/\/travecademy.be\/wp-content\/uploads\/2018\/08\/shutterstock_1033306540.jpg","width":622,"height":415},{"@type":"BreadcrumbList","@id":"https:\/\/travecademy.be\/fr\/informations-generales-2\/#breadcrumb","itemListElement":[{"@type":"ListItem","position":1,"name":"Home","item":"https:\/\/travecademy.be\/fr\/"},{"@type":"ListItem","position":2,"name":"Informations g\u00e9n\u00e9rales"}]},{"@type":"WebSite","@id":"https:\/\/travecademy.be\/fr\/#website","url":"https:\/\/travecademy.be\/fr\/","name":"TravEcademy","description":"Het meest succesvolle en gratis e-learning platform voor reisprofessionals","publisher":{"@id":"https:\/\/travecademy.be\/fr\/#organization"},"potentialAction":[{"@type":"SearchAction","target":{"@type":"EntryPoint","urlTemplate":"https:\/\/travecademy.be\/fr\/?s={search_term_string}"},"query-input":{"@type":"PropertyValueSpecification","valueRequired":true,"valueName":"search_term_string"}}],"inLanguage":"fr-FR"},{"@type":"Organization","@id":"https:\/\/travecademy.be\/fr\/#organization","name":"TravEcademy","url":"https:\/\/travecademy.be\/fr\/","logo":{"@type":"ImageObject","inLanguage":"fr-FR","@id":"https:\/\/travecademy.be\/fr\/#\/schema\/logo\/image\/","url":"https:\/\/travecademy.be\/wp-content\/uploads\/2024\/04\/Travecademy.png","contentUrl":"https:\/\/travecademy.be\/wp-content\/uploads\/2024\/04\/Travecademy.png","width":1263,"height":313,"caption":"TravEcademy"},"image":{"@id":"https:\/\/travecademy.be\/fr\/#\/schema\/logo\/image\/"}}]}},"publishpress_future_action":{"enabled":false,"date":"2026-05-08 04:10:54","action":"change-status","newStatus":"draft","terms":[],"taxonomy":"ecademys","extraData":[]},"publishpress_future_workflow_manual_trigger":{"enabledWorkflows":[]},"ticketed":false,"_links":{"self":[{"href":"https:\/\/travecademy.be\/fr\/wp-json\/wp\/v2\/pages\/48713","targetHints":{"allow":["GET"]}}],"collection":[{"href":"https:\/\/travecademy.be\/fr\/wp-json\/wp\/v2\/pages"}],"about":[{"href":"https:\/\/travecademy.be\/fr\/wp-json\/wp\/v2\/types\/page"}],"author":[{"embeddable":true,"href":"https:\/\/travecademy.be\/fr\/wp-json\/wp\/v2\/users\/1"}],"replies":[{"embeddable":true,"href":"https:\/\/travecademy.be\/fr\/wp-json\/wp\/v2\/comments?post=48713"}],"version-history":[{"count":1,"href":"https:\/\/travecademy.be\/fr\/wp-json\/wp\/v2\/pages\/48713\/revisions"}],"predecessor-version":[{"id":48721,"href":"https:\/\/travecademy.be\/fr\/wp-json\/wp\/v2\/pages\/48713\/revisions\/48721"}],"wp:featuredmedia":[{"embeddable":true,"href":"https:\/\/travecademy.be\/fr\/wp-json\/wp\/v2\/media\/35620"}],"wp:attachment":[{"href":"https:\/\/travecademy.be\/fr\/wp-json\/wp\/v2\/media?parent=48713"}],"wp:term":[{"taxonomy":"post_tag","embeddable":true,"href":"https:\/\/travecademy.be\/fr\/wp-json\/wp\/v2\/tags?post=48713"},{"taxonomy":"ecademys","embeddable":true,"href":"https:\/\/travecademy.be\/fr\/wp-json\/wp\/v2\/ecademys?post=48713"}],"curies":[{"name":"wp","href":"https:\/\/api.w.org\/{rel}","templated":true}]}}