{"id":48734,"date":"2018-01-29T13:58:04","date_gmt":"2018-01-29T11:58:04","guid":{"rendered":"https:\/\/travecademy.be\/contact-8\/"},"modified":"2024-02-13T12:19:56","modified_gmt":"2024-02-13T10:19:56","slug":"contact-8","status":"publish","type":"page","link":"https:\/\/travecademy.be\/fr\/contact-8\/","title":{"rendered":"Contact"},"content":{"rendered":"<p><strong>Appelez-nous ou envoyez-nous un courriel !<\/strong><br \/>\nN\u2019h\u00e9sitez pas \u00e0 nous appeler pendant les heures de bureau au 088-1900300. Bien entendu, vous pouvez \u00e9galement nous envoyer un e-mail \u00e0 l\u2019adresse suivante\u00a0<strong><br \/>\n  <a href=\"mailto:info@andolives.nl\">info@andolives.nl<\/a><br \/>\n<\/strong>\u00a0Pour toutes vos questions. Vous pouvez \u00e9galement poser vos questions via le chat sur le site web. Souhaitez-vous un\u00a0recevoir un <strong>devis personnalis\u00e9<\/strong>\u00a0, veuillez remplir le formulaire suivant<strong>\u00a0<\/strong><a href=\"https:\/\/andolives.nl\/reizen-op-maat\" target=\"_blank\" rel=\"noopener\"><br \/>\n  <strong>ici<\/strong><br \/>\n<\/a>\u00a0et nous vous contacterons dans les plus brefs d\u00e9lais.<\/p>\n<p><strong>Vous souhaitez nous appeler ? Tel : 088-1900300<\/strong><br \/>\nHeures d\u2019ouverture :<\/p>\n<ul>\n<li>Lundi 9:00\u00a0\u2013\u00a017:30\u00a0<\/li>\n<li>Mardi 9:00\u00a0\u2013\u00a017:30<\/li>\n<li>Mercredi 9:00\u00a0\u2013\u00a017:30\u00a0\u00a0<\/li>\n<li>Jeudi 9h00\u00a0\u2013\u00a017h30<\/li>\n<li>Vendredi 9h00\u00a0\u2013\u00a017h30<\/li>\n<\/ul>\n<p><strong>Vous pr\u00e9f\u00e9rez le courrier \u00e9lectronique ?<\/strong><br \/>\nEnvoyez votre question ou vos souhaits \u00e0\u00a0<strong><br \/>\n  <a href=\"mailto:info@andolives.nl\">info@andolives.nl<\/a><br \/>\n  \u00a0<br \/>\n<\/strong>et nous vous contacterons dans les plus brefs d\u00e9lais.<\/p>\n<p><strong>Conseils de voyage personnalis\u00e9s ?<\/strong><br \/>\nVous souhaitez un devis sur mesure ? Entrer\u00a0<a href=\"https:\/\/andolives.nl\/reizen-op-maat\" target=\"_blank\" rel=\"noopener\">ici<\/a>\u00a0et nous vous contacterons dans les plus brefs d\u00e9lais.<\/p>\n<p><strong>Adresse &Olives Travel<\/strong><br \/>\nEeuwigelaan 3<br \/>\n1861 CL BERGEN (NH)<\/p>\n<p><img fetchpriority=\"high\" decoding=\"async\" alt=\"Bureau &Vit \u00e0 Bergen\" height=\"334\" src=\"https:\/\/images.ctfassets.net\/3tadef2jhiyr\/XmCsdT54J3X5fuFaPqZXy\/539b0af486fdc797c1adfd118b553357\/Kantoor__Olives_Bergen.jpg\" width=\"500\"><\/p>\n","protected":false},"excerpt":{"rendered":"<p>Appelez-nous ou envoyez-nous un courriel ! N\u2019h\u00e9sitez pas \u00e0 nous appeler pendant les heures de bureau au 088-1900300. Bien entendu, vous pouvez \u00e9galement nous envoyer\u2026<\/p>\n","protected":false},"author":1,"featured_media":0,"parent":0,"menu_order":0,"comment_status":"closed","ping_status":"closed","template":"","meta":{"_acf_changed":false,"_price":"","_stock":"","_tribe_ticket_header":"","_tribe_default_ticket_provider":"","_tribe_ticket_capacity":"0","_ticket_start_date":"","_ticket_end_date":"","_tribe_ticket_show_description":"","_tribe_ticket_show_not_going":false,"_tribe_ticket_use_global_stock":"","_tribe_ticket_global_stock_level":"","_global_stock_mode":"","_global_stock_cap":"","_tribe_rsvp_for_event":"","_tribe_ticket_going_count":"","_tribe_ticket_not_going_count":"","_tribe_tickets_list":"[]","_tribe_ticket_has_attendee_info_fields":false,"footnotes":"","_tec_slr_enabled":"","_tec_slr_layout":""},"tags":[],"ecademys":[515],"class_list":["post-48734","page","type-page","status-publish","hentry","ecademys-olives-travel-fr"],"acf":[],"yoast_head":"<!-- This site is optimized with the Yoast SEO Premium plugin v27.5 (Yoast SEO v27.5) - https:\/\/yoast.com\/product\/yoast-seo-premium-wordpress\/ -->\n<title>Contact - TravEcademy<\/title>\n<meta name=\"robots\" content=\"index, follow, max-snippet:-1, max-image-preview:large, max-video-preview:-1\" \/>\n<link rel=\"canonical\" href=\"https:\/\/travecademy.be\/fr\/contact-8\/\" class=\"yoast-seo-meta-tag\" \/>\n<meta property=\"og:locale\" content=\"fr_FR\" class=\"yoast-seo-meta-tag\" \/>\n<meta property=\"og:type\" content=\"article\" class=\"yoast-seo-meta-tag\" \/>\n<meta property=\"og:title\" content=\"Contact\" class=\"yoast-seo-meta-tag\" \/>\n<meta property=\"og:description\" content=\"Appelez-nous ou envoyez-nous un courriel ! N\u2019h\u00e9sitez pas \u00e0 nous appeler pendant les heures de bureau au 088-1900300. Bien entendu, vous pouvez \u00e9galement nous envoyer\u2026\" class=\"yoast-seo-meta-tag\" \/>\n<meta property=\"og:url\" content=\"https:\/\/travecademy.be\/fr\/contact-8\/\" class=\"yoast-seo-meta-tag\" \/>\n<meta property=\"og:site_name\" content=\"TravEcademy\" class=\"yoast-seo-meta-tag\" \/>\n<meta property=\"article:modified_time\" content=\"2024-02-13T10:19:56+00:00\" class=\"yoast-seo-meta-tag\" \/>\n<meta property=\"og:image\" content=\"https:\/\/images.ctfassets.net\/3tadef2jhiyr\/XmCsdT54J3X5fuFaPqZXy\/539b0af486fdc797c1adfd118b553357\/Kantoor__Olives_Bergen.jpg\" class=\"yoast-seo-meta-tag\" \/>\n<meta name=\"twitter:card\" content=\"summary_large_image\" class=\"yoast-seo-meta-tag\" \/>\n<meta name=\"twitter:label1\" content=\"Dur\u00e9e de lecture estim\u00e9e\" class=\"yoast-seo-meta-tag\" \/>\n\t<meta name=\"twitter:data1\" content=\"1 minute\" class=\"yoast-seo-meta-tag\" \/>\n<script type=\"application\/ld+json\" class=\"yoast-schema-graph\">{\"@context\":\"https:\\\/\\\/schema.org\",\"@graph\":[{\"@type\":\"WebPage\",\"@id\":\"https:\\\/\\\/travecademy.be\\\/fr\\\/contact-8\\\/\",\"url\":\"https:\\\/\\\/travecademy.be\\\/fr\\\/contact-8\\\/\",\"name\":\"Contact - TravEcademy\",\"isPartOf\":{\"@id\":\"https:\\\/\\\/travecademy.be\\\/fr\\\/#website\"},\"primaryImageOfPage\":{\"@id\":\"https:\\\/\\\/travecademy.be\\\/fr\\\/contact-8\\\/#primaryimage\"},\"image\":{\"@id\":\"https:\\\/\\\/travecademy.be\\\/fr\\\/contact-8\\\/#primaryimage\"},\"thumbnailUrl\":\"https:\\\/\\\/images.ctfassets.net\\\/3tadef2jhiyr\\\/XmCsdT54J3X5fuFaPqZXy\\\/539b0af486fdc797c1adfd118b553357\\\/Kantoor__Olives_Bergen.jpg\",\"datePublished\":\"2018-01-29T11:58:04+00:00\",\"dateModified\":\"2024-02-13T10:19:56+00:00\",\"breadcrumb\":{\"@id\":\"https:\\\/\\\/travecademy.be\\\/fr\\\/contact-8\\\/#breadcrumb\"},\"inLanguage\":\"fr-FR\",\"potentialAction\":[{\"@type\":\"ReadAction\",\"target\":[\"https:\\\/\\\/travecademy.be\\\/fr\\\/contact-8\\\/\"]}]},{\"@type\":\"ImageObject\",\"inLanguage\":\"fr-FR\",\"@id\":\"https:\\\/\\\/travecademy.be\\\/fr\\\/contact-8\\\/#primaryimage\",\"url\":\"https:\\\/\\\/images.ctfassets.net\\\/3tadef2jhiyr\\\/XmCsdT54J3X5fuFaPqZXy\\\/539b0af486fdc797c1adfd118b553357\\\/Kantoor__Olives_Bergen.jpg\",\"contentUrl\":\"https:\\\/\\\/images.ctfassets.net\\\/3tadef2jhiyr\\\/XmCsdT54J3X5fuFaPqZXy\\\/539b0af486fdc797c1adfd118b553357\\\/Kantoor__Olives_Bergen.jpg\"},{\"@type\":\"BreadcrumbList\",\"@id\":\"https:\\\/\\\/travecademy.be\\\/fr\\\/contact-8\\\/#breadcrumb\",\"itemListElement\":[{\"@type\":\"ListItem\",\"position\":1,\"name\":\"Home\",\"item\":\"https:\\\/\\\/travecademy.be\\\/fr\\\/\"},{\"@type\":\"ListItem\",\"position\":2,\"name\":\"Contact\"}]},{\"@type\":\"WebSite\",\"@id\":\"https:\\\/\\\/travecademy.be\\\/fr\\\/#website\",\"url\":\"https:\\\/\\\/travecademy.be\\\/fr\\\/\",\"name\":\"TravEcademy\",\"description\":\"Het meest succesvolle en gratis e-learning platform voor reisprofessionals\",\"publisher\":{\"@id\":\"https:\\\/\\\/travecademy.be\\\/fr\\\/#organization\"},\"potentialAction\":[{\"@type\":\"SearchAction\",\"target\":{\"@type\":\"EntryPoint\",\"urlTemplate\":\"https:\\\/\\\/travecademy.be\\\/fr\\\/?s={search_term_string}\"},\"query-input\":{\"@type\":\"PropertyValueSpecification\",\"valueRequired\":true,\"valueName\":\"search_term_string\"}}],\"inLanguage\":\"fr-FR\"},{\"@type\":\"Organization\",\"@id\":\"https:\\\/\\\/travecademy.be\\\/fr\\\/#organization\",\"name\":\"TravEcademy\",\"url\":\"https:\\\/\\\/travecademy.be\\\/fr\\\/\",\"logo\":{\"@type\":\"ImageObject\",\"inLanguage\":\"fr-FR\",\"@id\":\"https:\\\/\\\/travecademy.be\\\/fr\\\/#\\\/schema\\\/logo\\\/image\\\/\",\"url\":\"https:\\\/\\\/travecademy.be\\\/wp-content\\\/uploads\\\/2024\\\/04\\\/Travecademy.png\",\"contentUrl\":\"https:\\\/\\\/travecademy.be\\\/wp-content\\\/uploads\\\/2024\\\/04\\\/Travecademy.png\",\"width\":1263,\"height\":313,\"caption\":\"TravEcademy\"},\"image\":{\"@id\":\"https:\\\/\\\/travecademy.be\\\/fr\\\/#\\\/schema\\\/logo\\\/image\\\/\"}}]}<\/script>\n<!-- \/ Yoast SEO Premium plugin. -->","yoast_head_json":{"title":"Contact - TravEcademy","robots":{"index":"index","follow":"follow","max-snippet":"max-snippet:-1","max-image-preview":"max-image-preview:large","max-video-preview":"max-video-preview:-1"},"canonical":"https:\/\/travecademy.be\/fr\/contact-8\/","og_locale":"fr_FR","og_type":"article","og_title":"Contact","og_description":"Appelez-nous ou envoyez-nous un courriel ! N\u2019h\u00e9sitez pas \u00e0 nous appeler pendant les heures de bureau au 088-1900300. Bien entendu, vous pouvez \u00e9galement nous envoyer\u2026","og_url":"https:\/\/travecademy.be\/fr\/contact-8\/","og_site_name":"TravEcademy","article_modified_time":"2024-02-13T10:19:56+00:00","og_image":[{"url":"https:\/\/images.ctfassets.net\/3tadef2jhiyr\/XmCsdT54J3X5fuFaPqZXy\/539b0af486fdc797c1adfd118b553357\/Kantoor__Olives_Bergen.jpg","type":"","width":"","height":""}],"twitter_card":"summary_large_image","twitter_misc":{"Dur\u00e9e de lecture estim\u00e9e":"1 minute"},"schema":{"@context":"https:\/\/schema.org","@graph":[{"@type":"WebPage","@id":"https:\/\/travecademy.be\/fr\/contact-8\/","url":"https:\/\/travecademy.be\/fr\/contact-8\/","name":"Contact - TravEcademy","isPartOf":{"@id":"https:\/\/travecademy.be\/fr\/#website"},"primaryImageOfPage":{"@id":"https:\/\/travecademy.be\/fr\/contact-8\/#primaryimage"},"image":{"@id":"https:\/\/travecademy.be\/fr\/contact-8\/#primaryimage"},"thumbnailUrl":"https:\/\/images.ctfassets.net\/3tadef2jhiyr\/XmCsdT54J3X5fuFaPqZXy\/539b0af486fdc797c1adfd118b553357\/Kantoor__Olives_Bergen.jpg","datePublished":"2018-01-29T11:58:04+00:00","dateModified":"2024-02-13T10:19:56+00:00","breadcrumb":{"@id":"https:\/\/travecademy.be\/fr\/contact-8\/#breadcrumb"},"inLanguage":"fr-FR","potentialAction":[{"@type":"ReadAction","target":["https:\/\/travecademy.be\/fr\/contact-8\/"]}]},{"@type":"ImageObject","inLanguage":"fr-FR","@id":"https:\/\/travecademy.be\/fr\/contact-8\/#primaryimage","url":"https:\/\/images.ctfassets.net\/3tadef2jhiyr\/XmCsdT54J3X5fuFaPqZXy\/539b0af486fdc797c1adfd118b553357\/Kantoor__Olives_Bergen.jpg","contentUrl":"https:\/\/images.ctfassets.net\/3tadef2jhiyr\/XmCsdT54J3X5fuFaPqZXy\/539b0af486fdc797c1adfd118b553357\/Kantoor__Olives_Bergen.jpg"},{"@type":"BreadcrumbList","@id":"https:\/\/travecademy.be\/fr\/contact-8\/#breadcrumb","itemListElement":[{"@type":"ListItem","position":1,"name":"Home","item":"https:\/\/travecademy.be\/fr\/"},{"@type":"ListItem","position":2,"name":"Contact"}]},{"@type":"WebSite","@id":"https:\/\/travecademy.be\/fr\/#website","url":"https:\/\/travecademy.be\/fr\/","name":"TravEcademy","description":"Het meest succesvolle en gratis e-learning platform voor reisprofessionals","publisher":{"@id":"https:\/\/travecademy.be\/fr\/#organization"},"potentialAction":[{"@type":"SearchAction","target":{"@type":"EntryPoint","urlTemplate":"https:\/\/travecademy.be\/fr\/?s={search_term_string}"},"query-input":{"@type":"PropertyValueSpecification","valueRequired":true,"valueName":"search_term_string"}}],"inLanguage":"fr-FR"},{"@type":"Organization","@id":"https:\/\/travecademy.be\/fr\/#organization","name":"TravEcademy","url":"https:\/\/travecademy.be\/fr\/","logo":{"@type":"ImageObject","inLanguage":"fr-FR","@id":"https:\/\/travecademy.be\/fr\/#\/schema\/logo\/image\/","url":"https:\/\/travecademy.be\/wp-content\/uploads\/2024\/04\/Travecademy.png","contentUrl":"https:\/\/travecademy.be\/wp-content\/uploads\/2024\/04\/Travecademy.png","width":1263,"height":313,"caption":"TravEcademy"},"image":{"@id":"https:\/\/travecademy.be\/fr\/#\/schema\/logo\/image\/"}}]}},"publishpress_future_action":{"enabled":false,"date":"2026-05-07 15:04:07","action":"change-status","newStatus":"draft","terms":[],"taxonomy":"ecademys","extraData":[]},"publishpress_future_workflow_manual_trigger":{"enabledWorkflows":[]},"ticketed":false,"_links":{"self":[{"href":"https:\/\/travecademy.be\/fr\/wp-json\/wp\/v2\/pages\/48734","targetHints":{"allow":["GET"]}}],"collection":[{"href":"https:\/\/travecademy.be\/fr\/wp-json\/wp\/v2\/pages"}],"about":[{"href":"https:\/\/travecademy.be\/fr\/wp-json\/wp\/v2\/types\/page"}],"author":[{"embeddable":true,"href":"https:\/\/travecademy.be\/fr\/wp-json\/wp\/v2\/users\/1"}],"replies":[{"embeddable":true,"href":"https:\/\/travecademy.be\/fr\/wp-json\/wp\/v2\/comments?post=48734"}],"version-history":[{"count":1,"href":"https:\/\/travecademy.be\/fr\/wp-json\/wp\/v2\/pages\/48734\/revisions"}],"predecessor-version":[{"id":48739,"href":"https:\/\/travecademy.be\/fr\/wp-json\/wp\/v2\/pages\/48734\/revisions\/48739"}],"wp:attachment":[{"href":"https:\/\/travecademy.be\/fr\/wp-json\/wp\/v2\/media?parent=48734"}],"wp:term":[{"taxonomy":"post_tag","embeddable":true,"href":"https:\/\/travecademy.be\/fr\/wp-json\/wp\/v2\/tags?post=48734"},{"taxonomy":"ecademys","embeddable":true,"href":"https:\/\/travecademy.be\/fr\/wp-json\/wp\/v2\/ecademys?post=48734"}],"curies":[{"name":"wp","href":"https:\/\/api.w.org\/{rel}","templated":true}]}}