{"id":48753,"date":"2018-08-28T13:11:27","date_gmt":"2018-08-28T11:11:27","guid":{"rendered":"https:\/\/travecademy.be\/informations-generales-2\/points-de-vente-uniques\/"},"modified":"2024-02-13T12:19:57","modified_gmt":"2024-02-13T10:19:57","slug":"points-de-vente-uniques","status":"publish","type":"page","link":"https:\/\/travecademy.be\/fr\/informations-generales-2\/points-de-vente-uniques\/","title":{"rendered":"Points de vente uniques"},"content":{"rendered":"<p><img fetchpriority=\"high\" decoding=\"async\" class=\" size-full wp-image-2833\" alt=\"\" height=\"423\" src=\"http:\/\/travecademy.be\/wp-content\/uploads\/2018\/08\/usps.jpg\" width=\"1000\" srcset=\"https:\/\/travecademy.be\/wp-content\/uploads\/2018\/08\/usps.jpg 995w, https:\/\/travecademy.be\/wp-content\/uploads\/2018\/08\/usps-600x254.jpg 600w, https:\/\/travecademy.be\/wp-content\/uploads\/2018\/08\/usps-300x127.jpg 300w, https:\/\/travecademy.be\/wp-content\/uploads\/2018\/08\/usps-768x325.jpg 768w, https:\/\/travecademy.be\/wp-content\/uploads\/2018\/08\/usps-624x264.jpg 624w, https:\/\/travecademy.be\/wp-content\/uploads\/2018\/08\/usps-50x21.jpg 50w, https:\/\/travecademy.be\/wp-content\/uploads\/2018\/08\/usps-100x42.jpg 100w\" sizes=\"(max-width: 1000px) 100vw, 1000px\" \/><\/p>\n<p><strong>La Tha\u00eflande est depuis longtemps connue pour ses plages magnifiques et sa diversit\u00e9. Mais il y a bien d\u2019autres choses qui distinguent vraiment la Tha\u00eflande des autres destinations baln\u00e9aires :\u00a0<\/strong><\/p>\n<p>\u00a0<\/p>\n<ul>\n<li><em>Personnes amicales et hospitali\u00e8res<\/em><br \/>\n  La Tha\u00eflande est connue comme le \u201cpays du sourire\u201d. Les habitants sont joyeux, pleins de vie et accueillent avec le sourire les nombreux visiteurs internationaux de la Tha\u00eflande. C\u2019est cette hospitalit\u00e9 qui fait de la Tha\u00eflande une destination populaire depuis si longtemps.\u00a0<br \/>\n\t\u00a0<\/li>\n<li><em>Une culture \u00e9tonnante et unique<\/em><br \/>\n  La Tha\u00eflande n\u2019a jamais \u00e9t\u00e9 colonis\u00e9e par une puissance occidentale. C\u2019est le seul pays d\u2019Asie du Sud-Est \u00e0 avoir conserv\u00e9 son ind\u00e9pendance vis-\u00e0-vis de l\u2019Occident et, par cons\u00e9quent, sa culture et ses traditions uniques sont rest\u00e9es intactes pendant des si\u00e8cles.\u00a0<br \/>\n\t\u00a0<\/li>\n<li><em>Aventure exotique<\/em><br \/>\n  La Tha\u00eflande est une terre de contrastes et d\u2019aventures. Des villes dynamiques, des villages tribaux exotiques, une cuisine d\u00e9licieuse et des environnements tropicaux vierges remplis de temples et de culture locale.\u00a0<br \/>\n\t\u00a0<\/li>\n<li><em>Un pays aux paysages et \u00e0 la beaut\u00e9 naturelle incroyables\u00a0<\/em><br \/>\n  La Tha\u00eflande est dot\u00e9e d\u2019une grande vari\u00e9t\u00e9 de paysages. Les plages tropicales et les \u00eeles du sud sont les plus connues, mais les vastes for\u00eats tropicales et les hauts plateaux du nord sont tout aussi \u00e9tonnants.<br \/>\n\t\u00a0<\/li>\n<li><em>L\u2019un des secteurs touristiques les plus avanc\u00e9s d\u2019Asie<\/em><br \/>\n  Depuis des d\u00e9cennies, la Tha\u00eflande est une destination recherch\u00e9e par les voyageurs internationaux. En cons\u00e9quence, l\u2019\u00e9conomie a connu une croissance plus rapide que celle de bon nombre de ses voisins et le secteur touristique tha\u00eflandais est devenu l\u2019un des plus d\u00e9velopp\u00e9s de la r\u00e9gion. Ainsi, l\u2019hospitalit\u00e9 tha\u00eflandaise in\u00e9gal\u00e9e est difficile \u00e0 battre en Asie du Sud-Est.<br \/>\n\t\u00a0<\/li>\n<li><em>Massage traditionnel tha\u00eflandais<\/em><br \/>\n  La Tha\u00eflande peut se targuer d\u2019offrir une grande vari\u00e9t\u00e9 de stations thermales et de bien-\u00eatre, de centres de d\u00e9sintoxication, de retraites de sant\u00e9 et de centres de yoga et de m\u00e9ditation. Le massage traditionnel tha\u00eflandais est holistique et th\u00e9rapeutique et est propos\u00e9 dans toutes les villes de Tha\u00eflande. Au cours d\u2019un tel massage, des combinaisons d\u2019acupressure rythmique et de balancement du corps sont utilis\u00e9es pour soulager la tension musculaire, ce qui permet au sang de mieux circuler dans le corps. On trouve des massages tha\u00eflandais dans toutes les gammes de prix et dans tous les lieux, depuis les spas et les massages de boutiques sur la plage jusqu\u2019aux traitements relaxants dans les h\u00f4tels de Tha\u00eflande.\u00a0<br \/>\n\t\u00a0<\/li>\n<li><em>Boxe Muay Thai<\/em><br \/>\n  Le muay tha\u00ef ou boxe tha\u00eflandaise est le sport national et l\u2019art martial culturel de la Tha\u00eflande. Il a \u00e9t\u00e9 d\u00e9velopp\u00e9 il y a plusieurs centaines d\u2019ann\u00e9es comme une forme de combat rapproch\u00e9 o\u00f9 le corps entier est utilis\u00e9 comme une arme. Dans la plupart des villes de Tha\u00eflande, vous pouvez assister \u00e0 un spectacle en direct et m\u00eame prendre des cours de boxe Muay Thai ! Avant les spectacles, les participants ex\u00e9cutent une danse rituelle appel\u00e9e Wai Kru.<br \/>\n\t\u00a0<\/li>\n<li><em>Cuisine tha\u00eflandaise<\/em><br \/>\n  La Tha\u00eflande est connue non seulement pour son hospitalit\u00e9, mais aussi pour sa cuisine fantastique. Les cours de cuisine se d\u00e9roulent g\u00e9n\u00e9ralement dans des cuisines ext\u00e9rieures en raison de la fum\u00e9e d\u00e9gag\u00e9e par les \u00e9pices utilis\u00e9es pour cr\u00e9er les saveurs. Un cours de cuisine commence souvent par la visite d\u2019un march\u00e9 local pour acheter soi-m\u00eame les produits frais. Dans la culture tha\u00eflandaise, la plupart des repas sont pr\u00e9par\u00e9s et partag\u00e9s avec la famille et les amis.\u00a0<\/li>\n<\/ul>\n","protected":false},"excerpt":{"rendered":"<p>La Tha\u00eflande est depuis longtemps connue pour ses plages magnifiques et sa diversit\u00e9. Mais il y a bien d\u2019autres choses qui distinguent vraiment la Tha\u00eflande\u2026<\/p>\n","protected":false},"author":1,"featured_media":35626,"parent":48713,"menu_order":0,"comment_status":"closed","ping_status":"closed","template":"","meta":{"_acf_changed":false,"_price":"","_stock":"","_tribe_ticket_header":"","_tribe_default_ticket_provider":"","_tribe_ticket_capacity":"0","_ticket_start_date":"","_ticket_end_date":"","_tribe_ticket_show_description":"","_tribe_ticket_show_not_going":false,"_tribe_ticket_use_global_stock":"","_tribe_ticket_global_stock_level":"","_global_stock_mode":"","_global_stock_cap":"","_tribe_rsvp_for_event":"","_tribe_ticket_going_count":"","_tribe_ticket_not_going_count":"","_tribe_tickets_list":"[]","_tribe_ticket_has_attendee_info_fields":false,"footnotes":"","_tec_slr_enabled":"","_tec_slr_layout":""},"tags":[],"ecademys":[513],"class_list":["post-48753","page","type-page","status-publish","has-post-thumbnail","hentry","ecademys-amazing-thailand-fr"],"acf":[],"yoast_head":"<!-- This site is optimized with the Yoast SEO Premium plugin v27.4 (Yoast SEO v27.5) - https:\/\/yoast.com\/product\/yoast-seo-premium-wordpress\/ -->\n<title>Points de vente uniques - TravEcademy<\/title>\n<meta name=\"robots\" content=\"index, follow, max-snippet:-1, max-image-preview:large, max-video-preview:-1\" \/>\n<link rel=\"canonical\" href=\"https:\/\/travecademy.be\/fr\/informations-generales-2\/points-de-vente-uniques\/\" class=\"yoast-seo-meta-tag\" \/>\n<meta property=\"og:locale\" content=\"fr_FR\" class=\"yoast-seo-meta-tag\" \/>\n<meta property=\"og:type\" content=\"article\" class=\"yoast-seo-meta-tag\" \/>\n<meta property=\"og:title\" content=\"Points de vente uniques\" class=\"yoast-seo-meta-tag\" \/>\n<meta property=\"og:description\" content=\"La Tha\u00eflande est depuis longtemps connue pour ses plages magnifiques et sa diversit\u00e9. Mais il y a bien d\u2019autres choses qui distinguent vraiment la Tha\u00eflande\u2026\" class=\"yoast-seo-meta-tag\" \/>\n<meta property=\"og:url\" content=\"https:\/\/travecademy.be\/fr\/informations-generales-2\/points-de-vente-uniques\/\" class=\"yoast-seo-meta-tag\" \/>\n<meta property=\"og:site_name\" content=\"TravEcademy\" class=\"yoast-seo-meta-tag\" \/>\n<meta property=\"article:modified_time\" content=\"2024-02-13T10:19:57+00:00\" class=\"yoast-seo-meta-tag\" \/>\n<meta property=\"og:image\" content=\"https:\/\/travecademy.be\/wp-content\/uploads\/2018\/08\/shutterstock_356630378.jpg\" class=\"yoast-seo-meta-tag\" \/>\n\t<meta property=\"og:image:width\" content=\"622\" class=\"yoast-seo-meta-tag\" \/>\n\t<meta property=\"og:image:height\" content=\"415\" class=\"yoast-seo-meta-tag\" \/>\n\t<meta property=\"og:image:type\" content=\"image\/jpeg\" class=\"yoast-seo-meta-tag\" \/>\n<meta name=\"twitter:card\" content=\"summary_large_image\" class=\"yoast-seo-meta-tag\" \/>\n<meta name=\"twitter:label1\" content=\"Dur\u00e9e de lecture estim\u00e9e\" class=\"yoast-seo-meta-tag\" \/>\n\t<meta name=\"twitter:data1\" content=\"3 minutes\" class=\"yoast-seo-meta-tag\" \/>\n<script type=\"application\/ld+json\" class=\"yoast-schema-graph\">{\"@context\":\"https:\\\/\\\/schema.org\",\"@graph\":[{\"@type\":\"WebPage\",\"@id\":\"https:\\\/\\\/travecademy.be\\\/fr\\\/informations-generales-2\\\/points-de-vente-uniques\\\/\",\"url\":\"https:\\\/\\\/travecademy.be\\\/fr\\\/informations-generales-2\\\/points-de-vente-uniques\\\/\",\"name\":\"Points de vente uniques - TravEcademy\",\"isPartOf\":{\"@id\":\"https:\\\/\\\/travecademy.be\\\/fr\\\/#website\"},\"primaryImageOfPage\":{\"@id\":\"https:\\\/\\\/travecademy.be\\\/fr\\\/informations-generales-2\\\/points-de-vente-uniques\\\/#primaryimage\"},\"image\":{\"@id\":\"https:\\\/\\\/travecademy.be\\\/fr\\\/informations-generales-2\\\/points-de-vente-uniques\\\/#primaryimage\"},\"thumbnailUrl\":\"https:\\\/\\\/travecademy.be\\\/wp-content\\\/uploads\\\/2018\\\/08\\\/shutterstock_356630378.jpg\",\"datePublished\":\"2018-08-28T11:11:27+00:00\",\"dateModified\":\"2024-02-13T10:19:57+00:00\",\"breadcrumb\":{\"@id\":\"https:\\\/\\\/travecademy.be\\\/fr\\\/informations-generales-2\\\/points-de-vente-uniques\\\/#breadcrumb\"},\"inLanguage\":\"fr-FR\",\"potentialAction\":[{\"@type\":\"ReadAction\",\"target\":[\"https:\\\/\\\/travecademy.be\\\/fr\\\/informations-generales-2\\\/points-de-vente-uniques\\\/\"]}]},{\"@type\":\"ImageObject\",\"inLanguage\":\"fr-FR\",\"@id\":\"https:\\\/\\\/travecademy.be\\\/fr\\\/informations-generales-2\\\/points-de-vente-uniques\\\/#primaryimage\",\"url\":\"https:\\\/\\\/travecademy.be\\\/wp-content\\\/uploads\\\/2018\\\/08\\\/shutterstock_356630378.jpg\",\"contentUrl\":\"https:\\\/\\\/travecademy.be\\\/wp-content\\\/uploads\\\/2018\\\/08\\\/shutterstock_356630378.jpg\",\"width\":622,\"height\":415},{\"@type\":\"BreadcrumbList\",\"@id\":\"https:\\\/\\\/travecademy.be\\\/fr\\\/informations-generales-2\\\/points-de-vente-uniques\\\/#breadcrumb\",\"itemListElement\":[{\"@type\":\"ListItem\",\"position\":1,\"name\":\"Home\",\"item\":\"https:\\\/\\\/travecademy.be\\\/fr\\\/\"},{\"@type\":\"ListItem\",\"position\":2,\"name\":\"Informations g\u00e9n\u00e9rales\",\"item\":\"https:\\\/\\\/travecademy.be\\\/fr\\\/algemene-informatie-4\\\/\"},{\"@type\":\"ListItem\",\"position\":3,\"name\":\"Points de vente uniques\"}]},{\"@type\":\"WebSite\",\"@id\":\"https:\\\/\\\/travecademy.be\\\/fr\\\/#website\",\"url\":\"https:\\\/\\\/travecademy.be\\\/fr\\\/\",\"name\":\"TravEcademy\",\"description\":\"Het meest succesvolle en gratis e-learning platform voor reisprofessionals\",\"publisher\":{\"@id\":\"https:\\\/\\\/travecademy.be\\\/fr\\\/#organization\"},\"potentialAction\":[{\"@type\":\"SearchAction\",\"target\":{\"@type\":\"EntryPoint\",\"urlTemplate\":\"https:\\\/\\\/travecademy.be\\\/fr\\\/?s={search_term_string}\"},\"query-input\":{\"@type\":\"PropertyValueSpecification\",\"valueRequired\":true,\"valueName\":\"search_term_string\"}}],\"inLanguage\":\"fr-FR\"},{\"@type\":\"Organization\",\"@id\":\"https:\\\/\\\/travecademy.be\\\/fr\\\/#organization\",\"name\":\"TravEcademy\",\"url\":\"https:\\\/\\\/travecademy.be\\\/fr\\\/\",\"logo\":{\"@type\":\"ImageObject\",\"inLanguage\":\"fr-FR\",\"@id\":\"https:\\\/\\\/travecademy.be\\\/fr\\\/#\\\/schema\\\/logo\\\/image\\\/\",\"url\":\"https:\\\/\\\/travecademy.be\\\/wp-content\\\/uploads\\\/2024\\\/04\\\/Travecademy.png\",\"contentUrl\":\"https:\\\/\\\/travecademy.be\\\/wp-content\\\/uploads\\\/2024\\\/04\\\/Travecademy.png\",\"width\":1263,\"height\":313,\"caption\":\"TravEcademy\"},\"image\":{\"@id\":\"https:\\\/\\\/travecademy.be\\\/fr\\\/#\\\/schema\\\/logo\\\/image\\\/\"}}]}<\/script>\n<!-- \/ Yoast SEO Premium plugin. -->","yoast_head_json":{"title":"Points de vente uniques - TravEcademy","robots":{"index":"index","follow":"follow","max-snippet":"max-snippet:-1","max-image-preview":"max-image-preview:large","max-video-preview":"max-video-preview:-1"},"canonical":"https:\/\/travecademy.be\/fr\/informations-generales-2\/points-de-vente-uniques\/","og_locale":"fr_FR","og_type":"article","og_title":"Points de vente uniques","og_description":"La Tha\u00eflande est depuis longtemps connue pour ses plages magnifiques et sa diversit\u00e9. Mais il y a bien d\u2019autres choses qui distinguent vraiment la Tha\u00eflande\u2026","og_url":"https:\/\/travecademy.be\/fr\/informations-generales-2\/points-de-vente-uniques\/","og_site_name":"TravEcademy","article_modified_time":"2024-02-13T10:19:57+00:00","og_image":[{"width":622,"height":415,"url":"https:\/\/travecademy.be\/wp-content\/uploads\/2018\/08\/shutterstock_356630378.jpg","type":"image\/jpeg"}],"twitter_card":"summary_large_image","twitter_misc":{"Dur\u00e9e de lecture estim\u00e9e":"3 minutes"},"schema":{"@context":"https:\/\/schema.org","@graph":[{"@type":"WebPage","@id":"https:\/\/travecademy.be\/fr\/informations-generales-2\/points-de-vente-uniques\/","url":"https:\/\/travecademy.be\/fr\/informations-generales-2\/points-de-vente-uniques\/","name":"Points de vente uniques - TravEcademy","isPartOf":{"@id":"https:\/\/travecademy.be\/fr\/#website"},"primaryImageOfPage":{"@id":"https:\/\/travecademy.be\/fr\/informations-generales-2\/points-de-vente-uniques\/#primaryimage"},"image":{"@id":"https:\/\/travecademy.be\/fr\/informations-generales-2\/points-de-vente-uniques\/#primaryimage"},"thumbnailUrl":"https:\/\/travecademy.be\/wp-content\/uploads\/2018\/08\/shutterstock_356630378.jpg","datePublished":"2018-08-28T11:11:27+00:00","dateModified":"2024-02-13T10:19:57+00:00","breadcrumb":{"@id":"https:\/\/travecademy.be\/fr\/informations-generales-2\/points-de-vente-uniques\/#breadcrumb"},"inLanguage":"fr-FR","potentialAction":[{"@type":"ReadAction","target":["https:\/\/travecademy.be\/fr\/informations-generales-2\/points-de-vente-uniques\/"]}]},{"@type":"ImageObject","inLanguage":"fr-FR","@id":"https:\/\/travecademy.be\/fr\/informations-generales-2\/points-de-vente-uniques\/#primaryimage","url":"https:\/\/travecademy.be\/wp-content\/uploads\/2018\/08\/shutterstock_356630378.jpg","contentUrl":"https:\/\/travecademy.be\/wp-content\/uploads\/2018\/08\/shutterstock_356630378.jpg","width":622,"height":415},{"@type":"BreadcrumbList","@id":"https:\/\/travecademy.be\/fr\/informations-generales-2\/points-de-vente-uniques\/#breadcrumb","itemListElement":[{"@type":"ListItem","position":1,"name":"Home","item":"https:\/\/travecademy.be\/fr\/"},{"@type":"ListItem","position":2,"name":"Informations g\u00e9n\u00e9rales","item":"https:\/\/travecademy.be\/fr\/algemene-informatie-4\/"},{"@type":"ListItem","position":3,"name":"Points de vente uniques"}]},{"@type":"WebSite","@id":"https:\/\/travecademy.be\/fr\/#website","url":"https:\/\/travecademy.be\/fr\/","name":"TravEcademy","description":"Het meest succesvolle en gratis e-learning platform voor reisprofessionals","publisher":{"@id":"https:\/\/travecademy.be\/fr\/#organization"},"potentialAction":[{"@type":"SearchAction","target":{"@type":"EntryPoint","urlTemplate":"https:\/\/travecademy.be\/fr\/?s={search_term_string}"},"query-input":{"@type":"PropertyValueSpecification","valueRequired":true,"valueName":"search_term_string"}}],"inLanguage":"fr-FR"},{"@type":"Organization","@id":"https:\/\/travecademy.be\/fr\/#organization","name":"TravEcademy","url":"https:\/\/travecademy.be\/fr\/","logo":{"@type":"ImageObject","inLanguage":"fr-FR","@id":"https:\/\/travecademy.be\/fr\/#\/schema\/logo\/image\/","url":"https:\/\/travecademy.be\/wp-content\/uploads\/2024\/04\/Travecademy.png","contentUrl":"https:\/\/travecademy.be\/wp-content\/uploads\/2024\/04\/Travecademy.png","width":1263,"height":313,"caption":"TravEcademy"},"image":{"@id":"https:\/\/travecademy.be\/fr\/#\/schema\/logo\/image\/"}}]}},"publishpress_future_action":{"enabled":false,"date":"2026-05-07 11:48:36","action":"change-status","newStatus":"draft","terms":[],"taxonomy":"ecademys","extraData":[]},"publishpress_future_workflow_manual_trigger":{"enabledWorkflows":[]},"ticketed":false,"_links":{"self":[{"href":"https:\/\/travecademy.be\/fr\/wp-json\/wp\/v2\/pages\/48753","targetHints":{"allow":["GET"]}}],"collection":[{"href":"https:\/\/travecademy.be\/fr\/wp-json\/wp\/v2\/pages"}],"about":[{"href":"https:\/\/travecademy.be\/fr\/wp-json\/wp\/v2\/types\/page"}],"author":[{"embeddable":true,"href":"https:\/\/travecademy.be\/fr\/wp-json\/wp\/v2\/users\/1"}],"replies":[{"embeddable":true,"href":"https:\/\/travecademy.be\/fr\/wp-json\/wp\/v2\/comments?post=48753"}],"version-history":[{"count":1,"href":"https:\/\/travecademy.be\/fr\/wp-json\/wp\/v2\/pages\/48753\/revisions"}],"predecessor-version":[{"id":48754,"href":"https:\/\/travecademy.be\/fr\/wp-json\/wp\/v2\/pages\/48753\/revisions\/48754"}],"up":[{"embeddable":true,"href":"https:\/\/travecademy.be\/fr\/wp-json\/wp\/v2\/pages\/48713"}],"wp:featuredmedia":[{"embeddable":true,"href":"https:\/\/travecademy.be\/fr\/wp-json\/wp\/v2\/media\/35626"}],"wp:attachment":[{"href":"https:\/\/travecademy.be\/fr\/wp-json\/wp\/v2\/media?parent=48753"}],"wp:term":[{"taxonomy":"post_tag","embeddable":true,"href":"https:\/\/travecademy.be\/fr\/wp-json\/wp\/v2\/tags?post=48753"},{"taxonomy":"ecademys","embeddable":true,"href":"https:\/\/travecademy.be\/fr\/wp-json\/wp\/v2\/ecademys?post=48753"}],"curies":[{"name":"wp","href":"https:\/\/api.w.org\/{rel}","templated":true}]}}