{"id":48755,"date":"2018-02-01T09:35:46","date_gmt":"2018-02-01T07:35:46","guid":{"rendered":"https:\/\/travecademy.be\/laureats-des-annees-precedentes-2\/"},"modified":"2024-02-13T12:19:57","modified_gmt":"2024-02-13T10:19:57","slug":"laureats-des-annees-precedentes-2","status":"publish","type":"page","link":"https:\/\/travecademy.be\/fr\/tout-sur-les-elections\/laureats-des-annees-precedentes-2\/","title":{"rendered":"Laur\u00e9ats des ann\u00e9es pr\u00e9c\u00e9dentes"},"content":{"rendered":"<p><strong>Lors du Vakantiebeurs Vakdag du mercredi 15 janvier, les vainqueurs de l\u2019\u00e9lection ZRA 2020 ont \u00e9t\u00e9 annonc\u00e9s. Au nom de TravMagazine et des sponsors du concours, f\u00e9licitations ! Les gagnants participeront au voyage des gagnants en Indon\u00e9sie en mars, rendu possible par de Jong Intra Vakanties, Singapore Airlines et Wonderful Indonesia. Ce sont les meilleurs du pays :<\/strong><\/p>\n<p><strong>Drenthe :<\/strong><br \/>\nLeandra van der Berg (YourTravel)<\/p>\n<p><strong>Frise :<\/strong><br \/>\nJenny de Jong (TUI at Home)<\/p>\n<p><strong>Groningue :<\/strong><br \/>\nBianca Brons (Personal Touch Travel)<\/p>\n<p><strong>Brabant du Nord :<\/strong><br \/>\nJoyce Maas (TUI at Home)<\/p>\n<p><strong>Overijssel :<\/strong><br \/>\nMonique Berkenbosch (TUI at Home)<\/p>\n<p><strong>Utrecht :<\/strong><br \/>\nAng\u00e9lique Zwanenburg (TUI at Home)<\/p>\n<p><strong>Hollande m\u00e9ridionale :<\/strong><br \/>\nDenise Fhijnbeen (YourTravel)<\/p>\n<p><strong>Flevoland :<\/strong><br \/>\nCarine Heijsteeg (Personal Touch Travel)<\/p>\n<p><strong>Gelderland :<\/strong><br \/>\nColinda Scholtz (ReisCreaties)<\/p>\n<p><strong>Limbourg :<\/strong><br \/>\nSandra Vestjens (TUI at Home)<\/p>\n<p><strong>Hollande septentrionale :<\/strong><br \/>\nPetra Hermans (The Travel Club)<\/p>\n<p><strong>Z\u00e9lande :<\/strong><br \/>\nJacqueline den Dunnen (Personal Touch Travel)<\/p>\n<p><strong>Prix du talent :<\/strong><br \/>\nLianne Bloem (YourTravel, Drenthe)<\/p>\n<p><strong><a href=\"https:\/\/www.facebook.com\/pg\/Travmagazine\/photos\/?tab=album&album_id=3046008938764936\">Admirez les photos de la c\u00e9r\u00e9monie festive ici.<\/a><\/strong><br \/>\n\u00a0<\/p>\n<hr>\n<h3><strong>2019<\/strong><\/h3>\n<h4><strong>Les vainqueurs de l\u2019\u00e9lection ZRA 2019 ont \u00e9t\u00e9 annonc\u00e9s mercredi apr\u00e8s-midi, 9 janvier 2019, lors du Vakantiebeurs Vakdag. Outre les laur\u00e9ats par province, le Talent Award a \u00e9t\u00e9 d\u00e9cern\u00e9 au talent prometteur de l\u2019ann\u00e9e.<\/strong><\/h4>\n<p>Les meilleures ZRA de 2019 par province sont les suivantes :<\/p>\n<ul>\n<li><strong>Jeannet Spaltman<\/strong>\u00a0(Flevoland) VakantieXperts<\/li>\n<li><strong>Alicia ten Hoeve<\/strong>\u00a0(Friesland) Conseillers en voyages<\/li>\n<li><strong>Bianca Jansen-Bakker<\/strong>\u00a0(Gelderland) The Travel Club<\/li>\n<li><strong>Karin Bakker<\/strong>\u00a0(Groningen) Personal Touch Travel<\/li>\n<li><strong>Tim Zegveld<\/strong>\u00a0(Limburg) YourTravel<\/li>\n<li><strong>Mariska Kox-Aarts<\/strong>\u00a0(Brabant du Nord) The Travel Club<\/li>\n<li><strong>Bianca Brouwer \u2013 van der Pels<\/strong>\u00a0(North Holland) Conseillers en voyages<\/li>\n<li><strong>Monique Pluim<\/strong>\u00a0(Overijssel) TUI at Home<\/li>\n<li><strong>Anja Bos<\/strong>\u00a0(Utrecht) Face2Face Travel<\/li>\n<li><strong>Krista van Nes<\/strong>\u00a0(Zeeland) Personal Touch Travel<\/li>\n<li><strong>Claudia Wolswijk<\/strong>\u00a0(Hollande m\u00e9ridionale) YourTravel<\/li>\n<\/ul>\n<p>Malheureusement, la province de Drenthe n\u2019a pas de gagnant cette ann\u00e9e. La raison en est que le nombre total de points gagn\u00e9s tout au long de l\u2019\u00e9lection \u00e9tait inf\u00e9rieur au nombre moyen de points par lesquels les autres vainqueurs ont gagn\u00e9 dans leur province.<\/p>\n<p><strong>Prix du talent<\/strong><br \/>\nLe prix du talent est d\u00e9cern\u00e9 \u00e0 une ZRA qui n\u2019est pas active en tant que ZRA depuis tr\u00e8s longtemps, mais qui, selon le jury, a un avenir prometteur dans sa profession et est donc consid\u00e9r\u00e9e comme un talent prometteur. Le prix du talent a \u00e9t\u00e9 remport\u00e9 par :<\/p>\n<ul>\n<li><strong>Jessie Bijveld<\/strong>\u00a0(Brabant du Nord) Personal Touch Travel<\/li>\n<\/ul>\n<p>Au nom de TravMagazine \u2013 organisateur de l\u2019\u00e9lection ZRA \u2013 et des sponsors, f\u00e9licitations !<\/p>\n<p><em>Consultez les photos<a href=\"https:\/\/www.facebook.com\/ZRAVerkiezing\/\">de l\u2019\u00e9lection de ZRA sur la page Facebook de<\/a>\u00a0<a href=\"https:\/\/www.facebook.com\/ZRAVerkiezing\/\">.<\/a><\/em><\/p>\n<p><img decoding=\"async\" alt=\"Les vainqueurs de l'\u00e9lection ZRA 2019\" src=\"https:\/\/www.travmagazine.nl\/wp-content\/uploads\/2019\/01\/Winnaars-ZRA-Verkiezing-2019-730x421.jpg\"><\/p>\n<hr>\n<h3><strong>2018<\/strong><\/h3>\n<p><strong>Lors des boissons qui ont suivi le Vakantiebeurs Vakdag du mardi 9 janvier 2018, les\u00a0noms des ZRA qui peuvent se proclamer meilleure ZRA de leur province pour une ann\u00e9e ont \u00e9t\u00e9 annonc\u00e9s.<\/strong><\/p>\n<p>Cette ann\u00e9e, il n\u2019y a pas un laur\u00e9at national, mais dix laur\u00e9ats provinciaux. En plus de remporter le titre de \u201d Meilleur conseiller en voyages ind\u00e9pendant 2018 \u201c, les gagnants participeront \u00e0 un voyage d\u2019\u00e9tude unique en Afrique du Sud !<\/p>\n<p>Qui est-il devenu ? Par province :<\/p>\n<ul>\n<li>Drenthe \u2013\u00a0<strong>Natascha van Dam (Conseillers en voyages)<\/strong><\/li>\n<li>Gelderland \u2013\u00a0<strong>Chantal Mu\u00f1oz (TUI at Home)<\/strong><\/li>\n<li>Groningen \u2013\u00a0<strong>Wendy Swiersema (The Travel Club<\/strong>)<\/li>\n<li>Limbourg \u2013\u00a0<strong>Kitty Schers (The Travel Club<\/strong>)<\/li>\n<li>Brabant du Nord \u2013\u00a0<strong>Joyce Maas et Desiree Schijven (TUI at Home<\/strong>)<\/li>\n<li>Hollande Septentrionale \u2013\u00a0<strong>Nic\u00f4le Hovenier (The Travel Room\/Sun Travel<\/strong>)<\/li>\n<li>Overijssel \u2013\u00a0<strong>Monique Pluim (TUI at Home<\/strong>)<\/li>\n<li>Utrecht \u2013\u00a0<strong>Bea van Ek (Personal Touch Travel<\/strong>)<\/li>\n<li>Zeeland \u2013\u00a0<strong>Hetty Geensen (Reiscreaties<\/strong>)<\/li>\n<li>Hollande m\u00e9ridionale \u2013\u00a0<strong>Claudia Wolswijk (YourTravel<\/strong>)<\/li>\n<\/ul>\n<p><em>Au nom de TravMagazine et de tous les sponsors, f\u00e9licitations !<\/em><\/p>\n<p>Visitez notre <strong><br \/>\n  <a href=\"https:\/\/www.facebook.com\/ZRAVerkiezing\/\">page Facebook<\/a><br \/>\n<\/strong> pour voir toutes les photos de cette soir\u00e9e festive.\u00a0<\/p>\n<p>Cette ann\u00e9e, les vainqueurs provinciaux ont \u00e9t\u00e9 choisis au lieu d\u2019un titre national unique.\u00a0Ce faisant, l\u2019organisation r\u00e9pond \u00e0 un souhait fr\u00e9quemment exprim\u00e9 dans les cercles de la ZRA. D\u2019autant plus qu\u2019il existe aujourd\u2019hui environ 1 000 conseillers en voyages ind\u00e9pendants aux Pays-Bas. Il est donc de plus en plus n\u00e9cessaire de se distinguer et de se faire conna\u00eetre aupr\u00e8s de la client\u00e8le (potentielle) de sa propre r\u00e9gion. En d\u2019autres termes : auparavant, en tant que ZRA dans le Limbourg, par exemple, vous pouviez remporter le titre national de ZRA de l\u2019ann\u00e9e, comme c\u2019\u00e9tait le cas jusqu\u2019\u00e0 pr\u00e9sent, mais cela n\u2019\u00e9tait d\u2019aucune utilit\u00e9 pour les clients (potentiels) de la Frise. Ce probl\u00e8me est d\u00e9sormais r\u00e9solu par la d\u00e9signation de laur\u00e9ats provinciaux. Cela permettra aux laur\u00e9ats de mieux valoriser le titre dans leur propre zone de chalandise.<\/p>\n<p><img fetchpriority=\"high\" decoding=\"async\" class=\" size-full wp-image-2210\" alt=\"\" height=\"264\" src=\"http:\/\/travecademy.be\/wp-content\/uploads\/2018\/02\/headerzrawinnaars.jpg\" width=\"750\" srcset=\"https:\/\/travecademy.be\/wp-content\/uploads\/2018\/02\/headerzrawinnaars.jpg 955w, https:\/\/travecademy.be\/wp-content\/uploads\/2018\/02\/headerzrawinnaars-600x211.jpg 600w, https:\/\/travecademy.be\/wp-content\/uploads\/2018\/02\/headerzrawinnaars-300x106.jpg 300w, https:\/\/travecademy.be\/wp-content\/uploads\/2018\/02\/headerzrawinnaars-768x270.jpg 768w, https:\/\/travecademy.be\/wp-content\/uploads\/2018\/02\/headerzrawinnaars-624x220.jpg 624w, https:\/\/travecademy.be\/wp-content\/uploads\/2018\/02\/headerzrawinnaars-50x18.jpg 50w, https:\/\/travecademy.be\/wp-content\/uploads\/2018\/02\/headerzrawinnaars-100x35.jpg 100w\" sizes=\"(max-width: 750px) 100vw, 750px\" \/><\/p>\n<hr>\n<h3><strong>Tom Kanders, Meilleure ZRA de 2017<\/strong><\/h3>\n<p><img decoding=\"async\" alt=\"travecademy.be-b2719a812805e01d8cbe4b3bb558e55321f1ada9.jpg\" height=\"267\" src=\"https:\/\/crowded-uploads.imgix.net\/travecademy.be-b2719a812805e01d8cbe4b3bb558e55321f1ada9.jpg\" style=\"float:right\" width=\"194\">Bien s\u00fbr, on ne peut jamais mesurer \u00e0 100 % ce qu\u2019elles ont rapport\u00e9, mais je suis s\u00fbr que les \u00e9lections ont jou\u00e9 un r\u00f4le important dans l\u2019augmentation consid\u00e9rable de mes ventes. Par exemple, des personnes sont venues me voir sp\u00e9cifiquement parce qu\u2019elles avaient entendu dire que j\u2019\u00e9tais la meilleure ZRA. Ma victoire a touch\u00e9 un grand nombre de personnes. Partout o\u00f9 vous allez, tout le monde est au courant\u201d.<\/p>\n<p>Et quel est le conseil de Tom pour les futurs candidats ? Il faut de toute fa\u00e7on croire en soi. D\u00e8s le d\u00e9but, j\u2019ai dit que je prendrais le titre. Le dicton \u201cla comp\u00e9tition est plus importante que la victoire\u201d ne fonctionne pas dans cette comp\u00e9tition.<\/p>\n<p>\u00a0<\/p>\n<p>\u00a0<\/p>\n<p>\u00a0<\/p>\n<hr>\n<p><strong>Pourquoi participer<\/strong><\/p>\n<p>Outre l\u2019obtention d\u2019un titre, la participation aux \u00e9lections offre d\u00e9j\u00e0 de nombreux avantages. Au cours du concours, vous, en tant que ZRA, serez amen\u00e9e \u00e0 plusieurs reprises \u00e0 porter un regard critique sur vous-m\u00eame. Par exemple, quel est votre positionnement sur le march\u00e9, quel est votre score en tant qu\u2019entrepreneur et que savez-vous de vos clients ? En bref, les \u00e9lections sont un excellent moyen de r\u00e9fl\u00e9chir \u00e0 tout ce que vous faites en tant qu\u2019ind\u00e9pendant.<br \/>\nEn tant que participant, vous pouvez \u00e9galement prendre part aux nombreuses rencontres avec les sponsors et rencontrer de nombreux coll\u00e8gues ZRA lors des \u00e9v\u00e9nements de mise en r\u00e9seau.<\/p>\n<p><strong>En bref<\/strong><\/p>\n<ul>\n<li>L\u2019\u00e9lection est un bon point de r\u00e9f\u00e9rence pour d\u00e9terminer o\u00f9 vous vous situez en tant que ZRA (en phase de d\u00e9marrage).<\/li>\n<li>En participant, vous obtenez un retour d\u2019information clair. En tant qu\u2019entrepreneur, vous vous regardez dans un miroir et vous pouvez utiliser le retour d\u2019information pour identifier les domaines \u00e0 am\u00e9liorer.<\/li>\n<li>Vous avez l\u2019occasion d\u2019examiner attentivement votre communication avec les clients.<\/li>\n<li>L\u2019enqu\u00eate de satisfaction men\u00e9e pendant les \u00e9lections fournit de nombreuses informations structurelles sur l\u2019opinion de vos clients.<\/li>\n<li>En adh\u00e9rant, vous vous distinguerez parmi le nombre croissant de ZRA.<\/li>\n<li>Un voyage tous frais pay\u00e9s en Afrique du Sud si vous faites partie des finalistes.<\/li>\n<li>Le titre de meilleur ZRA de votre province est \u00e9videmment un excellent moyen de vous faire conna\u00eetre.<\/li>\n<\/ul>\n<p><a href=\"https:\/\/nieuw.travecademy.be\/meer\/zra-platform\/zra-events-verkiezing\"><br \/>\n  <strong>Consultez l\u2019agenda ZRA ici<\/strong><br \/>\n<\/a>afin que vous sachiez exactement ce qui est jou\u00e9 et quand.\u00a0<\/p>\n","protected":false},"excerpt":{"rendered":"<p>Lors du Vakantiebeurs Vakdag du mercredi 15 janvier, les vainqueurs de l\u2019\u00e9lection ZRA 2020 ont \u00e9t\u00e9 annonc\u00e9s. Au nom de TravMagazine et des sponsors du\u2026<\/p>\n","protected":false},"author":1,"featured_media":35229,"parent":48759,"menu_order":0,"comment_status":"closed","ping_status":"closed","template":"","meta":{"_acf_changed":false,"_price":"","_stock":"","_tribe_ticket_header":"","_tribe_default_ticket_provider":"","_tribe_ticket_capacity":"0","_ticket_start_date":"","_ticket_end_date":"","_tribe_ticket_show_description":"","_tribe_ticket_show_not_going":false,"_tribe_ticket_use_global_stock":"","_tribe_ticket_global_stock_level":"","_global_stock_mode":"","_global_stock_cap":"","_tribe_rsvp_for_event":"","_tribe_ticket_going_count":"","_tribe_ticket_not_going_count":"","_tribe_tickets_list":"[]","_tribe_ticket_has_attendee_info_fields":false,"footnotes":"","_tec_slr_enabled":"","_tec_slr_layout":""},"tags":[],"ecademys":[523],"class_list":["post-48755","page","type-page","status-publish","has-post-thumbnail","hentry","ecademys-zra-platform-verkiezing-fr"],"acf":[],"yoast_head":"<!-- This site is optimized with the Yoast SEO Premium plugin v27.3 (Yoast SEO v27.4) - https:\/\/yoast.com\/product\/yoast-seo-premium-wordpress\/ -->\n<title>Laur\u00e9ats des ann\u00e9es pr\u00e9c\u00e9dentes - TravEcademy<\/title>\n<meta name=\"robots\" content=\"index, follow, max-snippet:-1, max-image-preview:large, max-video-preview:-1\" \/>\n<link rel=\"canonical\" href=\"https:\/\/travecademy.be\/fr\/tout-sur-les-elections\/laureats-des-annees-precedentes-2\/\" class=\"yoast-seo-meta-tag\" \/>\n<meta property=\"og:locale\" content=\"fr_FR\" class=\"yoast-seo-meta-tag\" \/>\n<meta property=\"og:type\" content=\"article\" class=\"yoast-seo-meta-tag\" \/>\n<meta property=\"og:title\" content=\"Laur\u00e9ats des ann\u00e9es pr\u00e9c\u00e9dentes\" class=\"yoast-seo-meta-tag\" \/>\n<meta property=\"og:description\" content=\"Lors du Vakantiebeurs Vakdag du mercredi 15 janvier, les vainqueurs de l\u2019\u00e9lection ZRA 2020 ont \u00e9t\u00e9 annonc\u00e9s. Au nom de TravMagazine et des sponsors du\u2026\" class=\"yoast-seo-meta-tag\" \/>\n<meta property=\"og:url\" content=\"https:\/\/travecademy.be\/fr\/tout-sur-les-elections\/laureats-des-annees-precedentes-2\/\" class=\"yoast-seo-meta-tag\" \/>\n<meta property=\"og:site_name\" content=\"TravEcademy\" class=\"yoast-seo-meta-tag\" \/>\n<meta property=\"article:modified_time\" content=\"2024-02-13T10:19:57+00:00\" class=\"yoast-seo-meta-tag\" \/>\n<meta property=\"og:image\" content=\"https:\/\/travecademy.be\/wp-content\/uploads\/2020\/01\/IMG_3598-730x421.jpg\" class=\"yoast-seo-meta-tag\" \/>\n\t<meta property=\"og:image:width\" content=\"622\" class=\"yoast-seo-meta-tag\" \/>\n\t<meta property=\"og:image:height\" content=\"415\" class=\"yoast-seo-meta-tag\" \/>\n\t<meta property=\"og:image:type\" content=\"image\/jpeg\" class=\"yoast-seo-meta-tag\" \/>\n<meta name=\"twitter:card\" content=\"summary_large_image\" class=\"yoast-seo-meta-tag\" \/>\n<meta name=\"twitter:label1\" content=\"Dur\u00e9e de lecture estim\u00e9e\" class=\"yoast-seo-meta-tag\" \/>\n\t<meta name=\"twitter:data1\" content=\"6 minutes\" class=\"yoast-seo-meta-tag\" \/>\n<script type=\"application\/ld+json\" class=\"yoast-schema-graph\">{\"@context\":\"https:\\\/\\\/schema.org\",\"@graph\":[{\"@type\":\"WebPage\",\"@id\":\"https:\\\/\\\/travecademy.be\\\/fr\\\/tout-sur-les-elections\\\/laureats-des-annees-precedentes-2\\\/\",\"url\":\"https:\\\/\\\/travecademy.be\\\/fr\\\/tout-sur-les-elections\\\/laureats-des-annees-precedentes-2\\\/\",\"name\":\"Laur\u00e9ats des ann\u00e9es pr\u00e9c\u00e9dentes - TravEcademy\",\"isPartOf\":{\"@id\":\"https:\\\/\\\/travecademy.be\\\/fr\\\/#website\"},\"primaryImageOfPage\":{\"@id\":\"https:\\\/\\\/travecademy.be\\\/fr\\\/tout-sur-les-elections\\\/laureats-des-annees-precedentes-2\\\/#primaryimage\"},\"image\":{\"@id\":\"https:\\\/\\\/travecademy.be\\\/fr\\\/tout-sur-les-elections\\\/laureats-des-annees-precedentes-2\\\/#primaryimage\"},\"thumbnailUrl\":\"https:\\\/\\\/travecademy.be\\\/wp-content\\\/uploads\\\/2020\\\/01\\\/IMG_3598-730x421.jpg\",\"datePublished\":\"2018-02-01T07:35:46+00:00\",\"dateModified\":\"2024-02-13T10:19:57+00:00\",\"breadcrumb\":{\"@id\":\"https:\\\/\\\/travecademy.be\\\/fr\\\/tout-sur-les-elections\\\/laureats-des-annees-precedentes-2\\\/#breadcrumb\"},\"inLanguage\":\"fr-FR\",\"potentialAction\":[{\"@type\":\"ReadAction\",\"target\":[\"https:\\\/\\\/travecademy.be\\\/fr\\\/tout-sur-les-elections\\\/laureats-des-annees-precedentes-2\\\/\"]}]},{\"@type\":\"ImageObject\",\"inLanguage\":\"fr-FR\",\"@id\":\"https:\\\/\\\/travecademy.be\\\/fr\\\/tout-sur-les-elections\\\/laureats-des-annees-precedentes-2\\\/#primaryimage\",\"url\":\"https:\\\/\\\/travecademy.be\\\/wp-content\\\/uploads\\\/2020\\\/01\\\/IMG_3598-730x421.jpg\",\"contentUrl\":\"https:\\\/\\\/travecademy.be\\\/wp-content\\\/uploads\\\/2020\\\/01\\\/IMG_3598-730x421.jpg\",\"width\":622,\"height\":415},{\"@type\":\"BreadcrumbList\",\"@id\":\"https:\\\/\\\/travecademy.be\\\/fr\\\/tout-sur-les-elections\\\/laureats-des-annees-precedentes-2\\\/#breadcrumb\",\"itemListElement\":[{\"@type\":\"ListItem\",\"position\":1,\"name\":\"Home\",\"item\":\"https:\\\/\\\/travecademy.be\\\/fr\\\/\"},{\"@type\":\"ListItem\",\"position\":2,\"name\":\"Tout sur les \u00e9lections !\",\"item\":\"https:\\\/\\\/travecademy.be\\\/fr\\\/alles-over-de-verkiezing\\\/\"},{\"@type\":\"ListItem\",\"position\":3,\"name\":\"Laur\u00e9ats des ann\u00e9es pr\u00e9c\u00e9dentes\"}]},{\"@type\":\"WebSite\",\"@id\":\"https:\\\/\\\/travecademy.be\\\/fr\\\/#website\",\"url\":\"https:\\\/\\\/travecademy.be\\\/fr\\\/\",\"name\":\"TravEcademy\",\"description\":\"Het meest succesvolle en gratis e-learning platform voor reisprofessionals\",\"publisher\":{\"@id\":\"https:\\\/\\\/travecademy.be\\\/fr\\\/#organization\"},\"potentialAction\":[{\"@type\":\"SearchAction\",\"target\":{\"@type\":\"EntryPoint\",\"urlTemplate\":\"https:\\\/\\\/travecademy.be\\\/fr\\\/?s={search_term_string}\"},\"query-input\":{\"@type\":\"PropertyValueSpecification\",\"valueRequired\":true,\"valueName\":\"search_term_string\"}}],\"inLanguage\":\"fr-FR\"},{\"@type\":\"Organization\",\"@id\":\"https:\\\/\\\/travecademy.be\\\/fr\\\/#organization\",\"name\":\"TravEcademy\",\"url\":\"https:\\\/\\\/travecademy.be\\\/fr\\\/\",\"logo\":{\"@type\":\"ImageObject\",\"inLanguage\":\"fr-FR\",\"@id\":\"https:\\\/\\\/travecademy.be\\\/fr\\\/#\\\/schema\\\/logo\\\/image\\\/\",\"url\":\"https:\\\/\\\/travecademy.be\\\/wp-content\\\/uploads\\\/2024\\\/04\\\/Travecademy.png\",\"contentUrl\":\"https:\\\/\\\/travecademy.be\\\/wp-content\\\/uploads\\\/2024\\\/04\\\/Travecademy.png\",\"width\":1263,\"height\":313,\"caption\":\"TravEcademy\"},\"image\":{\"@id\":\"https:\\\/\\\/travecademy.be\\\/fr\\\/#\\\/schema\\\/logo\\\/image\\\/\"}}]}<\/script>\n<!-- \/ Yoast SEO Premium plugin. -->","yoast_head_json":{"title":"Laur\u00e9ats des ann\u00e9es pr\u00e9c\u00e9dentes - TravEcademy","robots":{"index":"index","follow":"follow","max-snippet":"max-snippet:-1","max-image-preview":"max-image-preview:large","max-video-preview":"max-video-preview:-1"},"canonical":"https:\/\/travecademy.be\/fr\/tout-sur-les-elections\/laureats-des-annees-precedentes-2\/","og_locale":"fr_FR","og_type":"article","og_title":"Laur\u00e9ats des ann\u00e9es pr\u00e9c\u00e9dentes","og_description":"Lors du Vakantiebeurs Vakdag du mercredi 15 janvier, les vainqueurs de l\u2019\u00e9lection ZRA 2020 ont \u00e9t\u00e9 annonc\u00e9s. Au nom de TravMagazine et des sponsors du\u2026","og_url":"https:\/\/travecademy.be\/fr\/tout-sur-les-elections\/laureats-des-annees-precedentes-2\/","og_site_name":"TravEcademy","article_modified_time":"2024-02-13T10:19:57+00:00","og_image":[{"width":622,"height":415,"url":"https:\/\/travecademy.be\/wp-content\/uploads\/2020\/01\/IMG_3598-730x421.jpg","type":"image\/jpeg"}],"twitter_card":"summary_large_image","twitter_misc":{"Dur\u00e9e de lecture estim\u00e9e":"6 minutes"},"schema":{"@context":"https:\/\/schema.org","@graph":[{"@type":"WebPage","@id":"https:\/\/travecademy.be\/fr\/tout-sur-les-elections\/laureats-des-annees-precedentes-2\/","url":"https:\/\/travecademy.be\/fr\/tout-sur-les-elections\/laureats-des-annees-precedentes-2\/","name":"Laur\u00e9ats des ann\u00e9es pr\u00e9c\u00e9dentes - TravEcademy","isPartOf":{"@id":"https:\/\/travecademy.be\/fr\/#website"},"primaryImageOfPage":{"@id":"https:\/\/travecademy.be\/fr\/tout-sur-les-elections\/laureats-des-annees-precedentes-2\/#primaryimage"},"image":{"@id":"https:\/\/travecademy.be\/fr\/tout-sur-les-elections\/laureats-des-annees-precedentes-2\/#primaryimage"},"thumbnailUrl":"https:\/\/travecademy.be\/wp-content\/uploads\/2020\/01\/IMG_3598-730x421.jpg","datePublished":"2018-02-01T07:35:46+00:00","dateModified":"2024-02-13T10:19:57+00:00","breadcrumb":{"@id":"https:\/\/travecademy.be\/fr\/tout-sur-les-elections\/laureats-des-annees-precedentes-2\/#breadcrumb"},"inLanguage":"fr-FR","potentialAction":[{"@type":"ReadAction","target":["https:\/\/travecademy.be\/fr\/tout-sur-les-elections\/laureats-des-annees-precedentes-2\/"]}]},{"@type":"ImageObject","inLanguage":"fr-FR","@id":"https:\/\/travecademy.be\/fr\/tout-sur-les-elections\/laureats-des-annees-precedentes-2\/#primaryimage","url":"https:\/\/travecademy.be\/wp-content\/uploads\/2020\/01\/IMG_3598-730x421.jpg","contentUrl":"https:\/\/travecademy.be\/wp-content\/uploads\/2020\/01\/IMG_3598-730x421.jpg","width":622,"height":415},{"@type":"BreadcrumbList","@id":"https:\/\/travecademy.be\/fr\/tout-sur-les-elections\/laureats-des-annees-precedentes-2\/#breadcrumb","itemListElement":[{"@type":"ListItem","position":1,"name":"Home","item":"https:\/\/travecademy.be\/fr\/"},{"@type":"ListItem","position":2,"name":"Tout sur les \u00e9lections !","item":"https:\/\/travecademy.be\/fr\/alles-over-de-verkiezing\/"},{"@type":"ListItem","position":3,"name":"Laur\u00e9ats des ann\u00e9es pr\u00e9c\u00e9dentes"}]},{"@type":"WebSite","@id":"https:\/\/travecademy.be\/fr\/#website","url":"https:\/\/travecademy.be\/fr\/","name":"TravEcademy","description":"Het meest succesvolle en gratis e-learning platform voor reisprofessionals","publisher":{"@id":"https:\/\/travecademy.be\/fr\/#organization"},"potentialAction":[{"@type":"SearchAction","target":{"@type":"EntryPoint","urlTemplate":"https:\/\/travecademy.be\/fr\/?s={search_term_string}"},"query-input":{"@type":"PropertyValueSpecification","valueRequired":true,"valueName":"search_term_string"}}],"inLanguage":"fr-FR"},{"@type":"Organization","@id":"https:\/\/travecademy.be\/fr\/#organization","name":"TravEcademy","url":"https:\/\/travecademy.be\/fr\/","logo":{"@type":"ImageObject","inLanguage":"fr-FR","@id":"https:\/\/travecademy.be\/fr\/#\/schema\/logo\/image\/","url":"https:\/\/travecademy.be\/wp-content\/uploads\/2024\/04\/Travecademy.png","contentUrl":"https:\/\/travecademy.be\/wp-content\/uploads\/2024\/04\/Travecademy.png","width":1263,"height":313,"caption":"TravEcademy"},"image":{"@id":"https:\/\/travecademy.be\/fr\/#\/schema\/logo\/image\/"}}]}},"publishpress_future_action":{"enabled":false,"date":"2026-04-22 10:09:59","action":"change-status","newStatus":"draft","terms":[],"taxonomy":"ecademys","extraData":[]},"publishpress_future_workflow_manual_trigger":{"enabledWorkflows":[]},"ticketed":false,"_links":{"self":[{"href":"https:\/\/travecademy.be\/fr\/wp-json\/wp\/v2\/pages\/48755","targetHints":{"allow":["GET"]}}],"collection":[{"href":"https:\/\/travecademy.be\/fr\/wp-json\/wp\/v2\/pages"}],"about":[{"href":"https:\/\/travecademy.be\/fr\/wp-json\/wp\/v2\/types\/page"}],"author":[{"embeddable":true,"href":"https:\/\/travecademy.be\/fr\/wp-json\/wp\/v2\/users\/1"}],"replies":[{"embeddable":true,"href":"https:\/\/travecademy.be\/fr\/wp-json\/wp\/v2\/comments?post=48755"}],"version-history":[{"count":1,"href":"https:\/\/travecademy.be\/fr\/wp-json\/wp\/v2\/pages\/48755\/revisions"}],"predecessor-version":[{"id":48756,"href":"https:\/\/travecademy.be\/fr\/wp-json\/wp\/v2\/pages\/48755\/revisions\/48756"}],"up":[{"embeddable":true,"href":"https:\/\/travecademy.be\/fr\/wp-json\/wp\/v2\/pages\/48759"}],"wp:featuredmedia":[{"embeddable":true,"href":"https:\/\/travecademy.be\/fr\/wp-json\/wp\/v2\/media\/35229"}],"wp:attachment":[{"href":"https:\/\/travecademy.be\/fr\/wp-json\/wp\/v2\/media?parent=48755"}],"wp:term":[{"taxonomy":"post_tag","embeddable":true,"href":"https:\/\/travecademy.be\/fr\/wp-json\/wp\/v2\/tags?post=48755"},{"taxonomy":"ecademys","embeddable":true,"href":"https:\/\/travecademy.be\/fr\/wp-json\/wp\/v2\/ecademys?post=48755"}],"curies":[{"name":"wp","href":"https:\/\/api.w.org\/{rel}","templated":true}]}}