{"id":48763,"date":"2023-07-14T13:38:00","date_gmt":"2023-07-14T11:38:00","guid":{"rendered":"https:\/\/travecademy.be\/via-rail-canada\/"},"modified":"2024-02-13T12:19:57","modified_gmt":"2024-02-13T10:19:57","slug":"via-rail-canada","status":"publish","type":"page","link":"https:\/\/travecademy.be\/fr\/via-rail-canada\/","title":{"rendered":"VIA Rail Canada"},"content":{"rendered":"<h2><em><a href=\"https:\/\/www.incento.nl\/onzeberoemdetreinen\/viarailcanada\"><img decoding=\"async\" class=\" size-full wp-image-2183\" style=\"float: right;\" src=\"http:\/\/travecademy.be\/wp-content\/uploads\/2017\/12\/logo_viarail-large-carre.png\" alt=\"\" width=\"200\" height=\"200\" srcset=\"https:\/\/travecademy.be\/wp-content\/uploads\/2017\/12\/logo_viarail-large-carre.png 200w, https:\/\/travecademy.be\/wp-content\/uploads\/2017\/12\/logo_viarail-large-carre-100x100.png 100w, https:\/\/travecademy.be\/wp-content\/uploads\/2017\/12\/logo_viarail-large-carre-150x150.png 150w, https:\/\/travecademy.be\/wp-content\/uploads\/2017\/12\/logo_viarail-large-carre-50x50.png 50w\" sizes=\"(max-width: 200px) 100vw, 200px\" \/><\/a><\/em><strong>Bienvenue \u00e0 bord de VIA Rail Canada<\/strong><\/h2>\n<p><em>La v\u00e9ritable exp\u00e9rience canadienne<\/em><\/p>\n<p><strong>Le Canada est l\u2019un des plus grands pays du monde et une destination de vacances populaire pour les N\u00e9erlandais. Pour la plupart des gens, les vacances au Canada se r\u00e9sument \u00e0 un voyage aller-retour en camping-car ou en voiture. Mais elle peut aussi \u00eatre diff\u00e9rente !\u00a0Et pourquoi pas le TREIN !<\/strong><\/p>\n<p>Trains de la compagnie nationale des chemins de fer\u00a0<a href=\"https:\/\/www.viarail.ca\/en\" target=\"_blank\" rel=\"noopener\">VIA Rail<\/a>\u00a0pr\u00e9sente ce pays dans toute son immensit\u00e9 et se rend m\u00eame dans des endroits inaccessibles par d\u2019autres moyens de transport.<\/p>\n<p><strong>Pourquoi voyager en train ?<\/strong><br \/>\n<em>Les personnes press\u00e9es prennent l\u2019avion. Ceux qui veulent voir quelque chose prennent le train<\/em><\/p>\n<p><a href=\"https:\/\/www.viarail.ca\/en\/explore-our-destinations\/trains\">Les trains de VIA Rail parcourent le pays selon diff\u00e9rents itin\u00e9raires.<\/a><\/p>\n<ul>\n<li>Les trains longue distance sont le Canadian, entre Toronto et Vancouver, le Skeena, entre Winnipeg et Churchill, et l\u2019Ocean, entre Montr\u00e9al et Halifax.<\/li>\n<li>C\u2019est un moyen confortable de voyager, avec d\u2019excellentes installations de couchage, un restaurant, un bar et des voitures-salons sur les itin\u00e9raires de plusieurs jours.<\/li>\n<li>Ils offrent plus de facilit\u00e9s que tout autre mode de transport et il est id\u00e9al de les combiner avec la location d\u2019une voiture ou d\u2019un camping-car. Mais la plupart du temps, ils sont tr\u00e8s confortables.<\/li>\n<li>Le train express entre les grandes villes s\u2019appelle le train Corridor et circule entre Windsor, Toronto via Montr\u00e9al ou Ottowa vers le Qu\u00e9bec.<\/li>\n<li>Ici, vous n\u2019avez surtout pas besoin d\u2019une voiture de location en raison des embouteillages, des frais de stationnement \u00e9lev\u00e9s et des frais de d\u00e9pose \u00e9lev\u00e9s de votre voiture de location.<\/li>\n<li>Les travaux de renouvellement de ces rames par des rames Siemens plus durables ont commenc\u00e9 au d\u00e9but de l\u2019ann\u00e9e 2023.<\/li>\n<\/ul>\n<p>VIA Rail Canada est repr\u00e9sent\u00e9e aux Pays-Bas par\u00a0ITN Marketing. N\u2019h\u00e9sitez pas \u00e0 nous contacter pour plus d\u2019informations\u00a0<a href=\"mailto:viarailcanada@itnmarketing.nl\">viarailcanada@itnmarketing.nl<\/a><\/p>\n<p><strong>Informations sur les contacts<\/strong><\/p>\n<p>ITN Marketing<br \/>\nKarin Gomes<br \/>\nHollow Bilt 25a<br \/>\n3732 HM de Bilt<\/p>\n<p>Tel : 06 54 706 924<br \/>\nE-mail :\u00a0<a href=\"mailto:karin.gomes@itnmarketing.nl\">karin.gomes@itnmarketing.nl<\/a><\/p>\n<p><a href=\"http:\/\/www.itnmarketing.nl\/\">www.itnmarketing.nl<\/a><\/p>\n<p>Ou plus d\u2019informations sur nos \u00e9v\u00e9nements :<\/p>\n<p><a href=\"mailto:usacanadaexperience@itnmarketing.nl\">usacanadaexperience@itnmarketing.nl<\/a><\/p>\n<p><a href=\"mailto:usacanadareisbeurs@itnmarketing.nl\">usacanadareisbeurs@itnmarketing.nl<\/a><\/p>\n","protected":false},"excerpt":{"rendered":"<p>Bienvenue \u00e0 bord de VIA Rail Canada La v\u00e9ritable exp\u00e9rience canadienne Le Canada est l\u2019un des plus grands pays du monde et une destination de\u2026<\/p>\n","protected":false},"author":1,"featured_media":35219,"parent":0,"menu_order":0,"comment_status":"closed","ping_status":"closed","template":"","meta":{"_acf_changed":false,"_price":"","_stock":"","_tribe_ticket_header":"","_tribe_default_ticket_provider":"","_tribe_ticket_capacity":"0","_ticket_start_date":"","_ticket_end_date":"","_tribe_ticket_show_description":"","_tribe_ticket_show_not_going":false,"_tribe_ticket_use_global_stock":"","_tribe_ticket_global_stock_level":"","_global_stock_mode":"","_global_stock_cap":"","_tribe_rsvp_for_event":"","_tribe_ticket_going_count":"","_tribe_ticket_not_going_count":"","_tribe_tickets_list":"[]","_tribe_ticket_has_attendee_info_fields":false,"footnotes":"","_tec_slr_enabled":"","_tec_slr_layout":""},"tags":[],"ecademys":[506],"class_list":["post-48763","page","type-page","status-publish","has-post-thumbnail","hentry","ecademys-usa-canada-fr"],"acf":[],"yoast_head":"<!-- This site is optimized with the Yoast SEO Premium plugin v27.4 (Yoast SEO v27.5) - https:\/\/yoast.com\/product\/yoast-seo-premium-wordpress\/ -->\n<title>VIA Rail Canada - TravEcademy<\/title>\n<meta name=\"robots\" content=\"index, follow, max-snippet:-1, max-image-preview:large, max-video-preview:-1\" \/>\n<link rel=\"canonical\" href=\"https:\/\/travecademy.be\/fr\/via-rail-canada\/\" class=\"yoast-seo-meta-tag\" \/>\n<meta property=\"og:locale\" content=\"fr_FR\" class=\"yoast-seo-meta-tag\" \/>\n<meta property=\"og:type\" content=\"article\" class=\"yoast-seo-meta-tag\" \/>\n<meta property=\"og:title\" content=\"VIA Rail Canada\" class=\"yoast-seo-meta-tag\" \/>\n<meta property=\"og:description\" content=\"Bienvenue \u00e0 bord de VIA Rail Canada La v\u00e9ritable exp\u00e9rience canadienne Le Canada est l\u2019un des plus grands pays du monde et une destination de\u2026\" class=\"yoast-seo-meta-tag\" \/>\n<meta property=\"og:url\" content=\"https:\/\/travecademy.be\/fr\/via-rail-canada\/\" class=\"yoast-seo-meta-tag\" \/>\n<meta property=\"og:site_name\" content=\"TravEcademy\" class=\"yoast-seo-meta-tag\" \/>\n<meta property=\"article:modified_time\" content=\"2024-02-13T10:19:57+00:00\" class=\"yoast-seo-meta-tag\" \/>\n<meta property=\"og:image\" content=\"https:\/\/travecademy.be\/wp-content\/uploads\/2017\/12\/682x453_force.jpg\" class=\"yoast-seo-meta-tag\" \/>\n\t<meta property=\"og:image:width\" content=\"622\" class=\"yoast-seo-meta-tag\" \/>\n\t<meta property=\"og:image:height\" content=\"415\" class=\"yoast-seo-meta-tag\" \/>\n\t<meta property=\"og:image:type\" content=\"image\/jpeg\" class=\"yoast-seo-meta-tag\" \/>\n<meta name=\"twitter:card\" content=\"summary_large_image\" class=\"yoast-seo-meta-tag\" \/>\n<meta name=\"twitter:label1\" content=\"Dur\u00e9e de lecture estim\u00e9e\" class=\"yoast-seo-meta-tag\" \/>\n\t<meta name=\"twitter:data1\" content=\"2 minutes\" class=\"yoast-seo-meta-tag\" \/>\n<script type=\"application\/ld+json\" class=\"yoast-schema-graph\">{\"@context\":\"https:\\\/\\\/schema.org\",\"@graph\":[{\"@type\":\"WebPage\",\"@id\":\"https:\\\/\\\/travecademy.be\\\/fr\\\/via-rail-canada\\\/\",\"url\":\"https:\\\/\\\/travecademy.be\\\/fr\\\/via-rail-canada\\\/\",\"name\":\"VIA Rail Canada - TravEcademy\",\"isPartOf\":{\"@id\":\"https:\\\/\\\/travecademy.be\\\/fr\\\/#website\"},\"primaryImageOfPage\":{\"@id\":\"https:\\\/\\\/travecademy.be\\\/fr\\\/via-rail-canada\\\/#primaryimage\"},\"image\":{\"@id\":\"https:\\\/\\\/travecademy.be\\\/fr\\\/via-rail-canada\\\/#primaryimage\"},\"thumbnailUrl\":\"https:\\\/\\\/travecademy.be\\\/wp-content\\\/uploads\\\/2017\\\/12\\\/682x453_force.jpg\",\"datePublished\":\"2023-07-14T11:38:00+00:00\",\"dateModified\":\"2024-02-13T10:19:57+00:00\",\"breadcrumb\":{\"@id\":\"https:\\\/\\\/travecademy.be\\\/fr\\\/via-rail-canada\\\/#breadcrumb\"},\"inLanguage\":\"fr-FR\",\"potentialAction\":[{\"@type\":\"ReadAction\",\"target\":[\"https:\\\/\\\/travecademy.be\\\/fr\\\/via-rail-canada\\\/\"]}]},{\"@type\":\"ImageObject\",\"inLanguage\":\"fr-FR\",\"@id\":\"https:\\\/\\\/travecademy.be\\\/fr\\\/via-rail-canada\\\/#primaryimage\",\"url\":\"https:\\\/\\\/travecademy.be\\\/wp-content\\\/uploads\\\/2017\\\/12\\\/682x453_force.jpg\",\"contentUrl\":\"https:\\\/\\\/travecademy.be\\\/wp-content\\\/uploads\\\/2017\\\/12\\\/682x453_force.jpg\",\"width\":622,\"height\":415},{\"@type\":\"BreadcrumbList\",\"@id\":\"https:\\\/\\\/travecademy.be\\\/fr\\\/via-rail-canada\\\/#breadcrumb\",\"itemListElement\":[{\"@type\":\"ListItem\",\"position\":1,\"name\":\"Home\",\"item\":\"https:\\\/\\\/travecademy.be\\\/fr\\\/\"},{\"@type\":\"ListItem\",\"position\":2,\"name\":\"VIA Rail Canada\"}]},{\"@type\":\"WebSite\",\"@id\":\"https:\\\/\\\/travecademy.be\\\/fr\\\/#website\",\"url\":\"https:\\\/\\\/travecademy.be\\\/fr\\\/\",\"name\":\"TravEcademy\",\"description\":\"Het meest succesvolle en gratis e-learning platform voor reisprofessionals\",\"publisher\":{\"@id\":\"https:\\\/\\\/travecademy.be\\\/fr\\\/#organization\"},\"potentialAction\":[{\"@type\":\"SearchAction\",\"target\":{\"@type\":\"EntryPoint\",\"urlTemplate\":\"https:\\\/\\\/travecademy.be\\\/fr\\\/?s={search_term_string}\"},\"query-input\":{\"@type\":\"PropertyValueSpecification\",\"valueRequired\":true,\"valueName\":\"search_term_string\"}}],\"inLanguage\":\"fr-FR\"},{\"@type\":\"Organization\",\"@id\":\"https:\\\/\\\/travecademy.be\\\/fr\\\/#organization\",\"name\":\"TravEcademy\",\"url\":\"https:\\\/\\\/travecademy.be\\\/fr\\\/\",\"logo\":{\"@type\":\"ImageObject\",\"inLanguage\":\"fr-FR\",\"@id\":\"https:\\\/\\\/travecademy.be\\\/fr\\\/#\\\/schema\\\/logo\\\/image\\\/\",\"url\":\"https:\\\/\\\/travecademy.be\\\/wp-content\\\/uploads\\\/2024\\\/04\\\/Travecademy.png\",\"contentUrl\":\"https:\\\/\\\/travecademy.be\\\/wp-content\\\/uploads\\\/2024\\\/04\\\/Travecademy.png\",\"width\":1263,\"height\":313,\"caption\":\"TravEcademy\"},\"image\":{\"@id\":\"https:\\\/\\\/travecademy.be\\\/fr\\\/#\\\/schema\\\/logo\\\/image\\\/\"}}]}<\/script>\n<!-- \/ Yoast SEO Premium plugin. -->","yoast_head_json":{"title":"VIA Rail Canada - TravEcademy","robots":{"index":"index","follow":"follow","max-snippet":"max-snippet:-1","max-image-preview":"max-image-preview:large","max-video-preview":"max-video-preview:-1"},"canonical":"https:\/\/travecademy.be\/fr\/via-rail-canada\/","og_locale":"fr_FR","og_type":"article","og_title":"VIA Rail Canada","og_description":"Bienvenue \u00e0 bord de VIA Rail Canada La v\u00e9ritable exp\u00e9rience canadienne Le Canada est l\u2019un des plus grands pays du monde et une destination de\u2026","og_url":"https:\/\/travecademy.be\/fr\/via-rail-canada\/","og_site_name":"TravEcademy","article_modified_time":"2024-02-13T10:19:57+00:00","og_image":[{"width":622,"height":415,"url":"https:\/\/travecademy.be\/wp-content\/uploads\/2017\/12\/682x453_force.jpg","type":"image\/jpeg"}],"twitter_card":"summary_large_image","twitter_misc":{"Dur\u00e9e de lecture estim\u00e9e":"2 minutes"},"schema":{"@context":"https:\/\/schema.org","@graph":[{"@type":"WebPage","@id":"https:\/\/travecademy.be\/fr\/via-rail-canada\/","url":"https:\/\/travecademy.be\/fr\/via-rail-canada\/","name":"VIA Rail Canada - TravEcademy","isPartOf":{"@id":"https:\/\/travecademy.be\/fr\/#website"},"primaryImageOfPage":{"@id":"https:\/\/travecademy.be\/fr\/via-rail-canada\/#primaryimage"},"image":{"@id":"https:\/\/travecademy.be\/fr\/via-rail-canada\/#primaryimage"},"thumbnailUrl":"https:\/\/travecademy.be\/wp-content\/uploads\/2017\/12\/682x453_force.jpg","datePublished":"2023-07-14T11:38:00+00:00","dateModified":"2024-02-13T10:19:57+00:00","breadcrumb":{"@id":"https:\/\/travecademy.be\/fr\/via-rail-canada\/#breadcrumb"},"inLanguage":"fr-FR","potentialAction":[{"@type":"ReadAction","target":["https:\/\/travecademy.be\/fr\/via-rail-canada\/"]}]},{"@type":"ImageObject","inLanguage":"fr-FR","@id":"https:\/\/travecademy.be\/fr\/via-rail-canada\/#primaryimage","url":"https:\/\/travecademy.be\/wp-content\/uploads\/2017\/12\/682x453_force.jpg","contentUrl":"https:\/\/travecademy.be\/wp-content\/uploads\/2017\/12\/682x453_force.jpg","width":622,"height":415},{"@type":"BreadcrumbList","@id":"https:\/\/travecademy.be\/fr\/via-rail-canada\/#breadcrumb","itemListElement":[{"@type":"ListItem","position":1,"name":"Home","item":"https:\/\/travecademy.be\/fr\/"},{"@type":"ListItem","position":2,"name":"VIA Rail Canada"}]},{"@type":"WebSite","@id":"https:\/\/travecademy.be\/fr\/#website","url":"https:\/\/travecademy.be\/fr\/","name":"TravEcademy","description":"Het meest succesvolle en gratis e-learning platform voor reisprofessionals","publisher":{"@id":"https:\/\/travecademy.be\/fr\/#organization"},"potentialAction":[{"@type":"SearchAction","target":{"@type":"EntryPoint","urlTemplate":"https:\/\/travecademy.be\/fr\/?s={search_term_string}"},"query-input":{"@type":"PropertyValueSpecification","valueRequired":true,"valueName":"search_term_string"}}],"inLanguage":"fr-FR"},{"@type":"Organization","@id":"https:\/\/travecademy.be\/fr\/#organization","name":"TravEcademy","url":"https:\/\/travecademy.be\/fr\/","logo":{"@type":"ImageObject","inLanguage":"fr-FR","@id":"https:\/\/travecademy.be\/fr\/#\/schema\/logo\/image\/","url":"https:\/\/travecademy.be\/wp-content\/uploads\/2024\/04\/Travecademy.png","contentUrl":"https:\/\/travecademy.be\/wp-content\/uploads\/2024\/04\/Travecademy.png","width":1263,"height":313,"caption":"TravEcademy"},"image":{"@id":"https:\/\/travecademy.be\/fr\/#\/schema\/logo\/image\/"}}]}},"publishpress_future_action":{"enabled":false,"date":"2026-05-06 15:11:08","action":"change-status","newStatus":"draft","terms":[],"taxonomy":"ecademys","extraData":[]},"publishpress_future_workflow_manual_trigger":{"enabledWorkflows":[]},"ticketed":false,"_links":{"self":[{"href":"https:\/\/travecademy.be\/fr\/wp-json\/wp\/v2\/pages\/48763","targetHints":{"allow":["GET"]}}],"collection":[{"href":"https:\/\/travecademy.be\/fr\/wp-json\/wp\/v2\/pages"}],"about":[{"href":"https:\/\/travecademy.be\/fr\/wp-json\/wp\/v2\/types\/page"}],"author":[{"embeddable":true,"href":"https:\/\/travecademy.be\/fr\/wp-json\/wp\/v2\/users\/1"}],"replies":[{"embeddable":true,"href":"https:\/\/travecademy.be\/fr\/wp-json\/wp\/v2\/comments?post=48763"}],"version-history":[{"count":1,"href":"https:\/\/travecademy.be\/fr\/wp-json\/wp\/v2\/pages\/48763\/revisions"}],"predecessor-version":[{"id":48764,"href":"https:\/\/travecademy.be\/fr\/wp-json\/wp\/v2\/pages\/48763\/revisions\/48764"}],"wp:featuredmedia":[{"embeddable":true,"href":"https:\/\/travecademy.be\/fr\/wp-json\/wp\/v2\/media\/35219"}],"wp:attachment":[{"href":"https:\/\/travecademy.be\/fr\/wp-json\/wp\/v2\/media?parent=48763"}],"wp:term":[{"taxonomy":"post_tag","embeddable":true,"href":"https:\/\/travecademy.be\/fr\/wp-json\/wp\/v2\/tags?post=48763"},{"taxonomy":"ecademys","embeddable":true,"href":"https:\/\/travecademy.be\/fr\/wp-json\/wp\/v2\/ecademys?post=48763"}],"curies":[{"name":"wp","href":"https:\/\/api.w.org\/{rel}","templated":true}]}}