{"id":48767,"date":"2019-03-21T10:09:49","date_gmt":"2019-03-21T08:09:49","guid":{"rendered":"https:\/\/travecademy.be\/voyages-en-voiture\/"},"modified":"2024-02-13T12:20:00","modified_gmt":"2024-02-13T10:20:00","slug":"voyages-en-voiture","status":"publish","type":"page","link":"https:\/\/travecademy.be\/fr\/voyages-en-voiture\/","title":{"rendered":"Voyages en voiture"},"content":{"rendered":"<p><strong>Le sud est une terre de pr\u00e9dilection pour un voyage en voiture en raison de sa diversit\u00e9 et de ses distances agr\u00e9ables. Longez la c\u00f4te spectaculaire en passant par des villes portuaires idylliques, suivez des routes de montagne sinueuses \u00e0 travers les Appalaches et visitez des monuments historiques en chemin, ce qui vous permettra d\u2019en apprendre davantage sur l\u2019histoire du Sud. Vous serez initi\u00e9 \u00e0 diff\u00e9rentes cultures et go\u00fbterez \u00e0 ce m\u00e9lange dans la nourriture locale.<\/strong><\/p>\n<p>De plus, la r\u00e9gion Travel South est facilement accessible. Il y a des vols directs vers Atlanta, situ\u00e9e en plein milieu de la r\u00e9gion du Sud, ce qui vous permet de vous rendre n\u2019importe o\u00f9 en peu de temps. Mais Washington D.C., Houston, Austin, Orlando et Tampa constituent \u00e9galement des points de d\u00e9part int\u00e9ressants pour un voyage dans cette r\u00e9gion. Vous pouvez \u00e9galement vous rendre, via une seule correspondance, dans des villes telles que la Nouvelle-Orl\u00e9ans, Memphis, Nashville, Saint-P\u00e9tersbourg et St. Louis, Charleston, etc. Les options ne manquent pas !<\/p>\n<p>Nous aimerions attirer votre attention sur l\u2019itin\u00e9raire de la Route des droits civiques. Depuis Atlanta, vous pouvez vous rendre \u00e0 Birmingham en deux heures. L\u2019Alabama offre un certain nombre de sites embl\u00e9matiques et significatifs de l\u2019histoire afro-am\u00e9ricaine. Vous pouvez combiner cette histoire impressionnante avec l\u2019hospitalit\u00e9 du sud, une cuisine d\u00e9licieuse et de la musique en direct. Laissez-vous surprendre par la polyvalence de l\u2019Alabama !<\/p>\n<ul>\n<li><a href=\"https:\/\/www.travecademy.be\/ecademys\/travel-south-usa\/roadtrips\/rock-n-roll-raketten-elvis\" title=\"Rock 'n Roll, fus\u00e9es et Elvis\">Rock \u2018n Roll, fus\u00e9es et Elvis<\/a><\/li>\n<li><a href=\"https:\/\/www.travecademy.be\/ecademys\/travel-south-usa\/roadtrips\/net-als-lincoln-door-kentucky\" title=\"Comme Lincoln dans le Kentucky\">Comme Lincoln dans le Kentucky<\/a><\/li>\n<li><a href=\"https:\/\/www.travecademy.be\/ecademys\/travel-south-usa\/roadtrips\/zuidelijke-state-parks-van-louisiana\" title=\"Parcs d'\u00c9tat du sud de la Louisiane\">Parcs d\u2019\u00c9tat du sud de la Louisiane<\/a><\/li>\n<li><a href=\"https:\/\/www.travecademy.be\/ecademys\/travel-south-usa\/roadtrips\/de-straten-van-new-orleans\" title=\"Les rues de la Nouvelle-Orl\u00e9ans\">Les rues de la Nouvelle-Orl\u00e9ans<\/a><\/li>\n<li><a href=\"https:\/\/www.travecademy.be\/ecademys\/travel-south-usa\/roadtrips\/door-het-historische-zuiden\" title=\"A travers le sud historique !\">A travers le sud historique !<\/a><\/li>\n<li><a href=\"https:\/\/www.travecademy.be\/ecademys\/travel-south-usa\/roadtrips\/dierlijke-westkust-van-south-carolina\" title=\"Animal c\u00f4te ouest de la Caroline du Sud\">Animal c\u00f4te ouest de la Caroline du Sud<\/a><\/li>\n<li><a href=\"https:\/\/www.travecademy.be\/ecademys\/travel-south-usa\/roadtrips\/volg-de-civil-war-trails-tennessee\" title=\"Suivez les sentiers de la guerre civile dans le Tennessee !\">Suivez les sentiers de la guerre civile dans le Tennessee !<\/a><\/li>\n<li><a href=\"https:\/\/www.travecademy.be\/ecademys\/travel-south-usa\/roadtrips\/muziekattracties-overvloed\" title=\"Des attractions musicales \u00e0 profusion\">Des attractions musicales \u00e0 profusion<\/a><\/li>\n<li><a href=\"https:\/\/www.travecademy.be\/ecademys\/travel-south-usa\/roadtrips\/beste-atlanta-parades-en-festivals\" title=\"Les meilleurs d\u00e9fil\u00e9s et festivals d'Atlanta\">Les meilleurs d\u00e9fil\u00e9s et festivals d\u2019Atlanta<\/a><\/li>\n<li><a href=\"https:\/\/www.travecademy.be\/ecademys\/travel-south-usa\/roadtrips\/vijf-zomerse-plekken-west-virginia\" title=\"Cinq lieux d'\u00e9t\u00e9 en Virginie-Occidentale !\">Cinq lieux d\u2019\u00e9t\u00e9 en Virginie-Occidentale !<\/a><\/li>\n<li><a href=\"https:\/\/www.travecademy.be\/ecademys\/travel-south-usa\/roadtrips\/cave-state-missouri\" title=\"\u00c9tat des cavernes du Missouri !\">\u00c9tat des cavernes du Missouri !<\/a><\/li>\n<li><a href=\"https:\/\/www.travecademy.be\/ecademys\/travel-south-usa\/roadtrips\/civil-rights-trail\" title=\"La route des droits civiques\">La route des droits civiques<\/a><\/li>\n<li><a href=\"https:\/\/www.travecademy.be\/ecademys\/travel-south-usa\/roadtrips\/nashville-zuidtour\" title=\"Tour de Nashville et du Sud\">Tour de Nashville et du Sud<\/a><\/li>\n<li><a href=\"https:\/\/www.travecademy.be\/ecademys\/travel-south-usa\/roadtrips\/outer-banks-charmante-kustroute\" title=\"Outer Banks - charmante route c\u00f4ti\u00e8re\">Outer Banks \u2013 charmante route c\u00f4ti\u00e8re<\/a><\/li>\n<li><a href=\"https:\/\/www.travecademy.be\/ecademys\/travel-south-usa\/roadtrips\/bourbon-distillery-tour\" title=\"Visite de la distillerie de bourbon\">Visite de la distillerie de bourbon<\/a><\/li>\n<li><a href=\"https:\/\/www.travecademy.be\/ecademys\/travel-south-usa\/roadtrips\/de-zuidelijke-kust\" title=\"La c\u00f4te sud\">La c\u00f4te sud<\/a><\/li>\n<li><a href=\"https:\/\/www.travecademy.be\/ecademys\/travel-south-usa\/roadtrips\/attraction-coast\" title=\"L'attrait de la c\u00f4te\">L\u2019attrait de la c\u00f4te<\/a><\/li>\n<li><a href=\"https:\/\/www.travecademy.be\/ecademys\/travel-south-usa\/roadtrips\/tennessee-music-pathways\" title=\"Les chemins de la musique dans le Tennessee\">Les chemins de la musique dans le Tennessee<\/a><\/li>\n<li><a href=\"https:\/\/www.travecademy.be\/ecademys\/travel-south-usa\/roadtrips\/ga-ondergronds-missouri\" title=\"Le Missouri dans la clandestinit\u00e9\">Le Missouri dans la clandestinit\u00e9<\/a><\/li>\n<li><a href=\"https:\/\/www.travecademy.be\/ecademys\/travel-south-usa\/roadtrips\/ontdek-de-85-roadtrips-door-alabama\" title=\"D\u00e9couvrez les 85 itin\u00e9raires routiers \u00e0 travers l'Alabama\">D\u00e9couvrez les 85 itin\u00e9raires routiers \u00e0 travers l\u2019Alabama<\/a><\/li>\n<li><a href=\"https:\/\/www.travecademy.be\/ecademys\/travel-south-usa\/roadtrips\/blue-ridge-parkway-north-carolina\" title=\"Promenade des cr\u00eates bleues en Caroline du Nord\">Promenade des cr\u00eates bleues en Caroline du Nord<\/a><\/li>\n<li><a href=\"https:\/\/www.travecademy.be\/ecademys\/travel-south-usa\/roadtrips\/bier-barbecue-missouri\" title=\"Bi\u00e8re et barbecue dans le Missouri\">Bi\u00e8re et barbecue dans le Missouri<\/a><\/li>\n<li><a href=\"https:\/\/www.travecademy.be\/ecademys\/travel-south-usa\/roadtrips\/tennessee-music-pathways-0\" title=\"Les chemins de la musique dans le Tennessee\">Les chemins de la musique dans le Tennessee<\/a><\/li>\n<li><a href=\"https:\/\/www.travecademy.be\/ecademys\/travel-south-usa\/roadtrips\/charleston-south-carolina\" title=\"Charleston en Caroline du Sud\">Charleston en Caroline du Sud<\/a><\/li>\n<li><a href=\"https:\/\/www.travecademy.be\/ecademys\/travel-south-usa\/kentucky-bourbon-trail\">La route du bourbon du Kentucky<\/a><\/li>\n<\/ul>\n<p><strong><a href=\"https:\/\/travelsouth.visittheusa.com\/travel-south-trips\">Vous trouverez beaucoup plus d\u2019inspiration ici !<\/a><\/strong><\/p>\n","protected":false},"excerpt":{"rendered":"<p>Le sud est une terre de pr\u00e9dilection pour un voyage en voiture en raison de sa diversit\u00e9 et de ses distances agr\u00e9ables. Longez la c\u00f4te\u2026<\/p>\n","protected":false},"author":1,"featured_media":35841,"parent":0,"menu_order":0,"comment_status":"closed","ping_status":"closed","template":"","meta":{"_acf_changed":false,"_price":"","_stock":"","_tribe_ticket_header":"","_tribe_default_ticket_provider":"","_tribe_ticket_capacity":"0","_ticket_start_date":"","_ticket_end_date":"","_tribe_ticket_show_description":"","_tribe_ticket_show_not_going":false,"_tribe_ticket_use_global_stock":"","_tribe_ticket_global_stock_level":"","_global_stock_mode":"","_global_stock_cap":"","_tribe_rsvp_for_event":"","_tribe_ticket_going_count":"","_tribe_ticket_not_going_count":"","_tribe_tickets_list":"[]","_tribe_ticket_has_attendee_info_fields":false,"footnotes":"","_tec_slr_enabled":"","_tec_slr_layout":""},"tags":[452],"ecademys":[500],"class_list":["post-48767","page","type-page","status-publish","has-post-thumbnail","hentry","tag-voyages-en-voiture","ecademys-travel-south-usa-fr"],"acf":[],"yoast_head":"<!-- This site is optimized with the Yoast SEO Premium plugin v27.3 (Yoast SEO v27.4) - https:\/\/yoast.com\/product\/yoast-seo-premium-wordpress\/ -->\n<title>Voyages en voiture - TravEcademy<\/title>\n<meta name=\"robots\" content=\"index, follow, max-snippet:-1, max-image-preview:large, max-video-preview:-1\" \/>\n<link rel=\"canonical\" href=\"https:\/\/travecademy.be\/fr\/voyages-en-voiture\/\" class=\"yoast-seo-meta-tag\" \/>\n<meta property=\"og:locale\" content=\"fr_FR\" class=\"yoast-seo-meta-tag\" \/>\n<meta property=\"og:type\" content=\"article\" class=\"yoast-seo-meta-tag\" \/>\n<meta property=\"og:title\" content=\"Voyages en voiture\" class=\"yoast-seo-meta-tag\" \/>\n<meta property=\"og:description\" content=\"Le sud est une terre de pr\u00e9dilection pour un voyage en voiture en raison de sa diversit\u00e9 et de ses distances agr\u00e9ables. Longez la c\u00f4te\u2026\" class=\"yoast-seo-meta-tag\" \/>\n<meta property=\"og:url\" content=\"https:\/\/travecademy.be\/fr\/voyages-en-voiture\/\" class=\"yoast-seo-meta-tag\" \/>\n<meta property=\"og:site_name\" content=\"TravEcademy\" class=\"yoast-seo-meta-tag\" \/>\n<meta property=\"article:modified_time\" content=\"2024-02-13T10:20:00+00:00\" class=\"yoast-seo-meta-tag\" \/>\n<meta property=\"og:image\" content=\"https:\/\/travecademy.be\/wp-content\/uploads\/2019\/03\/ROADTRIPS.jpg\" class=\"yoast-seo-meta-tag\" \/>\n\t<meta property=\"og:image:width\" content=\"622\" class=\"yoast-seo-meta-tag\" \/>\n\t<meta property=\"og:image:height\" content=\"415\" class=\"yoast-seo-meta-tag\" \/>\n\t<meta property=\"og:image:type\" content=\"image\/jpeg\" class=\"yoast-seo-meta-tag\" \/>\n<meta name=\"twitter:card\" content=\"summary_large_image\" class=\"yoast-seo-meta-tag\" \/>\n<meta name=\"twitter:label1\" content=\"Dur\u00e9e de lecture estim\u00e9e\" class=\"yoast-seo-meta-tag\" \/>\n\t<meta name=\"twitter:data1\" content=\"2 minutes\" class=\"yoast-seo-meta-tag\" \/>\n<script type=\"application\/ld+json\" class=\"yoast-schema-graph\">{\"@context\":\"https:\\\/\\\/schema.org\",\"@graph\":[{\"@type\":\"WebPage\",\"@id\":\"https:\\\/\\\/travecademy.be\\\/fr\\\/voyages-en-voiture\\\/\",\"url\":\"https:\\\/\\\/travecademy.be\\\/fr\\\/voyages-en-voiture\\\/\",\"name\":\"Voyages en voiture - TravEcademy\",\"isPartOf\":{\"@id\":\"https:\\\/\\\/travecademy.be\\\/fr\\\/#website\"},\"primaryImageOfPage\":{\"@id\":\"https:\\\/\\\/travecademy.be\\\/fr\\\/voyages-en-voiture\\\/#primaryimage\"},\"image\":{\"@id\":\"https:\\\/\\\/travecademy.be\\\/fr\\\/voyages-en-voiture\\\/#primaryimage\"},\"thumbnailUrl\":\"https:\\\/\\\/travecademy.be\\\/wp-content\\\/uploads\\\/2019\\\/03\\\/ROADTRIPS.jpg\",\"datePublished\":\"2019-03-21T08:09:49+00:00\",\"dateModified\":\"2024-02-13T10:20:00+00:00\",\"breadcrumb\":{\"@id\":\"https:\\\/\\\/travecademy.be\\\/fr\\\/voyages-en-voiture\\\/#breadcrumb\"},\"inLanguage\":\"fr-FR\",\"potentialAction\":[{\"@type\":\"ReadAction\",\"target\":[\"https:\\\/\\\/travecademy.be\\\/fr\\\/voyages-en-voiture\\\/\"]}]},{\"@type\":\"ImageObject\",\"inLanguage\":\"fr-FR\",\"@id\":\"https:\\\/\\\/travecademy.be\\\/fr\\\/voyages-en-voiture\\\/#primaryimage\",\"url\":\"https:\\\/\\\/travecademy.be\\\/wp-content\\\/uploads\\\/2019\\\/03\\\/ROADTRIPS.jpg\",\"contentUrl\":\"https:\\\/\\\/travecademy.be\\\/wp-content\\\/uploads\\\/2019\\\/03\\\/ROADTRIPS.jpg\",\"width\":622,\"height\":415},{\"@type\":\"BreadcrumbList\",\"@id\":\"https:\\\/\\\/travecademy.be\\\/fr\\\/voyages-en-voiture\\\/#breadcrumb\",\"itemListElement\":[{\"@type\":\"ListItem\",\"position\":1,\"name\":\"Home\",\"item\":\"https:\\\/\\\/travecademy.be\\\/fr\\\/\"},{\"@type\":\"ListItem\",\"position\":2,\"name\":\"Voyages en voiture\"}]},{\"@type\":\"WebSite\",\"@id\":\"https:\\\/\\\/travecademy.be\\\/fr\\\/#website\",\"url\":\"https:\\\/\\\/travecademy.be\\\/fr\\\/\",\"name\":\"TravEcademy\",\"description\":\"Het meest succesvolle en gratis e-learning platform voor reisprofessionals\",\"publisher\":{\"@id\":\"https:\\\/\\\/travecademy.be\\\/fr\\\/#organization\"},\"potentialAction\":[{\"@type\":\"SearchAction\",\"target\":{\"@type\":\"EntryPoint\",\"urlTemplate\":\"https:\\\/\\\/travecademy.be\\\/fr\\\/?s={search_term_string}\"},\"query-input\":{\"@type\":\"PropertyValueSpecification\",\"valueRequired\":true,\"valueName\":\"search_term_string\"}}],\"inLanguage\":\"fr-FR\"},{\"@type\":\"Organization\",\"@id\":\"https:\\\/\\\/travecademy.be\\\/fr\\\/#organization\",\"name\":\"TravEcademy\",\"url\":\"https:\\\/\\\/travecademy.be\\\/fr\\\/\",\"logo\":{\"@type\":\"ImageObject\",\"inLanguage\":\"fr-FR\",\"@id\":\"https:\\\/\\\/travecademy.be\\\/fr\\\/#\\\/schema\\\/logo\\\/image\\\/\",\"url\":\"https:\\\/\\\/travecademy.be\\\/wp-content\\\/uploads\\\/2024\\\/04\\\/Travecademy.png\",\"contentUrl\":\"https:\\\/\\\/travecademy.be\\\/wp-content\\\/uploads\\\/2024\\\/04\\\/Travecademy.png\",\"width\":1263,\"height\":313,\"caption\":\"TravEcademy\"},\"image\":{\"@id\":\"https:\\\/\\\/travecademy.be\\\/fr\\\/#\\\/schema\\\/logo\\\/image\\\/\"}}]}<\/script>\n<!-- \/ Yoast SEO Premium plugin. -->","yoast_head_json":{"title":"Voyages en voiture - TravEcademy","robots":{"index":"index","follow":"follow","max-snippet":"max-snippet:-1","max-image-preview":"max-image-preview:large","max-video-preview":"max-video-preview:-1"},"canonical":"https:\/\/travecademy.be\/fr\/voyages-en-voiture\/","og_locale":"fr_FR","og_type":"article","og_title":"Voyages en voiture","og_description":"Le sud est une terre de pr\u00e9dilection pour un voyage en voiture en raison de sa diversit\u00e9 et de ses distances agr\u00e9ables. Longez la c\u00f4te\u2026","og_url":"https:\/\/travecademy.be\/fr\/voyages-en-voiture\/","og_site_name":"TravEcademy","article_modified_time":"2024-02-13T10:20:00+00:00","og_image":[{"width":622,"height":415,"url":"https:\/\/travecademy.be\/wp-content\/uploads\/2019\/03\/ROADTRIPS.jpg","type":"image\/jpeg"}],"twitter_card":"summary_large_image","twitter_misc":{"Dur\u00e9e de lecture estim\u00e9e":"2 minutes"},"schema":{"@context":"https:\/\/schema.org","@graph":[{"@type":"WebPage","@id":"https:\/\/travecademy.be\/fr\/voyages-en-voiture\/","url":"https:\/\/travecademy.be\/fr\/voyages-en-voiture\/","name":"Voyages en voiture - TravEcademy","isPartOf":{"@id":"https:\/\/travecademy.be\/fr\/#website"},"primaryImageOfPage":{"@id":"https:\/\/travecademy.be\/fr\/voyages-en-voiture\/#primaryimage"},"image":{"@id":"https:\/\/travecademy.be\/fr\/voyages-en-voiture\/#primaryimage"},"thumbnailUrl":"https:\/\/travecademy.be\/wp-content\/uploads\/2019\/03\/ROADTRIPS.jpg","datePublished":"2019-03-21T08:09:49+00:00","dateModified":"2024-02-13T10:20:00+00:00","breadcrumb":{"@id":"https:\/\/travecademy.be\/fr\/voyages-en-voiture\/#breadcrumb"},"inLanguage":"fr-FR","potentialAction":[{"@type":"ReadAction","target":["https:\/\/travecademy.be\/fr\/voyages-en-voiture\/"]}]},{"@type":"ImageObject","inLanguage":"fr-FR","@id":"https:\/\/travecademy.be\/fr\/voyages-en-voiture\/#primaryimage","url":"https:\/\/travecademy.be\/wp-content\/uploads\/2019\/03\/ROADTRIPS.jpg","contentUrl":"https:\/\/travecademy.be\/wp-content\/uploads\/2019\/03\/ROADTRIPS.jpg","width":622,"height":415},{"@type":"BreadcrumbList","@id":"https:\/\/travecademy.be\/fr\/voyages-en-voiture\/#breadcrumb","itemListElement":[{"@type":"ListItem","position":1,"name":"Home","item":"https:\/\/travecademy.be\/fr\/"},{"@type":"ListItem","position":2,"name":"Voyages en voiture"}]},{"@type":"WebSite","@id":"https:\/\/travecademy.be\/fr\/#website","url":"https:\/\/travecademy.be\/fr\/","name":"TravEcademy","description":"Het meest succesvolle en gratis e-learning platform voor reisprofessionals","publisher":{"@id":"https:\/\/travecademy.be\/fr\/#organization"},"potentialAction":[{"@type":"SearchAction","target":{"@type":"EntryPoint","urlTemplate":"https:\/\/travecademy.be\/fr\/?s={search_term_string}"},"query-input":{"@type":"PropertyValueSpecification","valueRequired":true,"valueName":"search_term_string"}}],"inLanguage":"fr-FR"},{"@type":"Organization","@id":"https:\/\/travecademy.be\/fr\/#organization","name":"TravEcademy","url":"https:\/\/travecademy.be\/fr\/","logo":{"@type":"ImageObject","inLanguage":"fr-FR","@id":"https:\/\/travecademy.be\/fr\/#\/schema\/logo\/image\/","url":"https:\/\/travecademy.be\/wp-content\/uploads\/2024\/04\/Travecademy.png","contentUrl":"https:\/\/travecademy.be\/wp-content\/uploads\/2024\/04\/Travecademy.png","width":1263,"height":313,"caption":"TravEcademy"},"image":{"@id":"https:\/\/travecademy.be\/fr\/#\/schema\/logo\/image\/"}}]}},"publishpress_future_action":{"enabled":false,"date":"2026-04-22 06:03:25","action":"change-status","newStatus":"draft","terms":[],"taxonomy":"ecademys","extraData":[]},"publishpress_future_workflow_manual_trigger":{"enabledWorkflows":[]},"ticketed":false,"_links":{"self":[{"href":"https:\/\/travecademy.be\/fr\/wp-json\/wp\/v2\/pages\/48767","targetHints":{"allow":["GET"]}}],"collection":[{"href":"https:\/\/travecademy.be\/fr\/wp-json\/wp\/v2\/pages"}],"about":[{"href":"https:\/\/travecademy.be\/fr\/wp-json\/wp\/v2\/types\/page"}],"author":[{"embeddable":true,"href":"https:\/\/travecademy.be\/fr\/wp-json\/wp\/v2\/users\/1"}],"replies":[{"embeddable":true,"href":"https:\/\/travecademy.be\/fr\/wp-json\/wp\/v2\/comments?post=48767"}],"version-history":[{"count":1,"href":"https:\/\/travecademy.be\/fr\/wp-json\/wp\/v2\/pages\/48767\/revisions"}],"predecessor-version":[{"id":48776,"href":"https:\/\/travecademy.be\/fr\/wp-json\/wp\/v2\/pages\/48767\/revisions\/48776"}],"wp:featuredmedia":[{"embeddable":true,"href":"https:\/\/travecademy.be\/fr\/wp-json\/wp\/v2\/media\/35841"}],"wp:attachment":[{"href":"https:\/\/travecademy.be\/fr\/wp-json\/wp\/v2\/media?parent=48767"}],"wp:term":[{"taxonomy":"post_tag","embeddable":true,"href":"https:\/\/travecademy.be\/fr\/wp-json\/wp\/v2\/tags?post=48767"},{"taxonomy":"ecademys","embeddable":true,"href":"https:\/\/travecademy.be\/fr\/wp-json\/wp\/v2\/ecademys?post=48767"}],"curies":[{"name":"wp","href":"https:\/\/api.w.org\/{rel}","templated":true}]}}