{"id":48769,"date":"2019-03-19T14:56:34","date_gmt":"2019-03-19T12:56:34","guid":{"rendered":"https:\/\/travecademy.be\/en-cas-et-bieres-en-caroline-du-nord\/"},"modified":"2024-02-13T12:20:00","modified_gmt":"2024-02-13T10:20:00","slug":"en-cas-et-bieres-en-caroline-du-nord","status":"publish","type":"page","link":"https:\/\/travecademy.be\/fr\/themes\/culinaire\/en-cas-et-bieres-en-caroline-du-nord\/","title":{"rendered":"En-cas et bi\u00e8res en Caroline du Nord"},"content":{"rendered":"<p><strong>Les voyageurs peuvent go\u00fbter aux sp\u00e9cialit\u00e9s de Caroline du <a href=\"https:\/\/www.visittheusa.com.au\/state\/north-carolina\">Nord<\/a>, telles que le barbecue de Lexington et les fruits de mer de Calabash.  <\/strong><\/p>\n<p>Les visiteurs qui souhaitent s\u2019aventurer dans les Appalaches en passant par la ville d\u2019Asheville peuvent se restaurer en ville \u00e0 The Market Place. Le chef William Dissen pr\u00e9pare les plats sur un grill au feu de bois. Le menu change constamment, mais il y a toujours un morceau de viande locale disponible ! Sur la c\u00f4te de Caroline du Nord se trouve la ville de Wilmington, o\u00f9 vous pourrez d\u00e9guster de d\u00e9licieux plats et admirer de magnifiques panoramas. Savourez les d\u00e9licieux plats du chef Dean Neff au restaurant Pinpoint. Les plats changent en fonction des saisons, mais les hu\u00eetres aux crevettes locales et aux piments sont incontournables ! Vous trouverez \u00e9galement un grand nombre de brasseries en Caroline du Nord. Les propri\u00e9taires et les employ\u00e9s sont heureux de parler de leurs marques, et les clients peuvent \u00e9galement d\u00e9guster une bi\u00e8re fra\u00eechement tir\u00e9e.<\/p>\n<p><a href=\"http:\/\/www.visittheusa.com.au\/state\/north-carolina\"><img fetchpriority=\"high\" decoding=\"async\" class=\" size-full wp-image-3146\" alt=\"\" height=\"250\" src=\"http:\/\/travecademy.be\/wp-content\/uploads\/2019\/03\/north-carolina.jpg\" width=\"400\" srcset=\"https:\/\/travecademy.be\/wp-content\/uploads\/2019\/03\/north-carolina.jpg 938w, https:\/\/travecademy.be\/wp-content\/uploads\/2019\/03\/north-carolina-600x375.jpg 600w, https:\/\/travecademy.be\/wp-content\/uploads\/2019\/03\/north-carolina-300x187.jpg 300w, https:\/\/travecademy.be\/wp-content\/uploads\/2019\/03\/north-carolina-768x480.jpg 768w, https:\/\/travecademy.be\/wp-content\/uploads\/2019\/03\/north-carolina-624x390.jpg 624w, https:\/\/travecademy.be\/wp-content\/uploads\/2019\/03\/north-carolina-50x31.jpg 50w, https:\/\/travecademy.be\/wp-content\/uploads\/2019\/03\/north-carolina-100x62.jpg 100w\" sizes=\"(max-width: 400px) 100vw, 400px\" \/><\/a><\/p>\n","protected":false},"excerpt":{"rendered":"<p>Les voyageurs peuvent go\u00fbter aux sp\u00e9cialit\u00e9s de Caroline du Nord, telles que le barbecue de Lexington et les fruits de mer de Calabash. Les visiteurs\u2026<\/p>\n","protected":false},"author":1,"featured_media":35824,"parent":48855,"menu_order":0,"comment_status":"closed","ping_status":"closed","template":"","meta":{"_acf_changed":false,"_price":"","_stock":"","_tribe_ticket_header":"","_tribe_default_ticket_provider":"","_tribe_ticket_capacity":"0","_ticket_start_date":"","_ticket_end_date":"","_tribe_ticket_show_description":"","_tribe_ticket_show_not_going":false,"_tribe_ticket_use_global_stock":"","_tribe_ticket_global_stock_level":"","_global_stock_mode":"","_global_stock_cap":"","_tribe_rsvp_for_event":"","_tribe_ticket_going_count":"","_tribe_ticket_not_going_count":"","_tribe_tickets_list":"[]","_tribe_ticket_has_attendee_info_fields":false,"footnotes":"","_tec_slr_enabled":"","_tec_slr_layout":""},"tags":[373],"ecademys":[500],"class_list":["post-48769","page","type-page","status-publish","has-post-thumbnail","hentry","tag-themes-culinaires","ecademys-travel-south-usa-fr"],"acf":[],"yoast_head":"<!-- This site is optimized with the Yoast SEO Premium plugin v27.4 (Yoast SEO v27.5) - https:\/\/yoast.com\/product\/yoast-seo-premium-wordpress\/ -->\n<title>En-cas et bi\u00e8res en Caroline du Nord - TravEcademy<\/title>\n<meta name=\"robots\" content=\"index, follow, max-snippet:-1, max-image-preview:large, max-video-preview:-1\" \/>\n<link rel=\"canonical\" href=\"https:\/\/travecademy.be\/fr\/themes\/culinaire\/en-cas-et-bieres-en-caroline-du-nord\/\" class=\"yoast-seo-meta-tag\" \/>\n<meta property=\"og:locale\" content=\"fr_FR\" class=\"yoast-seo-meta-tag\" \/>\n<meta property=\"og:type\" content=\"article\" class=\"yoast-seo-meta-tag\" \/>\n<meta property=\"og:title\" content=\"En-cas et bi\u00e8res en Caroline du Nord\" class=\"yoast-seo-meta-tag\" \/>\n<meta property=\"og:description\" content=\"Les voyageurs peuvent go\u00fbter aux sp\u00e9cialit\u00e9s de Caroline du Nord, telles que le barbecue de Lexington et les fruits de mer de Calabash. Les visiteurs\u2026\" class=\"yoast-seo-meta-tag\" \/>\n<meta property=\"og:url\" content=\"https:\/\/travecademy.be\/fr\/themes\/culinaire\/en-cas-et-bieres-en-caroline-du-nord\/\" class=\"yoast-seo-meta-tag\" \/>\n<meta property=\"og:site_name\" content=\"TravEcademy\" class=\"yoast-seo-meta-tag\" \/>\n<meta property=\"article:modified_time\" content=\"2024-02-13T10:20:00+00:00\" class=\"yoast-seo-meta-tag\" \/>\n<meta property=\"og:image\" content=\"https:\/\/travecademy.be\/wp-content\/uploads\/2019\/03\/2-HERO_Craggy-Gardens-Rhododendron-near-Asheville-3_Web72DPI.jpg\" class=\"yoast-seo-meta-tag\" \/>\n\t<meta property=\"og:image:width\" content=\"622\" class=\"yoast-seo-meta-tag\" \/>\n\t<meta property=\"og:image:height\" content=\"415\" class=\"yoast-seo-meta-tag\" \/>\n\t<meta property=\"og:image:type\" content=\"image\/jpeg\" class=\"yoast-seo-meta-tag\" \/>\n<meta name=\"twitter:card\" content=\"summary_large_image\" class=\"yoast-seo-meta-tag\" \/>\n<meta name=\"twitter:label1\" content=\"Dur\u00e9e de lecture estim\u00e9e\" class=\"yoast-seo-meta-tag\" \/>\n\t<meta name=\"twitter:data1\" content=\"1 minute\" class=\"yoast-seo-meta-tag\" \/>\n<script type=\"application\/ld+json\" class=\"yoast-schema-graph\">{\"@context\":\"https:\\\/\\\/schema.org\",\"@graph\":[{\"@type\":\"WebPage\",\"@id\":\"https:\\\/\\\/travecademy.be\\\/fr\\\/themes\\\/culinaire\\\/en-cas-et-bieres-en-caroline-du-nord\\\/\",\"url\":\"https:\\\/\\\/travecademy.be\\\/fr\\\/themes\\\/culinaire\\\/en-cas-et-bieres-en-caroline-du-nord\\\/\",\"name\":\"En-cas et bi\u00e8res en Caroline du Nord - TravEcademy\",\"isPartOf\":{\"@id\":\"https:\\\/\\\/travecademy.be\\\/fr\\\/#website\"},\"primaryImageOfPage\":{\"@id\":\"https:\\\/\\\/travecademy.be\\\/fr\\\/themes\\\/culinaire\\\/en-cas-et-bieres-en-caroline-du-nord\\\/#primaryimage\"},\"image\":{\"@id\":\"https:\\\/\\\/travecademy.be\\\/fr\\\/themes\\\/culinaire\\\/en-cas-et-bieres-en-caroline-du-nord\\\/#primaryimage\"},\"thumbnailUrl\":\"https:\\\/\\\/travecademy.be\\\/wp-content\\\/uploads\\\/2019\\\/03\\\/2-HERO_Craggy-Gardens-Rhododendron-near-Asheville-3_Web72DPI.jpg\",\"datePublished\":\"2019-03-19T12:56:34+00:00\",\"dateModified\":\"2024-02-13T10:20:00+00:00\",\"breadcrumb\":{\"@id\":\"https:\\\/\\\/travecademy.be\\\/fr\\\/themes\\\/culinaire\\\/en-cas-et-bieres-en-caroline-du-nord\\\/#breadcrumb\"},\"inLanguage\":\"fr-FR\",\"potentialAction\":[{\"@type\":\"ReadAction\",\"target\":[\"https:\\\/\\\/travecademy.be\\\/fr\\\/themes\\\/culinaire\\\/en-cas-et-bieres-en-caroline-du-nord\\\/\"]}]},{\"@type\":\"ImageObject\",\"inLanguage\":\"fr-FR\",\"@id\":\"https:\\\/\\\/travecademy.be\\\/fr\\\/themes\\\/culinaire\\\/en-cas-et-bieres-en-caroline-du-nord\\\/#primaryimage\",\"url\":\"https:\\\/\\\/travecademy.be\\\/wp-content\\\/uploads\\\/2019\\\/03\\\/2-HERO_Craggy-Gardens-Rhododendron-near-Asheville-3_Web72DPI.jpg\",\"contentUrl\":\"https:\\\/\\\/travecademy.be\\\/wp-content\\\/uploads\\\/2019\\\/03\\\/2-HERO_Craggy-Gardens-Rhododendron-near-Asheville-3_Web72DPI.jpg\",\"width\":622,\"height\":415},{\"@type\":\"BreadcrumbList\",\"@id\":\"https:\\\/\\\/travecademy.be\\\/fr\\\/themes\\\/culinaire\\\/en-cas-et-bieres-en-caroline-du-nord\\\/#breadcrumb\",\"itemListElement\":[{\"@type\":\"ListItem\",\"position\":1,\"name\":\"Home\",\"item\":\"https:\\\/\\\/travecademy.be\\\/fr\\\/\"},{\"@type\":\"ListItem\",\"position\":2,\"name\":\"Th\u00e8mes\",\"item\":\"https:\\\/\\\/travecademy.be\\\/fr\\\/themes\\\/\"},{\"@type\":\"ListItem\",\"position\":3,\"name\":\"Culinaire\",\"item\":\"https:\\\/\\\/travecademy.be\\\/fr\\\/themes\\\/culinaire\\\/\"},{\"@type\":\"ListItem\",\"position\":4,\"name\":\"En-cas et bi\u00e8res en Caroline du Nord\"}]},{\"@type\":\"WebSite\",\"@id\":\"https:\\\/\\\/travecademy.be\\\/fr\\\/#website\",\"url\":\"https:\\\/\\\/travecademy.be\\\/fr\\\/\",\"name\":\"TravEcademy\",\"description\":\"Het meest succesvolle en gratis e-learning platform voor reisprofessionals\",\"publisher\":{\"@id\":\"https:\\\/\\\/travecademy.be\\\/fr\\\/#organization\"},\"potentialAction\":[{\"@type\":\"SearchAction\",\"target\":{\"@type\":\"EntryPoint\",\"urlTemplate\":\"https:\\\/\\\/travecademy.be\\\/fr\\\/?s={search_term_string}\"},\"query-input\":{\"@type\":\"PropertyValueSpecification\",\"valueRequired\":true,\"valueName\":\"search_term_string\"}}],\"inLanguage\":\"fr-FR\"},{\"@type\":\"Organization\",\"@id\":\"https:\\\/\\\/travecademy.be\\\/fr\\\/#organization\",\"name\":\"TravEcademy\",\"url\":\"https:\\\/\\\/travecademy.be\\\/fr\\\/\",\"logo\":{\"@type\":\"ImageObject\",\"inLanguage\":\"fr-FR\",\"@id\":\"https:\\\/\\\/travecademy.be\\\/fr\\\/#\\\/schema\\\/logo\\\/image\\\/\",\"url\":\"https:\\\/\\\/travecademy.be\\\/wp-content\\\/uploads\\\/2024\\\/04\\\/Travecademy.png\",\"contentUrl\":\"https:\\\/\\\/travecademy.be\\\/wp-content\\\/uploads\\\/2024\\\/04\\\/Travecademy.png\",\"width\":1263,\"height\":313,\"caption\":\"TravEcademy\"},\"image\":{\"@id\":\"https:\\\/\\\/travecademy.be\\\/fr\\\/#\\\/schema\\\/logo\\\/image\\\/\"}}]}<\/script>\n<!-- \/ Yoast SEO Premium plugin. -->","yoast_head_json":{"title":"En-cas et bi\u00e8res en Caroline du Nord - TravEcademy","robots":{"index":"index","follow":"follow","max-snippet":"max-snippet:-1","max-image-preview":"max-image-preview:large","max-video-preview":"max-video-preview:-1"},"canonical":"https:\/\/travecademy.be\/fr\/themes\/culinaire\/en-cas-et-bieres-en-caroline-du-nord\/","og_locale":"fr_FR","og_type":"article","og_title":"En-cas et bi\u00e8res en Caroline du Nord","og_description":"Les voyageurs peuvent go\u00fbter aux sp\u00e9cialit\u00e9s de Caroline du Nord, telles que le barbecue de Lexington et les fruits de mer de Calabash. Les visiteurs\u2026","og_url":"https:\/\/travecademy.be\/fr\/themes\/culinaire\/en-cas-et-bieres-en-caroline-du-nord\/","og_site_name":"TravEcademy","article_modified_time":"2024-02-13T10:20:00+00:00","og_image":[{"width":622,"height":415,"url":"https:\/\/travecademy.be\/wp-content\/uploads\/2019\/03\/2-HERO_Craggy-Gardens-Rhododendron-near-Asheville-3_Web72DPI.jpg","type":"image\/jpeg"}],"twitter_card":"summary_large_image","twitter_misc":{"Dur\u00e9e de lecture estim\u00e9e":"1 minute"},"schema":{"@context":"https:\/\/schema.org","@graph":[{"@type":"WebPage","@id":"https:\/\/travecademy.be\/fr\/themes\/culinaire\/en-cas-et-bieres-en-caroline-du-nord\/","url":"https:\/\/travecademy.be\/fr\/themes\/culinaire\/en-cas-et-bieres-en-caroline-du-nord\/","name":"En-cas et bi\u00e8res en Caroline du Nord - TravEcademy","isPartOf":{"@id":"https:\/\/travecademy.be\/fr\/#website"},"primaryImageOfPage":{"@id":"https:\/\/travecademy.be\/fr\/themes\/culinaire\/en-cas-et-bieres-en-caroline-du-nord\/#primaryimage"},"image":{"@id":"https:\/\/travecademy.be\/fr\/themes\/culinaire\/en-cas-et-bieres-en-caroline-du-nord\/#primaryimage"},"thumbnailUrl":"https:\/\/travecademy.be\/wp-content\/uploads\/2019\/03\/2-HERO_Craggy-Gardens-Rhododendron-near-Asheville-3_Web72DPI.jpg","datePublished":"2019-03-19T12:56:34+00:00","dateModified":"2024-02-13T10:20:00+00:00","breadcrumb":{"@id":"https:\/\/travecademy.be\/fr\/themes\/culinaire\/en-cas-et-bieres-en-caroline-du-nord\/#breadcrumb"},"inLanguage":"fr-FR","potentialAction":[{"@type":"ReadAction","target":["https:\/\/travecademy.be\/fr\/themes\/culinaire\/en-cas-et-bieres-en-caroline-du-nord\/"]}]},{"@type":"ImageObject","inLanguage":"fr-FR","@id":"https:\/\/travecademy.be\/fr\/themes\/culinaire\/en-cas-et-bieres-en-caroline-du-nord\/#primaryimage","url":"https:\/\/travecademy.be\/wp-content\/uploads\/2019\/03\/2-HERO_Craggy-Gardens-Rhododendron-near-Asheville-3_Web72DPI.jpg","contentUrl":"https:\/\/travecademy.be\/wp-content\/uploads\/2019\/03\/2-HERO_Craggy-Gardens-Rhododendron-near-Asheville-3_Web72DPI.jpg","width":622,"height":415},{"@type":"BreadcrumbList","@id":"https:\/\/travecademy.be\/fr\/themes\/culinaire\/en-cas-et-bieres-en-caroline-du-nord\/#breadcrumb","itemListElement":[{"@type":"ListItem","position":1,"name":"Home","item":"https:\/\/travecademy.be\/fr\/"},{"@type":"ListItem","position":2,"name":"Th\u00e8mes","item":"https:\/\/travecademy.be\/fr\/themes\/"},{"@type":"ListItem","position":3,"name":"Culinaire","item":"https:\/\/travecademy.be\/fr\/themes\/culinaire\/"},{"@type":"ListItem","position":4,"name":"En-cas et bi\u00e8res en Caroline du Nord"}]},{"@type":"WebSite","@id":"https:\/\/travecademy.be\/fr\/#website","url":"https:\/\/travecademy.be\/fr\/","name":"TravEcademy","description":"Het meest succesvolle en gratis e-learning platform voor reisprofessionals","publisher":{"@id":"https:\/\/travecademy.be\/fr\/#organization"},"potentialAction":[{"@type":"SearchAction","target":{"@type":"EntryPoint","urlTemplate":"https:\/\/travecademy.be\/fr\/?s={search_term_string}"},"query-input":{"@type":"PropertyValueSpecification","valueRequired":true,"valueName":"search_term_string"}}],"inLanguage":"fr-FR"},{"@type":"Organization","@id":"https:\/\/travecademy.be\/fr\/#organization","name":"TravEcademy","url":"https:\/\/travecademy.be\/fr\/","logo":{"@type":"ImageObject","inLanguage":"fr-FR","@id":"https:\/\/travecademy.be\/fr\/#\/schema\/logo\/image\/","url":"https:\/\/travecademy.be\/wp-content\/uploads\/2024\/04\/Travecademy.png","contentUrl":"https:\/\/travecademy.be\/wp-content\/uploads\/2024\/04\/Travecademy.png","width":1263,"height":313,"caption":"TravEcademy"},"image":{"@id":"https:\/\/travecademy.be\/fr\/#\/schema\/logo\/image\/"}}]}},"publishpress_future_action":{"enabled":false,"date":"2026-05-06 16:41:57","action":"change-status","newStatus":"draft","terms":[],"taxonomy":"ecademys","extraData":[]},"publishpress_future_workflow_manual_trigger":{"enabledWorkflows":[]},"ticketed":false,"_links":{"self":[{"href":"https:\/\/travecademy.be\/fr\/wp-json\/wp\/v2\/pages\/48769","targetHints":{"allow":["GET"]}}],"collection":[{"href":"https:\/\/travecademy.be\/fr\/wp-json\/wp\/v2\/pages"}],"about":[{"href":"https:\/\/travecademy.be\/fr\/wp-json\/wp\/v2\/types\/page"}],"author":[{"embeddable":true,"href":"https:\/\/travecademy.be\/fr\/wp-json\/wp\/v2\/users\/1"}],"replies":[{"embeddable":true,"href":"https:\/\/travecademy.be\/fr\/wp-json\/wp\/v2\/comments?post=48769"}],"version-history":[{"count":1,"href":"https:\/\/travecademy.be\/fr\/wp-json\/wp\/v2\/pages\/48769\/revisions"}],"predecessor-version":[{"id":48778,"href":"https:\/\/travecademy.be\/fr\/wp-json\/wp\/v2\/pages\/48769\/revisions\/48778"}],"up":[{"embeddable":true,"href":"https:\/\/travecademy.be\/fr\/wp-json\/wp\/v2\/pages\/48855"}],"wp:featuredmedia":[{"embeddable":true,"href":"https:\/\/travecademy.be\/fr\/wp-json\/wp\/v2\/media\/35824"}],"wp:attachment":[{"href":"https:\/\/travecademy.be\/fr\/wp-json\/wp\/v2\/media?parent=48769"}],"wp:term":[{"taxonomy":"post_tag","embeddable":true,"href":"https:\/\/travecademy.be\/fr\/wp-json\/wp\/v2\/tags?post=48769"},{"taxonomy":"ecademys","embeddable":true,"href":"https:\/\/travecademy.be\/fr\/wp-json\/wp\/v2\/ecademys?post=48769"}],"curies":[{"name":"wp","href":"https:\/\/api.w.org\/{rel}","templated":true}]}}