{"id":48770,"date":"2023-07-11T13:14:00","date_gmt":"2023-07-11T11:14:00","guid":{"rendered":"https:\/\/travecademy.be\/tout-sur-lesta-pour-lamerique\/"},"modified":"2024-02-13T12:20:00","modified_gmt":"2024-02-13T10:20:00","slug":"tout-sur-lesta-pour-lamerique","status":"publish","type":"page","link":"https:\/\/travecademy.be\/fr\/tout-sur-lesta-pour-lamerique\/","title":{"rendered":"Tout sur l\u2019ESTA pour l\u2019Am\u00e9rique"},"content":{"rendered":"\n<p><strong>Vos clients se rendent-ils bient\u00f4t en Am\u00e9rique ? Vous devez alors demander une <a href=\"https:\/\/www.esta-aanvragen.nl\/\" target=\"_blank\" rel=\"noreferrer noopener\">ESTA (Electronic System for Travel Authorisation<\/a> ) avant votre voyage. Cette autorisation \u00e9lectronique de voyage est obligatoire depuis 2009 pour tous les pays b\u00e9n\u00e9ficiant du programme d\u2019exemption de visa.<\/strong><\/p>\n\n<p><strong>Qu\u2019est-ce qu\u2019un ESTA ?<\/strong><br\/>Les pays participant au programme d\u2019exemption de visa sont exempt\u00e9s de visa. En lieu et place du visa, le gouvernement am\u00e9ricain a mis au point l\u2019ESTA afin de renforcer la s\u00e9curit\u00e9 des voyages vers les \u00c9tats-Unis. Les citoyens des pays b\u00e9n\u00e9ficiant du programme d\u2019exemption de visa doivent demander une autorisation de voyage ESTA lorsqu\u2019ils se rendent en Am\u00e9rique, m\u00eame s\u2019il s\u2019agit d\u2019une simple escale.<\/p>\n\n<p><strong>Comment cela fonctionne-t-il ?<\/strong><br\/>L\u2019ESTA ne peut \u00eatre demand\u00e9 qu\u2019en ligne \u00e0 l\u2019aide d\u2019un formulaire de demande. Vous ne pouvez demander l\u2019ESTA qu\u2019avec un passeport en cours de validit\u00e9. En effet, l\u2019ESTA sera li\u00e9 \u00e9lectroniquement \u00e0 votre passeport. Il n\u2019est pas possible de faire une demande d\u2019ESTA avec une carte d\u2019identit\u00e9. Vous devez remplir ce formulaire avec vos donn\u00e9es personnelles. Une fois que vous avez rempli le formulaire de demande dans son int\u00e9gralit\u00e9, v\u00e9rifiez-le soigneusement avant d\u2019effectuer le paiement. Vous pouvez \u00e9galement effectuer le paiement en ligne en utilisant iDEAL, Bancontact ou une carte de cr\u00e9dit. L\u2019examen de votre demande peut prendre jusqu\u2019\u00e0 72 heures. Vous devez donc faire votre demande d\u2019ESTA au moins 72 heures avant votre voyage.<\/p>\n\n<p><strong>De quoi avez-vous besoin pour faire une demande d\u2019ESTA ?<\/strong><br\/>Avant de faire une demande d\u2019ESTA, il est utile de savoir quelles sont les informations que vous pouvez pr\u00e9parer \u00e0 l\u2019avance, de sorte que, lorsque vous remplirez le formulaire ESTA, vous puissiez vous assurer qu\u2019il n\u2019y a pas de probl\u00e8me. <strong>\n  <a href=\"https:\/\/www.esta-aanvragen.nl\/esta-formulier\" target=\"_blank\" rel=\"noreferrer noopener\">remplir le formulaire ESTA<\/a>\n<\/strong> vous n\u2019aurez pas \u00e0 les rechercher.<\/p>\n\n<ul class=\"wp-block-list\">\n<li>D\u00e9tails du passeport<\/li>\n\n\n\n<li>Coordonn\u00e9es de l\u2019employeur<\/li>\n\n\n\n<li>Coordonn\u00e9es d\u2019une personne \u00e0 contacter en cas d\u2019urgence \u00e0 l\u2019int\u00e9rieur ou \u00e0 l\u2019ext\u00e9rieur de l\u2019Am\u00e9rique<\/li>\n\n\n\n<li>Informations sur la r\u00e9sidence aux \u00c9tats-Unis (le cas \u00e9ch\u00e9ant)<\/li>\n\n\n\n<li>Carte de paiement<\/li>\n<\/ul>\n\n<p><strong>\u00c0 quoi devez-vous pr\u00eater attention ?<\/strong><br\/>Il y a quelques points \u00e0 surveiller. Par exemple, les femmes sont cens\u00e9es ne remplir que le nom de jeune fille tel qu\u2019il appara\u00eet sur la partie \u00e9lectroniquement lisible du passeport. Pour le pr\u00e9nom, il demande tous les pr\u00e9noms, \u00e9crits en entier. Il est fr\u00e9quent que les gens se trompent sur le num\u00e9ro de leur passeport. Le chiffre \u201c0\u201d ressemble \u00e9trangement \u00e0 la lettre \u201cO\u201d du passeport n\u00e9erlandais. Toutefois, il ne figure pas dans le num\u00e9ro du passeport n\u00e9erlandais.<\/p>\n\n<p><strong>O\u00f9 demander l\u2019ESTA ?<\/strong><br\/>L\u2019\u00e9quipe de eVisa Application Services se fera un plaisir de vous aider \u00e0 remplir le formulaire de demande. Ils ont int\u00e9gr\u00e9 des contr\u00f4les suppl\u00e9mentaires dans le formulaire de demande afin d\u2019\u00e9viter les erreurs les plus courantes. Votre candidature sera \u00e9galement v\u00e9rifi\u00e9e manuellement et vous serez contact\u00e9 si vous avez des questions. Apr\u00e8s avoir \u00e9t\u00e9 autoris\u00e9 \u00e0 recevoir un statut, il vous enverra votre ESTA par courrier \u00e9lectronique ou, moyennant un l\u00e9ger suppl\u00e9ment, par courrier postal. Si vous avez d\u2019autres questions, vous pouvez contacter le service client\u00e8le n\u00e9erlandophone par t\u00e9l\u00e9phone, par chat ou par e-mail.<\/p>\n\n<p><strong>Quel est le co\u00fbt d\u2019un ESTA ?<\/strong><br\/>Chez eVisa, vous payez 25 euros par ESTA. Ce prix total comprend le co\u00fbt de l\u2019ESTA, qui est pr\u00e9par\u00e9 par le gouvernement am\u00e9ricain (14 $), et les frais de m\u00e9diation et d\u2019administration (12 \u20ac). Quel que soit le taux de change, il y a toujours un prix fixe. eVisa offre les options de paiement suivantes : iDEAL, Bancontact\/Mister Cash, Mastercard, Visacard ou eMaestro.<\/p>\n\n<p><strong>Des modifications sont-elles possibles par la suite ?<\/strong><br\/>Si eVisa n\u2019a pas encore trait\u00e9 votre demande, des modifications sont encore possibles. Par cons\u00e9quent, contactez le service client\u00e8le d\u00e8s que possible pour effectuer le changement. La meilleure solution est alors d\u2019appeler ou de discuter, c\u2019est le moyen le plus rapide. Si votre demande a d\u00e9j\u00e0 \u00e9t\u00e9 trait\u00e9e, vous pouvez uniquement faire modifier gratuitement l\u2019adresse de votre logement et votre adresse \u00e9lectronique.<\/p>\n\n<p><strong>Quelle est la dur\u00e9e de validit\u00e9 de l\u2019ESTA ?<\/strong><br\/>L\u2019ESTA est valable deux ans \u00e0 compter de la date d\u2019approbation, \u00e0 moins que votre passeport n\u2019expire entre-temps. Dans ce cas, l\u2019ESTA expirera automatiquement. L\u2019ESTA vous permet de s\u00e9journer aux \u00c9tats-Unis pendant 90 jours cons\u00e9cutifs et de vous y rendre plusieurs fois.<\/p>\n\n<p>Vous n\u2019avez toujours pas compris ? Regardez ensuite la vid\u00e9o d\u2019explication :<\/p>\n\n<figure class=\"wp-block-embed is-type-rich is-provider-insluiten-handler wp-block-embed-insluiten-handler wp-embed-aspect-16-9 wp-has-aspect-ratio\"><div class=\"wp-block-embed__wrapper\">\n<iframe title=\"ESTA aanvragen voor Amerika? | ESTA-aanvragen.nl\" width=\"640\" height=\"360\" src=\"https:\/\/www.youtube.com\/embed\/UUZLr3WFOcs?feature=oembed\" frameborder=\"0\" allow=\"accelerometer; autoplay; clipboard-write; encrypted-media; gyroscope; picture-in-picture; web-share\" referrerpolicy=\"strict-origin-when-cross-origin\" allowfullscreen><\/iframe>\n<\/div><\/figure>\n\n<figure class=\"wp-block-image\"><a href=\"https:\/\/www.esta-aanvragen.nl\/\"><img decoding=\"async\" src=\"https:\/\/www.esta-aanvragen.nl\/images\/logo.png\" alt=\"Applications Esta\"\/><\/a><\/figure>\n","protected":false},"excerpt":{"rendered":"<p>Vos clients se rendent-ils bient\u00f4t en Am\u00e9rique ? Vous devez alors demander une ESTA (Electronic System for Travel Authorisation ) avant votre voyage. Cette autorisation\u2026<\/p>\n","protected":false},"author":1,"featured_media":35712,"parent":0,"menu_order":0,"comment_status":"closed","ping_status":"closed","template":"","meta":{"_acf_changed":false,"_price":"","_stock":"","_tribe_ticket_header":"","_tribe_default_ticket_provider":"","_tribe_ticket_capacity":"0","_ticket_start_date":"","_ticket_end_date":"","_tribe_ticket_show_description":"","_tribe_ticket_show_not_going":false,"_tribe_ticket_use_global_stock":"","_tribe_ticket_global_stock_level":"","_global_stock_mode":"","_global_stock_cap":"","_tribe_rsvp_for_event":"","_tribe_ticket_going_count":"","_tribe_ticket_not_going_count":"","_tribe_tickets_list":"[]","_tribe_ticket_has_attendee_info_fields":false,"footnotes":"","_tec_slr_enabled":"","_tec_slr_layout":""},"tags":[],"ecademys":[506],"class_list":["post-48770","page","type-page","status-publish","has-post-thumbnail","hentry","ecademys-usa-canada-fr"],"acf":[],"yoast_head":"<!-- This site is optimized with the Yoast SEO Premium plugin v27.4 (Yoast SEO v27.5) - https:\/\/yoast.com\/product\/yoast-seo-premium-wordpress\/ -->\n<title>Tout sur l&#039;ESTA pour l&#039;Am\u00e9rique - TravEcademy<\/title>\n<meta name=\"robots\" content=\"index, follow, max-snippet:-1, max-image-preview:large, max-video-preview:-1\" \/>\n<link rel=\"canonical\" href=\"https:\/\/travecademy.be\/fr\/tout-sur-lesta-pour-lamerique\/\" class=\"yoast-seo-meta-tag\" \/>\n<meta property=\"og:locale\" content=\"fr_FR\" class=\"yoast-seo-meta-tag\" \/>\n<meta property=\"og:type\" content=\"article\" class=\"yoast-seo-meta-tag\" \/>\n<meta property=\"og:title\" content=\"Tout sur l&#039;ESTA pour l&#039;Am\u00e9rique\" class=\"yoast-seo-meta-tag\" \/>\n<meta property=\"og:description\" content=\"Vos clients se rendent-ils bient\u00f4t en Am\u00e9rique ? Vous devez alors demander une ESTA (Electronic System for Travel Authorisation ) avant votre voyage. Cette autorisation\u2026\" class=\"yoast-seo-meta-tag\" \/>\n<meta property=\"og:url\" content=\"https:\/\/travecademy.be\/fr\/tout-sur-lesta-pour-lamerique\/\" class=\"yoast-seo-meta-tag\" \/>\n<meta property=\"og:site_name\" content=\"TravEcademy\" class=\"yoast-seo-meta-tag\" \/>\n<meta property=\"article:modified_time\" content=\"2024-02-13T10:20:00+00:00\" class=\"yoast-seo-meta-tag\" \/>\n<meta property=\"og:image\" content=\"https:\/\/travecademy.be\/wp-content\/uploads\/2019\/01\/shutterstock_421939042.jpg\" class=\"yoast-seo-meta-tag\" \/>\n\t<meta property=\"og:image:width\" content=\"622\" class=\"yoast-seo-meta-tag\" \/>\n\t<meta property=\"og:image:height\" content=\"415\" class=\"yoast-seo-meta-tag\" \/>\n\t<meta property=\"og:image:type\" content=\"image\/jpeg\" class=\"yoast-seo-meta-tag\" \/>\n<meta name=\"twitter:card\" content=\"summary_large_image\" class=\"yoast-seo-meta-tag\" \/>\n<meta name=\"twitter:label1\" content=\"Dur\u00e9e de lecture estim\u00e9e\" class=\"yoast-seo-meta-tag\" \/>\n\t<meta name=\"twitter:data1\" content=\"4 minutes\" class=\"yoast-seo-meta-tag\" \/>\n<script type=\"application\/ld+json\" class=\"yoast-schema-graph\">{\"@context\":\"https:\\\/\\\/schema.org\",\"@graph\":[{\"@type\":\"WebPage\",\"@id\":\"https:\\\/\\\/travecademy.be\\\/fr\\\/tout-sur-lesta-pour-lamerique\\\/\",\"url\":\"https:\\\/\\\/travecademy.be\\\/fr\\\/tout-sur-lesta-pour-lamerique\\\/\",\"name\":\"Tout sur l'ESTA pour l'Am\u00e9rique - TravEcademy\",\"isPartOf\":{\"@id\":\"https:\\\/\\\/travecademy.be\\\/fr\\\/#website\"},\"primaryImageOfPage\":{\"@id\":\"https:\\\/\\\/travecademy.be\\\/fr\\\/tout-sur-lesta-pour-lamerique\\\/#primaryimage\"},\"image\":{\"@id\":\"https:\\\/\\\/travecademy.be\\\/fr\\\/tout-sur-lesta-pour-lamerique\\\/#primaryimage\"},\"thumbnailUrl\":\"https:\\\/\\\/travecademy.be\\\/wp-content\\\/uploads\\\/2019\\\/01\\\/shutterstock_421939042.jpg\",\"datePublished\":\"2023-07-11T11:14:00+00:00\",\"dateModified\":\"2024-02-13T10:20:00+00:00\",\"breadcrumb\":{\"@id\":\"https:\\\/\\\/travecademy.be\\\/fr\\\/tout-sur-lesta-pour-lamerique\\\/#breadcrumb\"},\"inLanguage\":\"fr-FR\",\"potentialAction\":[{\"@type\":\"ReadAction\",\"target\":[\"https:\\\/\\\/travecademy.be\\\/fr\\\/tout-sur-lesta-pour-lamerique\\\/\"]}]},{\"@type\":\"ImageObject\",\"inLanguage\":\"fr-FR\",\"@id\":\"https:\\\/\\\/travecademy.be\\\/fr\\\/tout-sur-lesta-pour-lamerique\\\/#primaryimage\",\"url\":\"https:\\\/\\\/travecademy.be\\\/wp-content\\\/uploads\\\/2019\\\/01\\\/shutterstock_421939042.jpg\",\"contentUrl\":\"https:\\\/\\\/travecademy.be\\\/wp-content\\\/uploads\\\/2019\\\/01\\\/shutterstock_421939042.jpg\",\"width\":622,\"height\":415},{\"@type\":\"BreadcrumbList\",\"@id\":\"https:\\\/\\\/travecademy.be\\\/fr\\\/tout-sur-lesta-pour-lamerique\\\/#breadcrumb\",\"itemListElement\":[{\"@type\":\"ListItem\",\"position\":1,\"name\":\"Home\",\"item\":\"https:\\\/\\\/travecademy.be\\\/fr\\\/\"},{\"@type\":\"ListItem\",\"position\":2,\"name\":\"Tout sur l&#8217;ESTA pour l&#8217;Am\u00e9rique\"}]},{\"@type\":\"WebSite\",\"@id\":\"https:\\\/\\\/travecademy.be\\\/fr\\\/#website\",\"url\":\"https:\\\/\\\/travecademy.be\\\/fr\\\/\",\"name\":\"TravEcademy\",\"description\":\"Het meest succesvolle en gratis e-learning platform voor reisprofessionals\",\"publisher\":{\"@id\":\"https:\\\/\\\/travecademy.be\\\/fr\\\/#organization\"},\"potentialAction\":[{\"@type\":\"SearchAction\",\"target\":{\"@type\":\"EntryPoint\",\"urlTemplate\":\"https:\\\/\\\/travecademy.be\\\/fr\\\/?s={search_term_string}\"},\"query-input\":{\"@type\":\"PropertyValueSpecification\",\"valueRequired\":true,\"valueName\":\"search_term_string\"}}],\"inLanguage\":\"fr-FR\"},{\"@type\":\"Organization\",\"@id\":\"https:\\\/\\\/travecademy.be\\\/fr\\\/#organization\",\"name\":\"TravEcademy\",\"url\":\"https:\\\/\\\/travecademy.be\\\/fr\\\/\",\"logo\":{\"@type\":\"ImageObject\",\"inLanguage\":\"fr-FR\",\"@id\":\"https:\\\/\\\/travecademy.be\\\/fr\\\/#\\\/schema\\\/logo\\\/image\\\/\",\"url\":\"https:\\\/\\\/travecademy.be\\\/wp-content\\\/uploads\\\/2024\\\/04\\\/Travecademy.png\",\"contentUrl\":\"https:\\\/\\\/travecademy.be\\\/wp-content\\\/uploads\\\/2024\\\/04\\\/Travecademy.png\",\"width\":1263,\"height\":313,\"caption\":\"TravEcademy\"},\"image\":{\"@id\":\"https:\\\/\\\/travecademy.be\\\/fr\\\/#\\\/schema\\\/logo\\\/image\\\/\"}}]}<\/script>\n<!-- \/ Yoast SEO Premium plugin. -->","yoast_head_json":{"title":"Tout sur l'ESTA pour l'Am\u00e9rique - TravEcademy","robots":{"index":"index","follow":"follow","max-snippet":"max-snippet:-1","max-image-preview":"max-image-preview:large","max-video-preview":"max-video-preview:-1"},"canonical":"https:\/\/travecademy.be\/fr\/tout-sur-lesta-pour-lamerique\/","og_locale":"fr_FR","og_type":"article","og_title":"Tout sur l'ESTA pour l'Am\u00e9rique","og_description":"Vos clients se rendent-ils bient\u00f4t en Am\u00e9rique ? Vous devez alors demander une ESTA (Electronic System for Travel Authorisation ) avant votre voyage. Cette autorisation\u2026","og_url":"https:\/\/travecademy.be\/fr\/tout-sur-lesta-pour-lamerique\/","og_site_name":"TravEcademy","article_modified_time":"2024-02-13T10:20:00+00:00","og_image":[{"width":622,"height":415,"url":"https:\/\/travecademy.be\/wp-content\/uploads\/2019\/01\/shutterstock_421939042.jpg","type":"image\/jpeg"}],"twitter_card":"summary_large_image","twitter_misc":{"Dur\u00e9e de lecture estim\u00e9e":"4 minutes"},"schema":{"@context":"https:\/\/schema.org","@graph":[{"@type":"WebPage","@id":"https:\/\/travecademy.be\/fr\/tout-sur-lesta-pour-lamerique\/","url":"https:\/\/travecademy.be\/fr\/tout-sur-lesta-pour-lamerique\/","name":"Tout sur l'ESTA pour l'Am\u00e9rique - TravEcademy","isPartOf":{"@id":"https:\/\/travecademy.be\/fr\/#website"},"primaryImageOfPage":{"@id":"https:\/\/travecademy.be\/fr\/tout-sur-lesta-pour-lamerique\/#primaryimage"},"image":{"@id":"https:\/\/travecademy.be\/fr\/tout-sur-lesta-pour-lamerique\/#primaryimage"},"thumbnailUrl":"https:\/\/travecademy.be\/wp-content\/uploads\/2019\/01\/shutterstock_421939042.jpg","datePublished":"2023-07-11T11:14:00+00:00","dateModified":"2024-02-13T10:20:00+00:00","breadcrumb":{"@id":"https:\/\/travecademy.be\/fr\/tout-sur-lesta-pour-lamerique\/#breadcrumb"},"inLanguage":"fr-FR","potentialAction":[{"@type":"ReadAction","target":["https:\/\/travecademy.be\/fr\/tout-sur-lesta-pour-lamerique\/"]}]},{"@type":"ImageObject","inLanguage":"fr-FR","@id":"https:\/\/travecademy.be\/fr\/tout-sur-lesta-pour-lamerique\/#primaryimage","url":"https:\/\/travecademy.be\/wp-content\/uploads\/2019\/01\/shutterstock_421939042.jpg","contentUrl":"https:\/\/travecademy.be\/wp-content\/uploads\/2019\/01\/shutterstock_421939042.jpg","width":622,"height":415},{"@type":"BreadcrumbList","@id":"https:\/\/travecademy.be\/fr\/tout-sur-lesta-pour-lamerique\/#breadcrumb","itemListElement":[{"@type":"ListItem","position":1,"name":"Home","item":"https:\/\/travecademy.be\/fr\/"},{"@type":"ListItem","position":2,"name":"Tout sur l&#8217;ESTA pour l&#8217;Am\u00e9rique"}]},{"@type":"WebSite","@id":"https:\/\/travecademy.be\/fr\/#website","url":"https:\/\/travecademy.be\/fr\/","name":"TravEcademy","description":"Het meest succesvolle en gratis e-learning platform voor reisprofessionals","publisher":{"@id":"https:\/\/travecademy.be\/fr\/#organization"},"potentialAction":[{"@type":"SearchAction","target":{"@type":"EntryPoint","urlTemplate":"https:\/\/travecademy.be\/fr\/?s={search_term_string}"},"query-input":{"@type":"PropertyValueSpecification","valueRequired":true,"valueName":"search_term_string"}}],"inLanguage":"fr-FR"},{"@type":"Organization","@id":"https:\/\/travecademy.be\/fr\/#organization","name":"TravEcademy","url":"https:\/\/travecademy.be\/fr\/","logo":{"@type":"ImageObject","inLanguage":"fr-FR","@id":"https:\/\/travecademy.be\/fr\/#\/schema\/logo\/image\/","url":"https:\/\/travecademy.be\/wp-content\/uploads\/2024\/04\/Travecademy.png","contentUrl":"https:\/\/travecademy.be\/wp-content\/uploads\/2024\/04\/Travecademy.png","width":1263,"height":313,"caption":"TravEcademy"},"image":{"@id":"https:\/\/travecademy.be\/fr\/#\/schema\/logo\/image\/"}}]}},"publishpress_future_action":{"enabled":false,"date":"2026-05-06 15:11:41","action":"change-status","newStatus":"draft","terms":[],"taxonomy":"ecademys","extraData":[]},"publishpress_future_workflow_manual_trigger":{"enabledWorkflows":[]},"ticketed":false,"_links":{"self":[{"href":"https:\/\/travecademy.be\/fr\/wp-json\/wp\/v2\/pages\/48770","targetHints":{"allow":["GET"]}}],"collection":[{"href":"https:\/\/travecademy.be\/fr\/wp-json\/wp\/v2\/pages"}],"about":[{"href":"https:\/\/travecademy.be\/fr\/wp-json\/wp\/v2\/types\/page"}],"author":[{"embeddable":true,"href":"https:\/\/travecademy.be\/fr\/wp-json\/wp\/v2\/users\/1"}],"replies":[{"embeddable":true,"href":"https:\/\/travecademy.be\/fr\/wp-json\/wp\/v2\/comments?post=48770"}],"version-history":[{"count":2,"href":"https:\/\/travecademy.be\/fr\/wp-json\/wp\/v2\/pages\/48770\/revisions"}],"predecessor-version":[{"id":48785,"href":"https:\/\/travecademy.be\/fr\/wp-json\/wp\/v2\/pages\/48770\/revisions\/48785"}],"wp:featuredmedia":[{"embeddable":true,"href":"https:\/\/travecademy.be\/fr\/wp-json\/wp\/v2\/media\/35712"}],"wp:attachment":[{"href":"https:\/\/travecademy.be\/fr\/wp-json\/wp\/v2\/media?parent=48770"}],"wp:term":[{"taxonomy":"post_tag","embeddable":true,"href":"https:\/\/travecademy.be\/fr\/wp-json\/wp\/v2\/tags?post=48770"},{"taxonomy":"ecademys","embeddable":true,"href":"https:\/\/travecademy.be\/fr\/wp-json\/wp\/v2\/ecademys?post=48770"}],"curies":[{"name":"wp","href":"https:\/\/api.w.org\/{rel}","templated":true}]}}