{"id":48774,"date":"2019-03-21T13:06:10","date_gmt":"2019-03-21T11:06:10","guid":{"rendered":"https:\/\/travecademy.be\/calendrier\/"},"modified":"2024-02-13T12:20:00","modified_gmt":"2024-02-13T10:20:00","slug":"calendrier","status":"publish","type":"page","link":"https:\/\/travecademy.be\/fr\/calendrier\/","title":{"rendered":"Calendrier"},"content":{"rendered":"<p><strong>Travel South USA vous emm\u00e8ne en voyage \u00e0 travers les \u00c9tats de l\u2019Alabama, du Kentucky, de la Louisiane, de la Caroline du Nord, de la Caroline du Sud, du Tennessee, de la Virginie occidentale et du Missouri, ainsi que les villes d\u2019Atlanta, de Nashville et de la Nouvelle-Orl\u00e9ans. Gr\u00e2ce \u00e0 des cours en ligne gratuits, vous apprendrez tout sur ces destinations sp\u00e9ciales.\u00a0<\/strong><\/p>\n<p>COURS DE LANCEMENT<\/p>\n<ul>\n<li><a href=\"https:\/\/www.travecademy.be\/cursussen\/start\/7894?destination=\/cursussen\/alabama\"><br \/>\n  <strong>Cours en ligne sur l\u2019\u00c9tat de l\u2019Alabama<\/strong><br \/>\n<\/a> \u2013 Avril 2019<\/li>\n<li><a href=\"https:\/\/www.travecademy.be\/cursussen\/start\/8110?destination=\/cursussen\/kentucky\"><br \/>\n  <strong>Cours en ligne sur l\u2019\u00c9tat du Kentucky<\/strong><br \/>\n<\/a> \u2013 Mai 2019<\/li>\n<li><a href=\"https:\/\/www.travecademy.be\/cursussen\/start\/8271?destination=\/cursussen\/louisiana\"><br \/>\n  <strong>Cours en ligne sur l\u2019\u00c9tat de Louisiane<\/strong><br \/>\n<\/a> \u2013 Juin 2019<\/li>\n<li><a href=\"https:\/\/www.travecademy.be\/cursussen\/start\/8490?destination=\/cursussen\/new-orleans\"><br \/>\n  <strong>Cours en ligne sur la ville\u00a0Nouvelle-Orl\u00e9ans (Louisiane)<\/strong><br \/>\n<\/a>\u00a0\u2013 Juillet 2019<\/li>\n<li><a href=\"https:\/\/www.travecademy.be\/cursussen\/start\/8531\"><br \/>\n  <strong>Cours en ligne sur l\u2019\u00c9tat de Caroline du Nord<\/strong><br \/>\n<\/a> \u2013 Ao\u00fbt\u00a02019<\/li>\n<li><a href=\"https:\/\/www.travecademy.be\/cursussen\/start\/8834\"><br \/>\n  <strong>Cours en ligne sur l\u2019\u00c9tat de Caroline du Sud<\/strong><br \/>\n<\/a> \u2013 Septembre 2019<\/li>\n<li><a href=\"https:\/\/www.travecademy.be\/cursussen\/start\/8960\"><strong>Cours en ligne sur l\u2019\u00c9tat du Tennessee<\/strong> <\/a>\u2013 Octobre\u00a02019<\/li>\n<li><strong><a href=\"https:\/\/www.travecademy.be\/cursussen\/start\/8970\">Cours en ligne sur la ville de Nashville (Tennessee)<\/a> <\/strong>\u2013 Novembre\u00a02019<\/li>\n<li><strong><br \/>\n  <a href=\"https:\/\/www.travecademy.be\/cursussen\/start\/9104\">Cours en ligne sur la ville d\u2019Atlanta (Virginie occidentale)<\/a><br \/>\n  \u00a0<br \/>\n<\/strong>\u2013 D\u00e9cembre\u00a02019<\/li>\n<li><strong><br \/>\n  <a href=\"https:\/\/www.travecademy.be\/cursussen\/start\/9365\">E-cours sur l\u2019\u00e9tat de Virginie Occidentale<\/a><br \/>\n  \u00a0<br \/>\n<\/strong>\u2013 Janvier\u00a02020<\/li>\n<li><strong><br \/>\n  <a href=\"https:\/\/www.travecademy.be\/cursussen\/start\/9599\">Cours en ligne sur l\u2019\u00c9tat du Missouri<\/a><br \/>\n  \u00a0<br \/>\n<\/strong>\u2013 F\u00e9vrier\u00a02021<\/li>\n<\/ul>\n","protected":false},"excerpt":{"rendered":"<p>Travel South USA vous emm\u00e8ne en voyage \u00e0 travers les \u00c9tats de l\u2019Alabama, du Kentucky, de la Louisiane, de la Caroline du Nord, de la\u2026<\/p>\n","protected":false},"author":1,"featured_media":35718,"parent":0,"menu_order":0,"comment_status":"closed","ping_status":"closed","template":"","meta":{"_acf_changed":false,"_price":"","_stock":"","_tribe_ticket_header":"","_tribe_default_ticket_provider":"","_tribe_ticket_capacity":"0","_ticket_start_date":"","_ticket_end_date":"","_tribe_ticket_show_description":"","_tribe_ticket_show_not_going":false,"_tribe_ticket_use_global_stock":"","_tribe_ticket_global_stock_level":"","_global_stock_mode":"","_global_stock_cap":"","_tribe_rsvp_for_event":"","_tribe_ticket_going_count":"","_tribe_ticket_not_going_count":"","_tribe_tickets_list":"[]","_tribe_ticket_has_attendee_info_fields":false,"footnotes":"","_tec_slr_enabled":"","_tec_slr_layout":""},"tags":[],"ecademys":[500],"class_list":["post-48774","page","type-page","status-publish","has-post-thumbnail","hentry","ecademys-travel-south-usa-fr"],"acf":[],"yoast_head":"<!-- This site is optimized with the Yoast SEO Premium plugin v27.3 (Yoast SEO v27.4) - https:\/\/yoast.com\/product\/yoast-seo-premium-wordpress\/ -->\n<title>Calendrier - TravEcademy<\/title>\n<meta name=\"robots\" content=\"index, follow, max-snippet:-1, max-image-preview:large, max-video-preview:-1\" \/>\n<link rel=\"canonical\" href=\"https:\/\/travecademy.be\/fr\/calendrier\/\" class=\"yoast-seo-meta-tag\" \/>\n<meta property=\"og:locale\" content=\"fr_FR\" class=\"yoast-seo-meta-tag\" \/>\n<meta property=\"og:type\" content=\"article\" class=\"yoast-seo-meta-tag\" \/>\n<meta property=\"og:title\" content=\"Calendrier\" class=\"yoast-seo-meta-tag\" \/>\n<meta property=\"og:description\" content=\"Travel South USA vous emm\u00e8ne en voyage \u00e0 travers les \u00c9tats de l\u2019Alabama, du Kentucky, de la Louisiane, de la Caroline du Nord, de la\u2026\" class=\"yoast-seo-meta-tag\" \/>\n<meta property=\"og:url\" content=\"https:\/\/travecademy.be\/fr\/calendrier\/\" class=\"yoast-seo-meta-tag\" \/>\n<meta property=\"og:site_name\" content=\"TravEcademy\" class=\"yoast-seo-meta-tag\" \/>\n<meta property=\"article:modified_time\" content=\"2024-02-13T10:20:00+00:00\" class=\"yoast-seo-meta-tag\" \/>\n<meta property=\"og:image\" content=\"https:\/\/travecademy.be\/wp-content\/uploads\/2019\/01\/KAART-TSUSA.png\" class=\"yoast-seo-meta-tag\" \/>\n\t<meta property=\"og:image:width\" content=\"766\" class=\"yoast-seo-meta-tag\" \/>\n\t<meta property=\"og:image:height\" content=\"505\" class=\"yoast-seo-meta-tag\" \/>\n\t<meta property=\"og:image:type\" content=\"image\/png\" class=\"yoast-seo-meta-tag\" \/>\n<meta name=\"twitter:card\" content=\"summary_large_image\" class=\"yoast-seo-meta-tag\" \/>\n<meta name=\"twitter:label1\" content=\"Dur\u00e9e de lecture estim\u00e9e\" class=\"yoast-seo-meta-tag\" \/>\n\t<meta name=\"twitter:data1\" content=\"1 minute\" class=\"yoast-seo-meta-tag\" \/>\n<script type=\"application\/ld+json\" class=\"yoast-schema-graph\">{\"@context\":\"https:\\\/\\\/schema.org\",\"@graph\":[{\"@type\":\"WebPage\",\"@id\":\"https:\\\/\\\/travecademy.be\\\/fr\\\/calendrier\\\/\",\"url\":\"https:\\\/\\\/travecademy.be\\\/fr\\\/calendrier\\\/\",\"name\":\"Calendrier - TravEcademy\",\"isPartOf\":{\"@id\":\"https:\\\/\\\/travecademy.be\\\/fr\\\/#website\"},\"primaryImageOfPage\":{\"@id\":\"https:\\\/\\\/travecademy.be\\\/fr\\\/calendrier\\\/#primaryimage\"},\"image\":{\"@id\":\"https:\\\/\\\/travecademy.be\\\/fr\\\/calendrier\\\/#primaryimage\"},\"thumbnailUrl\":\"https:\\\/\\\/travecademy.be\\\/wp-content\\\/uploads\\\/2019\\\/01\\\/KAART-TSUSA.png\",\"datePublished\":\"2019-03-21T11:06:10+00:00\",\"dateModified\":\"2024-02-13T10:20:00+00:00\",\"breadcrumb\":{\"@id\":\"https:\\\/\\\/travecademy.be\\\/fr\\\/calendrier\\\/#breadcrumb\"},\"inLanguage\":\"fr-FR\",\"potentialAction\":[{\"@type\":\"ReadAction\",\"target\":[\"https:\\\/\\\/travecademy.be\\\/fr\\\/calendrier\\\/\"]}]},{\"@type\":\"ImageObject\",\"inLanguage\":\"fr-FR\",\"@id\":\"https:\\\/\\\/travecademy.be\\\/fr\\\/calendrier\\\/#primaryimage\",\"url\":\"https:\\\/\\\/travecademy.be\\\/wp-content\\\/uploads\\\/2019\\\/01\\\/KAART-TSUSA.png\",\"contentUrl\":\"https:\\\/\\\/travecademy.be\\\/wp-content\\\/uploads\\\/2019\\\/01\\\/KAART-TSUSA.png\",\"width\":766,\"height\":505},{\"@type\":\"BreadcrumbList\",\"@id\":\"https:\\\/\\\/travecademy.be\\\/fr\\\/calendrier\\\/#breadcrumb\",\"itemListElement\":[{\"@type\":\"ListItem\",\"position\":1,\"name\":\"Home\",\"item\":\"https:\\\/\\\/travecademy.be\\\/fr\\\/\"},{\"@type\":\"ListItem\",\"position\":2,\"name\":\"Calendrier\"}]},{\"@type\":\"WebSite\",\"@id\":\"https:\\\/\\\/travecademy.be\\\/fr\\\/#website\",\"url\":\"https:\\\/\\\/travecademy.be\\\/fr\\\/\",\"name\":\"TravEcademy\",\"description\":\"Het meest succesvolle en gratis e-learning platform voor reisprofessionals\",\"publisher\":{\"@id\":\"https:\\\/\\\/travecademy.be\\\/fr\\\/#organization\"},\"potentialAction\":[{\"@type\":\"SearchAction\",\"target\":{\"@type\":\"EntryPoint\",\"urlTemplate\":\"https:\\\/\\\/travecademy.be\\\/fr\\\/?s={search_term_string}\"},\"query-input\":{\"@type\":\"PropertyValueSpecification\",\"valueRequired\":true,\"valueName\":\"search_term_string\"}}],\"inLanguage\":\"fr-FR\"},{\"@type\":\"Organization\",\"@id\":\"https:\\\/\\\/travecademy.be\\\/fr\\\/#organization\",\"name\":\"TravEcademy\",\"url\":\"https:\\\/\\\/travecademy.be\\\/fr\\\/\",\"logo\":{\"@type\":\"ImageObject\",\"inLanguage\":\"fr-FR\",\"@id\":\"https:\\\/\\\/travecademy.be\\\/fr\\\/#\\\/schema\\\/logo\\\/image\\\/\",\"url\":\"https:\\\/\\\/travecademy.be\\\/wp-content\\\/uploads\\\/2024\\\/04\\\/Travecademy.png\",\"contentUrl\":\"https:\\\/\\\/travecademy.be\\\/wp-content\\\/uploads\\\/2024\\\/04\\\/Travecademy.png\",\"width\":1263,\"height\":313,\"caption\":\"TravEcademy\"},\"image\":{\"@id\":\"https:\\\/\\\/travecademy.be\\\/fr\\\/#\\\/schema\\\/logo\\\/image\\\/\"}}]}<\/script>\n<!-- \/ Yoast SEO Premium plugin. -->","yoast_head_json":{"title":"Calendrier - TravEcademy","robots":{"index":"index","follow":"follow","max-snippet":"max-snippet:-1","max-image-preview":"max-image-preview:large","max-video-preview":"max-video-preview:-1"},"canonical":"https:\/\/travecademy.be\/fr\/calendrier\/","og_locale":"fr_FR","og_type":"article","og_title":"Calendrier","og_description":"Travel South USA vous emm\u00e8ne en voyage \u00e0 travers les \u00c9tats de l\u2019Alabama, du Kentucky, de la Louisiane, de la Caroline du Nord, de la\u2026","og_url":"https:\/\/travecademy.be\/fr\/calendrier\/","og_site_name":"TravEcademy","article_modified_time":"2024-02-13T10:20:00+00:00","og_image":[{"width":766,"height":505,"url":"https:\/\/travecademy.be\/wp-content\/uploads\/2019\/01\/KAART-TSUSA.png","type":"image\/png"}],"twitter_card":"summary_large_image","twitter_misc":{"Dur\u00e9e de lecture estim\u00e9e":"1 minute"},"schema":{"@context":"https:\/\/schema.org","@graph":[{"@type":"WebPage","@id":"https:\/\/travecademy.be\/fr\/calendrier\/","url":"https:\/\/travecademy.be\/fr\/calendrier\/","name":"Calendrier - TravEcademy","isPartOf":{"@id":"https:\/\/travecademy.be\/fr\/#website"},"primaryImageOfPage":{"@id":"https:\/\/travecademy.be\/fr\/calendrier\/#primaryimage"},"image":{"@id":"https:\/\/travecademy.be\/fr\/calendrier\/#primaryimage"},"thumbnailUrl":"https:\/\/travecademy.be\/wp-content\/uploads\/2019\/01\/KAART-TSUSA.png","datePublished":"2019-03-21T11:06:10+00:00","dateModified":"2024-02-13T10:20:00+00:00","breadcrumb":{"@id":"https:\/\/travecademy.be\/fr\/calendrier\/#breadcrumb"},"inLanguage":"fr-FR","potentialAction":[{"@type":"ReadAction","target":["https:\/\/travecademy.be\/fr\/calendrier\/"]}]},{"@type":"ImageObject","inLanguage":"fr-FR","@id":"https:\/\/travecademy.be\/fr\/calendrier\/#primaryimage","url":"https:\/\/travecademy.be\/wp-content\/uploads\/2019\/01\/KAART-TSUSA.png","contentUrl":"https:\/\/travecademy.be\/wp-content\/uploads\/2019\/01\/KAART-TSUSA.png","width":766,"height":505},{"@type":"BreadcrumbList","@id":"https:\/\/travecademy.be\/fr\/calendrier\/#breadcrumb","itemListElement":[{"@type":"ListItem","position":1,"name":"Home","item":"https:\/\/travecademy.be\/fr\/"},{"@type":"ListItem","position":2,"name":"Calendrier"}]},{"@type":"WebSite","@id":"https:\/\/travecademy.be\/fr\/#website","url":"https:\/\/travecademy.be\/fr\/","name":"TravEcademy","description":"Het meest succesvolle en gratis e-learning platform voor reisprofessionals","publisher":{"@id":"https:\/\/travecademy.be\/fr\/#organization"},"potentialAction":[{"@type":"SearchAction","target":{"@type":"EntryPoint","urlTemplate":"https:\/\/travecademy.be\/fr\/?s={search_term_string}"},"query-input":{"@type":"PropertyValueSpecification","valueRequired":true,"valueName":"search_term_string"}}],"inLanguage":"fr-FR"},{"@type":"Organization","@id":"https:\/\/travecademy.be\/fr\/#organization","name":"TravEcademy","url":"https:\/\/travecademy.be\/fr\/","logo":{"@type":"ImageObject","inLanguage":"fr-FR","@id":"https:\/\/travecademy.be\/fr\/#\/schema\/logo\/image\/","url":"https:\/\/travecademy.be\/wp-content\/uploads\/2024\/04\/Travecademy.png","contentUrl":"https:\/\/travecademy.be\/wp-content\/uploads\/2024\/04\/Travecademy.png","width":1263,"height":313,"caption":"TravEcademy"},"image":{"@id":"https:\/\/travecademy.be\/fr\/#\/schema\/logo\/image\/"}}]}},"publishpress_future_action":{"enabled":false,"date":"2026-04-22 09:54:28","action":"change-status","newStatus":"draft","terms":[],"taxonomy":"ecademys","extraData":[]},"publishpress_future_workflow_manual_trigger":{"enabledWorkflows":[]},"ticketed":false,"_links":{"self":[{"href":"https:\/\/travecademy.be\/fr\/wp-json\/wp\/v2\/pages\/48774","targetHints":{"allow":["GET"]}}],"collection":[{"href":"https:\/\/travecademy.be\/fr\/wp-json\/wp\/v2\/pages"}],"about":[{"href":"https:\/\/travecademy.be\/fr\/wp-json\/wp\/v2\/types\/page"}],"author":[{"embeddable":true,"href":"https:\/\/travecademy.be\/fr\/wp-json\/wp\/v2\/users\/1"}],"replies":[{"embeddable":true,"href":"https:\/\/travecademy.be\/fr\/wp-json\/wp\/v2\/comments?post=48774"}],"version-history":[{"count":1,"href":"https:\/\/travecademy.be\/fr\/wp-json\/wp\/v2\/pages\/48774\/revisions"}],"predecessor-version":[{"id":48781,"href":"https:\/\/travecademy.be\/fr\/wp-json\/wp\/v2\/pages\/48774\/revisions\/48781"}],"wp:featuredmedia":[{"embeddable":true,"href":"https:\/\/travecademy.be\/fr\/wp-json\/wp\/v2\/media\/35718"}],"wp:attachment":[{"href":"https:\/\/travecademy.be\/fr\/wp-json\/wp\/v2\/media?parent=48774"}],"wp:term":[{"taxonomy":"post_tag","embeddable":true,"href":"https:\/\/travecademy.be\/fr\/wp-json\/wp\/v2\/tags?post=48774"},{"taxonomy":"ecademys","embeddable":true,"href":"https:\/\/travecademy.be\/fr\/wp-json\/wp\/v2\/ecademys?post=48774"}],"curies":[{"name":"wp","href":"https:\/\/api.w.org\/{rel}","templated":true}]}}