{"id":48794,"date":"2019-03-19T15:03:01","date_gmt":"2019-03-19T13:03:01","guid":{"rendered":"https:\/\/travecademy.be\/plaisirs-culinaires-en-caroline-du-sud\/"},"modified":"2024-02-13T12:20:01","modified_gmt":"2024-02-13T10:20:01","slug":"plaisirs-culinaires-en-caroline-du-sud","status":"publish","type":"page","link":"https:\/\/travecademy.be\/fr\/themes\/culinaire\/plaisirs-culinaires-en-caroline-du-sud\/","title":{"rendered":"Plaisirs culinaires en Caroline du Sud"},"content":{"rendered":"<p><strong>Vos clients d\u00e9clarent-ils aimer les meilleures exp\u00e9riences culinaires ? Ils se trouvent alors au bon endroit, dans l\u2019\u00c9tat am\u00e9ricain de <a href=\"https:\/\/www.visittheusa.com.au\/state\/south-carolina\">Caroline du Sud<\/a>.\u00a0<\/strong><\/p>\n<p>En fait, certains des meilleurs sommeliers et chefs du monde vivent ici ! Dans la romantique ville baln\u00e9aire de Beaufort, les voyageurs savourent un d\u00e9licieux repas avec une vue imprenable. Le restaurant Saltus River Grill adopte une approche cr\u00e9ative en utilisant des ingr\u00e9dients locaux et des techniques modernes. Ce restaurant raffin\u00e9 propose une combinaison de d\u00e9licieux plats de poisson frais et une bonne s\u00e9lection de vins ! Le Traveler\u2019s Choice Award 2018 de TripAdvisor a m\u00eame s\u00e9lectionn\u00e9 cinq restaurants de la localit\u00e9 de Charleston dans sa liste des 25 meilleurs restaurants des \u00c9tats-Unis. Voici les restaurants nomin\u00e9s : Circa 1886 Restaurant, Halls Chophouse, Charleston Grill, Peninsula Grill, Grill 225. Quel est le point commun entre ces restaurants ? Ils combinent des techniques modernes avec les traditions du sud et utilisent des ingr\u00e9dients frais !<\/p>\n<p><a href=\"http:\/\/www.visittheusa.com.au\/state\/south-carolina\"><img fetchpriority=\"high\" decoding=\"async\" class=\" size-full wp-image-3149\" alt=\"\" height=\"400\" src=\"http:\/\/travecademy.be\/wp-content\/uploads\/2019\/03\/south-carolina2.jpg\" width=\"300\" srcset=\"https:\/\/travecademy.be\/wp-content\/uploads\/2019\/03\/south-carolina2.jpg 576w, https:\/\/travecademy.be\/wp-content\/uploads\/2019\/03\/south-carolina2-225x300.jpg 225w, https:\/\/travecademy.be\/wp-content\/uploads\/2019\/03\/south-carolina2-38x50.jpg 38w, https:\/\/travecademy.be\/wp-content\/uploads\/2019\/03\/south-carolina2-75x100.jpg 75w\" sizes=\"(max-width: 300px) 100vw, 300px\" \/><\/a><\/p>\n","protected":false},"excerpt":{"rendered":"<p>Vos clients d\u00e9clarent-ils aimer les meilleures exp\u00e9riences culinaires ? Ils se trouvent alors au bon endroit, dans l\u2019\u00c9tat am\u00e9ricain de Caroline du Sud.\u00a0 En fait,\u2026<\/p>\n","protected":false},"author":1,"featured_media":35826,"parent":48855,"menu_order":0,"comment_status":"closed","ping_status":"closed","template":"","meta":{"_acf_changed":false,"_price":"","_stock":"","_tribe_ticket_header":"","_tribe_default_ticket_provider":"","_tribe_ticket_capacity":"0","_ticket_start_date":"","_ticket_end_date":"","_tribe_ticket_show_description":"","_tribe_ticket_show_not_going":false,"_tribe_ticket_use_global_stock":"","_tribe_ticket_global_stock_level":"","_global_stock_mode":"","_global_stock_cap":"","_tribe_rsvp_for_event":"","_tribe_ticket_going_count":"","_tribe_ticket_not_going_count":"","_tribe_tickets_list":"[]","_tribe_ticket_has_attendee_info_fields":false,"footnotes":"","_tec_slr_enabled":"","_tec_slr_layout":""},"tags":[373],"ecademys":[500],"class_list":["post-48794","page","type-page","status-publish","has-post-thumbnail","hentry","tag-themes-culinaires","ecademys-travel-south-usa-fr"],"acf":[],"yoast_head":"<!-- This site is optimized with the Yoast SEO Premium plugin v27.3 (Yoast SEO v27.4) - https:\/\/yoast.com\/product\/yoast-seo-premium-wordpress\/ -->\n<title>Plaisirs culinaires en Caroline du Sud - TravEcademy<\/title>\n<meta name=\"robots\" content=\"index, follow, max-snippet:-1, max-image-preview:large, max-video-preview:-1\" \/>\n<link rel=\"canonical\" href=\"https:\/\/travecademy.be\/fr\/themes\/culinaire\/plaisirs-culinaires-en-caroline-du-sud\/\" class=\"yoast-seo-meta-tag\" \/>\n<meta property=\"og:locale\" content=\"fr_FR\" class=\"yoast-seo-meta-tag\" \/>\n<meta property=\"og:type\" content=\"article\" class=\"yoast-seo-meta-tag\" \/>\n<meta property=\"og:title\" content=\"Plaisirs culinaires en Caroline du Sud\" class=\"yoast-seo-meta-tag\" \/>\n<meta property=\"og:description\" content=\"Vos clients d\u00e9clarent-ils aimer les meilleures exp\u00e9riences culinaires ? Ils se trouvent alors au bon endroit, dans l\u2019\u00c9tat am\u00e9ricain de Caroline du Sud.\u00a0 En fait,\u2026\" class=\"yoast-seo-meta-tag\" \/>\n<meta property=\"og:url\" content=\"https:\/\/travecademy.be\/fr\/themes\/culinaire\/plaisirs-culinaires-en-caroline-du-sud\/\" class=\"yoast-seo-meta-tag\" \/>\n<meta property=\"og:site_name\" content=\"TravEcademy\" class=\"yoast-seo-meta-tag\" \/>\n<meta property=\"article:modified_time\" content=\"2024-02-13T10:20:01+00:00\" class=\"yoast-seo-meta-tag\" \/>\n<meta property=\"og:image\" content=\"https:\/\/travecademy.be\/wp-content\/uploads\/2019\/03\/south-carolina1.jpg\" class=\"yoast-seo-meta-tag\" \/>\n\t<meta property=\"og:image:width\" content=\"622\" class=\"yoast-seo-meta-tag\" \/>\n\t<meta property=\"og:image:height\" content=\"415\" class=\"yoast-seo-meta-tag\" \/>\n\t<meta property=\"og:image:type\" content=\"image\/jpeg\" class=\"yoast-seo-meta-tag\" \/>\n<meta name=\"twitter:card\" content=\"summary_large_image\" class=\"yoast-seo-meta-tag\" \/>\n<meta name=\"twitter:label1\" content=\"Dur\u00e9e de lecture estim\u00e9e\" class=\"yoast-seo-meta-tag\" \/>\n\t<meta name=\"twitter:data1\" content=\"1 minute\" class=\"yoast-seo-meta-tag\" \/>\n<script type=\"application\/ld+json\" class=\"yoast-schema-graph\">{\"@context\":\"https:\\\/\\\/schema.org\",\"@graph\":[{\"@type\":\"WebPage\",\"@id\":\"https:\\\/\\\/travecademy.be\\\/fr\\\/themes\\\/culinaire\\\/plaisirs-culinaires-en-caroline-du-sud\\\/\",\"url\":\"https:\\\/\\\/travecademy.be\\\/fr\\\/themes\\\/culinaire\\\/plaisirs-culinaires-en-caroline-du-sud\\\/\",\"name\":\"Plaisirs culinaires en Caroline du Sud - TravEcademy\",\"isPartOf\":{\"@id\":\"https:\\\/\\\/travecademy.be\\\/fr\\\/#website\"},\"primaryImageOfPage\":{\"@id\":\"https:\\\/\\\/travecademy.be\\\/fr\\\/themes\\\/culinaire\\\/plaisirs-culinaires-en-caroline-du-sud\\\/#primaryimage\"},\"image\":{\"@id\":\"https:\\\/\\\/travecademy.be\\\/fr\\\/themes\\\/culinaire\\\/plaisirs-culinaires-en-caroline-du-sud\\\/#primaryimage\"},\"thumbnailUrl\":\"https:\\\/\\\/travecademy.be\\\/wp-content\\\/uploads\\\/2019\\\/03\\\/south-carolina1.jpg\",\"datePublished\":\"2019-03-19T13:03:01+00:00\",\"dateModified\":\"2024-02-13T10:20:01+00:00\",\"breadcrumb\":{\"@id\":\"https:\\\/\\\/travecademy.be\\\/fr\\\/themes\\\/culinaire\\\/plaisirs-culinaires-en-caroline-du-sud\\\/#breadcrumb\"},\"inLanguage\":\"fr-FR\",\"potentialAction\":[{\"@type\":\"ReadAction\",\"target\":[\"https:\\\/\\\/travecademy.be\\\/fr\\\/themes\\\/culinaire\\\/plaisirs-culinaires-en-caroline-du-sud\\\/\"]}]},{\"@type\":\"ImageObject\",\"inLanguage\":\"fr-FR\",\"@id\":\"https:\\\/\\\/travecademy.be\\\/fr\\\/themes\\\/culinaire\\\/plaisirs-culinaires-en-caroline-du-sud\\\/#primaryimage\",\"url\":\"https:\\\/\\\/travecademy.be\\\/wp-content\\\/uploads\\\/2019\\\/03\\\/south-carolina1.jpg\",\"contentUrl\":\"https:\\\/\\\/travecademy.be\\\/wp-content\\\/uploads\\\/2019\\\/03\\\/south-carolina1.jpg\",\"width\":622,\"height\":415},{\"@type\":\"BreadcrumbList\",\"@id\":\"https:\\\/\\\/travecademy.be\\\/fr\\\/themes\\\/culinaire\\\/plaisirs-culinaires-en-caroline-du-sud\\\/#breadcrumb\",\"itemListElement\":[{\"@type\":\"ListItem\",\"position\":1,\"name\":\"Home\",\"item\":\"https:\\\/\\\/travecademy.be\\\/fr\\\/\"},{\"@type\":\"ListItem\",\"position\":2,\"name\":\"Th\u00e8mes\",\"item\":\"https:\\\/\\\/travecademy.be\\\/fr\\\/themes\\\/\"},{\"@type\":\"ListItem\",\"position\":3,\"name\":\"Culinaire\",\"item\":\"https:\\\/\\\/travecademy.be\\\/fr\\\/themes\\\/culinaire\\\/\"},{\"@type\":\"ListItem\",\"position\":4,\"name\":\"Plaisirs culinaires en Caroline du Sud\"}]},{\"@type\":\"WebSite\",\"@id\":\"https:\\\/\\\/travecademy.be\\\/fr\\\/#website\",\"url\":\"https:\\\/\\\/travecademy.be\\\/fr\\\/\",\"name\":\"TravEcademy\",\"description\":\"Het meest succesvolle en gratis e-learning platform voor reisprofessionals\",\"publisher\":{\"@id\":\"https:\\\/\\\/travecademy.be\\\/fr\\\/#organization\"},\"potentialAction\":[{\"@type\":\"SearchAction\",\"target\":{\"@type\":\"EntryPoint\",\"urlTemplate\":\"https:\\\/\\\/travecademy.be\\\/fr\\\/?s={search_term_string}\"},\"query-input\":{\"@type\":\"PropertyValueSpecification\",\"valueRequired\":true,\"valueName\":\"search_term_string\"}}],\"inLanguage\":\"fr-FR\"},{\"@type\":\"Organization\",\"@id\":\"https:\\\/\\\/travecademy.be\\\/fr\\\/#organization\",\"name\":\"TravEcademy\",\"url\":\"https:\\\/\\\/travecademy.be\\\/fr\\\/\",\"logo\":{\"@type\":\"ImageObject\",\"inLanguage\":\"fr-FR\",\"@id\":\"https:\\\/\\\/travecademy.be\\\/fr\\\/#\\\/schema\\\/logo\\\/image\\\/\",\"url\":\"https:\\\/\\\/travecademy.be\\\/wp-content\\\/uploads\\\/2024\\\/04\\\/Travecademy.png\",\"contentUrl\":\"https:\\\/\\\/travecademy.be\\\/wp-content\\\/uploads\\\/2024\\\/04\\\/Travecademy.png\",\"width\":1263,\"height\":313,\"caption\":\"TravEcademy\"},\"image\":{\"@id\":\"https:\\\/\\\/travecademy.be\\\/fr\\\/#\\\/schema\\\/logo\\\/image\\\/\"}}]}<\/script>\n<!-- \/ Yoast SEO Premium plugin. -->","yoast_head_json":{"title":"Plaisirs culinaires en Caroline du Sud - TravEcademy","robots":{"index":"index","follow":"follow","max-snippet":"max-snippet:-1","max-image-preview":"max-image-preview:large","max-video-preview":"max-video-preview:-1"},"canonical":"https:\/\/travecademy.be\/fr\/themes\/culinaire\/plaisirs-culinaires-en-caroline-du-sud\/","og_locale":"fr_FR","og_type":"article","og_title":"Plaisirs culinaires en Caroline du Sud","og_description":"Vos clients d\u00e9clarent-ils aimer les meilleures exp\u00e9riences culinaires ? Ils se trouvent alors au bon endroit, dans l\u2019\u00c9tat am\u00e9ricain de Caroline du Sud.\u00a0 En fait,\u2026","og_url":"https:\/\/travecademy.be\/fr\/themes\/culinaire\/plaisirs-culinaires-en-caroline-du-sud\/","og_site_name":"TravEcademy","article_modified_time":"2024-02-13T10:20:01+00:00","og_image":[{"width":622,"height":415,"url":"https:\/\/travecademy.be\/wp-content\/uploads\/2019\/03\/south-carolina1.jpg","type":"image\/jpeg"}],"twitter_card":"summary_large_image","twitter_misc":{"Dur\u00e9e de lecture estim\u00e9e":"1 minute"},"schema":{"@context":"https:\/\/schema.org","@graph":[{"@type":"WebPage","@id":"https:\/\/travecademy.be\/fr\/themes\/culinaire\/plaisirs-culinaires-en-caroline-du-sud\/","url":"https:\/\/travecademy.be\/fr\/themes\/culinaire\/plaisirs-culinaires-en-caroline-du-sud\/","name":"Plaisirs culinaires en Caroline du Sud - TravEcademy","isPartOf":{"@id":"https:\/\/travecademy.be\/fr\/#website"},"primaryImageOfPage":{"@id":"https:\/\/travecademy.be\/fr\/themes\/culinaire\/plaisirs-culinaires-en-caroline-du-sud\/#primaryimage"},"image":{"@id":"https:\/\/travecademy.be\/fr\/themes\/culinaire\/plaisirs-culinaires-en-caroline-du-sud\/#primaryimage"},"thumbnailUrl":"https:\/\/travecademy.be\/wp-content\/uploads\/2019\/03\/south-carolina1.jpg","datePublished":"2019-03-19T13:03:01+00:00","dateModified":"2024-02-13T10:20:01+00:00","breadcrumb":{"@id":"https:\/\/travecademy.be\/fr\/themes\/culinaire\/plaisirs-culinaires-en-caroline-du-sud\/#breadcrumb"},"inLanguage":"fr-FR","potentialAction":[{"@type":"ReadAction","target":["https:\/\/travecademy.be\/fr\/themes\/culinaire\/plaisirs-culinaires-en-caroline-du-sud\/"]}]},{"@type":"ImageObject","inLanguage":"fr-FR","@id":"https:\/\/travecademy.be\/fr\/themes\/culinaire\/plaisirs-culinaires-en-caroline-du-sud\/#primaryimage","url":"https:\/\/travecademy.be\/wp-content\/uploads\/2019\/03\/south-carolina1.jpg","contentUrl":"https:\/\/travecademy.be\/wp-content\/uploads\/2019\/03\/south-carolina1.jpg","width":622,"height":415},{"@type":"BreadcrumbList","@id":"https:\/\/travecademy.be\/fr\/themes\/culinaire\/plaisirs-culinaires-en-caroline-du-sud\/#breadcrumb","itemListElement":[{"@type":"ListItem","position":1,"name":"Home","item":"https:\/\/travecademy.be\/fr\/"},{"@type":"ListItem","position":2,"name":"Th\u00e8mes","item":"https:\/\/travecademy.be\/fr\/themes\/"},{"@type":"ListItem","position":3,"name":"Culinaire","item":"https:\/\/travecademy.be\/fr\/themes\/culinaire\/"},{"@type":"ListItem","position":4,"name":"Plaisirs culinaires en Caroline du Sud"}]},{"@type":"WebSite","@id":"https:\/\/travecademy.be\/fr\/#website","url":"https:\/\/travecademy.be\/fr\/","name":"TravEcademy","description":"Het meest succesvolle en gratis e-learning platform voor reisprofessionals","publisher":{"@id":"https:\/\/travecademy.be\/fr\/#organization"},"potentialAction":[{"@type":"SearchAction","target":{"@type":"EntryPoint","urlTemplate":"https:\/\/travecademy.be\/fr\/?s={search_term_string}"},"query-input":{"@type":"PropertyValueSpecification","valueRequired":true,"valueName":"search_term_string"}}],"inLanguage":"fr-FR"},{"@type":"Organization","@id":"https:\/\/travecademy.be\/fr\/#organization","name":"TravEcademy","url":"https:\/\/travecademy.be\/fr\/","logo":{"@type":"ImageObject","inLanguage":"fr-FR","@id":"https:\/\/travecademy.be\/fr\/#\/schema\/logo\/image\/","url":"https:\/\/travecademy.be\/wp-content\/uploads\/2024\/04\/Travecademy.png","contentUrl":"https:\/\/travecademy.be\/wp-content\/uploads\/2024\/04\/Travecademy.png","width":1263,"height":313,"caption":"TravEcademy"},"image":{"@id":"https:\/\/travecademy.be\/fr\/#\/schema\/logo\/image\/"}}]}},"publishpress_future_action":{"enabled":false,"date":"2026-04-22 06:36:18","action":"change-status","newStatus":"draft","terms":[],"taxonomy":"ecademys","extraData":[]},"publishpress_future_workflow_manual_trigger":{"enabledWorkflows":[]},"ticketed":false,"_links":{"self":[{"href":"https:\/\/travecademy.be\/fr\/wp-json\/wp\/v2\/pages\/48794","targetHints":{"allow":["GET"]}}],"collection":[{"href":"https:\/\/travecademy.be\/fr\/wp-json\/wp\/v2\/pages"}],"about":[{"href":"https:\/\/travecademy.be\/fr\/wp-json\/wp\/v2\/types\/page"}],"author":[{"embeddable":true,"href":"https:\/\/travecademy.be\/fr\/wp-json\/wp\/v2\/users\/1"}],"replies":[{"embeddable":true,"href":"https:\/\/travecademy.be\/fr\/wp-json\/wp\/v2\/comments?post=48794"}],"version-history":[{"count":1,"href":"https:\/\/travecademy.be\/fr\/wp-json\/wp\/v2\/pages\/48794\/revisions"}],"predecessor-version":[{"id":48795,"href":"https:\/\/travecademy.be\/fr\/wp-json\/wp\/v2\/pages\/48794\/revisions\/48795"}],"up":[{"embeddable":true,"href":"https:\/\/travecademy.be\/fr\/wp-json\/wp\/v2\/pages\/48855"}],"wp:featuredmedia":[{"embeddable":true,"href":"https:\/\/travecademy.be\/fr\/wp-json\/wp\/v2\/media\/35826"}],"wp:attachment":[{"href":"https:\/\/travecademy.be\/fr\/wp-json\/wp\/v2\/media?parent=48794"}],"wp:term":[{"taxonomy":"post_tag","embeddable":true,"href":"https:\/\/travecademy.be\/fr\/wp-json\/wp\/v2\/tags?post=48794"},{"taxonomy":"ecademys","embeddable":true,"href":"https:\/\/travecademy.be\/fr\/wp-json\/wp\/v2\/ecademys?post=48794"}],"curies":[{"name":"wp","href":"https:\/\/api.w.org\/{rel}","templated":true}]}}