{"id":48812,"date":"2019-03-19T16:44:32","date_gmt":"2019-03-19T14:44:32","guid":{"rendered":"https:\/\/travecademy.be\/barbecue-et-sucreries-dans-le-tennessee\/"},"modified":"2024-02-13T12:20:01","modified_gmt":"2024-02-13T10:20:01","slug":"barbecue-et-sucreries-dans-le-tennessee","status":"publish","type":"page","link":"https:\/\/travecademy.be\/fr\/themes\/culinaire\/barbecue-et-sucreries-dans-le-tennessee\/","title":{"rendered":"Barbecue et sucreries dans le Tennessee"},"content":{"rendered":"<p><strong>Les voyageurs affam\u00e9s sont au bon endroit dans le <a href=\"https:\/\/www.visittheusa.com.au\/state\/tennessee\">Tennessee<\/a>.<\/strong><\/p>\n<p>Bars, pubs, boulangeries, restaurants et de nombreux \u00e9v\u00e9nements et festivals gastronomiques : le Tennessee offre tout cela. Du barbecue au poulet chaud en passant par les biscuits et le pudding \u00e0 la banane, le menu de cet \u00c9tat a quelque chose de sp\u00e9cial. \u00c0 Nashville, vous pouvez manger de d\u00e9licieux biscuits au Biscuit Love et au Loveless Cafe. Des d\u00e9licieux biscuits \u00e0 la p\u00e2te au beurre au poulet croustillant ou au bacon en garniture. Les plats au barbecue sont un autre plat dont ils ont le secret dans le Tennessee. Dans un \u00c9tat o\u00f9 l\u2019on trouve d\u2019excellentes c\u00f4tes fum\u00e9es, des sandwichs fourr\u00e9s au porc effiloch\u00e9\u00a0 et o\u00f9 l\u2019on n\u2019a jamais assez de sauce, il est encore assez difficile de dresser une liste des restaurants de barbecue pr\u00e9f\u00e9r\u00e9s. Cependant, il y a une ville qui est synonyme de barbecue : Memphis ! Pour cela, on peut citer Charlie Vergos\u2019 Rendezvous, The Bar-B-Q Shop et A&R Bar-B-Q. Les gourmands peuvent se rendre au Countryside Cafe \u00e0 Ooltewah, \u00e0 l\u2019ouest de Chattanooga, entre autres.<\/p>\n<p><em><br \/>\n  <u>Conseil :<\/u><br \/>\n<\/em> Visite de la c\u00e9l\u00e8bre distillerie Jack Daniel\u2019s \u00e0 Lynchburg (\u00e0 environ 1,5 heure de route de Nashville). Pour 20 dollars, les invit\u00e9s sont invit\u00e9s \u00e0 visiter les lieux et \u00e0 d\u00e9guster cinq whiskies.<\/p>\n<p><a href=\"http:\/\/www.visittheusa.com.au\/state\/tennessee\"><img fetchpriority=\"high\" decoding=\"async\" class=\" size-full wp-image-3152\" alt=\"\" height=\"281\" src=\"http:\/\/travecademy.be\/wp-content\/uploads\/2019\/03\/tennessee2.jpg\" width=\"400\" srcset=\"https:\/\/travecademy.be\/wp-content\/uploads\/2019\/03\/tennessee2.jpg 917w, https:\/\/travecademy.be\/wp-content\/uploads\/2019\/03\/tennessee2-600x422.jpg 600w, https:\/\/travecademy.be\/wp-content\/uploads\/2019\/03\/tennessee2-300x211.jpg 300w, https:\/\/travecademy.be\/wp-content\/uploads\/2019\/03\/tennessee2-768x540.jpg 768w, https:\/\/travecademy.be\/wp-content\/uploads\/2019\/03\/tennessee2-624x439.jpg 624w, https:\/\/travecademy.be\/wp-content\/uploads\/2019\/03\/tennessee2-50x35.jpg 50w, https:\/\/travecademy.be\/wp-content\/uploads\/2019\/03\/tennessee2-100x70.jpg 100w\" sizes=\"(max-width: 400px) 100vw, 400px\" \/><\/a><\/p>\n","protected":false},"excerpt":{"rendered":"<p>Les voyageurs affam\u00e9s sont au bon endroit dans le Tennessee. Bars, pubs, boulangeries, restaurants et de nombreux \u00e9v\u00e9nements et festivals gastronomiques : le Tennessee offre\u2026<\/p>\n","protected":false},"author":1,"featured_media":35828,"parent":48855,"menu_order":0,"comment_status":"closed","ping_status":"closed","template":"","meta":{"_acf_changed":false,"_price":"","_stock":"","_tribe_ticket_header":"","_tribe_default_ticket_provider":"","_tribe_ticket_capacity":"0","_ticket_start_date":"","_ticket_end_date":"","_tribe_ticket_show_description":"","_tribe_ticket_show_not_going":false,"_tribe_ticket_use_global_stock":"","_tribe_ticket_global_stock_level":"","_global_stock_mode":"","_global_stock_cap":"","_tribe_rsvp_for_event":"","_tribe_ticket_going_count":"","_tribe_ticket_not_going_count":"","_tribe_tickets_list":"[]","_tribe_ticket_has_attendee_info_fields":false,"footnotes":"","_tec_slr_enabled":"","_tec_slr_layout":""},"tags":[373],"ecademys":[500],"class_list":["post-48812","page","type-page","status-publish","has-post-thumbnail","hentry","tag-themes-culinaires","ecademys-travel-south-usa-fr"],"acf":[],"yoast_head":"<!-- This site is optimized with the Yoast SEO Premium plugin v27.4 (Yoast SEO v27.5) - https:\/\/yoast.com\/product\/yoast-seo-premium-wordpress\/ -->\n<title>Barbecue et sucreries dans le Tennessee - TravEcademy<\/title>\n<meta name=\"robots\" content=\"index, follow, max-snippet:-1, max-image-preview:large, max-video-preview:-1\" \/>\n<link rel=\"canonical\" href=\"https:\/\/travecademy.be\/fr\/themes\/culinaire\/barbecue-et-sucreries-dans-le-tennessee\/\" class=\"yoast-seo-meta-tag\" \/>\n<meta property=\"og:locale\" content=\"fr_FR\" class=\"yoast-seo-meta-tag\" \/>\n<meta property=\"og:type\" content=\"article\" class=\"yoast-seo-meta-tag\" \/>\n<meta property=\"og:title\" content=\"Barbecue et sucreries dans le Tennessee\" class=\"yoast-seo-meta-tag\" \/>\n<meta property=\"og:description\" content=\"Les voyageurs affam\u00e9s sont au bon endroit dans le Tennessee. Bars, pubs, boulangeries, restaurants et de nombreux \u00e9v\u00e9nements et festivals gastronomiques : le Tennessee offre\u2026\" class=\"yoast-seo-meta-tag\" \/>\n<meta property=\"og:url\" content=\"https:\/\/travecademy.be\/fr\/themes\/culinaire\/barbecue-et-sucreries-dans-le-tennessee\/\" class=\"yoast-seo-meta-tag\" \/>\n<meta property=\"og:site_name\" content=\"TravEcademy\" class=\"yoast-seo-meta-tag\" \/>\n<meta property=\"article:modified_time\" content=\"2024-02-13T10:20:01+00:00\" class=\"yoast-seo-meta-tag\" \/>\n<meta property=\"og:image\" content=\"https:\/\/travecademy.be\/wp-content\/uploads\/2019\/03\/tennessee1.jpg\" class=\"yoast-seo-meta-tag\" \/>\n\t<meta property=\"og:image:width\" content=\"622\" class=\"yoast-seo-meta-tag\" \/>\n\t<meta property=\"og:image:height\" content=\"415\" class=\"yoast-seo-meta-tag\" \/>\n\t<meta property=\"og:image:type\" content=\"image\/jpeg\" class=\"yoast-seo-meta-tag\" \/>\n<meta name=\"twitter:card\" content=\"summary_large_image\" class=\"yoast-seo-meta-tag\" \/>\n<meta name=\"twitter:label1\" content=\"Dur\u00e9e de lecture estim\u00e9e\" class=\"yoast-seo-meta-tag\" \/>\n\t<meta name=\"twitter:data1\" content=\"1 minute\" class=\"yoast-seo-meta-tag\" \/>\n<script type=\"application\/ld+json\" class=\"yoast-schema-graph\">{\"@context\":\"https:\\\/\\\/schema.org\",\"@graph\":[{\"@type\":\"WebPage\",\"@id\":\"https:\\\/\\\/travecademy.be\\\/fr\\\/themes\\\/culinaire\\\/barbecue-et-sucreries-dans-le-tennessee\\\/\",\"url\":\"https:\\\/\\\/travecademy.be\\\/fr\\\/themes\\\/culinaire\\\/barbecue-et-sucreries-dans-le-tennessee\\\/\",\"name\":\"Barbecue et sucreries dans le Tennessee - TravEcademy\",\"isPartOf\":{\"@id\":\"https:\\\/\\\/travecademy.be\\\/fr\\\/#website\"},\"primaryImageOfPage\":{\"@id\":\"https:\\\/\\\/travecademy.be\\\/fr\\\/themes\\\/culinaire\\\/barbecue-et-sucreries-dans-le-tennessee\\\/#primaryimage\"},\"image\":{\"@id\":\"https:\\\/\\\/travecademy.be\\\/fr\\\/themes\\\/culinaire\\\/barbecue-et-sucreries-dans-le-tennessee\\\/#primaryimage\"},\"thumbnailUrl\":\"https:\\\/\\\/travecademy.be\\\/wp-content\\\/uploads\\\/2019\\\/03\\\/tennessee1.jpg\",\"datePublished\":\"2019-03-19T14:44:32+00:00\",\"dateModified\":\"2024-02-13T10:20:01+00:00\",\"breadcrumb\":{\"@id\":\"https:\\\/\\\/travecademy.be\\\/fr\\\/themes\\\/culinaire\\\/barbecue-et-sucreries-dans-le-tennessee\\\/#breadcrumb\"},\"inLanguage\":\"fr-FR\",\"potentialAction\":[{\"@type\":\"ReadAction\",\"target\":[\"https:\\\/\\\/travecademy.be\\\/fr\\\/themes\\\/culinaire\\\/barbecue-et-sucreries-dans-le-tennessee\\\/\"]}]},{\"@type\":\"ImageObject\",\"inLanguage\":\"fr-FR\",\"@id\":\"https:\\\/\\\/travecademy.be\\\/fr\\\/themes\\\/culinaire\\\/barbecue-et-sucreries-dans-le-tennessee\\\/#primaryimage\",\"url\":\"https:\\\/\\\/travecademy.be\\\/wp-content\\\/uploads\\\/2019\\\/03\\\/tennessee1.jpg\",\"contentUrl\":\"https:\\\/\\\/travecademy.be\\\/wp-content\\\/uploads\\\/2019\\\/03\\\/tennessee1.jpg\",\"width\":622,\"height\":415},{\"@type\":\"BreadcrumbList\",\"@id\":\"https:\\\/\\\/travecademy.be\\\/fr\\\/themes\\\/culinaire\\\/barbecue-et-sucreries-dans-le-tennessee\\\/#breadcrumb\",\"itemListElement\":[{\"@type\":\"ListItem\",\"position\":1,\"name\":\"Home\",\"item\":\"https:\\\/\\\/travecademy.be\\\/fr\\\/\"},{\"@type\":\"ListItem\",\"position\":2,\"name\":\"Th\u00e8mes\",\"item\":\"https:\\\/\\\/travecademy.be\\\/fr\\\/themes\\\/\"},{\"@type\":\"ListItem\",\"position\":3,\"name\":\"Culinaire\",\"item\":\"https:\\\/\\\/travecademy.be\\\/fr\\\/themes\\\/culinaire\\\/\"},{\"@type\":\"ListItem\",\"position\":4,\"name\":\"Barbecue et sucreries dans le Tennessee\"}]},{\"@type\":\"WebSite\",\"@id\":\"https:\\\/\\\/travecademy.be\\\/fr\\\/#website\",\"url\":\"https:\\\/\\\/travecademy.be\\\/fr\\\/\",\"name\":\"TravEcademy\",\"description\":\"Het meest succesvolle en gratis e-learning platform voor reisprofessionals\",\"publisher\":{\"@id\":\"https:\\\/\\\/travecademy.be\\\/fr\\\/#organization\"},\"potentialAction\":[{\"@type\":\"SearchAction\",\"target\":{\"@type\":\"EntryPoint\",\"urlTemplate\":\"https:\\\/\\\/travecademy.be\\\/fr\\\/?s={search_term_string}\"},\"query-input\":{\"@type\":\"PropertyValueSpecification\",\"valueRequired\":true,\"valueName\":\"search_term_string\"}}],\"inLanguage\":\"fr-FR\"},{\"@type\":\"Organization\",\"@id\":\"https:\\\/\\\/travecademy.be\\\/fr\\\/#organization\",\"name\":\"TravEcademy\",\"url\":\"https:\\\/\\\/travecademy.be\\\/fr\\\/\",\"logo\":{\"@type\":\"ImageObject\",\"inLanguage\":\"fr-FR\",\"@id\":\"https:\\\/\\\/travecademy.be\\\/fr\\\/#\\\/schema\\\/logo\\\/image\\\/\",\"url\":\"https:\\\/\\\/travecademy.be\\\/wp-content\\\/uploads\\\/2024\\\/04\\\/Travecademy.png\",\"contentUrl\":\"https:\\\/\\\/travecademy.be\\\/wp-content\\\/uploads\\\/2024\\\/04\\\/Travecademy.png\",\"width\":1263,\"height\":313,\"caption\":\"TravEcademy\"},\"image\":{\"@id\":\"https:\\\/\\\/travecademy.be\\\/fr\\\/#\\\/schema\\\/logo\\\/image\\\/\"}}]}<\/script>\n<!-- \/ Yoast SEO Premium plugin. -->","yoast_head_json":{"title":"Barbecue et sucreries dans le Tennessee - TravEcademy","robots":{"index":"index","follow":"follow","max-snippet":"max-snippet:-1","max-image-preview":"max-image-preview:large","max-video-preview":"max-video-preview:-1"},"canonical":"https:\/\/travecademy.be\/fr\/themes\/culinaire\/barbecue-et-sucreries-dans-le-tennessee\/","og_locale":"fr_FR","og_type":"article","og_title":"Barbecue et sucreries dans le Tennessee","og_description":"Les voyageurs affam\u00e9s sont au bon endroit dans le Tennessee. Bars, pubs, boulangeries, restaurants et de nombreux \u00e9v\u00e9nements et festivals gastronomiques : le Tennessee offre\u2026","og_url":"https:\/\/travecademy.be\/fr\/themes\/culinaire\/barbecue-et-sucreries-dans-le-tennessee\/","og_site_name":"TravEcademy","article_modified_time":"2024-02-13T10:20:01+00:00","og_image":[{"width":622,"height":415,"url":"https:\/\/travecademy.be\/wp-content\/uploads\/2019\/03\/tennessee1.jpg","type":"image\/jpeg"}],"twitter_card":"summary_large_image","twitter_misc":{"Dur\u00e9e de lecture estim\u00e9e":"1 minute"},"schema":{"@context":"https:\/\/schema.org","@graph":[{"@type":"WebPage","@id":"https:\/\/travecademy.be\/fr\/themes\/culinaire\/barbecue-et-sucreries-dans-le-tennessee\/","url":"https:\/\/travecademy.be\/fr\/themes\/culinaire\/barbecue-et-sucreries-dans-le-tennessee\/","name":"Barbecue et sucreries dans le Tennessee - TravEcademy","isPartOf":{"@id":"https:\/\/travecademy.be\/fr\/#website"},"primaryImageOfPage":{"@id":"https:\/\/travecademy.be\/fr\/themes\/culinaire\/barbecue-et-sucreries-dans-le-tennessee\/#primaryimage"},"image":{"@id":"https:\/\/travecademy.be\/fr\/themes\/culinaire\/barbecue-et-sucreries-dans-le-tennessee\/#primaryimage"},"thumbnailUrl":"https:\/\/travecademy.be\/wp-content\/uploads\/2019\/03\/tennessee1.jpg","datePublished":"2019-03-19T14:44:32+00:00","dateModified":"2024-02-13T10:20:01+00:00","breadcrumb":{"@id":"https:\/\/travecademy.be\/fr\/themes\/culinaire\/barbecue-et-sucreries-dans-le-tennessee\/#breadcrumb"},"inLanguage":"fr-FR","potentialAction":[{"@type":"ReadAction","target":["https:\/\/travecademy.be\/fr\/themes\/culinaire\/barbecue-et-sucreries-dans-le-tennessee\/"]}]},{"@type":"ImageObject","inLanguage":"fr-FR","@id":"https:\/\/travecademy.be\/fr\/themes\/culinaire\/barbecue-et-sucreries-dans-le-tennessee\/#primaryimage","url":"https:\/\/travecademy.be\/wp-content\/uploads\/2019\/03\/tennessee1.jpg","contentUrl":"https:\/\/travecademy.be\/wp-content\/uploads\/2019\/03\/tennessee1.jpg","width":622,"height":415},{"@type":"BreadcrumbList","@id":"https:\/\/travecademy.be\/fr\/themes\/culinaire\/barbecue-et-sucreries-dans-le-tennessee\/#breadcrumb","itemListElement":[{"@type":"ListItem","position":1,"name":"Home","item":"https:\/\/travecademy.be\/fr\/"},{"@type":"ListItem","position":2,"name":"Th\u00e8mes","item":"https:\/\/travecademy.be\/fr\/themes\/"},{"@type":"ListItem","position":3,"name":"Culinaire","item":"https:\/\/travecademy.be\/fr\/themes\/culinaire\/"},{"@type":"ListItem","position":4,"name":"Barbecue et sucreries dans le Tennessee"}]},{"@type":"WebSite","@id":"https:\/\/travecademy.be\/fr\/#website","url":"https:\/\/travecademy.be\/fr\/","name":"TravEcademy","description":"Het meest succesvolle en gratis e-learning platform voor reisprofessionals","publisher":{"@id":"https:\/\/travecademy.be\/fr\/#organization"},"potentialAction":[{"@type":"SearchAction","target":{"@type":"EntryPoint","urlTemplate":"https:\/\/travecademy.be\/fr\/?s={search_term_string}"},"query-input":{"@type":"PropertyValueSpecification","valueRequired":true,"valueName":"search_term_string"}}],"inLanguage":"fr-FR"},{"@type":"Organization","@id":"https:\/\/travecademy.be\/fr\/#organization","name":"TravEcademy","url":"https:\/\/travecademy.be\/fr\/","logo":{"@type":"ImageObject","inLanguage":"fr-FR","@id":"https:\/\/travecademy.be\/fr\/#\/schema\/logo\/image\/","url":"https:\/\/travecademy.be\/wp-content\/uploads\/2024\/04\/Travecademy.png","contentUrl":"https:\/\/travecademy.be\/wp-content\/uploads\/2024\/04\/Travecademy.png","width":1263,"height":313,"caption":"TravEcademy"},"image":{"@id":"https:\/\/travecademy.be\/fr\/#\/schema\/logo\/image\/"}}]}},"publishpress_future_action":{"enabled":false,"date":"2026-05-06 15:11:28","action":"change-status","newStatus":"draft","terms":[],"taxonomy":"ecademys","extraData":[]},"publishpress_future_workflow_manual_trigger":{"enabledWorkflows":[]},"ticketed":false,"_links":{"self":[{"href":"https:\/\/travecademy.be\/fr\/wp-json\/wp\/v2\/pages\/48812","targetHints":{"allow":["GET"]}}],"collection":[{"href":"https:\/\/travecademy.be\/fr\/wp-json\/wp\/v2\/pages"}],"about":[{"href":"https:\/\/travecademy.be\/fr\/wp-json\/wp\/v2\/types\/page"}],"author":[{"embeddable":true,"href":"https:\/\/travecademy.be\/fr\/wp-json\/wp\/v2\/users\/1"}],"replies":[{"embeddable":true,"href":"https:\/\/travecademy.be\/fr\/wp-json\/wp\/v2\/comments?post=48812"}],"version-history":[{"count":1,"href":"https:\/\/travecademy.be\/fr\/wp-json\/wp\/v2\/pages\/48812\/revisions"}],"predecessor-version":[{"id":48817,"href":"https:\/\/travecademy.be\/fr\/wp-json\/wp\/v2\/pages\/48812\/revisions\/48817"}],"up":[{"embeddable":true,"href":"https:\/\/travecademy.be\/fr\/wp-json\/wp\/v2\/pages\/48855"}],"wp:featuredmedia":[{"embeddable":true,"href":"https:\/\/travecademy.be\/fr\/wp-json\/wp\/v2\/media\/35828"}],"wp:attachment":[{"href":"https:\/\/travecademy.be\/fr\/wp-json\/wp\/v2\/media?parent=48812"}],"wp:term":[{"taxonomy":"post_tag","embeddable":true,"href":"https:\/\/travecademy.be\/fr\/wp-json\/wp\/v2\/tags?post=48812"},{"taxonomy":"ecademys","embeddable":true,"href":"https:\/\/travecademy.be\/fr\/wp-json\/wp\/v2\/ecademys?post=48812"}],"curies":[{"name":"wp","href":"https:\/\/api.w.org\/{rel}","templated":true}]}}