{"id":48820,"date":"2019-03-19T14:53:50","date_gmt":"2019-03-19T12:53:50","guid":{"rendered":"https:\/\/travecademy.be\/poissons-et-cotes-en-alabama\/"},"modified":"2024-02-13T12:20:01","modified_gmt":"2024-02-13T10:20:01","slug":"poissons-et-cotes-en-alabama","status":"publish","type":"page","link":"https:\/\/travecademy.be\/fr\/themes\/culinaire\/poissons-et-cotes-en-alabama\/","title":{"rendered":"Poissons et c\u00f4tes en Alabama"},"content":{"rendered":"<p><strong>Pour les fruits de mer frais, vos clients en <a href=\"https:\/\/travelsouth.visittheusa.com\/state\/alabama\">Alabama<\/a> sont au bon endroit.  <\/strong><\/p>\n<p>Dans la ville de Mobile, dans le sud de l\u2019\u00c9tat, on peut go\u00fbter \u00e0 ces d\u00e9licieux plats. Le golfe du Mexique se trouve juste apr\u00e8s Mobile Bay et c\u2019est l\u00e0 que l\u2019on p\u00eache le poisson frais. Hu\u00eetres, crabes, crevettes ou poissons, ils sont tous au menu ! Visitez Wintzell\u2019s Oyster House et go\u00fbtez les d\u00e9licieuses hu\u00eetres ou allez au Felix\u2019s Fish Camp Grill et commandez un plat fra\u00eechement sorti du gril. Plus au nord, \u00e0 Montgomery, les voyageurs peuvent appr\u00e9cier les nombreuses bi\u00e8res fra\u00eechement brass\u00e9es dans l\u2019une des brasseries. Tous les restaurants et caf\u00e9s se trouvent \u00e0 peu pr\u00e8s dans le m\u00eame quartier : Alley Entertainment District. On peut y d\u00e9guster des c\u00f4tes g\u00e9antes fra\u00eechement sorties du barbecue, accompagn\u00e9es d\u2019une bonne bi\u00e8re. Un bon endroit pour cela est Dreamland Bar-B-Que ou Railyard Brewing Company\u2019s pour une bonne bi\u00e8re pression avec des hamburgers frais.<\/p>\n<p><a href=\"http:\/\/travelsouth.visittheusa.com\/state\/alabama\"><img fetchpriority=\"high\" decoding=\"async\" class=\" size-full wp-image-3134\" alt=\"\" height=\"267\" src=\"http:\/\/travecademy.be\/wp-content\/uploads\/2019\/03\/vis-en.jpg\" width=\"400\" srcset=\"https:\/\/travecademy.be\/wp-content\/uploads\/2019\/03\/vis-en.jpg 897w, https:\/\/travecademy.be\/wp-content\/uploads\/2019\/03\/vis-en-600x400.jpg 600w, https:\/\/travecademy.be\/wp-content\/uploads\/2019\/03\/vis-en-300x200.jpg 300w, https:\/\/travecademy.be\/wp-content\/uploads\/2019\/03\/vis-en-768x512.jpg 768w, https:\/\/travecademy.be\/wp-content\/uploads\/2019\/03\/vis-en-624x416.jpg 624w, https:\/\/travecademy.be\/wp-content\/uploads\/2019\/03\/vis-en-50x33.jpg 50w, https:\/\/travecademy.be\/wp-content\/uploads\/2019\/03\/vis-en-100x67.jpg 100w\" sizes=\"(max-width: 400px) 100vw, 400px\" \/><\/a><\/p>\n","protected":false},"excerpt":{"rendered":"<p>Pour les fruits de mer frais, vos clients en Alabama sont au bon endroit. Dans la ville de Mobile, dans le sud de l\u2019\u00c9tat, on\u2026<\/p>\n","protected":false},"author":1,"featured_media":35816,"parent":48855,"menu_order":0,"comment_status":"closed","ping_status":"closed","template":"","meta":{"_acf_changed":false,"_price":"","_stock":"","_tribe_ticket_header":"","_tribe_default_ticket_provider":"","_tribe_ticket_capacity":"0","_ticket_start_date":"","_ticket_end_date":"","_tribe_ticket_show_description":"","_tribe_ticket_show_not_going":false,"_tribe_ticket_use_global_stock":"","_tribe_ticket_global_stock_level":"","_global_stock_mode":"","_global_stock_cap":"","_tribe_rsvp_for_event":"","_tribe_ticket_going_count":"","_tribe_ticket_not_going_count":"","_tribe_tickets_list":"[]","_tribe_ticket_has_attendee_info_fields":false,"footnotes":"","_tec_slr_enabled":"","_tec_slr_layout":""},"tags":[373],"ecademys":[500],"class_list":["post-48820","page","type-page","status-publish","has-post-thumbnail","hentry","tag-themes-culinaires","ecademys-travel-south-usa-fr"],"acf":[],"yoast_head":"<!-- This site is optimized with the Yoast SEO Premium plugin v27.4 (Yoast SEO v27.5) - https:\/\/yoast.com\/product\/yoast-seo-premium-wordpress\/ -->\n<title>Poissons et c\u00f4tes en Alabama - TravEcademy<\/title>\n<meta name=\"robots\" content=\"index, follow, max-snippet:-1, max-image-preview:large, max-video-preview:-1\" \/>\n<link rel=\"canonical\" href=\"https:\/\/travecademy.be\/fr\/themes\/culinaire\/poissons-et-cotes-en-alabama\/\" class=\"yoast-seo-meta-tag\" \/>\n<meta property=\"og:locale\" content=\"fr_FR\" class=\"yoast-seo-meta-tag\" \/>\n<meta property=\"og:type\" content=\"article\" class=\"yoast-seo-meta-tag\" \/>\n<meta property=\"og:title\" content=\"Poissons et c\u00f4tes en Alabama\" class=\"yoast-seo-meta-tag\" \/>\n<meta property=\"og:description\" content=\"Pour les fruits de mer frais, vos clients en Alabama sont au bon endroit. Dans la ville de Mobile, dans le sud de l\u2019\u00c9tat, on\u2026\" class=\"yoast-seo-meta-tag\" \/>\n<meta property=\"og:url\" content=\"https:\/\/travecademy.be\/fr\/themes\/culinaire\/poissons-et-cotes-en-alabama\/\" class=\"yoast-seo-meta-tag\" \/>\n<meta property=\"og:site_name\" content=\"TravEcademy\" class=\"yoast-seo-meta-tag\" \/>\n<meta property=\"article:modified_time\" content=\"2024-02-13T10:20:01+00:00\" class=\"yoast-seo-meta-tag\" \/>\n<meta property=\"og:image\" content=\"https:\/\/travecademy.be\/wp-content\/uploads\/2019\/03\/BirminghamDiningBottegaCourtyardHeroImage_Web72DPI.jpg\" class=\"yoast-seo-meta-tag\" \/>\n\t<meta property=\"og:image:width\" content=\"622\" class=\"yoast-seo-meta-tag\" \/>\n\t<meta property=\"og:image:height\" content=\"415\" class=\"yoast-seo-meta-tag\" \/>\n\t<meta property=\"og:image:type\" content=\"image\/jpeg\" class=\"yoast-seo-meta-tag\" \/>\n<meta name=\"twitter:card\" content=\"summary_large_image\" class=\"yoast-seo-meta-tag\" \/>\n<meta name=\"twitter:label1\" content=\"Dur\u00e9e de lecture estim\u00e9e\" class=\"yoast-seo-meta-tag\" \/>\n\t<meta name=\"twitter:data1\" content=\"1 minute\" class=\"yoast-seo-meta-tag\" \/>\n<script type=\"application\/ld+json\" class=\"yoast-schema-graph\">{\"@context\":\"https:\\\/\\\/schema.org\",\"@graph\":[{\"@type\":\"WebPage\",\"@id\":\"https:\\\/\\\/travecademy.be\\\/fr\\\/themes\\\/culinaire\\\/poissons-et-cotes-en-alabama\\\/\",\"url\":\"https:\\\/\\\/travecademy.be\\\/fr\\\/themes\\\/culinaire\\\/poissons-et-cotes-en-alabama\\\/\",\"name\":\"Poissons et c\u00f4tes en Alabama - TravEcademy\",\"isPartOf\":{\"@id\":\"https:\\\/\\\/travecademy.be\\\/fr\\\/#website\"},\"primaryImageOfPage\":{\"@id\":\"https:\\\/\\\/travecademy.be\\\/fr\\\/themes\\\/culinaire\\\/poissons-et-cotes-en-alabama\\\/#primaryimage\"},\"image\":{\"@id\":\"https:\\\/\\\/travecademy.be\\\/fr\\\/themes\\\/culinaire\\\/poissons-et-cotes-en-alabama\\\/#primaryimage\"},\"thumbnailUrl\":\"https:\\\/\\\/travecademy.be\\\/wp-content\\\/uploads\\\/2019\\\/03\\\/BirminghamDiningBottegaCourtyardHeroImage_Web72DPI.jpg\",\"datePublished\":\"2019-03-19T12:53:50+00:00\",\"dateModified\":\"2024-02-13T10:20:01+00:00\",\"breadcrumb\":{\"@id\":\"https:\\\/\\\/travecademy.be\\\/fr\\\/themes\\\/culinaire\\\/poissons-et-cotes-en-alabama\\\/#breadcrumb\"},\"inLanguage\":\"fr-FR\",\"potentialAction\":[{\"@type\":\"ReadAction\",\"target\":[\"https:\\\/\\\/travecademy.be\\\/fr\\\/themes\\\/culinaire\\\/poissons-et-cotes-en-alabama\\\/\"]}]},{\"@type\":\"ImageObject\",\"inLanguage\":\"fr-FR\",\"@id\":\"https:\\\/\\\/travecademy.be\\\/fr\\\/themes\\\/culinaire\\\/poissons-et-cotes-en-alabama\\\/#primaryimage\",\"url\":\"https:\\\/\\\/travecademy.be\\\/wp-content\\\/uploads\\\/2019\\\/03\\\/BirminghamDiningBottegaCourtyardHeroImage_Web72DPI.jpg\",\"contentUrl\":\"https:\\\/\\\/travecademy.be\\\/wp-content\\\/uploads\\\/2019\\\/03\\\/BirminghamDiningBottegaCourtyardHeroImage_Web72DPI.jpg\",\"width\":622,\"height\":415},{\"@type\":\"BreadcrumbList\",\"@id\":\"https:\\\/\\\/travecademy.be\\\/fr\\\/themes\\\/culinaire\\\/poissons-et-cotes-en-alabama\\\/#breadcrumb\",\"itemListElement\":[{\"@type\":\"ListItem\",\"position\":1,\"name\":\"Home\",\"item\":\"https:\\\/\\\/travecademy.be\\\/fr\\\/\"},{\"@type\":\"ListItem\",\"position\":2,\"name\":\"Th\u00e8mes\",\"item\":\"https:\\\/\\\/travecademy.be\\\/fr\\\/themes\\\/\"},{\"@type\":\"ListItem\",\"position\":3,\"name\":\"Culinaire\",\"item\":\"https:\\\/\\\/travecademy.be\\\/fr\\\/themes\\\/culinaire\\\/\"},{\"@type\":\"ListItem\",\"position\":4,\"name\":\"Poissons et c\u00f4tes en Alabama\"}]},{\"@type\":\"WebSite\",\"@id\":\"https:\\\/\\\/travecademy.be\\\/fr\\\/#website\",\"url\":\"https:\\\/\\\/travecademy.be\\\/fr\\\/\",\"name\":\"TravEcademy\",\"description\":\"Het meest succesvolle en gratis e-learning platform voor reisprofessionals\",\"publisher\":{\"@id\":\"https:\\\/\\\/travecademy.be\\\/fr\\\/#organization\"},\"potentialAction\":[{\"@type\":\"SearchAction\",\"target\":{\"@type\":\"EntryPoint\",\"urlTemplate\":\"https:\\\/\\\/travecademy.be\\\/fr\\\/?s={search_term_string}\"},\"query-input\":{\"@type\":\"PropertyValueSpecification\",\"valueRequired\":true,\"valueName\":\"search_term_string\"}}],\"inLanguage\":\"fr-FR\"},{\"@type\":\"Organization\",\"@id\":\"https:\\\/\\\/travecademy.be\\\/fr\\\/#organization\",\"name\":\"TravEcademy\",\"url\":\"https:\\\/\\\/travecademy.be\\\/fr\\\/\",\"logo\":{\"@type\":\"ImageObject\",\"inLanguage\":\"fr-FR\",\"@id\":\"https:\\\/\\\/travecademy.be\\\/fr\\\/#\\\/schema\\\/logo\\\/image\\\/\",\"url\":\"https:\\\/\\\/travecademy.be\\\/wp-content\\\/uploads\\\/2024\\\/04\\\/Travecademy.png\",\"contentUrl\":\"https:\\\/\\\/travecademy.be\\\/wp-content\\\/uploads\\\/2024\\\/04\\\/Travecademy.png\",\"width\":1263,\"height\":313,\"caption\":\"TravEcademy\"},\"image\":{\"@id\":\"https:\\\/\\\/travecademy.be\\\/fr\\\/#\\\/schema\\\/logo\\\/image\\\/\"}}]}<\/script>\n<!-- \/ Yoast SEO Premium plugin. -->","yoast_head_json":{"title":"Poissons et c\u00f4tes en Alabama - TravEcademy","robots":{"index":"index","follow":"follow","max-snippet":"max-snippet:-1","max-image-preview":"max-image-preview:large","max-video-preview":"max-video-preview:-1"},"canonical":"https:\/\/travecademy.be\/fr\/themes\/culinaire\/poissons-et-cotes-en-alabama\/","og_locale":"fr_FR","og_type":"article","og_title":"Poissons et c\u00f4tes en Alabama","og_description":"Pour les fruits de mer frais, vos clients en Alabama sont au bon endroit. Dans la ville de Mobile, dans le sud de l\u2019\u00c9tat, on\u2026","og_url":"https:\/\/travecademy.be\/fr\/themes\/culinaire\/poissons-et-cotes-en-alabama\/","og_site_name":"TravEcademy","article_modified_time":"2024-02-13T10:20:01+00:00","og_image":[{"width":622,"height":415,"url":"https:\/\/travecademy.be\/wp-content\/uploads\/2019\/03\/BirminghamDiningBottegaCourtyardHeroImage_Web72DPI.jpg","type":"image\/jpeg"}],"twitter_card":"summary_large_image","twitter_misc":{"Dur\u00e9e de lecture estim\u00e9e":"1 minute"},"schema":{"@context":"https:\/\/schema.org","@graph":[{"@type":"WebPage","@id":"https:\/\/travecademy.be\/fr\/themes\/culinaire\/poissons-et-cotes-en-alabama\/","url":"https:\/\/travecademy.be\/fr\/themes\/culinaire\/poissons-et-cotes-en-alabama\/","name":"Poissons et c\u00f4tes en Alabama - TravEcademy","isPartOf":{"@id":"https:\/\/travecademy.be\/fr\/#website"},"primaryImageOfPage":{"@id":"https:\/\/travecademy.be\/fr\/themes\/culinaire\/poissons-et-cotes-en-alabama\/#primaryimage"},"image":{"@id":"https:\/\/travecademy.be\/fr\/themes\/culinaire\/poissons-et-cotes-en-alabama\/#primaryimage"},"thumbnailUrl":"https:\/\/travecademy.be\/wp-content\/uploads\/2019\/03\/BirminghamDiningBottegaCourtyardHeroImage_Web72DPI.jpg","datePublished":"2019-03-19T12:53:50+00:00","dateModified":"2024-02-13T10:20:01+00:00","breadcrumb":{"@id":"https:\/\/travecademy.be\/fr\/themes\/culinaire\/poissons-et-cotes-en-alabama\/#breadcrumb"},"inLanguage":"fr-FR","potentialAction":[{"@type":"ReadAction","target":["https:\/\/travecademy.be\/fr\/themes\/culinaire\/poissons-et-cotes-en-alabama\/"]}]},{"@type":"ImageObject","inLanguage":"fr-FR","@id":"https:\/\/travecademy.be\/fr\/themes\/culinaire\/poissons-et-cotes-en-alabama\/#primaryimage","url":"https:\/\/travecademy.be\/wp-content\/uploads\/2019\/03\/BirminghamDiningBottegaCourtyardHeroImage_Web72DPI.jpg","contentUrl":"https:\/\/travecademy.be\/wp-content\/uploads\/2019\/03\/BirminghamDiningBottegaCourtyardHeroImage_Web72DPI.jpg","width":622,"height":415},{"@type":"BreadcrumbList","@id":"https:\/\/travecademy.be\/fr\/themes\/culinaire\/poissons-et-cotes-en-alabama\/#breadcrumb","itemListElement":[{"@type":"ListItem","position":1,"name":"Home","item":"https:\/\/travecademy.be\/fr\/"},{"@type":"ListItem","position":2,"name":"Th\u00e8mes","item":"https:\/\/travecademy.be\/fr\/themes\/"},{"@type":"ListItem","position":3,"name":"Culinaire","item":"https:\/\/travecademy.be\/fr\/themes\/culinaire\/"},{"@type":"ListItem","position":4,"name":"Poissons et c\u00f4tes en Alabama"}]},{"@type":"WebSite","@id":"https:\/\/travecademy.be\/fr\/#website","url":"https:\/\/travecademy.be\/fr\/","name":"TravEcademy","description":"Het meest succesvolle en gratis e-learning platform voor reisprofessionals","publisher":{"@id":"https:\/\/travecademy.be\/fr\/#organization"},"potentialAction":[{"@type":"SearchAction","target":{"@type":"EntryPoint","urlTemplate":"https:\/\/travecademy.be\/fr\/?s={search_term_string}"},"query-input":{"@type":"PropertyValueSpecification","valueRequired":true,"valueName":"search_term_string"}}],"inLanguage":"fr-FR"},{"@type":"Organization","@id":"https:\/\/travecademy.be\/fr\/#organization","name":"TravEcademy","url":"https:\/\/travecademy.be\/fr\/","logo":{"@type":"ImageObject","inLanguage":"fr-FR","@id":"https:\/\/travecademy.be\/fr\/#\/schema\/logo\/image\/","url":"https:\/\/travecademy.be\/wp-content\/uploads\/2024\/04\/Travecademy.png","contentUrl":"https:\/\/travecademy.be\/wp-content\/uploads\/2024\/04\/Travecademy.png","width":1263,"height":313,"caption":"TravEcademy"},"image":{"@id":"https:\/\/travecademy.be\/fr\/#\/schema\/logo\/image\/"}}]}},"publishpress_future_action":{"enabled":false,"date":"2026-05-06 16:41:21","action":"change-status","newStatus":"draft","terms":[],"taxonomy":"ecademys","extraData":[]},"publishpress_future_workflow_manual_trigger":{"enabledWorkflows":[]},"ticketed":false,"_links":{"self":[{"href":"https:\/\/travecademy.be\/fr\/wp-json\/wp\/v2\/pages\/48820","targetHints":{"allow":["GET"]}}],"collection":[{"href":"https:\/\/travecademy.be\/fr\/wp-json\/wp\/v2\/pages"}],"about":[{"href":"https:\/\/travecademy.be\/fr\/wp-json\/wp\/v2\/types\/page"}],"author":[{"embeddable":true,"href":"https:\/\/travecademy.be\/fr\/wp-json\/wp\/v2\/users\/1"}],"replies":[{"embeddable":true,"href":"https:\/\/travecademy.be\/fr\/wp-json\/wp\/v2\/comments?post=48820"}],"version-history":[{"count":1,"href":"https:\/\/travecademy.be\/fr\/wp-json\/wp\/v2\/pages\/48820\/revisions"}],"predecessor-version":[{"id":48826,"href":"https:\/\/travecademy.be\/fr\/wp-json\/wp\/v2\/pages\/48820\/revisions\/48826"}],"up":[{"embeddable":true,"href":"https:\/\/travecademy.be\/fr\/wp-json\/wp\/v2\/pages\/48855"}],"wp:featuredmedia":[{"embeddable":true,"href":"https:\/\/travecademy.be\/fr\/wp-json\/wp\/v2\/media\/35816"}],"wp:attachment":[{"href":"https:\/\/travecademy.be\/fr\/wp-json\/wp\/v2\/media?parent=48820"}],"wp:term":[{"taxonomy":"post_tag","embeddable":true,"href":"https:\/\/travecademy.be\/fr\/wp-json\/wp\/v2\/tags?post=48820"},{"taxonomy":"ecademys","embeddable":true,"href":"https:\/\/travecademy.be\/fr\/wp-json\/wp\/v2\/ecademys?post=48820"}],"curies":[{"name":"wp","href":"https:\/\/api.w.org\/{rel}","templated":true}]}}