{"id":48822,"date":"2019-03-21T11:03:35","date_gmt":"2019-03-21T09:03:35","guid":{"rendered":"https:\/\/travecademy.be\/plein-air-et-nature\/plages-de-sable-blanc-en-alabama\/"},"modified":"2024-02-13T12:20:01","modified_gmt":"2024-02-13T10:20:01","slug":"plages-de-sable-blanc-en-alabama","status":"publish","type":"page","link":"https:\/\/travecademy.be\/fr\/themes\/plein-air-et-nature\/plages-de-sable-blanc-en-alabama\/","title":{"rendered":"Plages de sable blanc en Alabama"},"content":{"rendered":"<p><strong>L\u2019<a href=\"https:\/\/travelsouth.visittheusa.com\/state\/alabama\">Alabama<\/a> poss\u00e8de de magnifiques plages de sable \u00e0 perte de vue, ce qui le rend tr\u00e8s populaire aupr\u00e8s des habitants.  <\/strong><\/p>\n<p>Les belles plages sont situ\u00e9es \u00e0\u00a0le golfe du Mexique et l\u2019une des plus c\u00e9l\u00e8bres est Orange Beach. C\u2019est pourquoi ses plages blanches comme neige et ses eaux bleues magnifiques attirent les voyageurs. Les voyageurs peuvent \u00e9galement visiter Dauphin Island Park & Beach, Gulf State Park, Fairhope et Fort Morgan. Fort Morgan, par exemple, est connu pour sa s\u00e9r\u00e9nit\u00e9 et sa nature magnifique, ce qui en fait l\u2019endroit id\u00e9al pour les personnes qui aiment le calme et la tranquillit\u00e9.\u00a0<\/p>\n<p>Vous trouverez \u00e9galement des chutes d\u2019eau, des lacs et des montagnes en Alabama, et vous pourrez apercevoir des alligators lors d\u2019une excursion. Visitez le Desoto State Park, situ\u00e9 au sommet de la magnifique Lookout Mountain dans le nord-est pittoresque de l\u2019Alabama. Ici, les voyageurs sont accueillis par des fleurs color\u00e9es et des chutes d\u2019eau. Les visiteurs peuvent faire du cano\u00eb, de l\u2019escalade et de la tyrolienne. Le Cheaha State Park, enti\u00e8rement entour\u00e9 par la for\u00eat nationale de Talladega, est un autre lieu \u00e0 ne pas manquer. Il y a plusieurs itin\u00e9raires \u00e0 suivre pour les d\u00e9butants comme pour les vrais aventuriers ! Les voyageurs peuvent \u00e9galement y passer la nuit, afin de poursuivre l\u2019exploration du parc le lendemain.<\/p>\n<p><a href=\"http:\/\/travelsouth.visittheusa.com\/state\/alabama\"><img fetchpriority=\"high\" decoding=\"async\" class=\" size-full wp-image-3204\" alt=\"\" height=\"375\" src=\"http:\/\/travecademy.be\/wp-content\/uploads\/2019\/03\/OUTDOOR-Gulf-Shores-in-Alabama-bb.jpg\" width=\"300\" srcset=\"https:\/\/travecademy.be\/wp-content\/uploads\/2019\/03\/OUTDOOR-Gulf-Shores-in-Alabama-bb.jpg 1000w, https:\/\/travecademy.be\/wp-content\/uploads\/2019\/03\/OUTDOOR-Gulf-Shores-in-Alabama-bb-600x750.jpg 600w, https:\/\/travecademy.be\/wp-content\/uploads\/2019\/03\/OUTDOOR-Gulf-Shores-in-Alabama-bb-240x300.jpg 240w, https:\/\/travecademy.be\/wp-content\/uploads\/2019\/03\/OUTDOOR-Gulf-Shores-in-Alabama-bb-819x1024.jpg 819w, https:\/\/travecademy.be\/wp-content\/uploads\/2019\/03\/OUTDOOR-Gulf-Shores-in-Alabama-bb-768x960.jpg 768w, https:\/\/travecademy.be\/wp-content\/uploads\/2019\/03\/OUTDOOR-Gulf-Shores-in-Alabama-bb-624x780.jpg 624w, https:\/\/travecademy.be\/wp-content\/uploads\/2019\/03\/OUTDOOR-Gulf-Shores-in-Alabama-bb-40x50.jpg 40w, https:\/\/travecademy.be\/wp-content\/uploads\/2019\/03\/OUTDOOR-Gulf-Shores-in-Alabama-bb-80x100.jpg 80w\" sizes=\"(max-width: 300px) 100vw, 300px\" \/><\/a><\/p>\n","protected":false},"excerpt":{"rendered":"<p>L\u2019Alabama poss\u00e8de de magnifiques plages de sable \u00e0 perte de vue, ce qui le rend tr\u00e8s populaire aupr\u00e8s des habitants. Les belles plages sont situ\u00e9es\u2026<\/p>\n","protected":false},"author":1,"featured_media":35861,"parent":48784,"menu_order":0,"comment_status":"closed","ping_status":"closed","template":"","meta":{"_acf_changed":false,"_price":"","_stock":"","_tribe_ticket_header":"","_tribe_default_ticket_provider":"","_tribe_ticket_capacity":"0","_ticket_start_date":"","_ticket_end_date":"","_tribe_ticket_show_description":"","_tribe_ticket_show_not_going":false,"_tribe_ticket_use_global_stock":"","_tribe_ticket_global_stock_level":"","_global_stock_mode":"","_global_stock_cap":"","_tribe_rsvp_for_event":"","_tribe_ticket_going_count":"","_tribe_ticket_not_going_count":"","_tribe_tickets_list":"[]","_tribe_ticket_has_attendee_info_fields":false,"footnotes":"","_tec_slr_enabled":"","_tec_slr_layout":""},"tags":[456],"ecademys":[500],"class_list":["post-48822","page","type-page","status-publish","has-post-thumbnail","hentry","tag-themes-outdoor-nature","ecademys-travel-south-usa-fr"],"acf":[],"yoast_head":"<!-- This site is optimized with the Yoast SEO Premium plugin v27.4 (Yoast SEO v27.5) - https:\/\/yoast.com\/product\/yoast-seo-premium-wordpress\/ -->\n<title>Plages de sable blanc en Alabama - TravEcademy<\/title>\n<meta name=\"robots\" content=\"index, follow, max-snippet:-1, max-image-preview:large, max-video-preview:-1\" \/>\n<link rel=\"canonical\" href=\"https:\/\/travecademy.be\/fr\/themes\/plein-air-et-nature\/plages-de-sable-blanc-en-alabama\/\" class=\"yoast-seo-meta-tag\" \/>\n<meta property=\"og:locale\" content=\"fr_FR\" class=\"yoast-seo-meta-tag\" \/>\n<meta property=\"og:type\" content=\"article\" class=\"yoast-seo-meta-tag\" \/>\n<meta property=\"og:title\" content=\"Plages de sable blanc en Alabama\" class=\"yoast-seo-meta-tag\" \/>\n<meta property=\"og:description\" content=\"L\u2019Alabama poss\u00e8de de magnifiques plages de sable \u00e0 perte de vue, ce qui le rend tr\u00e8s populaire aupr\u00e8s des habitants. Les belles plages sont situ\u00e9es\u2026\" class=\"yoast-seo-meta-tag\" \/>\n<meta property=\"og:url\" content=\"https:\/\/travecademy.be\/fr\/themes\/plein-air-et-nature\/plages-de-sable-blanc-en-alabama\/\" class=\"yoast-seo-meta-tag\" \/>\n<meta property=\"og:site_name\" content=\"TravEcademy\" class=\"yoast-seo-meta-tag\" \/>\n<meta property=\"article:modified_time\" content=\"2024-02-13T10:20:01+00:00\" class=\"yoast-seo-meta-tag\" \/>\n<meta property=\"og:image\" content=\"https:\/\/travecademy.be\/wp-content\/uploads\/2019\/03\/Eindeloze-hagelwitte-zandstranden-Alabama.jpg\" class=\"yoast-seo-meta-tag\" \/>\n\t<meta property=\"og:image:width\" content=\"622\" class=\"yoast-seo-meta-tag\" \/>\n\t<meta property=\"og:image:height\" content=\"415\" class=\"yoast-seo-meta-tag\" \/>\n\t<meta property=\"og:image:type\" content=\"image\/jpeg\" class=\"yoast-seo-meta-tag\" \/>\n<meta name=\"twitter:card\" content=\"summary_large_image\" class=\"yoast-seo-meta-tag\" \/>\n<meta name=\"twitter:label1\" content=\"Dur\u00e9e de lecture estim\u00e9e\" class=\"yoast-seo-meta-tag\" \/>\n\t<meta name=\"twitter:data1\" content=\"1 minute\" class=\"yoast-seo-meta-tag\" \/>\n<script type=\"application\/ld+json\" class=\"yoast-schema-graph\">{\"@context\":\"https:\\\/\\\/schema.org\",\"@graph\":[{\"@type\":\"WebPage\",\"@id\":\"https:\\\/\\\/travecademy.be\\\/fr\\\/themes\\\/plein-air-et-nature\\\/plages-de-sable-blanc-en-alabama\\\/\",\"url\":\"https:\\\/\\\/travecademy.be\\\/fr\\\/themes\\\/plein-air-et-nature\\\/plages-de-sable-blanc-en-alabama\\\/\",\"name\":\"Plages de sable blanc en Alabama - TravEcademy\",\"isPartOf\":{\"@id\":\"https:\\\/\\\/travecademy.be\\\/fr\\\/#website\"},\"primaryImageOfPage\":{\"@id\":\"https:\\\/\\\/travecademy.be\\\/fr\\\/themes\\\/plein-air-et-nature\\\/plages-de-sable-blanc-en-alabama\\\/#primaryimage\"},\"image\":{\"@id\":\"https:\\\/\\\/travecademy.be\\\/fr\\\/themes\\\/plein-air-et-nature\\\/plages-de-sable-blanc-en-alabama\\\/#primaryimage\"},\"thumbnailUrl\":\"https:\\\/\\\/travecademy.be\\\/wp-content\\\/uploads\\\/2019\\\/03\\\/Eindeloze-hagelwitte-zandstranden-Alabama.jpg\",\"datePublished\":\"2019-03-21T09:03:35+00:00\",\"dateModified\":\"2024-02-13T10:20:01+00:00\",\"breadcrumb\":{\"@id\":\"https:\\\/\\\/travecademy.be\\\/fr\\\/themes\\\/plein-air-et-nature\\\/plages-de-sable-blanc-en-alabama\\\/#breadcrumb\"},\"inLanguage\":\"fr-FR\",\"potentialAction\":[{\"@type\":\"ReadAction\",\"target\":[\"https:\\\/\\\/travecademy.be\\\/fr\\\/themes\\\/plein-air-et-nature\\\/plages-de-sable-blanc-en-alabama\\\/\"]}]},{\"@type\":\"ImageObject\",\"inLanguage\":\"fr-FR\",\"@id\":\"https:\\\/\\\/travecademy.be\\\/fr\\\/themes\\\/plein-air-et-nature\\\/plages-de-sable-blanc-en-alabama\\\/#primaryimage\",\"url\":\"https:\\\/\\\/travecademy.be\\\/wp-content\\\/uploads\\\/2019\\\/03\\\/Eindeloze-hagelwitte-zandstranden-Alabama.jpg\",\"contentUrl\":\"https:\\\/\\\/travecademy.be\\\/wp-content\\\/uploads\\\/2019\\\/03\\\/Eindeloze-hagelwitte-zandstranden-Alabama.jpg\",\"width\":622,\"height\":415},{\"@type\":\"BreadcrumbList\",\"@id\":\"https:\\\/\\\/travecademy.be\\\/fr\\\/themes\\\/plein-air-et-nature\\\/plages-de-sable-blanc-en-alabama\\\/#breadcrumb\",\"itemListElement\":[{\"@type\":\"ListItem\",\"position\":1,\"name\":\"Home\",\"item\":\"https:\\\/\\\/travecademy.be\\\/fr\\\/\"},{\"@type\":\"ListItem\",\"position\":2,\"name\":\"Th\u00e8mes\",\"item\":\"https:\\\/\\\/travecademy.be\\\/fr\\\/themes\\\/\"},{\"@type\":\"ListItem\",\"position\":3,\"name\":\"Plein air et nature\",\"item\":\"https:\\\/\\\/travecademy.be\\\/fr\\\/themes\\\/plein-air-et-nature\\\/\"},{\"@type\":\"ListItem\",\"position\":4,\"name\":\"Plages de sable blanc en Alabama\"}]},{\"@type\":\"WebSite\",\"@id\":\"https:\\\/\\\/travecademy.be\\\/fr\\\/#website\",\"url\":\"https:\\\/\\\/travecademy.be\\\/fr\\\/\",\"name\":\"TravEcademy\",\"description\":\"Het meest succesvolle en gratis e-learning platform voor reisprofessionals\",\"publisher\":{\"@id\":\"https:\\\/\\\/travecademy.be\\\/fr\\\/#organization\"},\"potentialAction\":[{\"@type\":\"SearchAction\",\"target\":{\"@type\":\"EntryPoint\",\"urlTemplate\":\"https:\\\/\\\/travecademy.be\\\/fr\\\/?s={search_term_string}\"},\"query-input\":{\"@type\":\"PropertyValueSpecification\",\"valueRequired\":true,\"valueName\":\"search_term_string\"}}],\"inLanguage\":\"fr-FR\"},{\"@type\":\"Organization\",\"@id\":\"https:\\\/\\\/travecademy.be\\\/fr\\\/#organization\",\"name\":\"TravEcademy\",\"url\":\"https:\\\/\\\/travecademy.be\\\/fr\\\/\",\"logo\":{\"@type\":\"ImageObject\",\"inLanguage\":\"fr-FR\",\"@id\":\"https:\\\/\\\/travecademy.be\\\/fr\\\/#\\\/schema\\\/logo\\\/image\\\/\",\"url\":\"https:\\\/\\\/travecademy.be\\\/wp-content\\\/uploads\\\/2024\\\/04\\\/Travecademy.png\",\"contentUrl\":\"https:\\\/\\\/travecademy.be\\\/wp-content\\\/uploads\\\/2024\\\/04\\\/Travecademy.png\",\"width\":1263,\"height\":313,\"caption\":\"TravEcademy\"},\"image\":{\"@id\":\"https:\\\/\\\/travecademy.be\\\/fr\\\/#\\\/schema\\\/logo\\\/image\\\/\"}}]}<\/script>\n<!-- \/ Yoast SEO Premium plugin. -->","yoast_head_json":{"title":"Plages de sable blanc en Alabama - TravEcademy","robots":{"index":"index","follow":"follow","max-snippet":"max-snippet:-1","max-image-preview":"max-image-preview:large","max-video-preview":"max-video-preview:-1"},"canonical":"https:\/\/travecademy.be\/fr\/themes\/plein-air-et-nature\/plages-de-sable-blanc-en-alabama\/","og_locale":"fr_FR","og_type":"article","og_title":"Plages de sable blanc en Alabama","og_description":"L\u2019Alabama poss\u00e8de de magnifiques plages de sable \u00e0 perte de vue, ce qui le rend tr\u00e8s populaire aupr\u00e8s des habitants. Les belles plages sont situ\u00e9es\u2026","og_url":"https:\/\/travecademy.be\/fr\/themes\/plein-air-et-nature\/plages-de-sable-blanc-en-alabama\/","og_site_name":"TravEcademy","article_modified_time":"2024-02-13T10:20:01+00:00","og_image":[{"width":622,"height":415,"url":"https:\/\/travecademy.be\/wp-content\/uploads\/2019\/03\/Eindeloze-hagelwitte-zandstranden-Alabama.jpg","type":"image\/jpeg"}],"twitter_card":"summary_large_image","twitter_misc":{"Dur\u00e9e de lecture estim\u00e9e":"1 minute"},"schema":{"@context":"https:\/\/schema.org","@graph":[{"@type":"WebPage","@id":"https:\/\/travecademy.be\/fr\/themes\/plein-air-et-nature\/plages-de-sable-blanc-en-alabama\/","url":"https:\/\/travecademy.be\/fr\/themes\/plein-air-et-nature\/plages-de-sable-blanc-en-alabama\/","name":"Plages de sable blanc en Alabama - TravEcademy","isPartOf":{"@id":"https:\/\/travecademy.be\/fr\/#website"},"primaryImageOfPage":{"@id":"https:\/\/travecademy.be\/fr\/themes\/plein-air-et-nature\/plages-de-sable-blanc-en-alabama\/#primaryimage"},"image":{"@id":"https:\/\/travecademy.be\/fr\/themes\/plein-air-et-nature\/plages-de-sable-blanc-en-alabama\/#primaryimage"},"thumbnailUrl":"https:\/\/travecademy.be\/wp-content\/uploads\/2019\/03\/Eindeloze-hagelwitte-zandstranden-Alabama.jpg","datePublished":"2019-03-21T09:03:35+00:00","dateModified":"2024-02-13T10:20:01+00:00","breadcrumb":{"@id":"https:\/\/travecademy.be\/fr\/themes\/plein-air-et-nature\/plages-de-sable-blanc-en-alabama\/#breadcrumb"},"inLanguage":"fr-FR","potentialAction":[{"@type":"ReadAction","target":["https:\/\/travecademy.be\/fr\/themes\/plein-air-et-nature\/plages-de-sable-blanc-en-alabama\/"]}]},{"@type":"ImageObject","inLanguage":"fr-FR","@id":"https:\/\/travecademy.be\/fr\/themes\/plein-air-et-nature\/plages-de-sable-blanc-en-alabama\/#primaryimage","url":"https:\/\/travecademy.be\/wp-content\/uploads\/2019\/03\/Eindeloze-hagelwitte-zandstranden-Alabama.jpg","contentUrl":"https:\/\/travecademy.be\/wp-content\/uploads\/2019\/03\/Eindeloze-hagelwitte-zandstranden-Alabama.jpg","width":622,"height":415},{"@type":"BreadcrumbList","@id":"https:\/\/travecademy.be\/fr\/themes\/plein-air-et-nature\/plages-de-sable-blanc-en-alabama\/#breadcrumb","itemListElement":[{"@type":"ListItem","position":1,"name":"Home","item":"https:\/\/travecademy.be\/fr\/"},{"@type":"ListItem","position":2,"name":"Th\u00e8mes","item":"https:\/\/travecademy.be\/fr\/themes\/"},{"@type":"ListItem","position":3,"name":"Plein air et nature","item":"https:\/\/travecademy.be\/fr\/themes\/plein-air-et-nature\/"},{"@type":"ListItem","position":4,"name":"Plages de sable blanc en Alabama"}]},{"@type":"WebSite","@id":"https:\/\/travecademy.be\/fr\/#website","url":"https:\/\/travecademy.be\/fr\/","name":"TravEcademy","description":"Het meest succesvolle en gratis e-learning platform voor reisprofessionals","publisher":{"@id":"https:\/\/travecademy.be\/fr\/#organization"},"potentialAction":[{"@type":"SearchAction","target":{"@type":"EntryPoint","urlTemplate":"https:\/\/travecademy.be\/fr\/?s={search_term_string}"},"query-input":{"@type":"PropertyValueSpecification","valueRequired":true,"valueName":"search_term_string"}}],"inLanguage":"fr-FR"},{"@type":"Organization","@id":"https:\/\/travecademy.be\/fr\/#organization","name":"TravEcademy","url":"https:\/\/travecademy.be\/fr\/","logo":{"@type":"ImageObject","inLanguage":"fr-FR","@id":"https:\/\/travecademy.be\/fr\/#\/schema\/logo\/image\/","url":"https:\/\/travecademy.be\/wp-content\/uploads\/2024\/04\/Travecademy.png","contentUrl":"https:\/\/travecademy.be\/wp-content\/uploads\/2024\/04\/Travecademy.png","width":1263,"height":313,"caption":"TravEcademy"},"image":{"@id":"https:\/\/travecademy.be\/fr\/#\/schema\/logo\/image\/"}}]}},"publishpress_future_action":{"enabled":false,"date":"2026-05-06 15:11:56","action":"change-status","newStatus":"draft","terms":[],"taxonomy":"ecademys","extraData":[]},"publishpress_future_workflow_manual_trigger":{"enabledWorkflows":[]},"ticketed":false,"_links":{"self":[{"href":"https:\/\/travecademy.be\/fr\/wp-json\/wp\/v2\/pages\/48822","targetHints":{"allow":["GET"]}}],"collection":[{"href":"https:\/\/travecademy.be\/fr\/wp-json\/wp\/v2\/pages"}],"about":[{"href":"https:\/\/travecademy.be\/fr\/wp-json\/wp\/v2\/types\/page"}],"author":[{"embeddable":true,"href":"https:\/\/travecademy.be\/fr\/wp-json\/wp\/v2\/users\/1"}],"replies":[{"embeddable":true,"href":"https:\/\/travecademy.be\/fr\/wp-json\/wp\/v2\/comments?post=48822"}],"version-history":[{"count":1,"href":"https:\/\/travecademy.be\/fr\/wp-json\/wp\/v2\/pages\/48822\/revisions"}],"predecessor-version":[{"id":48829,"href":"https:\/\/travecademy.be\/fr\/wp-json\/wp\/v2\/pages\/48822\/revisions\/48829"}],"up":[{"embeddable":true,"href":"https:\/\/travecademy.be\/fr\/wp-json\/wp\/v2\/pages\/48784"}],"wp:featuredmedia":[{"embeddable":true,"href":"https:\/\/travecademy.be\/fr\/wp-json\/wp\/v2\/media\/35861"}],"wp:attachment":[{"href":"https:\/\/travecademy.be\/fr\/wp-json\/wp\/v2\/media?parent=48822"}],"wp:term":[{"taxonomy":"post_tag","embeddable":true,"href":"https:\/\/travecademy.be\/fr\/wp-json\/wp\/v2\/tags?post=48822"},{"taxonomy":"ecademys","embeddable":true,"href":"https:\/\/travecademy.be\/fr\/wp-json\/wp\/v2\/ecademys?post=48822"}],"curies":[{"name":"wp","href":"https:\/\/api.w.org\/{rel}","templated":true}]}}