{"id":48834,"date":"2019-03-19T15:08:37","date_gmt":"2019-03-19T13:08:37","guid":{"rendered":"https:\/\/travecademy.be\/marches-de-producteurs-en-virginie-occidentale\/"},"modified":"2024-02-13T12:20:02","modified_gmt":"2024-02-13T10:20:02","slug":"marches-de-producteurs-en-virginie-occidentale","status":"publish","type":"page","link":"https:\/\/travecademy.be\/fr\/themes\/culinaire\/marches-de-producteurs-en-virginie-occidentale\/","title":{"rendered":"March\u00e9s de producteurs en Virginie occidentale"},"content":{"rendered":"<p><strong>La <a href=\"https:\/\/www.visittheusa.com.au\/state\/west-virginia\">Virginie occidentale<\/a> a le pourcentage le plus \u00e9lev\u00e9 d\u2019exploitations familiales aux \u00c9tats-Unis. Ils offrent ainsi une gamme de produits frais et diversifi\u00e9s que vous pouvez acheter, entre autres, sur les <a href=\"https:\/\/wvtourism.com\/things-to-do\/dine\/farm-fresh\/\">march\u00e9s de producteurs<\/a>!  <\/strong><\/p>\n<p>Prenez un panier et achetez du pain d\u00e9licieux cuit au four \u00e0 briques, des l\u00e9gumes frais, des \u0153ufs biologiques, des confitures maison et de la charcuterie. La \u201ccuisine de campagne\u201d prend une toute nouvelle saveur dans les Appalaches.\u00a0  Appr\u00e9ciez le principe du \u201cfarm-to-table\u201d \u00e0 la Bluegrass Kitchen de Charleston, d\u00e9gustez des burritos et des tacos au Black Sheep de Huntington et de Charleston et des menus d\u2019inspiration cr\u00e9ole et cajun au Gumbo\u2019s de Fayetville. Les personnes \u00e0 la recherche de douceurs sucr\u00e9es recommandent de manger une tarte aux pommes crumble \u00e0 la Sugar Pie Bakery de Charleston. Pour les boissons, les voyageurs peuvent se rendre au Mario\u2019s Fisherbowl \u00e0 Charleston. D\u00e8s l\u2019entr\u00e9e, les textes manuscrits accroch\u00e9s un peu partout dans le bar attirent l\u2019attention. Ils t\u00e9moignent des victoires remport\u00e9es par les \u00e9tudiants de la WVU lors de divers concours de boisson et de gastronomie.<\/p>\n<p><a href=\"http:\/\/www.visittheusa.com.au\/state\/west-virginia\"><img fetchpriority=\"high\" decoding=\"async\" class=\" size-full wp-image-3155\" alt=\"\" height=\"267\" src=\"http:\/\/travecademy.be\/wp-content\/uploads\/2019\/03\/virginia.jpg\" width=\"400\" srcset=\"https:\/\/travecademy.be\/wp-content\/uploads\/2019\/03\/virginia.jpg 879w, https:\/\/travecademy.be\/wp-content\/uploads\/2019\/03\/virginia-600x400.jpg 600w, https:\/\/travecademy.be\/wp-content\/uploads\/2019\/03\/virginia-300x200.jpg 300w, https:\/\/travecademy.be\/wp-content\/uploads\/2019\/03\/virginia-768x512.jpg 768w, https:\/\/travecademy.be\/wp-content\/uploads\/2019\/03\/virginia-624x416.jpg 624w, https:\/\/travecademy.be\/wp-content\/uploads\/2019\/03\/virginia-50x33.jpg 50w, https:\/\/travecademy.be\/wp-content\/uploads\/2019\/03\/virginia-100x67.jpg 100w\" sizes=\"(max-width: 400px) 100vw, 400px\" \/><\/a><\/p>\n","protected":false},"excerpt":{"rendered":"<p>La Virginie occidentale a le pourcentage le plus \u00e9lev\u00e9 d\u2019exploitations familiales aux \u00c9tats-Unis. Ils offrent ainsi une gamme de produits frais et diversifi\u00e9s que vous\u2026<\/p>\n","protected":false},"author":1,"featured_media":35830,"parent":48855,"menu_order":0,"comment_status":"closed","ping_status":"closed","template":"","meta":{"_acf_changed":false,"_price":"","_stock":"","_tribe_ticket_header":"","_tribe_default_ticket_provider":"","_tribe_ticket_capacity":"0","_ticket_start_date":"","_ticket_end_date":"","_tribe_ticket_show_description":"","_tribe_ticket_show_not_going":false,"_tribe_ticket_use_global_stock":"","_tribe_ticket_global_stock_level":"","_global_stock_mode":"","_global_stock_cap":"","_tribe_rsvp_for_event":"","_tribe_ticket_going_count":"","_tribe_ticket_not_going_count":"","_tribe_tickets_list":"[]","_tribe_ticket_has_attendee_info_fields":false,"footnotes":"","_tec_slr_enabled":"","_tec_slr_layout":""},"tags":[373],"ecademys":[500],"class_list":["post-48834","page","type-page","status-publish","has-post-thumbnail","hentry","tag-themes-culinaires","ecademys-travel-south-usa-fr"],"acf":[],"yoast_head":"<!-- This site is optimized with the Yoast SEO Premium plugin v27.4 (Yoast SEO v27.5) - https:\/\/yoast.com\/product\/yoast-seo-premium-wordpress\/ -->\n<title>March\u00e9s de producteurs en Virginie occidentale - TravEcademy<\/title>\n<meta name=\"robots\" content=\"index, follow, max-snippet:-1, max-image-preview:large, max-video-preview:-1\" \/>\n<link rel=\"canonical\" href=\"https:\/\/travecademy.be\/fr\/themes\/culinaire\/marches-de-producteurs-en-virginie-occidentale\/\" class=\"yoast-seo-meta-tag\" \/>\n<meta property=\"og:locale\" content=\"fr_FR\" class=\"yoast-seo-meta-tag\" \/>\n<meta property=\"og:type\" content=\"article\" class=\"yoast-seo-meta-tag\" \/>\n<meta property=\"og:title\" content=\"March\u00e9s de producteurs en Virginie occidentale\" class=\"yoast-seo-meta-tag\" \/>\n<meta property=\"og:description\" content=\"La Virginie occidentale a le pourcentage le plus \u00e9lev\u00e9 d\u2019exploitations familiales aux \u00c9tats-Unis. Ils offrent ainsi une gamme de produits frais et diversifi\u00e9s que vous\u2026\" class=\"yoast-seo-meta-tag\" \/>\n<meta property=\"og:url\" content=\"https:\/\/travecademy.be\/fr\/themes\/culinaire\/marches-de-producteurs-en-virginie-occidentale\/\" class=\"yoast-seo-meta-tag\" \/>\n<meta property=\"og:site_name\" content=\"TravEcademy\" class=\"yoast-seo-meta-tag\" \/>\n<meta property=\"article:modified_time\" content=\"2024-02-13T10:20:02+00:00\" class=\"yoast-seo-meta-tag\" \/>\n<meta property=\"og:image\" content=\"https:\/\/travecademy.be\/wp-content\/uploads\/2019\/03\/359255b385b01a5704ab5cdd91560941.jpeg\" class=\"yoast-seo-meta-tag\" \/>\n\t<meta property=\"og:image:width\" content=\"622\" class=\"yoast-seo-meta-tag\" \/>\n\t<meta property=\"og:image:height\" content=\"415\" class=\"yoast-seo-meta-tag\" \/>\n\t<meta property=\"og:image:type\" content=\"image\/jpeg\" class=\"yoast-seo-meta-tag\" \/>\n<meta name=\"twitter:card\" content=\"summary_large_image\" class=\"yoast-seo-meta-tag\" \/>\n<meta name=\"twitter:label1\" content=\"Dur\u00e9e de lecture estim\u00e9e\" class=\"yoast-seo-meta-tag\" \/>\n\t<meta name=\"twitter:data1\" content=\"1 minute\" class=\"yoast-seo-meta-tag\" \/>\n<script type=\"application\/ld+json\" class=\"yoast-schema-graph\">{\"@context\":\"https:\\\/\\\/schema.org\",\"@graph\":[{\"@type\":\"WebPage\",\"@id\":\"https:\\\/\\\/travecademy.be\\\/fr\\\/themes\\\/culinaire\\\/marches-de-producteurs-en-virginie-occidentale\\\/\",\"url\":\"https:\\\/\\\/travecademy.be\\\/fr\\\/themes\\\/culinaire\\\/marches-de-producteurs-en-virginie-occidentale\\\/\",\"name\":\"March\u00e9s de producteurs en Virginie occidentale - TravEcademy\",\"isPartOf\":{\"@id\":\"https:\\\/\\\/travecademy.be\\\/fr\\\/#website\"},\"primaryImageOfPage\":{\"@id\":\"https:\\\/\\\/travecademy.be\\\/fr\\\/themes\\\/culinaire\\\/marches-de-producteurs-en-virginie-occidentale\\\/#primaryimage\"},\"image\":{\"@id\":\"https:\\\/\\\/travecademy.be\\\/fr\\\/themes\\\/culinaire\\\/marches-de-producteurs-en-virginie-occidentale\\\/#primaryimage\"},\"thumbnailUrl\":\"https:\\\/\\\/travecademy.be\\\/wp-content\\\/uploads\\\/2019\\\/03\\\/359255b385b01a5704ab5cdd91560941.jpeg\",\"datePublished\":\"2019-03-19T13:08:37+00:00\",\"dateModified\":\"2024-02-13T10:20:02+00:00\",\"breadcrumb\":{\"@id\":\"https:\\\/\\\/travecademy.be\\\/fr\\\/themes\\\/culinaire\\\/marches-de-producteurs-en-virginie-occidentale\\\/#breadcrumb\"},\"inLanguage\":\"fr-FR\",\"potentialAction\":[{\"@type\":\"ReadAction\",\"target\":[\"https:\\\/\\\/travecademy.be\\\/fr\\\/themes\\\/culinaire\\\/marches-de-producteurs-en-virginie-occidentale\\\/\"]}]},{\"@type\":\"ImageObject\",\"inLanguage\":\"fr-FR\",\"@id\":\"https:\\\/\\\/travecademy.be\\\/fr\\\/themes\\\/culinaire\\\/marches-de-producteurs-en-virginie-occidentale\\\/#primaryimage\",\"url\":\"https:\\\/\\\/travecademy.be\\\/wp-content\\\/uploads\\\/2019\\\/03\\\/359255b385b01a5704ab5cdd91560941.jpeg\",\"contentUrl\":\"https:\\\/\\\/travecademy.be\\\/wp-content\\\/uploads\\\/2019\\\/03\\\/359255b385b01a5704ab5cdd91560941.jpeg\",\"width\":622,\"height\":415},{\"@type\":\"BreadcrumbList\",\"@id\":\"https:\\\/\\\/travecademy.be\\\/fr\\\/themes\\\/culinaire\\\/marches-de-producteurs-en-virginie-occidentale\\\/#breadcrumb\",\"itemListElement\":[{\"@type\":\"ListItem\",\"position\":1,\"name\":\"Home\",\"item\":\"https:\\\/\\\/travecademy.be\\\/fr\\\/\"},{\"@type\":\"ListItem\",\"position\":2,\"name\":\"Th\u00e8mes\",\"item\":\"https:\\\/\\\/travecademy.be\\\/fr\\\/themes\\\/\"},{\"@type\":\"ListItem\",\"position\":3,\"name\":\"Culinaire\",\"item\":\"https:\\\/\\\/travecademy.be\\\/fr\\\/themes\\\/culinaire\\\/\"},{\"@type\":\"ListItem\",\"position\":4,\"name\":\"March\u00e9s de producteurs en Virginie occidentale\"}]},{\"@type\":\"WebSite\",\"@id\":\"https:\\\/\\\/travecademy.be\\\/fr\\\/#website\",\"url\":\"https:\\\/\\\/travecademy.be\\\/fr\\\/\",\"name\":\"TravEcademy\",\"description\":\"Het meest succesvolle en gratis e-learning platform voor reisprofessionals\",\"publisher\":{\"@id\":\"https:\\\/\\\/travecademy.be\\\/fr\\\/#organization\"},\"potentialAction\":[{\"@type\":\"SearchAction\",\"target\":{\"@type\":\"EntryPoint\",\"urlTemplate\":\"https:\\\/\\\/travecademy.be\\\/fr\\\/?s={search_term_string}\"},\"query-input\":{\"@type\":\"PropertyValueSpecification\",\"valueRequired\":true,\"valueName\":\"search_term_string\"}}],\"inLanguage\":\"fr-FR\"},{\"@type\":\"Organization\",\"@id\":\"https:\\\/\\\/travecademy.be\\\/fr\\\/#organization\",\"name\":\"TravEcademy\",\"url\":\"https:\\\/\\\/travecademy.be\\\/fr\\\/\",\"logo\":{\"@type\":\"ImageObject\",\"inLanguage\":\"fr-FR\",\"@id\":\"https:\\\/\\\/travecademy.be\\\/fr\\\/#\\\/schema\\\/logo\\\/image\\\/\",\"url\":\"https:\\\/\\\/travecademy.be\\\/wp-content\\\/uploads\\\/2024\\\/04\\\/Travecademy.png\",\"contentUrl\":\"https:\\\/\\\/travecademy.be\\\/wp-content\\\/uploads\\\/2024\\\/04\\\/Travecademy.png\",\"width\":1263,\"height\":313,\"caption\":\"TravEcademy\"},\"image\":{\"@id\":\"https:\\\/\\\/travecademy.be\\\/fr\\\/#\\\/schema\\\/logo\\\/image\\\/\"}}]}<\/script>\n<!-- \/ Yoast SEO Premium plugin. -->","yoast_head_json":{"title":"March\u00e9s de producteurs en Virginie occidentale - TravEcademy","robots":{"index":"index","follow":"follow","max-snippet":"max-snippet:-1","max-image-preview":"max-image-preview:large","max-video-preview":"max-video-preview:-1"},"canonical":"https:\/\/travecademy.be\/fr\/themes\/culinaire\/marches-de-producteurs-en-virginie-occidentale\/","og_locale":"fr_FR","og_type":"article","og_title":"March\u00e9s de producteurs en Virginie occidentale","og_description":"La Virginie occidentale a le pourcentage le plus \u00e9lev\u00e9 d\u2019exploitations familiales aux \u00c9tats-Unis. Ils offrent ainsi une gamme de produits frais et diversifi\u00e9s que vous\u2026","og_url":"https:\/\/travecademy.be\/fr\/themes\/culinaire\/marches-de-producteurs-en-virginie-occidentale\/","og_site_name":"TravEcademy","article_modified_time":"2024-02-13T10:20:02+00:00","og_image":[{"width":622,"height":415,"url":"https:\/\/travecademy.be\/wp-content\/uploads\/2019\/03\/359255b385b01a5704ab5cdd91560941.jpeg","type":"image\/jpeg"}],"twitter_card":"summary_large_image","twitter_misc":{"Dur\u00e9e de lecture estim\u00e9e":"1 minute"},"schema":{"@context":"https:\/\/schema.org","@graph":[{"@type":"WebPage","@id":"https:\/\/travecademy.be\/fr\/themes\/culinaire\/marches-de-producteurs-en-virginie-occidentale\/","url":"https:\/\/travecademy.be\/fr\/themes\/culinaire\/marches-de-producteurs-en-virginie-occidentale\/","name":"March\u00e9s de producteurs en Virginie occidentale - TravEcademy","isPartOf":{"@id":"https:\/\/travecademy.be\/fr\/#website"},"primaryImageOfPage":{"@id":"https:\/\/travecademy.be\/fr\/themes\/culinaire\/marches-de-producteurs-en-virginie-occidentale\/#primaryimage"},"image":{"@id":"https:\/\/travecademy.be\/fr\/themes\/culinaire\/marches-de-producteurs-en-virginie-occidentale\/#primaryimage"},"thumbnailUrl":"https:\/\/travecademy.be\/wp-content\/uploads\/2019\/03\/359255b385b01a5704ab5cdd91560941.jpeg","datePublished":"2019-03-19T13:08:37+00:00","dateModified":"2024-02-13T10:20:02+00:00","breadcrumb":{"@id":"https:\/\/travecademy.be\/fr\/themes\/culinaire\/marches-de-producteurs-en-virginie-occidentale\/#breadcrumb"},"inLanguage":"fr-FR","potentialAction":[{"@type":"ReadAction","target":["https:\/\/travecademy.be\/fr\/themes\/culinaire\/marches-de-producteurs-en-virginie-occidentale\/"]}]},{"@type":"ImageObject","inLanguage":"fr-FR","@id":"https:\/\/travecademy.be\/fr\/themes\/culinaire\/marches-de-producteurs-en-virginie-occidentale\/#primaryimage","url":"https:\/\/travecademy.be\/wp-content\/uploads\/2019\/03\/359255b385b01a5704ab5cdd91560941.jpeg","contentUrl":"https:\/\/travecademy.be\/wp-content\/uploads\/2019\/03\/359255b385b01a5704ab5cdd91560941.jpeg","width":622,"height":415},{"@type":"BreadcrumbList","@id":"https:\/\/travecademy.be\/fr\/themes\/culinaire\/marches-de-producteurs-en-virginie-occidentale\/#breadcrumb","itemListElement":[{"@type":"ListItem","position":1,"name":"Home","item":"https:\/\/travecademy.be\/fr\/"},{"@type":"ListItem","position":2,"name":"Th\u00e8mes","item":"https:\/\/travecademy.be\/fr\/themes\/"},{"@type":"ListItem","position":3,"name":"Culinaire","item":"https:\/\/travecademy.be\/fr\/themes\/culinaire\/"},{"@type":"ListItem","position":4,"name":"March\u00e9s de producteurs en Virginie occidentale"}]},{"@type":"WebSite","@id":"https:\/\/travecademy.be\/fr\/#website","url":"https:\/\/travecademy.be\/fr\/","name":"TravEcademy","description":"Het meest succesvolle en gratis e-learning platform voor reisprofessionals","publisher":{"@id":"https:\/\/travecademy.be\/fr\/#organization"},"potentialAction":[{"@type":"SearchAction","target":{"@type":"EntryPoint","urlTemplate":"https:\/\/travecademy.be\/fr\/?s={search_term_string}"},"query-input":{"@type":"PropertyValueSpecification","valueRequired":true,"valueName":"search_term_string"}}],"inLanguage":"fr-FR"},{"@type":"Organization","@id":"https:\/\/travecademy.be\/fr\/#organization","name":"TravEcademy","url":"https:\/\/travecademy.be\/fr\/","logo":{"@type":"ImageObject","inLanguage":"fr-FR","@id":"https:\/\/travecademy.be\/fr\/#\/schema\/logo\/image\/","url":"https:\/\/travecademy.be\/wp-content\/uploads\/2024\/04\/Travecademy.png","contentUrl":"https:\/\/travecademy.be\/wp-content\/uploads\/2024\/04\/Travecademy.png","width":1263,"height":313,"caption":"TravEcademy"},"image":{"@id":"https:\/\/travecademy.be\/fr\/#\/schema\/logo\/image\/"}}]}},"publishpress_future_action":{"enabled":false,"date":"2026-05-06 15:12:03","action":"change-status","newStatus":"draft","terms":[],"taxonomy":"ecademys","extraData":[]},"publishpress_future_workflow_manual_trigger":{"enabledWorkflows":[]},"ticketed":false,"_links":{"self":[{"href":"https:\/\/travecademy.be\/fr\/wp-json\/wp\/v2\/pages\/48834","targetHints":{"allow":["GET"]}}],"collection":[{"href":"https:\/\/travecademy.be\/fr\/wp-json\/wp\/v2\/pages"}],"about":[{"href":"https:\/\/travecademy.be\/fr\/wp-json\/wp\/v2\/types\/page"}],"author":[{"embeddable":true,"href":"https:\/\/travecademy.be\/fr\/wp-json\/wp\/v2\/users\/1"}],"replies":[{"embeddable":true,"href":"https:\/\/travecademy.be\/fr\/wp-json\/wp\/v2\/comments?post=48834"}],"version-history":[{"count":1,"href":"https:\/\/travecademy.be\/fr\/wp-json\/wp\/v2\/pages\/48834\/revisions"}],"predecessor-version":[{"id":48838,"href":"https:\/\/travecademy.be\/fr\/wp-json\/wp\/v2\/pages\/48834\/revisions\/48838"}],"up":[{"embeddable":true,"href":"https:\/\/travecademy.be\/fr\/wp-json\/wp\/v2\/pages\/48855"}],"wp:featuredmedia":[{"embeddable":true,"href":"https:\/\/travecademy.be\/fr\/wp-json\/wp\/v2\/media\/35830"}],"wp:attachment":[{"href":"https:\/\/travecademy.be\/fr\/wp-json\/wp\/v2\/media?parent=48834"}],"wp:term":[{"taxonomy":"post_tag","embeddable":true,"href":"https:\/\/travecademy.be\/fr\/wp-json\/wp\/v2\/tags?post=48834"},{"taxonomy":"ecademys","embeddable":true,"href":"https:\/\/travecademy.be\/fr\/wp-json\/wp\/v2\/ecademys?post=48834"}],"curies":[{"name":"wp","href":"https:\/\/api.w.org\/{rel}","templated":true}]}}