{"id":48846,"date":"2019-03-19T14:55:12","date_gmt":"2019-03-19T12:55:12","guid":{"rendered":"https:\/\/travecademy.be\/le-bourbon-dans-le-kentucky\/"},"modified":"2024-02-13T12:20:02","modified_gmt":"2024-02-13T10:20:02","slug":"le-bourbon-dans-le-kentucky","status":"publish","type":"page","link":"https:\/\/travecademy.be\/fr\/themes\/culinaire\/le-bourbon-dans-le-kentucky\/","title":{"rendered":"Le bourbon dans le Kentucky"},"content":{"rendered":"<p><strong>95 % du bourbon produit dans le monde est fabriqu\u00e9 dans le <a href=\"https:\/\/www.visittheusa.com.au\/state\/kentucky\">Kentucky<\/a>.  <\/strong><\/p>\n<p>Les voyageurs peuvent go\u00fbter \u00e0 \u201cl\u2019esprit natif de l\u2019Am\u00e9rique\u201d en parcourant 9 distilleries, dont Maker\u2019s Mark, Four Roses, Wild Turkey et Woodfort Reserve. Au cours de cet itin\u00e9raire, vous apprendrez comment ils fabriquent le bourbon et, bien s\u00fbr, vous d\u00e9gusterez les diff\u00e9rents whiskies. La route du bourbon <strong><br \/>\n  <a href=\"https:\/\/kybourbontrail.com\/\">Kentucky Bourbon Trail<\/a><br \/>\n<\/strong> fait revenir les gens pour d\u00e9guster les diff\u00e9rents whiskies depuis des ann\u00e9es. L\u2019itin\u00e9raire passe \u00e9galement par la charmante ville de Bradstown, o\u00f9 trois distilleries de bourbon sont incluses dans l\u2019itin\u00e9raire. Cet endroit a \u00e9t\u00e9 nomm\u00e9 \u201cplus belle petite ville d\u2019Am\u00e9rique\u201d par Rand McNally et USA Today.<\/p>\n<p><em><br \/>\n  <u>Conseil :<\/u><br \/>\n<\/em> Les clients peuvent r\u00e9server une visite organis\u00e9e qui les conduira sur les diff\u00e9rents sites. Cette visite peut \u00eatre r\u00e9serv\u00e9e aupr\u00e8s de Mint Julep Experiences, Copper Still Tours ou tout autre <strong><br \/>\n  <a href=\"https:\/\/kybourbontrail.com\/transportation\/\">circuits<\/a><br \/>\n<\/strong>. Ainsi, personne n\u2019est oblig\u00e9 de faire le Bob !<\/p>\n<p><a href=\"http:\/\/www.visittheusa.com.au\/state\/kentucky\"><img fetchpriority=\"high\" decoding=\"async\" class=\" size-full wp-image-3139\" alt=\"\" height=\"301\" src=\"http:\/\/travecademy.be\/wp-content\/uploads\/2019\/03\/bourbon-2.jpg\" width=\"400\" srcset=\"https:\/\/travecademy.be\/wp-content\/uploads\/2019\/03\/bourbon-2.jpg 847w, https:\/\/travecademy.be\/wp-content\/uploads\/2019\/03\/bourbon-2-600x452.jpg 600w, https:\/\/travecademy.be\/wp-content\/uploads\/2019\/03\/bourbon-2-300x226.jpg 300w, https:\/\/travecademy.be\/wp-content\/uploads\/2019\/03\/bourbon-2-768x578.jpg 768w, https:\/\/travecademy.be\/wp-content\/uploads\/2019\/03\/bourbon-2-624x470.jpg 624w, https:\/\/travecademy.be\/wp-content\/uploads\/2019\/03\/bourbon-2-50x38.jpg 50w, https:\/\/travecademy.be\/wp-content\/uploads\/2019\/03\/bourbon-2-100x75.jpg 100w\" sizes=\"(max-width: 400px) 100vw, 400px\" \/><\/a><\/p>\n","protected":false},"excerpt":{"rendered":"<p>95 % du bourbon produit dans le monde est fabriqu\u00e9 dans le Kentucky. Les voyageurs peuvent go\u00fbter \u00e0 \u201cl\u2019esprit natif de l\u2019Am\u00e9rique\u201d en parcourant 9\u2026<\/p>\n","protected":false},"author":1,"featured_media":35820,"parent":48855,"menu_order":0,"comment_status":"closed","ping_status":"closed","template":"","meta":{"_acf_changed":false,"_price":"","_stock":"","_tribe_ticket_header":"","_tribe_default_ticket_provider":"","_tribe_ticket_capacity":"0","_ticket_start_date":"","_ticket_end_date":"","_tribe_ticket_show_description":"","_tribe_ticket_show_not_going":false,"_tribe_ticket_use_global_stock":"","_tribe_ticket_global_stock_level":"","_global_stock_mode":"","_global_stock_cap":"","_tribe_rsvp_for_event":"","_tribe_ticket_going_count":"","_tribe_ticket_not_going_count":"","_tribe_tickets_list":"[]","_tribe_ticket_has_attendee_info_fields":false,"footnotes":"","_tec_slr_enabled":"","_tec_slr_layout":""},"tags":[373],"ecademys":[500],"class_list":["post-48846","page","type-page","status-publish","has-post-thumbnail","hentry","tag-themes-culinaires","ecademys-travel-south-usa-fr"],"acf":[],"yoast_head":"<!-- This site is optimized with the Yoast SEO Premium plugin v27.4 (Yoast SEO v27.5) - https:\/\/yoast.com\/product\/yoast-seo-premium-wordpress\/ -->\n<title>Le bourbon dans le Kentucky - TravEcademy<\/title>\n<meta name=\"robots\" content=\"index, follow, max-snippet:-1, max-image-preview:large, max-video-preview:-1\" \/>\n<link rel=\"canonical\" href=\"https:\/\/travecademy.be\/fr\/themes\/culinaire\/le-bourbon-dans-le-kentucky\/\" class=\"yoast-seo-meta-tag\" \/>\n<meta property=\"og:locale\" content=\"fr_FR\" class=\"yoast-seo-meta-tag\" \/>\n<meta property=\"og:type\" content=\"article\" class=\"yoast-seo-meta-tag\" \/>\n<meta property=\"og:title\" content=\"Le bourbon dans le Kentucky\" class=\"yoast-seo-meta-tag\" \/>\n<meta property=\"og:description\" content=\"95 % du bourbon produit dans le monde est fabriqu\u00e9 dans le Kentucky. Les voyageurs peuvent go\u00fbter \u00e0 \u201cl\u2019esprit natif de l\u2019Am\u00e9rique\u201d en parcourant 9\u2026\" class=\"yoast-seo-meta-tag\" \/>\n<meta property=\"og:url\" content=\"https:\/\/travecademy.be\/fr\/themes\/culinaire\/le-bourbon-dans-le-kentucky\/\" class=\"yoast-seo-meta-tag\" \/>\n<meta property=\"og:site_name\" content=\"TravEcademy\" class=\"yoast-seo-meta-tag\" \/>\n<meta property=\"article:modified_time\" content=\"2024-02-13T10:20:02+00:00\" class=\"yoast-seo-meta-tag\" \/>\n<meta property=\"og:image\" content=\"https:\/\/travecademy.be\/wp-content\/uploads\/2019\/03\/bourbon-1.jpg\" class=\"yoast-seo-meta-tag\" \/>\n\t<meta property=\"og:image:width\" content=\"622\" class=\"yoast-seo-meta-tag\" \/>\n\t<meta property=\"og:image:height\" content=\"415\" class=\"yoast-seo-meta-tag\" \/>\n\t<meta property=\"og:image:type\" content=\"image\/jpeg\" class=\"yoast-seo-meta-tag\" \/>\n<meta name=\"twitter:card\" content=\"summary_large_image\" class=\"yoast-seo-meta-tag\" \/>\n<meta name=\"twitter:label1\" content=\"Dur\u00e9e de lecture estim\u00e9e\" class=\"yoast-seo-meta-tag\" \/>\n\t<meta name=\"twitter:data1\" content=\"1 minute\" class=\"yoast-seo-meta-tag\" \/>\n<script type=\"application\/ld+json\" class=\"yoast-schema-graph\">{\"@context\":\"https:\\\/\\\/schema.org\",\"@graph\":[{\"@type\":\"WebPage\",\"@id\":\"https:\\\/\\\/travecademy.be\\\/fr\\\/themes\\\/culinaire\\\/le-bourbon-dans-le-kentucky\\\/\",\"url\":\"https:\\\/\\\/travecademy.be\\\/fr\\\/themes\\\/culinaire\\\/le-bourbon-dans-le-kentucky\\\/\",\"name\":\"Le bourbon dans le Kentucky - TravEcademy\",\"isPartOf\":{\"@id\":\"https:\\\/\\\/travecademy.be\\\/fr\\\/#website\"},\"primaryImageOfPage\":{\"@id\":\"https:\\\/\\\/travecademy.be\\\/fr\\\/themes\\\/culinaire\\\/le-bourbon-dans-le-kentucky\\\/#primaryimage\"},\"image\":{\"@id\":\"https:\\\/\\\/travecademy.be\\\/fr\\\/themes\\\/culinaire\\\/le-bourbon-dans-le-kentucky\\\/#primaryimage\"},\"thumbnailUrl\":\"https:\\\/\\\/travecademy.be\\\/wp-content\\\/uploads\\\/2019\\\/03\\\/bourbon-1.jpg\",\"datePublished\":\"2019-03-19T12:55:12+00:00\",\"dateModified\":\"2024-02-13T10:20:02+00:00\",\"breadcrumb\":{\"@id\":\"https:\\\/\\\/travecademy.be\\\/fr\\\/themes\\\/culinaire\\\/le-bourbon-dans-le-kentucky\\\/#breadcrumb\"},\"inLanguage\":\"fr-FR\",\"potentialAction\":[{\"@type\":\"ReadAction\",\"target\":[\"https:\\\/\\\/travecademy.be\\\/fr\\\/themes\\\/culinaire\\\/le-bourbon-dans-le-kentucky\\\/\"]}]},{\"@type\":\"ImageObject\",\"inLanguage\":\"fr-FR\",\"@id\":\"https:\\\/\\\/travecademy.be\\\/fr\\\/themes\\\/culinaire\\\/le-bourbon-dans-le-kentucky\\\/#primaryimage\",\"url\":\"https:\\\/\\\/travecademy.be\\\/wp-content\\\/uploads\\\/2019\\\/03\\\/bourbon-1.jpg\",\"contentUrl\":\"https:\\\/\\\/travecademy.be\\\/wp-content\\\/uploads\\\/2019\\\/03\\\/bourbon-1.jpg\",\"width\":622,\"height\":415},{\"@type\":\"BreadcrumbList\",\"@id\":\"https:\\\/\\\/travecademy.be\\\/fr\\\/themes\\\/culinaire\\\/le-bourbon-dans-le-kentucky\\\/#breadcrumb\",\"itemListElement\":[{\"@type\":\"ListItem\",\"position\":1,\"name\":\"Home\",\"item\":\"https:\\\/\\\/travecademy.be\\\/fr\\\/\"},{\"@type\":\"ListItem\",\"position\":2,\"name\":\"Th\u00e8mes\",\"item\":\"https:\\\/\\\/travecademy.be\\\/fr\\\/themes\\\/\"},{\"@type\":\"ListItem\",\"position\":3,\"name\":\"Culinaire\",\"item\":\"https:\\\/\\\/travecademy.be\\\/fr\\\/themes\\\/culinaire\\\/\"},{\"@type\":\"ListItem\",\"position\":4,\"name\":\"Le bourbon dans le Kentucky\"}]},{\"@type\":\"WebSite\",\"@id\":\"https:\\\/\\\/travecademy.be\\\/fr\\\/#website\",\"url\":\"https:\\\/\\\/travecademy.be\\\/fr\\\/\",\"name\":\"TravEcademy\",\"description\":\"Het meest succesvolle en gratis e-learning platform voor reisprofessionals\",\"publisher\":{\"@id\":\"https:\\\/\\\/travecademy.be\\\/fr\\\/#organization\"},\"potentialAction\":[{\"@type\":\"SearchAction\",\"target\":{\"@type\":\"EntryPoint\",\"urlTemplate\":\"https:\\\/\\\/travecademy.be\\\/fr\\\/?s={search_term_string}\"},\"query-input\":{\"@type\":\"PropertyValueSpecification\",\"valueRequired\":true,\"valueName\":\"search_term_string\"}}],\"inLanguage\":\"fr-FR\"},{\"@type\":\"Organization\",\"@id\":\"https:\\\/\\\/travecademy.be\\\/fr\\\/#organization\",\"name\":\"TravEcademy\",\"url\":\"https:\\\/\\\/travecademy.be\\\/fr\\\/\",\"logo\":{\"@type\":\"ImageObject\",\"inLanguage\":\"fr-FR\",\"@id\":\"https:\\\/\\\/travecademy.be\\\/fr\\\/#\\\/schema\\\/logo\\\/image\\\/\",\"url\":\"https:\\\/\\\/travecademy.be\\\/wp-content\\\/uploads\\\/2024\\\/04\\\/Travecademy.png\",\"contentUrl\":\"https:\\\/\\\/travecademy.be\\\/wp-content\\\/uploads\\\/2024\\\/04\\\/Travecademy.png\",\"width\":1263,\"height\":313,\"caption\":\"TravEcademy\"},\"image\":{\"@id\":\"https:\\\/\\\/travecademy.be\\\/fr\\\/#\\\/schema\\\/logo\\\/image\\\/\"}}]}<\/script>\n<!-- \/ Yoast SEO Premium plugin. -->","yoast_head_json":{"title":"Le bourbon dans le Kentucky - TravEcademy","robots":{"index":"index","follow":"follow","max-snippet":"max-snippet:-1","max-image-preview":"max-image-preview:large","max-video-preview":"max-video-preview:-1"},"canonical":"https:\/\/travecademy.be\/fr\/themes\/culinaire\/le-bourbon-dans-le-kentucky\/","og_locale":"fr_FR","og_type":"article","og_title":"Le bourbon dans le Kentucky","og_description":"95 % du bourbon produit dans le monde est fabriqu\u00e9 dans le Kentucky. Les voyageurs peuvent go\u00fbter \u00e0 \u201cl\u2019esprit natif de l\u2019Am\u00e9rique\u201d en parcourant 9\u2026","og_url":"https:\/\/travecademy.be\/fr\/themes\/culinaire\/le-bourbon-dans-le-kentucky\/","og_site_name":"TravEcademy","article_modified_time":"2024-02-13T10:20:02+00:00","og_image":[{"width":622,"height":415,"url":"https:\/\/travecademy.be\/wp-content\/uploads\/2019\/03\/bourbon-1.jpg","type":"image\/jpeg"}],"twitter_card":"summary_large_image","twitter_misc":{"Dur\u00e9e de lecture estim\u00e9e":"1 minute"},"schema":{"@context":"https:\/\/schema.org","@graph":[{"@type":"WebPage","@id":"https:\/\/travecademy.be\/fr\/themes\/culinaire\/le-bourbon-dans-le-kentucky\/","url":"https:\/\/travecademy.be\/fr\/themes\/culinaire\/le-bourbon-dans-le-kentucky\/","name":"Le bourbon dans le Kentucky - TravEcademy","isPartOf":{"@id":"https:\/\/travecademy.be\/fr\/#website"},"primaryImageOfPage":{"@id":"https:\/\/travecademy.be\/fr\/themes\/culinaire\/le-bourbon-dans-le-kentucky\/#primaryimage"},"image":{"@id":"https:\/\/travecademy.be\/fr\/themes\/culinaire\/le-bourbon-dans-le-kentucky\/#primaryimage"},"thumbnailUrl":"https:\/\/travecademy.be\/wp-content\/uploads\/2019\/03\/bourbon-1.jpg","datePublished":"2019-03-19T12:55:12+00:00","dateModified":"2024-02-13T10:20:02+00:00","breadcrumb":{"@id":"https:\/\/travecademy.be\/fr\/themes\/culinaire\/le-bourbon-dans-le-kentucky\/#breadcrumb"},"inLanguage":"fr-FR","potentialAction":[{"@type":"ReadAction","target":["https:\/\/travecademy.be\/fr\/themes\/culinaire\/le-bourbon-dans-le-kentucky\/"]}]},{"@type":"ImageObject","inLanguage":"fr-FR","@id":"https:\/\/travecademy.be\/fr\/themes\/culinaire\/le-bourbon-dans-le-kentucky\/#primaryimage","url":"https:\/\/travecademy.be\/wp-content\/uploads\/2019\/03\/bourbon-1.jpg","contentUrl":"https:\/\/travecademy.be\/wp-content\/uploads\/2019\/03\/bourbon-1.jpg","width":622,"height":415},{"@type":"BreadcrumbList","@id":"https:\/\/travecademy.be\/fr\/themes\/culinaire\/le-bourbon-dans-le-kentucky\/#breadcrumb","itemListElement":[{"@type":"ListItem","position":1,"name":"Home","item":"https:\/\/travecademy.be\/fr\/"},{"@type":"ListItem","position":2,"name":"Th\u00e8mes","item":"https:\/\/travecademy.be\/fr\/themes\/"},{"@type":"ListItem","position":3,"name":"Culinaire","item":"https:\/\/travecademy.be\/fr\/themes\/culinaire\/"},{"@type":"ListItem","position":4,"name":"Le bourbon dans le Kentucky"}]},{"@type":"WebSite","@id":"https:\/\/travecademy.be\/fr\/#website","url":"https:\/\/travecademy.be\/fr\/","name":"TravEcademy","description":"Het meest succesvolle en gratis e-learning platform voor reisprofessionals","publisher":{"@id":"https:\/\/travecademy.be\/fr\/#organization"},"potentialAction":[{"@type":"SearchAction","target":{"@type":"EntryPoint","urlTemplate":"https:\/\/travecademy.be\/fr\/?s={search_term_string}"},"query-input":{"@type":"PropertyValueSpecification","valueRequired":true,"valueName":"search_term_string"}}],"inLanguage":"fr-FR"},{"@type":"Organization","@id":"https:\/\/travecademy.be\/fr\/#organization","name":"TravEcademy","url":"https:\/\/travecademy.be\/fr\/","logo":{"@type":"ImageObject","inLanguage":"fr-FR","@id":"https:\/\/travecademy.be\/fr\/#\/schema\/logo\/image\/","url":"https:\/\/travecademy.be\/wp-content\/uploads\/2024\/04\/Travecademy.png","contentUrl":"https:\/\/travecademy.be\/wp-content\/uploads\/2024\/04\/Travecademy.png","width":1263,"height":313,"caption":"TravEcademy"},"image":{"@id":"https:\/\/travecademy.be\/fr\/#\/schema\/logo\/image\/"}}]}},"publishpress_future_action":{"enabled":false,"date":"2026-05-06 16:22:46","action":"change-status","newStatus":"draft","terms":[],"taxonomy":"ecademys","extraData":[]},"publishpress_future_workflow_manual_trigger":{"enabledWorkflows":[]},"ticketed":false,"_links":{"self":[{"href":"https:\/\/travecademy.be\/fr\/wp-json\/wp\/v2\/pages\/48846","targetHints":{"allow":["GET"]}}],"collection":[{"href":"https:\/\/travecademy.be\/fr\/wp-json\/wp\/v2\/pages"}],"about":[{"href":"https:\/\/travecademy.be\/fr\/wp-json\/wp\/v2\/types\/page"}],"author":[{"embeddable":true,"href":"https:\/\/travecademy.be\/fr\/wp-json\/wp\/v2\/users\/1"}],"replies":[{"embeddable":true,"href":"https:\/\/travecademy.be\/fr\/wp-json\/wp\/v2\/comments?post=48846"}],"version-history":[{"count":1,"href":"https:\/\/travecademy.be\/fr\/wp-json\/wp\/v2\/pages\/48846\/revisions"}],"predecessor-version":[{"id":48850,"href":"https:\/\/travecademy.be\/fr\/wp-json\/wp\/v2\/pages\/48846\/revisions\/48850"}],"up":[{"embeddable":true,"href":"https:\/\/travecademy.be\/fr\/wp-json\/wp\/v2\/pages\/48855"}],"wp:featuredmedia":[{"embeddable":true,"href":"https:\/\/travecademy.be\/fr\/wp-json\/wp\/v2\/media\/35820"}],"wp:attachment":[{"href":"https:\/\/travecademy.be\/fr\/wp-json\/wp\/v2\/media?parent=48846"}],"wp:term":[{"taxonomy":"post_tag","embeddable":true,"href":"https:\/\/travecademy.be\/fr\/wp-json\/wp\/v2\/tags?post=48846"},{"taxonomy":"ecademys","embeddable":true,"href":"https:\/\/travecademy.be\/fr\/wp-json\/wp\/v2\/ecademys?post=48846"}],"curies":[{"name":"wp","href":"https:\/\/api.w.org\/{rel}","templated":true}]}}