{"id":48853,"date":"2019-03-19T14:56:03","date_gmt":"2019-03-19T12:56:03","guid":{"rendered":"https:\/\/travecademy.be\/cuisine-creole-et-cajun-en-louisiane\/"},"modified":"2024-02-13T12:20:02","modified_gmt":"2024-02-13T10:20:02","slug":"cuisine-creole-et-cajun-en-louisiane","status":"publish","type":"page","link":"https:\/\/travecademy.be\/fr\/themes\/culinaire\/cuisine-creole-et-cajun-en-louisiane\/","title":{"rendered":"Cuisine cr\u00e9ole et cajun en Louisiane"},"content":{"rendered":"<p><strong>Vos clients recherchent-ils des plats culinaires diff\u00e9rents ? Les habitants de l\u2019\u00c9tat am\u00e9ricain de <a href=\"https:\/\/travelsouth.visittheusa.com\/state\/louisiana\">Louisiane<\/a>\u00a0comparent la pr\u00e9paration des aliments \u00e0 un art.  <\/strong><\/p>\n<p>Deux cuisines c\u00e9l\u00e8bres en Louisiane sont la savoureuse cuisine cr\u00e9ole et la cuisine canjun. Il s\u2019agit d\u2019un m\u00e9lange de cuisine africaine et europ\u00e9enne avec des influences des Antilles. Les plats sont r\u00e9put\u00e9s pour leur saveur sophistiqu\u00e9e, gr\u00e2ce \u00e0 la fra\u00eecheur des ingr\u00e9dients utilis\u00e9s. La diff\u00e9rence entre la cuisine cr\u00e9ole et la cuisine cajun est que la cuisine cr\u00e9ole utilise des tomates, ce qui n\u2019est pas le cas de la cuisine cajun ! Vos clients peuvent go\u00fbter \u00e0 ces cuisines sophistiqu\u00e9es au restaurant prim\u00e9 Cochon \u00e0 la Nouvelle-Orl\u00e9ans. Ils peuvent aussi d\u00e9guster le d\u00e9licieux poulet frit cajun de Coop\u2019s Place !<\/p>\n<p><em><br \/>\n  <u>Conseil :<\/u><br \/>\n<\/em> Il faut absolument visiter l\u2019\u00eele d\u2019Avery, o\u00f9 l\u2019on peut visiter l\u2019usine de TABASCO, la c\u00e9l\u00e8bre sauce \u00e9pic\u00e9e TABASCO. L\u2019\u00eele d\u2019Avery se trouve \u00e0 environ trois quarts d\u2019heure de route de Lafayette.<\/p>\n<p><a href=\"http:\/\/travelsouth.visittheusa.com\/state\/louisiana\"><img fetchpriority=\"high\" decoding=\"async\" class=\" size-full wp-image-3143\" alt=\"\" height=\"266\" src=\"http:\/\/travecademy.be\/wp-content\/uploads\/2019\/03\/creools2.jpg\" width=\"400\" srcset=\"https:\/\/travecademy.be\/wp-content\/uploads\/2019\/03\/creools2.jpg 901w, https:\/\/travecademy.be\/wp-content\/uploads\/2019\/03\/creools2-600x399.jpg 600w, https:\/\/travecademy.be\/wp-content\/uploads\/2019\/03\/creools2-300x199.jpg 300w, https:\/\/travecademy.be\/wp-content\/uploads\/2019\/03\/creools2-768x511.jpg 768w, https:\/\/travecademy.be\/wp-content\/uploads\/2019\/03\/creools2-624x415.jpg 624w, https:\/\/travecademy.be\/wp-content\/uploads\/2019\/03\/creools2-50x33.jpg 50w, https:\/\/travecademy.be\/wp-content\/uploads\/2019\/03\/creools2-100x66.jpg 100w\" sizes=\"(max-width: 400px) 100vw, 400px\" \/><\/a><\/p>\n","protected":false},"excerpt":{"rendered":"<p>Vos clients recherchent-ils des plats culinaires diff\u00e9rents ? Les habitants de l\u2019\u00c9tat am\u00e9ricain de Louisiane\u00a0comparent la pr\u00e9paration des aliments \u00e0 un art. Deux cuisines c\u00e9l\u00e8bres\u2026<\/p>\n","protected":false},"author":1,"featured_media":35822,"parent":48855,"menu_order":0,"comment_status":"closed","ping_status":"closed","template":"","meta":{"_acf_changed":false,"_price":"","_stock":"","_tribe_ticket_header":"","_tribe_default_ticket_provider":"","_tribe_ticket_capacity":"0","_ticket_start_date":"","_ticket_end_date":"","_tribe_ticket_show_description":"","_tribe_ticket_show_not_going":false,"_tribe_ticket_use_global_stock":"","_tribe_ticket_global_stock_level":"","_global_stock_mode":"","_global_stock_cap":"","_tribe_rsvp_for_event":"","_tribe_ticket_going_count":"","_tribe_ticket_not_going_count":"","_tribe_tickets_list":"[]","_tribe_ticket_has_attendee_info_fields":false,"footnotes":"","_tec_slr_enabled":"","_tec_slr_layout":""},"tags":[373],"ecademys":[500],"class_list":["post-48853","page","type-page","status-publish","has-post-thumbnail","hentry","tag-themes-culinaires","ecademys-travel-south-usa-fr"],"acf":[],"yoast_head":"<!-- This site is optimized with the Yoast SEO Premium plugin v27.4 (Yoast SEO v27.5) - https:\/\/yoast.com\/product\/yoast-seo-premium-wordpress\/ -->\n<title>Cuisine cr\u00e9ole et cajun en Louisiane - TravEcademy<\/title>\n<meta name=\"robots\" content=\"index, follow, max-snippet:-1, max-image-preview:large, max-video-preview:-1\" \/>\n<link rel=\"canonical\" href=\"https:\/\/travecademy.be\/fr\/themes\/culinaire\/cuisine-creole-et-cajun-en-louisiane\/\" class=\"yoast-seo-meta-tag\" \/>\n<meta property=\"og:locale\" content=\"fr_FR\" class=\"yoast-seo-meta-tag\" \/>\n<meta property=\"og:type\" content=\"article\" class=\"yoast-seo-meta-tag\" \/>\n<meta property=\"og:title\" content=\"Cuisine cr\u00e9ole et cajun en Louisiane\" class=\"yoast-seo-meta-tag\" \/>\n<meta property=\"og:description\" content=\"Vos clients recherchent-ils des plats culinaires diff\u00e9rents ? Les habitants de l\u2019\u00c9tat am\u00e9ricain de Louisiane\u00a0comparent la pr\u00e9paration des aliments \u00e0 un art. Deux cuisines c\u00e9l\u00e8bres\u2026\" class=\"yoast-seo-meta-tag\" \/>\n<meta property=\"og:url\" content=\"https:\/\/travecademy.be\/fr\/themes\/culinaire\/cuisine-creole-et-cajun-en-louisiane\/\" class=\"yoast-seo-meta-tag\" \/>\n<meta property=\"og:site_name\" content=\"TravEcademy\" class=\"yoast-seo-meta-tag\" \/>\n<meta property=\"article:modified_time\" content=\"2024-02-13T10:20:02+00:00\" class=\"yoast-seo-meta-tag\" \/>\n<meta property=\"og:image\" content=\"https:\/\/travecademy.be\/wp-content\/uploads\/2019\/03\/creools1.jpg\" class=\"yoast-seo-meta-tag\" \/>\n\t<meta property=\"og:image:width\" content=\"622\" class=\"yoast-seo-meta-tag\" \/>\n\t<meta property=\"og:image:height\" content=\"415\" class=\"yoast-seo-meta-tag\" \/>\n\t<meta property=\"og:image:type\" content=\"image\/jpeg\" class=\"yoast-seo-meta-tag\" \/>\n<meta name=\"twitter:card\" content=\"summary_large_image\" class=\"yoast-seo-meta-tag\" \/>\n<meta name=\"twitter:label1\" content=\"Dur\u00e9e de lecture estim\u00e9e\" class=\"yoast-seo-meta-tag\" \/>\n\t<meta name=\"twitter:data1\" content=\"1 minute\" class=\"yoast-seo-meta-tag\" \/>\n<script type=\"application\/ld+json\" class=\"yoast-schema-graph\">{\"@context\":\"https:\\\/\\\/schema.org\",\"@graph\":[{\"@type\":\"WebPage\",\"@id\":\"https:\\\/\\\/travecademy.be\\\/fr\\\/themes\\\/culinaire\\\/cuisine-creole-et-cajun-en-louisiane\\\/\",\"url\":\"https:\\\/\\\/travecademy.be\\\/fr\\\/themes\\\/culinaire\\\/cuisine-creole-et-cajun-en-louisiane\\\/\",\"name\":\"Cuisine cr\u00e9ole et cajun en Louisiane - TravEcademy\",\"isPartOf\":{\"@id\":\"https:\\\/\\\/travecademy.be\\\/fr\\\/#website\"},\"primaryImageOfPage\":{\"@id\":\"https:\\\/\\\/travecademy.be\\\/fr\\\/themes\\\/culinaire\\\/cuisine-creole-et-cajun-en-louisiane\\\/#primaryimage\"},\"image\":{\"@id\":\"https:\\\/\\\/travecademy.be\\\/fr\\\/themes\\\/culinaire\\\/cuisine-creole-et-cajun-en-louisiane\\\/#primaryimage\"},\"thumbnailUrl\":\"https:\\\/\\\/travecademy.be\\\/wp-content\\\/uploads\\\/2019\\\/03\\\/creools1.jpg\",\"datePublished\":\"2019-03-19T12:56:03+00:00\",\"dateModified\":\"2024-02-13T10:20:02+00:00\",\"breadcrumb\":{\"@id\":\"https:\\\/\\\/travecademy.be\\\/fr\\\/themes\\\/culinaire\\\/cuisine-creole-et-cajun-en-louisiane\\\/#breadcrumb\"},\"inLanguage\":\"fr-FR\",\"potentialAction\":[{\"@type\":\"ReadAction\",\"target\":[\"https:\\\/\\\/travecademy.be\\\/fr\\\/themes\\\/culinaire\\\/cuisine-creole-et-cajun-en-louisiane\\\/\"]}]},{\"@type\":\"ImageObject\",\"inLanguage\":\"fr-FR\",\"@id\":\"https:\\\/\\\/travecademy.be\\\/fr\\\/themes\\\/culinaire\\\/cuisine-creole-et-cajun-en-louisiane\\\/#primaryimage\",\"url\":\"https:\\\/\\\/travecademy.be\\\/wp-content\\\/uploads\\\/2019\\\/03\\\/creools1.jpg\",\"contentUrl\":\"https:\\\/\\\/travecademy.be\\\/wp-content\\\/uploads\\\/2019\\\/03\\\/creools1.jpg\",\"width\":622,\"height\":415},{\"@type\":\"BreadcrumbList\",\"@id\":\"https:\\\/\\\/travecademy.be\\\/fr\\\/themes\\\/culinaire\\\/cuisine-creole-et-cajun-en-louisiane\\\/#breadcrumb\",\"itemListElement\":[{\"@type\":\"ListItem\",\"position\":1,\"name\":\"Home\",\"item\":\"https:\\\/\\\/travecademy.be\\\/fr\\\/\"},{\"@type\":\"ListItem\",\"position\":2,\"name\":\"Th\u00e8mes\",\"item\":\"https:\\\/\\\/travecademy.be\\\/fr\\\/themes\\\/\"},{\"@type\":\"ListItem\",\"position\":3,\"name\":\"Culinaire\",\"item\":\"https:\\\/\\\/travecademy.be\\\/fr\\\/themes\\\/culinaire\\\/\"},{\"@type\":\"ListItem\",\"position\":4,\"name\":\"Cuisine cr\u00e9ole et cajun en Louisiane\"}]},{\"@type\":\"WebSite\",\"@id\":\"https:\\\/\\\/travecademy.be\\\/fr\\\/#website\",\"url\":\"https:\\\/\\\/travecademy.be\\\/fr\\\/\",\"name\":\"TravEcademy\",\"description\":\"Het meest succesvolle en gratis e-learning platform voor reisprofessionals\",\"publisher\":{\"@id\":\"https:\\\/\\\/travecademy.be\\\/fr\\\/#organization\"},\"potentialAction\":[{\"@type\":\"SearchAction\",\"target\":{\"@type\":\"EntryPoint\",\"urlTemplate\":\"https:\\\/\\\/travecademy.be\\\/fr\\\/?s={search_term_string}\"},\"query-input\":{\"@type\":\"PropertyValueSpecification\",\"valueRequired\":true,\"valueName\":\"search_term_string\"}}],\"inLanguage\":\"fr-FR\"},{\"@type\":\"Organization\",\"@id\":\"https:\\\/\\\/travecademy.be\\\/fr\\\/#organization\",\"name\":\"TravEcademy\",\"url\":\"https:\\\/\\\/travecademy.be\\\/fr\\\/\",\"logo\":{\"@type\":\"ImageObject\",\"inLanguage\":\"fr-FR\",\"@id\":\"https:\\\/\\\/travecademy.be\\\/fr\\\/#\\\/schema\\\/logo\\\/image\\\/\",\"url\":\"https:\\\/\\\/travecademy.be\\\/wp-content\\\/uploads\\\/2024\\\/04\\\/Travecademy.png\",\"contentUrl\":\"https:\\\/\\\/travecademy.be\\\/wp-content\\\/uploads\\\/2024\\\/04\\\/Travecademy.png\",\"width\":1263,\"height\":313,\"caption\":\"TravEcademy\"},\"image\":{\"@id\":\"https:\\\/\\\/travecademy.be\\\/fr\\\/#\\\/schema\\\/logo\\\/image\\\/\"}}]}<\/script>\n<!-- \/ Yoast SEO Premium plugin. -->","yoast_head_json":{"title":"Cuisine cr\u00e9ole et cajun en Louisiane - TravEcademy","robots":{"index":"index","follow":"follow","max-snippet":"max-snippet:-1","max-image-preview":"max-image-preview:large","max-video-preview":"max-video-preview:-1"},"canonical":"https:\/\/travecademy.be\/fr\/themes\/culinaire\/cuisine-creole-et-cajun-en-louisiane\/","og_locale":"fr_FR","og_type":"article","og_title":"Cuisine cr\u00e9ole et cajun en Louisiane","og_description":"Vos clients recherchent-ils des plats culinaires diff\u00e9rents ? Les habitants de l\u2019\u00c9tat am\u00e9ricain de Louisiane\u00a0comparent la pr\u00e9paration des aliments \u00e0 un art. Deux cuisines c\u00e9l\u00e8bres\u2026","og_url":"https:\/\/travecademy.be\/fr\/themes\/culinaire\/cuisine-creole-et-cajun-en-louisiane\/","og_site_name":"TravEcademy","article_modified_time":"2024-02-13T10:20:02+00:00","og_image":[{"width":622,"height":415,"url":"https:\/\/travecademy.be\/wp-content\/uploads\/2019\/03\/creools1.jpg","type":"image\/jpeg"}],"twitter_card":"summary_large_image","twitter_misc":{"Dur\u00e9e de lecture estim\u00e9e":"1 minute"},"schema":{"@context":"https:\/\/schema.org","@graph":[{"@type":"WebPage","@id":"https:\/\/travecademy.be\/fr\/themes\/culinaire\/cuisine-creole-et-cajun-en-louisiane\/","url":"https:\/\/travecademy.be\/fr\/themes\/culinaire\/cuisine-creole-et-cajun-en-louisiane\/","name":"Cuisine cr\u00e9ole et cajun en Louisiane - TravEcademy","isPartOf":{"@id":"https:\/\/travecademy.be\/fr\/#website"},"primaryImageOfPage":{"@id":"https:\/\/travecademy.be\/fr\/themes\/culinaire\/cuisine-creole-et-cajun-en-louisiane\/#primaryimage"},"image":{"@id":"https:\/\/travecademy.be\/fr\/themes\/culinaire\/cuisine-creole-et-cajun-en-louisiane\/#primaryimage"},"thumbnailUrl":"https:\/\/travecademy.be\/wp-content\/uploads\/2019\/03\/creools1.jpg","datePublished":"2019-03-19T12:56:03+00:00","dateModified":"2024-02-13T10:20:02+00:00","breadcrumb":{"@id":"https:\/\/travecademy.be\/fr\/themes\/culinaire\/cuisine-creole-et-cajun-en-louisiane\/#breadcrumb"},"inLanguage":"fr-FR","potentialAction":[{"@type":"ReadAction","target":["https:\/\/travecademy.be\/fr\/themes\/culinaire\/cuisine-creole-et-cajun-en-louisiane\/"]}]},{"@type":"ImageObject","inLanguage":"fr-FR","@id":"https:\/\/travecademy.be\/fr\/themes\/culinaire\/cuisine-creole-et-cajun-en-louisiane\/#primaryimage","url":"https:\/\/travecademy.be\/wp-content\/uploads\/2019\/03\/creools1.jpg","contentUrl":"https:\/\/travecademy.be\/wp-content\/uploads\/2019\/03\/creools1.jpg","width":622,"height":415},{"@type":"BreadcrumbList","@id":"https:\/\/travecademy.be\/fr\/themes\/culinaire\/cuisine-creole-et-cajun-en-louisiane\/#breadcrumb","itemListElement":[{"@type":"ListItem","position":1,"name":"Home","item":"https:\/\/travecademy.be\/fr\/"},{"@type":"ListItem","position":2,"name":"Th\u00e8mes","item":"https:\/\/travecademy.be\/fr\/themes\/"},{"@type":"ListItem","position":3,"name":"Culinaire","item":"https:\/\/travecademy.be\/fr\/themes\/culinaire\/"},{"@type":"ListItem","position":4,"name":"Cuisine cr\u00e9ole et cajun en Louisiane"}]},{"@type":"WebSite","@id":"https:\/\/travecademy.be\/fr\/#website","url":"https:\/\/travecademy.be\/fr\/","name":"TravEcademy","description":"Het meest succesvolle en gratis e-learning platform voor reisprofessionals","publisher":{"@id":"https:\/\/travecademy.be\/fr\/#organization"},"potentialAction":[{"@type":"SearchAction","target":{"@type":"EntryPoint","urlTemplate":"https:\/\/travecademy.be\/fr\/?s={search_term_string}"},"query-input":{"@type":"PropertyValueSpecification","valueRequired":true,"valueName":"search_term_string"}}],"inLanguage":"fr-FR"},{"@type":"Organization","@id":"https:\/\/travecademy.be\/fr\/#organization","name":"TravEcademy","url":"https:\/\/travecademy.be\/fr\/","logo":{"@type":"ImageObject","inLanguage":"fr-FR","@id":"https:\/\/travecademy.be\/fr\/#\/schema\/logo\/image\/","url":"https:\/\/travecademy.be\/wp-content\/uploads\/2024\/04\/Travecademy.png","contentUrl":"https:\/\/travecademy.be\/wp-content\/uploads\/2024\/04\/Travecademy.png","width":1263,"height":313,"caption":"TravEcademy"},"image":{"@id":"https:\/\/travecademy.be\/fr\/#\/schema\/logo\/image\/"}}]}},"publishpress_future_action":{"enabled":false,"date":"2026-05-06 15:12:06","action":"change-status","newStatus":"draft","terms":[],"taxonomy":"ecademys","extraData":[]},"publishpress_future_workflow_manual_trigger":{"enabledWorkflows":[]},"ticketed":false,"_links":{"self":[{"href":"https:\/\/travecademy.be\/fr\/wp-json\/wp\/v2\/pages\/48853","targetHints":{"allow":["GET"]}}],"collection":[{"href":"https:\/\/travecademy.be\/fr\/wp-json\/wp\/v2\/pages"}],"about":[{"href":"https:\/\/travecademy.be\/fr\/wp-json\/wp\/v2\/types\/page"}],"author":[{"embeddable":true,"href":"https:\/\/travecademy.be\/fr\/wp-json\/wp\/v2\/users\/1"}],"replies":[{"embeddable":true,"href":"https:\/\/travecademy.be\/fr\/wp-json\/wp\/v2\/comments?post=48853"}],"version-history":[{"count":1,"href":"https:\/\/travecademy.be\/fr\/wp-json\/wp\/v2\/pages\/48853\/revisions"}],"predecessor-version":[{"id":48857,"href":"https:\/\/travecademy.be\/fr\/wp-json\/wp\/v2\/pages\/48853\/revisions\/48857"}],"up":[{"embeddable":true,"href":"https:\/\/travecademy.be\/fr\/wp-json\/wp\/v2\/pages\/48855"}],"wp:featuredmedia":[{"embeddable":true,"href":"https:\/\/travecademy.be\/fr\/wp-json\/wp\/v2\/media\/35822"}],"wp:attachment":[{"href":"https:\/\/travecademy.be\/fr\/wp-json\/wp\/v2\/media?parent=48853"}],"wp:term":[{"taxonomy":"post_tag","embeddable":true,"href":"https:\/\/travecademy.be\/fr\/wp-json\/wp\/v2\/tags?post=48853"},{"taxonomy":"ecademys","embeddable":true,"href":"https:\/\/travecademy.be\/fr\/wp-json\/wp\/v2\/ecademys?post=48853"}],"curies":[{"name":"wp","href":"https:\/\/api.w.org\/{rel}","templated":true}]}}