{"id":48858,"date":"2019-03-07T13:26:15","date_gmt":"2019-03-07T11:26:15","guid":{"rendered":"https:\/\/travecademy.be\/quest-ce-que-la-marque-usa\/pourquoi-brand-usa\/"},"modified":"2024-02-13T12:20:02","modified_gmt":"2024-02-13T10:20:02","slug":"pourquoi-brand-usa","status":"publish","type":"page","link":"https:\/\/travecademy.be\/fr\/quest-ce-que-la-marque-usa\/pourquoi-brand-usa\/","title":{"rendered":"Pourquoi Brand USA ?"},"content":{"rendered":"<p><strong>Brand USA a \u00e9t\u00e9 cr\u00e9\u00e9 par la loi de 2009 sur la promotion des voyages. Il s\u2019agit du premier partenariat public-priv\u00e9 du pays \u00e0 fournir un effort de marketing coordonn\u00e9 \u00e0 l\u2019\u00e9chelle mondiale pour promouvoir les \u00c9tats-Unis en tant que destination de voyage de premier choix et pour faire conna\u00eetre les politiques am\u00e9ricaines en mati\u00e8re de visas et de voyages.  <\/strong><\/p>\n<p>Brand USA travaille en \u00e9troite collaboration avec l\u2019industrie du voyage pour maximiser les b\u00e9n\u00e9fices \u00e9conomiques et sociaux g\u00e9n\u00e9r\u00e9s par les voyageurs internationaux. Ces avantages comprennent la promotion de la compr\u00e9hension entre les peuples et les cultures et la cr\u00e9ation d\u2019emplois essentiels \u00e0 l\u2019\u00e9conomie. Les activit\u00e9s de Brand USA sont financ\u00e9es par une combinaison de contributions non f\u00e9d\u00e9rales provenant de destinations, de marques de voyage et d\u2019organisations priv\u00e9es, ainsi que par des fonds de contrepartie collect\u00e9s par le gouvernement am\u00e9ricain aupr\u00e8s des visiteurs internationaux voyageant dans le cadre du programme d\u2019exemption de visa. Visitez le site TheBrandUSA.com pour obtenir des informations sur l\u2019industrie ou les partenaires de Brand USA.<\/p>\n<p><strong>ESTA ou Visa<\/strong><\/p>\n<p>La plupart des pays europ\u00e9ens b\u00e9n\u00e9ficient du programme d\u2019<em>exemption de visa<\/em> et peuvent donc se rendre aux \u00c9tats-Unis avec un ESTA. Nous parlons ici du <em>syst\u00e8me \u00e9lectronique d\u2019autorisation de voyage<\/em>. Il s\u2019agit d\u2019une autorisation de voyage \u00e9lectronique li\u00e9e au passeport du voyageur. La demande d\u2019ESTA doit \u00eatre faite 72 heures avant le d\u00e9part. L\u2019ESTA permet un s\u00e9jour de 90 jours cons\u00e9cutifs maximum aux \u00c9tats-Unis.<\/p>\n<p>Les personnes dont la nationalit\u00e9 <strong>n\u2019est pas<\/strong> couverte par le <em>programme d\u2019exemption de visa<\/em> peuvent demander un visa ordinaire pour l\u2019Am\u00e9rique. Un visa ordinaire peut \u00e9galement \u00eatre demand\u00e9 si l\u2019on souhaite rester aux \u00c9tats-Unis pendant plus de 90 jours cons\u00e9cutifs. Pour plus d\u2019informations sur les <a href=\"https:\/\/www.evisumservice.be\/esta-aanvragen\/visum-amerika\/\" target=\"_blank\" rel=\"noopener\">visas pour l\u2019Am\u00e9rique<\/a> et les types de <a href=\"https:\/\/www.evisumservice.be\/esta-aanvragen\/visum-amerika\/\" target=\"_blank\" rel=\"noopener\">visas<\/a>, consultez Evisumservice. Avec eux, vous pouvez \u00e9galement demander directement un <a href=\"https:\/\/www.evisumservice.be\/esta-aanvragen\/\" target=\"_blank\" rel=\"noopener\">ESTA<\/a>.<\/p>\n","protected":false},"excerpt":{"rendered":"<p>Brand USA a \u00e9t\u00e9 cr\u00e9\u00e9 par la loi de 2009 sur la promotion des voyages. Il s\u2019agit du premier partenariat public-priv\u00e9 du pays \u00e0 fournir\u2026<\/p>\n","protected":false},"author":1,"featured_media":35751,"parent":48804,"menu_order":0,"comment_status":"closed","ping_status":"closed","template":"","meta":{"_acf_changed":false,"_price":"","_stock":"","_tribe_ticket_header":"","_tribe_default_ticket_provider":"","_tribe_ticket_capacity":"0","_ticket_start_date":"","_ticket_end_date":"","_tribe_ticket_show_description":"","_tribe_ticket_show_not_going":false,"_tribe_ticket_use_global_stock":"","_tribe_ticket_global_stock_level":"","_global_stock_mode":"","_global_stock_cap":"","_tribe_rsvp_for_event":"","_tribe_ticket_going_count":"","_tribe_ticket_not_going_count":"","_tribe_tickets_list":"[]","_tribe_ticket_has_attendee_info_fields":false,"footnotes":"","_tec_slr_enabled":"","_tec_slr_layout":""},"tags":[],"ecademys":[501],"class_list":["post-48858","page","type-page","status-publish","has-post-thumbnail","hentry","ecademys-brand-usa-fr"],"acf":[],"yoast_head":"<!-- This site is optimized with the Yoast SEO Premium plugin v27.4 (Yoast SEO v27.5) - https:\/\/yoast.com\/product\/yoast-seo-premium-wordpress\/ -->\n<title>Pourquoi Brand USA ? - TravEcademy<\/title>\n<meta name=\"robots\" content=\"index, follow, max-snippet:-1, max-image-preview:large, max-video-preview:-1\" \/>\n<link rel=\"canonical\" href=\"https:\/\/travecademy.be\/fr\/quest-ce-que-la-marque-usa\/pourquoi-brand-usa\/\" class=\"yoast-seo-meta-tag\" \/>\n<meta property=\"og:locale\" content=\"fr_FR\" class=\"yoast-seo-meta-tag\" \/>\n<meta property=\"og:type\" content=\"article\" class=\"yoast-seo-meta-tag\" \/>\n<meta property=\"og:title\" content=\"Pourquoi Brand USA ?\" class=\"yoast-seo-meta-tag\" \/>\n<meta property=\"og:description\" content=\"Brand USA a \u00e9t\u00e9 cr\u00e9\u00e9 par la loi de 2009 sur la promotion des voyages. Il s\u2019agit du premier partenariat public-priv\u00e9 du pays \u00e0 fournir\u2026\" class=\"yoast-seo-meta-tag\" \/>\n<meta property=\"og:url\" content=\"https:\/\/travecademy.be\/fr\/quest-ce-que-la-marque-usa\/pourquoi-brand-usa\/\" class=\"yoast-seo-meta-tag\" \/>\n<meta property=\"og:site_name\" content=\"TravEcademy\" class=\"yoast-seo-meta-tag\" \/>\n<meta property=\"article:modified_time\" content=\"2024-02-13T10:20:02+00:00\" class=\"yoast-seo-meta-tag\" \/>\n<meta property=\"og:image\" content=\"https:\/\/travecademy.be\/wp-content\/uploads\/2019\/03\/Niagara-Falls-State-Park_New-York_20150710GH_0122.jpg\" class=\"yoast-seo-meta-tag\" \/>\n\t<meta property=\"og:image:width\" content=\"622\" class=\"yoast-seo-meta-tag\" \/>\n\t<meta property=\"og:image:height\" content=\"415\" class=\"yoast-seo-meta-tag\" \/>\n\t<meta property=\"og:image:type\" content=\"image\/jpeg\" class=\"yoast-seo-meta-tag\" \/>\n<meta name=\"twitter:card\" content=\"summary_large_image\" class=\"yoast-seo-meta-tag\" \/>\n<meta name=\"twitter:label1\" content=\"Dur\u00e9e de lecture estim\u00e9e\" class=\"yoast-seo-meta-tag\" \/>\n\t<meta name=\"twitter:data1\" content=\"2 minutes\" class=\"yoast-seo-meta-tag\" \/>\n<script type=\"application\/ld+json\" class=\"yoast-schema-graph\">{\"@context\":\"https:\\\/\\\/schema.org\",\"@graph\":[{\"@type\":\"WebPage\",\"@id\":\"https:\\\/\\\/travecademy.be\\\/fr\\\/quest-ce-que-la-marque-usa\\\/pourquoi-brand-usa\\\/\",\"url\":\"https:\\\/\\\/travecademy.be\\\/fr\\\/quest-ce-que-la-marque-usa\\\/pourquoi-brand-usa\\\/\",\"name\":\"Pourquoi Brand USA ? - TravEcademy\",\"isPartOf\":{\"@id\":\"https:\\\/\\\/travecademy.be\\\/fr\\\/#website\"},\"primaryImageOfPage\":{\"@id\":\"https:\\\/\\\/travecademy.be\\\/fr\\\/quest-ce-que-la-marque-usa\\\/pourquoi-brand-usa\\\/#primaryimage\"},\"image\":{\"@id\":\"https:\\\/\\\/travecademy.be\\\/fr\\\/quest-ce-que-la-marque-usa\\\/pourquoi-brand-usa\\\/#primaryimage\"},\"thumbnailUrl\":\"https:\\\/\\\/travecademy.be\\\/wp-content\\\/uploads\\\/2019\\\/03\\\/Niagara-Falls-State-Park_New-York_20150710GH_0122.jpg\",\"datePublished\":\"2019-03-07T11:26:15+00:00\",\"dateModified\":\"2024-02-13T10:20:02+00:00\",\"breadcrumb\":{\"@id\":\"https:\\\/\\\/travecademy.be\\\/fr\\\/quest-ce-que-la-marque-usa\\\/pourquoi-brand-usa\\\/#breadcrumb\"},\"inLanguage\":\"fr-FR\",\"potentialAction\":[{\"@type\":\"ReadAction\",\"target\":[\"https:\\\/\\\/travecademy.be\\\/fr\\\/quest-ce-que-la-marque-usa\\\/pourquoi-brand-usa\\\/\"]}]},{\"@type\":\"ImageObject\",\"inLanguage\":\"fr-FR\",\"@id\":\"https:\\\/\\\/travecademy.be\\\/fr\\\/quest-ce-que-la-marque-usa\\\/pourquoi-brand-usa\\\/#primaryimage\",\"url\":\"https:\\\/\\\/travecademy.be\\\/wp-content\\\/uploads\\\/2019\\\/03\\\/Niagara-Falls-State-Park_New-York_20150710GH_0122.jpg\",\"contentUrl\":\"https:\\\/\\\/travecademy.be\\\/wp-content\\\/uploads\\\/2019\\\/03\\\/Niagara-Falls-State-Park_New-York_20150710GH_0122.jpg\",\"width\":622,\"height\":415},{\"@type\":\"BreadcrumbList\",\"@id\":\"https:\\\/\\\/travecademy.be\\\/fr\\\/quest-ce-que-la-marque-usa\\\/pourquoi-brand-usa\\\/#breadcrumb\",\"itemListElement\":[{\"@type\":\"ListItem\",\"position\":1,\"name\":\"Home\",\"item\":\"https:\\\/\\\/travecademy.be\\\/fr\\\/\"},{\"@type\":\"ListItem\",\"position\":2,\"name\":\"Qu&#8217;est-ce que la marque USA ?\",\"item\":\"https:\\\/\\\/travecademy.be\\\/fr\\\/watwie-brand-usa\\\/\"},{\"@type\":\"ListItem\",\"position\":3,\"name\":\"Pourquoi Brand USA ?\"}]},{\"@type\":\"WebSite\",\"@id\":\"https:\\\/\\\/travecademy.be\\\/fr\\\/#website\",\"url\":\"https:\\\/\\\/travecademy.be\\\/fr\\\/\",\"name\":\"TravEcademy\",\"description\":\"Het meest succesvolle en gratis e-learning platform voor reisprofessionals\",\"publisher\":{\"@id\":\"https:\\\/\\\/travecademy.be\\\/fr\\\/#organization\"},\"potentialAction\":[{\"@type\":\"SearchAction\",\"target\":{\"@type\":\"EntryPoint\",\"urlTemplate\":\"https:\\\/\\\/travecademy.be\\\/fr\\\/?s={search_term_string}\"},\"query-input\":{\"@type\":\"PropertyValueSpecification\",\"valueRequired\":true,\"valueName\":\"search_term_string\"}}],\"inLanguage\":\"fr-FR\"},{\"@type\":\"Organization\",\"@id\":\"https:\\\/\\\/travecademy.be\\\/fr\\\/#organization\",\"name\":\"TravEcademy\",\"url\":\"https:\\\/\\\/travecademy.be\\\/fr\\\/\",\"logo\":{\"@type\":\"ImageObject\",\"inLanguage\":\"fr-FR\",\"@id\":\"https:\\\/\\\/travecademy.be\\\/fr\\\/#\\\/schema\\\/logo\\\/image\\\/\",\"url\":\"https:\\\/\\\/travecademy.be\\\/wp-content\\\/uploads\\\/2024\\\/04\\\/Travecademy.png\",\"contentUrl\":\"https:\\\/\\\/travecademy.be\\\/wp-content\\\/uploads\\\/2024\\\/04\\\/Travecademy.png\",\"width\":1263,\"height\":313,\"caption\":\"TravEcademy\"},\"image\":{\"@id\":\"https:\\\/\\\/travecademy.be\\\/fr\\\/#\\\/schema\\\/logo\\\/image\\\/\"}}]}<\/script>\n<!-- \/ Yoast SEO Premium plugin. -->","yoast_head_json":{"title":"Pourquoi Brand USA ? - TravEcademy","robots":{"index":"index","follow":"follow","max-snippet":"max-snippet:-1","max-image-preview":"max-image-preview:large","max-video-preview":"max-video-preview:-1"},"canonical":"https:\/\/travecademy.be\/fr\/quest-ce-que-la-marque-usa\/pourquoi-brand-usa\/","og_locale":"fr_FR","og_type":"article","og_title":"Pourquoi Brand USA ?","og_description":"Brand USA a \u00e9t\u00e9 cr\u00e9\u00e9 par la loi de 2009 sur la promotion des voyages. Il s\u2019agit du premier partenariat public-priv\u00e9 du pays \u00e0 fournir\u2026","og_url":"https:\/\/travecademy.be\/fr\/quest-ce-que-la-marque-usa\/pourquoi-brand-usa\/","og_site_name":"TravEcademy","article_modified_time":"2024-02-13T10:20:02+00:00","og_image":[{"width":622,"height":415,"url":"https:\/\/travecademy.be\/wp-content\/uploads\/2019\/03\/Niagara-Falls-State-Park_New-York_20150710GH_0122.jpg","type":"image\/jpeg"}],"twitter_card":"summary_large_image","twitter_misc":{"Dur\u00e9e de lecture estim\u00e9e":"2 minutes"},"schema":{"@context":"https:\/\/schema.org","@graph":[{"@type":"WebPage","@id":"https:\/\/travecademy.be\/fr\/quest-ce-que-la-marque-usa\/pourquoi-brand-usa\/","url":"https:\/\/travecademy.be\/fr\/quest-ce-que-la-marque-usa\/pourquoi-brand-usa\/","name":"Pourquoi Brand USA ? - TravEcademy","isPartOf":{"@id":"https:\/\/travecademy.be\/fr\/#website"},"primaryImageOfPage":{"@id":"https:\/\/travecademy.be\/fr\/quest-ce-que-la-marque-usa\/pourquoi-brand-usa\/#primaryimage"},"image":{"@id":"https:\/\/travecademy.be\/fr\/quest-ce-que-la-marque-usa\/pourquoi-brand-usa\/#primaryimage"},"thumbnailUrl":"https:\/\/travecademy.be\/wp-content\/uploads\/2019\/03\/Niagara-Falls-State-Park_New-York_20150710GH_0122.jpg","datePublished":"2019-03-07T11:26:15+00:00","dateModified":"2024-02-13T10:20:02+00:00","breadcrumb":{"@id":"https:\/\/travecademy.be\/fr\/quest-ce-que-la-marque-usa\/pourquoi-brand-usa\/#breadcrumb"},"inLanguage":"fr-FR","potentialAction":[{"@type":"ReadAction","target":["https:\/\/travecademy.be\/fr\/quest-ce-que-la-marque-usa\/pourquoi-brand-usa\/"]}]},{"@type":"ImageObject","inLanguage":"fr-FR","@id":"https:\/\/travecademy.be\/fr\/quest-ce-que-la-marque-usa\/pourquoi-brand-usa\/#primaryimage","url":"https:\/\/travecademy.be\/wp-content\/uploads\/2019\/03\/Niagara-Falls-State-Park_New-York_20150710GH_0122.jpg","contentUrl":"https:\/\/travecademy.be\/wp-content\/uploads\/2019\/03\/Niagara-Falls-State-Park_New-York_20150710GH_0122.jpg","width":622,"height":415},{"@type":"BreadcrumbList","@id":"https:\/\/travecademy.be\/fr\/quest-ce-que-la-marque-usa\/pourquoi-brand-usa\/#breadcrumb","itemListElement":[{"@type":"ListItem","position":1,"name":"Home","item":"https:\/\/travecademy.be\/fr\/"},{"@type":"ListItem","position":2,"name":"Qu&#8217;est-ce que la marque USA ?","item":"https:\/\/travecademy.be\/fr\/watwie-brand-usa\/"},{"@type":"ListItem","position":3,"name":"Pourquoi Brand USA ?"}]},{"@type":"WebSite","@id":"https:\/\/travecademy.be\/fr\/#website","url":"https:\/\/travecademy.be\/fr\/","name":"TravEcademy","description":"Het meest succesvolle en gratis e-learning platform voor reisprofessionals","publisher":{"@id":"https:\/\/travecademy.be\/fr\/#organization"},"potentialAction":[{"@type":"SearchAction","target":{"@type":"EntryPoint","urlTemplate":"https:\/\/travecademy.be\/fr\/?s={search_term_string}"},"query-input":{"@type":"PropertyValueSpecification","valueRequired":true,"valueName":"search_term_string"}}],"inLanguage":"fr-FR"},{"@type":"Organization","@id":"https:\/\/travecademy.be\/fr\/#organization","name":"TravEcademy","url":"https:\/\/travecademy.be\/fr\/","logo":{"@type":"ImageObject","inLanguage":"fr-FR","@id":"https:\/\/travecademy.be\/fr\/#\/schema\/logo\/image\/","url":"https:\/\/travecademy.be\/wp-content\/uploads\/2024\/04\/Travecademy.png","contentUrl":"https:\/\/travecademy.be\/wp-content\/uploads\/2024\/04\/Travecademy.png","width":1263,"height":313,"caption":"TravEcademy"},"image":{"@id":"https:\/\/travecademy.be\/fr\/#\/schema\/logo\/image\/"}}]}},"publishpress_future_action":{"enabled":false,"date":"2026-05-06 15:11:59","action":"change-status","newStatus":"draft","terms":[],"taxonomy":"ecademys","extraData":[]},"publishpress_future_workflow_manual_trigger":{"enabledWorkflows":[]},"ticketed":false,"_links":{"self":[{"href":"https:\/\/travecademy.be\/fr\/wp-json\/wp\/v2\/pages\/48858","targetHints":{"allow":["GET"]}}],"collection":[{"href":"https:\/\/travecademy.be\/fr\/wp-json\/wp\/v2\/pages"}],"about":[{"href":"https:\/\/travecademy.be\/fr\/wp-json\/wp\/v2\/types\/page"}],"author":[{"embeddable":true,"href":"https:\/\/travecademy.be\/fr\/wp-json\/wp\/v2\/users\/1"}],"replies":[{"embeddable":true,"href":"https:\/\/travecademy.be\/fr\/wp-json\/wp\/v2\/comments?post=48858"}],"version-history":[{"count":1,"href":"https:\/\/travecademy.be\/fr\/wp-json\/wp\/v2\/pages\/48858\/revisions"}],"predecessor-version":[{"id":48862,"href":"https:\/\/travecademy.be\/fr\/wp-json\/wp\/v2\/pages\/48858\/revisions\/48862"}],"up":[{"embeddable":true,"href":"https:\/\/travecademy.be\/fr\/wp-json\/wp\/v2\/pages\/48804"}],"wp:featuredmedia":[{"embeddable":true,"href":"https:\/\/travecademy.be\/fr\/wp-json\/wp\/v2\/media\/35751"}],"wp:attachment":[{"href":"https:\/\/travecademy.be\/fr\/wp-json\/wp\/v2\/media?parent=48858"}],"wp:term":[{"taxonomy":"post_tag","embeddable":true,"href":"https:\/\/travecademy.be\/fr\/wp-json\/wp\/v2\/tags?post=48858"},{"taxonomy":"ecademys","embeddable":true,"href":"https:\/\/travecademy.be\/fr\/wp-json\/wp\/v2\/ecademys?post=48858"}],"curies":[{"name":"wp","href":"https:\/\/api.w.org\/{rel}","templated":true}]}}