{"id":49556,"date":"2018-04-19T14:45:52","date_gmt":"2018-04-19T12:45:52","guid":{"rendered":"https:\/\/travecademy.be\/destinations-5\/lombok-et-iles-gili\/"},"modified":"2024-02-13T12:20:57","modified_gmt":"2024-02-13T10:20:57","slug":"lombok-et-iles-gili","status":"publish","type":"page","link":"https:\/\/travecademy.be\/fr\/destinations-5\/lombok-et-iles-gili\/","title":{"rendered":"Lombok et \u00eeles Gili"},"content":{"rendered":"<p><a href=\"http:\/\/www.indonesia.travel\/nl\/en\/destinations\/bali-nusa-tenggara\/lombok\"><img fetchpriority=\"high\" decoding=\"async\" class=\" size-full wp-image-2353\" alt=\"\" height=\"300\" src=\"http:\/\/travecademy.be\/wp-content\/uploads\/2018\/04\/lombok.jpg\" width=\"1000\" srcset=\"https:\/\/travecademy.be\/wp-content\/uploads\/2018\/04\/lombok.jpg 1000w, https:\/\/travecademy.be\/wp-content\/uploads\/2018\/04\/lombok-600x180.jpg 600w, https:\/\/travecademy.be\/wp-content\/uploads\/2018\/04\/lombok-300x90.jpg 300w, https:\/\/travecademy.be\/wp-content\/uploads\/2018\/04\/lombok-768x230.jpg 768w, https:\/\/travecademy.be\/wp-content\/uploads\/2018\/04\/lombok-624x187.jpg 624w, https:\/\/travecademy.be\/wp-content\/uploads\/2018\/04\/lombok-50x15.jpg 50w, https:\/\/travecademy.be\/wp-content\/uploads\/2018\/04\/lombok-100x30.jpg 100w\" sizes=\"(max-width: 1000px) 100vw, 1000px\" \/><\/a><\/p>\n<p><a href=\"http:\/\/www.indonesia.travel\/en\/destination\/area\/lombok\">Lombok<\/a>, situ\u00e9e \u00e0 35 kilom\u00e8tres de Bali, est immens\u00e9ment populaire et totalement diff\u00e9rente de son \u00eele voisine. Lombok fascine par ses plages blanches de r\u00eave, ses criques isol\u00e9es et sa nature intacte. Profitez de l\u2019une des dizaines de baies de Kuta, o\u00f9 vous pourrez nager dans des eaux bleues et transparentes et vous d\u00e9tendre sous les bananiers. Les meilleurs sites de plong\u00e9e se trouvent dans le nord-ouest, mais le sud est \u00e9galement tr\u00e8s beau. Les r\u00e9cifs autour de Lombok sont magnifiques et l\u2019eau est cristalline. Depuis le nord-ouest de Lombok, vous pouvez facilement vous rendre en bateau aux <a href=\"https:\/\/www.indonesie.nl\/indonesie\/reisgids\/lombok\/gili-eilanden\/\">\u00eeles Gili<\/a>, v\u00e9ritable paradis de la plong\u00e9e avec tuba.<\/p>\n<p><a href=\"http:\/\/www.indonesia.travel\/nl\/en\/destinations\/bali-nusa-tenggara\/lombok\"><strong>Voir ici pour plus d\u2019informations.<\/strong><\/a><\/p>\n","protected":false},"excerpt":{"rendered":"<p>Lombok, situ\u00e9e \u00e0 35 kilom\u00e8tres de Bali, est immens\u00e9ment populaire et totalement diff\u00e9rente de son \u00eele voisine. Lombok fascine par ses plages blanches de r\u00eave,\u2026<\/p>\n","protected":false},"author":1,"featured_media":35316,"parent":48725,"menu_order":0,"comment_status":"closed","ping_status":"closed","template":"","meta":{"_acf_changed":false,"_price":"","_stock":"","_tribe_ticket_header":"","_tribe_default_ticket_provider":"","_tribe_ticket_capacity":"0","_ticket_start_date":"","_ticket_end_date":"","_tribe_ticket_show_description":"","_tribe_ticket_show_not_going":false,"_tribe_ticket_use_global_stock":"","_tribe_ticket_global_stock_level":"","_global_stock_mode":"","_global_stock_cap":"","_tribe_rsvp_for_event":"","_tribe_ticket_going_count":"","_tribe_ticket_not_going_count":"","_tribe_tickets_list":"[]","_tribe_ticket_has_attendee_info_fields":false,"footnotes":"","_tec_slr_enabled":"","_tec_slr_layout":""},"tags":[],"ecademys":[504],"class_list":["post-49556","page","type-page","status-publish","has-post-thumbnail","hentry","ecademys-indonesie-fr"],"acf":[],"yoast_head":"<!-- This site is optimized with the Yoast SEO Premium plugin v27.3 (Yoast SEO v27.3) - https:\/\/yoast.com\/product\/yoast-seo-premium-wordpress\/ -->\n<title>Lombok et \u00eeles Gili - TravEcademy<\/title>\n<meta name=\"robots\" content=\"index, follow, max-snippet:-1, max-image-preview:large, max-video-preview:-1\" \/>\n<link rel=\"canonical\" href=\"https:\/\/travecademy.be\/fr\/destinations-5\/lombok-et-iles-gili\/\" class=\"yoast-seo-meta-tag\" \/>\n<meta property=\"og:locale\" content=\"fr_FR\" class=\"yoast-seo-meta-tag\" \/>\n<meta property=\"og:type\" content=\"article\" class=\"yoast-seo-meta-tag\" \/>\n<meta property=\"og:title\" content=\"Lombok et \u00eeles Gili\" class=\"yoast-seo-meta-tag\" \/>\n<meta property=\"og:description\" content=\"Lombok, situ\u00e9e \u00e0 35 kilom\u00e8tres de Bali, est immens\u00e9ment populaire et totalement diff\u00e9rente de son \u00eele voisine. Lombok fascine par ses plages blanches de r\u00eave,\u2026\" class=\"yoast-seo-meta-tag\" \/>\n<meta property=\"og:url\" content=\"https:\/\/travecademy.be\/fr\/destinations-5\/lombok-et-iles-gili\/\" class=\"yoast-seo-meta-tag\" \/>\n<meta property=\"og:site_name\" content=\"TravEcademy\" class=\"yoast-seo-meta-tag\" \/>\n<meta property=\"article:modified_time\" content=\"2024-02-13T10:20:57+00:00\" class=\"yoast-seo-meta-tag\" \/>\n<meta property=\"og:image\" content=\"https:\/\/travecademy.be\/wp-content\/uploads\/2018\/04\/shutterstock_417461629.jpg\" class=\"yoast-seo-meta-tag\" \/>\n\t<meta property=\"og:image:width\" content=\"622\" class=\"yoast-seo-meta-tag\" \/>\n\t<meta property=\"og:image:height\" content=\"415\" class=\"yoast-seo-meta-tag\" \/>\n\t<meta property=\"og:image:type\" content=\"image\/jpeg\" class=\"yoast-seo-meta-tag\" \/>\n<meta name=\"twitter:card\" content=\"summary_large_image\" class=\"yoast-seo-meta-tag\" \/>\n<meta name=\"twitter:label1\" content=\"Dur\u00e9e de lecture estim\u00e9e\" class=\"yoast-seo-meta-tag\" \/>\n\t<meta name=\"twitter:data1\" content=\"1 minute\" class=\"yoast-seo-meta-tag\" \/>\n<script type=\"application\/ld+json\" class=\"yoast-schema-graph\">{\"@context\":\"https:\\\/\\\/schema.org\",\"@graph\":[{\"@type\":\"WebPage\",\"@id\":\"https:\\\/\\\/travecademy.be\\\/fr\\\/destinations-5\\\/lombok-et-iles-gili\\\/\",\"url\":\"https:\\\/\\\/travecademy.be\\\/fr\\\/destinations-5\\\/lombok-et-iles-gili\\\/\",\"name\":\"Lombok et \u00eeles Gili - TravEcademy\",\"isPartOf\":{\"@id\":\"https:\\\/\\\/travecademy.be\\\/fr\\\/#website\"},\"primaryImageOfPage\":{\"@id\":\"https:\\\/\\\/travecademy.be\\\/fr\\\/destinations-5\\\/lombok-et-iles-gili\\\/#primaryimage\"},\"image\":{\"@id\":\"https:\\\/\\\/travecademy.be\\\/fr\\\/destinations-5\\\/lombok-et-iles-gili\\\/#primaryimage\"},\"thumbnailUrl\":\"https:\\\/\\\/travecademy.be\\\/wp-content\\\/uploads\\\/2018\\\/04\\\/shutterstock_417461629.jpg\",\"datePublished\":\"2018-04-19T12:45:52+00:00\",\"dateModified\":\"2024-02-13T10:20:57+00:00\",\"breadcrumb\":{\"@id\":\"https:\\\/\\\/travecademy.be\\\/fr\\\/destinations-5\\\/lombok-et-iles-gili\\\/#breadcrumb\"},\"inLanguage\":\"fr-FR\",\"potentialAction\":[{\"@type\":\"ReadAction\",\"target\":[\"https:\\\/\\\/travecademy.be\\\/fr\\\/destinations-5\\\/lombok-et-iles-gili\\\/\"]}]},{\"@type\":\"ImageObject\",\"inLanguage\":\"fr-FR\",\"@id\":\"https:\\\/\\\/travecademy.be\\\/fr\\\/destinations-5\\\/lombok-et-iles-gili\\\/#primaryimage\",\"url\":\"https:\\\/\\\/travecademy.be\\\/wp-content\\\/uploads\\\/2018\\\/04\\\/shutterstock_417461629.jpg\",\"contentUrl\":\"https:\\\/\\\/travecademy.be\\\/wp-content\\\/uploads\\\/2018\\\/04\\\/shutterstock_417461629.jpg\",\"width\":622,\"height\":415},{\"@type\":\"BreadcrumbList\",\"@id\":\"https:\\\/\\\/travecademy.be\\\/fr\\\/destinations-5\\\/lombok-et-iles-gili\\\/#breadcrumb\",\"itemListElement\":[{\"@type\":\"ListItem\",\"position\":1,\"name\":\"Home\",\"item\":\"https:\\\/\\\/travecademy.be\\\/fr\\\/\"},{\"@type\":\"ListItem\",\"position\":2,\"name\":\"Destinations\",\"item\":\"https:\\\/\\\/travecademy.be\\\/fr\\\/destinations-5\\\/\"},{\"@type\":\"ListItem\",\"position\":3,\"name\":\"Lombok et \u00eeles Gili\"}]},{\"@type\":\"WebSite\",\"@id\":\"https:\\\/\\\/travecademy.be\\\/fr\\\/#website\",\"url\":\"https:\\\/\\\/travecademy.be\\\/fr\\\/\",\"name\":\"TravEcademy\",\"description\":\"Het meest succesvolle en gratis e-learning platform voor reisprofessionals\",\"publisher\":{\"@id\":\"https:\\\/\\\/travecademy.be\\\/fr\\\/#organization\"},\"potentialAction\":[{\"@type\":\"SearchAction\",\"target\":{\"@type\":\"EntryPoint\",\"urlTemplate\":\"https:\\\/\\\/travecademy.be\\\/fr\\\/?s={search_term_string}\"},\"query-input\":{\"@type\":\"PropertyValueSpecification\",\"valueRequired\":true,\"valueName\":\"search_term_string\"}}],\"inLanguage\":\"fr-FR\"},{\"@type\":\"Organization\",\"@id\":\"https:\\\/\\\/travecademy.be\\\/fr\\\/#organization\",\"name\":\"TravEcademy\",\"url\":\"https:\\\/\\\/travecademy.be\\\/fr\\\/\",\"logo\":{\"@type\":\"ImageObject\",\"inLanguage\":\"fr-FR\",\"@id\":\"https:\\\/\\\/travecademy.be\\\/fr\\\/#\\\/schema\\\/logo\\\/image\\\/\",\"url\":\"https:\\\/\\\/travecademy.be\\\/wp-content\\\/uploads\\\/2024\\\/04\\\/Travecademy.png\",\"contentUrl\":\"https:\\\/\\\/travecademy.be\\\/wp-content\\\/uploads\\\/2024\\\/04\\\/Travecademy.png\",\"width\":1263,\"height\":313,\"caption\":\"TravEcademy\"},\"image\":{\"@id\":\"https:\\\/\\\/travecademy.be\\\/fr\\\/#\\\/schema\\\/logo\\\/image\\\/\"}}]}<\/script>\n<!-- \/ Yoast SEO Premium plugin. -->","yoast_head_json":{"title":"Lombok et \u00eeles Gili - TravEcademy","robots":{"index":"index","follow":"follow","max-snippet":"max-snippet:-1","max-image-preview":"max-image-preview:large","max-video-preview":"max-video-preview:-1"},"canonical":"https:\/\/travecademy.be\/fr\/destinations-5\/lombok-et-iles-gili\/","og_locale":"fr_FR","og_type":"article","og_title":"Lombok et \u00eeles Gili","og_description":"Lombok, situ\u00e9e \u00e0 35 kilom\u00e8tres de Bali, est immens\u00e9ment populaire et totalement diff\u00e9rente de son \u00eele voisine. Lombok fascine par ses plages blanches de r\u00eave,\u2026","og_url":"https:\/\/travecademy.be\/fr\/destinations-5\/lombok-et-iles-gili\/","og_site_name":"TravEcademy","article_modified_time":"2024-02-13T10:20:57+00:00","og_image":[{"width":622,"height":415,"url":"https:\/\/travecademy.be\/wp-content\/uploads\/2018\/04\/shutterstock_417461629.jpg","type":"image\/jpeg"}],"twitter_card":"summary_large_image","twitter_misc":{"Dur\u00e9e de lecture estim\u00e9e":"1 minute"},"schema":{"@context":"https:\/\/schema.org","@graph":[{"@type":"WebPage","@id":"https:\/\/travecademy.be\/fr\/destinations-5\/lombok-et-iles-gili\/","url":"https:\/\/travecademy.be\/fr\/destinations-5\/lombok-et-iles-gili\/","name":"Lombok et \u00eeles Gili - TravEcademy","isPartOf":{"@id":"https:\/\/travecademy.be\/fr\/#website"},"primaryImageOfPage":{"@id":"https:\/\/travecademy.be\/fr\/destinations-5\/lombok-et-iles-gili\/#primaryimage"},"image":{"@id":"https:\/\/travecademy.be\/fr\/destinations-5\/lombok-et-iles-gili\/#primaryimage"},"thumbnailUrl":"https:\/\/travecademy.be\/wp-content\/uploads\/2018\/04\/shutterstock_417461629.jpg","datePublished":"2018-04-19T12:45:52+00:00","dateModified":"2024-02-13T10:20:57+00:00","breadcrumb":{"@id":"https:\/\/travecademy.be\/fr\/destinations-5\/lombok-et-iles-gili\/#breadcrumb"},"inLanguage":"fr-FR","potentialAction":[{"@type":"ReadAction","target":["https:\/\/travecademy.be\/fr\/destinations-5\/lombok-et-iles-gili\/"]}]},{"@type":"ImageObject","inLanguage":"fr-FR","@id":"https:\/\/travecademy.be\/fr\/destinations-5\/lombok-et-iles-gili\/#primaryimage","url":"https:\/\/travecademy.be\/wp-content\/uploads\/2018\/04\/shutterstock_417461629.jpg","contentUrl":"https:\/\/travecademy.be\/wp-content\/uploads\/2018\/04\/shutterstock_417461629.jpg","width":622,"height":415},{"@type":"BreadcrumbList","@id":"https:\/\/travecademy.be\/fr\/destinations-5\/lombok-et-iles-gili\/#breadcrumb","itemListElement":[{"@type":"ListItem","position":1,"name":"Home","item":"https:\/\/travecademy.be\/fr\/"},{"@type":"ListItem","position":2,"name":"Destinations","item":"https:\/\/travecademy.be\/fr\/destinations-5\/"},{"@type":"ListItem","position":3,"name":"Lombok et \u00eeles Gili"}]},{"@type":"WebSite","@id":"https:\/\/travecademy.be\/fr\/#website","url":"https:\/\/travecademy.be\/fr\/","name":"TravEcademy","description":"Het meest succesvolle en gratis e-learning platform voor reisprofessionals","publisher":{"@id":"https:\/\/travecademy.be\/fr\/#organization"},"potentialAction":[{"@type":"SearchAction","target":{"@type":"EntryPoint","urlTemplate":"https:\/\/travecademy.be\/fr\/?s={search_term_string}"},"query-input":{"@type":"PropertyValueSpecification","valueRequired":true,"valueName":"search_term_string"}}],"inLanguage":"fr-FR"},{"@type":"Organization","@id":"https:\/\/travecademy.be\/fr\/#organization","name":"TravEcademy","url":"https:\/\/travecademy.be\/fr\/","logo":{"@type":"ImageObject","inLanguage":"fr-FR","@id":"https:\/\/travecademy.be\/fr\/#\/schema\/logo\/image\/","url":"https:\/\/travecademy.be\/wp-content\/uploads\/2024\/04\/Travecademy.png","contentUrl":"https:\/\/travecademy.be\/wp-content\/uploads\/2024\/04\/Travecademy.png","width":1263,"height":313,"caption":"TravEcademy"},"image":{"@id":"https:\/\/travecademy.be\/fr\/#\/schema\/logo\/image\/"}}]}},"publishpress_future_action":{"enabled":false,"date":"2026-04-12 21:34:43","action":"change-status","newStatus":"draft","terms":[],"taxonomy":"ecademys","extraData":[]},"publishpress_future_workflow_manual_trigger":{"enabledWorkflows":[]},"ticketed":false,"_links":{"self":[{"href":"https:\/\/travecademy.be\/fr\/wp-json\/wp\/v2\/pages\/49556","targetHints":{"allow":["GET"]}}],"collection":[{"href":"https:\/\/travecademy.be\/fr\/wp-json\/wp\/v2\/pages"}],"about":[{"href":"https:\/\/travecademy.be\/fr\/wp-json\/wp\/v2\/types\/page"}],"author":[{"embeddable":true,"href":"https:\/\/travecademy.be\/fr\/wp-json\/wp\/v2\/users\/1"}],"replies":[{"embeddable":true,"href":"https:\/\/travecademy.be\/fr\/wp-json\/wp\/v2\/comments?post=49556"}],"version-history":[{"count":1,"href":"https:\/\/travecademy.be\/fr\/wp-json\/wp\/v2\/pages\/49556\/revisions"}],"predecessor-version":[{"id":49559,"href":"https:\/\/travecademy.be\/fr\/wp-json\/wp\/v2\/pages\/49556\/revisions\/49559"}],"up":[{"embeddable":true,"href":"https:\/\/travecademy.be\/fr\/wp-json\/wp\/v2\/pages\/48725"}],"wp:featuredmedia":[{"embeddable":true,"href":"https:\/\/travecademy.be\/fr\/wp-json\/wp\/v2\/media\/35316"}],"wp:attachment":[{"href":"https:\/\/travecademy.be\/fr\/wp-json\/wp\/v2\/media?parent=49556"}],"wp:term":[{"taxonomy":"post_tag","embeddable":true,"href":"https:\/\/travecademy.be\/fr\/wp-json\/wp\/v2\/tags?post=49556"},{"taxonomy":"ecademys","embeddable":true,"href":"https:\/\/travecademy.be\/fr\/wp-json\/wp\/v2\/ecademys?post=49556"}],"curies":[{"name":"wp","href":"https:\/\/api.w.org\/{rel}","templated":true}]}}