{"id":49579,"date":"2019-01-28T15:23:56","date_gmt":"2019-01-28T13:23:56","guid":{"rendered":"https:\/\/travecademy.be\/a-propos-de-travel-south-usa\/"},"modified":"2024-02-13T12:20:58","modified_gmt":"2024-02-13T10:20:58","slug":"a-propos-de-travel-south-usa","status":"publish","type":"page","link":"https:\/\/travecademy.be\/fr\/a-propos-de-travel-south-usa\/","title":{"rendered":"\u00c0 propos de Travel South USA"},"content":{"rendered":"<p><strong>Travel South USA a \u00e9t\u00e9 fond\u00e9e en 1965, ce qui en fait la plus ancienne et la plus importante organisation de promotion du tourisme de destination en Am\u00e9rique. Le tourisme est l\u2019un des trois principaux secteurs \u00e9conomiques de cette r\u00e9gion, g\u00e9n\u00e9rant plus de 1,3 million d\u2019emplois directs.  <\/strong><\/p>\n<p>Pour faire conna\u00eetre cette r\u00e9gion aux Pays-Bas \u00e9galement, Travel South USA s\u2019est associ\u00e9 \u00e0 Target Travel Marketing (TTM). Travel South reconna\u00eet ainsi l\u2019importance du march\u00e9 n\u00e9erlandais et l\u2019int\u00e9r\u00eat des voyageurs n\u00e9erlandais pour les \u00c9tats am\u00e9ricains moins connus.<\/p>\n<table border=\"0\" cellpadding=\"1\" cellspacing=\"1\" style=\"width:600px\">\n<tbody>\n<tr>\n<td><a href=\"https:\/\/industry.travelsouthusa.com\/\" target=\"_blank\" rel=\"noopener\"><img decoding=\"async\" class=\" size-full wp-image-3000\" alt=\"\" height=\"111\" src=\"http:\/\/travecademy.be\/wp-content\/uploads\/2019\/01\/TSUSA-hor_0.png\" width=\"300\" srcset=\"https:\/\/travecademy.be\/wp-content\/uploads\/2019\/01\/TSUSA-hor_0.png 2337w, https:\/\/travecademy.be\/wp-content\/uploads\/2019\/01\/TSUSA-hor_0-600x223.png 600w, https:\/\/travecademy.be\/wp-content\/uploads\/2019\/01\/TSUSA-hor_0-300x111.png 300w, https:\/\/travecademy.be\/wp-content\/uploads\/2019\/01\/TSUSA-hor_0-1024x380.png 1024w, https:\/\/travecademy.be\/wp-content\/uploads\/2019\/01\/TSUSA-hor_0-768x285.png 768w, https:\/\/travecademy.be\/wp-content\/uploads\/2019\/01\/TSUSA-hor_0-1536x570.png 1536w, https:\/\/travecademy.be\/wp-content\/uploads\/2019\/01\/TSUSA-hor_0-2048x761.png 2048w, https:\/\/travecademy.be\/wp-content\/uploads\/2019\/01\/TSUSA-hor_0-624x232.png 624w, https:\/\/travecademy.be\/wp-content\/uploads\/2019\/01\/TSUSA-hor_0-50x19.png 50w, https:\/\/travecademy.be\/wp-content\/uploads\/2019\/01\/TSUSA-hor_0-100x37.png 100w\" sizes=\"(max-width: 300px) 100vw, 300px\" \/><\/a><\/td>\n<td>\u00a0<\/td>\n<td>\n<p style=\"text-align:center\"><a href=\"http:\/\/targettravel.nl\" target=\"_blank\" rel=\"noopener\"><img decoding=\"async\" class=\" size-full wp-image-3005\" alt=\"\" height=\"106\" src=\"http:\/\/travecademy.be\/wp-content\/uploads\/2019\/01\/Logo-Target-Travel-Marketing-Website.png\" width=\"100\" srcset=\"https:\/\/travecademy.be\/wp-content\/uploads\/2019\/01\/Logo-Target-Travel-Marketing-Website.png 100w, https:\/\/travecademy.be\/wp-content\/uploads\/2019\/01\/Logo-Target-Travel-Marketing-Website-47x50.png 47w, https:\/\/travecademy.be\/wp-content\/uploads\/2019\/01\/Logo-Target-Travel-Marketing-Website-94x100.png 94w\" sizes=\"(max-width: 100px) 100vw, 100px\" \/><\/a><\/p>\n<\/td>\n<\/tr>\n<\/tbody>\n<\/table>\n<p>\u00a0<\/p>\n","protected":false},"excerpt":{"rendered":"<p>Travel South USA a \u00e9t\u00e9 fond\u00e9e en 1965, ce qui en fait la plus ancienne et la plus importante organisation de promotion du tourisme de\u2026<\/p>\n","protected":false},"author":1,"featured_media":35725,"parent":0,"menu_order":0,"comment_status":"closed","ping_status":"closed","template":"","meta":{"_acf_changed":false,"_price":"","_stock":"","_tribe_ticket_header":"","_tribe_default_ticket_provider":"","_tribe_ticket_capacity":"0","_ticket_start_date":"","_ticket_end_date":"","_tribe_ticket_show_description":"","_tribe_ticket_show_not_going":false,"_tribe_ticket_use_global_stock":"","_tribe_ticket_global_stock_level":"","_global_stock_mode":"","_global_stock_cap":"","_tribe_rsvp_for_event":"","_tribe_ticket_going_count":"","_tribe_ticket_not_going_count":"","_tribe_tickets_list":"[]","_tribe_ticket_has_attendee_info_fields":false,"footnotes":"","_tec_slr_enabled":"","_tec_slr_layout":""},"tags":[458],"ecademys":[500],"class_list":["post-49579","page","type-page","status-publish","has-post-thumbnail","hentry","tag-a-propos-de-travel-south-usa","ecademys-travel-south-usa-fr"],"acf":[],"yoast_head":"<!-- This site is optimized with the Yoast SEO Premium plugin v27.4 (Yoast SEO v27.5) - https:\/\/yoast.com\/product\/yoast-seo-premium-wordpress\/ -->\n<title>\u00c0 propos de Travel South USA - TravEcademy<\/title>\n<meta name=\"robots\" content=\"index, follow, max-snippet:-1, max-image-preview:large, max-video-preview:-1\" \/>\n<link rel=\"canonical\" href=\"https:\/\/travecademy.be\/fr\/a-propos-de-travel-south-usa\/\" class=\"yoast-seo-meta-tag\" \/>\n<meta property=\"og:locale\" content=\"fr_FR\" class=\"yoast-seo-meta-tag\" \/>\n<meta property=\"og:type\" content=\"article\" class=\"yoast-seo-meta-tag\" \/>\n<meta property=\"og:title\" content=\"\u00c0 propos de Travel South USA\" class=\"yoast-seo-meta-tag\" \/>\n<meta property=\"og:description\" content=\"Travel South USA a \u00e9t\u00e9 fond\u00e9e en 1965, ce qui en fait la plus ancienne et la plus importante organisation de promotion du tourisme de\u2026\" class=\"yoast-seo-meta-tag\" \/>\n<meta property=\"og:url\" content=\"https:\/\/travecademy.be\/fr\/a-propos-de-travel-south-usa\/\" class=\"yoast-seo-meta-tag\" \/>\n<meta property=\"og:site_name\" content=\"TravEcademy\" class=\"yoast-seo-meta-tag\" \/>\n<meta property=\"article:modified_time\" content=\"2024-02-13T10:20:58+00:00\" class=\"yoast-seo-meta-tag\" \/>\n<meta property=\"og:image\" content=\"https:\/\/travecademy.be\/wp-content\/uploads\/2019\/01\/WestVirginia_BlackwaterFalls-BWFSP-sjs-14_Web72DPI.jpg\" class=\"yoast-seo-meta-tag\" \/>\n\t<meta property=\"og:image:width\" content=\"622\" class=\"yoast-seo-meta-tag\" \/>\n\t<meta property=\"og:image:height\" content=\"415\" class=\"yoast-seo-meta-tag\" \/>\n\t<meta property=\"og:image:type\" content=\"image\/jpeg\" class=\"yoast-seo-meta-tag\" \/>\n<meta name=\"twitter:card\" content=\"summary_large_image\" class=\"yoast-seo-meta-tag\" \/>\n<script type=\"application\/ld+json\" class=\"yoast-schema-graph\">{\"@context\":\"https:\\\/\\\/schema.org\",\"@graph\":[{\"@type\":\"WebPage\",\"@id\":\"https:\\\/\\\/travecademy.be\\\/fr\\\/a-propos-de-travel-south-usa\\\/\",\"url\":\"https:\\\/\\\/travecademy.be\\\/fr\\\/a-propos-de-travel-south-usa\\\/\",\"name\":\"\u00c0 propos de Travel South USA - TravEcademy\",\"isPartOf\":{\"@id\":\"https:\\\/\\\/travecademy.be\\\/fr\\\/#website\"},\"primaryImageOfPage\":{\"@id\":\"https:\\\/\\\/travecademy.be\\\/fr\\\/a-propos-de-travel-south-usa\\\/#primaryimage\"},\"image\":{\"@id\":\"https:\\\/\\\/travecademy.be\\\/fr\\\/a-propos-de-travel-south-usa\\\/#primaryimage\"},\"thumbnailUrl\":\"https:\\\/\\\/travecademy.be\\\/wp-content\\\/uploads\\\/2019\\\/01\\\/WestVirginia_BlackwaterFalls-BWFSP-sjs-14_Web72DPI.jpg\",\"datePublished\":\"2019-01-28T13:23:56+00:00\",\"dateModified\":\"2024-02-13T10:20:58+00:00\",\"breadcrumb\":{\"@id\":\"https:\\\/\\\/travecademy.be\\\/fr\\\/a-propos-de-travel-south-usa\\\/#breadcrumb\"},\"inLanguage\":\"fr-FR\",\"potentialAction\":[{\"@type\":\"ReadAction\",\"target\":[\"https:\\\/\\\/travecademy.be\\\/fr\\\/a-propos-de-travel-south-usa\\\/\"]}]},{\"@type\":\"ImageObject\",\"inLanguage\":\"fr-FR\",\"@id\":\"https:\\\/\\\/travecademy.be\\\/fr\\\/a-propos-de-travel-south-usa\\\/#primaryimage\",\"url\":\"https:\\\/\\\/travecademy.be\\\/wp-content\\\/uploads\\\/2019\\\/01\\\/WestVirginia_BlackwaterFalls-BWFSP-sjs-14_Web72DPI.jpg\",\"contentUrl\":\"https:\\\/\\\/travecademy.be\\\/wp-content\\\/uploads\\\/2019\\\/01\\\/WestVirginia_BlackwaterFalls-BWFSP-sjs-14_Web72DPI.jpg\",\"width\":622,\"height\":415},{\"@type\":\"BreadcrumbList\",\"@id\":\"https:\\\/\\\/travecademy.be\\\/fr\\\/a-propos-de-travel-south-usa\\\/#breadcrumb\",\"itemListElement\":[{\"@type\":\"ListItem\",\"position\":1,\"name\":\"Home\",\"item\":\"https:\\\/\\\/travecademy.be\\\/fr\\\/\"},{\"@type\":\"ListItem\",\"position\":2,\"name\":\"\u00c0 propos de Travel South USA\"}]},{\"@type\":\"WebSite\",\"@id\":\"https:\\\/\\\/travecademy.be\\\/fr\\\/#website\",\"url\":\"https:\\\/\\\/travecademy.be\\\/fr\\\/\",\"name\":\"TravEcademy\",\"description\":\"Het meest succesvolle en gratis e-learning platform voor reisprofessionals\",\"publisher\":{\"@id\":\"https:\\\/\\\/travecademy.be\\\/fr\\\/#organization\"},\"potentialAction\":[{\"@type\":\"SearchAction\",\"target\":{\"@type\":\"EntryPoint\",\"urlTemplate\":\"https:\\\/\\\/travecademy.be\\\/fr\\\/?s={search_term_string}\"},\"query-input\":{\"@type\":\"PropertyValueSpecification\",\"valueRequired\":true,\"valueName\":\"search_term_string\"}}],\"inLanguage\":\"fr-FR\"},{\"@type\":\"Organization\",\"@id\":\"https:\\\/\\\/travecademy.be\\\/fr\\\/#organization\",\"name\":\"TravEcademy\",\"url\":\"https:\\\/\\\/travecademy.be\\\/fr\\\/\",\"logo\":{\"@type\":\"ImageObject\",\"inLanguage\":\"fr-FR\",\"@id\":\"https:\\\/\\\/travecademy.be\\\/fr\\\/#\\\/schema\\\/logo\\\/image\\\/\",\"url\":\"https:\\\/\\\/travecademy.be\\\/wp-content\\\/uploads\\\/2024\\\/04\\\/Travecademy.png\",\"contentUrl\":\"https:\\\/\\\/travecademy.be\\\/wp-content\\\/uploads\\\/2024\\\/04\\\/Travecademy.png\",\"width\":1263,\"height\":313,\"caption\":\"TravEcademy\"},\"image\":{\"@id\":\"https:\\\/\\\/travecademy.be\\\/fr\\\/#\\\/schema\\\/logo\\\/image\\\/\"}}]}<\/script>\n<!-- \/ Yoast SEO Premium plugin. -->","yoast_head_json":{"title":"\u00c0 propos de Travel South USA - TravEcademy","robots":{"index":"index","follow":"follow","max-snippet":"max-snippet:-1","max-image-preview":"max-image-preview:large","max-video-preview":"max-video-preview:-1"},"canonical":"https:\/\/travecademy.be\/fr\/a-propos-de-travel-south-usa\/","og_locale":"fr_FR","og_type":"article","og_title":"\u00c0 propos de Travel South USA","og_description":"Travel South USA a \u00e9t\u00e9 fond\u00e9e en 1965, ce qui en fait la plus ancienne et la plus importante organisation de promotion du tourisme de\u2026","og_url":"https:\/\/travecademy.be\/fr\/a-propos-de-travel-south-usa\/","og_site_name":"TravEcademy","article_modified_time":"2024-02-13T10:20:58+00:00","og_image":[{"width":622,"height":415,"url":"https:\/\/travecademy.be\/wp-content\/uploads\/2019\/01\/WestVirginia_BlackwaterFalls-BWFSP-sjs-14_Web72DPI.jpg","type":"image\/jpeg"}],"twitter_card":"summary_large_image","schema":{"@context":"https:\/\/schema.org","@graph":[{"@type":"WebPage","@id":"https:\/\/travecademy.be\/fr\/a-propos-de-travel-south-usa\/","url":"https:\/\/travecademy.be\/fr\/a-propos-de-travel-south-usa\/","name":"\u00c0 propos de Travel South USA - TravEcademy","isPartOf":{"@id":"https:\/\/travecademy.be\/fr\/#website"},"primaryImageOfPage":{"@id":"https:\/\/travecademy.be\/fr\/a-propos-de-travel-south-usa\/#primaryimage"},"image":{"@id":"https:\/\/travecademy.be\/fr\/a-propos-de-travel-south-usa\/#primaryimage"},"thumbnailUrl":"https:\/\/travecademy.be\/wp-content\/uploads\/2019\/01\/WestVirginia_BlackwaterFalls-BWFSP-sjs-14_Web72DPI.jpg","datePublished":"2019-01-28T13:23:56+00:00","dateModified":"2024-02-13T10:20:58+00:00","breadcrumb":{"@id":"https:\/\/travecademy.be\/fr\/a-propos-de-travel-south-usa\/#breadcrumb"},"inLanguage":"fr-FR","potentialAction":[{"@type":"ReadAction","target":["https:\/\/travecademy.be\/fr\/a-propos-de-travel-south-usa\/"]}]},{"@type":"ImageObject","inLanguage":"fr-FR","@id":"https:\/\/travecademy.be\/fr\/a-propos-de-travel-south-usa\/#primaryimage","url":"https:\/\/travecademy.be\/wp-content\/uploads\/2019\/01\/WestVirginia_BlackwaterFalls-BWFSP-sjs-14_Web72DPI.jpg","contentUrl":"https:\/\/travecademy.be\/wp-content\/uploads\/2019\/01\/WestVirginia_BlackwaterFalls-BWFSP-sjs-14_Web72DPI.jpg","width":622,"height":415},{"@type":"BreadcrumbList","@id":"https:\/\/travecademy.be\/fr\/a-propos-de-travel-south-usa\/#breadcrumb","itemListElement":[{"@type":"ListItem","position":1,"name":"Home","item":"https:\/\/travecademy.be\/fr\/"},{"@type":"ListItem","position":2,"name":"\u00c0 propos de Travel South USA"}]},{"@type":"WebSite","@id":"https:\/\/travecademy.be\/fr\/#website","url":"https:\/\/travecademy.be\/fr\/","name":"TravEcademy","description":"Het meest succesvolle en gratis e-learning platform voor reisprofessionals","publisher":{"@id":"https:\/\/travecademy.be\/fr\/#organization"},"potentialAction":[{"@type":"SearchAction","target":{"@type":"EntryPoint","urlTemplate":"https:\/\/travecademy.be\/fr\/?s={search_term_string}"},"query-input":{"@type":"PropertyValueSpecification","valueRequired":true,"valueName":"search_term_string"}}],"inLanguage":"fr-FR"},{"@type":"Organization","@id":"https:\/\/travecademy.be\/fr\/#organization","name":"TravEcademy","url":"https:\/\/travecademy.be\/fr\/","logo":{"@type":"ImageObject","inLanguage":"fr-FR","@id":"https:\/\/travecademy.be\/fr\/#\/schema\/logo\/image\/","url":"https:\/\/travecademy.be\/wp-content\/uploads\/2024\/04\/Travecademy.png","contentUrl":"https:\/\/travecademy.be\/wp-content\/uploads\/2024\/04\/Travecademy.png","width":1263,"height":313,"caption":"TravEcademy"},"image":{"@id":"https:\/\/travecademy.be\/fr\/#\/schema\/logo\/image\/"}}]}},"publishpress_future_action":{"enabled":false,"date":"2026-05-06 16:41:57","action":"change-status","newStatus":"draft","terms":[],"taxonomy":"ecademys","extraData":[]},"publishpress_future_workflow_manual_trigger":{"enabledWorkflows":[]},"ticketed":false,"_links":{"self":[{"href":"https:\/\/travecademy.be\/fr\/wp-json\/wp\/v2\/pages\/49579","targetHints":{"allow":["GET"]}}],"collection":[{"href":"https:\/\/travecademy.be\/fr\/wp-json\/wp\/v2\/pages"}],"about":[{"href":"https:\/\/travecademy.be\/fr\/wp-json\/wp\/v2\/types\/page"}],"author":[{"embeddable":true,"href":"https:\/\/travecademy.be\/fr\/wp-json\/wp\/v2\/users\/1"}],"replies":[{"embeddable":true,"href":"https:\/\/travecademy.be\/fr\/wp-json\/wp\/v2\/comments?post=49579"}],"version-history":[{"count":1,"href":"https:\/\/travecademy.be\/fr\/wp-json\/wp\/v2\/pages\/49579\/revisions"}],"predecessor-version":[{"id":49587,"href":"https:\/\/travecademy.be\/fr\/wp-json\/wp\/v2\/pages\/49579\/revisions\/49587"}],"wp:featuredmedia":[{"embeddable":true,"href":"https:\/\/travecademy.be\/fr\/wp-json\/wp\/v2\/media\/35725"}],"wp:attachment":[{"href":"https:\/\/travecademy.be\/fr\/wp-json\/wp\/v2\/media?parent=49579"}],"wp:term":[{"taxonomy":"post_tag","embeddable":true,"href":"https:\/\/travecademy.be\/fr\/wp-json\/wp\/v2\/tags?post=49579"},{"taxonomy":"ecademys","embeddable":true,"href":"https:\/\/travecademy.be\/fr\/wp-json\/wp\/v2\/ecademys?post=49579"}],"curies":[{"name":"wp","href":"https:\/\/api.w.org\/{rel}","templated":true}]}}